{"id":9990,"date":"2021-01-14T05:09:14","date_gmt":"2021-01-14T05:09:17","guid":{"rendered":"https:\/\/masterchem.ee\/?post_type=product&#038;p=9990"},"modified":"2021-05-25T19:20:04","modified_gmt":"2021-05-25T19:20:04","slug":"natriumhydroksidi-48-kuvaus","status":"publish","type":"product","link":"https:\/\/masterchem.ee\/fi\/tooted-ja-teenused\/natriumhydroksidi-48-kuvaus\/","title":{"rendered":"Natriumhydroksidi, 48% Kuvaus (CAS 1310-73-2)"},"content":{"rendered":"<p><strong>K\u00e4ytt\u00f6 ja k\u00e4ytt\u00f6:<\/strong><br \/>\n\u25cf\tKaustista k\u00e4ytet\u00e4\u00e4n sellu- ja paperiteollisuudessa selluloosan delignifikaatioon (sulfaattiprosessi), paperin, pahvin, tekokuitujen, puukuitulevyjen valmistuksessa.<br \/>\n\u25cf\tRasvojen saippuoituminen saippuaa, shampoota ja muita puhdistusaineita valmistettaessa.<br \/>\n\u25cf\tKemianteollisuudessa &#8211; happojen ja happooksidien neutraloimiseksi reagenssina tai katalyyttin\u00e4 kemiallisissa reaktioissa, titrauksen kemiallisissa analyyseiss\u00e4, alumiinin sy\u00f6vytt\u00e4misess\u00e4 ja puhtaiden metallien tuotannossa, \u00f6ljynjalostuksessa &#8211; \u00f6ljyjen valmistuksessa.<br \/>\n\u25cf\tAineena viem\u00e4ritukosten liuottamiseen kuivien rakeiden muodossa tai geelein\u00e4 (yhdess\u00e4 kaliumhydroksidin kanssa). Natriumhydroksidi hajottaa tukoksen ja helpottaa siirtymist\u00e4 putkea pitkin.<br \/>\n\u25cf\tNatriumhydroksidia k\u00e4ytet\u00e4\u00e4n my\u00f6s autojen renkaiden muottien pesemiseen.<br \/>\n\u25cf\tTekstiiliteollisuudessa &#8211; puuvillan ja villan merserointiin. Lyhytaikaisella k\u00e4sittelyll\u00e4 kaustisella soodalla, jota seuraa pesu, kuitu saa voimaa ja silkkisen kiillon.<br \/>\n\u25cf\tKosmetologiassa keratinoituneiden ihoalueiden, syylien, papilloomien poistamiseen.<br \/>\n\u25cf\tValokuvaus &#8211; kiihdytt\u00e4j\u00e4n\u00e4 valokuvamateriaalien nopean k\u00e4sittelyn kehitt\u00e4jiss\u00e4<br \/>\n\u25cf\tKasvi\u00f6ljyist\u00e4 per\u00e4isin olevan biodieselin valmistamiseen, jota k\u00e4ytet\u00e4\u00e4n korvaamaan tavanomainen diesel<br \/>\n<strong>Pakkaus:<\/strong><br \/>\n0,5L metallipullo<br \/>\n5L muovikanisteri<br \/>\n10L muovis\u00e4ili\u00f6<br \/>\n20L metallikauha un<br \/>\n25L muovis\u00e4ili\u00f6<br \/>\n25 kg pussi (pellettej\u00e4)<br \/>\n200L tynnyri<br \/>\n640L IBC-s\u00e4ili\u00f6<br \/>\n1000L IBC-s\u00e4ili\u00f6<\/p>\n<p><strong>Fyysiset ominaisuudet:<\/strong><br \/>\nL\u00e4mp\u00f6ominaisuudet<br \/>\nL\u00e4mp\u00f6tila<br \/>\nSulamispiste: 323 \u00b0 C<br \/>\nKiehumispiste: 1403 \u00b0 C<br \/>\nINDEX: 011-002-00-6<br \/>\nCAS: 123-86-4<br \/>\nEY: 204-658-1<\/p>\n","protected":false},"excerpt":{"rendered":"<p><strong>Natriumhydroksidi &#8211; lipe\u00e4, natronlipe\u00e4<\/strong><br \/>\nEp\u00e4orgaaninen kemikaali, yleisin alkali, kemiallinen kaava NaOH. T\u00e4m\u00e4 reagenssi liukenee veteen muodostaen l\u00e4mp\u00f6\u00e4, ja reagoidessaan tiettyjen metallien kanssa se vapauttaa vety\u00e4. Se on eritt\u00e4in hygroskooppinen, &#8221;diffundoituu&#8221; ulkona. Vesiliuosten lis\u00e4ksi sit\u00e4 voidaan valmistaa rakeisessa ja hiutalemaisessa muodossa. Materiaali pystyy sy\u00f6vytt\u00e4m\u00e4\u00e4n lasia, paperia, nahkaa ja muita orgaanisia aineita. Se on vahva em\u00e4s ja sill\u00e4 on n\u00e4iden yhdisteiden kemialliset ominaisuudet.<br \/>\nNatriumhydroksidi on sy\u00f6vytt\u00e4v\u00e4 ja eritt\u00e4in myrkyllinen aine, jolla on voimakkaat em\u00e4ksiset ominaisuudet. Sen kanssa ty\u00f6skennelt\u00e4ess\u00e4 on oltava varovainen. Vakavia kemiallisia palovammoja muodostuu joutuessaan iholle, limakalvoille ja silmille.<\/p>\n","protected":false},"featured_media":8879,"template":"","meta":[],"product_brand":[],"product_cat":[180,294,323,122,152],"product_tag":[],"class_list":{"0":"post-9990","1":"product","2":"type-product","3":"status-publish","4":"has-post-thumbnail","6":"product_cat-uncategorized-fi-2","7":"product_cat-kosmetiikkateollisuus","8":"product_cat-lannoitteet","9":"product_cat-teollisuuskemikaalit","10":"product_cat-tipografiset-kemikaalit","11":"pif-has-gallery","13":"first","14":"instock","15":"taxable","16":"shipping-taxable","17":"purchasable","18":"product-type-variable","19":"has-default-attributes"},"yoast_head":"<!-- This site is optimized with the Yoast SEO plugin v26.2 - https:\/\/yoast.com\/wordpress\/plugins\/seo\/ -->\n<title>Natriumhydroksidi, 48% Kuvaus (CAS 1310-73-2) - Chemistry For Industry - Solvents &amp; Chemicals - Masterchem.ee<\/title>\n<meta name=\"description\" content=\"Ep\u00e4orgaaninen kemikaali, yleisin alkali, kemiallinen kaava NaOH. T\u00e4m\u00e4 reagenssi liukenee veteen muodostaen l\u00e4mp\u00f6\u00e4, ja reagoidessaan tiettyjen metallien kanssa se vapauttaa vety\u00e4. Se on eritt\u00e4in hygroskooppinen, &quot;diffundoituu&quot; ulkona. Vesiliuosten lis\u00e4ksi sit\u00e4 voidaan valmistaa rakeisessa ja hiutalemaisessa muodossa. Materiaali pystyy sy\u00f6vytt\u00e4m\u00e4\u00e4n lasia, paperia, nahkaa ja muita orgaanisia aineita. Se on vahva em\u00e4s ja sill\u00e4 on n\u00e4iden yhdisteiden kemialliset ominaisuudet. CAS: 1310-73-2\" \/>\n<meta name=\"robots\" content=\"index, follow, max-snippet:-1, max-image-preview:large, max-video-preview:-1\" \/>\n<link rel=\"canonical\" href=\"https:\/\/masterchem.ee\/fi\/tooted-ja-teenused\/natriumhydroksidi-48-kuvaus\/\" \/>\n<meta name=\"twitter:card\" content=\"summary_large_image\" \/>\n<meta name=\"twitter:title\" content=\"Natriumhydroksidi, 48% Kuvaus (CAS 1310-73-2) - Chemistry For Industry - Solvents &amp; Chemicals - Masterchem.ee\" \/>\n<meta name=\"twitter:description\" content=\"Ep\u00e4orgaaninen kemikaali, yleisin alkali, kemiallinen kaava NaOH. T\u00e4m\u00e4 reagenssi liukenee veteen muodostaen l\u00e4mp\u00f6\u00e4, ja reagoidessaan tiettyjen metallien kanssa se vapauttaa vety\u00e4. Se on eritt\u00e4in hygroskooppinen, &quot;diffundoituu&quot; ulkona. Vesiliuosten lis\u00e4ksi sit\u00e4 voidaan valmistaa rakeisessa ja hiutalemaisessa muodossa. Materiaali pystyy sy\u00f6vytt\u00e4m\u00e4\u00e4n lasia, paperia, nahkaa ja muita orgaanisia aineita. Se on vahva em\u00e4s ja sill\u00e4 on n\u00e4iden yhdisteiden kemialliset ominaisuudet. CAS: 1310-73-2\" \/>\n<meta name=\"twitter:image\" content=\"https:\/\/masterchem.ee\/wp-content\/uploads\/2020\/08\/Naatriumhudroksiid-50-vedel-1000l-MasterChem.jpg\" \/>\n<meta name=\"twitter:label1\" content=\"Arvioitu lukuaika\" \/>\n\t<meta name=\"twitter:data1\" content=\"1 minuutti\" \/>\n<script type=\"application\/ld+json\" class=\"yoast-schema-graph\">{\"@context\":\"https:\/\/schema.org\",\"@graph\":[{\"@type\":\"WebPage\",\"@id\":\"https:\/\/masterchem.ee\/fi\/tooted-ja-teenused\/natriumhydroksidi-48-kuvaus\/\",\"url\":\"https:\/\/masterchem.ee\/fi\/tooted-ja-teenused\/natriumhydroksidi-48-kuvaus\/\",\"name\":\"Natriumhydroksidi, 48% Kuvaus (CAS 1310-73-2) - Chemistry For Industry - Solvents &amp; Chemicals - Masterchem.ee\",\"isPartOf\":{\"@id\":\"https:\/\/masterchem.ee\/fi\/#website\"},\"primaryImageOfPage\":{\"@id\":\"https:\/\/masterchem.ee\/fi\/tooted-ja-teenused\/natriumhydroksidi-48-kuvaus\/#primaryimage\"},\"image\":{\"@id\":\"https:\/\/masterchem.ee\/fi\/tooted-ja-teenused\/natriumhydroksidi-48-kuvaus\/#primaryimage\"},\"thumbnailUrl\":\"https:\/\/masterchem.ee\/wp-content\/uploads\/2020\/08\/Naatriumhudroksiid-50-vedel-1000l-MasterChem.jpg\",\"datePublished\":\"2021-01-14T05:09:17+00:00\",\"dateModified\":\"2021-05-25T19:20:04+00:00\",\"description\":\"Ep\u00e4orgaaninen kemikaali, yleisin alkali, kemiallinen kaava NaOH. T\u00e4m\u00e4 reagenssi liukenee veteen muodostaen l\u00e4mp\u00f6\u00e4, ja reagoidessaan tiettyjen metallien kanssa se vapauttaa vety\u00e4. Se on eritt\u00e4in hygroskooppinen, \\\"diffundoituu\\\" ulkona. Vesiliuosten lis\u00e4ksi sit\u00e4 voidaan valmistaa rakeisessa ja hiutalemaisessa muodossa. Materiaali pystyy sy\u00f6vytt\u00e4m\u00e4\u00e4n lasia, paperia, nahkaa ja muita orgaanisia aineita. Se on vahva em\u00e4s ja sill\u00e4 on n\u00e4iden yhdisteiden kemialliset ominaisuudet. CAS: 1310-73-2\",\"breadcrumb\":{\"@id\":\"https:\/\/masterchem.ee\/fi\/tooted-ja-teenused\/natriumhydroksidi-48-kuvaus\/#breadcrumb\"},\"inLanguage\":\"fi\",\"potentialAction\":[{\"@type\":\"ReadAction\",\"target\":[\"https:\/\/masterchem.ee\/fi\/tooted-ja-teenused\/natriumhydroksidi-48-kuvaus\/\"]}]},{\"@type\":\"ImageObject\",\"inLanguage\":\"fi\",\"@id\":\"https:\/\/masterchem.ee\/fi\/tooted-ja-teenused\/natriumhydroksidi-48-kuvaus\/#primaryimage\",\"url\":\"https:\/\/masterchem.ee\/wp-content\/uploads\/2020\/08\/Naatriumhudroksiid-50-vedel-1000l-MasterChem.jpg\",\"contentUrl\":\"https:\/\/masterchem.ee\/wp-content\/uploads\/2020\/08\/Naatriumhudroksiid-50-vedel-1000l-MasterChem.jpg\",\"width\":1000,\"height\":1000,\"caption\":\"Natriumhydroksidi, 50% neste 1000l MasterChem\"},{\"@type\":\"BreadcrumbList\",\"@id\":\"https:\/\/masterchem.ee\/fi\/tooted-ja-teenused\/natriumhydroksidi-48-kuvaus\/#breadcrumb\",\"itemListElement\":[{\"@type\":\"ListItem\",\"position\":1,\"name\":\"Home\",\"item\":\"https:\/\/masterchem.ee\/fi\/\"},{\"@type\":\"ListItem\",\"position\":2,\"name\":\"Tooted ja teenused\",\"item\":\"https:\/\/masterchem.ee\/tooted-ja-teenused\/\"},{\"@type\":\"ListItem\",\"position\":3,\"name\":\"Natriumhydroksidi, 48% Kuvaus (CAS 1310-73-2)\"}]},{\"@type\":\"WebSite\",\"@id\":\"https:\/\/masterchem.ee\/fi\/#website\",\"url\":\"https:\/\/masterchem.ee\/fi\/\",\"name\":\"Masterchem.ee\",\"description\":\"Chemistry For Industry - Solvents &amp; Chemicals\",\"publisher\":{\"@id\":\"https:\/\/masterchem.ee\/fi\/#organization\"},\"potentialAction\":[{\"@type\":\"SearchAction\",\"target\":{\"@type\":\"EntryPoint\",\"urlTemplate\":\"https:\/\/masterchem.ee\/fi\/?s={search_term_string}\"},\"query-input\":{\"@type\":\"PropertyValueSpecification\",\"valueRequired\":true,\"valueName\":\"search_term_string\"}}],\"inLanguage\":\"fi\"},{\"@type\":\"Organization\",\"@id\":\"https:\/\/masterchem.ee\/fi\/#organization\",\"name\":\"Masterchem\",\"url\":\"https:\/\/masterchem.ee\/fi\/\",\"logo\":{\"@type\":\"ImageObject\",\"inLanguage\":\"fi\",\"@id\":\"https:\/\/masterchem.ee\/fi\/#\/schema\/logo\/image\/\",\"url\":\"https:\/\/masterchem.ee\/wp-content\/uploads\/2018\/02\/master-chem_final-1.png\",\"contentUrl\":\"https:\/\/masterchem.ee\/wp-content\/uploads\/2018\/02\/master-chem_final-1.png\",\"width\":850,\"height\":356,\"caption\":\"Masterchem\"},\"image\":{\"@id\":\"https:\/\/masterchem.ee\/fi\/#\/schema\/logo\/image\/\"}}]}<\/script>\n<!-- \/ Yoast SEO plugin. -->","yoast_head_json":{"title":"Natriumhydroksidi, 48% Kuvaus (CAS 1310-73-2) - Chemistry For Industry - Solvents &amp; Chemicals - Masterchem.ee","description":"Ep\u00e4orgaaninen kemikaali, yleisin alkali, kemiallinen kaava NaOH. T\u00e4m\u00e4 reagenssi liukenee veteen muodostaen l\u00e4mp\u00f6\u00e4, ja reagoidessaan tiettyjen metallien kanssa se vapauttaa vety\u00e4. Se on eritt\u00e4in hygroskooppinen, \"diffundoituu\" ulkona. Vesiliuosten lis\u00e4ksi sit\u00e4 voidaan valmistaa rakeisessa ja hiutalemaisessa muodossa. Materiaali pystyy sy\u00f6vytt\u00e4m\u00e4\u00e4n lasia, paperia, nahkaa ja muita orgaanisia aineita. Se on vahva em\u00e4s ja sill\u00e4 on n\u00e4iden yhdisteiden kemialliset ominaisuudet. CAS: 1310-73-2","robots":{"index":"index","follow":"follow","max-snippet":"max-snippet:-1","max-image-preview":"max-image-preview:large","max-video-preview":"max-video-preview:-1"},"canonical":"https:\/\/masterchem.ee\/fi\/tooted-ja-teenused\/natriumhydroksidi-48-kuvaus\/","twitter_card":"summary_large_image","twitter_title":"Natriumhydroksidi, 48% Kuvaus (CAS 1310-73-2) - Chemistry For Industry - Solvents &amp; Chemicals - Masterchem.ee","twitter_description":"Ep\u00e4orgaaninen kemikaali, yleisin alkali, kemiallinen kaava NaOH. T\u00e4m\u00e4 reagenssi liukenee veteen muodostaen l\u00e4mp\u00f6\u00e4, ja reagoidessaan tiettyjen metallien kanssa se vapauttaa vety\u00e4. Se on eritt\u00e4in hygroskooppinen, \"diffundoituu\" ulkona. Vesiliuosten lis\u00e4ksi sit\u00e4 voidaan valmistaa rakeisessa ja hiutalemaisessa muodossa. Materiaali pystyy sy\u00f6vytt\u00e4m\u00e4\u00e4n lasia, paperia, nahkaa ja muita orgaanisia aineita. Se on vahva em\u00e4s ja sill\u00e4 on n\u00e4iden yhdisteiden kemialliset ominaisuudet. CAS: 1310-73-2","twitter_image":"https:\/\/masterchem.ee\/wp-content\/uploads\/2020\/08\/Naatriumhudroksiid-50-vedel-1000l-MasterChem.jpg","twitter_misc":{"Arvioitu lukuaika":"1 minuutti"},"schema":{"@context":"https:\/\/schema.org","@graph":[{"@type":"WebPage","@id":"https:\/\/masterchem.ee\/fi\/tooted-ja-teenused\/natriumhydroksidi-48-kuvaus\/","url":"https:\/\/masterchem.ee\/fi\/tooted-ja-teenused\/natriumhydroksidi-48-kuvaus\/","name":"Natriumhydroksidi, 48% Kuvaus (CAS 1310-73-2) - Chemistry For Industry - Solvents &amp; Chemicals - Masterchem.ee","isPartOf":{"@id":"https:\/\/masterchem.ee\/fi\/#website"},"primaryImageOfPage":{"@id":"https:\/\/masterchem.ee\/fi\/tooted-ja-teenused\/natriumhydroksidi-48-kuvaus\/#primaryimage"},"image":{"@id":"https:\/\/masterchem.ee\/fi\/tooted-ja-teenused\/natriumhydroksidi-48-kuvaus\/#primaryimage"},"thumbnailUrl":"https:\/\/masterchem.ee\/wp-content\/uploads\/2020\/08\/Naatriumhudroksiid-50-vedel-1000l-MasterChem.jpg","datePublished":"2021-01-14T05:09:17+00:00","dateModified":"2021-05-25T19:20:04+00:00","description":"Ep\u00e4orgaaninen kemikaali, yleisin alkali, kemiallinen kaava NaOH. T\u00e4m\u00e4 reagenssi liukenee veteen muodostaen l\u00e4mp\u00f6\u00e4, ja reagoidessaan tiettyjen metallien kanssa se vapauttaa vety\u00e4. Se on eritt\u00e4in hygroskooppinen, \"diffundoituu\" ulkona. Vesiliuosten lis\u00e4ksi sit\u00e4 voidaan valmistaa rakeisessa ja hiutalemaisessa muodossa. Materiaali pystyy sy\u00f6vytt\u00e4m\u00e4\u00e4n lasia, paperia, nahkaa ja muita orgaanisia aineita. Se on vahva em\u00e4s ja sill\u00e4 on n\u00e4iden yhdisteiden kemialliset ominaisuudet. CAS: 1310-73-2","breadcrumb":{"@id":"https:\/\/masterchem.ee\/fi\/tooted-ja-teenused\/natriumhydroksidi-48-kuvaus\/#breadcrumb"},"inLanguage":"fi","potentialAction":[{"@type":"ReadAction","target":["https:\/\/masterchem.ee\/fi\/tooted-ja-teenused\/natriumhydroksidi-48-kuvaus\/"]}]},{"@type":"ImageObject","inLanguage":"fi","@id":"https:\/\/masterchem.ee\/fi\/tooted-ja-teenused\/natriumhydroksidi-48-kuvaus\/#primaryimage","url":"https:\/\/masterchem.ee\/wp-content\/uploads\/2020\/08\/Naatriumhudroksiid-50-vedel-1000l-MasterChem.jpg","contentUrl":"https:\/\/masterchem.ee\/wp-content\/uploads\/2020\/08\/Naatriumhudroksiid-50-vedel-1000l-MasterChem.jpg","width":1000,"height":1000,"caption":"Natriumhydroksidi, 50% neste 1000l MasterChem"},{"@type":"BreadcrumbList","@id":"https:\/\/masterchem.ee\/fi\/tooted-ja-teenused\/natriumhydroksidi-48-kuvaus\/#breadcrumb","itemListElement":[{"@type":"ListItem","position":1,"name":"Home","item":"https:\/\/masterchem.ee\/fi\/"},{"@type":"ListItem","position":2,"name":"Tooted ja teenused","item":"https:\/\/masterchem.ee\/tooted-ja-teenused\/"},{"@type":"ListItem","position":3,"name":"Natriumhydroksidi, 48% Kuvaus (CAS 1310-73-2)"}]},{"@type":"WebSite","@id":"https:\/\/masterchem.ee\/fi\/#website","url":"https:\/\/masterchem.ee\/fi\/","name":"Masterchem.ee","description":"Chemistry For Industry - Solvents &amp; Chemicals","publisher":{"@id":"https:\/\/masterchem.ee\/fi\/#organization"},"potentialAction":[{"@type":"SearchAction","target":{"@type":"EntryPoint","urlTemplate":"https:\/\/masterchem.ee\/fi\/?s={search_term_string}"},"query-input":{"@type":"PropertyValueSpecification","valueRequired":true,"valueName":"search_term_string"}}],"inLanguage":"fi"},{"@type":"Organization","@id":"https:\/\/masterchem.ee\/fi\/#organization","name":"Masterchem","url":"https:\/\/masterchem.ee\/fi\/","logo":{"@type":"ImageObject","inLanguage":"fi","@id":"https:\/\/masterchem.ee\/fi\/#\/schema\/logo\/image\/","url":"https:\/\/masterchem.ee\/wp-content\/uploads\/2018\/02\/master-chem_final-1.png","contentUrl":"https:\/\/masterchem.ee\/wp-content\/uploads\/2018\/02\/master-chem_final-1.png","width":850,"height":356,"caption":"Masterchem"},"image":{"@id":"https:\/\/masterchem.ee\/fi\/#\/schema\/logo\/image\/"}}]}},"_links":{"self":[{"href":"https:\/\/masterchem.ee\/fi\/wp-json\/wp\/v2\/product\/9990","targetHints":{"allow":["GET"]}}],"collection":[{"href":"https:\/\/masterchem.ee\/fi\/wp-json\/wp\/v2\/product"}],"about":[{"href":"https:\/\/masterchem.ee\/fi\/wp-json\/wp\/v2\/types\/product"}],"wp:featuredmedia":[{"embeddable":true,"href":"https:\/\/masterchem.ee\/fi\/wp-json\/wp\/v2\/media\/8879"}],"wp:attachment":[{"href":"https:\/\/masterchem.ee\/fi\/wp-json\/wp\/v2\/media?parent=9990"}],"wp:term":[{"taxonomy":"product_brand","embeddable":true,"href":"https:\/\/masterchem.ee\/fi\/wp-json\/wp\/v2\/product_brand?post=9990"},{"taxonomy":"product_cat","embeddable":true,"href":"https:\/\/masterchem.ee\/fi\/wp-json\/wp\/v2\/product_cat?post=9990"},{"taxonomy":"product_tag","embeddable":true,"href":"https:\/\/masterchem.ee\/fi\/wp-json\/wp\/v2\/product_tag?post=9990"}],"curies":[{"name":"wp","href":"https:\/\/api.w.org\/{rel}","templated":true}]}}