{"id":9923,"date":"2021-01-14T04:34:41","date_gmt":"2021-01-14T04:34:44","guid":{"rendered":"https:\/\/masterchem.ee\/?post_type=product&#038;p=9923"},"modified":"2021-01-14T04:44:04","modified_gmt":"2021-01-14T04:44:04","slug":"oksaalihappo-etaanidihappo","status":"publish","type":"product","link":"https:\/\/masterchem.ee\/fi\/tooted-ja-teenused\/oksaalihappo-etaanidihappo\/","title":{"rendered":"Oksaalihappo (etaanidihappo)"},"content":{"rendered":"<p> <strong> Varotoimet <\/strong> <br \/>\nOksaalihappo kuuluu syttyviin, eritt\u00e4in myrkyllisiin ja myrkyllisiin kemiallisiin reagensseihin, joten sen kanssa voivat ty\u00f6skennell\u00e4 vain ne laboratorion ty\u00f6ntekij\u00e4t, joille on annettu erityiset ohjeet turvatoimien noudattamisesta: <\/p>\n<p> &#8211; ty\u00f6skentele laboratorion erikoislasissa. Jos laboratorion lasitavarat on valmistettu toisesta materiaalista, happo voi reagoida sen kanssa; &#8211; oksaalihapon p\u00e4\u00e4syn est\u00e4miseksi ihoon, hengitysteihin, limakalvoihin on teht\u00e4v\u00e4 kaikki tutkimukset: kumituotteissa (saappaat, kumiset esiliinat, tutkimushansikkaat, nitriilik\u00e4sineet), suojavarusteissa (kaasunaamari tai hengityssuojain) , suojalasit), haalarit; <\/p>\n<p> &#8211; oksaalihappoa k\u00e4ytett\u00e4ess\u00e4 on kielletty\u00e4 sy\u00f6d\u00e4, juoda, tupakoida; &#8211; ty\u00f6n p\u00e4\u00e4tytty\u00e4 on tarpeen pest\u00e4 kasvosi ja k\u00e4tesi perusteellisesti l\u00e4mpim\u00e4ll\u00e4 vedell\u00e4 ja saippualla tai neutraloivalla aineella (ruokasoodaliuos); &#8211; oksaalihapon kuljetus ja varastointi yhdess\u00e4 ruoan kanssa on kielletty; &#8211; noudata paloturvallisuustoimenpiteit\u00e4, jos l\u00e4mmityslaitteita on tarpeen k\u00e4ytt\u00e4\u00e4. <br \/>\n <strong> Pakkaus <\/strong> <br \/>\nLaukku 25 kg <\/p>\n","protected":false},"excerpt":{"rendered":"<p>Oksaalihappo (etaanidioiinihappo) on kaksiem\u00e4ksinen tyydyttynyt karboksyylihappo, joka on kemiallinen aine v\u00e4ritt\u00f6min\u00e4 kitein\u00e4, liukenee veteen, ep\u00e4t\u00e4ydellisesti dietyyliin ja etyylialkoholiin, liukenematon bentseeniin, kloroformiin, petrolieetteriin. <br \/>\n<strong> Hakemus <\/strong> <br \/>\nOksaalihappoa ja oksalaatteja k\u00e4ytet\u00e4\u00e4n tekstiili- ja nahateollisuudessa. <br \/>\nmetallurginen (metallien puhdistamiseksi kalkilta, korroosiolta, ruosteelta, oksideilta); <br \/>\nkemikaali (v\u00e4riaineiden, muovien, musteen, pyrotekniikan valmistuksessa); <br \/>\n tekstiili (peitteen\u00e4 villaa ja silkki\u00e4 v\u00e4rj\u00e4tess\u00e4); <br \/>\n mikroskopia (osien valkaisuun); <br \/>\nmaatalous (hy\u00f6nteismyrkkyn\u00e4); <\/p>\n<p> farmakologia; <br \/>\npuunjalostus; <br \/>\nkosmetologia (osana valkaisuvoiteita, naamioita ja seerumeja); <br \/>\nanalyyttinen kemia (harvinaisten maametallien saostumiseen); <br \/>\nkotitalouskemikaalit (pesuaineiden valkaisu- ja desinfiointiaineena). <br \/>\nLis\u00e4ksi ainetta k\u00e4ytet\u00e4\u00e4n elintarvikelis\u00e4aineiden ja biologisesti aktiivisten kompleksien luomiseen (s\u00e4il\u00f6nt\u00e4aineena) <\/p>\n","protected":false},"featured_media":8779,"template":"","meta":[],"product_brand":[],"product_cat":[180,117,120,153,122],"product_tag":[],"class_list":{"0":"post-9923","1":"product","2":"type-product","3":"status-publish","4":"has-post-thumbnail","6":"product_cat-uncategorized-fi-2","7":"product_cat-kotitalouskemikaalit","8":"product_cat-laaketeollisuus","9":"product_cat-puunjalostuskemikaalit","10":"product_cat-teollisuuskemikaalit","12":"first","13":"instock","14":"taxable","15":"shipping-taxable","16":"purchasable","17":"product-type-variable","18":"has-default-attributes"},"yoast_head":"<!-- This site is optimized with the Yoast SEO plugin v26.2 - https:\/\/yoast.com\/wordpress\/plugins\/seo\/ -->\n<title>Oksaalihappo (etaanidihappo) - Chemistry For Industry - Solvents &amp; Chemicals - Masterchem.ee<\/title>\n<meta name=\"description\" content=\"Oksaalihappo (etaanidioiinihappo) on kaksiem\u00e4ksinen tyydyttynyt karboksyylihappo, joka on kemiallinen aine v\u00e4ritt\u00f6min\u00e4 kitein\u00e4, liukenee veteen, ep\u00e4t\u00e4ydellisesti dietyyliin ja etyylialkoholiin, liukenematon bentseeniin, kloroformiin, petrolieetteriin.\" \/>\n<meta name=\"robots\" content=\"index, follow, max-snippet:-1, max-image-preview:large, max-video-preview:-1\" \/>\n<link rel=\"canonical\" href=\"https:\/\/masterchem.ee\/fi\/tooted-ja-teenused\/oksaalihappo-etaanidihappo\/\" \/>\n<meta name=\"twitter:card\" content=\"summary_large_image\" \/>\n<meta name=\"twitter:title\" content=\"Oksaalihappo (etaanidihappo) - Chemistry For Industry - Solvents &amp; Chemicals - Masterchem.ee\" \/>\n<meta name=\"twitter:description\" content=\"Oksaalihappo (etaanidioiinihappo) on kaksiem\u00e4ksinen tyydyttynyt karboksyylihappo, joka on kemiallinen aine v\u00e4ritt\u00f6min\u00e4 kitein\u00e4, liukenee veteen, ep\u00e4t\u00e4ydellisesti dietyyliin ja etyylialkoholiin, liukenematon bentseeniin, kloroformiin, petrolieetteriin.\" \/>\n<meta name=\"twitter:image\" content=\"https:\/\/masterchem.ee\/wp-content\/uploads\/2020\/08\/Naatriumhudroksiid-graanulid-25kg-MasterChem.png\" \/>\n<meta name=\"twitter:label1\" content=\"Arvioitu lukuaika\" \/>\n\t<meta name=\"twitter:data1\" content=\"1 minuutti\" \/>\n<script type=\"application\/ld+json\" class=\"yoast-schema-graph\">{\"@context\":\"https:\/\/schema.org\",\"@graph\":[{\"@type\":\"WebPage\",\"@id\":\"https:\/\/masterchem.ee\/fi\/tooted-ja-teenused\/oksaalihappo-etaanidihappo\/\",\"url\":\"https:\/\/masterchem.ee\/fi\/tooted-ja-teenused\/oksaalihappo-etaanidihappo\/\",\"name\":\"Oksaalihappo (etaanidihappo) - Chemistry For Industry - Solvents &amp; Chemicals - Masterchem.ee\",\"isPartOf\":{\"@id\":\"https:\/\/masterchem.ee\/fi\/#website\"},\"primaryImageOfPage\":{\"@id\":\"https:\/\/masterchem.ee\/fi\/tooted-ja-teenused\/oksaalihappo-etaanidihappo\/#primaryimage\"},\"image\":{\"@id\":\"https:\/\/masterchem.ee\/fi\/tooted-ja-teenused\/oksaalihappo-etaanidihappo\/#primaryimage\"},\"thumbnailUrl\":\"https:\/\/masterchem.ee\/wp-content\/uploads\/2020\/08\/Naatriumhudroksiid-graanulid-25kg-MasterChem.png\",\"datePublished\":\"2021-01-14T04:34:44+00:00\",\"dateModified\":\"2021-01-14T04:44:04+00:00\",\"description\":\"Oksaalihappo (etaanidioiinihappo) on kaksiem\u00e4ksinen tyydyttynyt karboksyylihappo, joka on kemiallinen aine v\u00e4ritt\u00f6min\u00e4 kitein\u00e4, liukenee veteen, ep\u00e4t\u00e4ydellisesti dietyyliin ja etyylialkoholiin, liukenematon bentseeniin, kloroformiin, petrolieetteriin.\",\"breadcrumb\":{\"@id\":\"https:\/\/masterchem.ee\/fi\/tooted-ja-teenused\/oksaalihappo-etaanidihappo\/#breadcrumb\"},\"inLanguage\":\"fi\",\"potentialAction\":[{\"@type\":\"ReadAction\",\"target\":[\"https:\/\/masterchem.ee\/fi\/tooted-ja-teenused\/oksaalihappo-etaanidihappo\/\"]}]},{\"@type\":\"ImageObject\",\"inLanguage\":\"fi\",\"@id\":\"https:\/\/masterchem.ee\/fi\/tooted-ja-teenused\/oksaalihappo-etaanidihappo\/#primaryimage\",\"url\":\"https:\/\/masterchem.ee\/wp-content\/uploads\/2020\/08\/Naatriumhudroksiid-graanulid-25kg-MasterChem.png\",\"contentUrl\":\"https:\/\/masterchem.ee\/wp-content\/uploads\/2020\/08\/Naatriumhudroksiid-graanulid-25kg-MasterChem.png\",\"width\":1000,\"height\":1000,\"caption\":\"Oksaalihappo (etaanidihappo) 25kg MasterChem\"},{\"@type\":\"BreadcrumbList\",\"@id\":\"https:\/\/masterchem.ee\/fi\/tooted-ja-teenused\/oksaalihappo-etaanidihappo\/#breadcrumb\",\"itemListElement\":[{\"@type\":\"ListItem\",\"position\":1,\"name\":\"Home\",\"item\":\"https:\/\/masterchem.ee\/fi\/\"},{\"@type\":\"ListItem\",\"position\":2,\"name\":\"Tooted ja teenused\",\"item\":\"https:\/\/masterchem.ee\/tooted-ja-teenused\/\"},{\"@type\":\"ListItem\",\"position\":3,\"name\":\"Oksaalihappo (etaanidihappo)\"}]},{\"@type\":\"WebSite\",\"@id\":\"https:\/\/masterchem.ee\/fi\/#website\",\"url\":\"https:\/\/masterchem.ee\/fi\/\",\"name\":\"Masterchem.ee\",\"description\":\"Chemistry For Industry - Solvents &amp; Chemicals\",\"publisher\":{\"@id\":\"https:\/\/masterchem.ee\/fi\/#organization\"},\"potentialAction\":[{\"@type\":\"SearchAction\",\"target\":{\"@type\":\"EntryPoint\",\"urlTemplate\":\"https:\/\/masterchem.ee\/fi\/?s={search_term_string}\"},\"query-input\":{\"@type\":\"PropertyValueSpecification\",\"valueRequired\":true,\"valueName\":\"search_term_string\"}}],\"inLanguage\":\"fi\"},{\"@type\":\"Organization\",\"@id\":\"https:\/\/masterchem.ee\/fi\/#organization\",\"name\":\"Masterchem\",\"url\":\"https:\/\/masterchem.ee\/fi\/\",\"logo\":{\"@type\":\"ImageObject\",\"inLanguage\":\"fi\",\"@id\":\"https:\/\/masterchem.ee\/fi\/#\/schema\/logo\/image\/\",\"url\":\"https:\/\/masterchem.ee\/wp-content\/uploads\/2018\/02\/master-chem_final-1.png\",\"contentUrl\":\"https:\/\/masterchem.ee\/wp-content\/uploads\/2018\/02\/master-chem_final-1.png\",\"width\":850,\"height\":356,\"caption\":\"Masterchem\"},\"image\":{\"@id\":\"https:\/\/masterchem.ee\/fi\/#\/schema\/logo\/image\/\"}}]}<\/script>\n<!-- \/ Yoast SEO plugin. -->","yoast_head_json":{"title":"Oksaalihappo (etaanidihappo) - Chemistry For Industry - Solvents &amp; Chemicals - Masterchem.ee","description":"Oksaalihappo (etaanidioiinihappo) on kaksiem\u00e4ksinen tyydyttynyt karboksyylihappo, joka on kemiallinen aine v\u00e4ritt\u00f6min\u00e4 kitein\u00e4, liukenee veteen, ep\u00e4t\u00e4ydellisesti dietyyliin ja etyylialkoholiin, liukenematon bentseeniin, kloroformiin, petrolieetteriin.","robots":{"index":"index","follow":"follow","max-snippet":"max-snippet:-1","max-image-preview":"max-image-preview:large","max-video-preview":"max-video-preview:-1"},"canonical":"https:\/\/masterchem.ee\/fi\/tooted-ja-teenused\/oksaalihappo-etaanidihappo\/","twitter_card":"summary_large_image","twitter_title":"Oksaalihappo (etaanidihappo) - Chemistry For Industry - Solvents &amp; Chemicals - Masterchem.ee","twitter_description":"Oksaalihappo (etaanidioiinihappo) on kaksiem\u00e4ksinen tyydyttynyt karboksyylihappo, joka on kemiallinen aine v\u00e4ritt\u00f6min\u00e4 kitein\u00e4, liukenee veteen, ep\u00e4t\u00e4ydellisesti dietyyliin ja etyylialkoholiin, liukenematon bentseeniin, kloroformiin, petrolieetteriin.","twitter_image":"https:\/\/masterchem.ee\/wp-content\/uploads\/2020\/08\/Naatriumhudroksiid-graanulid-25kg-MasterChem.png","twitter_misc":{"Arvioitu lukuaika":"1 minuutti"},"schema":{"@context":"https:\/\/schema.org","@graph":[{"@type":"WebPage","@id":"https:\/\/masterchem.ee\/fi\/tooted-ja-teenused\/oksaalihappo-etaanidihappo\/","url":"https:\/\/masterchem.ee\/fi\/tooted-ja-teenused\/oksaalihappo-etaanidihappo\/","name":"Oksaalihappo (etaanidihappo) - Chemistry For Industry - Solvents &amp; Chemicals - Masterchem.ee","isPartOf":{"@id":"https:\/\/masterchem.ee\/fi\/#website"},"primaryImageOfPage":{"@id":"https:\/\/masterchem.ee\/fi\/tooted-ja-teenused\/oksaalihappo-etaanidihappo\/#primaryimage"},"image":{"@id":"https:\/\/masterchem.ee\/fi\/tooted-ja-teenused\/oksaalihappo-etaanidihappo\/#primaryimage"},"thumbnailUrl":"https:\/\/masterchem.ee\/wp-content\/uploads\/2020\/08\/Naatriumhudroksiid-graanulid-25kg-MasterChem.png","datePublished":"2021-01-14T04:34:44+00:00","dateModified":"2021-01-14T04:44:04+00:00","description":"Oksaalihappo (etaanidioiinihappo) on kaksiem\u00e4ksinen tyydyttynyt karboksyylihappo, joka on kemiallinen aine v\u00e4ritt\u00f6min\u00e4 kitein\u00e4, liukenee veteen, ep\u00e4t\u00e4ydellisesti dietyyliin ja etyylialkoholiin, liukenematon bentseeniin, kloroformiin, petrolieetteriin.","breadcrumb":{"@id":"https:\/\/masterchem.ee\/fi\/tooted-ja-teenused\/oksaalihappo-etaanidihappo\/#breadcrumb"},"inLanguage":"fi","potentialAction":[{"@type":"ReadAction","target":["https:\/\/masterchem.ee\/fi\/tooted-ja-teenused\/oksaalihappo-etaanidihappo\/"]}]},{"@type":"ImageObject","inLanguage":"fi","@id":"https:\/\/masterchem.ee\/fi\/tooted-ja-teenused\/oksaalihappo-etaanidihappo\/#primaryimage","url":"https:\/\/masterchem.ee\/wp-content\/uploads\/2020\/08\/Naatriumhudroksiid-graanulid-25kg-MasterChem.png","contentUrl":"https:\/\/masterchem.ee\/wp-content\/uploads\/2020\/08\/Naatriumhudroksiid-graanulid-25kg-MasterChem.png","width":1000,"height":1000,"caption":"Oksaalihappo (etaanidihappo) 25kg MasterChem"},{"@type":"BreadcrumbList","@id":"https:\/\/masterchem.ee\/fi\/tooted-ja-teenused\/oksaalihappo-etaanidihappo\/#breadcrumb","itemListElement":[{"@type":"ListItem","position":1,"name":"Home","item":"https:\/\/masterchem.ee\/fi\/"},{"@type":"ListItem","position":2,"name":"Tooted ja teenused","item":"https:\/\/masterchem.ee\/tooted-ja-teenused\/"},{"@type":"ListItem","position":3,"name":"Oksaalihappo (etaanidihappo)"}]},{"@type":"WebSite","@id":"https:\/\/masterchem.ee\/fi\/#website","url":"https:\/\/masterchem.ee\/fi\/","name":"Masterchem.ee","description":"Chemistry For Industry - Solvents &amp; Chemicals","publisher":{"@id":"https:\/\/masterchem.ee\/fi\/#organization"},"potentialAction":[{"@type":"SearchAction","target":{"@type":"EntryPoint","urlTemplate":"https:\/\/masterchem.ee\/fi\/?s={search_term_string}"},"query-input":{"@type":"PropertyValueSpecification","valueRequired":true,"valueName":"search_term_string"}}],"inLanguage":"fi"},{"@type":"Organization","@id":"https:\/\/masterchem.ee\/fi\/#organization","name":"Masterchem","url":"https:\/\/masterchem.ee\/fi\/","logo":{"@type":"ImageObject","inLanguage":"fi","@id":"https:\/\/masterchem.ee\/fi\/#\/schema\/logo\/image\/","url":"https:\/\/masterchem.ee\/wp-content\/uploads\/2018\/02\/master-chem_final-1.png","contentUrl":"https:\/\/masterchem.ee\/wp-content\/uploads\/2018\/02\/master-chem_final-1.png","width":850,"height":356,"caption":"Masterchem"},"image":{"@id":"https:\/\/masterchem.ee\/fi\/#\/schema\/logo\/image\/"}}]}},"_links":{"self":[{"href":"https:\/\/masterchem.ee\/fi\/wp-json\/wp\/v2\/product\/9923","targetHints":{"allow":["GET"]}}],"collection":[{"href":"https:\/\/masterchem.ee\/fi\/wp-json\/wp\/v2\/product"}],"about":[{"href":"https:\/\/masterchem.ee\/fi\/wp-json\/wp\/v2\/types\/product"}],"wp:featuredmedia":[{"embeddable":true,"href":"https:\/\/masterchem.ee\/fi\/wp-json\/wp\/v2\/media\/8779"}],"wp:attachment":[{"href":"https:\/\/masterchem.ee\/fi\/wp-json\/wp\/v2\/media?parent=9923"}],"wp:term":[{"taxonomy":"product_brand","embeddable":true,"href":"https:\/\/masterchem.ee\/fi\/wp-json\/wp\/v2\/product_brand?post=9923"},{"taxonomy":"product_cat","embeddable":true,"href":"https:\/\/masterchem.ee\/fi\/wp-json\/wp\/v2\/product_cat?post=9923"},{"taxonomy":"product_tag","embeddable":true,"href":"https:\/\/masterchem.ee\/fi\/wp-json\/wp\/v2\/product_tag?post=9923"}],"curies":[{"name":"wp","href":"https:\/\/api.w.org\/{rel}","templated":true}]}}