{"id":9882,"date":"2018-10-05T08:37:48","date_gmt":"2018-10-05T08:37:48","guid":{"rendered":"https:\/\/masterchem.ee\/product\/perkloorietyleeni\/"},"modified":"2021-05-25T21:07:23","modified_gmt":"2021-05-25T21:07:23","slug":"perkloorietyleeni","status":"publish","type":"product","link":"https:\/\/masterchem.ee\/fi\/tooted-ja-teenused\/perkloorietyleeni\/","title":{"rendered":"Perkloorietyleeni (CAS 127-18-4)"},"content":{"rendered":"<p><strong>K\u00e4ytt\u00f6 ja k\u00e4ytt\u00f6:<\/strong><br \/>\n\u25cf\tLiuotin kuivapesussa vaatteiden kuivapesuun<br \/>\n\u25cf\tMetallien, erityisesti alumiinin, rasvanpoisto.<br \/>\n\u25cf\tSit\u00e4 k\u00e4ytet\u00e4\u00e4n tekstiiliteollisuudessa ja freonin tuotannossa.<br \/>\n\u25cf\tElektroniikassa fotopolymeerikorttien puhdistamiseen.<br \/>\n\u25cf\tUniversaalina monitoimisena liuottimena.<br \/>\n\u25cf\tPuunjalostusteollisuudessa<\/p>\n<p><strong>Pakkaus:<\/strong><br \/>\n0,5L metallipullo<br \/>\n5L muovikanisteri<br \/>\n10L muovis\u00e4ili\u00f6<br \/>\n20L metallikauha un<br \/>\n25L muovis\u00e4ili\u00f6<br \/>\n25 kg pussi (pellettej\u00e4)<br \/>\n200L tynnyri<br \/>\n640L IBC-s\u00e4ili\u00f6<br \/>\n1000L IBC-s\u00e4ili\u00f6<\/p>\n<p><strong>Varastointi:<\/strong><br \/>\nFyysiset ominaisuudet:<br \/>\nL\u00e4mp\u00f6ominaisuudet<br \/>\nL\u00e4mp\u00f6tila<br \/>\nSulamispiste: -22,4 \u00b0 C<br \/>\nKiehumispiste: 121 \u00b0 C<br \/>\nSalama: 45\u00b0 C<br \/>\nINDEX:<br \/>\nCAS: 127-18-4<br \/>\nEC: 204-825-9<\/p>\n","protected":false},"excerpt":{"rendered":"<p><strong>Tetrakloorieteeni, tetrakloorietyleeni, 1,1,2,2-tetrakloorieteeni<\/strong><br \/>\n<strong>Kuvaus:<\/strong><br \/>\nPerkloorietyleeni on v\u00e4rit\u00f6n neste, jolla on pist\u00e4v\u00e4 haju, klooriorganliuotin. Ei pala, ei yll\u00e4 palamista, ei r\u00e4j\u00e4ht\u00e4\u00e4. L\u00e4hes liukenematon veteen; helposti sekoittuva orgaanisten liuottimien, esimerkiksi etyyli- ja metyylialkoholin, etikkahapon, propanolin, butanolin, etyleeniglykolin jne. kanssa. Sit\u00e4 k\u00e4ytet\u00e4\u00e4n laajalti metallien kuivapesussa ja rasvanpoistossa. Tetrakloorietyleeni on vakain yhdiste kaikista etaanin ja eteenin kloorijohdannaisista. Se on \u00f6ljyjen, rasvojen, vahojen ja vastaavien aineiden liuotin. Se kest\u00e4\u00e4 hydrolyysi\u00e4 ja on v\u00e4hemm\u00e4n sy\u00f6vytt\u00e4v\u00e4\u00e4 kuin muut klooratut liuottimet.<\/p>\n","protected":false},"featured_media":7065,"template":"","meta":[],"product_brand":[],"product_cat":[180,115,117,118,114,152],"product_tag":[],"class_list":{"0":"post-9882","1":"product","2":"type-product","3":"status-publish","4":"has-post-thumbnail","6":"product_cat-uncategorized-fi-2","7":"product_cat-auton-ja-koneiden-kemikaalit","8":"product_cat-kotitalouskemikaalit","9":"product_cat-metallikemikaalit","10":"product_cat-rakennusteollisuus","11":"product_cat-tipografiset-kemikaalit","13":"first","14":"instock","15":"taxable","16":"shipping-taxable","17":"purchasable","18":"product-type-variable","19":"has-default-attributes"},"yoast_head":"<!-- This site is optimized with the Yoast SEO plugin v26.2 - https:\/\/yoast.com\/wordpress\/plugins\/seo\/ -->\n<title>Perkloorietyleeni (CAS 127-18-4) - Chemistry For Industry - Solvents &amp; Chemicals - Masterchem.ee<\/title>\n<meta name=\"description\" content=\"Perkloorietyleeni on v\u00e4rit\u00f6n neste, jolla on pist\u00e4v\u00e4 haju, klooriorganliuotin. Ei pala, ei yll\u00e4 palamista, ei r\u00e4j\u00e4ht\u00e4\u00e4. L\u00e4hes liukenematon veteen; helposti sekoittuva orgaanisten liuottimien, esimerkiksi etyyli- ja metyylialkoholin, etikkahapon, propanolin, butanolin, etyleeniglykolin jne. kanssa. CAS: 127-18-4\" \/>\n<meta name=\"robots\" content=\"index, follow, max-snippet:-1, max-image-preview:large, max-video-preview:-1\" \/>\n<link rel=\"canonical\" href=\"https:\/\/masterchem.ee\/fi\/tooted-ja-teenused\/perkloorietyleeni\/\" \/>\n<meta name=\"twitter:card\" content=\"summary_large_image\" \/>\n<meta name=\"twitter:title\" content=\"Perkloorietyleeni (CAS 127-18-4) - Chemistry For Industry - Solvents &amp; Chemicals - Masterchem.ee\" \/>\n<meta name=\"twitter:description\" content=\"Perkloorietyleeni on v\u00e4rit\u00f6n neste, jolla on pist\u00e4v\u00e4 haju, klooriorganliuotin. Ei pala, ei yll\u00e4 palamista, ei r\u00e4j\u00e4ht\u00e4\u00e4. L\u00e4hes liukenematon veteen; helposti sekoittuva orgaanisten liuottimien, esimerkiksi etyyli- ja metyylialkoholin, etikkahapon, propanolin, butanolin, etyleeniglykolin jne. kanssa. CAS: 127-18-4\" \/>\n<meta name=\"twitter:image\" content=\"https:\/\/masterchem.ee\/wp-content\/uploads\/2018\/02\/TETRACHLOROETHYLENE-1000l-MaterChem.jpg\" \/>\n<script type=\"application\/ld+json\" class=\"yoast-schema-graph\">{\"@context\":\"https:\/\/schema.org\",\"@graph\":[{\"@type\":\"WebPage\",\"@id\":\"https:\/\/masterchem.ee\/fi\/tooted-ja-teenused\/perkloorietyleeni\/\",\"url\":\"https:\/\/masterchem.ee\/fi\/tooted-ja-teenused\/perkloorietyleeni\/\",\"name\":\"Perkloorietyleeni (CAS 127-18-4) - Chemistry For Industry - Solvents &amp; Chemicals - Masterchem.ee\",\"isPartOf\":{\"@id\":\"https:\/\/masterchem.ee\/fi\/#website\"},\"primaryImageOfPage\":{\"@id\":\"https:\/\/masterchem.ee\/fi\/tooted-ja-teenused\/perkloorietyleeni\/#primaryimage\"},\"image\":{\"@id\":\"https:\/\/masterchem.ee\/fi\/tooted-ja-teenused\/perkloorietyleeni\/#primaryimage\"},\"thumbnailUrl\":\"https:\/\/masterchem.ee\/wp-content\/uploads\/2018\/02\/TETRACHLOROETHYLENE-1000l-MaterChem.jpg\",\"datePublished\":\"2018-10-05T08:37:48+00:00\",\"dateModified\":\"2021-05-25T21:07:23+00:00\",\"description\":\"Perkloorietyleeni on v\u00e4rit\u00f6n neste, jolla on pist\u00e4v\u00e4 haju, klooriorganliuotin. Ei pala, ei yll\u00e4 palamista, ei r\u00e4j\u00e4ht\u00e4\u00e4. L\u00e4hes liukenematon veteen; helposti sekoittuva orgaanisten liuottimien, esimerkiksi etyyli- ja metyylialkoholin, etikkahapon, propanolin, butanolin, etyleeniglykolin jne. kanssa. CAS: 127-18-4\",\"breadcrumb\":{\"@id\":\"https:\/\/masterchem.ee\/fi\/tooted-ja-teenused\/perkloorietyleeni\/#breadcrumb\"},\"inLanguage\":\"fi\",\"potentialAction\":[{\"@type\":\"ReadAction\",\"target\":[\"https:\/\/masterchem.ee\/fi\/tooted-ja-teenused\/perkloorietyleeni\/\"]}]},{\"@type\":\"ImageObject\",\"inLanguage\":\"fi\",\"@id\":\"https:\/\/masterchem.ee\/fi\/tooted-ja-teenused\/perkloorietyleeni\/#primaryimage\",\"url\":\"https:\/\/masterchem.ee\/wp-content\/uploads\/2018\/02\/TETRACHLOROETHYLENE-1000l-MaterChem.jpg\",\"contentUrl\":\"https:\/\/masterchem.ee\/wp-content\/uploads\/2018\/02\/TETRACHLOROETHYLENE-1000l-MaterChem.jpg\",\"width\":1000,\"height\":1000,\"caption\":\"Perkloorietyleeni 1000l MaterChem\"},{\"@type\":\"BreadcrumbList\",\"@id\":\"https:\/\/masterchem.ee\/fi\/tooted-ja-teenused\/perkloorietyleeni\/#breadcrumb\",\"itemListElement\":[{\"@type\":\"ListItem\",\"position\":1,\"name\":\"Home\",\"item\":\"https:\/\/masterchem.ee\/fi\/\"},{\"@type\":\"ListItem\",\"position\":2,\"name\":\"Tooted ja teenused\",\"item\":\"https:\/\/masterchem.ee\/tooted-ja-teenused\/\"},{\"@type\":\"ListItem\",\"position\":3,\"name\":\"Perkloorietyleeni (CAS 127-18-4)\"}]},{\"@type\":\"WebSite\",\"@id\":\"https:\/\/masterchem.ee\/fi\/#website\",\"url\":\"https:\/\/masterchem.ee\/fi\/\",\"name\":\"Masterchem.ee\",\"description\":\"Chemistry For Industry - Solvents &amp; Chemicals\",\"publisher\":{\"@id\":\"https:\/\/masterchem.ee\/fi\/#organization\"},\"potentialAction\":[{\"@type\":\"SearchAction\",\"target\":{\"@type\":\"EntryPoint\",\"urlTemplate\":\"https:\/\/masterchem.ee\/fi\/?s={search_term_string}\"},\"query-input\":{\"@type\":\"PropertyValueSpecification\",\"valueRequired\":true,\"valueName\":\"search_term_string\"}}],\"inLanguage\":\"fi\"},{\"@type\":\"Organization\",\"@id\":\"https:\/\/masterchem.ee\/fi\/#organization\",\"name\":\"Masterchem\",\"url\":\"https:\/\/masterchem.ee\/fi\/\",\"logo\":{\"@type\":\"ImageObject\",\"inLanguage\":\"fi\",\"@id\":\"https:\/\/masterchem.ee\/fi\/#\/schema\/logo\/image\/\",\"url\":\"https:\/\/masterchem.ee\/wp-content\/uploads\/2018\/02\/master-chem_final-1.png\",\"contentUrl\":\"https:\/\/masterchem.ee\/wp-content\/uploads\/2018\/02\/master-chem_final-1.png\",\"width\":850,\"height\":356,\"caption\":\"Masterchem\"},\"image\":{\"@id\":\"https:\/\/masterchem.ee\/fi\/#\/schema\/logo\/image\/\"}}]}<\/script>\n<!-- \/ Yoast SEO plugin. -->","yoast_head_json":{"title":"Perkloorietyleeni (CAS 127-18-4) - Chemistry For Industry - Solvents &amp; Chemicals - Masterchem.ee","description":"Perkloorietyleeni on v\u00e4rit\u00f6n neste, jolla on pist\u00e4v\u00e4 haju, klooriorganliuotin. Ei pala, ei yll\u00e4 palamista, ei r\u00e4j\u00e4ht\u00e4\u00e4. L\u00e4hes liukenematon veteen; helposti sekoittuva orgaanisten liuottimien, esimerkiksi etyyli- ja metyylialkoholin, etikkahapon, propanolin, butanolin, etyleeniglykolin jne. kanssa. CAS: 127-18-4","robots":{"index":"index","follow":"follow","max-snippet":"max-snippet:-1","max-image-preview":"max-image-preview:large","max-video-preview":"max-video-preview:-1"},"canonical":"https:\/\/masterchem.ee\/fi\/tooted-ja-teenused\/perkloorietyleeni\/","twitter_card":"summary_large_image","twitter_title":"Perkloorietyleeni (CAS 127-18-4) - Chemistry For Industry - Solvents &amp; Chemicals - Masterchem.ee","twitter_description":"Perkloorietyleeni on v\u00e4rit\u00f6n neste, jolla on pist\u00e4v\u00e4 haju, klooriorganliuotin. Ei pala, ei yll\u00e4 palamista, ei r\u00e4j\u00e4ht\u00e4\u00e4. L\u00e4hes liukenematon veteen; helposti sekoittuva orgaanisten liuottimien, esimerkiksi etyyli- ja metyylialkoholin, etikkahapon, propanolin, butanolin, etyleeniglykolin jne. kanssa. CAS: 127-18-4","twitter_image":"https:\/\/masterchem.ee\/wp-content\/uploads\/2018\/02\/TETRACHLOROETHYLENE-1000l-MaterChem.jpg","schema":{"@context":"https:\/\/schema.org","@graph":[{"@type":"WebPage","@id":"https:\/\/masterchem.ee\/fi\/tooted-ja-teenused\/perkloorietyleeni\/","url":"https:\/\/masterchem.ee\/fi\/tooted-ja-teenused\/perkloorietyleeni\/","name":"Perkloorietyleeni (CAS 127-18-4) - Chemistry For Industry - Solvents &amp; Chemicals - Masterchem.ee","isPartOf":{"@id":"https:\/\/masterchem.ee\/fi\/#website"},"primaryImageOfPage":{"@id":"https:\/\/masterchem.ee\/fi\/tooted-ja-teenused\/perkloorietyleeni\/#primaryimage"},"image":{"@id":"https:\/\/masterchem.ee\/fi\/tooted-ja-teenused\/perkloorietyleeni\/#primaryimage"},"thumbnailUrl":"https:\/\/masterchem.ee\/wp-content\/uploads\/2018\/02\/TETRACHLOROETHYLENE-1000l-MaterChem.jpg","datePublished":"2018-10-05T08:37:48+00:00","dateModified":"2021-05-25T21:07:23+00:00","description":"Perkloorietyleeni on v\u00e4rit\u00f6n neste, jolla on pist\u00e4v\u00e4 haju, klooriorganliuotin. Ei pala, ei yll\u00e4 palamista, ei r\u00e4j\u00e4ht\u00e4\u00e4. L\u00e4hes liukenematon veteen; helposti sekoittuva orgaanisten liuottimien, esimerkiksi etyyli- ja metyylialkoholin, etikkahapon, propanolin, butanolin, etyleeniglykolin jne. kanssa. CAS: 127-18-4","breadcrumb":{"@id":"https:\/\/masterchem.ee\/fi\/tooted-ja-teenused\/perkloorietyleeni\/#breadcrumb"},"inLanguage":"fi","potentialAction":[{"@type":"ReadAction","target":["https:\/\/masterchem.ee\/fi\/tooted-ja-teenused\/perkloorietyleeni\/"]}]},{"@type":"ImageObject","inLanguage":"fi","@id":"https:\/\/masterchem.ee\/fi\/tooted-ja-teenused\/perkloorietyleeni\/#primaryimage","url":"https:\/\/masterchem.ee\/wp-content\/uploads\/2018\/02\/TETRACHLOROETHYLENE-1000l-MaterChem.jpg","contentUrl":"https:\/\/masterchem.ee\/wp-content\/uploads\/2018\/02\/TETRACHLOROETHYLENE-1000l-MaterChem.jpg","width":1000,"height":1000,"caption":"Perkloorietyleeni 1000l MaterChem"},{"@type":"BreadcrumbList","@id":"https:\/\/masterchem.ee\/fi\/tooted-ja-teenused\/perkloorietyleeni\/#breadcrumb","itemListElement":[{"@type":"ListItem","position":1,"name":"Home","item":"https:\/\/masterchem.ee\/fi\/"},{"@type":"ListItem","position":2,"name":"Tooted ja teenused","item":"https:\/\/masterchem.ee\/tooted-ja-teenused\/"},{"@type":"ListItem","position":3,"name":"Perkloorietyleeni (CAS 127-18-4)"}]},{"@type":"WebSite","@id":"https:\/\/masterchem.ee\/fi\/#website","url":"https:\/\/masterchem.ee\/fi\/","name":"Masterchem.ee","description":"Chemistry For Industry - Solvents &amp; Chemicals","publisher":{"@id":"https:\/\/masterchem.ee\/fi\/#organization"},"potentialAction":[{"@type":"SearchAction","target":{"@type":"EntryPoint","urlTemplate":"https:\/\/masterchem.ee\/fi\/?s={search_term_string}"},"query-input":{"@type":"PropertyValueSpecification","valueRequired":true,"valueName":"search_term_string"}}],"inLanguage":"fi"},{"@type":"Organization","@id":"https:\/\/masterchem.ee\/fi\/#organization","name":"Masterchem","url":"https:\/\/masterchem.ee\/fi\/","logo":{"@type":"ImageObject","inLanguage":"fi","@id":"https:\/\/masterchem.ee\/fi\/#\/schema\/logo\/image\/","url":"https:\/\/masterchem.ee\/wp-content\/uploads\/2018\/02\/master-chem_final-1.png","contentUrl":"https:\/\/masterchem.ee\/wp-content\/uploads\/2018\/02\/master-chem_final-1.png","width":850,"height":356,"caption":"Masterchem"},"image":{"@id":"https:\/\/masterchem.ee\/fi\/#\/schema\/logo\/image\/"}}]}},"_links":{"self":[{"href":"https:\/\/masterchem.ee\/fi\/wp-json\/wp\/v2\/product\/9882","targetHints":{"allow":["GET"]}}],"collection":[{"href":"https:\/\/masterchem.ee\/fi\/wp-json\/wp\/v2\/product"}],"about":[{"href":"https:\/\/masterchem.ee\/fi\/wp-json\/wp\/v2\/types\/product"}],"wp:featuredmedia":[{"embeddable":true,"href":"https:\/\/masterchem.ee\/fi\/wp-json\/wp\/v2\/media\/7065"}],"wp:attachment":[{"href":"https:\/\/masterchem.ee\/fi\/wp-json\/wp\/v2\/media?parent=9882"}],"wp:term":[{"taxonomy":"product_brand","embeddable":true,"href":"https:\/\/masterchem.ee\/fi\/wp-json\/wp\/v2\/product_brand?post=9882"},{"taxonomy":"product_cat","embeddable":true,"href":"https:\/\/masterchem.ee\/fi\/wp-json\/wp\/v2\/product_cat?post=9882"},{"taxonomy":"product_tag","embeddable":true,"href":"https:\/\/masterchem.ee\/fi\/wp-json\/wp\/v2\/product_tag?post=9882"}],"curies":[{"name":"wp","href":"https:\/\/api.w.org\/{rel}","templated":true}]}}