{"id":9789,"date":"2021-01-11T18:39:59","date_gmt":"2021-01-11T18:40:02","guid":{"rendered":"https:\/\/masterchem.ee\/?post_type=product&#038;p=9789"},"modified":"2021-05-25T19:28:32","modified_gmt":"2021-05-25T19:28:32","slug":"butyyliglykoli","status":"publish","type":"product","link":"https:\/\/masterchem.ee\/fi\/tooted-ja-teenused\/butyyliglykoli\/","title":{"rendered":"Butyyliglykoli (111-76-2)"},"content":{"rendered":"<p><strong>K\u00e4ytt\u00f6 ja k\u00e4ytt\u00f6:<\/strong><br \/>\n\u25cf\tK\u00e4ytet\u00e4\u00e4n laajalti maalien ja lakkojen, selluloosan ja hartsien liuottimena. Butyyliglykolin lis\u00e4\u00e4minen maalimateriaaleihin v\u00e4hent\u00e4\u00e4 niiden viskositeettia ja parantaa juoksevuutta.<br \/>\n\u25cf\tMustetta tulostusta varten.<br \/>\n\u25cf\tPintojen puhdistusaineiden komponentit, esim. Metallipintojen rasvanpoistoon<br \/>\n\u25cf\tLeikkuunesteiden komponentti<br \/>\n\u25cf\tOrgaanisessa synteesiss\u00e4.<br \/>\n\u25cf\tPetrokemiassa.<\/p>\n<p><strong>Pakkaus:<\/strong><br \/>\n0,5L metallipullo<br \/>\n5L muovikanisteri<br \/>\n10L muovis\u00e4ili\u00f6<br \/>\n20L metallikauha un<br \/>\n25L muovis\u00e4ili\u00f6<br \/>\n25 kg pussi (pellettej\u00e4)<br \/>\n200L tynnyri<br \/>\n640L IBC-s\u00e4ili\u00f6<br \/>\n1000L IBC-s\u00e4ili\u00f6<\/p>\n<p><strong>Varastointi:<\/strong><br \/>\nFyysiset ominaisuudet:<br \/>\nL\u00e4mp\u00f6ominaisuudet<br \/>\nL\u00e4mp\u00f6tila<br \/>\nSulamispiste: -75 \u00b0 C<br \/>\nKiehumispiste: 171 \u00b0 C<br \/>\nSalama: 143\u00b0 C<br \/>\nINDEX:<br \/>\nCAS: 111-76-2<br \/>\nEC: 203-905-0<\/p>\n","protected":false},"excerpt":{"rendered":"<p>2-butoksietan-1-oli, 2-butoksietanoli, Butyyliselloliuos, Butyyliglykoli, Butyylimonomeeriglykoli, EGBE (eteeniglykolimonobutyylieetteri), Dowanol EB, Bane-Clene, Eastman EB -liuotin, BH-33 teollisuuden puhdistusaine, Solvaset, 2-BE, EGMBE, Butyylioksitoli, Ektasolve, Jeffersol EB<br \/>\n<strong>Kuvaus:<\/strong><br \/>\nButyyliglykoli, kemiallinen yhdiste, jolla on kaava C6H14O2, on glykolieetteri. Matalasti haihtuva, korkealla kiehuva neste, jolla on matala haju, k\u00e4ytet\u00e4\u00e4n liuottimena ja raaka-aineena synteesiin. Erinomainen apuliuotin vesipitoisissa maaleissa (vesipohjaiset maalit). Liuotetaan veteen, alkoholeihin, glykoleihin, dietyylieetteriin, asetoniin, kloroformiin ja muihin orgaanisiin liuottimiin.<\/p>\n","protected":false},"featured_media":9834,"template":"","meta":[],"product_brand":[],"product_cat":[180,115,302,117,120,258,153,114,122,152],"product_tag":[],"class_list":{"0":"post-9789","1":"product","2":"type-product","3":"status-publish","4":"has-post-thumbnail","6":"product_cat-uncategorized-fi-2","7":"product_cat-auton-ja-koneiden-kemikaalit","8":"product_cat-jaahdytysnesteet","9":"product_cat-kotitalouskemikaalit","10":"product_cat-laaketeollisuus","11":"product_cat-muovi-fi","12":"product_cat-puunjalostuskemikaalit","13":"product_cat-rakennusteollisuus","14":"product_cat-teollisuuskemikaalit","15":"product_cat-tipografiset-kemikaalit","16":"pif-has-gallery","18":"first","19":"instock","20":"taxable","21":"shipping-taxable","22":"purchasable","23":"product-type-variable","24":"has-default-attributes"},"yoast_head":"<!-- This site is optimized with the Yoast SEO plugin v26.2 - https:\/\/yoast.com\/wordpress\/plugins\/seo\/ -->\n<title>Butyyliglykoli (111-76-2) - Chemistry For Industry - Solvents &amp; Chemicals - Masterchem.ee<\/title>\n<meta name=\"description\" content=\"Butyyliglykoli, kemiallinen yhdiste, jolla on kaava C6H14O2, on glykolieetteri. Matalasti haihtuva, korkealla kiehuva neste, jolla on matala haju, k\u00e4ytet\u00e4\u00e4n liuottimena ja raaka-aineena synteesiin. Erinomainen apuliuotin vesipitoisissa maaleissa (vesipohjaiset maalit). Liuotetaan veteen, alkoholeihin, glykoleihin, dietyylieetteriin, asetoniin, kloroformiin ja muihin orgaanisiin liuottimiin. CAS111-76-2\" \/>\n<meta name=\"robots\" content=\"index, follow, max-snippet:-1, max-image-preview:large, max-video-preview:-1\" \/>\n<link rel=\"canonical\" href=\"https:\/\/masterchem.ee\/fi\/tooted-ja-teenused\/butyyliglykoli\/\" \/>\n<meta name=\"twitter:card\" content=\"summary_large_image\" \/>\n<meta name=\"twitter:title\" content=\"Butyyliglykoli (111-76-2) - Chemistry For Industry - Solvents &amp; Chemicals - Masterchem.ee\" \/>\n<meta name=\"twitter:description\" content=\"Butyyliglykoli, kemiallinen yhdiste, jolla on kaava C6H14O2, on glykolieetteri. Matalasti haihtuva, korkealla kiehuva neste, jolla on matala haju, k\u00e4ytet\u00e4\u00e4n liuottimena ja raaka-aineena synteesiin. Erinomainen apuliuotin vesipitoisissa maaleissa (vesipohjaiset maalit). Liuotetaan veteen, alkoholeihin, glykoleihin, dietyylieetteriin, asetoniin, kloroformiin ja muihin orgaanisiin liuottimiin. CAS111-76-2\" \/>\n<meta name=\"twitter:image\" content=\"https:\/\/masterchem.ee\/wp-content\/uploads\/2021\/01\/Butuulglukool-BG-1000l-MasterChem.jpg\" \/>\n<script type=\"application\/ld+json\" class=\"yoast-schema-graph\">{\"@context\":\"https:\/\/schema.org\",\"@graph\":[{\"@type\":\"WebPage\",\"@id\":\"https:\/\/masterchem.ee\/fi\/tooted-ja-teenused\/butyyliglykoli\/\",\"url\":\"https:\/\/masterchem.ee\/fi\/tooted-ja-teenused\/butyyliglykoli\/\",\"name\":\"Butyyliglykoli (111-76-2) - Chemistry For Industry - Solvents &amp; Chemicals - Masterchem.ee\",\"isPartOf\":{\"@id\":\"https:\/\/masterchem.ee\/fi\/#website\"},\"primaryImageOfPage\":{\"@id\":\"https:\/\/masterchem.ee\/fi\/tooted-ja-teenused\/butyyliglykoli\/#primaryimage\"},\"image\":{\"@id\":\"https:\/\/masterchem.ee\/fi\/tooted-ja-teenused\/butyyliglykoli\/#primaryimage\"},\"thumbnailUrl\":\"https:\/\/masterchem.ee\/wp-content\/uploads\/2021\/01\/Butuulglukool-BG-1000l-MasterChem.jpg\",\"datePublished\":\"2021-01-11T18:40:02+00:00\",\"dateModified\":\"2021-05-25T19:28:32+00:00\",\"description\":\"Butyyliglykoli, kemiallinen yhdiste, jolla on kaava C6H14O2, on glykolieetteri. Matalasti haihtuva, korkealla kiehuva neste, jolla on matala haju, k\u00e4ytet\u00e4\u00e4n liuottimena ja raaka-aineena synteesiin. Erinomainen apuliuotin vesipitoisissa maaleissa (vesipohjaiset maalit). Liuotetaan veteen, alkoholeihin, glykoleihin, dietyylieetteriin, asetoniin, kloroformiin ja muihin orgaanisiin liuottimiin. CAS111-76-2\",\"breadcrumb\":{\"@id\":\"https:\/\/masterchem.ee\/fi\/tooted-ja-teenused\/butyyliglykoli\/#breadcrumb\"},\"inLanguage\":\"fi\",\"potentialAction\":[{\"@type\":\"ReadAction\",\"target\":[\"https:\/\/masterchem.ee\/fi\/tooted-ja-teenused\/butyyliglykoli\/\"]}]},{\"@type\":\"ImageObject\",\"inLanguage\":\"fi\",\"@id\":\"https:\/\/masterchem.ee\/fi\/tooted-ja-teenused\/butyyliglykoli\/#primaryimage\",\"url\":\"https:\/\/masterchem.ee\/wp-content\/uploads\/2021\/01\/Butuulglukool-BG-1000l-MasterChem.jpg\",\"contentUrl\":\"https:\/\/masterchem.ee\/wp-content\/uploads\/2021\/01\/Butuulglukool-BG-1000l-MasterChem.jpg\",\"width\":1000,\"height\":1000,\"caption\":\"Butyyliglykoli 1000l MasterChem\"},{\"@type\":\"BreadcrumbList\",\"@id\":\"https:\/\/masterchem.ee\/fi\/tooted-ja-teenused\/butyyliglykoli\/#breadcrumb\",\"itemListElement\":[{\"@type\":\"ListItem\",\"position\":1,\"name\":\"Home\",\"item\":\"https:\/\/masterchem.ee\/fi\/\"},{\"@type\":\"ListItem\",\"position\":2,\"name\":\"Tooted ja teenused\",\"item\":\"https:\/\/masterchem.ee\/tooted-ja-teenused\/\"},{\"@type\":\"ListItem\",\"position\":3,\"name\":\"Butyyliglykoli (111-76-2)\"}]},{\"@type\":\"WebSite\",\"@id\":\"https:\/\/masterchem.ee\/fi\/#website\",\"url\":\"https:\/\/masterchem.ee\/fi\/\",\"name\":\"Masterchem.ee\",\"description\":\"Chemistry For Industry - Solvents &amp; Chemicals\",\"publisher\":{\"@id\":\"https:\/\/masterchem.ee\/fi\/#organization\"},\"potentialAction\":[{\"@type\":\"SearchAction\",\"target\":{\"@type\":\"EntryPoint\",\"urlTemplate\":\"https:\/\/masterchem.ee\/fi\/?s={search_term_string}\"},\"query-input\":{\"@type\":\"PropertyValueSpecification\",\"valueRequired\":true,\"valueName\":\"search_term_string\"}}],\"inLanguage\":\"fi\"},{\"@type\":\"Organization\",\"@id\":\"https:\/\/masterchem.ee\/fi\/#organization\",\"name\":\"Masterchem\",\"url\":\"https:\/\/masterchem.ee\/fi\/\",\"logo\":{\"@type\":\"ImageObject\",\"inLanguage\":\"fi\",\"@id\":\"https:\/\/masterchem.ee\/fi\/#\/schema\/logo\/image\/\",\"url\":\"https:\/\/masterchem.ee\/wp-content\/uploads\/2018\/02\/master-chem_final-1.png\",\"contentUrl\":\"https:\/\/masterchem.ee\/wp-content\/uploads\/2018\/02\/master-chem_final-1.png\",\"width\":850,\"height\":356,\"caption\":\"Masterchem\"},\"image\":{\"@id\":\"https:\/\/masterchem.ee\/fi\/#\/schema\/logo\/image\/\"}}]}<\/script>\n<!-- \/ Yoast SEO plugin. -->","yoast_head_json":{"title":"Butyyliglykoli (111-76-2) - Chemistry For Industry - Solvents &amp; Chemicals - Masterchem.ee","description":"Butyyliglykoli, kemiallinen yhdiste, jolla on kaava C6H14O2, on glykolieetteri. Matalasti haihtuva, korkealla kiehuva neste, jolla on matala haju, k\u00e4ytet\u00e4\u00e4n liuottimena ja raaka-aineena synteesiin. Erinomainen apuliuotin vesipitoisissa maaleissa (vesipohjaiset maalit). Liuotetaan veteen, alkoholeihin, glykoleihin, dietyylieetteriin, asetoniin, kloroformiin ja muihin orgaanisiin liuottimiin. CAS111-76-2","robots":{"index":"index","follow":"follow","max-snippet":"max-snippet:-1","max-image-preview":"max-image-preview:large","max-video-preview":"max-video-preview:-1"},"canonical":"https:\/\/masterchem.ee\/fi\/tooted-ja-teenused\/butyyliglykoli\/","twitter_card":"summary_large_image","twitter_title":"Butyyliglykoli (111-76-2) - Chemistry For Industry - Solvents &amp; Chemicals - Masterchem.ee","twitter_description":"Butyyliglykoli, kemiallinen yhdiste, jolla on kaava C6H14O2, on glykolieetteri. Matalasti haihtuva, korkealla kiehuva neste, jolla on matala haju, k\u00e4ytet\u00e4\u00e4n liuottimena ja raaka-aineena synteesiin. Erinomainen apuliuotin vesipitoisissa maaleissa (vesipohjaiset maalit). Liuotetaan veteen, alkoholeihin, glykoleihin, dietyylieetteriin, asetoniin, kloroformiin ja muihin orgaanisiin liuottimiin. CAS111-76-2","twitter_image":"https:\/\/masterchem.ee\/wp-content\/uploads\/2021\/01\/Butuulglukool-BG-1000l-MasterChem.jpg","schema":{"@context":"https:\/\/schema.org","@graph":[{"@type":"WebPage","@id":"https:\/\/masterchem.ee\/fi\/tooted-ja-teenused\/butyyliglykoli\/","url":"https:\/\/masterchem.ee\/fi\/tooted-ja-teenused\/butyyliglykoli\/","name":"Butyyliglykoli (111-76-2) - Chemistry For Industry - Solvents &amp; Chemicals - Masterchem.ee","isPartOf":{"@id":"https:\/\/masterchem.ee\/fi\/#website"},"primaryImageOfPage":{"@id":"https:\/\/masterchem.ee\/fi\/tooted-ja-teenused\/butyyliglykoli\/#primaryimage"},"image":{"@id":"https:\/\/masterchem.ee\/fi\/tooted-ja-teenused\/butyyliglykoli\/#primaryimage"},"thumbnailUrl":"https:\/\/masterchem.ee\/wp-content\/uploads\/2021\/01\/Butuulglukool-BG-1000l-MasterChem.jpg","datePublished":"2021-01-11T18:40:02+00:00","dateModified":"2021-05-25T19:28:32+00:00","description":"Butyyliglykoli, kemiallinen yhdiste, jolla on kaava C6H14O2, on glykolieetteri. Matalasti haihtuva, korkealla kiehuva neste, jolla on matala haju, k\u00e4ytet\u00e4\u00e4n liuottimena ja raaka-aineena synteesiin. Erinomainen apuliuotin vesipitoisissa maaleissa (vesipohjaiset maalit). Liuotetaan veteen, alkoholeihin, glykoleihin, dietyylieetteriin, asetoniin, kloroformiin ja muihin orgaanisiin liuottimiin. CAS111-76-2","breadcrumb":{"@id":"https:\/\/masterchem.ee\/fi\/tooted-ja-teenused\/butyyliglykoli\/#breadcrumb"},"inLanguage":"fi","potentialAction":[{"@type":"ReadAction","target":["https:\/\/masterchem.ee\/fi\/tooted-ja-teenused\/butyyliglykoli\/"]}]},{"@type":"ImageObject","inLanguage":"fi","@id":"https:\/\/masterchem.ee\/fi\/tooted-ja-teenused\/butyyliglykoli\/#primaryimage","url":"https:\/\/masterchem.ee\/wp-content\/uploads\/2021\/01\/Butuulglukool-BG-1000l-MasterChem.jpg","contentUrl":"https:\/\/masterchem.ee\/wp-content\/uploads\/2021\/01\/Butuulglukool-BG-1000l-MasterChem.jpg","width":1000,"height":1000,"caption":"Butyyliglykoli 1000l MasterChem"},{"@type":"BreadcrumbList","@id":"https:\/\/masterchem.ee\/fi\/tooted-ja-teenused\/butyyliglykoli\/#breadcrumb","itemListElement":[{"@type":"ListItem","position":1,"name":"Home","item":"https:\/\/masterchem.ee\/fi\/"},{"@type":"ListItem","position":2,"name":"Tooted ja teenused","item":"https:\/\/masterchem.ee\/tooted-ja-teenused\/"},{"@type":"ListItem","position":3,"name":"Butyyliglykoli (111-76-2)"}]},{"@type":"WebSite","@id":"https:\/\/masterchem.ee\/fi\/#website","url":"https:\/\/masterchem.ee\/fi\/","name":"Masterchem.ee","description":"Chemistry For Industry - Solvents &amp; Chemicals","publisher":{"@id":"https:\/\/masterchem.ee\/fi\/#organization"},"potentialAction":[{"@type":"SearchAction","target":{"@type":"EntryPoint","urlTemplate":"https:\/\/masterchem.ee\/fi\/?s={search_term_string}"},"query-input":{"@type":"PropertyValueSpecification","valueRequired":true,"valueName":"search_term_string"}}],"inLanguage":"fi"},{"@type":"Organization","@id":"https:\/\/masterchem.ee\/fi\/#organization","name":"Masterchem","url":"https:\/\/masterchem.ee\/fi\/","logo":{"@type":"ImageObject","inLanguage":"fi","@id":"https:\/\/masterchem.ee\/fi\/#\/schema\/logo\/image\/","url":"https:\/\/masterchem.ee\/wp-content\/uploads\/2018\/02\/master-chem_final-1.png","contentUrl":"https:\/\/masterchem.ee\/wp-content\/uploads\/2018\/02\/master-chem_final-1.png","width":850,"height":356,"caption":"Masterchem"},"image":{"@id":"https:\/\/masterchem.ee\/fi\/#\/schema\/logo\/image\/"}}]}},"_links":{"self":[{"href":"https:\/\/masterchem.ee\/fi\/wp-json\/wp\/v2\/product\/9789","targetHints":{"allow":["GET"]}}],"collection":[{"href":"https:\/\/masterchem.ee\/fi\/wp-json\/wp\/v2\/product"}],"about":[{"href":"https:\/\/masterchem.ee\/fi\/wp-json\/wp\/v2\/types\/product"}],"wp:featuredmedia":[{"embeddable":true,"href":"https:\/\/masterchem.ee\/fi\/wp-json\/wp\/v2\/media\/9834"}],"wp:attachment":[{"href":"https:\/\/masterchem.ee\/fi\/wp-json\/wp\/v2\/media?parent=9789"}],"wp:term":[{"taxonomy":"product_brand","embeddable":true,"href":"https:\/\/masterchem.ee\/fi\/wp-json\/wp\/v2\/product_brand?post=9789"},{"taxonomy":"product_cat","embeddable":true,"href":"https:\/\/masterchem.ee\/fi\/wp-json\/wp\/v2\/product_cat?post=9789"},{"taxonomy":"product_tag","embeddable":true,"href":"https:\/\/masterchem.ee\/fi\/wp-json\/wp\/v2\/product_tag?post=9789"}],"curies":[{"name":"wp","href":"https:\/\/api.w.org\/{rel}","templated":true}]}}