{"id":9695,"date":"2021-01-10T19:15:52","date_gmt":"2021-01-10T19:15:55","guid":{"rendered":"https:\/\/masterchem.ee\/?post_type=product&#038;p=9695"},"modified":"2021-06-27T04:53:29","modified_gmt":"2021-06-27T04:53:29","slug":"1-metoksi-2-propanoli","status":"publish","type":"product","link":"https:\/\/masterchem.ee\/fi\/tooted-ja-teenused\/1-metoksi-2-propanoli\/","title":{"rendered":"1-metoksi-2-propanoli (CAS 107-98-2)"},"content":{"rendered":"<p><strong>K\u00e4ytt\u00f6 ja k\u00e4ytt\u00f6:<\/strong><br \/>\nSe on eritt\u00e4in haihtuva ja parantaa sit\u00e4 liuottimena musteille ja painov\u00e4reille joidenkin pigmenttien ja v\u00e4riaineiden kostuvuutta. Sill\u00e4 on hyv\u00e4 liuotuskyky suhteessa nitroselluloosaan, kloorattua kumia, polyvinyyliasetaattia, polyvinyylibutyraali-, ketoni- ja ketoni-formaldehydihartseja, sellakka-, hartsi-, fenoli-, melamiini- ja karbamidiformaldehydihartseja, alkydihartseja ja polymetakrylaatteja, polymetakrylaatteja vinyylikloridikopolymeerit. Kuten asetoni liuottimena, se ei liuota kopaalikumia, kumia, selluloosa-asetaattia, polystyreeni\u00e4, polyvinyylialkoholia ja polyvinyylikloridia.<br \/>\nV\u00e4h\u00e4isen miellytt\u00e4v\u00e4n hajunsa vuoksi metoksipropanoli soveltuu eritt\u00e4in hyvin nitroselluloosalakkoihin, jotka on tarkoitettu puun, paperin ja metallin p\u00e4\u00e4llyst\u00e4miseen. Kohtalaisen haihtuvana liuottimena se parantaa maalin l\u00e4p\u00e4isevyytt\u00e4, virtausominaisuuksia ja maalipinnoitteiden kiiltoa; se my\u00f6s est\u00e4\u00e4 pilvien muodostumisen ja pinnan ep\u00e4tasaisuudet, kuten kuplat ja kalansilm\u00e4t. Siksi sit\u00e4 k\u00e4ytett\u00e4ess\u00e4, kuten liuotin p 646, materiaali on eritt\u00e4in t\u00e4rke\u00e4 osa onnistunutta ty\u00f6t\u00e4. Metoksipropanolin lis\u00e4\u00e4minen ei lis\u00e4\u00e4 maalij\u00e4rjestelmien kuivumisaikaa. Se lis\u00e4\u00e4 laimennettavuutta halvoilla liuottimilla, v\u00e4hent\u00e4\u00e4 ja vakauttaa maalin viskositeettia ja parantaa maalin piiloutumisominaisuuksia.<br \/>\nMetoksipropanoli aiheuttaa hyvin v\u00e4h\u00e4n maalin turpoamista, joten se lis\u00e4\u00e4 maalia aikaisempien kerrosten p\u00e4\u00e4lle. Sit\u00e4 k\u00e4ytet\u00e4\u00e4n liuotinaineena painov\u00e4reiss\u00e4 (fleksopainot, syv\u00e4syv\u00e4 pakkaukset) kiillon ja virtauksen parantamiseksi. Hyvien liuotinominaisuuksiensa ansiosta v\u00e4riaineiden suhteen ja kyvyll\u00e4 kostuttaa pigmentit se parantaa painov\u00e4rien v\u00e4ri\u00e4.<br \/>\n<strong>Fyysiset ominaisuudet<\/strong><br \/>\nKiehumispiste +117 \u2070C<\/p>\n","protected":false},"excerpt":{"rendered":"<p>Muut nimet: 1-metoksi-2-propanoli, metoksipropanoli, propyleeniglykolimonometyylieetteri<br \/>\n<strong>Kuvaus:<\/strong><br \/>\nMetoksipropanoli on v\u00e4rit\u00f6n, veteen sekoittuva neste, jolla on mieto alkoholihaju ja keskim\u00e4\u00e4r\u00e4inen haihtuvuus. Metoksipropanoli sekoittuu hyvin veteen ja muihin orgaanisiin liuottimiin, liuottaa monet orgaaniset aineet hyvin, metoksipropanoli voi toimia korvikkeena monille glykoleille (E-sarja).<br \/>\nMetoksipropanolia k\u00e4ytet\u00e4\u00e4n liuottimena painov\u00e4reille ja se tarjoaa hyv\u00e4n liukoisuuden monenlaisiin hartseihin, mukaan lukien akryyli-, epoksi-, alkydi-, polyesteri-, nitroselluloosa- ja polyuretaanihartsit.<\/p>\n<p>CAS: 107-98-2<\/p>\n<p><a target=\"_blank\" href=\"https:\/\/masterchem.ee\/wp-content\/uploads\/2021\/01\/1-metoxy-2-propanol-TDS.pdf\" class=\"pdf\" alt=\"Tuotteen kuvaus (TDS)\" title=\"Tuotteen kuvaus (TDS)\" rel=\"noopener\">Tuotteen kuvaus (TDS)<\/a><\/p>\n","protected":false},"featured_media":9739,"template":"","meta":[],"product_brand":[],"product_cat":[180,117,120,153,122,152],"product_tag":[],"class_list":{"0":"post-9695","1":"product","2":"type-product","3":"status-publish","4":"has-post-thumbnail","6":"product_cat-uncategorized-fi-2","7":"product_cat-kotitalouskemikaalit","8":"product_cat-laaketeollisuus","9":"product_cat-puunjalostuskemikaalit","10":"product_cat-teollisuuskemikaalit","11":"product_cat-tipografiset-kemikaalit","12":"pif-has-gallery","14":"first","15":"instock","16":"taxable","17":"shipping-taxable","18":"purchasable","19":"product-type-variable","20":"has-default-attributes"},"yoast_head":"<!-- This site is optimized with the Yoast SEO plugin v26.2 - https:\/\/yoast.com\/wordpress\/plugins\/seo\/ -->\n<title>1-metoksi-2-propanoli (CAS 107-98-2) - Chemistry For Industry - Solvents &amp; Chemicals - Masterchem.ee<\/title>\n<meta name=\"description\" content=\"Metoksipropanoli on v\u00e4rit\u00f6n, veteen sekoittuva neste, jolla on mieto alkoholihaju ja keskim\u00e4\u00e4r\u00e4inen haihtuvuus. Metoksipropanoli sekoittuu hyvin veteen ja muihin orgaanisiin liuottimiin, liuottaa monet orgaaniset aineet hyvin, metoksipropanoli voi toimia korvikkeena monille glykoleille (E-sarja). CAS: 107-98-2\" \/>\n<meta name=\"robots\" content=\"index, follow, max-snippet:-1, max-image-preview:large, max-video-preview:-1\" \/>\n<link rel=\"canonical\" href=\"https:\/\/masterchem.ee\/fi\/tooted-ja-teenused\/1-metoksi-2-propanoli\/\" \/>\n<meta name=\"twitter:card\" content=\"summary_large_image\" \/>\n<meta name=\"twitter:title\" content=\"1-metoksi-2-propanoli (CAS 107-98-2) - Chemistry For Industry - Solvents &amp; Chemicals - Masterchem.ee\" \/>\n<meta name=\"twitter:description\" content=\"Metoksipropanoli on v\u00e4rit\u00f6n, veteen sekoittuva neste, jolla on mieto alkoholihaju ja keskim\u00e4\u00e4r\u00e4inen haihtuvuus. Metoksipropanoli sekoittuu hyvin veteen ja muihin orgaanisiin liuottimiin, liuottaa monet orgaaniset aineet hyvin, metoksipropanoli voi toimia korvikkeena monille glykoleille (E-sarja). CAS: 107-98-2\" \/>\n<meta name=\"twitter:image\" content=\"https:\/\/masterchem.ee\/wp-content\/uploads\/2021\/01\/1-metoksu-2-propanool-1000l-MasterChem.jpg\" \/>\n<meta name=\"twitter:label1\" content=\"Arvioitu lukuaika\" \/>\n\t<meta name=\"twitter:data1\" content=\"1 minuutti\" \/>\n<script type=\"application\/ld+json\" class=\"yoast-schema-graph\">{\"@context\":\"https:\/\/schema.org\",\"@graph\":[{\"@type\":\"WebPage\",\"@id\":\"https:\/\/masterchem.ee\/fi\/tooted-ja-teenused\/1-metoksi-2-propanoli\/\",\"url\":\"https:\/\/masterchem.ee\/fi\/tooted-ja-teenused\/1-metoksi-2-propanoli\/\",\"name\":\"1-metoksi-2-propanoli (CAS 107-98-2) - Chemistry For Industry - Solvents &amp; Chemicals - Masterchem.ee\",\"isPartOf\":{\"@id\":\"https:\/\/masterchem.ee\/fi\/#website\"},\"primaryImageOfPage\":{\"@id\":\"https:\/\/masterchem.ee\/fi\/tooted-ja-teenused\/1-metoksi-2-propanoli\/#primaryimage\"},\"image\":{\"@id\":\"https:\/\/masterchem.ee\/fi\/tooted-ja-teenused\/1-metoksi-2-propanoli\/#primaryimage\"},\"thumbnailUrl\":\"https:\/\/masterchem.ee\/wp-content\/uploads\/2021\/01\/1-metoksu-2-propanool-1000l-MasterChem.jpg\",\"datePublished\":\"2021-01-10T19:15:55+00:00\",\"dateModified\":\"2021-06-27T04:53:29+00:00\",\"description\":\"Metoksipropanoli on v\u00e4rit\u00f6n, veteen sekoittuva neste, jolla on mieto alkoholihaju ja keskim\u00e4\u00e4r\u00e4inen haihtuvuus. Metoksipropanoli sekoittuu hyvin veteen ja muihin orgaanisiin liuottimiin, liuottaa monet orgaaniset aineet hyvin, metoksipropanoli voi toimia korvikkeena monille glykoleille (E-sarja). CAS: 107-98-2\",\"breadcrumb\":{\"@id\":\"https:\/\/masterchem.ee\/fi\/tooted-ja-teenused\/1-metoksi-2-propanoli\/#breadcrumb\"},\"inLanguage\":\"fi\",\"potentialAction\":[{\"@type\":\"ReadAction\",\"target\":[\"https:\/\/masterchem.ee\/fi\/tooted-ja-teenused\/1-metoksi-2-propanoli\/\"]}]},{\"@type\":\"ImageObject\",\"inLanguage\":\"fi\",\"@id\":\"https:\/\/masterchem.ee\/fi\/tooted-ja-teenused\/1-metoksi-2-propanoli\/#primaryimage\",\"url\":\"https:\/\/masterchem.ee\/wp-content\/uploads\/2021\/01\/1-metoksu-2-propanool-1000l-MasterChem.jpg\",\"contentUrl\":\"https:\/\/masterchem.ee\/wp-content\/uploads\/2021\/01\/1-metoksu-2-propanool-1000l-MasterChem.jpg\",\"width\":1000,\"height\":1000,\"caption\":\"1-metoksi-2-propanoli 1000l MasterChem\"},{\"@type\":\"BreadcrumbList\",\"@id\":\"https:\/\/masterchem.ee\/fi\/tooted-ja-teenused\/1-metoksi-2-propanoli\/#breadcrumb\",\"itemListElement\":[{\"@type\":\"ListItem\",\"position\":1,\"name\":\"Home\",\"item\":\"https:\/\/masterchem.ee\/fi\/\"},{\"@type\":\"ListItem\",\"position\":2,\"name\":\"Tooted ja teenused\",\"item\":\"https:\/\/masterchem.ee\/tooted-ja-teenused\/\"},{\"@type\":\"ListItem\",\"position\":3,\"name\":\"1-metoksi-2-propanoli (CAS 107-98-2)\"}]},{\"@type\":\"WebSite\",\"@id\":\"https:\/\/masterchem.ee\/fi\/#website\",\"url\":\"https:\/\/masterchem.ee\/fi\/\",\"name\":\"Masterchem.ee\",\"description\":\"Chemistry For Industry - Solvents &amp; Chemicals\",\"publisher\":{\"@id\":\"https:\/\/masterchem.ee\/fi\/#organization\"},\"potentialAction\":[{\"@type\":\"SearchAction\",\"target\":{\"@type\":\"EntryPoint\",\"urlTemplate\":\"https:\/\/masterchem.ee\/fi\/?s={search_term_string}\"},\"query-input\":{\"@type\":\"PropertyValueSpecification\",\"valueRequired\":true,\"valueName\":\"search_term_string\"}}],\"inLanguage\":\"fi\"},{\"@type\":\"Organization\",\"@id\":\"https:\/\/masterchem.ee\/fi\/#organization\",\"name\":\"Masterchem\",\"url\":\"https:\/\/masterchem.ee\/fi\/\",\"logo\":{\"@type\":\"ImageObject\",\"inLanguage\":\"fi\",\"@id\":\"https:\/\/masterchem.ee\/fi\/#\/schema\/logo\/image\/\",\"url\":\"https:\/\/masterchem.ee\/wp-content\/uploads\/2018\/02\/master-chem_final-1.png\",\"contentUrl\":\"https:\/\/masterchem.ee\/wp-content\/uploads\/2018\/02\/master-chem_final-1.png\",\"width\":850,\"height\":356,\"caption\":\"Masterchem\"},\"image\":{\"@id\":\"https:\/\/masterchem.ee\/fi\/#\/schema\/logo\/image\/\"}}]}<\/script>\n<!-- \/ Yoast SEO plugin. -->","yoast_head_json":{"title":"1-metoksi-2-propanoli (CAS 107-98-2) - Chemistry For Industry - Solvents &amp; Chemicals - Masterchem.ee","description":"Metoksipropanoli on v\u00e4rit\u00f6n, veteen sekoittuva neste, jolla on mieto alkoholihaju ja keskim\u00e4\u00e4r\u00e4inen haihtuvuus. Metoksipropanoli sekoittuu hyvin veteen ja muihin orgaanisiin liuottimiin, liuottaa monet orgaaniset aineet hyvin, metoksipropanoli voi toimia korvikkeena monille glykoleille (E-sarja). CAS: 107-98-2","robots":{"index":"index","follow":"follow","max-snippet":"max-snippet:-1","max-image-preview":"max-image-preview:large","max-video-preview":"max-video-preview:-1"},"canonical":"https:\/\/masterchem.ee\/fi\/tooted-ja-teenused\/1-metoksi-2-propanoli\/","twitter_card":"summary_large_image","twitter_title":"1-metoksi-2-propanoli (CAS 107-98-2) - Chemistry For Industry - Solvents &amp; Chemicals - Masterchem.ee","twitter_description":"Metoksipropanoli on v\u00e4rit\u00f6n, veteen sekoittuva neste, jolla on mieto alkoholihaju ja keskim\u00e4\u00e4r\u00e4inen haihtuvuus. Metoksipropanoli sekoittuu hyvin veteen ja muihin orgaanisiin liuottimiin, liuottaa monet orgaaniset aineet hyvin, metoksipropanoli voi toimia korvikkeena monille glykoleille (E-sarja). CAS: 107-98-2","twitter_image":"https:\/\/masterchem.ee\/wp-content\/uploads\/2021\/01\/1-metoksu-2-propanool-1000l-MasterChem.jpg","twitter_misc":{"Arvioitu lukuaika":"1 minuutti"},"schema":{"@context":"https:\/\/schema.org","@graph":[{"@type":"WebPage","@id":"https:\/\/masterchem.ee\/fi\/tooted-ja-teenused\/1-metoksi-2-propanoli\/","url":"https:\/\/masterchem.ee\/fi\/tooted-ja-teenused\/1-metoksi-2-propanoli\/","name":"1-metoksi-2-propanoli (CAS 107-98-2) - Chemistry For Industry - Solvents &amp; Chemicals - Masterchem.ee","isPartOf":{"@id":"https:\/\/masterchem.ee\/fi\/#website"},"primaryImageOfPage":{"@id":"https:\/\/masterchem.ee\/fi\/tooted-ja-teenused\/1-metoksi-2-propanoli\/#primaryimage"},"image":{"@id":"https:\/\/masterchem.ee\/fi\/tooted-ja-teenused\/1-metoksi-2-propanoli\/#primaryimage"},"thumbnailUrl":"https:\/\/masterchem.ee\/wp-content\/uploads\/2021\/01\/1-metoksu-2-propanool-1000l-MasterChem.jpg","datePublished":"2021-01-10T19:15:55+00:00","dateModified":"2021-06-27T04:53:29+00:00","description":"Metoksipropanoli on v\u00e4rit\u00f6n, veteen sekoittuva neste, jolla on mieto alkoholihaju ja keskim\u00e4\u00e4r\u00e4inen haihtuvuus. Metoksipropanoli sekoittuu hyvin veteen ja muihin orgaanisiin liuottimiin, liuottaa monet orgaaniset aineet hyvin, metoksipropanoli voi toimia korvikkeena monille glykoleille (E-sarja). CAS: 107-98-2","breadcrumb":{"@id":"https:\/\/masterchem.ee\/fi\/tooted-ja-teenused\/1-metoksi-2-propanoli\/#breadcrumb"},"inLanguage":"fi","potentialAction":[{"@type":"ReadAction","target":["https:\/\/masterchem.ee\/fi\/tooted-ja-teenused\/1-metoksi-2-propanoli\/"]}]},{"@type":"ImageObject","inLanguage":"fi","@id":"https:\/\/masterchem.ee\/fi\/tooted-ja-teenused\/1-metoksi-2-propanoli\/#primaryimage","url":"https:\/\/masterchem.ee\/wp-content\/uploads\/2021\/01\/1-metoksu-2-propanool-1000l-MasterChem.jpg","contentUrl":"https:\/\/masterchem.ee\/wp-content\/uploads\/2021\/01\/1-metoksu-2-propanool-1000l-MasterChem.jpg","width":1000,"height":1000,"caption":"1-metoksi-2-propanoli 1000l MasterChem"},{"@type":"BreadcrumbList","@id":"https:\/\/masterchem.ee\/fi\/tooted-ja-teenused\/1-metoksi-2-propanoli\/#breadcrumb","itemListElement":[{"@type":"ListItem","position":1,"name":"Home","item":"https:\/\/masterchem.ee\/fi\/"},{"@type":"ListItem","position":2,"name":"Tooted ja teenused","item":"https:\/\/masterchem.ee\/tooted-ja-teenused\/"},{"@type":"ListItem","position":3,"name":"1-metoksi-2-propanoli (CAS 107-98-2)"}]},{"@type":"WebSite","@id":"https:\/\/masterchem.ee\/fi\/#website","url":"https:\/\/masterchem.ee\/fi\/","name":"Masterchem.ee","description":"Chemistry For Industry - Solvents &amp; Chemicals","publisher":{"@id":"https:\/\/masterchem.ee\/fi\/#organization"},"potentialAction":[{"@type":"SearchAction","target":{"@type":"EntryPoint","urlTemplate":"https:\/\/masterchem.ee\/fi\/?s={search_term_string}"},"query-input":{"@type":"PropertyValueSpecification","valueRequired":true,"valueName":"search_term_string"}}],"inLanguage":"fi"},{"@type":"Organization","@id":"https:\/\/masterchem.ee\/fi\/#organization","name":"Masterchem","url":"https:\/\/masterchem.ee\/fi\/","logo":{"@type":"ImageObject","inLanguage":"fi","@id":"https:\/\/masterchem.ee\/fi\/#\/schema\/logo\/image\/","url":"https:\/\/masterchem.ee\/wp-content\/uploads\/2018\/02\/master-chem_final-1.png","contentUrl":"https:\/\/masterchem.ee\/wp-content\/uploads\/2018\/02\/master-chem_final-1.png","width":850,"height":356,"caption":"Masterchem"},"image":{"@id":"https:\/\/masterchem.ee\/fi\/#\/schema\/logo\/image\/"}}]}},"_links":{"self":[{"href":"https:\/\/masterchem.ee\/fi\/wp-json\/wp\/v2\/product\/9695","targetHints":{"allow":["GET"]}}],"collection":[{"href":"https:\/\/masterchem.ee\/fi\/wp-json\/wp\/v2\/product"}],"about":[{"href":"https:\/\/masterchem.ee\/fi\/wp-json\/wp\/v2\/types\/product"}],"wp:featuredmedia":[{"embeddable":true,"href":"https:\/\/masterchem.ee\/fi\/wp-json\/wp\/v2\/media\/9739"}],"wp:attachment":[{"href":"https:\/\/masterchem.ee\/fi\/wp-json\/wp\/v2\/media?parent=9695"}],"wp:term":[{"taxonomy":"product_brand","embeddable":true,"href":"https:\/\/masterchem.ee\/fi\/wp-json\/wp\/v2\/product_brand?post=9695"},{"taxonomy":"product_cat","embeddable":true,"href":"https:\/\/masterchem.ee\/fi\/wp-json\/wp\/v2\/product_cat?post=9695"},{"taxonomy":"product_tag","embeddable":true,"href":"https:\/\/masterchem.ee\/fi\/wp-json\/wp\/v2\/product_tag?post=9695"}],"curies":[{"name":"wp","href":"https:\/\/api.w.org\/{rel}","templated":true}]}}