{"id":9600,"date":"2021-01-06T20:33:30","date_gmt":"2021-01-06T20:33:32","guid":{"rendered":"https:\/\/masterchem.ee\/?post_type=product&#038;p=9600"},"modified":"2021-01-06T20:56:23","modified_gmt":"2021-01-06T20:56:23","slug":"kasien-desinfiointiaine-mastergel-e80","status":"publish","type":"product","link":"https:\/\/masterchem.ee\/fi\/tooted-ja-teenused\/kasien-desinfiointiaine-mastergel-e80\/","title":{"rendered":"K\u00e4sien desinfiointiaine MasterGel E80"},"content":{"rendered":"<p><strong>Todistus biosidivalmisteen rekister\u00f6innist\u00e4 nro 2121\/20<\/strong><br \/>\nvarotoimet<br \/>\nH225 &#8211; Helposti syttyv\u00e4 neste ja h\u00f6yry.<br \/>\nH319 &#8211; \u00c4rsytt\u00e4\u00e4 vakavasti silmi\u00e4.<br \/>\nP102 S\u00e4ilyt\u00e4 lasten ulottumattomissa.<br \/>\nP210 Suojaa l\u00e4mm\u00f6lt\u00e4, kuumilta pinnoilta, kipin\u00f6ilt\u00e4, \u200b\u200bavotulelta ja muilta sytytysl\u00e4hteilt\u00e4. \u00c4l\u00e4 tupakoi.<br \/>\nP233 S\u00e4ilytett\u00e4v\u00e4 tiiviisti suljettuna.<br \/>\nP242: \u00c4l\u00e4 k\u00e4yt\u00e4 kipin\u00f6it\u00e4 aiheuttavia laitteita.<br \/>\nP243: Suorita varotoimenpiteet staattisten purkausten est\u00e4miseksi.<br \/>\nP403 + P235 Varastoi paikassa, jossa on hyv\u00e4 ilmanvaihto. Pysy\u00e4 rauhallisena.<br \/>\nP305 + P351 + P338 JOS KEMIKAALIA JOUTUU SILMIIN: Huuhtele varovasti vedell\u00e4 useita minuutteja.<br \/>\nP337 + P313 Jos silm\u00e4-\u00e4rsytys jatkuu: Hakeudu l\u00e4\u00e4k\u00e4riin<br \/>\nPoista piilolinssit, jos niit\u00e4 on ja se on helppo tehd\u00e4. Huuhtele uudelleen.<br \/>\nP501 H\u00e4vit\u00e4 sis\u00e4lt\u00f6 \/ pakkaus vaarallisten j\u00e4tteiden tai erityisten j\u00e4tteiden ker\u00e4yspisteeseen.<\/p>\n<p>Pakkaus:<br \/>\n500 ml muovipullo<br \/>\n5000 ml muovipurkki<br \/>\n25 litran muovipurkki<br \/>\n200 litran rumpu \/ tynnyri<br \/>\n500 litran IBC-s\u00e4ili\u00f6<br \/>\n1000 litran IBC-s\u00e4ili\u00f6<br \/>\n24 mt irtotavarana<\/p>\n<p>KOOSTUMUS: 100 g tuotetta sis\u00e4lt\u00e4\u00e4: etanolia 73,5 g (vaikuttavaa ainetta), ihonsuojakomponentteja 1 g (glyseriini\u00e4) ja 1 g (propyleeniglykolia).<br \/>\nFysikaalis-kemialliset ominaisuudet:<br \/>\nV\u00e4ri: l\u00e4pin\u00e4kyv\u00e4, v\u00e4rit\u00f6n.<br \/>\nHaju: Voimakas alkoholihaju<br \/>\nVALMISTAJA: MASTERCHEM O\u00dc, reg.nr. 10755076 Lao 4, Maardu 74114 Viro<br \/>\nwww.masterchem.ee Puhelin + 37255513600<\/p>\n","protected":false},"excerpt":{"rendered":"<p>MasterGel E80 on yleinen k\u00e4sinpuhdistusaine. Sis\u00e4lt\u00e4\u00e4 glyseriini\u00e4 est\u00e4m\u00e4\u00e4n ihon kuivumista. Se on etanolin, glyseriinin ja propyleeniglykolin seos.<br \/>\nDesinfioi, hajunpoistaa ja puhdistaa aktiivisesti, eik\u00e4 sit\u00e4 tarvitse huuhdella.<br \/>\nOminaisuuksiensa ansiosta MasterGel E80 soveltuu erityisesti sairaaloihin, julkisiin tiloihin, kuntosaleille ja sosiaalisiin kokouksiin. Sopii sek\u00e4 kotitalous- ett\u00e4 ammattik\u00e4ytt\u00f6\u00f6n.<br \/>\n<strong>K\u00e4ytt\u00e4m\u00e4ll\u00e4:<\/strong><br \/>\n\u2022 Hygieeninen k\u00e4sien antiseptinen aine:<br \/>\nLevit\u00e4 3 ml MasterChem E80: ta k\u00e4sille ja hiero k\u00e4siin 30 sekunnin ajan.<br \/>\n\u2022 Kirurginen k\u00e4sien antiseptinen aine:<br \/>\nHiero MasterChem E80 k\u00e4siin 2 kertaa, 3-6 ml. (On t\u00e4rke\u00e4\u00e4 varmistaa, ett\u00e4 koko k\u00e4sitelt\u00e4v\u00e4 pinta on peitetty liuoksella). Hankaaminen kest\u00e4\u00e4 1,5 minuuttia. Ty\u00f6skentele molemmat k\u00e4det ja k\u00e4sivarret.<br \/>\nK\u00e4yt\u00e4 biosidia turvallisesti! Muista lukea liitteen\u00e4 olevat tiedot ennen k\u00e4ytt\u00f6\u00e4!<\/p>\n","protected":false},"featured_media":9645,"template":"","meta":[],"product_brand":[],"product_cat":[180,266,117,120,122,227],"product_tag":[],"class_list":{"0":"post-9600","1":"product","2":"type-product","3":"status-publish","4":"has-post-thumbnail","6":"product_cat-uncategorized-fi-2","7":"product_cat-desinfiointiaineet","8":"product_cat-kotitalouskemikaalit","9":"product_cat-laaketeollisuus","10":"product_cat-teollisuuskemikaalit","11":"product_cat-uncategorised-fi","12":"pif-has-gallery","14":"first","15":"instock","16":"taxable","17":"shipping-taxable","18":"purchasable","19":"product-type-variable","20":"has-default-attributes"},"yoast_head":"<!-- This site is optimized with the Yoast SEO plugin v26.2 - https:\/\/yoast.com\/wordpress\/plugins\/seo\/ -->\n<title>K\u00e4sien desinfiointiaine MasterGel E80 - Chemistry For Industry - Solvents &amp; Chemicals - Masterchem.ee<\/title>\n<meta name=\"description\" content=\"MasterGel E80 on yleinen k\u00e4sinpuhdistusaine. Sis\u00e4lt\u00e4\u00e4 glyseriini\u00e4 est\u00e4m\u00e4\u00e4n ihon kuivumista. Se on etanolin, glyseriinin ja propyleeniglykolin seos.\" \/>\n<meta name=\"robots\" content=\"index, follow, max-snippet:-1, max-image-preview:large, max-video-preview:-1\" \/>\n<link rel=\"canonical\" href=\"https:\/\/masterchem.ee\/fi\/tooted-ja-teenused\/kasien-desinfiointiaine-mastergel-e80\/\" \/>\n<meta name=\"twitter:card\" content=\"summary_large_image\" \/>\n<meta name=\"twitter:title\" content=\"K\u00e4sien desinfiointiaine MasterGel E80 - Chemistry For Industry - Solvents &amp; Chemicals - Masterchem.ee\" \/>\n<meta name=\"twitter:description\" content=\"MasterGel E80 on yleinen k\u00e4sinpuhdistusaine. Sis\u00e4lt\u00e4\u00e4 glyseriini\u00e4 est\u00e4m\u00e4\u00e4n ihon kuivumista. Se on etanolin, glyseriinin ja propyleeniglykolin seos.\" \/>\n<meta name=\"twitter:image\" content=\"https:\/\/masterchem.ee\/wp-content\/uploads\/2021\/01\/MasterGel-E80-5l-MasterChem.jpg\" \/>\n<meta name=\"twitter:label1\" content=\"Arvioitu lukuaika\" \/>\n\t<meta name=\"twitter:data1\" content=\"1 minuutti\" \/>\n<script type=\"application\/ld+json\" class=\"yoast-schema-graph\">{\"@context\":\"https:\/\/schema.org\",\"@graph\":[{\"@type\":\"WebPage\",\"@id\":\"https:\/\/masterchem.ee\/fi\/tooted-ja-teenused\/kasien-desinfiointiaine-mastergel-e80\/\",\"url\":\"https:\/\/masterchem.ee\/fi\/tooted-ja-teenused\/kasien-desinfiointiaine-mastergel-e80\/\",\"name\":\"K\u00e4sien desinfiointiaine MasterGel E80 - Chemistry For Industry - Solvents &amp; Chemicals - Masterchem.ee\",\"isPartOf\":{\"@id\":\"https:\/\/masterchem.ee\/fi\/#website\"},\"primaryImageOfPage\":{\"@id\":\"https:\/\/masterchem.ee\/fi\/tooted-ja-teenused\/kasien-desinfiointiaine-mastergel-e80\/#primaryimage\"},\"image\":{\"@id\":\"https:\/\/masterchem.ee\/fi\/tooted-ja-teenused\/kasien-desinfiointiaine-mastergel-e80\/#primaryimage\"},\"thumbnailUrl\":\"https:\/\/masterchem.ee\/wp-content\/uploads\/2021\/01\/MasterGel-E80-5l-MasterChem.jpg\",\"datePublished\":\"2021-01-06T20:33:32+00:00\",\"dateModified\":\"2021-01-06T20:56:23+00:00\",\"description\":\"MasterGel E80 on yleinen k\u00e4sinpuhdistusaine. Sis\u00e4lt\u00e4\u00e4 glyseriini\u00e4 est\u00e4m\u00e4\u00e4n ihon kuivumista. Se on etanolin, glyseriinin ja propyleeniglykolin seos.\",\"breadcrumb\":{\"@id\":\"https:\/\/masterchem.ee\/fi\/tooted-ja-teenused\/kasien-desinfiointiaine-mastergel-e80\/#breadcrumb\"},\"inLanguage\":\"fi\",\"potentialAction\":[{\"@type\":\"ReadAction\",\"target\":[\"https:\/\/masterchem.ee\/fi\/tooted-ja-teenused\/kasien-desinfiointiaine-mastergel-e80\/\"]}]},{\"@type\":\"ImageObject\",\"inLanguage\":\"fi\",\"@id\":\"https:\/\/masterchem.ee\/fi\/tooted-ja-teenused\/kasien-desinfiointiaine-mastergel-e80\/#primaryimage\",\"url\":\"https:\/\/masterchem.ee\/wp-content\/uploads\/2021\/01\/MasterGel-E80-5l-MasterChem.jpg\",\"contentUrl\":\"https:\/\/masterchem.ee\/wp-content\/uploads\/2021\/01\/MasterGel-E80-5l-MasterChem.jpg\",\"width\":700,\"height\":700,\"caption\":\"K\u00e4sien desinfiointiaine MasterGel E80 5L\"},{\"@type\":\"BreadcrumbList\",\"@id\":\"https:\/\/masterchem.ee\/fi\/tooted-ja-teenused\/kasien-desinfiointiaine-mastergel-e80\/#breadcrumb\",\"itemListElement\":[{\"@type\":\"ListItem\",\"position\":1,\"name\":\"Home\",\"item\":\"https:\/\/masterchem.ee\/fi\/\"},{\"@type\":\"ListItem\",\"position\":2,\"name\":\"Tooted ja teenused\",\"item\":\"https:\/\/masterchem.ee\/tooted-ja-teenused\/\"},{\"@type\":\"ListItem\",\"position\":3,\"name\":\"K\u00e4sien desinfiointiaine MasterGel E80\"}]},{\"@type\":\"WebSite\",\"@id\":\"https:\/\/masterchem.ee\/fi\/#website\",\"url\":\"https:\/\/masterchem.ee\/fi\/\",\"name\":\"Masterchem.ee\",\"description\":\"Chemistry For Industry - Solvents &amp; Chemicals\",\"publisher\":{\"@id\":\"https:\/\/masterchem.ee\/fi\/#organization\"},\"potentialAction\":[{\"@type\":\"SearchAction\",\"target\":{\"@type\":\"EntryPoint\",\"urlTemplate\":\"https:\/\/masterchem.ee\/fi\/?s={search_term_string}\"},\"query-input\":{\"@type\":\"PropertyValueSpecification\",\"valueRequired\":true,\"valueName\":\"search_term_string\"}}],\"inLanguage\":\"fi\"},{\"@type\":\"Organization\",\"@id\":\"https:\/\/masterchem.ee\/fi\/#organization\",\"name\":\"Masterchem\",\"url\":\"https:\/\/masterchem.ee\/fi\/\",\"logo\":{\"@type\":\"ImageObject\",\"inLanguage\":\"fi\",\"@id\":\"https:\/\/masterchem.ee\/fi\/#\/schema\/logo\/image\/\",\"url\":\"https:\/\/masterchem.ee\/wp-content\/uploads\/2018\/02\/master-chem_final-1.png\",\"contentUrl\":\"https:\/\/masterchem.ee\/wp-content\/uploads\/2018\/02\/master-chem_final-1.png\",\"width\":850,\"height\":356,\"caption\":\"Masterchem\"},\"image\":{\"@id\":\"https:\/\/masterchem.ee\/fi\/#\/schema\/logo\/image\/\"}}]}<\/script>\n<!-- \/ Yoast SEO plugin. -->","yoast_head_json":{"title":"K\u00e4sien desinfiointiaine MasterGel E80 - Chemistry For Industry - Solvents &amp; Chemicals - Masterchem.ee","description":"MasterGel E80 on yleinen k\u00e4sinpuhdistusaine. Sis\u00e4lt\u00e4\u00e4 glyseriini\u00e4 est\u00e4m\u00e4\u00e4n ihon kuivumista. Se on etanolin, glyseriinin ja propyleeniglykolin seos.","robots":{"index":"index","follow":"follow","max-snippet":"max-snippet:-1","max-image-preview":"max-image-preview:large","max-video-preview":"max-video-preview:-1"},"canonical":"https:\/\/masterchem.ee\/fi\/tooted-ja-teenused\/kasien-desinfiointiaine-mastergel-e80\/","twitter_card":"summary_large_image","twitter_title":"K\u00e4sien desinfiointiaine MasterGel E80 - Chemistry For Industry - Solvents &amp; Chemicals - Masterchem.ee","twitter_description":"MasterGel E80 on yleinen k\u00e4sinpuhdistusaine. Sis\u00e4lt\u00e4\u00e4 glyseriini\u00e4 est\u00e4m\u00e4\u00e4n ihon kuivumista. Se on etanolin, glyseriinin ja propyleeniglykolin seos.","twitter_image":"https:\/\/masterchem.ee\/wp-content\/uploads\/2021\/01\/MasterGel-E80-5l-MasterChem.jpg","twitter_misc":{"Arvioitu lukuaika":"1 minuutti"},"schema":{"@context":"https:\/\/schema.org","@graph":[{"@type":"WebPage","@id":"https:\/\/masterchem.ee\/fi\/tooted-ja-teenused\/kasien-desinfiointiaine-mastergel-e80\/","url":"https:\/\/masterchem.ee\/fi\/tooted-ja-teenused\/kasien-desinfiointiaine-mastergel-e80\/","name":"K\u00e4sien desinfiointiaine MasterGel E80 - Chemistry For Industry - Solvents &amp; Chemicals - Masterchem.ee","isPartOf":{"@id":"https:\/\/masterchem.ee\/fi\/#website"},"primaryImageOfPage":{"@id":"https:\/\/masterchem.ee\/fi\/tooted-ja-teenused\/kasien-desinfiointiaine-mastergel-e80\/#primaryimage"},"image":{"@id":"https:\/\/masterchem.ee\/fi\/tooted-ja-teenused\/kasien-desinfiointiaine-mastergel-e80\/#primaryimage"},"thumbnailUrl":"https:\/\/masterchem.ee\/wp-content\/uploads\/2021\/01\/MasterGel-E80-5l-MasterChem.jpg","datePublished":"2021-01-06T20:33:32+00:00","dateModified":"2021-01-06T20:56:23+00:00","description":"MasterGel E80 on yleinen k\u00e4sinpuhdistusaine. Sis\u00e4lt\u00e4\u00e4 glyseriini\u00e4 est\u00e4m\u00e4\u00e4n ihon kuivumista. Se on etanolin, glyseriinin ja propyleeniglykolin seos.","breadcrumb":{"@id":"https:\/\/masterchem.ee\/fi\/tooted-ja-teenused\/kasien-desinfiointiaine-mastergel-e80\/#breadcrumb"},"inLanguage":"fi","potentialAction":[{"@type":"ReadAction","target":["https:\/\/masterchem.ee\/fi\/tooted-ja-teenused\/kasien-desinfiointiaine-mastergel-e80\/"]}]},{"@type":"ImageObject","inLanguage":"fi","@id":"https:\/\/masterchem.ee\/fi\/tooted-ja-teenused\/kasien-desinfiointiaine-mastergel-e80\/#primaryimage","url":"https:\/\/masterchem.ee\/wp-content\/uploads\/2021\/01\/MasterGel-E80-5l-MasterChem.jpg","contentUrl":"https:\/\/masterchem.ee\/wp-content\/uploads\/2021\/01\/MasterGel-E80-5l-MasterChem.jpg","width":700,"height":700,"caption":"K\u00e4sien desinfiointiaine MasterGel E80 5L"},{"@type":"BreadcrumbList","@id":"https:\/\/masterchem.ee\/fi\/tooted-ja-teenused\/kasien-desinfiointiaine-mastergel-e80\/#breadcrumb","itemListElement":[{"@type":"ListItem","position":1,"name":"Home","item":"https:\/\/masterchem.ee\/fi\/"},{"@type":"ListItem","position":2,"name":"Tooted ja teenused","item":"https:\/\/masterchem.ee\/tooted-ja-teenused\/"},{"@type":"ListItem","position":3,"name":"K\u00e4sien desinfiointiaine MasterGel E80"}]},{"@type":"WebSite","@id":"https:\/\/masterchem.ee\/fi\/#website","url":"https:\/\/masterchem.ee\/fi\/","name":"Masterchem.ee","description":"Chemistry For Industry - Solvents &amp; Chemicals","publisher":{"@id":"https:\/\/masterchem.ee\/fi\/#organization"},"potentialAction":[{"@type":"SearchAction","target":{"@type":"EntryPoint","urlTemplate":"https:\/\/masterchem.ee\/fi\/?s={search_term_string}"},"query-input":{"@type":"PropertyValueSpecification","valueRequired":true,"valueName":"search_term_string"}}],"inLanguage":"fi"},{"@type":"Organization","@id":"https:\/\/masterchem.ee\/fi\/#organization","name":"Masterchem","url":"https:\/\/masterchem.ee\/fi\/","logo":{"@type":"ImageObject","inLanguage":"fi","@id":"https:\/\/masterchem.ee\/fi\/#\/schema\/logo\/image\/","url":"https:\/\/masterchem.ee\/wp-content\/uploads\/2018\/02\/master-chem_final-1.png","contentUrl":"https:\/\/masterchem.ee\/wp-content\/uploads\/2018\/02\/master-chem_final-1.png","width":850,"height":356,"caption":"Masterchem"},"image":{"@id":"https:\/\/masterchem.ee\/fi\/#\/schema\/logo\/image\/"}}]}},"_links":{"self":[{"href":"https:\/\/masterchem.ee\/fi\/wp-json\/wp\/v2\/product\/9600","targetHints":{"allow":["GET"]}}],"collection":[{"href":"https:\/\/masterchem.ee\/fi\/wp-json\/wp\/v2\/product"}],"about":[{"href":"https:\/\/masterchem.ee\/fi\/wp-json\/wp\/v2\/types\/product"}],"wp:featuredmedia":[{"embeddable":true,"href":"https:\/\/masterchem.ee\/fi\/wp-json\/wp\/v2\/media\/9645"}],"wp:attachment":[{"href":"https:\/\/masterchem.ee\/fi\/wp-json\/wp\/v2\/media?parent=9600"}],"wp:term":[{"taxonomy":"product_brand","embeddable":true,"href":"https:\/\/masterchem.ee\/fi\/wp-json\/wp\/v2\/product_brand?post=9600"},{"taxonomy":"product_cat","embeddable":true,"href":"https:\/\/masterchem.ee\/fi\/wp-json\/wp\/v2\/product_cat?post=9600"},{"taxonomy":"product_tag","embeddable":true,"href":"https:\/\/masterchem.ee\/fi\/wp-json\/wp\/v2\/product_tag?post=9600"}],"curies":[{"name":"wp","href":"https:\/\/api.w.org\/{rel}","templated":true}]}}