{"id":9470,"date":"2020-12-24T13:07:40","date_gmt":"2020-12-24T13:07:40","guid":{"rendered":"https:\/\/masterchem.ee\/product\/jarrupuhdistin-mastercleaner-top\/"},"modified":"2023-04-06T10:36:04","modified_gmt":"2023-04-06T10:36:04","slug":"jarrupuhdistin-mastercleaner-top","status":"publish","type":"product","link":"https:\/\/masterchem.ee\/fi\/tooted-ja-teenused\/jarrupuhdistin-mastercleaner-top\/","title":{"rendered":"Jarrupuhdistin MasterCleaner Top"},"content":{"rendered":"<p><strong>Tekninen informaatio:<\/strong><br \/>\nEm\u00e4s: alifaattiset hiilivedyt.<br \/>\nV\u00e4ri: l\u00e4pin\u00e4kyv\u00e4.<br \/>\nHaju: erityinen.<br \/>\nTiheys (ASTM D4052) 0,705 g \/ ml<br \/>\n<strong>Fysikaaliset ja kemialliset ominaisuudet:<\/strong><br \/>\nV\u00e4ri: L\u00e4pin\u00e4kyv\u00e4, v\u00e4rit\u00f6n.<br \/>\nHaju: Heikko erityinen haju.<\/p>\n","protected":false},"excerpt":{"rendered":"<p>MasterCleaner Top &#8211; on jarrupuhdistin, joka poistaa tehokkaasti lian, silikonin, \u00f6ljyn, rasvan, liiman, jarrup\u00f6lyn, noken.<br \/>\nMasterCleaner Top on eritt\u00e4in nopeasti haihtuva puhdistusaine, joka poistaa pienimm\u00e4tkin \u00f6ljypartikkelit pinnalta.<br \/>\nJarrunpuhdistin MasterCleaner Top on ainutlaatuinen, koska se on t\u00e4ysin haihtuva eik\u00e4 j\u00e4t\u00e4 j\u00e4lki\u00e4. Ei sis\u00e4ll\u00e4 asetonia tai asetaatteja. Ei aiheuta korroosiota. Voidaan k\u00e4ytt\u00e4\u00e4 erityyppisten muovien kanssa. Saattaa vahingoittaa kumituotteita.<br \/>\nMasterCleaner Top &#8211; jarrupuhdistin: K\u00e4ytet\u00e4\u00e4n rasvan, \u00f6ljyn, noken, jarrup\u00f6lyn ja nesteen poistamiseen. Nopean kuivumisaikansa ansiosta puhdistetut osat voidaan k\u00e4ytt\u00e4\u00e4 melkein v\u00e4litt\u00f6m\u00e4sti ja jatkaa ty\u00f6skentely\u00e4.<br \/>\nJarrunpuhdistin MasterCleaner Top sopii my\u00f6s k\u00e4ytett\u00e4v\u00e4ksi yleisen\u00e4 teknisen\u00e4 puhdistusaineena kaikkien mekaanisten osien puhdistamiseen \u00f6ljyst\u00e4 ja muista ep\u00e4puhtauksista.<br \/>\nMasterCleaner Top &#8211; jarrupuhdistinta voidaan k\u00e4ytt\u00e4\u00e4 my\u00f6s s\u00e4hk\u00f6isten koskettimien ja liit\u00e4nt\u00f6jen puhdistamiseen.<\/p>\n","protected":false},"featured_media":9505,"template":"","meta":[],"product_brand":[],"product_cat":[180,115],"product_tag":[],"class_list":{"0":"post-9470","1":"product","2":"type-product","3":"status-publish","4":"has-post-thumbnail","6":"product_cat-uncategorized-fi-2","7":"product_cat-auton-ja-koneiden-kemikaalit","8":"pif-has-gallery","10":"first","11":"instock","12":"featured","13":"taxable","14":"shipping-taxable","15":"purchasable","16":"product-type-variable","17":"has-default-attributes"},"yoast_head":"<!-- This site is optimized with the Yoast SEO plugin v26.2 - https:\/\/yoast.com\/wordpress\/plugins\/seo\/ -->\n<title>Jarrupuhdistin MasterCleaner Top - Chemistry For Industry - Solvents &amp; Chemicals - Masterchem.ee<\/title>\n<meta name=\"description\" content=\"MasterCleaner Top - on jarrupuhdistin, joka poistaa tehokkaasti lian, silikonin, \u00f6ljyn, rasvan, liiman, jarrup\u00f6lyn, noken. MasterCleaner Top on eritt\u00e4in nopeasti haihtuva puhdistusaine, joka poistaa pienimm\u00e4tkin \u00f6ljypartikkelit pinnalta.\" \/>\n<meta name=\"robots\" content=\"index, follow, max-snippet:-1, max-image-preview:large, max-video-preview:-1\" \/>\n<link rel=\"canonical\" href=\"https:\/\/masterchem.ee\/fi\/tooted-ja-teenused\/jarrupuhdistin-mastercleaner-top\/\" \/>\n<meta name=\"twitter:card\" content=\"summary_large_image\" \/>\n<meta name=\"twitter:title\" content=\"Jarrupuhdistin MasterCleaner Top - Chemistry For Industry - Solvents &amp; Chemicals - Masterchem.ee\" \/>\n<meta name=\"twitter:description\" content=\"MasterCleaner Top - on jarrupuhdistin, joka poistaa tehokkaasti lian, silikonin, \u00f6ljyn, rasvan, liiman, jarrup\u00f6lyn, noken. MasterCleaner Top on eritt\u00e4in nopeasti haihtuva puhdistusaine, joka poistaa pienimm\u00e4tkin \u00f6ljypartikkelit pinnalta.\" \/>\n<meta name=\"twitter:image\" content=\"https:\/\/masterchem.ee\/wp-content\/uploads\/2020\/12\/Piduripuhastaja-MasterCleaner-Top-5l-MaterChem.jpg\" \/>\n<script type=\"application\/ld+json\" class=\"yoast-schema-graph\">{\"@context\":\"https:\/\/schema.org\",\"@graph\":[{\"@type\":\"WebPage\",\"@id\":\"https:\/\/masterchem.ee\/fi\/tooted-ja-teenused\/jarrupuhdistin-mastercleaner-top\/\",\"url\":\"https:\/\/masterchem.ee\/fi\/tooted-ja-teenused\/jarrupuhdistin-mastercleaner-top\/\",\"name\":\"Jarrupuhdistin MasterCleaner Top - Chemistry For Industry - Solvents &amp; Chemicals - Masterchem.ee\",\"isPartOf\":{\"@id\":\"https:\/\/masterchem.ee\/fi\/#website\"},\"primaryImageOfPage\":{\"@id\":\"https:\/\/masterchem.ee\/fi\/tooted-ja-teenused\/jarrupuhdistin-mastercleaner-top\/#primaryimage\"},\"image\":{\"@id\":\"https:\/\/masterchem.ee\/fi\/tooted-ja-teenused\/jarrupuhdistin-mastercleaner-top\/#primaryimage\"},\"thumbnailUrl\":\"https:\/\/masterchem.ee\/wp-content\/uploads\/2020\/12\/Piduripuhastaja-MasterCleaner-Top-5l-MaterChem.jpg\",\"datePublished\":\"2020-12-24T13:07:40+00:00\",\"dateModified\":\"2023-04-06T10:36:04+00:00\",\"description\":\"MasterCleaner Top - on jarrupuhdistin, joka poistaa tehokkaasti lian, silikonin, \u00f6ljyn, rasvan, liiman, jarrup\u00f6lyn, noken. MasterCleaner Top on eritt\u00e4in nopeasti haihtuva puhdistusaine, joka poistaa pienimm\u00e4tkin \u00f6ljypartikkelit pinnalta.\",\"breadcrumb\":{\"@id\":\"https:\/\/masterchem.ee\/fi\/tooted-ja-teenused\/jarrupuhdistin-mastercleaner-top\/#breadcrumb\"},\"inLanguage\":\"fi\",\"potentialAction\":[{\"@type\":\"ReadAction\",\"target\":[\"https:\/\/masterchem.ee\/fi\/tooted-ja-teenused\/jarrupuhdistin-mastercleaner-top\/\"]}]},{\"@type\":\"ImageObject\",\"inLanguage\":\"fi\",\"@id\":\"https:\/\/masterchem.ee\/fi\/tooted-ja-teenused\/jarrupuhdistin-mastercleaner-top\/#primaryimage\",\"url\":\"https:\/\/masterchem.ee\/wp-content\/uploads\/2020\/12\/Piduripuhastaja-MasterCleaner-Top-5l-MaterChem.jpg\",\"contentUrl\":\"https:\/\/masterchem.ee\/wp-content\/uploads\/2020\/12\/Piduripuhastaja-MasterCleaner-Top-5l-MaterChem.jpg\",\"width\":700,\"height\":700,\"caption\":\"Jarrupuhdistin MasterCleaner Top 5l MaterChem\"},{\"@type\":\"BreadcrumbList\",\"@id\":\"https:\/\/masterchem.ee\/fi\/tooted-ja-teenused\/jarrupuhdistin-mastercleaner-top\/#breadcrumb\",\"itemListElement\":[{\"@type\":\"ListItem\",\"position\":1,\"name\":\"Home\",\"item\":\"https:\/\/masterchem.ee\/fi\/\"},{\"@type\":\"ListItem\",\"position\":2,\"name\":\"Tooted ja teenused\",\"item\":\"https:\/\/masterchem.ee\/tooted-ja-teenused\/\"},{\"@type\":\"ListItem\",\"position\":3,\"name\":\"Jarrupuhdistin MasterCleaner Top\"}]},{\"@type\":\"WebSite\",\"@id\":\"https:\/\/masterchem.ee\/fi\/#website\",\"url\":\"https:\/\/masterchem.ee\/fi\/\",\"name\":\"Masterchem.ee\",\"description\":\"Chemistry For Industry - Solvents &amp; Chemicals\",\"publisher\":{\"@id\":\"https:\/\/masterchem.ee\/fi\/#organization\"},\"potentialAction\":[{\"@type\":\"SearchAction\",\"target\":{\"@type\":\"EntryPoint\",\"urlTemplate\":\"https:\/\/masterchem.ee\/fi\/?s={search_term_string}\"},\"query-input\":{\"@type\":\"PropertyValueSpecification\",\"valueRequired\":true,\"valueName\":\"search_term_string\"}}],\"inLanguage\":\"fi\"},{\"@type\":\"Organization\",\"@id\":\"https:\/\/masterchem.ee\/fi\/#organization\",\"name\":\"Masterchem\",\"url\":\"https:\/\/masterchem.ee\/fi\/\",\"logo\":{\"@type\":\"ImageObject\",\"inLanguage\":\"fi\",\"@id\":\"https:\/\/masterchem.ee\/fi\/#\/schema\/logo\/image\/\",\"url\":\"https:\/\/masterchem.ee\/wp-content\/uploads\/2018\/02\/master-chem_final-1.png\",\"contentUrl\":\"https:\/\/masterchem.ee\/wp-content\/uploads\/2018\/02\/master-chem_final-1.png\",\"width\":850,\"height\":356,\"caption\":\"Masterchem\"},\"image\":{\"@id\":\"https:\/\/masterchem.ee\/fi\/#\/schema\/logo\/image\/\"}}]}<\/script>\n<!-- \/ Yoast SEO plugin. -->","yoast_head_json":{"title":"Jarrupuhdistin MasterCleaner Top - Chemistry For Industry - Solvents &amp; Chemicals - Masterchem.ee","description":"MasterCleaner Top - on jarrupuhdistin, joka poistaa tehokkaasti lian, silikonin, \u00f6ljyn, rasvan, liiman, jarrup\u00f6lyn, noken. MasterCleaner Top on eritt\u00e4in nopeasti haihtuva puhdistusaine, joka poistaa pienimm\u00e4tkin \u00f6ljypartikkelit pinnalta.","robots":{"index":"index","follow":"follow","max-snippet":"max-snippet:-1","max-image-preview":"max-image-preview:large","max-video-preview":"max-video-preview:-1"},"canonical":"https:\/\/masterchem.ee\/fi\/tooted-ja-teenused\/jarrupuhdistin-mastercleaner-top\/","twitter_card":"summary_large_image","twitter_title":"Jarrupuhdistin MasterCleaner Top - Chemistry For Industry - Solvents &amp; Chemicals - Masterchem.ee","twitter_description":"MasterCleaner Top - on jarrupuhdistin, joka poistaa tehokkaasti lian, silikonin, \u00f6ljyn, rasvan, liiman, jarrup\u00f6lyn, noken. MasterCleaner Top on eritt\u00e4in nopeasti haihtuva puhdistusaine, joka poistaa pienimm\u00e4tkin \u00f6ljypartikkelit pinnalta.","twitter_image":"https:\/\/masterchem.ee\/wp-content\/uploads\/2020\/12\/Piduripuhastaja-MasterCleaner-Top-5l-MaterChem.jpg","schema":{"@context":"https:\/\/schema.org","@graph":[{"@type":"WebPage","@id":"https:\/\/masterchem.ee\/fi\/tooted-ja-teenused\/jarrupuhdistin-mastercleaner-top\/","url":"https:\/\/masterchem.ee\/fi\/tooted-ja-teenused\/jarrupuhdistin-mastercleaner-top\/","name":"Jarrupuhdistin MasterCleaner Top - Chemistry For Industry - Solvents &amp; Chemicals - Masterchem.ee","isPartOf":{"@id":"https:\/\/masterchem.ee\/fi\/#website"},"primaryImageOfPage":{"@id":"https:\/\/masterchem.ee\/fi\/tooted-ja-teenused\/jarrupuhdistin-mastercleaner-top\/#primaryimage"},"image":{"@id":"https:\/\/masterchem.ee\/fi\/tooted-ja-teenused\/jarrupuhdistin-mastercleaner-top\/#primaryimage"},"thumbnailUrl":"https:\/\/masterchem.ee\/wp-content\/uploads\/2020\/12\/Piduripuhastaja-MasterCleaner-Top-5l-MaterChem.jpg","datePublished":"2020-12-24T13:07:40+00:00","dateModified":"2023-04-06T10:36:04+00:00","description":"MasterCleaner Top - on jarrupuhdistin, joka poistaa tehokkaasti lian, silikonin, \u00f6ljyn, rasvan, liiman, jarrup\u00f6lyn, noken. MasterCleaner Top on eritt\u00e4in nopeasti haihtuva puhdistusaine, joka poistaa pienimm\u00e4tkin \u00f6ljypartikkelit pinnalta.","breadcrumb":{"@id":"https:\/\/masterchem.ee\/fi\/tooted-ja-teenused\/jarrupuhdistin-mastercleaner-top\/#breadcrumb"},"inLanguage":"fi","potentialAction":[{"@type":"ReadAction","target":["https:\/\/masterchem.ee\/fi\/tooted-ja-teenused\/jarrupuhdistin-mastercleaner-top\/"]}]},{"@type":"ImageObject","inLanguage":"fi","@id":"https:\/\/masterchem.ee\/fi\/tooted-ja-teenused\/jarrupuhdistin-mastercleaner-top\/#primaryimage","url":"https:\/\/masterchem.ee\/wp-content\/uploads\/2020\/12\/Piduripuhastaja-MasterCleaner-Top-5l-MaterChem.jpg","contentUrl":"https:\/\/masterchem.ee\/wp-content\/uploads\/2020\/12\/Piduripuhastaja-MasterCleaner-Top-5l-MaterChem.jpg","width":700,"height":700,"caption":"Jarrupuhdistin MasterCleaner Top 5l MaterChem"},{"@type":"BreadcrumbList","@id":"https:\/\/masterchem.ee\/fi\/tooted-ja-teenused\/jarrupuhdistin-mastercleaner-top\/#breadcrumb","itemListElement":[{"@type":"ListItem","position":1,"name":"Home","item":"https:\/\/masterchem.ee\/fi\/"},{"@type":"ListItem","position":2,"name":"Tooted ja teenused","item":"https:\/\/masterchem.ee\/tooted-ja-teenused\/"},{"@type":"ListItem","position":3,"name":"Jarrupuhdistin MasterCleaner Top"}]},{"@type":"WebSite","@id":"https:\/\/masterchem.ee\/fi\/#website","url":"https:\/\/masterchem.ee\/fi\/","name":"Masterchem.ee","description":"Chemistry For Industry - Solvents &amp; Chemicals","publisher":{"@id":"https:\/\/masterchem.ee\/fi\/#organization"},"potentialAction":[{"@type":"SearchAction","target":{"@type":"EntryPoint","urlTemplate":"https:\/\/masterchem.ee\/fi\/?s={search_term_string}"},"query-input":{"@type":"PropertyValueSpecification","valueRequired":true,"valueName":"search_term_string"}}],"inLanguage":"fi"},{"@type":"Organization","@id":"https:\/\/masterchem.ee\/fi\/#organization","name":"Masterchem","url":"https:\/\/masterchem.ee\/fi\/","logo":{"@type":"ImageObject","inLanguage":"fi","@id":"https:\/\/masterchem.ee\/fi\/#\/schema\/logo\/image\/","url":"https:\/\/masterchem.ee\/wp-content\/uploads\/2018\/02\/master-chem_final-1.png","contentUrl":"https:\/\/masterchem.ee\/wp-content\/uploads\/2018\/02\/master-chem_final-1.png","width":850,"height":356,"caption":"Masterchem"},"image":{"@id":"https:\/\/masterchem.ee\/fi\/#\/schema\/logo\/image\/"}}]}},"_links":{"self":[{"href":"https:\/\/masterchem.ee\/fi\/wp-json\/wp\/v2\/product\/9470","targetHints":{"allow":["GET"]}}],"collection":[{"href":"https:\/\/masterchem.ee\/fi\/wp-json\/wp\/v2\/product"}],"about":[{"href":"https:\/\/masterchem.ee\/fi\/wp-json\/wp\/v2\/types\/product"}],"wp:featuredmedia":[{"embeddable":true,"href":"https:\/\/masterchem.ee\/fi\/wp-json\/wp\/v2\/media\/9505"}],"wp:attachment":[{"href":"https:\/\/masterchem.ee\/fi\/wp-json\/wp\/v2\/media?parent=9470"}],"wp:term":[{"taxonomy":"product_brand","embeddable":true,"href":"https:\/\/masterchem.ee\/fi\/wp-json\/wp\/v2\/product_brand?post=9470"},{"taxonomy":"product_cat","embeddable":true,"href":"https:\/\/masterchem.ee\/fi\/wp-json\/wp\/v2\/product_cat?post=9470"},{"taxonomy":"product_tag","embeddable":true,"href":"https:\/\/masterchem.ee\/fi\/wp-json\/wp\/v2\/product_tag?post=9470"}],"curies":[{"name":"wp","href":"https:\/\/api.w.org\/{rel}","templated":true}]}}