{"id":9111,"date":"2020-11-05T08:57:24","date_gmt":"2020-11-05T08:57:27","guid":{"rendered":"https:\/\/masterchem.ee\/?post_type=product&#038;p=9111"},"modified":"2020-11-11T09:46:48","modified_gmt":"2020-11-11T09:46:48","slug":"kasinpuhdistin-masterchem-e80-5l","status":"publish","type":"product","link":"https:\/\/masterchem.ee\/fi\/tooted-ja-teenused\/kasinpuhdistin-masterchem-e80-5l\/","title":{"rendered":"K\u00e4sinpuhdistin MasterChem E80 5L"},"content":{"rendered":"<p><strong>k\u00e4ytt\u00e4en:<\/strong><br \/>\n\u2022 Hygieninen k\u00e4den antiseptinen aine:<br \/>\nLevit\u00e4 3 ml MasterChem E80 k\u00e4siin ja hieronta k\u00e4siss\u00e4 30 sekunnin ajan. sis\u00e4ll\u00e4.<br \/>\n\u2022 Kirurginen k\u00e4den antiseptinen aine:<br \/>\nHiero MasterChem E80 k\u00e4siin 2 kertaa, 3-6 ml kutakin. (On t\u00e4rke\u00e4\u00e4 varmistaa, ett\u00e4 koko k\u00e4sitelt\u00e4v\u00e4 pinta on peitetty liuoksella). Hankaus kest\u00e4\u00e4 1,5 minuuttia. K\u00e4yt\u00e4 molempia k\u00e4si\u00e4 ja k\u00e4sivarsia.<br \/>\nK\u00e4yt\u00e4 biosidia turvallisesti! Muista lukea liitteen\u00e4 olevat tiedot ennen k\u00e4ytt\u00f6\u00e4!<\/p>\n<p><strong>Biosidituotteen rekister\u00f6intitodistus nro 1898\/20<\/strong><\/p>\n<p><strong>varotoimi<\/strong><br \/>\nH225 &#8211; Helposti syttyv\u00e4 neste ja h\u00f6yry.<br \/>\nH319 &#8211; \u00c4rsytt\u00e4\u00e4 voimakkaasti silmi\u00e4.<br \/>\nP102 Ei lasten ulottuville.<br \/>\nP210 Suojaa l\u00e4mm\u00f6lt\u00e4, kuumilta pinnoilta, kipin\u00f6ilt\u00e4, \u200b\u200bavotulelta ja muilta sytytysl\u00e4hteilt\u00e4. \u00c4l\u00e4 tupakoi.<br \/>\nP233 Pid\u00e4 s\u00e4ili\u00f6 tiiviisti suljettuna.<br \/>\nP403 + P235 Varastoi hyvin ilmastoidussa paikassa. Pysy\u00e4 rauhallisena.<br \/>\nP305 + P351 + P338 JOS KEMIKAALIA JOUTUU SILMIIN: Huuhtele varovasti vedell\u00e4 useita minuutteja. Poista piilolinssit, jos niit\u00e4 on ja helppo tehd\u00e4. Huuhtele uudelleen.<br \/>\nP501 H\u00e4vit\u00e4 sis\u00e4lt\u00f6 \/ pakkaus vaarallisten j\u00e4tteiden tai erityiseen ker\u00e4yspisteeseen.<\/p>\n<p><strong>varastointi:<\/strong><br \/>\nVarastoi tuotetta l\u00e4mp\u00f6tilassa +5 \u00b0 C &#8211; 35 \u00b0 C ja \u00e4l\u00e4 altista sit\u00e4 suoralle auringonvalolle<\/p>\n<p>KOOSTUMUS: 100 g tuotetta sis\u00e4lt\u00e4\u00e4: etanolia 73,5 g (vaikuttava aine), ihonsuoja-aineosia 1 g (glyseriini).<br \/>\nFysikaalis-kemialliset ominaisuudet:<br \/>\nV\u00e4ri: l\u00e4pin\u00e4kyv\u00e4, v\u00e4rit\u00f6n.<br \/>\nHaju: Voimakas alkoholin tuoksu<\/p>\n","protected":false},"excerpt":{"rendered":"<p><span style=\"color: #008000;\"><strong>Geeli samaan hintaan<br \/>\n<\/strong><\/span><\/p>\n<p>MasterChem E80 on yleinen k\u00e4sipuhdistin. Sis\u00e4lt\u00e4\u00e4 glyseriini\u00e4 ihon kuivumisen est\u00e4miseksi. Se on etanolin ja glyseriinin seos.<br \/>\nDesinfioi, desodoroi ja puhdistaa aktiivisesti, ei vaadi huuhtelua.<br \/>\nTarjoaa kattavan suojan merkitt\u00e4vi\u00e4 infektioita, sieni\u00e4 ja bakteereja vastaan.<br \/>\nOminaisuuksiensa vuoksi MasterChem E80 soveltuu erityisen hyvin sairaaloihin, julkisiin tiloihin, kuntosaleihin ja sosiaalisiin kokoontumisiin. Sopii sek\u00e4 kotitalousk\u00e4ytt\u00f6\u00f6n ett\u00e4 ammattik\u00e4ytt\u00f6\u00f6n.<\/p>\n<p><img loading=\"lazy\" decoding=\"async\" class=\"size-full wp-image-7977 alignleft\" src=\"https:\/\/masterchem.ee\/wp-content\/uploads\/2020\/03\/attention.jpg\" alt=\"\" width=\"106\" height=\"106\" srcset=\"https:\/\/masterchem.ee\/wp-content\/uploads\/2020\/03\/attention.jpg 106w, https:\/\/masterchem.ee\/wp-content\/uploads\/2020\/03\/attention-100x100.jpg 100w\" sizes=\"auto, (max-width: 106px) 100vw, 106px\" \/><img loading=\"lazy\" decoding=\"async\" class=\"size-full wp-image-7989 alignleft\" src=\"https:\/\/masterchem.ee\/wp-content\/uploads\/2020\/03\/flamable.jpg\" alt=\"\" width=\"106\" height=\"106\" srcset=\"https:\/\/masterchem.ee\/wp-content\/uploads\/2020\/03\/flamable.jpg 106w, https:\/\/masterchem.ee\/wp-content\/uploads\/2020\/03\/flamable-100x100.jpg 100w\" sizes=\"auto, (max-width: 106px) 100vw, 106px\" \/><\/p>\n","protected":false},"featured_media":7954,"template":"","meta":[],"product_brand":[],"product_cat":[180,266,117,120,227],"product_tag":[],"class_list":{"0":"post-9111","1":"product","2":"type-product","3":"status-publish","4":"has-post-thumbnail","6":"product_cat-uncategorized-fi-2","7":"product_cat-desinfiointiaineet","8":"product_cat-kotitalouskemikaalit","9":"product_cat-laaketeollisuus","10":"product_cat-uncategorised-fi","11":"product_shipping_class-tavallinen","13":"first","14":"instock","15":"taxable","16":"shipping-taxable","17":"purchasable","18":"product-type-simple"},"yoast_head":"<!-- This site is optimized with the Yoast SEO plugin v26.2 - https:\/\/yoast.com\/wordpress\/plugins\/seo\/ -->\n<title>K\u00e4sinpuhdistin MasterChem E80 5L - Chemistry For Industry - Solvents &amp; Chemicals - Masterchem.ee<\/title>\n<meta name=\"description\" content=\"MasterChem E80 on yleinen k\u00e4sipuhdistin. T\u00e4m\u00e4 on uusi tuote, joka on kehitetty erityisen kaavan avulla torjumaan pinnalla olevia COVID-19-viruksia ja muita viruksia, bakteereja. Koostumus on otettu Maailman terveysj\u00e4rjest\u00f6n suosituksista koronaviruksen torjunnasta. Etanolipitoisuus 80%.\" \/>\n<meta name=\"robots\" content=\"index, follow, max-snippet:-1, max-image-preview:large, max-video-preview:-1\" \/>\n<link rel=\"canonical\" href=\"https:\/\/masterchem.ee\/fi\/tooted-ja-teenused\/kasinpuhdistin-masterchem-e80-5l\/\" \/>\n<meta name=\"twitter:card\" content=\"summary_large_image\" \/>\n<meta name=\"twitter:title\" content=\"K\u00e4sinpuhdistin MasterChem E80 5L - Chemistry For Industry - Solvents &amp; Chemicals - Masterchem.ee\" \/>\n<meta name=\"twitter:description\" content=\"MasterChem E80 on yleinen k\u00e4sipuhdistin. T\u00e4m\u00e4 on uusi tuote, joka on kehitetty erityisen kaavan avulla torjumaan pinnalla olevia COVID-19-viruksia ja muita viruksia, bakteereja. Koostumus on otettu Maailman terveysj\u00e4rjest\u00f6n suosituksista koronaviruksen torjunnasta. Etanolipitoisuus 80%.\" \/>\n<meta name=\"twitter:image\" content=\"https:\/\/masterchem.ee\/wp-content\/uploads\/2020\/03\/E80-disinfectant-for-HANDS-5l-MasterChem-5.jpg\" \/>\n<meta name=\"twitter:label1\" content=\"Arvioitu lukuaika\" \/>\n\t<meta name=\"twitter:data1\" content=\"1 minuutti\" \/>\n<script type=\"application\/ld+json\" class=\"yoast-schema-graph\">{\"@context\":\"https:\/\/schema.org\",\"@graph\":[{\"@type\":\"WebPage\",\"@id\":\"https:\/\/masterchem.ee\/fi\/tooted-ja-teenused\/kasinpuhdistin-masterchem-e80-5l\/\",\"url\":\"https:\/\/masterchem.ee\/fi\/tooted-ja-teenused\/kasinpuhdistin-masterchem-e80-5l\/\",\"name\":\"K\u00e4sinpuhdistin MasterChem E80 5L - Chemistry For Industry - Solvents &amp; Chemicals - Masterchem.ee\",\"isPartOf\":{\"@id\":\"https:\/\/masterchem.ee\/fi\/#website\"},\"primaryImageOfPage\":{\"@id\":\"https:\/\/masterchem.ee\/fi\/tooted-ja-teenused\/kasinpuhdistin-masterchem-e80-5l\/#primaryimage\"},\"image\":{\"@id\":\"https:\/\/masterchem.ee\/fi\/tooted-ja-teenused\/kasinpuhdistin-masterchem-e80-5l\/#primaryimage\"},\"thumbnailUrl\":\"https:\/\/masterchem.ee\/wp-content\/uploads\/2020\/03\/E80-disinfectant-for-HANDS-5l-MasterChem-5.jpg\",\"datePublished\":\"2020-11-05T08:57:27+00:00\",\"dateModified\":\"2020-11-11T09:46:48+00:00\",\"description\":\"MasterChem E80 on yleinen k\u00e4sipuhdistin. T\u00e4m\u00e4 on uusi tuote, joka on kehitetty erityisen kaavan avulla torjumaan pinnalla olevia COVID-19-viruksia ja muita viruksia, bakteereja. Koostumus on otettu Maailman terveysj\u00e4rjest\u00f6n suosituksista koronaviruksen torjunnasta. Etanolipitoisuus 80%.\",\"breadcrumb\":{\"@id\":\"https:\/\/masterchem.ee\/fi\/tooted-ja-teenused\/kasinpuhdistin-masterchem-e80-5l\/#breadcrumb\"},\"inLanguage\":\"fi\",\"potentialAction\":[{\"@type\":\"ReadAction\",\"target\":[\"https:\/\/masterchem.ee\/fi\/tooted-ja-teenused\/kasinpuhdistin-masterchem-e80-5l\/\"]}]},{\"@type\":\"ImageObject\",\"inLanguage\":\"fi\",\"@id\":\"https:\/\/masterchem.ee\/fi\/tooted-ja-teenused\/kasinpuhdistin-masterchem-e80-5l\/#primaryimage\",\"url\":\"https:\/\/masterchem.ee\/wp-content\/uploads\/2020\/03\/E80-disinfectant-for-HANDS-5l-MasterChem-5.jpg\",\"contentUrl\":\"https:\/\/masterchem.ee\/wp-content\/uploads\/2020\/03\/E80-disinfectant-for-HANDS-5l-MasterChem-5.jpg\",\"width\":700,\"height\":700,\"caption\":\"K\u00e4sinpuhdistin MasterChem E80 5L\"},{\"@type\":\"BreadcrumbList\",\"@id\":\"https:\/\/masterchem.ee\/fi\/tooted-ja-teenused\/kasinpuhdistin-masterchem-e80-5l\/#breadcrumb\",\"itemListElement\":[{\"@type\":\"ListItem\",\"position\":1,\"name\":\"Home\",\"item\":\"https:\/\/masterchem.ee\/fi\/\"},{\"@type\":\"ListItem\",\"position\":2,\"name\":\"Tooted ja teenused\",\"item\":\"https:\/\/masterchem.ee\/tooted-ja-teenused\/\"},{\"@type\":\"ListItem\",\"position\":3,\"name\":\"K\u00e4sinpuhdistin MasterChem E80 5L\"}]},{\"@type\":\"WebSite\",\"@id\":\"https:\/\/masterchem.ee\/fi\/#website\",\"url\":\"https:\/\/masterchem.ee\/fi\/\",\"name\":\"Masterchem.ee\",\"description\":\"Chemistry For Industry - Solvents &amp; Chemicals\",\"publisher\":{\"@id\":\"https:\/\/masterchem.ee\/fi\/#organization\"},\"potentialAction\":[{\"@type\":\"SearchAction\",\"target\":{\"@type\":\"EntryPoint\",\"urlTemplate\":\"https:\/\/masterchem.ee\/fi\/?s={search_term_string}\"},\"query-input\":{\"@type\":\"PropertyValueSpecification\",\"valueRequired\":true,\"valueName\":\"search_term_string\"}}],\"inLanguage\":\"fi\"},{\"@type\":\"Organization\",\"@id\":\"https:\/\/masterchem.ee\/fi\/#organization\",\"name\":\"Masterchem\",\"url\":\"https:\/\/masterchem.ee\/fi\/\",\"logo\":{\"@type\":\"ImageObject\",\"inLanguage\":\"fi\",\"@id\":\"https:\/\/masterchem.ee\/fi\/#\/schema\/logo\/image\/\",\"url\":\"https:\/\/masterchem.ee\/wp-content\/uploads\/2018\/02\/master-chem_final-1.png\",\"contentUrl\":\"https:\/\/masterchem.ee\/wp-content\/uploads\/2018\/02\/master-chem_final-1.png\",\"width\":850,\"height\":356,\"caption\":\"Masterchem\"},\"image\":{\"@id\":\"https:\/\/masterchem.ee\/fi\/#\/schema\/logo\/image\/\"}}]}<\/script>\n<!-- \/ Yoast SEO plugin. -->","yoast_head_json":{"title":"K\u00e4sinpuhdistin MasterChem E80 5L - Chemistry For Industry - Solvents &amp; Chemicals - Masterchem.ee","description":"MasterChem E80 on yleinen k\u00e4sipuhdistin. T\u00e4m\u00e4 on uusi tuote, joka on kehitetty erityisen kaavan avulla torjumaan pinnalla olevia COVID-19-viruksia ja muita viruksia, bakteereja. Koostumus on otettu Maailman terveysj\u00e4rjest\u00f6n suosituksista koronaviruksen torjunnasta. Etanolipitoisuus 80%.","robots":{"index":"index","follow":"follow","max-snippet":"max-snippet:-1","max-image-preview":"max-image-preview:large","max-video-preview":"max-video-preview:-1"},"canonical":"https:\/\/masterchem.ee\/fi\/tooted-ja-teenused\/kasinpuhdistin-masterchem-e80-5l\/","twitter_card":"summary_large_image","twitter_title":"K\u00e4sinpuhdistin MasterChem E80 5L - Chemistry For Industry - Solvents &amp; Chemicals - Masterchem.ee","twitter_description":"MasterChem E80 on yleinen k\u00e4sipuhdistin. T\u00e4m\u00e4 on uusi tuote, joka on kehitetty erityisen kaavan avulla torjumaan pinnalla olevia COVID-19-viruksia ja muita viruksia, bakteereja. Koostumus on otettu Maailman terveysj\u00e4rjest\u00f6n suosituksista koronaviruksen torjunnasta. Etanolipitoisuus 80%.","twitter_image":"https:\/\/masterchem.ee\/wp-content\/uploads\/2020\/03\/E80-disinfectant-for-HANDS-5l-MasterChem-5.jpg","twitter_misc":{"Arvioitu lukuaika":"1 minuutti"},"schema":{"@context":"https:\/\/schema.org","@graph":[{"@type":"WebPage","@id":"https:\/\/masterchem.ee\/fi\/tooted-ja-teenused\/kasinpuhdistin-masterchem-e80-5l\/","url":"https:\/\/masterchem.ee\/fi\/tooted-ja-teenused\/kasinpuhdistin-masterchem-e80-5l\/","name":"K\u00e4sinpuhdistin MasterChem E80 5L - Chemistry For Industry - Solvents &amp; Chemicals - Masterchem.ee","isPartOf":{"@id":"https:\/\/masterchem.ee\/fi\/#website"},"primaryImageOfPage":{"@id":"https:\/\/masterchem.ee\/fi\/tooted-ja-teenused\/kasinpuhdistin-masterchem-e80-5l\/#primaryimage"},"image":{"@id":"https:\/\/masterchem.ee\/fi\/tooted-ja-teenused\/kasinpuhdistin-masterchem-e80-5l\/#primaryimage"},"thumbnailUrl":"https:\/\/masterchem.ee\/wp-content\/uploads\/2020\/03\/E80-disinfectant-for-HANDS-5l-MasterChem-5.jpg","datePublished":"2020-11-05T08:57:27+00:00","dateModified":"2020-11-11T09:46:48+00:00","description":"MasterChem E80 on yleinen k\u00e4sipuhdistin. T\u00e4m\u00e4 on uusi tuote, joka on kehitetty erityisen kaavan avulla torjumaan pinnalla olevia COVID-19-viruksia ja muita viruksia, bakteereja. Koostumus on otettu Maailman terveysj\u00e4rjest\u00f6n suosituksista koronaviruksen torjunnasta. Etanolipitoisuus 80%.","breadcrumb":{"@id":"https:\/\/masterchem.ee\/fi\/tooted-ja-teenused\/kasinpuhdistin-masterchem-e80-5l\/#breadcrumb"},"inLanguage":"fi","potentialAction":[{"@type":"ReadAction","target":["https:\/\/masterchem.ee\/fi\/tooted-ja-teenused\/kasinpuhdistin-masterchem-e80-5l\/"]}]},{"@type":"ImageObject","inLanguage":"fi","@id":"https:\/\/masterchem.ee\/fi\/tooted-ja-teenused\/kasinpuhdistin-masterchem-e80-5l\/#primaryimage","url":"https:\/\/masterchem.ee\/wp-content\/uploads\/2020\/03\/E80-disinfectant-for-HANDS-5l-MasterChem-5.jpg","contentUrl":"https:\/\/masterchem.ee\/wp-content\/uploads\/2020\/03\/E80-disinfectant-for-HANDS-5l-MasterChem-5.jpg","width":700,"height":700,"caption":"K\u00e4sinpuhdistin MasterChem E80 5L"},{"@type":"BreadcrumbList","@id":"https:\/\/masterchem.ee\/fi\/tooted-ja-teenused\/kasinpuhdistin-masterchem-e80-5l\/#breadcrumb","itemListElement":[{"@type":"ListItem","position":1,"name":"Home","item":"https:\/\/masterchem.ee\/fi\/"},{"@type":"ListItem","position":2,"name":"Tooted ja teenused","item":"https:\/\/masterchem.ee\/tooted-ja-teenused\/"},{"@type":"ListItem","position":3,"name":"K\u00e4sinpuhdistin MasterChem E80 5L"}]},{"@type":"WebSite","@id":"https:\/\/masterchem.ee\/fi\/#website","url":"https:\/\/masterchem.ee\/fi\/","name":"Masterchem.ee","description":"Chemistry For Industry - Solvents &amp; Chemicals","publisher":{"@id":"https:\/\/masterchem.ee\/fi\/#organization"},"potentialAction":[{"@type":"SearchAction","target":{"@type":"EntryPoint","urlTemplate":"https:\/\/masterchem.ee\/fi\/?s={search_term_string}"},"query-input":{"@type":"PropertyValueSpecification","valueRequired":true,"valueName":"search_term_string"}}],"inLanguage":"fi"},{"@type":"Organization","@id":"https:\/\/masterchem.ee\/fi\/#organization","name":"Masterchem","url":"https:\/\/masterchem.ee\/fi\/","logo":{"@type":"ImageObject","inLanguage":"fi","@id":"https:\/\/masterchem.ee\/fi\/#\/schema\/logo\/image\/","url":"https:\/\/masterchem.ee\/wp-content\/uploads\/2018\/02\/master-chem_final-1.png","contentUrl":"https:\/\/masterchem.ee\/wp-content\/uploads\/2018\/02\/master-chem_final-1.png","width":850,"height":356,"caption":"Masterchem"},"image":{"@id":"https:\/\/masterchem.ee\/fi\/#\/schema\/logo\/image\/"}}]}},"_links":{"self":[{"href":"https:\/\/masterchem.ee\/fi\/wp-json\/wp\/v2\/product\/9111","targetHints":{"allow":["GET"]}}],"collection":[{"href":"https:\/\/masterchem.ee\/fi\/wp-json\/wp\/v2\/product"}],"about":[{"href":"https:\/\/masterchem.ee\/fi\/wp-json\/wp\/v2\/types\/product"}],"wp:featuredmedia":[{"embeddable":true,"href":"https:\/\/masterchem.ee\/fi\/wp-json\/wp\/v2\/media\/7954"}],"wp:attachment":[{"href":"https:\/\/masterchem.ee\/fi\/wp-json\/wp\/v2\/media?parent=9111"}],"wp:term":[{"taxonomy":"product_brand","embeddable":true,"href":"https:\/\/masterchem.ee\/fi\/wp-json\/wp\/v2\/product_brand?post=9111"},{"taxonomy":"product_cat","embeddable":true,"href":"https:\/\/masterchem.ee\/fi\/wp-json\/wp\/v2\/product_cat?post=9111"},{"taxonomy":"product_tag","embeddable":true,"href":"https:\/\/masterchem.ee\/fi\/wp-json\/wp\/v2\/product_tag?post=9111"}],"curies":[{"name":"wp","href":"https:\/\/api.w.org\/{rel}","templated":true}]}}