{"id":8805,"date":"2020-08-26T06:19:18","date_gmt":"2020-08-26T06:19:21","guid":{"rendered":"https:\/\/masterchem.ee\/?post_type=product&#038;p=8805"},"modified":"2021-05-25T20:01:26","modified_gmt":"2021-05-25T20:01:26","slug":"natriumhydroksidi-50-neste","status":"publish","type":"product","link":"https:\/\/masterchem.ee\/fi\/tooted-ja-teenused\/natriumhydroksidi-50-neste\/","title":{"rendered":"Natriumhydroksidi, 50% neste (CAS 1310-73-2)"},"content":{"rendered":"<p>Kemikaalien ja synteettisten kuitujen valmistus Pesu-, kosmetiikka- ja puhdistusaineiden valmistus Elintarvikkeiden, maidon ja maitotuotteiden tuotantolaitteiden puhdistus. Veden puhdistus ja desinfiointi.<\/p>\n<p><strong>Natriumhydroksidi 50% liittyy erityisiin vaaroihin<\/strong><\/p>\n<p>Natriumhydroksidiliuosta laimennettaessa voi vapautua niin paljon l\u00e4mp\u00f6\u00e4, ett\u00e4 liuos voi alkaa kiehua. \u00c4l\u00e4 k\u00e4yt\u00e4 kiinte\u00e4\u00e4 vesivirtaa, koska se voi roiskua ja sirotella natriumhydroksidiliuosta. Kosketus tiettyihin metalleihin (esim. Alumiini, sinkki) voi muodostaa r\u00e4j\u00e4ht\u00e4v\u00e4n kaasuseoksen ilmassa.<\/p>\n<p>Natriumhydroksidin 50% varastointi: S\u00e4ilyt\u00e4 tiiviisti suljettuna kuivassa, viile\u00e4ss\u00e4 ja hyvin ilmastoidussa paikassa. Rakennusmateriaalien, valaistusj\u00e4rjestelmien ja ilmanvaihtoj\u00e4rjestelmien on oltava valmistettu korroosionkest\u00e4vist\u00e4 materiaaleista. V\u00e4ltett\u00e4v\u00e4t materiaalit: hapot, orgaaniset halogenoidut yhdisteet, syttyv\u00e4t materiaalit, alumiini, magnesium, sinkki, tina, lyijy, kupari ja messinki<\/p>\n<p>Varastointil\u00e4mp\u00f6tila&gt; 12 \u00b0 C<\/p>\n","protected":false},"excerpt":{"rendered":"<p>Natriumhydroksidin k\u00e4ytt\u00f6 50%: Massan, paperin ja paperituotteiden valmistus.<\/p>\n<p>CAS: 1310-73-2<\/p>\n","protected":false},"featured_media":8879,"template":"","meta":[],"product_brand":[],"product_cat":[180,294,323,258,122,152],"product_tag":[],"class_list":{"0":"post-8805","1":"product","2":"type-product","3":"status-publish","4":"has-post-thumbnail","6":"product_cat-uncategorized-fi-2","7":"product_cat-kosmetiikkateollisuus","8":"product_cat-lannoitteet","9":"product_cat-muovi-fi","10":"product_cat-teollisuuskemikaalit","11":"product_cat-tipografiset-kemikaalit","12":"pif-has-gallery","14":"first","15":"instock","16":"taxable","17":"shipping-taxable","18":"purchasable","19":"product-type-variable","20":"has-default-attributes"},"yoast_head":"<!-- This site is optimized with the Yoast SEO plugin v26.2 - https:\/\/yoast.com\/wordpress\/plugins\/seo\/ -->\n<title>Natriumhydroksidi, 50% neste (CAS 1310-73-2) - Chemistry For Industry - Solvents &amp; Chemicals - Masterchem.ee<\/title>\n<meta name=\"description\" content=\"Natriumhydroksidin k\u00e4ytt\u00f6 50%: Massan, paperin ja paperituotteiden valmistus. CAS: 1310-73-2\" \/>\n<meta name=\"robots\" content=\"index, follow, max-snippet:-1, max-image-preview:large, max-video-preview:-1\" \/>\n<link rel=\"canonical\" href=\"https:\/\/masterchem.ee\/fi\/tooted-ja-teenused\/natriumhydroksidi-50-neste\/\" \/>\n<meta name=\"twitter:card\" content=\"summary_large_image\" \/>\n<meta name=\"twitter:title\" content=\"Natriumhydroksidi, 50% neste (CAS 1310-73-2) - Chemistry For Industry - Solvents &amp; Chemicals - Masterchem.ee\" \/>\n<meta name=\"twitter:description\" content=\"Natriumhydroksidin k\u00e4ytt\u00f6 50%: Massan, paperin ja paperituotteiden valmistus. CAS: 1310-73-2\" \/>\n<meta name=\"twitter:image\" content=\"https:\/\/masterchem.ee\/wp-content\/uploads\/2020\/08\/Naatriumhudroksiid-50-vedel-1000l-MasterChem.jpg\" \/>\n<meta name=\"twitter:label1\" content=\"Arvioitu lukuaika\" \/>\n\t<meta name=\"twitter:data1\" content=\"1 minuutti\" \/>\n<script type=\"application\/ld+json\" class=\"yoast-schema-graph\">{\"@context\":\"https:\/\/schema.org\",\"@graph\":[{\"@type\":\"WebPage\",\"@id\":\"https:\/\/masterchem.ee\/fi\/tooted-ja-teenused\/natriumhydroksidi-50-neste\/\",\"url\":\"https:\/\/masterchem.ee\/fi\/tooted-ja-teenused\/natriumhydroksidi-50-neste\/\",\"name\":\"Natriumhydroksidi, 50% neste (CAS 1310-73-2) - Chemistry For Industry - Solvents &amp; Chemicals - Masterchem.ee\",\"isPartOf\":{\"@id\":\"https:\/\/masterchem.ee\/fi\/#website\"},\"primaryImageOfPage\":{\"@id\":\"https:\/\/masterchem.ee\/fi\/tooted-ja-teenused\/natriumhydroksidi-50-neste\/#primaryimage\"},\"image\":{\"@id\":\"https:\/\/masterchem.ee\/fi\/tooted-ja-teenused\/natriumhydroksidi-50-neste\/#primaryimage\"},\"thumbnailUrl\":\"https:\/\/masterchem.ee\/wp-content\/uploads\/2020\/08\/Naatriumhudroksiid-50-vedel-1000l-MasterChem.jpg\",\"datePublished\":\"2020-08-26T06:19:21+00:00\",\"dateModified\":\"2021-05-25T20:01:26+00:00\",\"description\":\"Natriumhydroksidin k\u00e4ytt\u00f6 50%: Massan, paperin ja paperituotteiden valmistus. CAS: 1310-73-2\",\"breadcrumb\":{\"@id\":\"https:\/\/masterchem.ee\/fi\/tooted-ja-teenused\/natriumhydroksidi-50-neste\/#breadcrumb\"},\"inLanguage\":\"fi\",\"potentialAction\":[{\"@type\":\"ReadAction\",\"target\":[\"https:\/\/masterchem.ee\/fi\/tooted-ja-teenused\/natriumhydroksidi-50-neste\/\"]}]},{\"@type\":\"ImageObject\",\"inLanguage\":\"fi\",\"@id\":\"https:\/\/masterchem.ee\/fi\/tooted-ja-teenused\/natriumhydroksidi-50-neste\/#primaryimage\",\"url\":\"https:\/\/masterchem.ee\/wp-content\/uploads\/2020\/08\/Naatriumhudroksiid-50-vedel-1000l-MasterChem.jpg\",\"contentUrl\":\"https:\/\/masterchem.ee\/wp-content\/uploads\/2020\/08\/Naatriumhudroksiid-50-vedel-1000l-MasterChem.jpg\",\"width\":1000,\"height\":1000,\"caption\":\"Natriumhydroksidi, 50% neste 1000l MasterChem\"},{\"@type\":\"BreadcrumbList\",\"@id\":\"https:\/\/masterchem.ee\/fi\/tooted-ja-teenused\/natriumhydroksidi-50-neste\/#breadcrumb\",\"itemListElement\":[{\"@type\":\"ListItem\",\"position\":1,\"name\":\"Home\",\"item\":\"https:\/\/masterchem.ee\/fi\/\"},{\"@type\":\"ListItem\",\"position\":2,\"name\":\"Tooted ja teenused\",\"item\":\"https:\/\/masterchem.ee\/tooted-ja-teenused\/\"},{\"@type\":\"ListItem\",\"position\":3,\"name\":\"Natriumhydroksidi, 50% neste (CAS 1310-73-2)\"}]},{\"@type\":\"WebSite\",\"@id\":\"https:\/\/masterchem.ee\/fi\/#website\",\"url\":\"https:\/\/masterchem.ee\/fi\/\",\"name\":\"Masterchem.ee\",\"description\":\"Chemistry For Industry - Solvents &amp; Chemicals\",\"publisher\":{\"@id\":\"https:\/\/masterchem.ee\/fi\/#organization\"},\"potentialAction\":[{\"@type\":\"SearchAction\",\"target\":{\"@type\":\"EntryPoint\",\"urlTemplate\":\"https:\/\/masterchem.ee\/fi\/?s={search_term_string}\"},\"query-input\":{\"@type\":\"PropertyValueSpecification\",\"valueRequired\":true,\"valueName\":\"search_term_string\"}}],\"inLanguage\":\"fi\"},{\"@type\":\"Organization\",\"@id\":\"https:\/\/masterchem.ee\/fi\/#organization\",\"name\":\"Masterchem\",\"url\":\"https:\/\/masterchem.ee\/fi\/\",\"logo\":{\"@type\":\"ImageObject\",\"inLanguage\":\"fi\",\"@id\":\"https:\/\/masterchem.ee\/fi\/#\/schema\/logo\/image\/\",\"url\":\"https:\/\/masterchem.ee\/wp-content\/uploads\/2018\/02\/master-chem_final-1.png\",\"contentUrl\":\"https:\/\/masterchem.ee\/wp-content\/uploads\/2018\/02\/master-chem_final-1.png\",\"width\":850,\"height\":356,\"caption\":\"Masterchem\"},\"image\":{\"@id\":\"https:\/\/masterchem.ee\/fi\/#\/schema\/logo\/image\/\"}}]}<\/script>\n<!-- \/ Yoast SEO plugin. -->","yoast_head_json":{"title":"Natriumhydroksidi, 50% neste (CAS 1310-73-2) - Chemistry For Industry - Solvents &amp; Chemicals - Masterchem.ee","description":"Natriumhydroksidin k\u00e4ytt\u00f6 50%: Massan, paperin ja paperituotteiden valmistus. CAS: 1310-73-2","robots":{"index":"index","follow":"follow","max-snippet":"max-snippet:-1","max-image-preview":"max-image-preview:large","max-video-preview":"max-video-preview:-1"},"canonical":"https:\/\/masterchem.ee\/fi\/tooted-ja-teenused\/natriumhydroksidi-50-neste\/","twitter_card":"summary_large_image","twitter_title":"Natriumhydroksidi, 50% neste (CAS 1310-73-2) - Chemistry For Industry - Solvents &amp; Chemicals - Masterchem.ee","twitter_description":"Natriumhydroksidin k\u00e4ytt\u00f6 50%: Massan, paperin ja paperituotteiden valmistus. CAS: 1310-73-2","twitter_image":"https:\/\/masterchem.ee\/wp-content\/uploads\/2020\/08\/Naatriumhudroksiid-50-vedel-1000l-MasterChem.jpg","twitter_misc":{"Arvioitu lukuaika":"1 minuutti"},"schema":{"@context":"https:\/\/schema.org","@graph":[{"@type":"WebPage","@id":"https:\/\/masterchem.ee\/fi\/tooted-ja-teenused\/natriumhydroksidi-50-neste\/","url":"https:\/\/masterchem.ee\/fi\/tooted-ja-teenused\/natriumhydroksidi-50-neste\/","name":"Natriumhydroksidi, 50% neste (CAS 1310-73-2) - Chemistry For Industry - Solvents &amp; Chemicals - Masterchem.ee","isPartOf":{"@id":"https:\/\/masterchem.ee\/fi\/#website"},"primaryImageOfPage":{"@id":"https:\/\/masterchem.ee\/fi\/tooted-ja-teenused\/natriumhydroksidi-50-neste\/#primaryimage"},"image":{"@id":"https:\/\/masterchem.ee\/fi\/tooted-ja-teenused\/natriumhydroksidi-50-neste\/#primaryimage"},"thumbnailUrl":"https:\/\/masterchem.ee\/wp-content\/uploads\/2020\/08\/Naatriumhudroksiid-50-vedel-1000l-MasterChem.jpg","datePublished":"2020-08-26T06:19:21+00:00","dateModified":"2021-05-25T20:01:26+00:00","description":"Natriumhydroksidin k\u00e4ytt\u00f6 50%: Massan, paperin ja paperituotteiden valmistus. CAS: 1310-73-2","breadcrumb":{"@id":"https:\/\/masterchem.ee\/fi\/tooted-ja-teenused\/natriumhydroksidi-50-neste\/#breadcrumb"},"inLanguage":"fi","potentialAction":[{"@type":"ReadAction","target":["https:\/\/masterchem.ee\/fi\/tooted-ja-teenused\/natriumhydroksidi-50-neste\/"]}]},{"@type":"ImageObject","inLanguage":"fi","@id":"https:\/\/masterchem.ee\/fi\/tooted-ja-teenused\/natriumhydroksidi-50-neste\/#primaryimage","url":"https:\/\/masterchem.ee\/wp-content\/uploads\/2020\/08\/Naatriumhudroksiid-50-vedel-1000l-MasterChem.jpg","contentUrl":"https:\/\/masterchem.ee\/wp-content\/uploads\/2020\/08\/Naatriumhudroksiid-50-vedel-1000l-MasterChem.jpg","width":1000,"height":1000,"caption":"Natriumhydroksidi, 50% neste 1000l MasterChem"},{"@type":"BreadcrumbList","@id":"https:\/\/masterchem.ee\/fi\/tooted-ja-teenused\/natriumhydroksidi-50-neste\/#breadcrumb","itemListElement":[{"@type":"ListItem","position":1,"name":"Home","item":"https:\/\/masterchem.ee\/fi\/"},{"@type":"ListItem","position":2,"name":"Tooted ja teenused","item":"https:\/\/masterchem.ee\/tooted-ja-teenused\/"},{"@type":"ListItem","position":3,"name":"Natriumhydroksidi, 50% neste (CAS 1310-73-2)"}]},{"@type":"WebSite","@id":"https:\/\/masterchem.ee\/fi\/#website","url":"https:\/\/masterchem.ee\/fi\/","name":"Masterchem.ee","description":"Chemistry For Industry - Solvents &amp; Chemicals","publisher":{"@id":"https:\/\/masterchem.ee\/fi\/#organization"},"potentialAction":[{"@type":"SearchAction","target":{"@type":"EntryPoint","urlTemplate":"https:\/\/masterchem.ee\/fi\/?s={search_term_string}"},"query-input":{"@type":"PropertyValueSpecification","valueRequired":true,"valueName":"search_term_string"}}],"inLanguage":"fi"},{"@type":"Organization","@id":"https:\/\/masterchem.ee\/fi\/#organization","name":"Masterchem","url":"https:\/\/masterchem.ee\/fi\/","logo":{"@type":"ImageObject","inLanguage":"fi","@id":"https:\/\/masterchem.ee\/fi\/#\/schema\/logo\/image\/","url":"https:\/\/masterchem.ee\/wp-content\/uploads\/2018\/02\/master-chem_final-1.png","contentUrl":"https:\/\/masterchem.ee\/wp-content\/uploads\/2018\/02\/master-chem_final-1.png","width":850,"height":356,"caption":"Masterchem"},"image":{"@id":"https:\/\/masterchem.ee\/fi\/#\/schema\/logo\/image\/"}}]}},"_links":{"self":[{"href":"https:\/\/masterchem.ee\/fi\/wp-json\/wp\/v2\/product\/8805","targetHints":{"allow":["GET"]}}],"collection":[{"href":"https:\/\/masterchem.ee\/fi\/wp-json\/wp\/v2\/product"}],"about":[{"href":"https:\/\/masterchem.ee\/fi\/wp-json\/wp\/v2\/types\/product"}],"wp:featuredmedia":[{"embeddable":true,"href":"https:\/\/masterchem.ee\/fi\/wp-json\/wp\/v2\/media\/8879"}],"wp:attachment":[{"href":"https:\/\/masterchem.ee\/fi\/wp-json\/wp\/v2\/media?parent=8805"}],"wp:term":[{"taxonomy":"product_brand","embeddable":true,"href":"https:\/\/masterchem.ee\/fi\/wp-json\/wp\/v2\/product_brand?post=8805"},{"taxonomy":"product_cat","embeddable":true,"href":"https:\/\/masterchem.ee\/fi\/wp-json\/wp\/v2\/product_cat?post=8805"},{"taxonomy":"product_tag","embeddable":true,"href":"https:\/\/masterchem.ee\/fi\/wp-json\/wp\/v2\/product_tag?post=8805"}],"curies":[{"name":"wp","href":"https:\/\/api.w.org\/{rel}","templated":true}]}}