{"id":8773,"date":"2020-08-26T05:47:01","date_gmt":"2020-08-26T05:47:02","guid":{"rendered":"https:\/\/masterchem.ee\/?post_type=product&#038;p=8773"},"modified":"2021-05-25T20:06:09","modified_gmt":"2021-05-25T20:06:09","slug":"natriumhydroksidirakeet","status":"publish","type":"product","link":"https:\/\/masterchem.ee\/fi\/tooted-ja-teenused\/natriumhydroksidirakeet\/","title":{"rendered":"Natriumhydroksidirakeet (CAS 1310-73-2)"},"content":{"rendered":"<p>Natriumhydroksidi 100% Fysikaaliset \/ kemialliset vaarat: Palamaton. Kosketus kosteuden tai veden kanssa voi tuottaa tarpeeksi l\u00e4mp\u00f6\u00e4 syttyvien aineiden syttymiseksi. Reagoi tiettyjen metallien (esim. Alumiinin) kanssa syttyv\u00e4n vetykaasun tuottamiseksi.<\/p>\n<p>Varastointi: Kosteutta absorboiva. Varastoi viile\u00e4ss\u00e4, kuivassa paikassa. Suojaa pakkaus fyysisilt\u00e4 rikkoutumisilta. Noudata kaikkia t\u00e4m\u00e4n aineen varoituksia ja varotoimia. S\u00e4ilyt\u00e4 haponkest\u00e4v\u00e4ll\u00e4 betonilattia-alueella. Yhteensopimattomat materiaalit: vahvat hapot, erityisesti typpi-, suolahappo-, rikkihappo- jne. Hapot, vahvat hapettimet, vahvat pelkistimet, jotkut metallit (sinkki, alumiini, tina, lyijy), syttyv\u00e4t nesteet. Pakkausvaatimukset: tiiviisti suljetut muovipussit, jotka on valmistettu polyeteenill\u00e4 k\u00e4sitellyst\u00e4 paperista, sisemm\u00e4t pussit polyeteenist\u00e4 tai polypropeenista. \u00c4l\u00e4 k\u00e4yt\u00e4 metalliastioita.<\/p>\n","protected":false},"excerpt":{"rendered":"<p>Natriumhydroksidin 100-prosenttinen k\u00e4ytt\u00f6: kemian-, elintarvike-, tekstiili-, massa- ja paperi- sek\u00e4 erilaiset muut sovellukset<\/p>\n<p>CAS: 1310-73-2<\/p>\n","protected":false},"featured_media":8779,"template":"","meta":[],"product_brand":[],"product_cat":[180,294,323,258,122,152],"product_tag":[],"class_list":{"0":"post-8773","1":"product","2":"type-product","3":"status-publish","4":"has-post-thumbnail","6":"product_cat-uncategorized-fi-2","7":"product_cat-kosmetiikkateollisuus","8":"product_cat-lannoitteet","9":"product_cat-muovi-fi","10":"product_cat-teollisuuskemikaalit","11":"product_cat-tipografiset-kemikaalit","13":"first","14":"instock","15":"taxable","16":"shipping-taxable","17":"purchasable","18":"product-type-variable","19":"has-default-attributes"},"yoast_head":"<!-- This site is optimized with the Yoast SEO plugin v26.2 - https:\/\/yoast.com\/wordpress\/plugins\/seo\/ -->\n<title>Natriumhydroksidirakeet (CAS 1310-73-2) - Chemistry For Industry - Solvents &amp; Chemicals - Masterchem.ee<\/title>\n<meta name=\"description\" content=\"Natriumhydroksidin 100-prosenttinen k\u00e4ytt\u00f6: kemian-, elintarvike-, tekstiili-, massa- ja paperi- sek\u00e4 erilaiset muut sovellukset. CAS: 1310-73-2\" \/>\n<meta name=\"robots\" content=\"index, follow, max-snippet:-1, max-image-preview:large, max-video-preview:-1\" \/>\n<link rel=\"canonical\" href=\"https:\/\/masterchem.ee\/fi\/tooted-ja-teenused\/natriumhydroksidirakeet\/\" \/>\n<meta name=\"twitter:card\" content=\"summary_large_image\" \/>\n<meta name=\"twitter:title\" content=\"Natriumhydroksidirakeet (CAS 1310-73-2) - Chemistry For Industry - Solvents &amp; Chemicals - Masterchem.ee\" \/>\n<meta name=\"twitter:description\" content=\"Natriumhydroksidin 100-prosenttinen k\u00e4ytt\u00f6: kemian-, elintarvike-, tekstiili-, massa- ja paperi- sek\u00e4 erilaiset muut sovellukset. CAS: 1310-73-2\" \/>\n<meta name=\"twitter:image\" content=\"https:\/\/masterchem.ee\/wp-content\/uploads\/2020\/08\/Naatriumhudroksiid-graanulid-25kg-MasterChem.png\" \/>\n<script type=\"application\/ld+json\" class=\"yoast-schema-graph\">{\"@context\":\"https:\/\/schema.org\",\"@graph\":[{\"@type\":\"WebPage\",\"@id\":\"https:\/\/masterchem.ee\/fi\/tooted-ja-teenused\/natriumhydroksidirakeet\/\",\"url\":\"https:\/\/masterchem.ee\/fi\/tooted-ja-teenused\/natriumhydroksidirakeet\/\",\"name\":\"Natriumhydroksidirakeet (CAS 1310-73-2) - Chemistry For Industry - Solvents &amp; Chemicals - Masterchem.ee\",\"isPartOf\":{\"@id\":\"https:\/\/masterchem.ee\/fi\/#website\"},\"primaryImageOfPage\":{\"@id\":\"https:\/\/masterchem.ee\/fi\/tooted-ja-teenused\/natriumhydroksidirakeet\/#primaryimage\"},\"image\":{\"@id\":\"https:\/\/masterchem.ee\/fi\/tooted-ja-teenused\/natriumhydroksidirakeet\/#primaryimage\"},\"thumbnailUrl\":\"https:\/\/masterchem.ee\/wp-content\/uploads\/2020\/08\/Naatriumhudroksiid-graanulid-25kg-MasterChem.png\",\"datePublished\":\"2020-08-26T05:47:02+00:00\",\"dateModified\":\"2021-05-25T20:06:09+00:00\",\"description\":\"Natriumhydroksidin 100-prosenttinen k\u00e4ytt\u00f6: kemian-, elintarvike-, tekstiili-, massa- ja paperi- sek\u00e4 erilaiset muut sovellukset. CAS: 1310-73-2\",\"breadcrumb\":{\"@id\":\"https:\/\/masterchem.ee\/fi\/tooted-ja-teenused\/natriumhydroksidirakeet\/#breadcrumb\"},\"inLanguage\":\"fi\",\"potentialAction\":[{\"@type\":\"ReadAction\",\"target\":[\"https:\/\/masterchem.ee\/fi\/tooted-ja-teenused\/natriumhydroksidirakeet\/\"]}]},{\"@type\":\"ImageObject\",\"inLanguage\":\"fi\",\"@id\":\"https:\/\/masterchem.ee\/fi\/tooted-ja-teenused\/natriumhydroksidirakeet\/#primaryimage\",\"url\":\"https:\/\/masterchem.ee\/wp-content\/uploads\/2020\/08\/Naatriumhudroksiid-graanulid-25kg-MasterChem.png\",\"contentUrl\":\"https:\/\/masterchem.ee\/wp-content\/uploads\/2020\/08\/Naatriumhudroksiid-graanulid-25kg-MasterChem.png\",\"width\":1000,\"height\":1000,\"caption\":\"Oksaalihappo (etaanidihappo) 25kg MasterChem\"},{\"@type\":\"BreadcrumbList\",\"@id\":\"https:\/\/masterchem.ee\/fi\/tooted-ja-teenused\/natriumhydroksidirakeet\/#breadcrumb\",\"itemListElement\":[{\"@type\":\"ListItem\",\"position\":1,\"name\":\"Home\",\"item\":\"https:\/\/masterchem.ee\/fi\/\"},{\"@type\":\"ListItem\",\"position\":2,\"name\":\"Tooted ja teenused\",\"item\":\"https:\/\/masterchem.ee\/tooted-ja-teenused\/\"},{\"@type\":\"ListItem\",\"position\":3,\"name\":\"Natriumhydroksidirakeet (CAS 1310-73-2)\"}]},{\"@type\":\"WebSite\",\"@id\":\"https:\/\/masterchem.ee\/fi\/#website\",\"url\":\"https:\/\/masterchem.ee\/fi\/\",\"name\":\"Masterchem.ee\",\"description\":\"Chemistry For Industry - Solvents &amp; Chemicals\",\"publisher\":{\"@id\":\"https:\/\/masterchem.ee\/fi\/#organization\"},\"potentialAction\":[{\"@type\":\"SearchAction\",\"target\":{\"@type\":\"EntryPoint\",\"urlTemplate\":\"https:\/\/masterchem.ee\/fi\/?s={search_term_string}\"},\"query-input\":{\"@type\":\"PropertyValueSpecification\",\"valueRequired\":true,\"valueName\":\"search_term_string\"}}],\"inLanguage\":\"fi\"},{\"@type\":\"Organization\",\"@id\":\"https:\/\/masterchem.ee\/fi\/#organization\",\"name\":\"Masterchem\",\"url\":\"https:\/\/masterchem.ee\/fi\/\",\"logo\":{\"@type\":\"ImageObject\",\"inLanguage\":\"fi\",\"@id\":\"https:\/\/masterchem.ee\/fi\/#\/schema\/logo\/image\/\",\"url\":\"https:\/\/masterchem.ee\/wp-content\/uploads\/2018\/02\/master-chem_final-1.png\",\"contentUrl\":\"https:\/\/masterchem.ee\/wp-content\/uploads\/2018\/02\/master-chem_final-1.png\",\"width\":850,\"height\":356,\"caption\":\"Masterchem\"},\"image\":{\"@id\":\"https:\/\/masterchem.ee\/fi\/#\/schema\/logo\/image\/\"}}]}<\/script>\n<!-- \/ Yoast SEO plugin. -->","yoast_head_json":{"title":"Natriumhydroksidirakeet (CAS 1310-73-2) - Chemistry For Industry - Solvents &amp; Chemicals - Masterchem.ee","description":"Natriumhydroksidin 100-prosenttinen k\u00e4ytt\u00f6: kemian-, elintarvike-, tekstiili-, massa- ja paperi- sek\u00e4 erilaiset muut sovellukset. CAS: 1310-73-2","robots":{"index":"index","follow":"follow","max-snippet":"max-snippet:-1","max-image-preview":"max-image-preview:large","max-video-preview":"max-video-preview:-1"},"canonical":"https:\/\/masterchem.ee\/fi\/tooted-ja-teenused\/natriumhydroksidirakeet\/","twitter_card":"summary_large_image","twitter_title":"Natriumhydroksidirakeet (CAS 1310-73-2) - Chemistry For Industry - Solvents &amp; Chemicals - Masterchem.ee","twitter_description":"Natriumhydroksidin 100-prosenttinen k\u00e4ytt\u00f6: kemian-, elintarvike-, tekstiili-, massa- ja paperi- sek\u00e4 erilaiset muut sovellukset. CAS: 1310-73-2","twitter_image":"https:\/\/masterchem.ee\/wp-content\/uploads\/2020\/08\/Naatriumhudroksiid-graanulid-25kg-MasterChem.png","schema":{"@context":"https:\/\/schema.org","@graph":[{"@type":"WebPage","@id":"https:\/\/masterchem.ee\/fi\/tooted-ja-teenused\/natriumhydroksidirakeet\/","url":"https:\/\/masterchem.ee\/fi\/tooted-ja-teenused\/natriumhydroksidirakeet\/","name":"Natriumhydroksidirakeet (CAS 1310-73-2) - Chemistry For Industry - Solvents &amp; Chemicals - Masterchem.ee","isPartOf":{"@id":"https:\/\/masterchem.ee\/fi\/#website"},"primaryImageOfPage":{"@id":"https:\/\/masterchem.ee\/fi\/tooted-ja-teenused\/natriumhydroksidirakeet\/#primaryimage"},"image":{"@id":"https:\/\/masterchem.ee\/fi\/tooted-ja-teenused\/natriumhydroksidirakeet\/#primaryimage"},"thumbnailUrl":"https:\/\/masterchem.ee\/wp-content\/uploads\/2020\/08\/Naatriumhudroksiid-graanulid-25kg-MasterChem.png","datePublished":"2020-08-26T05:47:02+00:00","dateModified":"2021-05-25T20:06:09+00:00","description":"Natriumhydroksidin 100-prosenttinen k\u00e4ytt\u00f6: kemian-, elintarvike-, tekstiili-, massa- ja paperi- sek\u00e4 erilaiset muut sovellukset. CAS: 1310-73-2","breadcrumb":{"@id":"https:\/\/masterchem.ee\/fi\/tooted-ja-teenused\/natriumhydroksidirakeet\/#breadcrumb"},"inLanguage":"fi","potentialAction":[{"@type":"ReadAction","target":["https:\/\/masterchem.ee\/fi\/tooted-ja-teenused\/natriumhydroksidirakeet\/"]}]},{"@type":"ImageObject","inLanguage":"fi","@id":"https:\/\/masterchem.ee\/fi\/tooted-ja-teenused\/natriumhydroksidirakeet\/#primaryimage","url":"https:\/\/masterchem.ee\/wp-content\/uploads\/2020\/08\/Naatriumhudroksiid-graanulid-25kg-MasterChem.png","contentUrl":"https:\/\/masterchem.ee\/wp-content\/uploads\/2020\/08\/Naatriumhudroksiid-graanulid-25kg-MasterChem.png","width":1000,"height":1000,"caption":"Oksaalihappo (etaanidihappo) 25kg MasterChem"},{"@type":"BreadcrumbList","@id":"https:\/\/masterchem.ee\/fi\/tooted-ja-teenused\/natriumhydroksidirakeet\/#breadcrumb","itemListElement":[{"@type":"ListItem","position":1,"name":"Home","item":"https:\/\/masterchem.ee\/fi\/"},{"@type":"ListItem","position":2,"name":"Tooted ja teenused","item":"https:\/\/masterchem.ee\/tooted-ja-teenused\/"},{"@type":"ListItem","position":3,"name":"Natriumhydroksidirakeet (CAS 1310-73-2)"}]},{"@type":"WebSite","@id":"https:\/\/masterchem.ee\/fi\/#website","url":"https:\/\/masterchem.ee\/fi\/","name":"Masterchem.ee","description":"Chemistry For Industry - Solvents &amp; Chemicals","publisher":{"@id":"https:\/\/masterchem.ee\/fi\/#organization"},"potentialAction":[{"@type":"SearchAction","target":{"@type":"EntryPoint","urlTemplate":"https:\/\/masterchem.ee\/fi\/?s={search_term_string}"},"query-input":{"@type":"PropertyValueSpecification","valueRequired":true,"valueName":"search_term_string"}}],"inLanguage":"fi"},{"@type":"Organization","@id":"https:\/\/masterchem.ee\/fi\/#organization","name":"Masterchem","url":"https:\/\/masterchem.ee\/fi\/","logo":{"@type":"ImageObject","inLanguage":"fi","@id":"https:\/\/masterchem.ee\/fi\/#\/schema\/logo\/image\/","url":"https:\/\/masterchem.ee\/wp-content\/uploads\/2018\/02\/master-chem_final-1.png","contentUrl":"https:\/\/masterchem.ee\/wp-content\/uploads\/2018\/02\/master-chem_final-1.png","width":850,"height":356,"caption":"Masterchem"},"image":{"@id":"https:\/\/masterchem.ee\/fi\/#\/schema\/logo\/image\/"}}]}},"_links":{"self":[{"href":"https:\/\/masterchem.ee\/fi\/wp-json\/wp\/v2\/product\/8773","targetHints":{"allow":["GET"]}}],"collection":[{"href":"https:\/\/masterchem.ee\/fi\/wp-json\/wp\/v2\/product"}],"about":[{"href":"https:\/\/masterchem.ee\/fi\/wp-json\/wp\/v2\/types\/product"}],"wp:featuredmedia":[{"embeddable":true,"href":"https:\/\/masterchem.ee\/fi\/wp-json\/wp\/v2\/media\/8779"}],"wp:attachment":[{"href":"https:\/\/masterchem.ee\/fi\/wp-json\/wp\/v2\/media?parent=8773"}],"wp:term":[{"taxonomy":"product_brand","embeddable":true,"href":"https:\/\/masterchem.ee\/fi\/wp-json\/wp\/v2\/product_brand?post=8773"},{"taxonomy":"product_cat","embeddable":true,"href":"https:\/\/masterchem.ee\/fi\/wp-json\/wp\/v2\/product_cat?post=8773"},{"taxonomy":"product_tag","embeddable":true,"href":"https:\/\/masterchem.ee\/fi\/wp-json\/wp\/v2\/product_tag?post=8773"}],"curies":[{"name":"wp","href":"https:\/\/api.w.org\/{rel}","templated":true}]}}