{"id":8741,"date":"2020-08-26T05:27:26","date_gmt":"2020-08-26T05:27:28","guid":{"rendered":"https:\/\/masterchem.ee\/?post_type=product&#038;p=8741"},"modified":"2021-05-25T20:11:29","modified_gmt":"2021-05-25T20:11:29","slug":"magnesiumhydroksidi","status":"publish","type":"product","link":"https:\/\/masterchem.ee\/fi\/tooted-ja-teenused\/magnesiumhydroksidi\/","title":{"rendered":"Magnesiumhydroksidi (CAS 1309-42-8)"},"content":{"rendered":"<p>L\u00e4\u00e4ketieteess\u00e4 magnesiumhydroksidia k\u00e4ytet\u00e4\u00e4n v\u00e4hent\u00e4m\u00e4\u00e4n vatsan liikahappoisuutta. T\u00e4ll\u00f6in sit\u00e4 k\u00e4ytet\u00e4\u00e4n vesisuspensiona, jota nimitet\u00e4\u00e4n magnesiamaidoksi. Yhdistett\u00e4 k\u00e4ytet\u00e4\u00e4n my\u00f6s elintarvikkeissa happamuudens\u00e4\u00e4t\u00f6aineena ja mineraalivesiss\u00e4. Sen E-koodi on E 528. Yhdistett\u00e4 k\u00e4ytet\u00e4\u00e4n pH:n s\u00e4\u00e4t\u00f6\u00f6n my\u00f6s teollisuudessa. Toiseksi suurin magnesiumhydroksidin k\u00e4ytt\u00f6kohde on muiden magnesiumyhdisteiden valmistus. Siit\u00e4 tuotetaan my\u00f6s metallista magnesiumia, ja sit\u00e4 k\u00e4ytet\u00e4\u00e4n muoveissa ja muissa polymeereiss\u00e4 paloa est\u00e4v\u00e4n\u00e4 aineena.<\/p>\n","protected":false},"excerpt":{"rendered":"<p>Magnesiumhydroksidi (Mg(OH)2) on magnesium- ja hydroksidi-ionien muodostama ep\u00e4orgaaninen ioniyhdiste. Luonnossa sit\u00e4 tavataan mineraalina nimelt\u00e4\u00e4n brusiitti.<\/p>\n<p>Magnesiumhydroksidi on kiinte\u00e4\u00e4 valkoista ainetta. Yhdiste liukenee veteen vain v\u00e4h\u00e4isess\u00e4 m\u00e4\u00e4rin ja t\u00e4m\u00e4n vuoksi magnesiumhydroksidiliuokset ovat vain liev\u00e4sti em\u00e4ksisi\u00e4. Niukka liukoisuus veteen johtuu yhdisteen suuresta hilaenergiasta. Liukenemistapahtuma on endoterminen reaktio eli se sitoo energiaa.<\/p>\n<p>Muiden hydroksidien tavoin magnesiumhydroksidi reagoi ilman hiilidioksidin kanssa muodostaen magnesiumkarbonaattia.<\/p>\n<p>CAS: 1309-42-8<\/p>\n","protected":false},"featured_media":8763,"template":"","meta":[],"product_brand":[],"product_cat":[180,122],"product_tag":[],"class_list":{"0":"post-8741","1":"product","2":"type-product","3":"status-publish","4":"has-post-thumbnail","6":"product_cat-uncategorized-fi-2","7":"product_cat-teollisuuskemikaalit","9":"first","10":"instock","11":"taxable","12":"shipping-taxable","13":"purchasable","14":"product-type-variable","15":"has-default-attributes"},"yoast_head":"<!-- This site is optimized with the Yoast SEO plugin v26.2 - https:\/\/yoast.com\/wordpress\/plugins\/seo\/ -->\n<title>Magnesiumhydroksidi (CAS 1309-42-8) - Chemistry For Industry - Solvents &amp; Chemicals - Masterchem.ee<\/title>\n<meta name=\"description\" content=\"Magnesiumhydroksidi (Mg(OH)2) on magnesium- ja hydroksidi-ionien muodostama ep\u00e4orgaaninen ioniyhdiste. Luonnossa sit\u00e4 tavataan mineraalina nimelt\u00e4\u00e4n brusiitti. CAS: 1309-42-8\" \/>\n<meta name=\"robots\" content=\"index, follow, max-snippet:-1, max-image-preview:large, max-video-preview:-1\" \/>\n<link rel=\"canonical\" href=\"https:\/\/masterchem.ee\/fi\/tooted-ja-teenused\/magnesiumhydroksidi\/\" \/>\n<meta name=\"twitter:card\" content=\"summary_large_image\" \/>\n<meta name=\"twitter:title\" content=\"Magnesiumhydroksidi (CAS 1309-42-8) - Chemistry For Industry - Solvents &amp; Chemicals - Masterchem.ee\" \/>\n<meta name=\"twitter:description\" content=\"Magnesiumhydroksidi (Mg(OH)2) on magnesium- ja hydroksidi-ionien muodostama ep\u00e4orgaaninen ioniyhdiste. Luonnossa sit\u00e4 tavataan mineraalina nimelt\u00e4\u00e4n brusiitti. CAS: 1309-42-8\" \/>\n<meta name=\"twitter:image\" content=\"https:\/\/masterchem.ee\/wp-content\/uploads\/2020\/08\/Magneesiumhudroksiid-25kg-MasterChem.jpg\" \/>\n<script type=\"application\/ld+json\" class=\"yoast-schema-graph\">{\"@context\":\"https:\/\/schema.org\",\"@graph\":[{\"@type\":\"WebPage\",\"@id\":\"https:\/\/masterchem.ee\/fi\/tooted-ja-teenused\/magnesiumhydroksidi\/\",\"url\":\"https:\/\/masterchem.ee\/fi\/tooted-ja-teenused\/magnesiumhydroksidi\/\",\"name\":\"Magnesiumhydroksidi (CAS 1309-42-8) - Chemistry For Industry - Solvents &amp; Chemicals - Masterchem.ee\",\"isPartOf\":{\"@id\":\"https:\/\/masterchem.ee\/fi\/#website\"},\"primaryImageOfPage\":{\"@id\":\"https:\/\/masterchem.ee\/fi\/tooted-ja-teenused\/magnesiumhydroksidi\/#primaryimage\"},\"image\":{\"@id\":\"https:\/\/masterchem.ee\/fi\/tooted-ja-teenused\/magnesiumhydroksidi\/#primaryimage\"},\"thumbnailUrl\":\"https:\/\/masterchem.ee\/wp-content\/uploads\/2020\/08\/Magneesiumhudroksiid-25kg-MasterChem.jpg\",\"datePublished\":\"2020-08-26T05:27:28+00:00\",\"dateModified\":\"2021-05-25T20:11:29+00:00\",\"description\":\"Magnesiumhydroksidi (Mg(OH)2) on magnesium- ja hydroksidi-ionien muodostama ep\u00e4orgaaninen ioniyhdiste. Luonnossa sit\u00e4 tavataan mineraalina nimelt\u00e4\u00e4n brusiitti. CAS: 1309-42-8\",\"breadcrumb\":{\"@id\":\"https:\/\/masterchem.ee\/fi\/tooted-ja-teenused\/magnesiumhydroksidi\/#breadcrumb\"},\"inLanguage\":\"fi\",\"potentialAction\":[{\"@type\":\"ReadAction\",\"target\":[\"https:\/\/masterchem.ee\/fi\/tooted-ja-teenused\/magnesiumhydroksidi\/\"]}]},{\"@type\":\"ImageObject\",\"inLanguage\":\"fi\",\"@id\":\"https:\/\/masterchem.ee\/fi\/tooted-ja-teenused\/magnesiumhydroksidi\/#primaryimage\",\"url\":\"https:\/\/masterchem.ee\/wp-content\/uploads\/2020\/08\/Magneesiumhudroksiid-25kg-MasterChem.jpg\",\"contentUrl\":\"https:\/\/masterchem.ee\/wp-content\/uploads\/2020\/08\/Magneesiumhudroksiid-25kg-MasterChem.jpg\",\"width\":1000,\"height\":1000,\"caption\":\"Magnesiumhydroksidi 25kg MasterChem\"},{\"@type\":\"BreadcrumbList\",\"@id\":\"https:\/\/masterchem.ee\/fi\/tooted-ja-teenused\/magnesiumhydroksidi\/#breadcrumb\",\"itemListElement\":[{\"@type\":\"ListItem\",\"position\":1,\"name\":\"Home\",\"item\":\"https:\/\/masterchem.ee\/fi\/\"},{\"@type\":\"ListItem\",\"position\":2,\"name\":\"Tooted ja teenused\",\"item\":\"https:\/\/masterchem.ee\/tooted-ja-teenused\/\"},{\"@type\":\"ListItem\",\"position\":3,\"name\":\"Magnesiumhydroksidi (CAS 1309-42-8)\"}]},{\"@type\":\"WebSite\",\"@id\":\"https:\/\/masterchem.ee\/fi\/#website\",\"url\":\"https:\/\/masterchem.ee\/fi\/\",\"name\":\"Masterchem.ee\",\"description\":\"Chemistry For Industry - Solvents &amp; Chemicals\",\"publisher\":{\"@id\":\"https:\/\/masterchem.ee\/fi\/#organization\"},\"potentialAction\":[{\"@type\":\"SearchAction\",\"target\":{\"@type\":\"EntryPoint\",\"urlTemplate\":\"https:\/\/masterchem.ee\/fi\/?s={search_term_string}\"},\"query-input\":{\"@type\":\"PropertyValueSpecification\",\"valueRequired\":true,\"valueName\":\"search_term_string\"}}],\"inLanguage\":\"fi\"},{\"@type\":\"Organization\",\"@id\":\"https:\/\/masterchem.ee\/fi\/#organization\",\"name\":\"Masterchem\",\"url\":\"https:\/\/masterchem.ee\/fi\/\",\"logo\":{\"@type\":\"ImageObject\",\"inLanguage\":\"fi\",\"@id\":\"https:\/\/masterchem.ee\/fi\/#\/schema\/logo\/image\/\",\"url\":\"https:\/\/masterchem.ee\/wp-content\/uploads\/2018\/02\/master-chem_final-1.png\",\"contentUrl\":\"https:\/\/masterchem.ee\/wp-content\/uploads\/2018\/02\/master-chem_final-1.png\",\"width\":850,\"height\":356,\"caption\":\"Masterchem\"},\"image\":{\"@id\":\"https:\/\/masterchem.ee\/fi\/#\/schema\/logo\/image\/\"}}]}<\/script>\n<!-- \/ Yoast SEO plugin. -->","yoast_head_json":{"title":"Magnesiumhydroksidi (CAS 1309-42-8) - Chemistry For Industry - Solvents &amp; Chemicals - Masterchem.ee","description":"Magnesiumhydroksidi (Mg(OH)2) on magnesium- ja hydroksidi-ionien muodostama ep\u00e4orgaaninen ioniyhdiste. Luonnossa sit\u00e4 tavataan mineraalina nimelt\u00e4\u00e4n brusiitti. CAS: 1309-42-8","robots":{"index":"index","follow":"follow","max-snippet":"max-snippet:-1","max-image-preview":"max-image-preview:large","max-video-preview":"max-video-preview:-1"},"canonical":"https:\/\/masterchem.ee\/fi\/tooted-ja-teenused\/magnesiumhydroksidi\/","twitter_card":"summary_large_image","twitter_title":"Magnesiumhydroksidi (CAS 1309-42-8) - Chemistry For Industry - Solvents &amp; Chemicals - Masterchem.ee","twitter_description":"Magnesiumhydroksidi (Mg(OH)2) on magnesium- ja hydroksidi-ionien muodostama ep\u00e4orgaaninen ioniyhdiste. Luonnossa sit\u00e4 tavataan mineraalina nimelt\u00e4\u00e4n brusiitti. CAS: 1309-42-8","twitter_image":"https:\/\/masterchem.ee\/wp-content\/uploads\/2020\/08\/Magneesiumhudroksiid-25kg-MasterChem.jpg","schema":{"@context":"https:\/\/schema.org","@graph":[{"@type":"WebPage","@id":"https:\/\/masterchem.ee\/fi\/tooted-ja-teenused\/magnesiumhydroksidi\/","url":"https:\/\/masterchem.ee\/fi\/tooted-ja-teenused\/magnesiumhydroksidi\/","name":"Magnesiumhydroksidi (CAS 1309-42-8) - Chemistry For Industry - Solvents &amp; Chemicals - Masterchem.ee","isPartOf":{"@id":"https:\/\/masterchem.ee\/fi\/#website"},"primaryImageOfPage":{"@id":"https:\/\/masterchem.ee\/fi\/tooted-ja-teenused\/magnesiumhydroksidi\/#primaryimage"},"image":{"@id":"https:\/\/masterchem.ee\/fi\/tooted-ja-teenused\/magnesiumhydroksidi\/#primaryimage"},"thumbnailUrl":"https:\/\/masterchem.ee\/wp-content\/uploads\/2020\/08\/Magneesiumhudroksiid-25kg-MasterChem.jpg","datePublished":"2020-08-26T05:27:28+00:00","dateModified":"2021-05-25T20:11:29+00:00","description":"Magnesiumhydroksidi (Mg(OH)2) on magnesium- ja hydroksidi-ionien muodostama ep\u00e4orgaaninen ioniyhdiste. Luonnossa sit\u00e4 tavataan mineraalina nimelt\u00e4\u00e4n brusiitti. CAS: 1309-42-8","breadcrumb":{"@id":"https:\/\/masterchem.ee\/fi\/tooted-ja-teenused\/magnesiumhydroksidi\/#breadcrumb"},"inLanguage":"fi","potentialAction":[{"@type":"ReadAction","target":["https:\/\/masterchem.ee\/fi\/tooted-ja-teenused\/magnesiumhydroksidi\/"]}]},{"@type":"ImageObject","inLanguage":"fi","@id":"https:\/\/masterchem.ee\/fi\/tooted-ja-teenused\/magnesiumhydroksidi\/#primaryimage","url":"https:\/\/masterchem.ee\/wp-content\/uploads\/2020\/08\/Magneesiumhudroksiid-25kg-MasterChem.jpg","contentUrl":"https:\/\/masterchem.ee\/wp-content\/uploads\/2020\/08\/Magneesiumhudroksiid-25kg-MasterChem.jpg","width":1000,"height":1000,"caption":"Magnesiumhydroksidi 25kg MasterChem"},{"@type":"BreadcrumbList","@id":"https:\/\/masterchem.ee\/fi\/tooted-ja-teenused\/magnesiumhydroksidi\/#breadcrumb","itemListElement":[{"@type":"ListItem","position":1,"name":"Home","item":"https:\/\/masterchem.ee\/fi\/"},{"@type":"ListItem","position":2,"name":"Tooted ja teenused","item":"https:\/\/masterchem.ee\/tooted-ja-teenused\/"},{"@type":"ListItem","position":3,"name":"Magnesiumhydroksidi (CAS 1309-42-8)"}]},{"@type":"WebSite","@id":"https:\/\/masterchem.ee\/fi\/#website","url":"https:\/\/masterchem.ee\/fi\/","name":"Masterchem.ee","description":"Chemistry For Industry - Solvents &amp; Chemicals","publisher":{"@id":"https:\/\/masterchem.ee\/fi\/#organization"},"potentialAction":[{"@type":"SearchAction","target":{"@type":"EntryPoint","urlTemplate":"https:\/\/masterchem.ee\/fi\/?s={search_term_string}"},"query-input":{"@type":"PropertyValueSpecification","valueRequired":true,"valueName":"search_term_string"}}],"inLanguage":"fi"},{"@type":"Organization","@id":"https:\/\/masterchem.ee\/fi\/#organization","name":"Masterchem","url":"https:\/\/masterchem.ee\/fi\/","logo":{"@type":"ImageObject","inLanguage":"fi","@id":"https:\/\/masterchem.ee\/fi\/#\/schema\/logo\/image\/","url":"https:\/\/masterchem.ee\/wp-content\/uploads\/2018\/02\/master-chem_final-1.png","contentUrl":"https:\/\/masterchem.ee\/wp-content\/uploads\/2018\/02\/master-chem_final-1.png","width":850,"height":356,"caption":"Masterchem"},"image":{"@id":"https:\/\/masterchem.ee\/fi\/#\/schema\/logo\/image\/"}}]}},"_links":{"self":[{"href":"https:\/\/masterchem.ee\/fi\/wp-json\/wp\/v2\/product\/8741","targetHints":{"allow":["GET"]}}],"collection":[{"href":"https:\/\/masterchem.ee\/fi\/wp-json\/wp\/v2\/product"}],"about":[{"href":"https:\/\/masterchem.ee\/fi\/wp-json\/wp\/v2\/types\/product"}],"wp:featuredmedia":[{"embeddable":true,"href":"https:\/\/masterchem.ee\/fi\/wp-json\/wp\/v2\/media\/8763"}],"wp:attachment":[{"href":"https:\/\/masterchem.ee\/fi\/wp-json\/wp\/v2\/media?parent=8741"}],"wp:term":[{"taxonomy":"product_brand","embeddable":true,"href":"https:\/\/masterchem.ee\/fi\/wp-json\/wp\/v2\/product_brand?post=8741"},{"taxonomy":"product_cat","embeddable":true,"href":"https:\/\/masterchem.ee\/fi\/wp-json\/wp\/v2\/product_cat?post=8741"},{"taxonomy":"product_tag","embeddable":true,"href":"https:\/\/masterchem.ee\/fi\/wp-json\/wp\/v2\/product_tag?post=8741"}],"curies":[{"name":"wp","href":"https:\/\/api.w.org\/{rel}","templated":true}]}}