{"id":8638,"date":"2020-08-26T04:52:24","date_gmt":"2020-08-26T04:52:26","guid":{"rendered":"https:\/\/masterchem.ee\/?post_type=product&#038;p=8638"},"modified":"2022-04-14T10:44:10","modified_gmt":"2022-04-14T10:44:10","slug":"kaliumhydroksidi-hiutaleita-rakeita-cas-1310-58-3","status":"publish","type":"product","link":"https:\/\/masterchem.ee\/fi\/tooted-ja-teenused\/kaliumhydroksidi-hiutaleita-rakeita-cas-1310-58-3\/","title":{"rendered":"Kaliumhydroksidi (hiutaleita\/rakeita) (CAS 1310-58-3)"},"content":{"rendered":"<p> <strong> Muiden kaliumyhdisteiden edelt\u00e4j\u00e4 <\/strong> <br \/>\nMonet kaliumsuolat valmistetaan neutralointireaktioilla, joihin liittyy KOH. Karbonaatin, syanidin, permanganaatin, fosfaatin ja erilaisten silikaattien kaliumsuolat valmistetaan k\u00e4sittelem\u00e4ll\u00e4 joko oksideja tai happoja KOH: lla. Kaliumfosfaatin korkea liukoisuus on toivottavaa lannoitteissa<\/p>\n<p> <strong> Pehmeiden saippuiden valmistus <\/strong> <br \/>\nRasvojen saippuoituminen KOH: lla k\u00e4ytet\u00e4\u00e4n vastaavien &#8221;kaliumsaippuoiden&#8221; valmistamiseen, jotka ovat pehme\u00e4mpi\u00e4 kuin tavallisimmat natriumhydroksidiper\u00e4iset saippuat. Pehmeytens\u00e4 ja paremman liukoisuutensa vuoksi kalium saippuat vaativat v\u00e4hemm\u00e4n vett\u00e4 nesteytt\u00e4miseen ja voivat siten sis\u00e4lt\u00e4\u00e4 enemm\u00e4n puhdistusaineita kuin nesteytetyt natrium saippuat. <\/p>\n<p> <strong> Elintarviketeollisuus <\/strong> <br \/>\nElintarvikkeissa kaliumhydroksidi toimii ruoan sakeuttamisaineena, pH: n s\u00e4\u00e4telyaineena ja ruoan stabiloijana. FDA pit\u00e4\u00e4 sit\u00e4 (ihmisten suorana elintarvikkeiden ainesosana) yleisesti turvallisena yhdistettyn\u00e4 &#8221;hyvien&#8221; valmistusk\u00e4yt\u00e4nt\u00f6jen k\u00e4ytt\u00f6olosuhteisiin. Se tunnetaan E-numeroj\u00e4rjestelm\u00e4ss\u00e4 nimell\u00e4 E525. <\/p>\n<p> <strong> niche-sovellukset <\/strong> <br \/>\nKuten natriumhydroksidi, kaliumhydroksidi houkuttelee lukuisia erikoistuneita sovelluksia, jotka k\u00e4yt\u00e4nn\u00f6ss\u00e4 kaikki luottavat sen ominaisuuksiin vahvana kemiallisen\u00e4 em\u00e4ksen\u00e4 ja sen seurauksena olevana kyky\u00e4 hajottaa monia materiaaleja. Esimerkiksi prosessissa, jota yleisesti kutsutaan &#8221;kemialliseksi tuhkaksi&#8221; tai &#8221;uudelleenmuodostukseksi&#8221;, kaliumhydroksidi nopeuttaa sek\u00e4 el\u00e4inten ett\u00e4 ihmisten pehmytkudosten hajoamista j\u00e4tt\u00e4en taakse vain luut ja muut kovat kudokset. Entomologit, jotka haluavat tutkia hy\u00f6nteisten anatomian hienoa rakennetta, voivat k\u00e4ytt\u00e4\u00e4 t\u00e4m\u00e4n prosessin 10-prosenttista KOH: n vesiliuosta. <\/p>\n<p> Kemiallisessa synteesiss\u00e4 valintaa KOH: n ja NaOH: n k\u00e4yt\u00f6n v\u00e4lill\u00e4 ohjaa saadun suolan liukoisuus tai s\u00e4ilyvyys. <\/p>\n<p> Kaliumhydroksidin sy\u00f6vytt\u00e4v\u00e4t ominaisuudet tekev\u00e4t siit\u00e4 hy\u00f6dyllisen ainesosan aineissa ja valmisteissa, jotka puhdistavat ja desinfioivat pinnat ja materiaalit, jotka itse pystyv\u00e4t vastustamaan KOH: n korroosiota. <\/p>\n<p> KOH: ta k\u00e4ytet\u00e4\u00e4n my\u00f6s puolijohde sirujen valmistukseen. Katso my\u00f6s: anisotrooppinen m\u00e4rk\u00e4sy\u00f6vy. <\/p>\n<p> Kaliumhydroksidi on usein t\u00e4rkein vaikuttava aine kemiallisissa &#8221;kynsinauhojen poistoaineissa&#8221;, joita k\u00e4ytet\u00e4\u00e4n manikyyrihoidoissa. <\/p>\n<p> Koska aggressiiviset em\u00e4kset, kuten KOH, vahingoittavat hiusakselin kynsinauhaa, kaliumhydroksidia k\u00e4ytet\u00e4\u00e4n kemiallisesti karvan poistamiseen el\u00e4inten vuodista. Vuodet liotetaan useita tunteja KOH: n ja veden liuoksessa niiden valmistamiseksi parkitusprosessin karvattomaan vaiheeseen. Samaa vaikutusta k\u00e4ytet\u00e4\u00e4n my\u00f6s ihmisen hiusten heikent\u00e4miseen parranajoa valmisteltaessa. Preshave-tuotteet ja jotkut parranajovoiteet sis\u00e4lt\u00e4v\u00e4t kaliumhydroksidia pakottamaan hiusneulan avaamaan ja toimimaan hygroskooppisena aineena veden vet\u00e4miseksi ja pakottamiseksi veteen hiusakseliin aiheuttaen lis\u00e4\u00e4 vaurioita hiuksille. T\u00e4ss\u00e4 heikentyneess\u00e4 tilassa partaveitsi leikkaa hiukset helpommin. <\/p>\n<p> Kaliumhydroksidia k\u00e4ytet\u00e4\u00e4n tunnistamaan jotkut sienilajit. Sienen lihaan levitet\u00e4\u00e4n 3-5% KOH: n vesiliuosta ja tutkija toteaa, muuttuuko lihan v\u00e4ri vai ei. Tietyt rakeistettujen sienten, lakkien, polypoorien ja j\u00e4k\u00e4lien lajit ovat tunnistettavissa t\u00e4m\u00e4n v\u00e4rinmuutosreaktion perusteella. <\/p>\n","protected":false},"excerpt":{"rendered":"<p>Kaliumhydroksidi on ep\u00e4orgaaninen yhdiste, jolla on kaava KOH, ja sit\u00e4 kutsutaan yleisesti kaustiseksi kaliumiksi.<\/p>\n<p>Yhdess\u00e4 natriumhydroksidin (NaOH) kanssa t\u00e4m\u00e4 v\u00e4rit\u00f6n kiinte\u00e4 aine on prototyyppinen vahva em\u00e4s. Sill\u00e4 on monia teollisia ja kapeita sovelluksia, joista suurin osa hy\u00f6dynt\u00e4\u00e4 kaustista luonnettaan ja reaktiivisuuttaan happoja kohtaan. Vuonna 2005 tuotettiin arviolta 700 000 &#8211; 800 000 tonnia. KOH on huomattava useimpien pehmeiden ja nestem\u00e4isten saippuiden sek\u00e4 useiden kaliumia sis\u00e4lt\u00e4vien kemikaalien edelt\u00e4j\u00e4. Se on valkoinen kiinte\u00e4 aine, joka on vaarallisesti sy\u00f6vytt\u00e4v\u00e4. Suurin osa kaupallisista n\u00e4ytteist\u00e4 on noin 90% puhdasta, loppuosa on vett\u00e4 ja karbonaatteja.<\/p>\n<p>CAS: 1310-58-3<\/p>\n","protected":false},"featured_media":8714,"template":"","meta":[],"product_brand":[],"product_cat":[180,294,117,323,258,122],"product_tag":[],"class_list":{"0":"post-8638","1":"product","2":"type-product","3":"status-publish","4":"has-post-thumbnail","6":"product_cat-uncategorized-fi-2","7":"product_cat-kosmetiikkateollisuus","8":"product_cat-kotitalouskemikaalit","9":"product_cat-lannoitteet","10":"product_cat-muovi-fi","11":"product_cat-teollisuuskemikaalit","12":"pif-has-gallery","14":"first","15":"instock","16":"taxable","17":"shipping-taxable","18":"purchasable","19":"product-type-variable","20":"has-default-attributes"},"yoast_head":"<!-- This site is optimized with the Yoast SEO plugin v26.2 - https:\/\/yoast.com\/wordpress\/plugins\/seo\/ -->\n<title>Kaliumhydroksidi (hiutaleita\/rakeita) (CAS 1310-58-3) - Chemistry For Industry - Solvents &amp; Chemicals - Masterchem.ee<\/title>\n<meta name=\"description\" content=\"Kaliumhydroksidi ep\u00e4orgaanisessa yhdisteess\u00e4, jolla on kaava KOH, ja sit\u00e4 kutsutaan yleisesti kaustiseksi kaliumiksi. CAS: 1310-58-3\" \/>\n<meta name=\"robots\" content=\"index, follow, max-snippet:-1, max-image-preview:large, max-video-preview:-1\" \/>\n<link rel=\"canonical\" href=\"https:\/\/masterchem.ee\/fi\/tooted-ja-teenused\/kaliumhydroksidi-hiutaleita-rakeita-cas-1310-58-3\/\" \/>\n<meta name=\"twitter:card\" content=\"summary_large_image\" \/>\n<meta name=\"twitter:title\" content=\"Kaliumhydroksidi (hiutaleita\/rakeita) (CAS 1310-58-3) - Chemistry For Industry - Solvents &amp; Chemicals - Masterchem.ee\" \/>\n<meta name=\"twitter:description\" content=\"Kaliumhydroksidi ep\u00e4orgaanisessa yhdisteess\u00e4, jolla on kaava KOH, ja sit\u00e4 kutsutaan yleisesti kaustiseksi kaliumiksi. CAS: 1310-58-3\" \/>\n<meta name=\"twitter:image\" content=\"https:\/\/masterchem.ee\/wp-content\/uploads\/2020\/08\/KAALIUMHUDROKSIID-1000l-MasterChem.jpg\" \/>\n<meta name=\"twitter:label1\" content=\"Arvioitu lukuaika\" \/>\n\t<meta name=\"twitter:data1\" content=\"2 minuuttia\" \/>\n<script type=\"application\/ld+json\" class=\"yoast-schema-graph\">{\"@context\":\"https:\/\/schema.org\",\"@graph\":[{\"@type\":\"WebPage\",\"@id\":\"https:\/\/masterchem.ee\/fi\/tooted-ja-teenused\/kaliumhydroksidi-hiutaleita-rakeita-cas-1310-58-3\/\",\"url\":\"https:\/\/masterchem.ee\/fi\/tooted-ja-teenused\/kaliumhydroksidi-hiutaleita-rakeita-cas-1310-58-3\/\",\"name\":\"Kaliumhydroksidi (hiutaleita\/rakeita) (CAS 1310-58-3) - Chemistry For Industry - Solvents &amp; Chemicals - Masterchem.ee\",\"isPartOf\":{\"@id\":\"https:\/\/masterchem.ee\/fi\/#website\"},\"primaryImageOfPage\":{\"@id\":\"https:\/\/masterchem.ee\/fi\/tooted-ja-teenused\/kaliumhydroksidi-hiutaleita-rakeita-cas-1310-58-3\/#primaryimage\"},\"image\":{\"@id\":\"https:\/\/masterchem.ee\/fi\/tooted-ja-teenused\/kaliumhydroksidi-hiutaleita-rakeita-cas-1310-58-3\/#primaryimage\"},\"thumbnailUrl\":\"https:\/\/masterchem.ee\/wp-content\/uploads\/2020\/08\/KAALIUMHUDROKSIID-1000l-MasterChem.jpg\",\"datePublished\":\"2020-08-26T04:52:26+00:00\",\"dateModified\":\"2022-04-14T10:44:10+00:00\",\"description\":\"Kaliumhydroksidi ep\u00e4orgaanisessa yhdisteess\u00e4, jolla on kaava KOH, ja sit\u00e4 kutsutaan yleisesti kaustiseksi kaliumiksi. CAS: 1310-58-3\",\"breadcrumb\":{\"@id\":\"https:\/\/masterchem.ee\/fi\/tooted-ja-teenused\/kaliumhydroksidi-hiutaleita-rakeita-cas-1310-58-3\/#breadcrumb\"},\"inLanguage\":\"fi\",\"potentialAction\":[{\"@type\":\"ReadAction\",\"target\":[\"https:\/\/masterchem.ee\/fi\/tooted-ja-teenused\/kaliumhydroksidi-hiutaleita-rakeita-cas-1310-58-3\/\"]}]},{\"@type\":\"ImageObject\",\"inLanguage\":\"fi\",\"@id\":\"https:\/\/masterchem.ee\/fi\/tooted-ja-teenused\/kaliumhydroksidi-hiutaleita-rakeita-cas-1310-58-3\/#primaryimage\",\"url\":\"https:\/\/masterchem.ee\/wp-content\/uploads\/2020\/08\/KAALIUMHUDROKSIID-1000l-MasterChem.jpg\",\"contentUrl\":\"https:\/\/masterchem.ee\/wp-content\/uploads\/2020\/08\/KAALIUMHUDROKSIID-1000l-MasterChem.jpg\",\"width\":1000,\"height\":1000,\"caption\":\"Kaliumhydroksidi 1000l MasterChem\"},{\"@type\":\"BreadcrumbList\",\"@id\":\"https:\/\/masterchem.ee\/fi\/tooted-ja-teenused\/kaliumhydroksidi-hiutaleita-rakeita-cas-1310-58-3\/#breadcrumb\",\"itemListElement\":[{\"@type\":\"ListItem\",\"position\":1,\"name\":\"Home\",\"item\":\"https:\/\/masterchem.ee\/fi\/\"},{\"@type\":\"ListItem\",\"position\":2,\"name\":\"Tooted ja teenused\",\"item\":\"https:\/\/masterchem.ee\/tooted-ja-teenused\/\"},{\"@type\":\"ListItem\",\"position\":3,\"name\":\"Kaliumhydroksidi (hiutaleita\/rakeita) (CAS 1310-58-3)\"}]},{\"@type\":\"WebSite\",\"@id\":\"https:\/\/masterchem.ee\/fi\/#website\",\"url\":\"https:\/\/masterchem.ee\/fi\/\",\"name\":\"Masterchem.ee\",\"description\":\"Chemistry For Industry - Solvents &amp; Chemicals\",\"publisher\":{\"@id\":\"https:\/\/masterchem.ee\/fi\/#organization\"},\"potentialAction\":[{\"@type\":\"SearchAction\",\"target\":{\"@type\":\"EntryPoint\",\"urlTemplate\":\"https:\/\/masterchem.ee\/fi\/?s={search_term_string}\"},\"query-input\":{\"@type\":\"PropertyValueSpecification\",\"valueRequired\":true,\"valueName\":\"search_term_string\"}}],\"inLanguage\":\"fi\"},{\"@type\":\"Organization\",\"@id\":\"https:\/\/masterchem.ee\/fi\/#organization\",\"name\":\"Masterchem\",\"url\":\"https:\/\/masterchem.ee\/fi\/\",\"logo\":{\"@type\":\"ImageObject\",\"inLanguage\":\"fi\",\"@id\":\"https:\/\/masterchem.ee\/fi\/#\/schema\/logo\/image\/\",\"url\":\"https:\/\/masterchem.ee\/wp-content\/uploads\/2018\/02\/master-chem_final-1.png\",\"contentUrl\":\"https:\/\/masterchem.ee\/wp-content\/uploads\/2018\/02\/master-chem_final-1.png\",\"width\":850,\"height\":356,\"caption\":\"Masterchem\"},\"image\":{\"@id\":\"https:\/\/masterchem.ee\/fi\/#\/schema\/logo\/image\/\"}}]}<\/script>\n<!-- \/ Yoast SEO plugin. -->","yoast_head_json":{"title":"Kaliumhydroksidi (hiutaleita\/rakeita) (CAS 1310-58-3) - Chemistry For Industry - Solvents &amp; Chemicals - Masterchem.ee","description":"Kaliumhydroksidi ep\u00e4orgaanisessa yhdisteess\u00e4, jolla on kaava KOH, ja sit\u00e4 kutsutaan yleisesti kaustiseksi kaliumiksi. CAS: 1310-58-3","robots":{"index":"index","follow":"follow","max-snippet":"max-snippet:-1","max-image-preview":"max-image-preview:large","max-video-preview":"max-video-preview:-1"},"canonical":"https:\/\/masterchem.ee\/fi\/tooted-ja-teenused\/kaliumhydroksidi-hiutaleita-rakeita-cas-1310-58-3\/","twitter_card":"summary_large_image","twitter_title":"Kaliumhydroksidi (hiutaleita\/rakeita) (CAS 1310-58-3) - Chemistry For Industry - Solvents &amp; Chemicals - Masterchem.ee","twitter_description":"Kaliumhydroksidi ep\u00e4orgaanisessa yhdisteess\u00e4, jolla on kaava KOH, ja sit\u00e4 kutsutaan yleisesti kaustiseksi kaliumiksi. CAS: 1310-58-3","twitter_image":"https:\/\/masterchem.ee\/wp-content\/uploads\/2020\/08\/KAALIUMHUDROKSIID-1000l-MasterChem.jpg","twitter_misc":{"Arvioitu lukuaika":"2 minuuttia"},"schema":{"@context":"https:\/\/schema.org","@graph":[{"@type":"WebPage","@id":"https:\/\/masterchem.ee\/fi\/tooted-ja-teenused\/kaliumhydroksidi-hiutaleita-rakeita-cas-1310-58-3\/","url":"https:\/\/masterchem.ee\/fi\/tooted-ja-teenused\/kaliumhydroksidi-hiutaleita-rakeita-cas-1310-58-3\/","name":"Kaliumhydroksidi (hiutaleita\/rakeita) (CAS 1310-58-3) - Chemistry For Industry - Solvents &amp; Chemicals - Masterchem.ee","isPartOf":{"@id":"https:\/\/masterchem.ee\/fi\/#website"},"primaryImageOfPage":{"@id":"https:\/\/masterchem.ee\/fi\/tooted-ja-teenused\/kaliumhydroksidi-hiutaleita-rakeita-cas-1310-58-3\/#primaryimage"},"image":{"@id":"https:\/\/masterchem.ee\/fi\/tooted-ja-teenused\/kaliumhydroksidi-hiutaleita-rakeita-cas-1310-58-3\/#primaryimage"},"thumbnailUrl":"https:\/\/masterchem.ee\/wp-content\/uploads\/2020\/08\/KAALIUMHUDROKSIID-1000l-MasterChem.jpg","datePublished":"2020-08-26T04:52:26+00:00","dateModified":"2022-04-14T10:44:10+00:00","description":"Kaliumhydroksidi ep\u00e4orgaanisessa yhdisteess\u00e4, jolla on kaava KOH, ja sit\u00e4 kutsutaan yleisesti kaustiseksi kaliumiksi. CAS: 1310-58-3","breadcrumb":{"@id":"https:\/\/masterchem.ee\/fi\/tooted-ja-teenused\/kaliumhydroksidi-hiutaleita-rakeita-cas-1310-58-3\/#breadcrumb"},"inLanguage":"fi","potentialAction":[{"@type":"ReadAction","target":["https:\/\/masterchem.ee\/fi\/tooted-ja-teenused\/kaliumhydroksidi-hiutaleita-rakeita-cas-1310-58-3\/"]}]},{"@type":"ImageObject","inLanguage":"fi","@id":"https:\/\/masterchem.ee\/fi\/tooted-ja-teenused\/kaliumhydroksidi-hiutaleita-rakeita-cas-1310-58-3\/#primaryimage","url":"https:\/\/masterchem.ee\/wp-content\/uploads\/2020\/08\/KAALIUMHUDROKSIID-1000l-MasterChem.jpg","contentUrl":"https:\/\/masterchem.ee\/wp-content\/uploads\/2020\/08\/KAALIUMHUDROKSIID-1000l-MasterChem.jpg","width":1000,"height":1000,"caption":"Kaliumhydroksidi 1000l MasterChem"},{"@type":"BreadcrumbList","@id":"https:\/\/masterchem.ee\/fi\/tooted-ja-teenused\/kaliumhydroksidi-hiutaleita-rakeita-cas-1310-58-3\/#breadcrumb","itemListElement":[{"@type":"ListItem","position":1,"name":"Home","item":"https:\/\/masterchem.ee\/fi\/"},{"@type":"ListItem","position":2,"name":"Tooted ja teenused","item":"https:\/\/masterchem.ee\/tooted-ja-teenused\/"},{"@type":"ListItem","position":3,"name":"Kaliumhydroksidi (hiutaleita\/rakeita) (CAS 1310-58-3)"}]},{"@type":"WebSite","@id":"https:\/\/masterchem.ee\/fi\/#website","url":"https:\/\/masterchem.ee\/fi\/","name":"Masterchem.ee","description":"Chemistry For Industry - Solvents &amp; Chemicals","publisher":{"@id":"https:\/\/masterchem.ee\/fi\/#organization"},"potentialAction":[{"@type":"SearchAction","target":{"@type":"EntryPoint","urlTemplate":"https:\/\/masterchem.ee\/fi\/?s={search_term_string}"},"query-input":{"@type":"PropertyValueSpecification","valueRequired":true,"valueName":"search_term_string"}}],"inLanguage":"fi"},{"@type":"Organization","@id":"https:\/\/masterchem.ee\/fi\/#organization","name":"Masterchem","url":"https:\/\/masterchem.ee\/fi\/","logo":{"@type":"ImageObject","inLanguage":"fi","@id":"https:\/\/masterchem.ee\/fi\/#\/schema\/logo\/image\/","url":"https:\/\/masterchem.ee\/wp-content\/uploads\/2018\/02\/master-chem_final-1.png","contentUrl":"https:\/\/masterchem.ee\/wp-content\/uploads\/2018\/02\/master-chem_final-1.png","width":850,"height":356,"caption":"Masterchem"},"image":{"@id":"https:\/\/masterchem.ee\/fi\/#\/schema\/logo\/image\/"}}]}},"_links":{"self":[{"href":"https:\/\/masterchem.ee\/fi\/wp-json\/wp\/v2\/product\/8638","targetHints":{"allow":["GET"]}}],"collection":[{"href":"https:\/\/masterchem.ee\/fi\/wp-json\/wp\/v2\/product"}],"about":[{"href":"https:\/\/masterchem.ee\/fi\/wp-json\/wp\/v2\/types\/product"}],"wp:featuredmedia":[{"embeddable":true,"href":"https:\/\/masterchem.ee\/fi\/wp-json\/wp\/v2\/media\/8714"}],"wp:attachment":[{"href":"https:\/\/masterchem.ee\/fi\/wp-json\/wp\/v2\/media?parent=8638"}],"wp:term":[{"taxonomy":"product_brand","embeddable":true,"href":"https:\/\/masterchem.ee\/fi\/wp-json\/wp\/v2\/product_brand?post=8638"},{"taxonomy":"product_cat","embeddable":true,"href":"https:\/\/masterchem.ee\/fi\/wp-json\/wp\/v2\/product_cat?post=8638"},{"taxonomy":"product_tag","embeddable":true,"href":"https:\/\/masterchem.ee\/fi\/wp-json\/wp\/v2\/product_tag?post=8638"}],"curies":[{"name":"wp","href":"https:\/\/api.w.org\/{rel}","templated":true}]}}