{"id":8546,"date":"2020-08-26T03:56:00","date_gmt":"2020-08-26T03:56:03","guid":{"rendered":"https:\/\/masterchem.ee\/?post_type=product&#038;p=8546"},"modified":"2021-05-25T20:20:58","modified_gmt":"2021-05-25T20:20:58","slug":"ammoniakkivetta-25","status":"publish","type":"product","link":"https:\/\/masterchem.ee\/fi\/tooted-ja-teenused\/ammoniakkivetta-25\/","title":{"rendered":"Ammoniakkivett\u00e4 25% (CAS 7664-41-7)"},"content":{"rendered":"","protected":false},"excerpt":{"rendered":"<p>Ammoniakkiveden k\u00e4ytt\u00f6: monik\u00e4ytt\u00f6inen teollisuuskemikaali (mukaan lukien hydrometallurgia, l\u00e4mp\u00f6energia jne.)<\/p>\n<p>Ammoniakkiveden varastointi: Varastoi viile\u00e4ss\u00e4, kuivassa, hyvin ilmastoidussa tilassa tai ulkona suljetuissa ruostumattomissa tai hiiliter\u00e4ksisiss\u00e4, polyeteeni- tai polypropeenis\u00e4ili\u00f6iss\u00e4, kaukana koteista ja ty\u00f6paikoista, poissa luvattomilta henkil\u00f6ilt\u00e4. Varastointitilojen on t\u00e4ytett\u00e4v\u00e4 palavien nesteiden varastotilaa koskevat vaatimukset. Kontit on varustettava tuuletusaukolla. Pulloja ei saa t\u00e4ytt\u00e4\u00e4 reunaan, v\u00e4kev\u00e4 liuos voi aiheuttaa painetta. Varastoi erill\u00e4\u00e4n yhteensopimattomista materiaaleista (hapot, orgaaniset aineet, jotkut metallit ja niiden suolat)<\/p>\n<p>CAS: 7664-41-7<\/p>\n","protected":false},"featured_media":8594,"template":"","meta":[],"product_brand":[],"product_cat":[180,351,122],"product_tag":[],"class_list":{"0":"post-8546","1":"product","2":"type-product","3":"status-publish","4":"has-post-thumbnail","6":"product_cat-uncategorized-fi-2","7":"product_cat-puutarhanhoito","8":"product_cat-teollisuuskemikaalit","9":"pif-has-gallery","11":"first","12":"instock","13":"taxable","14":"shipping-taxable","15":"purchasable","16":"product-type-variable","17":"has-default-attributes"},"yoast_head":"<!-- This site is optimized with the Yoast SEO plugin v26.2 - https:\/\/yoast.com\/wordpress\/plugins\/seo\/ -->\n<title>Ammoniakkivett\u00e4 25% (CAS 7664-41-7) - Chemistry For Industry - Solvents &amp; Chemicals - Masterchem.ee<\/title>\n<meta name=\"description\" content=\"Ammoniakkiveden k\u00e4ytt\u00f6: monik\u00e4ytt\u00f6inen teollisuuskemikaali (mukaan lukien hydrometallurgia, l\u00e4mp\u00f6energia jne.). CAS: 7664-41-7\" \/>\n<meta name=\"robots\" content=\"index, follow, max-snippet:-1, max-image-preview:large, max-video-preview:-1\" \/>\n<link rel=\"canonical\" href=\"https:\/\/masterchem.ee\/fi\/tooted-ja-teenused\/ammoniakkivetta-25\/\" \/>\n<meta name=\"twitter:card\" content=\"summary_large_image\" \/>\n<meta name=\"twitter:title\" content=\"Ammoniakkivett\u00e4 25% (CAS 7664-41-7) - Chemistry For Industry - Solvents &amp; Chemicals - Masterchem.ee\" \/>\n<meta name=\"twitter:description\" content=\"Ammoniakkiveden k\u00e4ytt\u00f6: monik\u00e4ytt\u00f6inen teollisuuskemikaali (mukaan lukien hydrometallurgia, l\u00e4mp\u00f6energia jne.). CAS: 7664-41-7\" \/>\n<meta name=\"twitter:image\" content=\"https:\/\/masterchem.ee\/wp-content\/uploads\/2020\/08\/AMMONIAAKVESI-25-1000l-MasterChem.jpg\" \/>\n<script type=\"application\/ld+json\" class=\"yoast-schema-graph\">{\"@context\":\"https:\/\/schema.org\",\"@graph\":[{\"@type\":\"WebPage\",\"@id\":\"https:\/\/masterchem.ee\/fi\/tooted-ja-teenused\/ammoniakkivetta-25\/\",\"url\":\"https:\/\/masterchem.ee\/fi\/tooted-ja-teenused\/ammoniakkivetta-25\/\",\"name\":\"Ammoniakkivett\u00e4 25% (CAS 7664-41-7) - Chemistry For Industry - Solvents &amp; Chemicals - Masterchem.ee\",\"isPartOf\":{\"@id\":\"https:\/\/masterchem.ee\/fi\/#website\"},\"primaryImageOfPage\":{\"@id\":\"https:\/\/masterchem.ee\/fi\/tooted-ja-teenused\/ammoniakkivetta-25\/#primaryimage\"},\"image\":{\"@id\":\"https:\/\/masterchem.ee\/fi\/tooted-ja-teenused\/ammoniakkivetta-25\/#primaryimage\"},\"thumbnailUrl\":\"https:\/\/masterchem.ee\/wp-content\/uploads\/2020\/08\/AMMONIAAKVESI-25-1000l-MasterChem.jpg\",\"datePublished\":\"2020-08-26T03:56:03+00:00\",\"dateModified\":\"2021-05-25T20:20:58+00:00\",\"description\":\"Ammoniakkiveden k\u00e4ytt\u00f6: monik\u00e4ytt\u00f6inen teollisuuskemikaali (mukaan lukien hydrometallurgia, l\u00e4mp\u00f6energia jne.). CAS: 7664-41-7\",\"breadcrumb\":{\"@id\":\"https:\/\/masterchem.ee\/fi\/tooted-ja-teenused\/ammoniakkivetta-25\/#breadcrumb\"},\"inLanguage\":\"fi\",\"potentialAction\":[{\"@type\":\"ReadAction\",\"target\":[\"https:\/\/masterchem.ee\/fi\/tooted-ja-teenused\/ammoniakkivetta-25\/\"]}]},{\"@type\":\"ImageObject\",\"inLanguage\":\"fi\",\"@id\":\"https:\/\/masterchem.ee\/fi\/tooted-ja-teenused\/ammoniakkivetta-25\/#primaryimage\",\"url\":\"https:\/\/masterchem.ee\/wp-content\/uploads\/2020\/08\/AMMONIAAKVESI-25-1000l-MasterChem.jpg\",\"contentUrl\":\"https:\/\/masterchem.ee\/wp-content\/uploads\/2020\/08\/AMMONIAAKVESI-25-1000l-MasterChem.jpg\",\"width\":1000,\"height\":1000,\"caption\":\"Ammoniakkivett\u00e4 25% 1000l MasterChem\"},{\"@type\":\"BreadcrumbList\",\"@id\":\"https:\/\/masterchem.ee\/fi\/tooted-ja-teenused\/ammoniakkivetta-25\/#breadcrumb\",\"itemListElement\":[{\"@type\":\"ListItem\",\"position\":1,\"name\":\"Home\",\"item\":\"https:\/\/masterchem.ee\/fi\/\"},{\"@type\":\"ListItem\",\"position\":2,\"name\":\"Tooted ja teenused\",\"item\":\"https:\/\/masterchem.ee\/tooted-ja-teenused\/\"},{\"@type\":\"ListItem\",\"position\":3,\"name\":\"Ammoniakkivett\u00e4 25% (CAS 7664-41-7)\"}]},{\"@type\":\"WebSite\",\"@id\":\"https:\/\/masterchem.ee\/fi\/#website\",\"url\":\"https:\/\/masterchem.ee\/fi\/\",\"name\":\"Masterchem.ee\",\"description\":\"Chemistry For Industry - Solvents &amp; Chemicals\",\"publisher\":{\"@id\":\"https:\/\/masterchem.ee\/fi\/#organization\"},\"potentialAction\":[{\"@type\":\"SearchAction\",\"target\":{\"@type\":\"EntryPoint\",\"urlTemplate\":\"https:\/\/masterchem.ee\/fi\/?s={search_term_string}\"},\"query-input\":{\"@type\":\"PropertyValueSpecification\",\"valueRequired\":true,\"valueName\":\"search_term_string\"}}],\"inLanguage\":\"fi\"},{\"@type\":\"Organization\",\"@id\":\"https:\/\/masterchem.ee\/fi\/#organization\",\"name\":\"Masterchem\",\"url\":\"https:\/\/masterchem.ee\/fi\/\",\"logo\":{\"@type\":\"ImageObject\",\"inLanguage\":\"fi\",\"@id\":\"https:\/\/masterchem.ee\/fi\/#\/schema\/logo\/image\/\",\"url\":\"https:\/\/masterchem.ee\/wp-content\/uploads\/2018\/02\/master-chem_final-1.png\",\"contentUrl\":\"https:\/\/masterchem.ee\/wp-content\/uploads\/2018\/02\/master-chem_final-1.png\",\"width\":850,\"height\":356,\"caption\":\"Masterchem\"},\"image\":{\"@id\":\"https:\/\/masterchem.ee\/fi\/#\/schema\/logo\/image\/\"}}]}<\/script>\n<!-- \/ Yoast SEO plugin. -->","yoast_head_json":{"title":"Ammoniakkivett\u00e4 25% (CAS 7664-41-7) - Chemistry For Industry - Solvents &amp; Chemicals - Masterchem.ee","description":"Ammoniakkiveden k\u00e4ytt\u00f6: monik\u00e4ytt\u00f6inen teollisuuskemikaali (mukaan lukien hydrometallurgia, l\u00e4mp\u00f6energia jne.). CAS: 7664-41-7","robots":{"index":"index","follow":"follow","max-snippet":"max-snippet:-1","max-image-preview":"max-image-preview:large","max-video-preview":"max-video-preview:-1"},"canonical":"https:\/\/masterchem.ee\/fi\/tooted-ja-teenused\/ammoniakkivetta-25\/","twitter_card":"summary_large_image","twitter_title":"Ammoniakkivett\u00e4 25% (CAS 7664-41-7) - Chemistry For Industry - Solvents &amp; Chemicals - Masterchem.ee","twitter_description":"Ammoniakkiveden k\u00e4ytt\u00f6: monik\u00e4ytt\u00f6inen teollisuuskemikaali (mukaan lukien hydrometallurgia, l\u00e4mp\u00f6energia jne.). CAS: 7664-41-7","twitter_image":"https:\/\/masterchem.ee\/wp-content\/uploads\/2020\/08\/AMMONIAAKVESI-25-1000l-MasterChem.jpg","schema":{"@context":"https:\/\/schema.org","@graph":[{"@type":"WebPage","@id":"https:\/\/masterchem.ee\/fi\/tooted-ja-teenused\/ammoniakkivetta-25\/","url":"https:\/\/masterchem.ee\/fi\/tooted-ja-teenused\/ammoniakkivetta-25\/","name":"Ammoniakkivett\u00e4 25% (CAS 7664-41-7) - Chemistry For Industry - Solvents &amp; Chemicals - Masterchem.ee","isPartOf":{"@id":"https:\/\/masterchem.ee\/fi\/#website"},"primaryImageOfPage":{"@id":"https:\/\/masterchem.ee\/fi\/tooted-ja-teenused\/ammoniakkivetta-25\/#primaryimage"},"image":{"@id":"https:\/\/masterchem.ee\/fi\/tooted-ja-teenused\/ammoniakkivetta-25\/#primaryimage"},"thumbnailUrl":"https:\/\/masterchem.ee\/wp-content\/uploads\/2020\/08\/AMMONIAAKVESI-25-1000l-MasterChem.jpg","datePublished":"2020-08-26T03:56:03+00:00","dateModified":"2021-05-25T20:20:58+00:00","description":"Ammoniakkiveden k\u00e4ytt\u00f6: monik\u00e4ytt\u00f6inen teollisuuskemikaali (mukaan lukien hydrometallurgia, l\u00e4mp\u00f6energia jne.). CAS: 7664-41-7","breadcrumb":{"@id":"https:\/\/masterchem.ee\/fi\/tooted-ja-teenused\/ammoniakkivetta-25\/#breadcrumb"},"inLanguage":"fi","potentialAction":[{"@type":"ReadAction","target":["https:\/\/masterchem.ee\/fi\/tooted-ja-teenused\/ammoniakkivetta-25\/"]}]},{"@type":"ImageObject","inLanguage":"fi","@id":"https:\/\/masterchem.ee\/fi\/tooted-ja-teenused\/ammoniakkivetta-25\/#primaryimage","url":"https:\/\/masterchem.ee\/wp-content\/uploads\/2020\/08\/AMMONIAAKVESI-25-1000l-MasterChem.jpg","contentUrl":"https:\/\/masterchem.ee\/wp-content\/uploads\/2020\/08\/AMMONIAAKVESI-25-1000l-MasterChem.jpg","width":1000,"height":1000,"caption":"Ammoniakkivett\u00e4 25% 1000l MasterChem"},{"@type":"BreadcrumbList","@id":"https:\/\/masterchem.ee\/fi\/tooted-ja-teenused\/ammoniakkivetta-25\/#breadcrumb","itemListElement":[{"@type":"ListItem","position":1,"name":"Home","item":"https:\/\/masterchem.ee\/fi\/"},{"@type":"ListItem","position":2,"name":"Tooted ja teenused","item":"https:\/\/masterchem.ee\/tooted-ja-teenused\/"},{"@type":"ListItem","position":3,"name":"Ammoniakkivett\u00e4 25% (CAS 7664-41-7)"}]},{"@type":"WebSite","@id":"https:\/\/masterchem.ee\/fi\/#website","url":"https:\/\/masterchem.ee\/fi\/","name":"Masterchem.ee","description":"Chemistry For Industry - Solvents &amp; Chemicals","publisher":{"@id":"https:\/\/masterchem.ee\/fi\/#organization"},"potentialAction":[{"@type":"SearchAction","target":{"@type":"EntryPoint","urlTemplate":"https:\/\/masterchem.ee\/fi\/?s={search_term_string}"},"query-input":{"@type":"PropertyValueSpecification","valueRequired":true,"valueName":"search_term_string"}}],"inLanguage":"fi"},{"@type":"Organization","@id":"https:\/\/masterchem.ee\/fi\/#organization","name":"Masterchem","url":"https:\/\/masterchem.ee\/fi\/","logo":{"@type":"ImageObject","inLanguage":"fi","@id":"https:\/\/masterchem.ee\/fi\/#\/schema\/logo\/image\/","url":"https:\/\/masterchem.ee\/wp-content\/uploads\/2018\/02\/master-chem_final-1.png","contentUrl":"https:\/\/masterchem.ee\/wp-content\/uploads\/2018\/02\/master-chem_final-1.png","width":850,"height":356,"caption":"Masterchem"},"image":{"@id":"https:\/\/masterchem.ee\/fi\/#\/schema\/logo\/image\/"}}]}},"_links":{"self":[{"href":"https:\/\/masterchem.ee\/fi\/wp-json\/wp\/v2\/product\/8546","targetHints":{"allow":["GET"]}}],"collection":[{"href":"https:\/\/masterchem.ee\/fi\/wp-json\/wp\/v2\/product"}],"about":[{"href":"https:\/\/masterchem.ee\/fi\/wp-json\/wp\/v2\/types\/product"}],"wp:featuredmedia":[{"embeddable":true,"href":"https:\/\/masterchem.ee\/fi\/wp-json\/wp\/v2\/media\/8594"}],"wp:attachment":[{"href":"https:\/\/masterchem.ee\/fi\/wp-json\/wp\/v2\/media?parent=8546"}],"wp:term":[{"taxonomy":"product_brand","embeddable":true,"href":"https:\/\/masterchem.ee\/fi\/wp-json\/wp\/v2\/product_brand?post=8546"},{"taxonomy":"product_cat","embeddable":true,"href":"https:\/\/masterchem.ee\/fi\/wp-json\/wp\/v2\/product_cat?post=8546"},{"taxonomy":"product_tag","embeddable":true,"href":"https:\/\/masterchem.ee\/fi\/wp-json\/wp\/v2\/product_tag?post=8546"}],"curies":[{"name":"wp","href":"https:\/\/api.w.org\/{rel}","templated":true}]}}