{"id":838,"date":"2018-02-28T18:14:27","date_gmt":"2018-02-28T18:14:27","guid":{"rendered":"https:\/\/masterchem.ee\/product\/tolueeni\/"},"modified":"2021-05-25T21:37:11","modified_gmt":"2021-05-25T21:37:11","slug":"tolueeni","status":"publish","type":"product","link":"https:\/\/masterchem.ee\/fi\/tooted-ja-teenused\/tolueeni\/","title":{"rendered":"Tolueeni (CAS 108-88-3)"},"content":{"rendered":"<p style=\"text-align: justify;\">Tolueeni eristettiin ensimm\u00e4isen kerran\u00a0<a class=\"mw-redirect\" title=\"Amerikka\" href=\"https:\/\/fi.wikipedia.org\/wiki\/Amerikka\">Amerikan<\/a>\u00a0trooppisissa osissa kasvavan\u00a0<i>Myroxylon balsamum<\/i>-puun ns.\u00a0<a class=\"new\" title=\"Tolu-uute (sivua ei ole)\" href=\"https:\/\/fi.wikipedia.org\/w\/index.php?title=Tolu-uute&amp;action=edit&amp;redlink=1\">tolu-uutteesta<\/a>, mist\u00e4 se on saanut alkuper\u00e4isen nimens\u00e4\u00a0<i>toluoli<\/i>. Tolueeni ei ole kuitenkaan alkoholi, vaan\u00a0<a title=\"Tyydyttym\u00e4t\u00f6n hiilivety\" href=\"https:\/\/fi.wikipedia.org\/wiki\/Tyydyttym%C3%A4t%C3%B6n_hiilivety\">tyydyttym\u00e4t\u00f6n hiilivety<\/a>, joten se on nimett\u00e4v\u00e4\u00a0<i>-eeniksi<\/i>, ei\u00a0<i>-oliksi<\/i>. Tolueenia esiintyy\u00a0<a title=\"Maa\u00f6ljy\" href=\"https:\/\/fi.wikipedia.org\/wiki\/Maa%C3%B6ljy\">raaka\u00f6ljyss\u00e4<\/a>, mist\u00e4 se bensiinin mukana tislautuu.\u00a0<a title=\"Bensiini\" href=\"https:\/\/fi.wikipedia.org\/wiki\/Bensiini\">Bensiini\u00e4<\/a>\u00a0erityisesti k\u00e4sitell\u00e4\u00e4n\u00a0<a title=\"Reformointi\" href=\"https:\/\/fi.wikipedia.org\/wiki\/Reformointi\">reformoinnilla<\/a>, jotta bensiinin aromaatti-, ja sen mukana tolueenipitoisuus kasvaisi, koska aromaatit nostavat bensiinin\u00a0<a title=\"Oktaaniluku\" href=\"https:\/\/fi.wikipedia.org\/wiki\/Oktaaniluku\">oktaanilukua<\/a>. Ellei oktaaniluku ole riitt\u00e4v\u00e4n korkea, tolueenia voidaan erityisesti lis\u00e4t\u00e4 bensiiniin. My\u00f6s\u00a0<a title=\"Koksi\" href=\"https:\/\/fi.wikipedia.org\/wiki\/Koksi\">koksin<\/a>\u00a0valmistuksessa voi valmistaa tolueenia.<\/p>\n","protected":false},"excerpt":{"rendered":"<p style=\"text-align: justify;\"><b>Tolueeni<\/b>, (C<sub>6<\/sub>H<sub>5<\/sub>CH<sub>3<\/sub>\u00a0\/ C<sub>7<\/sub>H<sub>8<\/sub>),\u00a0<i>toluoli<\/i>,\u00a0<i>metyylibentseeni<\/i>\u00a0tai\u00a0<i>fenyylimetaani<\/i>, on\u00a0<a title=\"Aromaattinen hiilivety\" href=\"https:\/\/fi.wikipedia.org\/wiki\/Aromaattinen_hiilivety\">aromaattinen hiilivety<\/a>, joka on muuten samanlainen kuin\u00a0<a title=\"Bentseeni\" href=\"https:\/\/fi.wikipedia.org\/wiki\/Bentseeni\">bentseeni<\/a>, paitsi ett\u00e4 renkaaseen on liittynyt yksi\u00a0<a class=\"mw-redirect\" title=\"Metyyliryhm\u00e4\" href=\"https:\/\/fi.wikipedia.org\/wiki\/Metyyliryhm%C3%A4\">metyyliryhm\u00e4<\/a>. Olomuodoltaan se on kirkas\u00a0<a title=\"Neste\" href=\"https:\/\/fi.wikipedia.org\/wiki\/Neste\">neste<\/a>, jonka haju on makean tinnerim\u00e4inen ja muistuttaa\u00a0<a title=\"Bentseeni\" href=\"https:\/\/fi.wikipedia.org\/wiki\/Bentseeni\">bentseenin<\/a>\u00a0hajua. Tolueeni ei\u00a0<a class=\"mw-redirect\" title=\"Vesiliukoinen\" href=\"https:\/\/fi.wikipedia.org\/wiki\/Vesiliukoinen\">liukene veteen<\/a>\u00a0\u2014 koska se pelkk\u00e4n\u00e4 hiilivetyn\u00e4 ei pysty s\u00e4rkem\u00e4\u00e4n veden vahvoja\u00a0<a title=\"Vetysidos\" href=\"https:\/\/fi.wikipedia.org\/wiki\/Vetysidos\">vetysidoksia<\/a>\u00a0\u2014 mutta se kyll\u00e4 liuottaa pienen m\u00e4\u00e4r\u00e4n vett\u00e4. Tolueenia k\u00e4ytet\u00e4\u00e4n niin\u00a0<a title=\"Liuotin\" href=\"https:\/\/fi.wikipedia.org\/wiki\/Liuotin\">liuottimena<\/a>\u00a0kuin raaka-aineenakin. Liuottimena se on\u00a0<a title=\"Maali\" href=\"https:\/\/fi.wikipedia.org\/wiki\/Maali\">maaleissa<\/a>,\u00a0<a title=\"Tinneri\" href=\"https:\/\/fi.wikipedia.org\/wiki\/Tinneri\">tinnereiss\u00e4<\/a>,\u00a0<a class=\"mw-redirect\" title=\"Painomuste\" href=\"https:\/\/fi.wikipedia.org\/wiki\/Painomuste\">painomusteissa<\/a>,\u00a0<a title=\"Liima\" href=\"https:\/\/fi.wikipedia.org\/wiki\/Liima\">liimoissa<\/a>\u00a0ja\u00a0<a title=\"Lakka (pintak\u00e4sittelyaine)\" href=\"https:\/\/fi.wikipedia.org\/wiki\/Lakka_(pintak%C3%A4sittelyaine)\">lakoissa<\/a>. Tolueenia k\u00e4ytet\u00e4\u00e4n my\u00f6s nahan parkitsemiseen ja desinfioivana aineena. Raaka-aine se on mm.\u00a0<a title=\"Fenoli\" href=\"https:\/\/fi.wikipedia.org\/wiki\/Fenoli\">fenolin<\/a>,\u00a0<a class=\"mw-redirect\" title=\"Trinitrotolueeni\" href=\"https:\/\/fi.wikipedia.org\/wiki\/Trinitrotolueeni\">TNT<\/a>:n sek\u00e4 (<a title=\"Tolueenidi-isosyanaatti\" href=\"https:\/\/fi.wikipedia.org\/wiki\/Tolueenidi-isosyanaatti\">tolueenidi-isosyanaatin<\/a>\u00a0kautta)\u00a0<a title=\"Polyuretaani\" href=\"https:\/\/fi.wikipedia.org\/wiki\/Polyuretaani\">polyuretaanin<\/a>\u00a0valmistuksessa.<\/p>\n<p style=\"text-align: justify;\">\n<p>CAS: 108-88-3<\/p>\n","protected":false},"featured_media":7097,"template":"","meta":[],"product_brand":[],"product_cat":[180,117,120,118,153,114,154,152],"product_tag":[],"class_list":{"0":"post-838","1":"product","2":"type-product","3":"status-publish","4":"has-post-thumbnail","6":"product_cat-uncategorized-fi-2","7":"product_cat-kotitalouskemikaalit","8":"product_cat-laaketeollisuus","9":"product_cat-metallikemikaalit","10":"product_cat-puunjalostuskemikaalit","11":"product_cat-rakennusteollisuus","12":"product_cat-tien-maalaus","13":"product_cat-tipografiset-kemikaalit","14":"pif-has-gallery","16":"first","17":"instock","18":"taxable","19":"shipping-taxable","20":"purchasable","21":"product-type-variable","22":"has-default-attributes"},"yoast_head":"<!-- This site is optimized with the Yoast SEO plugin v26.2 - https:\/\/yoast.com\/wordpress\/plugins\/seo\/ -->\n<title>Tolueeni (CAS 108-88-3) - Chemistry For Industry - Solvents &amp; Chemicals - Masterchem.ee<\/title>\n<meta name=\"description\" content=\"Tolueeni, (C6H5CH3 \/ C7H8), toluoli, metyylibentseeni tai fenyylimetaani, on aromaattinen hiilivety, joka on muuten samanlainen kuin bentseeni, paitsi ett\u00e4 renkaaseen on liittynyt yksi metyyliryhm\u00e4. Olomuodoltaan se on kirkas neste, jonka haju on makean tinnerim\u00e4inen ja muistuttaa bentseenin hajua. CAS: 108-88-3\" \/>\n<meta name=\"robots\" content=\"index, follow, max-snippet:-1, max-image-preview:large, max-video-preview:-1\" \/>\n<link rel=\"canonical\" href=\"https:\/\/masterchem.ee\/fi\/tooted-ja-teenused\/tolueeni\/\" \/>\n<meta name=\"twitter:card\" content=\"summary_large_image\" \/>\n<meta name=\"twitter:title\" content=\"Tolueeni (CAS 108-88-3) - Chemistry For Industry - Solvents &amp; Chemicals - Masterchem.ee\" \/>\n<meta name=\"twitter:description\" content=\"Tolueeni, (C6H5CH3 \/ C7H8), toluoli, metyylibentseeni tai fenyylimetaani, on aromaattinen hiilivety, joka on muuten samanlainen kuin bentseeni, paitsi ett\u00e4 renkaaseen on liittynyt yksi metyyliryhm\u00e4. Olomuodoltaan se on kirkas neste, jonka haju on makean tinnerim\u00e4inen ja muistuttaa bentseenin hajua. CAS: 108-88-3\" \/>\n<meta name=\"twitter:image\" content=\"https:\/\/masterchem.ee\/wp-content\/uploads\/2018\/02\/TOLUENE-1000l-MaterChem.jpg\" \/>\n<script type=\"application\/ld+json\" class=\"yoast-schema-graph\">{\"@context\":\"https:\/\/schema.org\",\"@graph\":[{\"@type\":\"WebPage\",\"@id\":\"https:\/\/masterchem.ee\/fi\/tooted-ja-teenused\/tolueeni\/\",\"url\":\"https:\/\/masterchem.ee\/fi\/tooted-ja-teenused\/tolueeni\/\",\"name\":\"Tolueeni (CAS 108-88-3) - Chemistry For Industry - Solvents &amp; Chemicals - Masterchem.ee\",\"isPartOf\":{\"@id\":\"https:\/\/masterchem.ee\/fi\/#website\"},\"primaryImageOfPage\":{\"@id\":\"https:\/\/masterchem.ee\/fi\/tooted-ja-teenused\/tolueeni\/#primaryimage\"},\"image\":{\"@id\":\"https:\/\/masterchem.ee\/fi\/tooted-ja-teenused\/tolueeni\/#primaryimage\"},\"thumbnailUrl\":\"https:\/\/masterchem.ee\/wp-content\/uploads\/2018\/02\/TOLUENE-1000l-MaterChem.jpg\",\"datePublished\":\"2018-02-28T18:14:27+00:00\",\"dateModified\":\"2021-05-25T21:37:11+00:00\",\"description\":\"Tolueeni, (C6H5CH3 \/ C7H8), toluoli, metyylibentseeni tai fenyylimetaani, on aromaattinen hiilivety, joka on muuten samanlainen kuin bentseeni, paitsi ett\u00e4 renkaaseen on liittynyt yksi metyyliryhm\u00e4. Olomuodoltaan se on kirkas neste, jonka haju on makean tinnerim\u00e4inen ja muistuttaa bentseenin hajua. CAS: 108-88-3\",\"breadcrumb\":{\"@id\":\"https:\/\/masterchem.ee\/fi\/tooted-ja-teenused\/tolueeni\/#breadcrumb\"},\"inLanguage\":\"fi\",\"potentialAction\":[{\"@type\":\"ReadAction\",\"target\":[\"https:\/\/masterchem.ee\/fi\/tooted-ja-teenused\/tolueeni\/\"]}]},{\"@type\":\"ImageObject\",\"inLanguage\":\"fi\",\"@id\":\"https:\/\/masterchem.ee\/fi\/tooted-ja-teenused\/tolueeni\/#primaryimage\",\"url\":\"https:\/\/masterchem.ee\/wp-content\/uploads\/2018\/02\/TOLUENE-1000l-MaterChem.jpg\",\"contentUrl\":\"https:\/\/masterchem.ee\/wp-content\/uploads\/2018\/02\/TOLUENE-1000l-MaterChem.jpg\",\"width\":1000,\"height\":1000,\"caption\":\"Tolueeni 1000l MaterChem\"},{\"@type\":\"BreadcrumbList\",\"@id\":\"https:\/\/masterchem.ee\/fi\/tooted-ja-teenused\/tolueeni\/#breadcrumb\",\"itemListElement\":[{\"@type\":\"ListItem\",\"position\":1,\"name\":\"Home\",\"item\":\"https:\/\/masterchem.ee\/fi\/\"},{\"@type\":\"ListItem\",\"position\":2,\"name\":\"Tooted ja teenused\",\"item\":\"https:\/\/masterchem.ee\/tooted-ja-teenused\/\"},{\"@type\":\"ListItem\",\"position\":3,\"name\":\"Tolueeni (CAS 108-88-3)\"}]},{\"@type\":\"WebSite\",\"@id\":\"https:\/\/masterchem.ee\/fi\/#website\",\"url\":\"https:\/\/masterchem.ee\/fi\/\",\"name\":\"Masterchem.ee\",\"description\":\"Chemistry For Industry - Solvents &amp; Chemicals\",\"publisher\":{\"@id\":\"https:\/\/masterchem.ee\/fi\/#organization\"},\"potentialAction\":[{\"@type\":\"SearchAction\",\"target\":{\"@type\":\"EntryPoint\",\"urlTemplate\":\"https:\/\/masterchem.ee\/fi\/?s={search_term_string}\"},\"query-input\":{\"@type\":\"PropertyValueSpecification\",\"valueRequired\":true,\"valueName\":\"search_term_string\"}}],\"inLanguage\":\"fi\"},{\"@type\":\"Organization\",\"@id\":\"https:\/\/masterchem.ee\/fi\/#organization\",\"name\":\"Masterchem\",\"url\":\"https:\/\/masterchem.ee\/fi\/\",\"logo\":{\"@type\":\"ImageObject\",\"inLanguage\":\"fi\",\"@id\":\"https:\/\/masterchem.ee\/fi\/#\/schema\/logo\/image\/\",\"url\":\"https:\/\/masterchem.ee\/wp-content\/uploads\/2018\/02\/master-chem_final-1.png\",\"contentUrl\":\"https:\/\/masterchem.ee\/wp-content\/uploads\/2018\/02\/master-chem_final-1.png\",\"width\":850,\"height\":356,\"caption\":\"Masterchem\"},\"image\":{\"@id\":\"https:\/\/masterchem.ee\/fi\/#\/schema\/logo\/image\/\"}}]}<\/script>\n<!-- \/ Yoast SEO plugin. -->","yoast_head_json":{"title":"Tolueeni (CAS 108-88-3) - Chemistry For Industry - Solvents &amp; Chemicals - Masterchem.ee","description":"Tolueeni, (C6H5CH3 \/ C7H8), toluoli, metyylibentseeni tai fenyylimetaani, on aromaattinen hiilivety, joka on muuten samanlainen kuin bentseeni, paitsi ett\u00e4 renkaaseen on liittynyt yksi metyyliryhm\u00e4. Olomuodoltaan se on kirkas neste, jonka haju on makean tinnerim\u00e4inen ja muistuttaa bentseenin hajua. CAS: 108-88-3","robots":{"index":"index","follow":"follow","max-snippet":"max-snippet:-1","max-image-preview":"max-image-preview:large","max-video-preview":"max-video-preview:-1"},"canonical":"https:\/\/masterchem.ee\/fi\/tooted-ja-teenused\/tolueeni\/","twitter_card":"summary_large_image","twitter_title":"Tolueeni (CAS 108-88-3) - Chemistry For Industry - Solvents &amp; Chemicals - Masterchem.ee","twitter_description":"Tolueeni, (C6H5CH3 \/ C7H8), toluoli, metyylibentseeni tai fenyylimetaani, on aromaattinen hiilivety, joka on muuten samanlainen kuin bentseeni, paitsi ett\u00e4 renkaaseen on liittynyt yksi metyyliryhm\u00e4. Olomuodoltaan se on kirkas neste, jonka haju on makean tinnerim\u00e4inen ja muistuttaa bentseenin hajua. CAS: 108-88-3","twitter_image":"https:\/\/masterchem.ee\/wp-content\/uploads\/2018\/02\/TOLUENE-1000l-MaterChem.jpg","schema":{"@context":"https:\/\/schema.org","@graph":[{"@type":"WebPage","@id":"https:\/\/masterchem.ee\/fi\/tooted-ja-teenused\/tolueeni\/","url":"https:\/\/masterchem.ee\/fi\/tooted-ja-teenused\/tolueeni\/","name":"Tolueeni (CAS 108-88-3) - Chemistry For Industry - Solvents &amp; Chemicals - Masterchem.ee","isPartOf":{"@id":"https:\/\/masterchem.ee\/fi\/#website"},"primaryImageOfPage":{"@id":"https:\/\/masterchem.ee\/fi\/tooted-ja-teenused\/tolueeni\/#primaryimage"},"image":{"@id":"https:\/\/masterchem.ee\/fi\/tooted-ja-teenused\/tolueeni\/#primaryimage"},"thumbnailUrl":"https:\/\/masterchem.ee\/wp-content\/uploads\/2018\/02\/TOLUENE-1000l-MaterChem.jpg","datePublished":"2018-02-28T18:14:27+00:00","dateModified":"2021-05-25T21:37:11+00:00","description":"Tolueeni, (C6H5CH3 \/ C7H8), toluoli, metyylibentseeni tai fenyylimetaani, on aromaattinen hiilivety, joka on muuten samanlainen kuin bentseeni, paitsi ett\u00e4 renkaaseen on liittynyt yksi metyyliryhm\u00e4. Olomuodoltaan se on kirkas neste, jonka haju on makean tinnerim\u00e4inen ja muistuttaa bentseenin hajua. CAS: 108-88-3","breadcrumb":{"@id":"https:\/\/masterchem.ee\/fi\/tooted-ja-teenused\/tolueeni\/#breadcrumb"},"inLanguage":"fi","potentialAction":[{"@type":"ReadAction","target":["https:\/\/masterchem.ee\/fi\/tooted-ja-teenused\/tolueeni\/"]}]},{"@type":"ImageObject","inLanguage":"fi","@id":"https:\/\/masterchem.ee\/fi\/tooted-ja-teenused\/tolueeni\/#primaryimage","url":"https:\/\/masterchem.ee\/wp-content\/uploads\/2018\/02\/TOLUENE-1000l-MaterChem.jpg","contentUrl":"https:\/\/masterchem.ee\/wp-content\/uploads\/2018\/02\/TOLUENE-1000l-MaterChem.jpg","width":1000,"height":1000,"caption":"Tolueeni 1000l MaterChem"},{"@type":"BreadcrumbList","@id":"https:\/\/masterchem.ee\/fi\/tooted-ja-teenused\/tolueeni\/#breadcrumb","itemListElement":[{"@type":"ListItem","position":1,"name":"Home","item":"https:\/\/masterchem.ee\/fi\/"},{"@type":"ListItem","position":2,"name":"Tooted ja teenused","item":"https:\/\/masterchem.ee\/tooted-ja-teenused\/"},{"@type":"ListItem","position":3,"name":"Tolueeni (CAS 108-88-3)"}]},{"@type":"WebSite","@id":"https:\/\/masterchem.ee\/fi\/#website","url":"https:\/\/masterchem.ee\/fi\/","name":"Masterchem.ee","description":"Chemistry For Industry - Solvents &amp; Chemicals","publisher":{"@id":"https:\/\/masterchem.ee\/fi\/#organization"},"potentialAction":[{"@type":"SearchAction","target":{"@type":"EntryPoint","urlTemplate":"https:\/\/masterchem.ee\/fi\/?s={search_term_string}"},"query-input":{"@type":"PropertyValueSpecification","valueRequired":true,"valueName":"search_term_string"}}],"inLanguage":"fi"},{"@type":"Organization","@id":"https:\/\/masterchem.ee\/fi\/#organization","name":"Masterchem","url":"https:\/\/masterchem.ee\/fi\/","logo":{"@type":"ImageObject","inLanguage":"fi","@id":"https:\/\/masterchem.ee\/fi\/#\/schema\/logo\/image\/","url":"https:\/\/masterchem.ee\/wp-content\/uploads\/2018\/02\/master-chem_final-1.png","contentUrl":"https:\/\/masterchem.ee\/wp-content\/uploads\/2018\/02\/master-chem_final-1.png","width":850,"height":356,"caption":"Masterchem"},"image":{"@id":"https:\/\/masterchem.ee\/fi\/#\/schema\/logo\/image\/"}}]}},"_links":{"self":[{"href":"https:\/\/masterchem.ee\/fi\/wp-json\/wp\/v2\/product\/838","targetHints":{"allow":["GET"]}}],"collection":[{"href":"https:\/\/masterchem.ee\/fi\/wp-json\/wp\/v2\/product"}],"about":[{"href":"https:\/\/masterchem.ee\/fi\/wp-json\/wp\/v2\/types\/product"}],"wp:featuredmedia":[{"embeddable":true,"href":"https:\/\/masterchem.ee\/fi\/wp-json\/wp\/v2\/media\/7097"}],"wp:attachment":[{"href":"https:\/\/masterchem.ee\/fi\/wp-json\/wp\/v2\/media?parent=838"}],"wp:term":[{"taxonomy":"product_brand","embeddable":true,"href":"https:\/\/masterchem.ee\/fi\/wp-json\/wp\/v2\/product_brand?post=838"},{"taxonomy":"product_cat","embeddable":true,"href":"https:\/\/masterchem.ee\/fi\/wp-json\/wp\/v2\/product_cat?post=838"},{"taxonomy":"product_tag","embeddable":true,"href":"https:\/\/masterchem.ee\/fi\/wp-json\/wp\/v2\/product_tag?post=838"}],"curies":[{"name":"wp","href":"https:\/\/api.w.org\/{rel}","templated":true}]}}