{"id":836,"date":"2018-02-28T18:12:38","date_gmt":"2018-02-28T18:12:38","guid":{"rendered":"https:\/\/masterchem.ee\/product\/tetrakloorieteeni\/"},"modified":"2021-06-27T13:12:02","modified_gmt":"2021-06-27T13:12:02","slug":"tetrakloorieteeni","status":"publish","type":"product","link":"https:\/\/masterchem.ee\/fi\/tooted-ja-teenused\/tetrakloorieteeni\/","title":{"rendered":"Tetrakloorieteeni (CAS 127-18-4)"},"content":{"rendered":"<p style=\"text-align: justify;\">Ensimm\u00e4isen kerran yhdistett\u00e4 valmisti\u00a0<a title=\"Michael Faraday\" href=\"https:\/\/fi.wikipedia.org\/wiki\/Michael_Faraday\">Michael Faraday<\/a>\u00a0vuonna 1821\u00a0<a title=\"Heksakloorietaani\" href=\"https:\/\/fi.wikipedia.org\/wiki\/Heksakloorietaani\">heksakloorietaania<\/a>\u00a0kuumentamalla. Nyky\u00e4\u00e4n tetrakloorieteeni\u00e4 valmistetaan klooraamalla\u00a0<a title=\"Eteeni\" href=\"https:\/\/fi.wikipedia.org\/wiki\/Eteeni\">eteeni\u00e4<\/a>,\u00a0<a class=\"mw-redirect\" title=\"Trikloorieteeni\" href=\"https:\/\/fi.wikipedia.org\/wiki\/Trikloorieteeni\">trikloorieteeni\u00e4<\/a>\u00a0tai\u00a0<a title=\"1,2-dikloorietaani\" href=\"https:\/\/fi.wikipedia.org\/wiki\/1,2-dikloorietaani\">1,2-dikloorietaania<\/a>, 1-2-dikloorietaanin ja er\u00e4iden muiden halogenoitujen hiilivetyjen oksikloorauksella tai\u00a0<a class=\"mw-redirect\" title=\"Tetrakloorimetaani\" href=\"https:\/\/fi.wikipedia.org\/wiki\/Tetrakloorimetaani\">tetrakloorimetaanin<\/a>\u00a0<a class=\"mw-redirect\" title=\"Pyrolyysi\" href=\"https:\/\/fi.wikipedia.org\/wiki\/Pyrolyysi\">pyrolyysill\u00e4<\/a>\u00a0tai eliminaatioreaktiolla\u00a0<a title=\"Pentakloorietaani\" href=\"https:\/\/fi.wikipedia.org\/wiki\/Pentakloorietaani\">pentakloorietaanista<\/a>.<sup id=\"cite_ref-alen_2-4\" class=\"reference\"><a href=\"https:\/\/fi.wikipedia.org\/wiki\/Tetrakloorieteeni#cite_note-alen-2\">[2]<\/a><\/sup><sup id=\"cite_ref-kirk-othmer_3-1\" class=\"reference\"><a href=\"https:\/\/fi.wikipedia.org\/wiki\/Tetrakloorieteeni#cite_note-kirk-othmer-3\">[3]<\/a><\/sup><sup id=\"cite_ref-ullmann_4-1\" class=\"reference\"><a href=\"https:\/\/fi.wikipedia.org\/wiki\/Tetrakloorieteeni#cite_note-ullmann-4\">[4]<\/a><\/sup><\/p>\n<p style=\"text-align: justify;\">Tetrakloorieteenin t\u00e4rkein k\u00e4ytt\u00f6kohde on\u00a0<a title=\"Vaate\" href=\"https:\/\/fi.wikipedia.org\/wiki\/Vaate\">vaatteiden<\/a>\u00a0puhdistaminen kuivapesulla, mihin k\u00e4ytet\u00e4\u00e4n noin 80% kaikesta tuotetusta tetrakloorieteenist\u00e4. Muita k\u00e4ytt\u00f6kohteita ovat\u00a0<a title=\"CFC-yhdisteet\" href=\"https:\/\/fi.wikipedia.org\/wiki\/CFC-yhdisteet\">CFC-yhdisteiden<\/a>\u00a0ja triklooriasetyylikloridin ja\u00a0<a title=\"Trikloorietikkahappo\" href=\"https:\/\/fi.wikipedia.org\/wiki\/Trikloorietikkahappo\">trikloorietikkahapon<\/a>\u00a0valmistus, v\u00e4rj\u00e4ysprosessit ja metallipintojen puhdistus.<sup id=\"cite_ref-kirk-othmer_3-2\" class=\"reference\"><a href=\"https:\/\/fi.wikipedia.org\/wiki\/Tetrakloorieteeni#cite_note-kirk-othmer-3\">[3]<\/a><\/sup><sup id=\"cite_ref-ullmann_4-2\" class=\"reference\"><a href=\"https:\/\/fi.wikipedia.org\/wiki\/Tetrakloorieteeni#cite_note-ullmann-4\">[4]<\/a><\/sup><\/p>\n","protected":false},"excerpt":{"rendered":"<p style=\"text-align: justify;\"><b>Muut nimet: Tetrakloorieteen, tetrakloorietyleeni, perkloorietyleen<\/b><\/p>\n<p style=\"text-align: justify;\">Tetrakloorieteeni\u00a0eli\u00a0tetrakloorietyleeni\u00a0eli\u00a0perkloorietyleeni\u00a0(C<sub>2<\/sub>Cl<sub>4<\/sub>) on perkloorattu alkeeni. Yhdistett\u00e4 k\u00e4ytet\u00e4\u00e4n\u00a0<a title=\"Liuotin\" href=\"https:\/\/fi.wikipedia.org\/wiki\/Liuotin\">liuottimena<\/a>,\u00a0<a class=\"new\" title=\"Kuivapesu (sivua ei ole)\" href=\"https:\/\/fi.wikipedia.org\/w\/index.php?title=Kuivapesu&amp;action=edit&amp;redlink=1\">kuivapesuaineena<\/a>\u00a0ja er\u00e4iden yhdisteiden valmistuksessa.<\/p>\n<p style=\"text-align: justify;\">\n<p>CAS: 127-18-4<\/p>\n","protected":false},"featured_media":7065,"template":"","meta":[],"product_brand":[],"product_cat":[180,115,117,118,114,152],"product_tag":[],"class_list":{"0":"post-836","1":"product","2":"type-product","3":"status-publish","4":"has-post-thumbnail","6":"product_cat-uncategorized-fi-2","7":"product_cat-auton-ja-koneiden-kemikaalit","8":"product_cat-kotitalouskemikaalit","9":"product_cat-metallikemikaalit","10":"product_cat-rakennusteollisuus","11":"product_cat-tipografiset-kemikaalit","12":"pif-has-gallery","14":"first","15":"instock","16":"taxable","17":"shipping-taxable","18":"purchasable","19":"product-type-variable","20":"has-default-attributes"},"yoast_head":"<!-- This site is optimized with the Yoast SEO plugin v26.2 - https:\/\/yoast.com\/wordpress\/plugins\/seo\/ -->\n<title>Tetrakloorieteeni (CAS 127-18-4) - Chemistry For Industry - Solvents &amp; Chemicals - Masterchem.ee<\/title>\n<meta name=\"description\" content=\"Tetrakloorieteeni eli tetrakloorietyleeni eli perkloorietyleeni (C2Cl4) on perkloorattu alkeeni. Yhdistett\u00e4 k\u00e4ytet\u00e4\u00e4n liuottimena, kuivapesuaineena ja er\u00e4iden yhdisteiden valmistuksessa. CAS: 127-18-4\" \/>\n<meta name=\"robots\" content=\"index, follow, max-snippet:-1, max-image-preview:large, max-video-preview:-1\" \/>\n<link rel=\"canonical\" href=\"https:\/\/masterchem.ee\/fi\/tooted-ja-teenused\/tetrakloorieteeni\/\" \/>\n<meta name=\"twitter:card\" content=\"summary_large_image\" \/>\n<meta name=\"twitter:title\" content=\"Tetrakloorieteeni (CAS 127-18-4) - Chemistry For Industry - Solvents &amp; Chemicals - Masterchem.ee\" \/>\n<meta name=\"twitter:description\" content=\"Tetrakloorieteeni eli tetrakloorietyleeni eli perkloorietyleeni (C2Cl4) on perkloorattu alkeeni. Yhdistett\u00e4 k\u00e4ytet\u00e4\u00e4n liuottimena, kuivapesuaineena ja er\u00e4iden yhdisteiden valmistuksessa. CAS: 127-18-4\" \/>\n<meta name=\"twitter:image\" content=\"https:\/\/masterchem.ee\/wp-content\/uploads\/2018\/02\/TETRACHLOROETHYLENE-1000l-MaterChem.jpg\" \/>\n<script type=\"application\/ld+json\" class=\"yoast-schema-graph\">{\"@context\":\"https:\/\/schema.org\",\"@graph\":[{\"@type\":\"WebPage\",\"@id\":\"https:\/\/masterchem.ee\/fi\/tooted-ja-teenused\/tetrakloorieteeni\/\",\"url\":\"https:\/\/masterchem.ee\/fi\/tooted-ja-teenused\/tetrakloorieteeni\/\",\"name\":\"Tetrakloorieteeni (CAS 127-18-4) - Chemistry For Industry - Solvents &amp; Chemicals - Masterchem.ee\",\"isPartOf\":{\"@id\":\"https:\/\/masterchem.ee\/fi\/#website\"},\"primaryImageOfPage\":{\"@id\":\"https:\/\/masterchem.ee\/fi\/tooted-ja-teenused\/tetrakloorieteeni\/#primaryimage\"},\"image\":{\"@id\":\"https:\/\/masterchem.ee\/fi\/tooted-ja-teenused\/tetrakloorieteeni\/#primaryimage\"},\"thumbnailUrl\":\"https:\/\/masterchem.ee\/wp-content\/uploads\/2018\/02\/TETRACHLOROETHYLENE-1000l-MaterChem.jpg\",\"datePublished\":\"2018-02-28T18:12:38+00:00\",\"dateModified\":\"2021-06-27T13:12:02+00:00\",\"description\":\"Tetrakloorieteeni eli tetrakloorietyleeni eli perkloorietyleeni (C2Cl4) on perkloorattu alkeeni. Yhdistett\u00e4 k\u00e4ytet\u00e4\u00e4n liuottimena, kuivapesuaineena ja er\u00e4iden yhdisteiden valmistuksessa. CAS: 127-18-4\",\"breadcrumb\":{\"@id\":\"https:\/\/masterchem.ee\/fi\/tooted-ja-teenused\/tetrakloorieteeni\/#breadcrumb\"},\"inLanguage\":\"fi\",\"potentialAction\":[{\"@type\":\"ReadAction\",\"target\":[\"https:\/\/masterchem.ee\/fi\/tooted-ja-teenused\/tetrakloorieteeni\/\"]}]},{\"@type\":\"ImageObject\",\"inLanguage\":\"fi\",\"@id\":\"https:\/\/masterchem.ee\/fi\/tooted-ja-teenused\/tetrakloorieteeni\/#primaryimage\",\"url\":\"https:\/\/masterchem.ee\/wp-content\/uploads\/2018\/02\/TETRACHLOROETHYLENE-1000l-MaterChem.jpg\",\"contentUrl\":\"https:\/\/masterchem.ee\/wp-content\/uploads\/2018\/02\/TETRACHLOROETHYLENE-1000l-MaterChem.jpg\",\"width\":1000,\"height\":1000,\"caption\":\"Perkloorietyleeni 1000l MaterChem\"},{\"@type\":\"BreadcrumbList\",\"@id\":\"https:\/\/masterchem.ee\/fi\/tooted-ja-teenused\/tetrakloorieteeni\/#breadcrumb\",\"itemListElement\":[{\"@type\":\"ListItem\",\"position\":1,\"name\":\"Home\",\"item\":\"https:\/\/masterchem.ee\/fi\/\"},{\"@type\":\"ListItem\",\"position\":2,\"name\":\"Tooted ja teenused\",\"item\":\"https:\/\/masterchem.ee\/tooted-ja-teenused\/\"},{\"@type\":\"ListItem\",\"position\":3,\"name\":\"Tetrakloorieteeni (CAS 127-18-4)\"}]},{\"@type\":\"WebSite\",\"@id\":\"https:\/\/masterchem.ee\/fi\/#website\",\"url\":\"https:\/\/masterchem.ee\/fi\/\",\"name\":\"Masterchem.ee\",\"description\":\"Chemistry For Industry - Solvents &amp; Chemicals\",\"publisher\":{\"@id\":\"https:\/\/masterchem.ee\/fi\/#organization\"},\"potentialAction\":[{\"@type\":\"SearchAction\",\"target\":{\"@type\":\"EntryPoint\",\"urlTemplate\":\"https:\/\/masterchem.ee\/fi\/?s={search_term_string}\"},\"query-input\":{\"@type\":\"PropertyValueSpecification\",\"valueRequired\":true,\"valueName\":\"search_term_string\"}}],\"inLanguage\":\"fi\"},{\"@type\":\"Organization\",\"@id\":\"https:\/\/masterchem.ee\/fi\/#organization\",\"name\":\"Masterchem\",\"url\":\"https:\/\/masterchem.ee\/fi\/\",\"logo\":{\"@type\":\"ImageObject\",\"inLanguage\":\"fi\",\"@id\":\"https:\/\/masterchem.ee\/fi\/#\/schema\/logo\/image\/\",\"url\":\"https:\/\/masterchem.ee\/wp-content\/uploads\/2018\/02\/master-chem_final-1.png\",\"contentUrl\":\"https:\/\/masterchem.ee\/wp-content\/uploads\/2018\/02\/master-chem_final-1.png\",\"width\":850,\"height\":356,\"caption\":\"Masterchem\"},\"image\":{\"@id\":\"https:\/\/masterchem.ee\/fi\/#\/schema\/logo\/image\/\"}}]}<\/script>\n<!-- \/ Yoast SEO plugin. -->","yoast_head_json":{"title":"Tetrakloorieteeni (CAS 127-18-4) - Chemistry For Industry - Solvents &amp; Chemicals - Masterchem.ee","description":"Tetrakloorieteeni eli tetrakloorietyleeni eli perkloorietyleeni (C2Cl4) on perkloorattu alkeeni. Yhdistett\u00e4 k\u00e4ytet\u00e4\u00e4n liuottimena, kuivapesuaineena ja er\u00e4iden yhdisteiden valmistuksessa. CAS: 127-18-4","robots":{"index":"index","follow":"follow","max-snippet":"max-snippet:-1","max-image-preview":"max-image-preview:large","max-video-preview":"max-video-preview:-1"},"canonical":"https:\/\/masterchem.ee\/fi\/tooted-ja-teenused\/tetrakloorieteeni\/","twitter_card":"summary_large_image","twitter_title":"Tetrakloorieteeni (CAS 127-18-4) - Chemistry For Industry - Solvents &amp; Chemicals - Masterchem.ee","twitter_description":"Tetrakloorieteeni eli tetrakloorietyleeni eli perkloorietyleeni (C2Cl4) on perkloorattu alkeeni. Yhdistett\u00e4 k\u00e4ytet\u00e4\u00e4n liuottimena, kuivapesuaineena ja er\u00e4iden yhdisteiden valmistuksessa. CAS: 127-18-4","twitter_image":"https:\/\/masterchem.ee\/wp-content\/uploads\/2018\/02\/TETRACHLOROETHYLENE-1000l-MaterChem.jpg","schema":{"@context":"https:\/\/schema.org","@graph":[{"@type":"WebPage","@id":"https:\/\/masterchem.ee\/fi\/tooted-ja-teenused\/tetrakloorieteeni\/","url":"https:\/\/masterchem.ee\/fi\/tooted-ja-teenused\/tetrakloorieteeni\/","name":"Tetrakloorieteeni (CAS 127-18-4) - Chemistry For Industry - Solvents &amp; Chemicals - Masterchem.ee","isPartOf":{"@id":"https:\/\/masterchem.ee\/fi\/#website"},"primaryImageOfPage":{"@id":"https:\/\/masterchem.ee\/fi\/tooted-ja-teenused\/tetrakloorieteeni\/#primaryimage"},"image":{"@id":"https:\/\/masterchem.ee\/fi\/tooted-ja-teenused\/tetrakloorieteeni\/#primaryimage"},"thumbnailUrl":"https:\/\/masterchem.ee\/wp-content\/uploads\/2018\/02\/TETRACHLOROETHYLENE-1000l-MaterChem.jpg","datePublished":"2018-02-28T18:12:38+00:00","dateModified":"2021-06-27T13:12:02+00:00","description":"Tetrakloorieteeni eli tetrakloorietyleeni eli perkloorietyleeni (C2Cl4) on perkloorattu alkeeni. Yhdistett\u00e4 k\u00e4ytet\u00e4\u00e4n liuottimena, kuivapesuaineena ja er\u00e4iden yhdisteiden valmistuksessa. CAS: 127-18-4","breadcrumb":{"@id":"https:\/\/masterchem.ee\/fi\/tooted-ja-teenused\/tetrakloorieteeni\/#breadcrumb"},"inLanguage":"fi","potentialAction":[{"@type":"ReadAction","target":["https:\/\/masterchem.ee\/fi\/tooted-ja-teenused\/tetrakloorieteeni\/"]}]},{"@type":"ImageObject","inLanguage":"fi","@id":"https:\/\/masterchem.ee\/fi\/tooted-ja-teenused\/tetrakloorieteeni\/#primaryimage","url":"https:\/\/masterchem.ee\/wp-content\/uploads\/2018\/02\/TETRACHLOROETHYLENE-1000l-MaterChem.jpg","contentUrl":"https:\/\/masterchem.ee\/wp-content\/uploads\/2018\/02\/TETRACHLOROETHYLENE-1000l-MaterChem.jpg","width":1000,"height":1000,"caption":"Perkloorietyleeni 1000l MaterChem"},{"@type":"BreadcrumbList","@id":"https:\/\/masterchem.ee\/fi\/tooted-ja-teenused\/tetrakloorieteeni\/#breadcrumb","itemListElement":[{"@type":"ListItem","position":1,"name":"Home","item":"https:\/\/masterchem.ee\/fi\/"},{"@type":"ListItem","position":2,"name":"Tooted ja teenused","item":"https:\/\/masterchem.ee\/tooted-ja-teenused\/"},{"@type":"ListItem","position":3,"name":"Tetrakloorieteeni (CAS 127-18-4)"}]},{"@type":"WebSite","@id":"https:\/\/masterchem.ee\/fi\/#website","url":"https:\/\/masterchem.ee\/fi\/","name":"Masterchem.ee","description":"Chemistry For Industry - Solvents &amp; Chemicals","publisher":{"@id":"https:\/\/masterchem.ee\/fi\/#organization"},"potentialAction":[{"@type":"SearchAction","target":{"@type":"EntryPoint","urlTemplate":"https:\/\/masterchem.ee\/fi\/?s={search_term_string}"},"query-input":{"@type":"PropertyValueSpecification","valueRequired":true,"valueName":"search_term_string"}}],"inLanguage":"fi"},{"@type":"Organization","@id":"https:\/\/masterchem.ee\/fi\/#organization","name":"Masterchem","url":"https:\/\/masterchem.ee\/fi\/","logo":{"@type":"ImageObject","inLanguage":"fi","@id":"https:\/\/masterchem.ee\/fi\/#\/schema\/logo\/image\/","url":"https:\/\/masterchem.ee\/wp-content\/uploads\/2018\/02\/master-chem_final-1.png","contentUrl":"https:\/\/masterchem.ee\/wp-content\/uploads\/2018\/02\/master-chem_final-1.png","width":850,"height":356,"caption":"Masterchem"},"image":{"@id":"https:\/\/masterchem.ee\/fi\/#\/schema\/logo\/image\/"}}]}},"_links":{"self":[{"href":"https:\/\/masterchem.ee\/fi\/wp-json\/wp\/v2\/product\/836","targetHints":{"allow":["GET"]}}],"collection":[{"href":"https:\/\/masterchem.ee\/fi\/wp-json\/wp\/v2\/product"}],"about":[{"href":"https:\/\/masterchem.ee\/fi\/wp-json\/wp\/v2\/types\/product"}],"wp:featuredmedia":[{"embeddable":true,"href":"https:\/\/masterchem.ee\/fi\/wp-json\/wp\/v2\/media\/7065"}],"wp:attachment":[{"href":"https:\/\/masterchem.ee\/fi\/wp-json\/wp\/v2\/media?parent=836"}],"wp:term":[{"taxonomy":"product_brand","embeddable":true,"href":"https:\/\/masterchem.ee\/fi\/wp-json\/wp\/v2\/product_brand?post=836"},{"taxonomy":"product_cat","embeddable":true,"href":"https:\/\/masterchem.ee\/fi\/wp-json\/wp\/v2\/product_cat?post=836"},{"taxonomy":"product_tag","embeddable":true,"href":"https:\/\/masterchem.ee\/fi\/wp-json\/wp\/v2\/product_tag?post=836"}],"curies":[{"name":"wp","href":"https:\/\/api.w.org\/{rel}","templated":true}]}}