{"id":8359,"date":"2020-08-25T05:54:50","date_gmt":"2020-08-25T05:54:52","guid":{"rendered":"https:\/\/masterchem.ee\/?post_type=product&#038;p=8359"},"modified":"2021-06-12T20:31:30","modified_gmt":"2021-06-12T20:31:30","slug":"tarpatti","status":"publish","type":"product","link":"https:\/\/masterchem.ee\/fi\/tooted-ja-teenused\/tarpatti\/","title":{"rendered":"T\u00e4rp\u00e4tti (CAS 9005-90-7)"},"content":{"rendered":"<p>Varsinaista t\u00e4rp\u00e4tti\u00e4 k\u00e4ytet\u00e4\u00e4n maaliteollisuudessa liuottimena ja maalien ohenteena. T\u00e4rp\u00e4tti ei liukene veteen, mutta se liukenee alkoholiin, bentseeniin, eetteriin ja kloroformiin. Kotik\u00e4yt\u00f6ss\u00e4 t\u00e4rp\u00e4tti sopii liuottimia kest\u00e4vien pintojen puhdistusaineeksi. T\u00e4rp\u00e4tti \u00e4rsytt\u00e4\u00e4 ihoa ja voi aiheuttaa allergista ihottumaa, joten sit\u00e4 k\u00e4sitelless\u00e4 on syyt\u00e4 k\u00e4ytt\u00e4\u00e4 asiallisia suojavarusteita. My\u00f6s hyv\u00e4st\u00e4 tuuletuksesta on huolehdittava, sill\u00e4 t\u00e4rp\u00e4tti \u00e4rsytt\u00e4\u00e4 silmi\u00e4 ja hengitysteit\u00e4 ja t\u00e4rp\u00e4ttih\u00f6yry on hengitettyn\u00e4 myrkyllist\u00e4. T\u00e4rp\u00e4tti voi sytty\u00e4 itsest\u00e4\u00e4n imeydytty\u00e4\u00e4n huokoiseen orgaaniseen aineeseen ja se reagoi voimakkaasti hapettavien aineiden kanssa. T\u00e4rp\u00e4tin leimahduspiste on 35 \u00b0C ja itsesyttymisl\u00e4mp\u00f6tila 247 \u00b0C. T\u00e4rp\u00e4tti on yhteensopimatontaselvenn\u00e4 happojen, alumiinikloridin ja booritrifluoridin kanssa.<\/p>\n","protected":false},"excerpt":{"rendered":"<p>T\u00e4rp\u00e4tti (m\u00e4nty\u00f6ljyt\u00e4rp\u00e4tti, pineenit\u00e4rp\u00e4tti) on v\u00e4rit\u00f6n tai kellert\u00e4v\u00e4, haihtuva ja tulenarka neste, jota saadaan havupuiden pihkasta. Selluloosateollisuuden sivutuotteena syntyy raakat\u00e4rp\u00e4tti\u00e4, joka on C10H16-terpeeni-isomeerien seos. T\u00e4rp\u00e4tti valmistetaan tislaamalla raakat\u00e4rp\u00e4tist\u00e4 ja saatu tisle koostuu l\u00e4hinn\u00e4 alfa-pineenist\u00e4 ja delta-3-kareenista. T\u00e4rp\u00e4tti-nimell\u00e4 myyd\u00e4\u00e4n my\u00f6s mineraalit\u00e4rp\u00e4tti\u00e4 eli lakkabensiini\u00e4, joka ei ole t\u00e4rp\u00e4tti\u00e4 vaan maa\u00f6ljyst\u00e4 tislattua bensiini\u00e4.<\/p>\n<p>CAS: 9005-90-7<\/p>\n","protected":false},"featured_media":8407,"template":"","meta":[],"product_brand":[],"product_cat":[180,120,122],"product_tag":[],"class_list":{"0":"post-8359","1":"product","2":"type-product","3":"status-publish","4":"has-post-thumbnail","6":"product_cat-uncategorized-fi-2","7":"product_cat-laaketeollisuus","8":"product_cat-teollisuuskemikaalit","9":"pif-has-gallery","11":"first","12":"instock","13":"taxable","14":"shipping-taxable","15":"purchasable","16":"product-type-variable","17":"has-default-attributes"},"yoast_head":"<!-- This site is optimized with the Yoast SEO plugin v26.2 - https:\/\/yoast.com\/wordpress\/plugins\/seo\/ -->\n<title>T\u00e4rp\u00e4tti (CAS 9005-90-7) - Chemistry For Industry - Solvents &amp; Chemicals - Masterchem.ee<\/title>\n<meta name=\"description\" content=\"T\u00e4rp\u00e4tti (m\u00e4nty\u00f6ljyt\u00e4rp\u00e4tti, pineenit\u00e4rp\u00e4tti) on v\u00e4rit\u00f6n tai kellert\u00e4v\u00e4, haihtuva ja tulenarka neste, jota saadaan havupuiden pihkasta. Selluloosateollisuuden sivutuotteena syntyy raakat\u00e4rp\u00e4tti\u00e4, joka on C10H16-terpeeni-isomeerien seos. CAS: 9005-90-7\" \/>\n<meta name=\"robots\" content=\"index, follow, max-snippet:-1, max-image-preview:large, max-video-preview:-1\" \/>\n<link rel=\"canonical\" href=\"https:\/\/masterchem.ee\/fi\/tooted-ja-teenused\/tarpatti\/\" \/>\n<meta name=\"twitter:card\" content=\"summary_large_image\" \/>\n<meta name=\"twitter:title\" content=\"T\u00e4rp\u00e4tti (CAS 9005-90-7) - Chemistry For Industry - Solvents &amp; Chemicals - Masterchem.ee\" \/>\n<meta name=\"twitter:description\" content=\"T\u00e4rp\u00e4tti (m\u00e4nty\u00f6ljyt\u00e4rp\u00e4tti, pineenit\u00e4rp\u00e4tti) on v\u00e4rit\u00f6n tai kellert\u00e4v\u00e4, haihtuva ja tulenarka neste, jota saadaan havupuiden pihkasta. Selluloosateollisuuden sivutuotteena syntyy raakat\u00e4rp\u00e4tti\u00e4, joka on C10H16-terpeeni-isomeerien seos. CAS: 9005-90-7\" \/>\n<meta name=\"twitter:image\" content=\"https:\/\/masterchem.ee\/wp-content\/uploads\/2020\/08\/Turpentine-1000l-MasterChem.jpg\" \/>\n<meta name=\"twitter:label1\" content=\"Arvioitu lukuaika\" \/>\n\t<meta name=\"twitter:data1\" content=\"1 minuutti\" \/>\n<script type=\"application\/ld+json\" class=\"yoast-schema-graph\">{\"@context\":\"https:\/\/schema.org\",\"@graph\":[{\"@type\":\"WebPage\",\"@id\":\"https:\/\/masterchem.ee\/fi\/tooted-ja-teenused\/tarpatti\/\",\"url\":\"https:\/\/masterchem.ee\/fi\/tooted-ja-teenused\/tarpatti\/\",\"name\":\"T\u00e4rp\u00e4tti (CAS 9005-90-7) - Chemistry For Industry - Solvents &amp; Chemicals - Masterchem.ee\",\"isPartOf\":{\"@id\":\"https:\/\/masterchem.ee\/fi\/#website\"},\"primaryImageOfPage\":{\"@id\":\"https:\/\/masterchem.ee\/fi\/tooted-ja-teenused\/tarpatti\/#primaryimage\"},\"image\":{\"@id\":\"https:\/\/masterchem.ee\/fi\/tooted-ja-teenused\/tarpatti\/#primaryimage\"},\"thumbnailUrl\":\"https:\/\/masterchem.ee\/wp-content\/uploads\/2020\/08\/Turpentine-1000l-MasterChem.jpg\",\"datePublished\":\"2020-08-25T05:54:52+00:00\",\"dateModified\":\"2021-06-12T20:31:30+00:00\",\"description\":\"T\u00e4rp\u00e4tti (m\u00e4nty\u00f6ljyt\u00e4rp\u00e4tti, pineenit\u00e4rp\u00e4tti) on v\u00e4rit\u00f6n tai kellert\u00e4v\u00e4, haihtuva ja tulenarka neste, jota saadaan havupuiden pihkasta. Selluloosateollisuuden sivutuotteena syntyy raakat\u00e4rp\u00e4tti\u00e4, joka on C10H16-terpeeni-isomeerien seos. CAS: 9005-90-7\",\"breadcrumb\":{\"@id\":\"https:\/\/masterchem.ee\/fi\/tooted-ja-teenused\/tarpatti\/#breadcrumb\"},\"inLanguage\":\"fi\",\"potentialAction\":[{\"@type\":\"ReadAction\",\"target\":[\"https:\/\/masterchem.ee\/fi\/tooted-ja-teenused\/tarpatti\/\"]}]},{\"@type\":\"ImageObject\",\"inLanguage\":\"fi\",\"@id\":\"https:\/\/masterchem.ee\/fi\/tooted-ja-teenused\/tarpatti\/#primaryimage\",\"url\":\"https:\/\/masterchem.ee\/wp-content\/uploads\/2020\/08\/Turpentine-1000l-MasterChem.jpg\",\"contentUrl\":\"https:\/\/masterchem.ee\/wp-content\/uploads\/2020\/08\/Turpentine-1000l-MasterChem.jpg\",\"width\":1000,\"height\":1000,\"caption\":\"Turpentine 1000l MaterChem\"},{\"@type\":\"BreadcrumbList\",\"@id\":\"https:\/\/masterchem.ee\/fi\/tooted-ja-teenused\/tarpatti\/#breadcrumb\",\"itemListElement\":[{\"@type\":\"ListItem\",\"position\":1,\"name\":\"Home\",\"item\":\"https:\/\/masterchem.ee\/fi\/\"},{\"@type\":\"ListItem\",\"position\":2,\"name\":\"Tooted ja teenused\",\"item\":\"https:\/\/masterchem.ee\/tooted-ja-teenused\/\"},{\"@type\":\"ListItem\",\"position\":3,\"name\":\"T\u00e4rp\u00e4tti (CAS 9005-90-7)\"}]},{\"@type\":\"WebSite\",\"@id\":\"https:\/\/masterchem.ee\/fi\/#website\",\"url\":\"https:\/\/masterchem.ee\/fi\/\",\"name\":\"Masterchem.ee\",\"description\":\"Chemistry For Industry - Solvents &amp; Chemicals\",\"publisher\":{\"@id\":\"https:\/\/masterchem.ee\/fi\/#organization\"},\"potentialAction\":[{\"@type\":\"SearchAction\",\"target\":{\"@type\":\"EntryPoint\",\"urlTemplate\":\"https:\/\/masterchem.ee\/fi\/?s={search_term_string}\"},\"query-input\":{\"@type\":\"PropertyValueSpecification\",\"valueRequired\":true,\"valueName\":\"search_term_string\"}}],\"inLanguage\":\"fi\"},{\"@type\":\"Organization\",\"@id\":\"https:\/\/masterchem.ee\/fi\/#organization\",\"name\":\"Masterchem\",\"url\":\"https:\/\/masterchem.ee\/fi\/\",\"logo\":{\"@type\":\"ImageObject\",\"inLanguage\":\"fi\",\"@id\":\"https:\/\/masterchem.ee\/fi\/#\/schema\/logo\/image\/\",\"url\":\"https:\/\/masterchem.ee\/wp-content\/uploads\/2018\/02\/master-chem_final-1.png\",\"contentUrl\":\"https:\/\/masterchem.ee\/wp-content\/uploads\/2018\/02\/master-chem_final-1.png\",\"width\":850,\"height\":356,\"caption\":\"Masterchem\"},\"image\":{\"@id\":\"https:\/\/masterchem.ee\/fi\/#\/schema\/logo\/image\/\"}}]}<\/script>\n<!-- \/ Yoast SEO plugin. -->","yoast_head_json":{"title":"T\u00e4rp\u00e4tti (CAS 9005-90-7) - Chemistry For Industry - Solvents &amp; Chemicals - Masterchem.ee","description":"T\u00e4rp\u00e4tti (m\u00e4nty\u00f6ljyt\u00e4rp\u00e4tti, pineenit\u00e4rp\u00e4tti) on v\u00e4rit\u00f6n tai kellert\u00e4v\u00e4, haihtuva ja tulenarka neste, jota saadaan havupuiden pihkasta. Selluloosateollisuuden sivutuotteena syntyy raakat\u00e4rp\u00e4tti\u00e4, joka on C10H16-terpeeni-isomeerien seos. CAS: 9005-90-7","robots":{"index":"index","follow":"follow","max-snippet":"max-snippet:-1","max-image-preview":"max-image-preview:large","max-video-preview":"max-video-preview:-1"},"canonical":"https:\/\/masterchem.ee\/fi\/tooted-ja-teenused\/tarpatti\/","twitter_card":"summary_large_image","twitter_title":"T\u00e4rp\u00e4tti (CAS 9005-90-7) - Chemistry For Industry - Solvents &amp; Chemicals - Masterchem.ee","twitter_description":"T\u00e4rp\u00e4tti (m\u00e4nty\u00f6ljyt\u00e4rp\u00e4tti, pineenit\u00e4rp\u00e4tti) on v\u00e4rit\u00f6n tai kellert\u00e4v\u00e4, haihtuva ja tulenarka neste, jota saadaan havupuiden pihkasta. Selluloosateollisuuden sivutuotteena syntyy raakat\u00e4rp\u00e4tti\u00e4, joka on C10H16-terpeeni-isomeerien seos. CAS: 9005-90-7","twitter_image":"https:\/\/masterchem.ee\/wp-content\/uploads\/2020\/08\/Turpentine-1000l-MasterChem.jpg","twitter_misc":{"Arvioitu lukuaika":"1 minuutti"},"schema":{"@context":"https:\/\/schema.org","@graph":[{"@type":"WebPage","@id":"https:\/\/masterchem.ee\/fi\/tooted-ja-teenused\/tarpatti\/","url":"https:\/\/masterchem.ee\/fi\/tooted-ja-teenused\/tarpatti\/","name":"T\u00e4rp\u00e4tti (CAS 9005-90-7) - Chemistry For Industry - Solvents &amp; Chemicals - Masterchem.ee","isPartOf":{"@id":"https:\/\/masterchem.ee\/fi\/#website"},"primaryImageOfPage":{"@id":"https:\/\/masterchem.ee\/fi\/tooted-ja-teenused\/tarpatti\/#primaryimage"},"image":{"@id":"https:\/\/masterchem.ee\/fi\/tooted-ja-teenused\/tarpatti\/#primaryimage"},"thumbnailUrl":"https:\/\/masterchem.ee\/wp-content\/uploads\/2020\/08\/Turpentine-1000l-MasterChem.jpg","datePublished":"2020-08-25T05:54:52+00:00","dateModified":"2021-06-12T20:31:30+00:00","description":"T\u00e4rp\u00e4tti (m\u00e4nty\u00f6ljyt\u00e4rp\u00e4tti, pineenit\u00e4rp\u00e4tti) on v\u00e4rit\u00f6n tai kellert\u00e4v\u00e4, haihtuva ja tulenarka neste, jota saadaan havupuiden pihkasta. Selluloosateollisuuden sivutuotteena syntyy raakat\u00e4rp\u00e4tti\u00e4, joka on C10H16-terpeeni-isomeerien seos. CAS: 9005-90-7","breadcrumb":{"@id":"https:\/\/masterchem.ee\/fi\/tooted-ja-teenused\/tarpatti\/#breadcrumb"},"inLanguage":"fi","potentialAction":[{"@type":"ReadAction","target":["https:\/\/masterchem.ee\/fi\/tooted-ja-teenused\/tarpatti\/"]}]},{"@type":"ImageObject","inLanguage":"fi","@id":"https:\/\/masterchem.ee\/fi\/tooted-ja-teenused\/tarpatti\/#primaryimage","url":"https:\/\/masterchem.ee\/wp-content\/uploads\/2020\/08\/Turpentine-1000l-MasterChem.jpg","contentUrl":"https:\/\/masterchem.ee\/wp-content\/uploads\/2020\/08\/Turpentine-1000l-MasterChem.jpg","width":1000,"height":1000,"caption":"Turpentine 1000l MaterChem"},{"@type":"BreadcrumbList","@id":"https:\/\/masterchem.ee\/fi\/tooted-ja-teenused\/tarpatti\/#breadcrumb","itemListElement":[{"@type":"ListItem","position":1,"name":"Home","item":"https:\/\/masterchem.ee\/fi\/"},{"@type":"ListItem","position":2,"name":"Tooted ja teenused","item":"https:\/\/masterchem.ee\/tooted-ja-teenused\/"},{"@type":"ListItem","position":3,"name":"T\u00e4rp\u00e4tti (CAS 9005-90-7)"}]},{"@type":"WebSite","@id":"https:\/\/masterchem.ee\/fi\/#website","url":"https:\/\/masterchem.ee\/fi\/","name":"Masterchem.ee","description":"Chemistry For Industry - Solvents &amp; Chemicals","publisher":{"@id":"https:\/\/masterchem.ee\/fi\/#organization"},"potentialAction":[{"@type":"SearchAction","target":{"@type":"EntryPoint","urlTemplate":"https:\/\/masterchem.ee\/fi\/?s={search_term_string}"},"query-input":{"@type":"PropertyValueSpecification","valueRequired":true,"valueName":"search_term_string"}}],"inLanguage":"fi"},{"@type":"Organization","@id":"https:\/\/masterchem.ee\/fi\/#organization","name":"Masterchem","url":"https:\/\/masterchem.ee\/fi\/","logo":{"@type":"ImageObject","inLanguage":"fi","@id":"https:\/\/masterchem.ee\/fi\/#\/schema\/logo\/image\/","url":"https:\/\/masterchem.ee\/wp-content\/uploads\/2018\/02\/master-chem_final-1.png","contentUrl":"https:\/\/masterchem.ee\/wp-content\/uploads\/2018\/02\/master-chem_final-1.png","width":850,"height":356,"caption":"Masterchem"},"image":{"@id":"https:\/\/masterchem.ee\/fi\/#\/schema\/logo\/image\/"}}]}},"_links":{"self":[{"href":"https:\/\/masterchem.ee\/fi\/wp-json\/wp\/v2\/product\/8359","targetHints":{"allow":["GET"]}}],"collection":[{"href":"https:\/\/masterchem.ee\/fi\/wp-json\/wp\/v2\/product"}],"about":[{"href":"https:\/\/masterchem.ee\/fi\/wp-json\/wp\/v2\/types\/product"}],"wp:featuredmedia":[{"embeddable":true,"href":"https:\/\/masterchem.ee\/fi\/wp-json\/wp\/v2\/media\/8407"}],"wp:attachment":[{"href":"https:\/\/masterchem.ee\/fi\/wp-json\/wp\/v2\/media?parent=8359"}],"wp:term":[{"taxonomy":"product_brand","embeddable":true,"href":"https:\/\/masterchem.ee\/fi\/wp-json\/wp\/v2\/product_brand?post=8359"},{"taxonomy":"product_cat","embeddable":true,"href":"https:\/\/masterchem.ee\/fi\/wp-json\/wp\/v2\/product_cat?post=8359"},{"taxonomy":"product_tag","embeddable":true,"href":"https:\/\/masterchem.ee\/fi\/wp-json\/wp\/v2\/product_tag?post=8359"}],"curies":[{"name":"wp","href":"https:\/\/api.w.org\/{rel}","templated":true}]}}