{"id":831,"date":"2018-02-28T18:10:00","date_gmt":"2018-02-28T18:10:00","guid":{"rendered":"https:\/\/masterchem.ee\/product\/sorbitoli\/"},"modified":"2021-05-25T21:50:39","modified_gmt":"2021-05-25T21:50:39","slug":"sorbitoli","status":"publish","type":"product","link":"https:\/\/masterchem.ee\/fi\/tooted-ja-teenused\/sorbitoli\/","title":{"rendered":"Sorbitoli 70 % (CAS 50-70-4)"},"content":{"rendered":"<p style=\"text-align: justify;\">Sorbitolia k\u00e4ytet\u00e4\u00e4n\u00a0<a title=\"Kosmetiikka\" href=\"https:\/\/fi.wikipedia.org\/wiki\/Kosmetiikka\">kosmetiikassa<\/a>\u00a0kosteuttajana ja sakeuttajana\u00a0<a class=\"new\" title=\"Voide (sivua ei ole)\" href=\"https:\/\/fi.wikipedia.org\/w\/index.php?title=Voide&amp;action=edit&amp;redlink=1\">voiteissa<\/a>. Sit\u00e4 voidaan k\u00e4ytt\u00e4\u00e4 kosteuden sitojana my\u00f6s\u00a0<a title=\"Tupakka\" href=\"https:\/\/fi.wikipedia.org\/wiki\/Tupakka\">tupakkatuotteissa<\/a>. Esimerkiksi\u00a0<a class=\"mw-redirect\" title=\"Ysk\u00e4nl\u00e4\u00e4ke\" href=\"https:\/\/fi.wikipedia.org\/wiki\/Ysk%C3%A4nl%C3%A4%C3%A4ke\">ysk\u00e4nl\u00e4\u00e4kkeiden<\/a>\u00a0v\u00e4\u00e4rink\u00e4ytt\u00f6\u00e4 ehk\u00e4ist\u00e4\u00e4n lis\u00e4\u00e4m\u00e4ll\u00e4 niihin sorbitolia sen ep\u00e4miellytt\u00e4vien vaikutusten vuoksi. P\u00e4ihdek\u00e4ytt\u00f6annoksina esimerkiksi\u00a0<a title=\"Dekstrometorfaani\" href=\"https:\/\/fi.wikipedia.org\/wiki\/Dekstrometorfaani\">dekstrometorfaania<\/a>\u00a0tai\u00a0<a title=\"Kodeiini\" href=\"https:\/\/fi.wikipedia.org\/wiki\/Kodeiini\">kodeiinia<\/a>\u00a0sis\u00e4lt\u00e4vien ysk\u00e4nl\u00e4\u00e4kkeiden sis\u00e4lt\u00e4m\u00e4 sorbitoli aiheuttaa yleens\u00e4 voimakkaita laksatiivisia vaikutuksia.<sup id=\"cite_ref-5\" class=\"reference\"><a href=\"https:\/\/fi.wikipedia.org\/wiki\/Sorbitoli#cite_note-5\">[5]<\/a><\/sup><\/p>\n<p style=\"text-align: justify;\">Sorbitolin\u00a0<a title=\"E-koodi\" href=\"https:\/\/fi.wikipedia.org\/wiki\/E-koodi\">E-koodi<\/a>\u00a0on E420.<sup id=\"cite_ref-EK_4-1\" class=\"reference\"><a href=\"https:\/\/fi.wikipedia.org\/wiki\/Sorbitoli#cite_note-EK-4\">[4]<\/a><\/sup><\/p>\n","protected":false},"excerpt":{"rendered":"<p style=\"text-align: justify;\"><b>Muut nimet: Sorbitoli, D-glusitoli, D-sorbitoli<\/b><\/p>\n<p style=\"text-align: justify;\">Sorbitoli\u00a0(D-glusitoli, D-sorbitoli) on\u00a0<a class=\"mw-redirect\" title=\"Sokerialkoholi\" href=\"https:\/\/fi.wikipedia.org\/wiki\/Sokerialkoholi\">sokerialkoholi<\/a>, jota k\u00e4ytet\u00e4\u00e4n\u00a0<a title=\"Makeutusaine\" href=\"https:\/\/fi.wikipedia.org\/wiki\/Makeutusaine\">makeutusaineena<\/a>\u00a0mm.\u00a0<a title=\"Purukumi\" href=\"https:\/\/fi.wikipedia.org\/wiki\/Purukumi\">purukumeissa<\/a>,\u00a0<a title=\"Pastilli\" href=\"https:\/\/fi.wikipedia.org\/wiki\/Pastilli\">pastilleissa<\/a>\u00a0ja\u00a0<a title=\"L\u00e4\u00e4ke\" href=\"https:\/\/fi.wikipedia.org\/wiki\/L%C3%A4%C3%A4ke\">l\u00e4\u00e4kkeiss\u00e4<\/a>.<sup id=\"cite_ref-1\" class=\"reference\"><a href=\"https:\/\/fi.wikipedia.org\/wiki\/Sorbitoli#cite_note-1\">[1]<\/a><\/sup><sup id=\"cite_ref-2\" class=\"reference\"><a href=\"https:\/\/fi.wikipedia.org\/wiki\/Sorbitoli#cite_note-2\">[2]<\/a><\/sup>\u00a0Sit\u00e4 valmistetaan\u00a0<a title=\"Glukoosi\" href=\"https:\/\/fi.wikipedia.org\/wiki\/Glukoosi\">glukoosista<\/a>.<sup id=\"cite_ref-3\" class=\"reference\"><a href=\"https:\/\/fi.wikipedia.org\/wiki\/Sorbitoli#cite_note-3\">[3]<\/a><\/sup>\u00a0Valmistusprosessissa glukoosi\u00a0<a title=\"Hydraus\" href=\"https:\/\/fi.wikipedia.org\/wiki\/Hydraus\">hydrataan<\/a>, jolloin molekyylin\u00a0<a class=\"mw-redirect\" title=\"Aldehydi\" href=\"https:\/\/fi.wikipedia.org\/wiki\/Aldehydi\">aldehydiryhm\u00e4<\/a>\u00a0vaihtuu\u00a0<a title=\"Hydroksyyli\" href=\"https:\/\/fi.wikipedia.org\/wiki\/Hydroksyyli\">hydroksyyliryhm\u00e4ksi<\/a>.<\/p>\n<p style=\"text-align: justify;\">Sorbitolia esiintyy my\u00f6s luonnossa\u00a0<a title=\"Luumarja\" href=\"https:\/\/fi.wikipedia.org\/wiki\/Luumarja\">luumarjoissa<\/a>. Sorbitoli ei imeydy t\u00e4ysin\u00a0<a title=\"Ihmisen ruoansulatus\" href=\"https:\/\/fi.wikipedia.org\/wiki\/Ihmisen_ruoansulatus\">ruoansulatuskanavassa<\/a>, joten se voi aiheuttaa suuremmissa m\u00e4\u00e4rin nautittuna\u00a0<a class=\"mw-redirect\" title=\"Laksatiivi\" href=\"https:\/\/fi.wikipedia.org\/wiki\/Laksatiivi\">laksatiivisia<\/a>\u00a0oireita.<sup id=\"cite_ref-EK_4-0\" class=\"reference\"><a href=\"https:\/\/fi.wikipedia.org\/wiki\/Sorbitoli#cite_note-EK-4\">[4]<\/a><\/sup><\/p>\n<p style=\"text-align: justify;\">\n<p>CAS: 50-70-4<\/p>\n","protected":false},"featured_media":7033,"template":"","meta":[],"product_brand":[],"product_cat":[180,120],"product_tag":[],"class_list":{"0":"post-831","1":"product","2":"type-product","3":"status-publish","4":"has-post-thumbnail","6":"product_cat-uncategorized-fi-2","7":"product_cat-laaketeollisuus","8":"pif-has-gallery","10":"first","11":"instock","12":"taxable","13":"shipping-taxable","14":"purchasable","15":"product-type-variable","16":"has-default-attributes"},"yoast_head":"<!-- This site is optimized with the Yoast SEO plugin v26.2 - https:\/\/yoast.com\/wordpress\/plugins\/seo\/ -->\n<title>Sorbitoli 70 % (CAS 50-70-4) - Chemistry For Industry - Solvents &amp; Chemicals - Masterchem.ee<\/title>\n<meta name=\"description\" content=\"Sorbitoli (D-glusitoli, D-sorbitoli) on sokerialkoholi, jota k\u00e4ytet\u00e4\u00e4n makeutusaineena mm. purukumeissa, pastilleissa ja l\u00e4\u00e4kkeiss\u00e4. CAS: 50-70-4\" \/>\n<meta name=\"robots\" content=\"index, follow, max-snippet:-1, max-image-preview:large, max-video-preview:-1\" \/>\n<link rel=\"canonical\" href=\"https:\/\/masterchem.ee\/fi\/tooted-ja-teenused\/sorbitoli\/\" \/>\n<meta name=\"twitter:card\" content=\"summary_large_image\" \/>\n<meta name=\"twitter:title\" content=\"Sorbitoli 70 % (CAS 50-70-4) - Chemistry For Industry - Solvents &amp; Chemicals - Masterchem.ee\" \/>\n<meta name=\"twitter:description\" content=\"Sorbitoli (D-glusitoli, D-sorbitoli) on sokerialkoholi, jota k\u00e4ytet\u00e4\u00e4n makeutusaineena mm. purukumeissa, pastilleissa ja l\u00e4\u00e4kkeiss\u00e4. CAS: 50-70-4\" \/>\n<meta name=\"twitter:image\" content=\"https:\/\/masterchem.ee\/wp-content\/uploads\/2018\/02\/SORBITOL-1000l-MasterChem.jpg\" \/>\n<script type=\"application\/ld+json\" class=\"yoast-schema-graph\">{\"@context\":\"https:\/\/schema.org\",\"@graph\":[{\"@type\":\"WebPage\",\"@id\":\"https:\/\/masterchem.ee\/fi\/tooted-ja-teenused\/sorbitoli\/\",\"url\":\"https:\/\/masterchem.ee\/fi\/tooted-ja-teenused\/sorbitoli\/\",\"name\":\"Sorbitoli 70 % (CAS 50-70-4) - Chemistry For Industry - Solvents &amp; Chemicals - Masterchem.ee\",\"isPartOf\":{\"@id\":\"https:\/\/masterchem.ee\/fi\/#website\"},\"primaryImageOfPage\":{\"@id\":\"https:\/\/masterchem.ee\/fi\/tooted-ja-teenused\/sorbitoli\/#primaryimage\"},\"image\":{\"@id\":\"https:\/\/masterchem.ee\/fi\/tooted-ja-teenused\/sorbitoli\/#primaryimage\"},\"thumbnailUrl\":\"https:\/\/masterchem.ee\/wp-content\/uploads\/2018\/02\/SORBITOL-1000l-MasterChem.jpg\",\"datePublished\":\"2018-02-28T18:10:00+00:00\",\"dateModified\":\"2021-05-25T21:50:39+00:00\",\"description\":\"Sorbitoli (D-glusitoli, D-sorbitoli) on sokerialkoholi, jota k\u00e4ytet\u00e4\u00e4n makeutusaineena mm. purukumeissa, pastilleissa ja l\u00e4\u00e4kkeiss\u00e4. CAS: 50-70-4\",\"breadcrumb\":{\"@id\":\"https:\/\/masterchem.ee\/fi\/tooted-ja-teenused\/sorbitoli\/#breadcrumb\"},\"inLanguage\":\"fi\",\"potentialAction\":[{\"@type\":\"ReadAction\",\"target\":[\"https:\/\/masterchem.ee\/fi\/tooted-ja-teenused\/sorbitoli\/\"]}]},{\"@type\":\"ImageObject\",\"inLanguage\":\"fi\",\"@id\":\"https:\/\/masterchem.ee\/fi\/tooted-ja-teenused\/sorbitoli\/#primaryimage\",\"url\":\"https:\/\/masterchem.ee\/wp-content\/uploads\/2018\/02\/SORBITOL-1000l-MasterChem.jpg\",\"contentUrl\":\"https:\/\/masterchem.ee\/wp-content\/uploads\/2018\/02\/SORBITOL-1000l-MasterChem.jpg\",\"width\":1000,\"height\":1000,\"caption\":\"Sorbitoli 70% 1000l MasterChem\"},{\"@type\":\"BreadcrumbList\",\"@id\":\"https:\/\/masterchem.ee\/fi\/tooted-ja-teenused\/sorbitoli\/#breadcrumb\",\"itemListElement\":[{\"@type\":\"ListItem\",\"position\":1,\"name\":\"Home\",\"item\":\"https:\/\/masterchem.ee\/fi\/\"},{\"@type\":\"ListItem\",\"position\":2,\"name\":\"Tooted ja teenused\",\"item\":\"https:\/\/masterchem.ee\/tooted-ja-teenused\/\"},{\"@type\":\"ListItem\",\"position\":3,\"name\":\"Sorbitoli 70 % (CAS 50-70-4)\"}]},{\"@type\":\"WebSite\",\"@id\":\"https:\/\/masterchem.ee\/fi\/#website\",\"url\":\"https:\/\/masterchem.ee\/fi\/\",\"name\":\"Masterchem.ee\",\"description\":\"Chemistry For Industry - Solvents &amp; Chemicals\",\"publisher\":{\"@id\":\"https:\/\/masterchem.ee\/fi\/#organization\"},\"potentialAction\":[{\"@type\":\"SearchAction\",\"target\":{\"@type\":\"EntryPoint\",\"urlTemplate\":\"https:\/\/masterchem.ee\/fi\/?s={search_term_string}\"},\"query-input\":{\"@type\":\"PropertyValueSpecification\",\"valueRequired\":true,\"valueName\":\"search_term_string\"}}],\"inLanguage\":\"fi\"},{\"@type\":\"Organization\",\"@id\":\"https:\/\/masterchem.ee\/fi\/#organization\",\"name\":\"Masterchem\",\"url\":\"https:\/\/masterchem.ee\/fi\/\",\"logo\":{\"@type\":\"ImageObject\",\"inLanguage\":\"fi\",\"@id\":\"https:\/\/masterchem.ee\/fi\/#\/schema\/logo\/image\/\",\"url\":\"https:\/\/masterchem.ee\/wp-content\/uploads\/2018\/02\/master-chem_final-1.png\",\"contentUrl\":\"https:\/\/masterchem.ee\/wp-content\/uploads\/2018\/02\/master-chem_final-1.png\",\"width\":850,\"height\":356,\"caption\":\"Masterchem\"},\"image\":{\"@id\":\"https:\/\/masterchem.ee\/fi\/#\/schema\/logo\/image\/\"}}]}<\/script>\n<!-- \/ Yoast SEO plugin. -->","yoast_head_json":{"title":"Sorbitoli 70 % (CAS 50-70-4) - Chemistry For Industry - Solvents &amp; Chemicals - Masterchem.ee","description":"Sorbitoli (D-glusitoli, D-sorbitoli) on sokerialkoholi, jota k\u00e4ytet\u00e4\u00e4n makeutusaineena mm. purukumeissa, pastilleissa ja l\u00e4\u00e4kkeiss\u00e4. CAS: 50-70-4","robots":{"index":"index","follow":"follow","max-snippet":"max-snippet:-1","max-image-preview":"max-image-preview:large","max-video-preview":"max-video-preview:-1"},"canonical":"https:\/\/masterchem.ee\/fi\/tooted-ja-teenused\/sorbitoli\/","twitter_card":"summary_large_image","twitter_title":"Sorbitoli 70 % (CAS 50-70-4) - Chemistry For Industry - Solvents &amp; Chemicals - Masterchem.ee","twitter_description":"Sorbitoli (D-glusitoli, D-sorbitoli) on sokerialkoholi, jota k\u00e4ytet\u00e4\u00e4n makeutusaineena mm. purukumeissa, pastilleissa ja l\u00e4\u00e4kkeiss\u00e4. CAS: 50-70-4","twitter_image":"https:\/\/masterchem.ee\/wp-content\/uploads\/2018\/02\/SORBITOL-1000l-MasterChem.jpg","schema":{"@context":"https:\/\/schema.org","@graph":[{"@type":"WebPage","@id":"https:\/\/masterchem.ee\/fi\/tooted-ja-teenused\/sorbitoli\/","url":"https:\/\/masterchem.ee\/fi\/tooted-ja-teenused\/sorbitoli\/","name":"Sorbitoli 70 % (CAS 50-70-4) - Chemistry For Industry - Solvents &amp; Chemicals - Masterchem.ee","isPartOf":{"@id":"https:\/\/masterchem.ee\/fi\/#website"},"primaryImageOfPage":{"@id":"https:\/\/masterchem.ee\/fi\/tooted-ja-teenused\/sorbitoli\/#primaryimage"},"image":{"@id":"https:\/\/masterchem.ee\/fi\/tooted-ja-teenused\/sorbitoli\/#primaryimage"},"thumbnailUrl":"https:\/\/masterchem.ee\/wp-content\/uploads\/2018\/02\/SORBITOL-1000l-MasterChem.jpg","datePublished":"2018-02-28T18:10:00+00:00","dateModified":"2021-05-25T21:50:39+00:00","description":"Sorbitoli (D-glusitoli, D-sorbitoli) on sokerialkoholi, jota k\u00e4ytet\u00e4\u00e4n makeutusaineena mm. purukumeissa, pastilleissa ja l\u00e4\u00e4kkeiss\u00e4. CAS: 50-70-4","breadcrumb":{"@id":"https:\/\/masterchem.ee\/fi\/tooted-ja-teenused\/sorbitoli\/#breadcrumb"},"inLanguage":"fi","potentialAction":[{"@type":"ReadAction","target":["https:\/\/masterchem.ee\/fi\/tooted-ja-teenused\/sorbitoli\/"]}]},{"@type":"ImageObject","inLanguage":"fi","@id":"https:\/\/masterchem.ee\/fi\/tooted-ja-teenused\/sorbitoli\/#primaryimage","url":"https:\/\/masterchem.ee\/wp-content\/uploads\/2018\/02\/SORBITOL-1000l-MasterChem.jpg","contentUrl":"https:\/\/masterchem.ee\/wp-content\/uploads\/2018\/02\/SORBITOL-1000l-MasterChem.jpg","width":1000,"height":1000,"caption":"Sorbitoli 70% 1000l MasterChem"},{"@type":"BreadcrumbList","@id":"https:\/\/masterchem.ee\/fi\/tooted-ja-teenused\/sorbitoli\/#breadcrumb","itemListElement":[{"@type":"ListItem","position":1,"name":"Home","item":"https:\/\/masterchem.ee\/fi\/"},{"@type":"ListItem","position":2,"name":"Tooted ja teenused","item":"https:\/\/masterchem.ee\/tooted-ja-teenused\/"},{"@type":"ListItem","position":3,"name":"Sorbitoli 70 % (CAS 50-70-4)"}]},{"@type":"WebSite","@id":"https:\/\/masterchem.ee\/fi\/#website","url":"https:\/\/masterchem.ee\/fi\/","name":"Masterchem.ee","description":"Chemistry For Industry - Solvents &amp; Chemicals","publisher":{"@id":"https:\/\/masterchem.ee\/fi\/#organization"},"potentialAction":[{"@type":"SearchAction","target":{"@type":"EntryPoint","urlTemplate":"https:\/\/masterchem.ee\/fi\/?s={search_term_string}"},"query-input":{"@type":"PropertyValueSpecification","valueRequired":true,"valueName":"search_term_string"}}],"inLanguage":"fi"},{"@type":"Organization","@id":"https:\/\/masterchem.ee\/fi\/#organization","name":"Masterchem","url":"https:\/\/masterchem.ee\/fi\/","logo":{"@type":"ImageObject","inLanguage":"fi","@id":"https:\/\/masterchem.ee\/fi\/#\/schema\/logo\/image\/","url":"https:\/\/masterchem.ee\/wp-content\/uploads\/2018\/02\/master-chem_final-1.png","contentUrl":"https:\/\/masterchem.ee\/wp-content\/uploads\/2018\/02\/master-chem_final-1.png","width":850,"height":356,"caption":"Masterchem"},"image":{"@id":"https:\/\/masterchem.ee\/fi\/#\/schema\/logo\/image\/"}}]}},"_links":{"self":[{"href":"https:\/\/masterchem.ee\/fi\/wp-json\/wp\/v2\/product\/831","targetHints":{"allow":["GET"]}}],"collection":[{"href":"https:\/\/masterchem.ee\/fi\/wp-json\/wp\/v2\/product"}],"about":[{"href":"https:\/\/masterchem.ee\/fi\/wp-json\/wp\/v2\/types\/product"}],"wp:featuredmedia":[{"embeddable":true,"href":"https:\/\/masterchem.ee\/fi\/wp-json\/wp\/v2\/media\/7033"}],"wp:attachment":[{"href":"https:\/\/masterchem.ee\/fi\/wp-json\/wp\/v2\/media?parent=831"}],"wp:term":[{"taxonomy":"product_brand","embeddable":true,"href":"https:\/\/masterchem.ee\/fi\/wp-json\/wp\/v2\/product_brand?post=831"},{"taxonomy":"product_cat","embeddable":true,"href":"https:\/\/masterchem.ee\/fi\/wp-json\/wp\/v2\/product_cat?post=831"},{"taxonomy":"product_tag","embeddable":true,"href":"https:\/\/masterchem.ee\/fi\/wp-json\/wp\/v2\/product_tag?post=831"}],"curies":[{"name":"wp","href":"https:\/\/api.w.org\/{rel}","templated":true}]}}