{"id":828,"date":"2018-02-28T18:07:15","date_gmt":"2018-02-28T18:07:15","guid":{"rendered":"https:\/\/masterchem.ee\/product\/silikageeli\/"},"modified":"2021-05-25T21:56:08","modified_gmt":"2021-05-25T21:56:08","slug":"silikageeli","status":"publish","type":"product","link":"https:\/\/masterchem.ee\/fi\/tooted-ja-teenused\/silikageeli\/","title":{"rendered":"Silikageeli (CAS 7631-86-9)"},"content":{"rendered":"<p style=\"text-align: justify;\">Silikageelin k\u00e4ytt\u00f6 liittyy yleens\u00e4 sen kuivausominaisuuteen eli kykyyn sitoa vett\u00e4 kaasuseoksesta kuten ilmasta. K\u00e4ytt\u00f6kohteita ovat muiden muassa:<\/p>\n<ul>\n<li style=\"text-align: justify;\">Elektroniikan, hienomekaniikan, optiikan, l\u00e4\u00e4kkeiden yms. tuotepakkauksissa huokoisiin pussukoihin pakattuna kosteusvaurioita ehk\u00e4isem\u00e4ss\u00e4.<\/li>\n<li style=\"text-align: justify;\">Kissanhiekka-astiassa hajuhaittoja eliminoimassa sek\u00e4 nestett\u00e4 sitomassa. N\u00e4iss\u00e4 tuotteissa on usein my\u00f6s\u00a0<a title=\"Bentoniitti\" href=\"https:\/\/fi.wikipedia.org\/wiki\/Bentoniitti\">bentoniittia<\/a>.<\/li>\n<li style=\"text-align: justify;\">Askartelutuotteena kuivakukkien valmistuksessa.<\/li>\n<\/ul>\n","protected":false},"excerpt":{"rendered":"<p style=\"text-align: justify;\"><a title=\"\" href=\"https:\/\/fi.wikipedia.org\/wiki\/Olomuoto\">Olomuodoltaan<\/a>\u00a0se on\u00a0<a title=\"Geeli\" href=\"https:\/\/fi.wikipedia.org\/wiki\/Geeli\">geeli<\/a>-nimest\u00e4\u00e4n huolimatta kiinte\u00e4\u00e4 ja kovaa. Silikageeli esiintyy puhtaana yhdisteen\u00e4 hajuttomina, mauttomina, myrkytt\u00f6min\u00e4<sup id=\"cite_ref-2\" class=\"reference\"><a href=\"https:\/\/fi.wikipedia.org\/wiki\/Silikageeli#cite_note-2\">[2]<\/a><\/sup>, l\u00e4pin\u00e4kyvin\u00e4 ja py\u00f6re\u00e4hk\u00f6in\u00e4 rakeina, jotka eiv\u00e4t ole vesiliukoisia<sup id=\"cite_ref-3\" class=\"reference\"><a href=\"https:\/\/fi.wikipedia.org\/wiki\/Silikageeli#cite_note-3\">[3]<\/a><\/sup>. Aine voi kuitenkin olla \u00e4rsytt\u00e4v\u00e4 nieltyn\u00e4, joutuessaan silmiin tai p\u00f6ly suurin m\u00e4\u00e4rin ihokosketuksessa. Aine on tunnettu sen erinomaisesta kyvyst\u00e4\u00a0<a title=\"Adsorptio\" href=\"https:\/\/fi.wikipedia.org\/wiki\/Adsorptio\">adsorboida<\/a>\u00a0kosteutta suoraan ilmasta. Silikageelirakeet on usein k\u00e4sitelty vesipitoisuutta ilment\u00e4vill\u00e4 kemikaaleilla, jotka muuttavat v\u00e4ri\u00e4\u00e4n kosteuspitoisuuden mukaan. N\u00e4m\u00e4 indikaattorit, esimerkiksi\u00a0<a title=\"Kobolttikloridi\" href=\"https:\/\/fi.wikipedia.org\/wiki\/Kobolttikloridi\">kobolttikloridi<\/a>, tekev\u00e4t siit\u00e4 usein haitallista tai myrkyllist\u00e4kin. Mik\u00e4li tuotteessa on k\u00e4ytetty n\u00e4it\u00e4 lis\u00e4aineita, se voi olla my\u00f6s\u00a0<a title=\"Karsinogeeni\" href=\"https:\/\/fi.wikipedia.org\/wiki\/Karsinogeeni\">karsinogeenista<\/a>. Silikageelirakeet voidaan regeneroida eli aktivoida uudelleen ts. uudistaa\u00a0<a title=\"Hygroskooppisuus\" href=\"https:\/\/fi.wikipedia.org\/wiki\/Hygroskooppisuus\">hygroskooppisiksi<\/a>\u00a0eli kosteutta sitoviksi l\u00e4mmitt\u00e4m\u00e4ll\u00e4 niit\u00e4 2 tuntia 120 \u00b0C:ssa.<\/p>\n<p style=\"text-align: justify;\">\n<p>CAS: 7631-86-9<\/p>\n","protected":false},"featured_media":11499,"template":"","meta":[],"product_brand":[],"product_cat":[180,115,117,114],"product_tag":[],"class_list":{"0":"post-828","1":"product","2":"type-product","3":"status-publish","4":"has-post-thumbnail","6":"product_cat-uncategorized-fi-2","7":"product_cat-auton-ja-koneiden-kemikaalit","8":"product_cat-kotitalouskemikaalit","9":"product_cat-rakennusteollisuus","11":"first","12":"instock","13":"taxable","14":"shipping-taxable","15":"purchasable","16":"product-type-variable","17":"has-default-attributes"},"yoast_head":"<!-- This site is optimized with the Yoast SEO plugin v26.2 - https:\/\/yoast.com\/wordpress\/plugins\/seo\/ -->\n<title>Silikageeli (CAS 7631-86-9) - Chemistry For Industry - Solvents &amp; Chemicals - Masterchem.ee<\/title>\n<meta name=\"description\" content=\"Olomuodoltaan se on geeli-nimest\u00e4\u00e4n huolimatta kiinte\u00e4\u00e4 ja kovaa. Silikageeli esiintyy puhtaana yhdisteen\u00e4 hajuttomina, mauttomina, myrkytt\u00f6min\u00e4[2], l\u00e4pin\u00e4kyvin\u00e4 ja py\u00f6re\u00e4hk\u00f6in\u00e4 rakeina, jotka eiv\u00e4t ole vesiliukoisia[3]. Aine voi kuitenkin olla \u00e4rsytt\u00e4v\u00e4 nieltyn\u00e4, joutuessaan silmiin tai p\u00f6ly suurin m\u00e4\u00e4rin ihokosketuksessa. CAS: 7631-86-9\" \/>\n<meta name=\"robots\" content=\"index, follow, max-snippet:-1, max-image-preview:large, max-video-preview:-1\" \/>\n<link rel=\"canonical\" href=\"https:\/\/masterchem.ee\/fi\/tooted-ja-teenused\/silikageeli\/\" \/>\n<meta name=\"twitter:card\" content=\"summary_large_image\" \/>\n<meta name=\"twitter:title\" content=\"Silikageeli (CAS 7631-86-9) - Chemistry For Industry - Solvents &amp; Chemicals - Masterchem.ee\" \/>\n<meta name=\"twitter:description\" content=\"Olomuodoltaan se on geeli-nimest\u00e4\u00e4n huolimatta kiinte\u00e4\u00e4 ja kovaa. Silikageeli esiintyy puhtaana yhdisteen\u00e4 hajuttomina, mauttomina, myrkytt\u00f6min\u00e4[2], l\u00e4pin\u00e4kyvin\u00e4 ja py\u00f6re\u00e4hk\u00f6in\u00e4 rakeina, jotka eiv\u00e4t ole vesiliukoisia[3]. Aine voi kuitenkin olla \u00e4rsytt\u00e4v\u00e4 nieltyn\u00e4, joutuessaan silmiin tai p\u00f6ly suurin m\u00e4\u00e4rin ihokosketuksessa. CAS: 7631-86-9\" \/>\n<meta name=\"twitter:image\" content=\"https:\/\/masterchem.ee\/wp-content\/uploads\/2018\/02\/Silica-Gel.jpg\" \/>\n<script type=\"application\/ld+json\" class=\"yoast-schema-graph\">{\"@context\":\"https:\/\/schema.org\",\"@graph\":[{\"@type\":\"WebPage\",\"@id\":\"https:\/\/masterchem.ee\/fi\/tooted-ja-teenused\/silikageeli\/\",\"url\":\"https:\/\/masterchem.ee\/fi\/tooted-ja-teenused\/silikageeli\/\",\"name\":\"Silikageeli (CAS 7631-86-9) - Chemistry For Industry - Solvents &amp; Chemicals - Masterchem.ee\",\"isPartOf\":{\"@id\":\"https:\/\/masterchem.ee\/fi\/#website\"},\"primaryImageOfPage\":{\"@id\":\"https:\/\/masterchem.ee\/fi\/tooted-ja-teenused\/silikageeli\/#primaryimage\"},\"image\":{\"@id\":\"https:\/\/masterchem.ee\/fi\/tooted-ja-teenused\/silikageeli\/#primaryimage\"},\"thumbnailUrl\":\"https:\/\/masterchem.ee\/wp-content\/uploads\/2018\/02\/Silica-Gel.jpg\",\"datePublished\":\"2018-02-28T18:07:15+00:00\",\"dateModified\":\"2021-05-25T21:56:08+00:00\",\"description\":\"Olomuodoltaan se on geeli-nimest\u00e4\u00e4n huolimatta kiinte\u00e4\u00e4 ja kovaa. Silikageeli esiintyy puhtaana yhdisteen\u00e4 hajuttomina, mauttomina, myrkytt\u00f6min\u00e4[2], l\u00e4pin\u00e4kyvin\u00e4 ja py\u00f6re\u00e4hk\u00f6in\u00e4 rakeina, jotka eiv\u00e4t ole vesiliukoisia[3]. Aine voi kuitenkin olla \u00e4rsytt\u00e4v\u00e4 nieltyn\u00e4, joutuessaan silmiin tai p\u00f6ly suurin m\u00e4\u00e4rin ihokosketuksessa. CAS: 7631-86-9\",\"breadcrumb\":{\"@id\":\"https:\/\/masterchem.ee\/fi\/tooted-ja-teenused\/silikageeli\/#breadcrumb\"},\"inLanguage\":\"fi\",\"potentialAction\":[{\"@type\":\"ReadAction\",\"target\":[\"https:\/\/masterchem.ee\/fi\/tooted-ja-teenused\/silikageeli\/\"]}]},{\"@type\":\"ImageObject\",\"inLanguage\":\"fi\",\"@id\":\"https:\/\/masterchem.ee\/fi\/tooted-ja-teenused\/silikageeli\/#primaryimage\",\"url\":\"https:\/\/masterchem.ee\/wp-content\/uploads\/2018\/02\/Silica-Gel.jpg\",\"contentUrl\":\"https:\/\/masterchem.ee\/wp-content\/uploads\/2018\/02\/Silica-Gel.jpg\",\"width\":423,\"height\":423},{\"@type\":\"BreadcrumbList\",\"@id\":\"https:\/\/masterchem.ee\/fi\/tooted-ja-teenused\/silikageeli\/#breadcrumb\",\"itemListElement\":[{\"@type\":\"ListItem\",\"position\":1,\"name\":\"Home\",\"item\":\"https:\/\/masterchem.ee\/fi\/\"},{\"@type\":\"ListItem\",\"position\":2,\"name\":\"Tooted ja teenused\",\"item\":\"https:\/\/masterchem.ee\/tooted-ja-teenused\/\"},{\"@type\":\"ListItem\",\"position\":3,\"name\":\"Silikageeli (CAS 7631-86-9)\"}]},{\"@type\":\"WebSite\",\"@id\":\"https:\/\/masterchem.ee\/fi\/#website\",\"url\":\"https:\/\/masterchem.ee\/fi\/\",\"name\":\"Masterchem.ee\",\"description\":\"Chemistry For Industry - Solvents &amp; Chemicals\",\"publisher\":{\"@id\":\"https:\/\/masterchem.ee\/fi\/#organization\"},\"potentialAction\":[{\"@type\":\"SearchAction\",\"target\":{\"@type\":\"EntryPoint\",\"urlTemplate\":\"https:\/\/masterchem.ee\/fi\/?s={search_term_string}\"},\"query-input\":{\"@type\":\"PropertyValueSpecification\",\"valueRequired\":true,\"valueName\":\"search_term_string\"}}],\"inLanguage\":\"fi\"},{\"@type\":\"Organization\",\"@id\":\"https:\/\/masterchem.ee\/fi\/#organization\",\"name\":\"Masterchem\",\"url\":\"https:\/\/masterchem.ee\/fi\/\",\"logo\":{\"@type\":\"ImageObject\",\"inLanguage\":\"fi\",\"@id\":\"https:\/\/masterchem.ee\/fi\/#\/schema\/logo\/image\/\",\"url\":\"https:\/\/masterchem.ee\/wp-content\/uploads\/2018\/02\/master-chem_final-1.png\",\"contentUrl\":\"https:\/\/masterchem.ee\/wp-content\/uploads\/2018\/02\/master-chem_final-1.png\",\"width\":850,\"height\":356,\"caption\":\"Masterchem\"},\"image\":{\"@id\":\"https:\/\/masterchem.ee\/fi\/#\/schema\/logo\/image\/\"}}]}<\/script>\n<!-- \/ Yoast SEO plugin. -->","yoast_head_json":{"title":"Silikageeli (CAS 7631-86-9) - Chemistry For Industry - Solvents &amp; Chemicals - Masterchem.ee","description":"Olomuodoltaan se on geeli-nimest\u00e4\u00e4n huolimatta kiinte\u00e4\u00e4 ja kovaa. Silikageeli esiintyy puhtaana yhdisteen\u00e4 hajuttomina, mauttomina, myrkytt\u00f6min\u00e4[2], l\u00e4pin\u00e4kyvin\u00e4 ja py\u00f6re\u00e4hk\u00f6in\u00e4 rakeina, jotka eiv\u00e4t ole vesiliukoisia[3]. Aine voi kuitenkin olla \u00e4rsytt\u00e4v\u00e4 nieltyn\u00e4, joutuessaan silmiin tai p\u00f6ly suurin m\u00e4\u00e4rin ihokosketuksessa. CAS: 7631-86-9","robots":{"index":"index","follow":"follow","max-snippet":"max-snippet:-1","max-image-preview":"max-image-preview:large","max-video-preview":"max-video-preview:-1"},"canonical":"https:\/\/masterchem.ee\/fi\/tooted-ja-teenused\/silikageeli\/","twitter_card":"summary_large_image","twitter_title":"Silikageeli (CAS 7631-86-9) - Chemistry For Industry - Solvents &amp; Chemicals - Masterchem.ee","twitter_description":"Olomuodoltaan se on geeli-nimest\u00e4\u00e4n huolimatta kiinte\u00e4\u00e4 ja kovaa. Silikageeli esiintyy puhtaana yhdisteen\u00e4 hajuttomina, mauttomina, myrkytt\u00f6min\u00e4[2], l\u00e4pin\u00e4kyvin\u00e4 ja py\u00f6re\u00e4hk\u00f6in\u00e4 rakeina, jotka eiv\u00e4t ole vesiliukoisia[3]. Aine voi kuitenkin olla \u00e4rsytt\u00e4v\u00e4 nieltyn\u00e4, joutuessaan silmiin tai p\u00f6ly suurin m\u00e4\u00e4rin ihokosketuksessa. CAS: 7631-86-9","twitter_image":"https:\/\/masterchem.ee\/wp-content\/uploads\/2018\/02\/Silica-Gel.jpg","schema":{"@context":"https:\/\/schema.org","@graph":[{"@type":"WebPage","@id":"https:\/\/masterchem.ee\/fi\/tooted-ja-teenused\/silikageeli\/","url":"https:\/\/masterchem.ee\/fi\/tooted-ja-teenused\/silikageeli\/","name":"Silikageeli (CAS 7631-86-9) - Chemistry For Industry - Solvents &amp; Chemicals - Masterchem.ee","isPartOf":{"@id":"https:\/\/masterchem.ee\/fi\/#website"},"primaryImageOfPage":{"@id":"https:\/\/masterchem.ee\/fi\/tooted-ja-teenused\/silikageeli\/#primaryimage"},"image":{"@id":"https:\/\/masterchem.ee\/fi\/tooted-ja-teenused\/silikageeli\/#primaryimage"},"thumbnailUrl":"https:\/\/masterchem.ee\/wp-content\/uploads\/2018\/02\/Silica-Gel.jpg","datePublished":"2018-02-28T18:07:15+00:00","dateModified":"2021-05-25T21:56:08+00:00","description":"Olomuodoltaan se on geeli-nimest\u00e4\u00e4n huolimatta kiinte\u00e4\u00e4 ja kovaa. Silikageeli esiintyy puhtaana yhdisteen\u00e4 hajuttomina, mauttomina, myrkytt\u00f6min\u00e4[2], l\u00e4pin\u00e4kyvin\u00e4 ja py\u00f6re\u00e4hk\u00f6in\u00e4 rakeina, jotka eiv\u00e4t ole vesiliukoisia[3]. Aine voi kuitenkin olla \u00e4rsytt\u00e4v\u00e4 nieltyn\u00e4, joutuessaan silmiin tai p\u00f6ly suurin m\u00e4\u00e4rin ihokosketuksessa. CAS: 7631-86-9","breadcrumb":{"@id":"https:\/\/masterchem.ee\/fi\/tooted-ja-teenused\/silikageeli\/#breadcrumb"},"inLanguage":"fi","potentialAction":[{"@type":"ReadAction","target":["https:\/\/masterchem.ee\/fi\/tooted-ja-teenused\/silikageeli\/"]}]},{"@type":"ImageObject","inLanguage":"fi","@id":"https:\/\/masterchem.ee\/fi\/tooted-ja-teenused\/silikageeli\/#primaryimage","url":"https:\/\/masterchem.ee\/wp-content\/uploads\/2018\/02\/Silica-Gel.jpg","contentUrl":"https:\/\/masterchem.ee\/wp-content\/uploads\/2018\/02\/Silica-Gel.jpg","width":423,"height":423},{"@type":"BreadcrumbList","@id":"https:\/\/masterchem.ee\/fi\/tooted-ja-teenused\/silikageeli\/#breadcrumb","itemListElement":[{"@type":"ListItem","position":1,"name":"Home","item":"https:\/\/masterchem.ee\/fi\/"},{"@type":"ListItem","position":2,"name":"Tooted ja teenused","item":"https:\/\/masterchem.ee\/tooted-ja-teenused\/"},{"@type":"ListItem","position":3,"name":"Silikageeli (CAS 7631-86-9)"}]},{"@type":"WebSite","@id":"https:\/\/masterchem.ee\/fi\/#website","url":"https:\/\/masterchem.ee\/fi\/","name":"Masterchem.ee","description":"Chemistry For Industry - Solvents &amp; Chemicals","publisher":{"@id":"https:\/\/masterchem.ee\/fi\/#organization"},"potentialAction":[{"@type":"SearchAction","target":{"@type":"EntryPoint","urlTemplate":"https:\/\/masterchem.ee\/fi\/?s={search_term_string}"},"query-input":{"@type":"PropertyValueSpecification","valueRequired":true,"valueName":"search_term_string"}}],"inLanguage":"fi"},{"@type":"Organization","@id":"https:\/\/masterchem.ee\/fi\/#organization","name":"Masterchem","url":"https:\/\/masterchem.ee\/fi\/","logo":{"@type":"ImageObject","inLanguage":"fi","@id":"https:\/\/masterchem.ee\/fi\/#\/schema\/logo\/image\/","url":"https:\/\/masterchem.ee\/wp-content\/uploads\/2018\/02\/master-chem_final-1.png","contentUrl":"https:\/\/masterchem.ee\/wp-content\/uploads\/2018\/02\/master-chem_final-1.png","width":850,"height":356,"caption":"Masterchem"},"image":{"@id":"https:\/\/masterchem.ee\/fi\/#\/schema\/logo\/image\/"}}]}},"_links":{"self":[{"href":"https:\/\/masterchem.ee\/fi\/wp-json\/wp\/v2\/product\/828","targetHints":{"allow":["GET"]}}],"collection":[{"href":"https:\/\/masterchem.ee\/fi\/wp-json\/wp\/v2\/product"}],"about":[{"href":"https:\/\/masterchem.ee\/fi\/wp-json\/wp\/v2\/types\/product"}],"wp:featuredmedia":[{"embeddable":true,"href":"https:\/\/masterchem.ee\/fi\/wp-json\/wp\/v2\/media\/11499"}],"wp:attachment":[{"href":"https:\/\/masterchem.ee\/fi\/wp-json\/wp\/v2\/media?parent=828"}],"wp:term":[{"taxonomy":"product_brand","embeddable":true,"href":"https:\/\/masterchem.ee\/fi\/wp-json\/wp\/v2\/product_brand?post=828"},{"taxonomy":"product_cat","embeddable":true,"href":"https:\/\/masterchem.ee\/fi\/wp-json\/wp\/v2\/product_cat?post=828"},{"taxonomy":"product_tag","embeddable":true,"href":"https:\/\/masterchem.ee\/fi\/wp-json\/wp\/v2\/product_tag?post=828"}],"curies":[{"name":"wp","href":"https:\/\/api.w.org\/{rel}","templated":true}]}}