{"id":8267,"date":"2020-08-25T04:49:19","date_gmt":"2020-08-25T04:49:22","guid":{"rendered":"https:\/\/masterchem.ee\/?post_type=product&#038;p=8267"},"modified":"2021-06-27T12:54:34","modified_gmt":"2021-06-27T12:54:34","slug":"butanoli","status":"publish","type":"product","link":"https:\/\/masterchem.ee\/fi\/tooted-ja-teenused\/butanoli\/","title":{"rendered":"Butanoli (CAS 71-36-3)"},"content":{"rendered":"<p><strong>Fyysiset ominaisuudet<\/strong><br \/>\nmolekyylipaino &#8211; 74,12 g \/ mol,<br \/>\ntiheys &#8211; 0,81 g \/ cm3.<br \/>\nL\u00e4mp\u00f6ominaisuudet:<br \/>\nSulamispiste -90,2 \u00b0 C,<br \/>\nkiehumispiste 117,4 \u00b0 C,<br \/>\nleimahduspiste 34 \u00b0 C<br \/>\nitsesyttymisl\u00e4mp\u00f6tila 345 \u00b0 C,<br \/>\nj\u00e4\u00e4tymispiste -115,67 \u00b0 C.<br \/>\nKemiallinen kaava: C4H9OH<\/p>\n","protected":false},"excerpt":{"rendered":"<p><strong>Muut nimet: butanoli, butyylialkoholi<\/strong><br \/>\n<strong>Kuvaus:<\/strong><br \/>\nButanoli (butyylialkoholi) on tuskin havaittavissa oleva \u00f6ljyinen neste. V\u00e4rit\u00f6n ja kirkkaan, hyvin ilmaistun rungon \u00f6ljyhaju. Sekoittuu muiden orgaanisten liuottimien kanssa. Toisin kuin muut alkoholit, liukenee hieman veteen (7,6 g \/ 100 g)<br \/>\n<strong>K\u00e4ytt\u00f6 ja k\u00e4ytt\u00f6:<\/strong><br \/>\nT\u00e4m\u00e4n yhdisteen ainutlaatuinen molekyylikaava, fysikaaliset ominaisuudet ja kemialliset ominaisuudet m\u00e4\u00e4r\u00e4\u00e4v\u00e4t sen k\u00e4yt\u00f6n laajuuden useissa teht\u00e4viss\u00e4 l\u00e4\u00e4ke-, kevyt-, kemian- ja muilla teollisuudenaloilla. Erilaiset butanoli-isomeerit osallistuvat eri suuntiin (primaariset, sekund\u00e4\u00e4riset ja terti\u00e4\u00e4riset butyylialkoholit, normaalit isobutanolit). Ensisijaista butanolia k\u00e4ytet\u00e4\u00e4n maalien ja lakkojen (lakat, maalit, kuivaus\u00f6ljyt), alkaloidien, hartsien, pehmittimien, kumien ja kasvi\u00f6ljyjen liuottamiseen. Sen osallistumalla syntyy dibutyylibentseeni-1,2-dikarbonaatti, tributyylifosforihappoesteri, butyyliasetaatti ja butyyliakryylihappoesteri. Sen k\u00e4ytt\u00f6\u00e4 suositellaan my\u00f6s tekonahalle, tekstiileille, kest\u00e4ville iskunkest\u00e4ville lasille, valokuvafilmeille ja hajusteille.<\/p>\n<p>CAS: 71-36-3<\/p>\n","protected":false},"featured_media":8311,"template":"","meta":[],"product_brand":[],"product_cat":[180,120,122],"product_tag":[],"class_list":{"0":"post-8267","1":"product","2":"type-product","3":"status-publish","4":"has-post-thumbnail","6":"product_cat-uncategorized-fi-2","7":"product_cat-laaketeollisuus","8":"product_cat-teollisuuskemikaalit","9":"pif-has-gallery","11":"first","12":"instock","13":"taxable","14":"shipping-taxable","15":"purchasable","16":"product-type-variable","17":"has-default-attributes"},"yoast_head":"<!-- This site is optimized with the Yoast SEO plugin v26.2 - https:\/\/yoast.com\/wordpress\/plugins\/seo\/ -->\n<title>Butanoli (CAS 71-36-3) - Chemistry For Industry - Solvents &amp; Chemicals - Masterchem.ee<\/title>\n<meta name=\"description\" content=\"Butanoli (butyylialkoholi) on tuskin havaittavissa oleva \u00f6ljyinen neste. V\u00e4rit\u00f6n ja kirkkaan, hyvin ilmaistun rungon \u00f6ljyhaju. Sekoittuu muiden orgaanisten liuottimien kanssa. Toisin kuin muut alkoholit, liukenee hieman veteen (7,6 g \/ 100 g). CAS: 71-36-3\" \/>\n<meta name=\"robots\" content=\"index, follow, max-snippet:-1, max-image-preview:large, max-video-preview:-1\" \/>\n<link rel=\"canonical\" href=\"https:\/\/masterchem.ee\/fi\/tooted-ja-teenused\/butanoli\/\" \/>\n<meta name=\"twitter:card\" content=\"summary_large_image\" \/>\n<meta name=\"twitter:title\" content=\"Butanoli (CAS 71-36-3) - Chemistry For Industry - Solvents &amp; Chemicals - Masterchem.ee\" \/>\n<meta name=\"twitter:description\" content=\"Butanoli (butyylialkoholi) on tuskin havaittavissa oleva \u00f6ljyinen neste. V\u00e4rit\u00f6n ja kirkkaan, hyvin ilmaistun rungon \u00f6ljyhaju. Sekoittuu muiden orgaanisten liuottimien kanssa. Toisin kuin muut alkoholit, liukenee hieman veteen (7,6 g \/ 100 g). CAS: 71-36-3\" \/>\n<meta name=\"twitter:image\" content=\"https:\/\/masterchem.ee\/wp-content\/uploads\/2020\/08\/Butanool-1000l-MaterChem.jpg\" \/>\n<script type=\"application\/ld+json\" class=\"yoast-schema-graph\">{\"@context\":\"https:\/\/schema.org\",\"@graph\":[{\"@type\":\"WebPage\",\"@id\":\"https:\/\/masterchem.ee\/fi\/tooted-ja-teenused\/butanoli\/\",\"url\":\"https:\/\/masterchem.ee\/fi\/tooted-ja-teenused\/butanoli\/\",\"name\":\"Butanoli (CAS 71-36-3) - Chemistry For Industry - Solvents &amp; Chemicals - Masterchem.ee\",\"isPartOf\":{\"@id\":\"https:\/\/masterchem.ee\/fi\/#website\"},\"primaryImageOfPage\":{\"@id\":\"https:\/\/masterchem.ee\/fi\/tooted-ja-teenused\/butanoli\/#primaryimage\"},\"image\":{\"@id\":\"https:\/\/masterchem.ee\/fi\/tooted-ja-teenused\/butanoli\/#primaryimage\"},\"thumbnailUrl\":\"https:\/\/masterchem.ee\/wp-content\/uploads\/2020\/08\/Butanool-1000l-MaterChem.jpg\",\"datePublished\":\"2020-08-25T04:49:22+00:00\",\"dateModified\":\"2021-06-27T12:54:34+00:00\",\"description\":\"Butanoli (butyylialkoholi) on tuskin havaittavissa oleva \u00f6ljyinen neste. V\u00e4rit\u00f6n ja kirkkaan, hyvin ilmaistun rungon \u00f6ljyhaju. Sekoittuu muiden orgaanisten liuottimien kanssa. Toisin kuin muut alkoholit, liukenee hieman veteen (7,6 g \/ 100 g). CAS: 71-36-3\",\"breadcrumb\":{\"@id\":\"https:\/\/masterchem.ee\/fi\/tooted-ja-teenused\/butanoli\/#breadcrumb\"},\"inLanguage\":\"fi\",\"potentialAction\":[{\"@type\":\"ReadAction\",\"target\":[\"https:\/\/masterchem.ee\/fi\/tooted-ja-teenused\/butanoli\/\"]}]},{\"@type\":\"ImageObject\",\"inLanguage\":\"fi\",\"@id\":\"https:\/\/masterchem.ee\/fi\/tooted-ja-teenused\/butanoli\/#primaryimage\",\"url\":\"https:\/\/masterchem.ee\/wp-content\/uploads\/2020\/08\/Butanool-1000l-MaterChem.jpg\",\"contentUrl\":\"https:\/\/masterchem.ee\/wp-content\/uploads\/2020\/08\/Butanool-1000l-MaterChem.jpg\",\"width\":1000,\"height\":1000,\"caption\":\"Butanoli 1000l MaterChem\"},{\"@type\":\"BreadcrumbList\",\"@id\":\"https:\/\/masterchem.ee\/fi\/tooted-ja-teenused\/butanoli\/#breadcrumb\",\"itemListElement\":[{\"@type\":\"ListItem\",\"position\":1,\"name\":\"Home\",\"item\":\"https:\/\/masterchem.ee\/fi\/\"},{\"@type\":\"ListItem\",\"position\":2,\"name\":\"Tooted ja teenused\",\"item\":\"https:\/\/masterchem.ee\/tooted-ja-teenused\/\"},{\"@type\":\"ListItem\",\"position\":3,\"name\":\"Butanoli (CAS 71-36-3)\"}]},{\"@type\":\"WebSite\",\"@id\":\"https:\/\/masterchem.ee\/fi\/#website\",\"url\":\"https:\/\/masterchem.ee\/fi\/\",\"name\":\"Masterchem.ee\",\"description\":\"Chemistry For Industry - Solvents &amp; Chemicals\",\"publisher\":{\"@id\":\"https:\/\/masterchem.ee\/fi\/#organization\"},\"potentialAction\":[{\"@type\":\"SearchAction\",\"target\":{\"@type\":\"EntryPoint\",\"urlTemplate\":\"https:\/\/masterchem.ee\/fi\/?s={search_term_string}\"},\"query-input\":{\"@type\":\"PropertyValueSpecification\",\"valueRequired\":true,\"valueName\":\"search_term_string\"}}],\"inLanguage\":\"fi\"},{\"@type\":\"Organization\",\"@id\":\"https:\/\/masterchem.ee\/fi\/#organization\",\"name\":\"Masterchem\",\"url\":\"https:\/\/masterchem.ee\/fi\/\",\"logo\":{\"@type\":\"ImageObject\",\"inLanguage\":\"fi\",\"@id\":\"https:\/\/masterchem.ee\/fi\/#\/schema\/logo\/image\/\",\"url\":\"https:\/\/masterchem.ee\/wp-content\/uploads\/2018\/02\/master-chem_final-1.png\",\"contentUrl\":\"https:\/\/masterchem.ee\/wp-content\/uploads\/2018\/02\/master-chem_final-1.png\",\"width\":850,\"height\":356,\"caption\":\"Masterchem\"},\"image\":{\"@id\":\"https:\/\/masterchem.ee\/fi\/#\/schema\/logo\/image\/\"}}]}<\/script>\n<!-- \/ Yoast SEO plugin. -->","yoast_head_json":{"title":"Butanoli (CAS 71-36-3) - Chemistry For Industry - Solvents &amp; Chemicals - Masterchem.ee","description":"Butanoli (butyylialkoholi) on tuskin havaittavissa oleva \u00f6ljyinen neste. V\u00e4rit\u00f6n ja kirkkaan, hyvin ilmaistun rungon \u00f6ljyhaju. Sekoittuu muiden orgaanisten liuottimien kanssa. Toisin kuin muut alkoholit, liukenee hieman veteen (7,6 g \/ 100 g). CAS: 71-36-3","robots":{"index":"index","follow":"follow","max-snippet":"max-snippet:-1","max-image-preview":"max-image-preview:large","max-video-preview":"max-video-preview:-1"},"canonical":"https:\/\/masterchem.ee\/fi\/tooted-ja-teenused\/butanoli\/","twitter_card":"summary_large_image","twitter_title":"Butanoli (CAS 71-36-3) - Chemistry For Industry - Solvents &amp; Chemicals - Masterchem.ee","twitter_description":"Butanoli (butyylialkoholi) on tuskin havaittavissa oleva \u00f6ljyinen neste. V\u00e4rit\u00f6n ja kirkkaan, hyvin ilmaistun rungon \u00f6ljyhaju. Sekoittuu muiden orgaanisten liuottimien kanssa. Toisin kuin muut alkoholit, liukenee hieman veteen (7,6 g \/ 100 g). CAS: 71-36-3","twitter_image":"https:\/\/masterchem.ee\/wp-content\/uploads\/2020\/08\/Butanool-1000l-MaterChem.jpg","schema":{"@context":"https:\/\/schema.org","@graph":[{"@type":"WebPage","@id":"https:\/\/masterchem.ee\/fi\/tooted-ja-teenused\/butanoli\/","url":"https:\/\/masterchem.ee\/fi\/tooted-ja-teenused\/butanoli\/","name":"Butanoli (CAS 71-36-3) - Chemistry For Industry - Solvents &amp; Chemicals - Masterchem.ee","isPartOf":{"@id":"https:\/\/masterchem.ee\/fi\/#website"},"primaryImageOfPage":{"@id":"https:\/\/masterchem.ee\/fi\/tooted-ja-teenused\/butanoli\/#primaryimage"},"image":{"@id":"https:\/\/masterchem.ee\/fi\/tooted-ja-teenused\/butanoli\/#primaryimage"},"thumbnailUrl":"https:\/\/masterchem.ee\/wp-content\/uploads\/2020\/08\/Butanool-1000l-MaterChem.jpg","datePublished":"2020-08-25T04:49:22+00:00","dateModified":"2021-06-27T12:54:34+00:00","description":"Butanoli (butyylialkoholi) on tuskin havaittavissa oleva \u00f6ljyinen neste. V\u00e4rit\u00f6n ja kirkkaan, hyvin ilmaistun rungon \u00f6ljyhaju. Sekoittuu muiden orgaanisten liuottimien kanssa. Toisin kuin muut alkoholit, liukenee hieman veteen (7,6 g \/ 100 g). CAS: 71-36-3","breadcrumb":{"@id":"https:\/\/masterchem.ee\/fi\/tooted-ja-teenused\/butanoli\/#breadcrumb"},"inLanguage":"fi","potentialAction":[{"@type":"ReadAction","target":["https:\/\/masterchem.ee\/fi\/tooted-ja-teenused\/butanoli\/"]}]},{"@type":"ImageObject","inLanguage":"fi","@id":"https:\/\/masterchem.ee\/fi\/tooted-ja-teenused\/butanoli\/#primaryimage","url":"https:\/\/masterchem.ee\/wp-content\/uploads\/2020\/08\/Butanool-1000l-MaterChem.jpg","contentUrl":"https:\/\/masterchem.ee\/wp-content\/uploads\/2020\/08\/Butanool-1000l-MaterChem.jpg","width":1000,"height":1000,"caption":"Butanoli 1000l MaterChem"},{"@type":"BreadcrumbList","@id":"https:\/\/masterchem.ee\/fi\/tooted-ja-teenused\/butanoli\/#breadcrumb","itemListElement":[{"@type":"ListItem","position":1,"name":"Home","item":"https:\/\/masterchem.ee\/fi\/"},{"@type":"ListItem","position":2,"name":"Tooted ja teenused","item":"https:\/\/masterchem.ee\/tooted-ja-teenused\/"},{"@type":"ListItem","position":3,"name":"Butanoli (CAS 71-36-3)"}]},{"@type":"WebSite","@id":"https:\/\/masterchem.ee\/fi\/#website","url":"https:\/\/masterchem.ee\/fi\/","name":"Masterchem.ee","description":"Chemistry For Industry - Solvents &amp; Chemicals","publisher":{"@id":"https:\/\/masterchem.ee\/fi\/#organization"},"potentialAction":[{"@type":"SearchAction","target":{"@type":"EntryPoint","urlTemplate":"https:\/\/masterchem.ee\/fi\/?s={search_term_string}"},"query-input":{"@type":"PropertyValueSpecification","valueRequired":true,"valueName":"search_term_string"}}],"inLanguage":"fi"},{"@type":"Organization","@id":"https:\/\/masterchem.ee\/fi\/#organization","name":"Masterchem","url":"https:\/\/masterchem.ee\/fi\/","logo":{"@type":"ImageObject","inLanguage":"fi","@id":"https:\/\/masterchem.ee\/fi\/#\/schema\/logo\/image\/","url":"https:\/\/masterchem.ee\/wp-content\/uploads\/2018\/02\/master-chem_final-1.png","contentUrl":"https:\/\/masterchem.ee\/wp-content\/uploads\/2018\/02\/master-chem_final-1.png","width":850,"height":356,"caption":"Masterchem"},"image":{"@id":"https:\/\/masterchem.ee\/fi\/#\/schema\/logo\/image\/"}}]}},"_links":{"self":[{"href":"https:\/\/masterchem.ee\/fi\/wp-json\/wp\/v2\/product\/8267","targetHints":{"allow":["GET"]}}],"collection":[{"href":"https:\/\/masterchem.ee\/fi\/wp-json\/wp\/v2\/product"}],"about":[{"href":"https:\/\/masterchem.ee\/fi\/wp-json\/wp\/v2\/types\/product"}],"wp:featuredmedia":[{"embeddable":true,"href":"https:\/\/masterchem.ee\/fi\/wp-json\/wp\/v2\/media\/8311"}],"wp:attachment":[{"href":"https:\/\/masterchem.ee\/fi\/wp-json\/wp\/v2\/media?parent=8267"}],"wp:term":[{"taxonomy":"product_brand","embeddable":true,"href":"https:\/\/masterchem.ee\/fi\/wp-json\/wp\/v2\/product_brand?post=8267"},{"taxonomy":"product_cat","embeddable":true,"href":"https:\/\/masterchem.ee\/fi\/wp-json\/wp\/v2\/product_cat?post=8267"},{"taxonomy":"product_tag","embeddable":true,"href":"https:\/\/masterchem.ee\/fi\/wp-json\/wp\/v2\/product_tag?post=8267"}],"curies":[{"name":"wp","href":"https:\/\/api.w.org\/{rel}","templated":true}]}}