{"id":825,"date":"2018-02-28T18:05:57","date_gmt":"2018-02-28T18:05:57","guid":{"rendered":"https:\/\/masterchem.ee\/product\/propyleeniglykoli\/"},"modified":"2021-10-22T08:06:03","modified_gmt":"2021-10-22T08:06:03","slug":"propyleeniglykoli","status":"publish","type":"product","link":"https:\/\/masterchem.ee\/fi\/tooted-ja-teenused\/propyleeniglykoli\/","title":{"rendered":"Propyleeniglykoli (CAS 57-55-6)"},"content":{"rendered":"<p style=\"text-align: justify;\">Propyleeniglykolia k\u00e4ytet\u00e4\u00e4n 50\/50 suhteessa steriilin veden kanssa akryylipolymeeristen kiteiden tai Oasis -sienen kostuttamiseen humidoreissa k\u00e4ytett\u00e4viss\u00e4 kostuttimissa. Propyleeniglykoli auttaa est\u00e4m\u00e4\u00e4n liiallisen kosteuden humidorissa. Kosteuden laskiessa humidorissa alle n. 60\u00a0%, sieni tai kiteet alkavat luovuttaa kosteutta kunnes kosteusprosentti nousee takaisin n. 70 prosenttiin.<\/p>\n","protected":false},"excerpt":{"rendered":"<p style=\"text-align: left;\"><b>Muut nimet:\u00a0Propyleeniglykoli,\u00a01,2-propaanidioli<\/b><\/p>\n<p style=\"text-align: left;\"><b>Propyleeniglykoli<\/b>\u00a0on\u00a0<a title=\"Orgaaninen yhdiste\" href=\"https:\/\/fi.wikipedia.org\/wiki\/Orgaaninen_yhdiste\">orgaaninen yhdiste<\/a>\u00a0(<a title=\"Alkoholit\" href=\"https:\/\/fi.wikipedia.org\/wiki\/Alkoholit\">alkoholi<\/a>).<br \/>\n Sen\u00a0<a title=\"Kemiallinen kaava\" href=\"https:\/\/fi.wikipedia.org\/wiki\/Kemiallinen_kaava\">kemiallinen kaava<\/a>\u00a0on C<sub>3<\/sub>H<sub>8<\/sub>O<sub>2<\/sub>\u00a0ja\u00a0<a title=\"Rakennekaava\" href=\"https:\/\/fi.wikipedia.org\/wiki\/Rakennekaava\">rakennekaava<\/a>\u00a0on CH<sub>3<\/sub>CHOHCH<sub>2<\/sub>OH. Propyleeniglykolista k\u00e4ytet\u00e4\u00e4n my\u00f6s nimityksi\u00e4\u00a0<i>1,2-propaanidioli<\/i>,\u00a0<i>metyylietyleeniglykoli<\/i>\u00a0ja\u00a0<i>1,2-dihydroksipropaani<\/i>.<\/p>\n<p style=\"text-align: left;\">Propyleeniglykolin\u00a0<a title=\"Leimahduspiste\" href=\"https:\/\/fi.wikipedia.org\/wiki\/Leimahduspiste\">leimahduspiste<\/a>\u00a0on 99 \u00b0C (c.c.) ja 107 \u00b0C (o.c.). Kaupallisesti propyleeniglykolia valmistetaan\u00a0<a title=\"Vesi\" href=\"https:\/\/fi.wikipedia.org\/wiki\/Vesi\">veden<\/a>\u00a0ja\u00a0<a title=\"Propyleenioksidi\" href=\"https:\/\/fi.wikipedia.org\/wiki\/Propyleenioksidi\">propyleenioksidin<\/a>\u00a0reaktiolla.<\/p>\n<p style=\"text-align: left;\">Propyleeniglykolipohjaisia nesteit\u00e4 k\u00e4ytet\u00e4\u00e4n\u00a0<a class=\"mw-redirect\" title=\"Lentokentt\u00e4\" href=\"https:\/\/fi.wikipedia.org\/wiki\/Lentokentt%C3%A4\">lentokentill\u00e4<\/a>\u00a0<a title=\"Lentokone\" href=\"https:\/\/fi.wikipedia.org\/wiki\/Lentokone\">lentokoneiden<\/a>\u00a0<a class=\"mw-redirect\" title=\"Lentokoneiden j\u00e4\u00e4nesto ja -poistok\u00e4sittely\" href=\"https:\/\/fi.wikipedia.org\/wiki\/Lentokoneiden_j%C3%A4%C3%A4nesto_ja_-poistok%C3%A4sittely\">j\u00e4\u00e4npoistoon sek\u00e4 j\u00e4\u00e4nestoon<\/a>. L\u00e4mm\u00f6ntalteenottoj\u00e4rjestelmiss\u00e4 propyleeniglykolia k\u00e4ytet\u00e4\u00e4n l\u00e4mm\u00f6nsiirtonesteen\u00e4.\u00a0<a title=\"Auto\" href=\"https:\/\/fi.wikipedia.org\/wiki\/Auto\">Auton<\/a>\u00a0<a class=\"mw-redirect\" title=\"J\u00e4\u00e4hdytysneste\" href=\"https:\/\/fi.wikipedia.org\/wiki\/J%C3%A4%C3%A4hdytysneste\">j\u00e4\u00e4hdytysnesteen\u00e4<\/a>propyleeniglykolia k\u00e4ytet\u00e4\u00e4n erityisesti sellaisissa auton\u00a0<a title=\"Moottori\" href=\"https:\/\/fi.wikipedia.org\/wiki\/Moottori\">moottoreissa<\/a>, joissa on\u00a0<a title=\"Alumiini\" href=\"https:\/\/fi.wikipedia.org\/wiki\/Alumiini\">alumiinista<\/a>\u00a0valmistettuja osia. Ainetta k\u00e4ytet\u00e4\u00e4n\u00a0<a title=\"Nuuska\" href=\"https:\/\/fi.wikipedia.org\/wiki\/Nuuska\">nuuskan<\/a>\u00a0ja\u00a0<a title=\"Tupakka\" href=\"https:\/\/fi.wikipedia.org\/wiki\/Tupakka\">tupakan<\/a>\u00a0lis\u00e4aineena,\u00a0<a title=\"S\u00e4hk\u00f6tupakka\" href=\"https:\/\/fi.wikipedia.org\/wiki\/S%C3%A4hk%C3%B6tupakka\">s\u00e4hk\u00f6tupakan<\/a>\u00a0nesteiss\u00e4 sek\u00e4\u00a0<a title=\"Sikari\" href=\"https:\/\/fi.wikipedia.org\/wiki\/Sikari\">sikari<\/a><a title=\"Humidori\" href=\"https:\/\/fi.wikipedia.org\/wiki\/Humidori\">humidorin<\/a>\u00a0kosteuttimissa hyv\u00e4n kosteutta sitovan ominaisuutensa ansiosta. Aine toimii\u00a0<a title=\"Elintarvike\" href=\"https:\/\/fi.wikipedia.org\/wiki\/Elintarvike\">elintarvikkeissa<\/a>\u00a0<a title=\"Lis\u00e4aine\" href=\"https:\/\/fi.wikipedia.org\/wiki\/Lis%C3%A4aine\">lis\u00e4aineiden<\/a>\u00a0ja\u00a0<a title=\"Aromi\" href=\"https:\/\/fi.wikipedia.org\/wiki\/Aromi\">aromien<\/a>\u00a0kantaja-aineena. Propyleeniglykolin\u00a0<a title=\"E-koodi\" href=\"https:\/\/fi.wikipedia.org\/wiki\/E-koodi\">E-koodi<\/a>\u00a0on E1520.<\/p>\n<p style=\"text-align: left;\">\n<p>CAS: 57-55-6<\/p>\n","protected":false},"featured_media":7001,"template":"","meta":[],"product_brand":[],"product_cat":[180,109,115,294,117,120,323,351,114,290,307],"product_tag":[],"class_list":{"0":"post-825","1":"product","2":"type-product","3":"status-publish","4":"has-post-thumbnail","6":"product_cat-uncategorized-fi-2","7":"product_cat-anti-jaatymisnesteet","8":"product_cat-auton-ja-koneiden-kemikaalit","9":"product_cat-kosmetiikkateollisuus","10":"product_cat-kotitalouskemikaalit","11":"product_cat-laaketeollisuus","12":"product_cat-lannoitteet","13":"product_cat-puutarhanhoito","14":"product_cat-rakennusteollisuus","15":"product_cat-rehuteollisuus","16":"product_cat-ruokateollisuus","17":"pif-has-gallery","19":"first","20":"instock","21":"taxable","22":"shipping-taxable","23":"purchasable","24":"product-type-variable","25":"has-default-attributes"},"yoast_head":"<!-- This site is optimized with the Yoast SEO plugin v26.2 - https:\/\/yoast.com\/wordpress\/plugins\/seo\/ -->\n<title>Propyleeniglykoli (CAS 57-55-6) - Chemistry For Industry - Solvents &amp; Chemicals - Masterchem.ee<\/title>\n<meta name=\"description\" content=\"Propyleeniglykoli on orgaaninen yhdiste (alkoholi), joka on huoneenl\u00e4mm\u00f6ss\u00e4 (20 \u00b0C) olomuodoltaan v\u00e4rit\u00f6nt\u00e4, hajutonta, itseens\u00e4 kosteutta sitovaa (hygroskooppista) j\u00e4hme\u00e4\u00e4 nestett\u00e4. Sen kemiallinen kaava on C3H8O2 ja rakennekaava on CH3CHOHCH2OH. Propyleeniglykolista k\u00e4ytet\u00e4\u00e4n my\u00f6s nimityksi\u00e4 1,2-propaanidioli, metyylietyleeniglykoli ja 1,2-dihydroksipropaani. CAS: 57-55-6\" \/>\n<meta name=\"robots\" content=\"index, follow, max-snippet:-1, max-image-preview:large, max-video-preview:-1\" \/>\n<link rel=\"canonical\" href=\"https:\/\/masterchem.ee\/fi\/tooted-ja-teenused\/propyleeniglykoli\/\" \/>\n<meta name=\"twitter:card\" content=\"summary_large_image\" \/>\n<meta name=\"twitter:title\" content=\"Propyleeniglykoli (CAS 57-55-6) - Chemistry For Industry - Solvents &amp; Chemicals - Masterchem.ee\" \/>\n<meta name=\"twitter:description\" content=\"Propyleeniglykoli on orgaaninen yhdiste (alkoholi), joka on huoneenl\u00e4mm\u00f6ss\u00e4 (20 \u00b0C) olomuodoltaan v\u00e4rit\u00f6nt\u00e4, hajutonta, itseens\u00e4 kosteutta sitovaa (hygroskooppista) j\u00e4hme\u00e4\u00e4 nestett\u00e4. Sen kemiallinen kaava on C3H8O2 ja rakennekaava on CH3CHOHCH2OH. Propyleeniglykolista k\u00e4ytet\u00e4\u00e4n my\u00f6s nimityksi\u00e4 1,2-propaanidioli, metyylietyleeniglykoli ja 1,2-dihydroksipropaani. CAS: 57-55-6\" \/>\n<meta name=\"twitter:image\" content=\"https:\/\/masterchem.ee\/wp-content\/uploads\/2018\/02\/PROPYLENE-GLYCOL-1000l-MasterChem.jpg\" \/>\n<script type=\"application\/ld+json\" class=\"yoast-schema-graph\">{\"@context\":\"https:\/\/schema.org\",\"@graph\":[{\"@type\":\"WebPage\",\"@id\":\"https:\/\/masterchem.ee\/fi\/tooted-ja-teenused\/propyleeniglykoli\/\",\"url\":\"https:\/\/masterchem.ee\/fi\/tooted-ja-teenused\/propyleeniglykoli\/\",\"name\":\"Propyleeniglykoli (CAS 57-55-6) - Chemistry For Industry - Solvents &amp; Chemicals - Masterchem.ee\",\"isPartOf\":{\"@id\":\"https:\/\/masterchem.ee\/fi\/#website\"},\"primaryImageOfPage\":{\"@id\":\"https:\/\/masterchem.ee\/fi\/tooted-ja-teenused\/propyleeniglykoli\/#primaryimage\"},\"image\":{\"@id\":\"https:\/\/masterchem.ee\/fi\/tooted-ja-teenused\/propyleeniglykoli\/#primaryimage\"},\"thumbnailUrl\":\"https:\/\/masterchem.ee\/wp-content\/uploads\/2018\/02\/PROPYLENE-GLYCOL-1000l-MasterChem.jpg\",\"datePublished\":\"2018-02-28T18:05:57+00:00\",\"dateModified\":\"2021-10-22T08:06:03+00:00\",\"description\":\"Propyleeniglykoli on orgaaninen yhdiste (alkoholi), joka on huoneenl\u00e4mm\u00f6ss\u00e4 (20 \u00b0C) olomuodoltaan v\u00e4rit\u00f6nt\u00e4, hajutonta, itseens\u00e4 kosteutta sitovaa (hygroskooppista) j\u00e4hme\u00e4\u00e4 nestett\u00e4. Sen kemiallinen kaava on C3H8O2 ja rakennekaava on CH3CHOHCH2OH. Propyleeniglykolista k\u00e4ytet\u00e4\u00e4n my\u00f6s nimityksi\u00e4 1,2-propaanidioli, metyylietyleeniglykoli ja 1,2-dihydroksipropaani. CAS: 57-55-6\",\"breadcrumb\":{\"@id\":\"https:\/\/masterchem.ee\/fi\/tooted-ja-teenused\/propyleeniglykoli\/#breadcrumb\"},\"inLanguage\":\"fi\",\"potentialAction\":[{\"@type\":\"ReadAction\",\"target\":[\"https:\/\/masterchem.ee\/fi\/tooted-ja-teenused\/propyleeniglykoli\/\"]}]},{\"@type\":\"ImageObject\",\"inLanguage\":\"fi\",\"@id\":\"https:\/\/masterchem.ee\/fi\/tooted-ja-teenused\/propyleeniglykoli\/#primaryimage\",\"url\":\"https:\/\/masterchem.ee\/wp-content\/uploads\/2018\/02\/PROPYLENE-GLYCOL-1000l-MasterChem.jpg\",\"contentUrl\":\"https:\/\/masterchem.ee\/wp-content\/uploads\/2018\/02\/PROPYLENE-GLYCOL-1000l-MasterChem.jpg\",\"width\":1000,\"height\":1000,\"caption\":\"PROPYLENE GLYCOL 1000l MasterChem\"},{\"@type\":\"BreadcrumbList\",\"@id\":\"https:\/\/masterchem.ee\/fi\/tooted-ja-teenused\/propyleeniglykoli\/#breadcrumb\",\"itemListElement\":[{\"@type\":\"ListItem\",\"position\":1,\"name\":\"Home\",\"item\":\"https:\/\/masterchem.ee\/fi\/\"},{\"@type\":\"ListItem\",\"position\":2,\"name\":\"Tooted ja teenused\",\"item\":\"https:\/\/masterchem.ee\/tooted-ja-teenused\/\"},{\"@type\":\"ListItem\",\"position\":3,\"name\":\"Propyleeniglykoli (CAS 57-55-6)\"}]},{\"@type\":\"WebSite\",\"@id\":\"https:\/\/masterchem.ee\/fi\/#website\",\"url\":\"https:\/\/masterchem.ee\/fi\/\",\"name\":\"Masterchem.ee\",\"description\":\"Chemistry For Industry - Solvents &amp; Chemicals\",\"publisher\":{\"@id\":\"https:\/\/masterchem.ee\/fi\/#organization\"},\"potentialAction\":[{\"@type\":\"SearchAction\",\"target\":{\"@type\":\"EntryPoint\",\"urlTemplate\":\"https:\/\/masterchem.ee\/fi\/?s={search_term_string}\"},\"query-input\":{\"@type\":\"PropertyValueSpecification\",\"valueRequired\":true,\"valueName\":\"search_term_string\"}}],\"inLanguage\":\"fi\"},{\"@type\":\"Organization\",\"@id\":\"https:\/\/masterchem.ee\/fi\/#organization\",\"name\":\"Masterchem\",\"url\":\"https:\/\/masterchem.ee\/fi\/\",\"logo\":{\"@type\":\"ImageObject\",\"inLanguage\":\"fi\",\"@id\":\"https:\/\/masterchem.ee\/fi\/#\/schema\/logo\/image\/\",\"url\":\"https:\/\/masterchem.ee\/wp-content\/uploads\/2018\/02\/master-chem_final-1.png\",\"contentUrl\":\"https:\/\/masterchem.ee\/wp-content\/uploads\/2018\/02\/master-chem_final-1.png\",\"width\":850,\"height\":356,\"caption\":\"Masterchem\"},\"image\":{\"@id\":\"https:\/\/masterchem.ee\/fi\/#\/schema\/logo\/image\/\"}}]}<\/script>\n<!-- \/ Yoast SEO plugin. -->","yoast_head_json":{"title":"Propyleeniglykoli (CAS 57-55-6) - Chemistry For Industry - Solvents &amp; Chemicals - Masterchem.ee","description":"Propyleeniglykoli on orgaaninen yhdiste (alkoholi), joka on huoneenl\u00e4mm\u00f6ss\u00e4 (20 \u00b0C) olomuodoltaan v\u00e4rit\u00f6nt\u00e4, hajutonta, itseens\u00e4 kosteutta sitovaa (hygroskooppista) j\u00e4hme\u00e4\u00e4 nestett\u00e4. Sen kemiallinen kaava on C3H8O2 ja rakennekaava on CH3CHOHCH2OH. Propyleeniglykolista k\u00e4ytet\u00e4\u00e4n my\u00f6s nimityksi\u00e4 1,2-propaanidioli, metyylietyleeniglykoli ja 1,2-dihydroksipropaani. CAS: 57-55-6","robots":{"index":"index","follow":"follow","max-snippet":"max-snippet:-1","max-image-preview":"max-image-preview:large","max-video-preview":"max-video-preview:-1"},"canonical":"https:\/\/masterchem.ee\/fi\/tooted-ja-teenused\/propyleeniglykoli\/","twitter_card":"summary_large_image","twitter_title":"Propyleeniglykoli (CAS 57-55-6) - Chemistry For Industry - Solvents &amp; Chemicals - Masterchem.ee","twitter_description":"Propyleeniglykoli on orgaaninen yhdiste (alkoholi), joka on huoneenl\u00e4mm\u00f6ss\u00e4 (20 \u00b0C) olomuodoltaan v\u00e4rit\u00f6nt\u00e4, hajutonta, itseens\u00e4 kosteutta sitovaa (hygroskooppista) j\u00e4hme\u00e4\u00e4 nestett\u00e4. Sen kemiallinen kaava on C3H8O2 ja rakennekaava on CH3CHOHCH2OH. Propyleeniglykolista k\u00e4ytet\u00e4\u00e4n my\u00f6s nimityksi\u00e4 1,2-propaanidioli, metyylietyleeniglykoli ja 1,2-dihydroksipropaani. CAS: 57-55-6","twitter_image":"https:\/\/masterchem.ee\/wp-content\/uploads\/2018\/02\/PROPYLENE-GLYCOL-1000l-MasterChem.jpg","schema":{"@context":"https:\/\/schema.org","@graph":[{"@type":"WebPage","@id":"https:\/\/masterchem.ee\/fi\/tooted-ja-teenused\/propyleeniglykoli\/","url":"https:\/\/masterchem.ee\/fi\/tooted-ja-teenused\/propyleeniglykoli\/","name":"Propyleeniglykoli (CAS 57-55-6) - Chemistry For Industry - Solvents &amp; Chemicals - Masterchem.ee","isPartOf":{"@id":"https:\/\/masterchem.ee\/fi\/#website"},"primaryImageOfPage":{"@id":"https:\/\/masterchem.ee\/fi\/tooted-ja-teenused\/propyleeniglykoli\/#primaryimage"},"image":{"@id":"https:\/\/masterchem.ee\/fi\/tooted-ja-teenused\/propyleeniglykoli\/#primaryimage"},"thumbnailUrl":"https:\/\/masterchem.ee\/wp-content\/uploads\/2018\/02\/PROPYLENE-GLYCOL-1000l-MasterChem.jpg","datePublished":"2018-02-28T18:05:57+00:00","dateModified":"2021-10-22T08:06:03+00:00","description":"Propyleeniglykoli on orgaaninen yhdiste (alkoholi), joka on huoneenl\u00e4mm\u00f6ss\u00e4 (20 \u00b0C) olomuodoltaan v\u00e4rit\u00f6nt\u00e4, hajutonta, itseens\u00e4 kosteutta sitovaa (hygroskooppista) j\u00e4hme\u00e4\u00e4 nestett\u00e4. Sen kemiallinen kaava on C3H8O2 ja rakennekaava on CH3CHOHCH2OH. Propyleeniglykolista k\u00e4ytet\u00e4\u00e4n my\u00f6s nimityksi\u00e4 1,2-propaanidioli, metyylietyleeniglykoli ja 1,2-dihydroksipropaani. CAS: 57-55-6","breadcrumb":{"@id":"https:\/\/masterchem.ee\/fi\/tooted-ja-teenused\/propyleeniglykoli\/#breadcrumb"},"inLanguage":"fi","potentialAction":[{"@type":"ReadAction","target":["https:\/\/masterchem.ee\/fi\/tooted-ja-teenused\/propyleeniglykoli\/"]}]},{"@type":"ImageObject","inLanguage":"fi","@id":"https:\/\/masterchem.ee\/fi\/tooted-ja-teenused\/propyleeniglykoli\/#primaryimage","url":"https:\/\/masterchem.ee\/wp-content\/uploads\/2018\/02\/PROPYLENE-GLYCOL-1000l-MasterChem.jpg","contentUrl":"https:\/\/masterchem.ee\/wp-content\/uploads\/2018\/02\/PROPYLENE-GLYCOL-1000l-MasterChem.jpg","width":1000,"height":1000,"caption":"PROPYLENE GLYCOL 1000l MasterChem"},{"@type":"BreadcrumbList","@id":"https:\/\/masterchem.ee\/fi\/tooted-ja-teenused\/propyleeniglykoli\/#breadcrumb","itemListElement":[{"@type":"ListItem","position":1,"name":"Home","item":"https:\/\/masterchem.ee\/fi\/"},{"@type":"ListItem","position":2,"name":"Tooted ja teenused","item":"https:\/\/masterchem.ee\/tooted-ja-teenused\/"},{"@type":"ListItem","position":3,"name":"Propyleeniglykoli (CAS 57-55-6)"}]},{"@type":"WebSite","@id":"https:\/\/masterchem.ee\/fi\/#website","url":"https:\/\/masterchem.ee\/fi\/","name":"Masterchem.ee","description":"Chemistry For Industry - Solvents &amp; Chemicals","publisher":{"@id":"https:\/\/masterchem.ee\/fi\/#organization"},"potentialAction":[{"@type":"SearchAction","target":{"@type":"EntryPoint","urlTemplate":"https:\/\/masterchem.ee\/fi\/?s={search_term_string}"},"query-input":{"@type":"PropertyValueSpecification","valueRequired":true,"valueName":"search_term_string"}}],"inLanguage":"fi"},{"@type":"Organization","@id":"https:\/\/masterchem.ee\/fi\/#organization","name":"Masterchem","url":"https:\/\/masterchem.ee\/fi\/","logo":{"@type":"ImageObject","inLanguage":"fi","@id":"https:\/\/masterchem.ee\/fi\/#\/schema\/logo\/image\/","url":"https:\/\/masterchem.ee\/wp-content\/uploads\/2018\/02\/master-chem_final-1.png","contentUrl":"https:\/\/masterchem.ee\/wp-content\/uploads\/2018\/02\/master-chem_final-1.png","width":850,"height":356,"caption":"Masterchem"},"image":{"@id":"https:\/\/masterchem.ee\/fi\/#\/schema\/logo\/image\/"}}]}},"_links":{"self":[{"href":"https:\/\/masterchem.ee\/fi\/wp-json\/wp\/v2\/product\/825","targetHints":{"allow":["GET"]}}],"collection":[{"href":"https:\/\/masterchem.ee\/fi\/wp-json\/wp\/v2\/product"}],"about":[{"href":"https:\/\/masterchem.ee\/fi\/wp-json\/wp\/v2\/types\/product"}],"wp:featuredmedia":[{"embeddable":true,"href":"https:\/\/masterchem.ee\/fi\/wp-json\/wp\/v2\/media\/7001"}],"wp:attachment":[{"href":"https:\/\/masterchem.ee\/fi\/wp-json\/wp\/v2\/media?parent=825"}],"wp:term":[{"taxonomy":"product_brand","embeddable":true,"href":"https:\/\/masterchem.ee\/fi\/wp-json\/wp\/v2\/product_brand?post=825"},{"taxonomy":"product_cat","embeddable":true,"href":"https:\/\/masterchem.ee\/fi\/wp-json\/wp\/v2\/product_cat?post=825"},{"taxonomy":"product_tag","embeddable":true,"href":"https:\/\/masterchem.ee\/fi\/wp-json\/wp\/v2\/product_tag?post=825"}],"curies":[{"name":"wp","href":"https:\/\/api.w.org\/{rel}","templated":true}]}}