{"id":8238,"date":"2020-08-24T16:22:09","date_gmt":"2020-08-24T16:22:10","guid":{"rendered":"https:\/\/masterchem.ee\/?post_type=product&#038;p=8238"},"modified":"2021-06-16T12:25:12","modified_gmt":"2021-06-16T12:25:12","slug":"kaustinen-sooda","status":"publish","type":"product","link":"https:\/\/masterchem.ee\/fi\/tooted-ja-teenused\/kaustinen-sooda\/","title":{"rendered":"Kaustinen sooda (CAS 1310-73-2)"},"content":{"rendered":"<p><strong>Kaustisen soodan k\u00e4ytt\u00f6:<\/strong><br \/>\nKaustista k\u00e4ytet\u00e4\u00e4n biodieselin valmistukseen &#8211; johdetaan kasvi\u00f6ljyist\u00e4 ja k\u00e4ytet\u00e4\u00e4n korvaamaan tavanomainen dieselpolttoaine.<br \/>\nAineena viem\u00e4riverkkojen tukosten liuottamiseksi kuivien rakeiden muodossa tai geelein\u00e4. Kaustinen sooda hajottaa tukkeuman ja tekee siit\u00e4 helpon liikkumisen edelleen putkea pitkin.<br \/>\nS\u00e4ili\u00f6iden ja putkistojen peruspesu elintarviketeollisuudessa, py\u00f6re\u00e4 pesu. Kaustista k\u00e4ytet\u00e4\u00e4n laajalti my\u00f6s tekstiili- ja paperiteollisuudessa.<\/p>\n<p><strong>Pakkaus:<\/strong><br \/>\n<strong>25 kg laukku<\/strong><br \/>\n<strong>1000 kg iso laukku<\/strong><\/p>\n<p><strong>Fysikaalis-kemialliset ominaisuudet:<\/strong><br \/>\nkaustinen sooda Masterchem on valkoinen kiteinen yhdiste, voi olla kuin rakeita tai hiutaleita.<br \/>\nLiukenee hyvin veteen, vapauttaen paljon l\u00e4mp\u00f6\u00e4.<br \/>\n<strong>Hygroskooppinen.<\/strong><br \/>\n<strong>j\u00e4\u00e4tymispiste: 323 \u00b0 C<\/strong><br \/>\n<strong>kiehumispiste: 1388 \u00b0 C<\/strong><br \/>\n<strong>V\u00e4ri valkoinen<\/strong><br \/>\n<strong>Haju: hajuton<\/strong><\/p>\n","protected":false},"excerpt":{"rendered":"<p><strong>Lipe\u00e4, natriumhydroksidi ja natronlipe\u00e4 CAS 1310-73-2<\/strong><br \/>\nKaustinen sooda on yleisin alkali, NaOH: n kemiallinen kaava.<br \/>\nlipe\u00e4 on kemiallisen synteesin tuote, sellaista ainetta ei ole luonnossa.<br \/>\nRasvojen ja proteiinien liukeneminen on t\u00e4rke\u00e4 ominaisuus natronlipe\u00e4, jota k\u00e4ytet\u00e4\u00e4n teollisuudessa ja my\u00f6s kotitalouksien puhdistusaineissa.<br \/>\n<strong>EC 215-185-5<\/strong><br \/>\n<strong>INDEX 011-002-00-6<\/strong><\/p>\n<p><a target=\"_blank\" href=\"https:\/\/masterchem.ee\/wp-content\/uploads\/2020\/08\/NaOH-TDS-EN-MasterChem.pdf\" class=\"pdf\" alt=\"Tuotteen kuvaus (TDS)\" title=\"Tuotteen kuvaus (TDS)\" rel=\"noopener\">Tuotteen kuvaus (TDS)<\/a><\/p>\n","protected":false},"featured_media":8247,"template":"","meta":[],"product_brand":[],"product_cat":[180,109,294,117,120,323,258,114,154,152,227],"product_tag":[],"class_list":{"0":"post-8238","1":"product","2":"type-product","3":"status-publish","4":"has-post-thumbnail","6":"product_cat-uncategorized-fi-2","7":"product_cat-anti-jaatymisnesteet","8":"product_cat-kosmetiikkateollisuus","9":"product_cat-kotitalouskemikaalit","10":"product_cat-laaketeollisuus","11":"product_cat-lannoitteet","12":"product_cat-muovi-fi","13":"product_cat-rakennusteollisuus","14":"product_cat-tien-maalaus","15":"product_cat-tipografiset-kemikaalit","16":"product_cat-uncategorised-fi","17":"pif-has-gallery","19":"first","20":"instock","21":"taxable","22":"shipping-taxable","23":"purchasable","24":"product-type-variable","25":"has-default-attributes"},"yoast_head":"<!-- This site is optimized with the Yoast SEO plugin v26.2 - https:\/\/yoast.com\/wordpress\/plugins\/seo\/ -->\n<title>Kaustinen sooda (CAS 1310-73-2) - Chemistry For Industry - Solvents &amp; Chemicals - Masterchem.ee<\/title>\n<meta name=\"description\" content=\"Kaustinen sooda on yleisin alkali, NaOH: n kemiallinen kaava. lipe\u00e4 on kemiallisen synteesin tuote, sellaista ainetta ei ole luonnossa. CAS: 1310-73-2\" \/>\n<meta name=\"robots\" content=\"index, follow, max-snippet:-1, max-image-preview:large, max-video-preview:-1\" \/>\n<link rel=\"canonical\" href=\"https:\/\/masterchem.ee\/fi\/tooted-ja-teenused\/kaustinen-sooda\/\" \/>\n<meta name=\"twitter:card\" content=\"summary_large_image\" \/>\n<meta name=\"twitter:title\" content=\"Kaustinen sooda (CAS 1310-73-2) - Chemistry For Industry - Solvents &amp; Chemicals - Masterchem.ee\" \/>\n<meta name=\"twitter:description\" content=\"Kaustinen sooda on yleisin alkali, NaOH: n kemiallinen kaava. lipe\u00e4 on kemiallisen synteesin tuote, sellaista ainetta ei ole luonnossa. CAS: 1310-73-2\" \/>\n<meta name=\"twitter:image\" content=\"https:\/\/masterchem.ee\/wp-content\/uploads\/2020\/08\/Seebikivi-25kg-MasterChem.png\" \/>\n<meta name=\"twitter:label1\" content=\"Arvioitu lukuaika\" \/>\n\t<meta name=\"twitter:data1\" content=\"1 minuutti\" \/>\n<script type=\"application\/ld+json\" class=\"yoast-schema-graph\">{\"@context\":\"https:\/\/schema.org\",\"@graph\":[{\"@type\":\"WebPage\",\"@id\":\"https:\/\/masterchem.ee\/fi\/tooted-ja-teenused\/kaustinen-sooda\/\",\"url\":\"https:\/\/masterchem.ee\/fi\/tooted-ja-teenused\/kaustinen-sooda\/\",\"name\":\"Kaustinen sooda (CAS 1310-73-2) - Chemistry For Industry - Solvents &amp; Chemicals - Masterchem.ee\",\"isPartOf\":{\"@id\":\"https:\/\/masterchem.ee\/fi\/#website\"},\"primaryImageOfPage\":{\"@id\":\"https:\/\/masterchem.ee\/fi\/tooted-ja-teenused\/kaustinen-sooda\/#primaryimage\"},\"image\":{\"@id\":\"https:\/\/masterchem.ee\/fi\/tooted-ja-teenused\/kaustinen-sooda\/#primaryimage\"},\"thumbnailUrl\":\"https:\/\/masterchem.ee\/wp-content\/uploads\/2020\/08\/Seebikivi-25kg-MasterChem.png\",\"datePublished\":\"2020-08-24T16:22:10+00:00\",\"dateModified\":\"2021-06-16T12:25:12+00:00\",\"description\":\"Kaustinen sooda on yleisin alkali, NaOH: n kemiallinen kaava. lipe\u00e4 on kemiallisen synteesin tuote, sellaista ainetta ei ole luonnossa. CAS: 1310-73-2\",\"breadcrumb\":{\"@id\":\"https:\/\/masterchem.ee\/fi\/tooted-ja-teenused\/kaustinen-sooda\/#breadcrumb\"},\"inLanguage\":\"fi\",\"potentialAction\":[{\"@type\":\"ReadAction\",\"target\":[\"https:\/\/masterchem.ee\/fi\/tooted-ja-teenused\/kaustinen-sooda\/\"]}]},{\"@type\":\"ImageObject\",\"inLanguage\":\"fi\",\"@id\":\"https:\/\/masterchem.ee\/fi\/tooted-ja-teenused\/kaustinen-sooda\/#primaryimage\",\"url\":\"https:\/\/masterchem.ee\/wp-content\/uploads\/2020\/08\/Seebikivi-25kg-MasterChem.png\",\"contentUrl\":\"https:\/\/masterchem.ee\/wp-content\/uploads\/2020\/08\/Seebikivi-25kg-MasterChem.png\",\"width\":1000,\"height\":1000,\"caption\":\"Lipe\u00e4, natriumhydroksidi ja natronlipe\u00e4 CAS 1310-73-2\"},{\"@type\":\"BreadcrumbList\",\"@id\":\"https:\/\/masterchem.ee\/fi\/tooted-ja-teenused\/kaustinen-sooda\/#breadcrumb\",\"itemListElement\":[{\"@type\":\"ListItem\",\"position\":1,\"name\":\"Home\",\"item\":\"https:\/\/masterchem.ee\/fi\/\"},{\"@type\":\"ListItem\",\"position\":2,\"name\":\"Tooted ja teenused\",\"item\":\"https:\/\/masterchem.ee\/tooted-ja-teenused\/\"},{\"@type\":\"ListItem\",\"position\":3,\"name\":\"Kaustinen sooda (CAS 1310-73-2)\"}]},{\"@type\":\"WebSite\",\"@id\":\"https:\/\/masterchem.ee\/fi\/#website\",\"url\":\"https:\/\/masterchem.ee\/fi\/\",\"name\":\"Masterchem.ee\",\"description\":\"Chemistry For Industry - Solvents &amp; Chemicals\",\"publisher\":{\"@id\":\"https:\/\/masterchem.ee\/fi\/#organization\"},\"potentialAction\":[{\"@type\":\"SearchAction\",\"target\":{\"@type\":\"EntryPoint\",\"urlTemplate\":\"https:\/\/masterchem.ee\/fi\/?s={search_term_string}\"},\"query-input\":{\"@type\":\"PropertyValueSpecification\",\"valueRequired\":true,\"valueName\":\"search_term_string\"}}],\"inLanguage\":\"fi\"},{\"@type\":\"Organization\",\"@id\":\"https:\/\/masterchem.ee\/fi\/#organization\",\"name\":\"Masterchem\",\"url\":\"https:\/\/masterchem.ee\/fi\/\",\"logo\":{\"@type\":\"ImageObject\",\"inLanguage\":\"fi\",\"@id\":\"https:\/\/masterchem.ee\/fi\/#\/schema\/logo\/image\/\",\"url\":\"https:\/\/masterchem.ee\/wp-content\/uploads\/2018\/02\/master-chem_final-1.png\",\"contentUrl\":\"https:\/\/masterchem.ee\/wp-content\/uploads\/2018\/02\/master-chem_final-1.png\",\"width\":850,\"height\":356,\"caption\":\"Masterchem\"},\"image\":{\"@id\":\"https:\/\/masterchem.ee\/fi\/#\/schema\/logo\/image\/\"}}]}<\/script>\n<!-- \/ Yoast SEO plugin. -->","yoast_head_json":{"title":"Kaustinen sooda (CAS 1310-73-2) - Chemistry For Industry - Solvents &amp; Chemicals - Masterchem.ee","description":"Kaustinen sooda on yleisin alkali, NaOH: n kemiallinen kaava. lipe\u00e4 on kemiallisen synteesin tuote, sellaista ainetta ei ole luonnossa. CAS: 1310-73-2","robots":{"index":"index","follow":"follow","max-snippet":"max-snippet:-1","max-image-preview":"max-image-preview:large","max-video-preview":"max-video-preview:-1"},"canonical":"https:\/\/masterchem.ee\/fi\/tooted-ja-teenused\/kaustinen-sooda\/","twitter_card":"summary_large_image","twitter_title":"Kaustinen sooda (CAS 1310-73-2) - Chemistry For Industry - Solvents &amp; Chemicals - Masterchem.ee","twitter_description":"Kaustinen sooda on yleisin alkali, NaOH: n kemiallinen kaava. lipe\u00e4 on kemiallisen synteesin tuote, sellaista ainetta ei ole luonnossa. CAS: 1310-73-2","twitter_image":"https:\/\/masterchem.ee\/wp-content\/uploads\/2020\/08\/Seebikivi-25kg-MasterChem.png","twitter_misc":{"Arvioitu lukuaika":"1 minuutti"},"schema":{"@context":"https:\/\/schema.org","@graph":[{"@type":"WebPage","@id":"https:\/\/masterchem.ee\/fi\/tooted-ja-teenused\/kaustinen-sooda\/","url":"https:\/\/masterchem.ee\/fi\/tooted-ja-teenused\/kaustinen-sooda\/","name":"Kaustinen sooda (CAS 1310-73-2) - Chemistry For Industry - Solvents &amp; Chemicals - Masterchem.ee","isPartOf":{"@id":"https:\/\/masterchem.ee\/fi\/#website"},"primaryImageOfPage":{"@id":"https:\/\/masterchem.ee\/fi\/tooted-ja-teenused\/kaustinen-sooda\/#primaryimage"},"image":{"@id":"https:\/\/masterchem.ee\/fi\/tooted-ja-teenused\/kaustinen-sooda\/#primaryimage"},"thumbnailUrl":"https:\/\/masterchem.ee\/wp-content\/uploads\/2020\/08\/Seebikivi-25kg-MasterChem.png","datePublished":"2020-08-24T16:22:10+00:00","dateModified":"2021-06-16T12:25:12+00:00","description":"Kaustinen sooda on yleisin alkali, NaOH: n kemiallinen kaava. lipe\u00e4 on kemiallisen synteesin tuote, sellaista ainetta ei ole luonnossa. CAS: 1310-73-2","breadcrumb":{"@id":"https:\/\/masterchem.ee\/fi\/tooted-ja-teenused\/kaustinen-sooda\/#breadcrumb"},"inLanguage":"fi","potentialAction":[{"@type":"ReadAction","target":["https:\/\/masterchem.ee\/fi\/tooted-ja-teenused\/kaustinen-sooda\/"]}]},{"@type":"ImageObject","inLanguage":"fi","@id":"https:\/\/masterchem.ee\/fi\/tooted-ja-teenused\/kaustinen-sooda\/#primaryimage","url":"https:\/\/masterchem.ee\/wp-content\/uploads\/2020\/08\/Seebikivi-25kg-MasterChem.png","contentUrl":"https:\/\/masterchem.ee\/wp-content\/uploads\/2020\/08\/Seebikivi-25kg-MasterChem.png","width":1000,"height":1000,"caption":"Lipe\u00e4, natriumhydroksidi ja natronlipe\u00e4 CAS 1310-73-2"},{"@type":"BreadcrumbList","@id":"https:\/\/masterchem.ee\/fi\/tooted-ja-teenused\/kaustinen-sooda\/#breadcrumb","itemListElement":[{"@type":"ListItem","position":1,"name":"Home","item":"https:\/\/masterchem.ee\/fi\/"},{"@type":"ListItem","position":2,"name":"Tooted ja teenused","item":"https:\/\/masterchem.ee\/tooted-ja-teenused\/"},{"@type":"ListItem","position":3,"name":"Kaustinen sooda (CAS 1310-73-2)"}]},{"@type":"WebSite","@id":"https:\/\/masterchem.ee\/fi\/#website","url":"https:\/\/masterchem.ee\/fi\/","name":"Masterchem.ee","description":"Chemistry For Industry - Solvents &amp; Chemicals","publisher":{"@id":"https:\/\/masterchem.ee\/fi\/#organization"},"potentialAction":[{"@type":"SearchAction","target":{"@type":"EntryPoint","urlTemplate":"https:\/\/masterchem.ee\/fi\/?s={search_term_string}"},"query-input":{"@type":"PropertyValueSpecification","valueRequired":true,"valueName":"search_term_string"}}],"inLanguage":"fi"},{"@type":"Organization","@id":"https:\/\/masterchem.ee\/fi\/#organization","name":"Masterchem","url":"https:\/\/masterchem.ee\/fi\/","logo":{"@type":"ImageObject","inLanguage":"fi","@id":"https:\/\/masterchem.ee\/fi\/#\/schema\/logo\/image\/","url":"https:\/\/masterchem.ee\/wp-content\/uploads\/2018\/02\/master-chem_final-1.png","contentUrl":"https:\/\/masterchem.ee\/wp-content\/uploads\/2018\/02\/master-chem_final-1.png","width":850,"height":356,"caption":"Masterchem"},"image":{"@id":"https:\/\/masterchem.ee\/fi\/#\/schema\/logo\/image\/"}}]}},"_links":{"self":[{"href":"https:\/\/masterchem.ee\/fi\/wp-json\/wp\/v2\/product\/8238","targetHints":{"allow":["GET"]}}],"collection":[{"href":"https:\/\/masterchem.ee\/fi\/wp-json\/wp\/v2\/product"}],"about":[{"href":"https:\/\/masterchem.ee\/fi\/wp-json\/wp\/v2\/types\/product"}],"wp:featuredmedia":[{"embeddable":true,"href":"https:\/\/masterchem.ee\/fi\/wp-json\/wp\/v2\/media\/8247"}],"wp:attachment":[{"href":"https:\/\/masterchem.ee\/fi\/wp-json\/wp\/v2\/media?parent=8238"}],"wp:term":[{"taxonomy":"product_brand","embeddable":true,"href":"https:\/\/masterchem.ee\/fi\/wp-json\/wp\/v2\/product_brand?post=8238"},{"taxonomy":"product_cat","embeddable":true,"href":"https:\/\/masterchem.ee\/fi\/wp-json\/wp\/v2\/product_cat?post=8238"},{"taxonomy":"product_tag","embeddable":true,"href":"https:\/\/masterchem.ee\/fi\/wp-json\/wp\/v2\/product_tag?post=8238"}],"curies":[{"name":"wp","href":"https:\/\/api.w.org\/{rel}","templated":true}]}}