{"id":822,"date":"2018-02-28T18:02:24","date_gmt":"2018-02-28T18:02:24","guid":{"rendered":"https:\/\/masterchem.ee\/product\/1-propanoli\/"},"modified":"2021-06-27T12:58:06","modified_gmt":"2021-06-27T12:58:06","slug":"1-propanoli","status":"publish","type":"product","link":"https:\/\/masterchem.ee\/fi\/tooted-ja-teenused\/1-propanoli\/","title":{"rendered":"1-propanoli (CAS 71-23-8)"},"content":{"rendered":"<p>1-propanolia muodostuu\u00a0<a title=\"K\u00e4yminen\" href=\"https:\/\/fi.wikipedia.org\/wiki\/K%C3%A4yminen\">k\u00e4ymisen<\/a>\u00a0yhteydess\u00e4 ja voidaan erottaa\u00a0<a title=\"Tislaus\" href=\"https:\/\/fi.wikipedia.org\/wiki\/Tislaus\">tislaamalla<\/a>\u00a0niin kutsutusta\u00a0<a title=\"Sikuna\u00f6ljy\" href=\"https:\/\/fi.wikipedia.org\/wiki\/Sikuna%C3%B6ljy\">sikuna\u00f6ljyst\u00e4<\/a>. Teollisesti sit\u00e4 kuitenkin valmistetaan p\u00e4\u00e4asiassa\u00a0<a class=\"new\" title=\"Hydroformylaatio (sivua ei ole)\" href=\"https:\/\/fi.wikipedia.org\/w\/index.php?title=Hydroformylaatio&amp;action=edit&amp;redlink=1\">hydroformyloimalla<\/a>\u00a0<a title=\"Eteeni\" href=\"https:\/\/fi.wikipedia.org\/wiki\/Eteeni\">eteeni\u00e4<\/a>\u00a0ja pelkist\u00e4m\u00e4ll\u00e4 n\u00e4in syntynyt\u00a0<a class=\"mw-redirect\" title=\"Propanaali\" href=\"https:\/\/fi.wikipedia.org\/wiki\/Propanaali\">propanaali<\/a>\u00a0<a title=\"Rodium\" href=\"https:\/\/fi.wikipedia.org\/wiki\/Rodium\">rodium<\/a>&#8211; tai\u00a0<a title=\"Koboltti\" href=\"https:\/\/fi.wikipedia.org\/wiki\/Koboltti\">kobolttikatalyytin<\/a>\u00a0avulla 1-propanoliksi. Yhdistett\u00e4 voidaan tuottaa my\u00f6s\u00a0<a title=\"Propaani\" href=\"https:\/\/fi.wikipedia.org\/wiki\/Propaani\">propaania<\/a>\u00a0<a class=\"mw-redirect\" title=\"Hapetus\" href=\"https:\/\/fi.wikipedia.org\/wiki\/Hapetus\">hapettamalla<\/a>.\u00a0<a title=\"Elektrolyysi\" href=\"https:\/\/fi.wikipedia.org\/wiki\/Elektrolyysi\">Elektrolyysi\u00e4<\/a>\u00a0voidaan my\u00f6s k\u00e4ytt\u00e4\u00e4 kuparikatalyytin avulla 1-propanolin tuotantoon\u00a0<a title=\"Hiilimonoksidi\" href=\"https:\/\/fi.wikipedia.org\/wiki\/Hiilimonoksidi\">hiilimonoksidista<\/a>, mutta toistaiseksi matalalla hy\u00f6tysuhteella.<sup id=\"cite_ref-1\" class=\"reference\"><a href=\"https:\/\/fi.wikipedia.org\/wiki\/1-propanoli#cite_note-1\">[1]<\/a><\/sup>\u00a01-propanolin p\u00e4\u00e4asiallinen k\u00e4ytt\u00f6kohde on\u00a0<a title=\"Liuotin\" href=\"https:\/\/fi.wikipedia.org\/wiki\/Liuotin\">liuottimena<\/a>\u00a0k\u00e4ytt\u00f6. Yhdisteest\u00e4 valmistetaan my\u00f6s glykolieetteri-,\u00a0<a class=\"new\" title=\"Propyyliasetaatti (sivua ei ole)\" href=\"https:\/\/fi.wikipedia.org\/w\/index.php?title=Propyyliasetaatti&amp;action=edit&amp;redlink=1\">propyyliasetaatti<\/a>&#8211; tai\u00a0<a title=\"Propyylipropionaatti\" href=\"https:\/\/fi.wikipedia.org\/wiki\/Propyylipropionaatti\">propyylipropionaattijohdannaisia<\/a>.<sup id=\"cite_ref-alen_2-0\" class=\"reference\"><a href=\"https:\/\/fi.wikipedia.org\/wiki\/1-propanoli#cite_note-alen-2\">[2]<\/a><\/sup><sup id=\"cite_ref-kirk-othmer_3-0\" class=\"reference\"><a href=\"https:\/\/fi.wikipedia.org\/wiki\/1-propanoli#cite_note-kirk-othmer-3\">[3]<\/a><\/sup><sup id=\"cite_ref-ullmann_4-0\" class=\"reference\"><a href=\"https:\/\/fi.wikipedia.org\/wiki\/1-propanoli#cite_note-ullmann-4\">[4]<\/a><\/sup><\/p>\n<p>Ilman korkeita tuotantokustannuksia 1-propanoli soveltuisi\u00a0<a title=\"Ottomoottori\" href=\"https:\/\/fi.wikipedia.org\/wiki\/Ottomoottori\">ottomoottoreissa<\/a>\u00a0k\u00e4ytett\u00e4v\u00e4ksi liikennepolttoaineeksi. Sen\u00a0<a title=\"Oktaaniluku\" href=\"https:\/\/fi.wikipedia.org\/wiki\/Oktaaniluku\">oktaaniluku<\/a>\u00a0(RON) on 118 ja energiasis\u00e4lt\u00f6 24\u00a0<a title=\"Mega\" href=\"https:\/\/fi.wikipedia.org\/wiki\/Mega\">M<\/a><a title=\"Joule\" href=\"https:\/\/fi.wikipedia.org\/wiki\/Joule\">J<\/a>\/<a title=\"Litra\" href=\"https:\/\/fi.wikipedia.org\/wiki\/Litra\">l<\/a>\u00a0\u2013 vain 20\u00a0% pienempi kuin bensiinill\u00e4.<sup id=\"cite_ref-5\" class=\"reference\"><a href=\"https:\/\/fi.wikipedia.org\/wiki\/1-propanoli#cite_note-5\">[5]<\/a><\/sup><\/p>\n","protected":false},"excerpt":{"rendered":"<p style=\"text-align: left;\"><b>Muut nimet: 1-propanoli, n-propanoli <\/b><\/p>\n<p style=\"text-align: left;\">1-propanoli\u00a0eli\u00a0n-propanoli\u00a0kuuluu\u00a0<a title=\"Alkoholit\" href=\"https:\/\/fi.wikipedia.org\/wiki\/Alkoholit\">alkoholien<\/a>\u00a0aineryhm\u00e4\u00e4n. 1-propanolin\u00a0<a title=\"Rakennekaava\" href=\"https:\/\/fi.wikipedia.org\/wiki\/Rakennekaava\">rakennekaava<\/a>\u00a0voidaan esitt\u00e4\u00e4 muodossa CH<sub>3<\/sub>CH<sub>2<\/sub>CH<sub>2<\/sub>OH.<\/p>\n<p style=\"text-align: left;\">1-propanoli on\u00a0<a title=\"NTP\" href=\"https:\/\/fi.wikipedia.org\/wiki\/NTP\">normaaliolosuhteissa<\/a>\u00a0v\u00e4rit\u00f6n, kirkas, helposti syttyv\u00e4 ja palava\u00a0<a title=\"Neste\" href=\"https:\/\/fi.wikipedia.org\/wiki\/Neste\">neste<\/a>. Sen\u00a0<a title=\"Moolimassa\" href=\"https:\/\/fi.wikipedia.org\/wiki\/Moolimassa\">moolimassa<\/a>\u00a0on 60,1\u00a0g\/mol,\u00a0<a title=\"Kiehumispiste\" href=\"https:\/\/fi.wikipedia.org\/wiki\/Kiehumispiste\">kiehumispiste<\/a>\u00a097\u00a0\u00b0C,\u00a0<a title=\"Sulamispiste\" href=\"https:\/\/fi.wikipedia.org\/wiki\/Sulamispiste\">sulamispiste<\/a>\u00a0\u2212127\u00a0\u00b0C,\u00a0<a title=\"Tiheys\" href=\"https:\/\/fi.wikipedia.org\/wiki\/Tiheys\">tiheys<\/a>\u00a00,80\u00a0g\/cm<sup>3<\/sup>\u00a0(vesi\u00a0= 1,0\u00a0g\/cm<sup>3<\/sup>),\u00a0<a title=\"Leimahduspiste\" href=\"https:\/\/fi.wikipedia.org\/wiki\/Leimahduspiste\">leimahduspiste<\/a>\u00a015\u00a0\u00b0C,\u00a0<a title=\"Itsesyttymisl\u00e4mp\u00f6tila\" href=\"https:\/\/fi.wikipedia.org\/wiki\/Itsesyttymisl%C3%A4mp%C3%B6tila\">itsesyttymisl\u00e4mp\u00f6tila<\/a>\u00a0371\u00a0\u00b0C ja\u00a0<a title=\"CAS-numero\" href=\"https:\/\/fi.wikipedia.org\/wiki\/CAS-numero\">CAS-numero<\/a>\u00a071-23-8.<\/p>\n<p style=\"text-align: left;\">Yhdistett\u00e4 esiintyy\u00a0<a title=\"Semiokemikaali\" href=\"https:\/\/fi.wikipedia.org\/wiki\/Semiokemikaali\">semiokemikaalina<\/a>\u00a0eli\u00f6iden viestinn\u00e4ss\u00e4.<\/p>\n<p style=\"text-align: left;\">1-propanoli on\u00a0<a title=\"Propanoli\" href=\"https:\/\/fi.wikipedia.org\/wiki\/Propanoli\">propanolin<\/a>\u00a0C<sub>3<\/sub>H<sub>7<\/sub>OH\u00a0<a title=\"Isomeria\" href=\"https:\/\/fi.wikipedia.org\/wiki\/Isomeria\">isomeerinen<\/a>\u00a0muoto.<\/p>\n<p style=\"text-align: left;\">1-propanoli reagoi voimakkaiden\u00a0<a class=\"mw-redirect\" title=\"Hapetin\" href=\"https:\/\/fi.wikipedia.org\/wiki\/Hapetin\">hapettimien<\/a>, kuten\u00a0<a title=\"Perkloraatti\" href=\"https:\/\/fi.wikipedia.org\/wiki\/Perkloraatti\">perkloraattien<\/a>\u00a0ja\u00a0<a title=\"Nitraatti\" href=\"https:\/\/fi.wikipedia.org\/wiki\/Nitraatti\">nitraattien<\/a>, kanssa, jolloin voi aiheutua palo- ja r\u00e4j\u00e4hdysvaara. Aineen reagoidessa\u00a0<a title=\"Maa-alkalimetalli\" href=\"https:\/\/fi.wikipedia.org\/wiki\/Maa-alkalimetalli\">maa-alkalimetallien<\/a>, voimakkaiden\u00a0<a class=\"mw-redirect\" title=\"Pelkistin\" href=\"https:\/\/fi.wikipedia.org\/wiki\/Pelkistin\">pelkistimien<\/a>\u00a0ja\u00a0<a title=\"Nitridi\" href=\"https:\/\/fi.wikipedia.org\/wiki\/Nitridi\">nitridien<\/a>\u00a0kanssa reaktion tuloksena voi muodostua syttyvi\u00e4 ja\/tai myrkyllisi\u00e4 kaasuja<\/p>\n<p style=\"text-align: left;\">\n<p>CAS: 71-23-8<\/p>\n","protected":false},"featured_media":6967,"template":"","meta":[],"product_brand":[],"product_cat":[180,120,258,152],"product_tag":[],"class_list":{"0":"post-822","1":"product","2":"type-product","3":"status-publish","4":"has-post-thumbnail","6":"product_cat-uncategorized-fi-2","7":"product_cat-laaketeollisuus","8":"product_cat-muovi-fi","9":"product_cat-tipografiset-kemikaalit","10":"pif-has-gallery","12":"first","13":"instock","14":"taxable","15":"shipping-taxable","16":"purchasable","17":"product-type-variable","18":"has-default-attributes"},"yoast_head":"<!-- This site is optimized with the Yoast SEO plugin v26.2 - https:\/\/yoast.com\/wordpress\/plugins\/seo\/ -->\n<title>1-propanoli (CAS 71-23-8) - Chemistry For Industry - Solvents &amp; Chemicals - Masterchem.ee<\/title>\n<meta name=\"description\" content=\"1-propanoli reagoi voimakkaiden hapettimien, kuten perkloraattien ja nitraattien, kanssa, jolloin voi aiheutua palo- ja r\u00e4j\u00e4hdysvaara. Aineen reagoidessa maa-alkalimetallien, voimakkaiden pelkistimien ja nitridien kanssa reaktion tuloksena voi muodostua syttyvi\u00e4 ja\/tai myrkyllisi\u00e4 kaasuja. CAS: 71-23-8\" \/>\n<meta name=\"robots\" content=\"index, follow, max-snippet:-1, max-image-preview:large, max-video-preview:-1\" \/>\n<link rel=\"canonical\" href=\"https:\/\/masterchem.ee\/fi\/tooted-ja-teenused\/1-propanoli\/\" \/>\n<meta name=\"twitter:card\" content=\"summary_large_image\" \/>\n<meta name=\"twitter:title\" content=\"1-propanoli (CAS 71-23-8) - Chemistry For Industry - Solvents &amp; Chemicals - Masterchem.ee\" \/>\n<meta name=\"twitter:description\" content=\"1-propanoli reagoi voimakkaiden hapettimien, kuten perkloraattien ja nitraattien, kanssa, jolloin voi aiheutua palo- ja r\u00e4j\u00e4hdysvaara. Aineen reagoidessa maa-alkalimetallien, voimakkaiden pelkistimien ja nitridien kanssa reaktion tuloksena voi muodostua syttyvi\u00e4 ja\/tai myrkyllisi\u00e4 kaasuja. CAS: 71-23-8\" \/>\n<meta name=\"twitter:image\" content=\"https:\/\/masterchem.ee\/wp-content\/uploads\/2018\/02\/N-PROPYL-ALCOHOL-1000l-MasterChem.jpg\" \/>\n<script type=\"application\/ld+json\" class=\"yoast-schema-graph\">{\"@context\":\"https:\/\/schema.org\",\"@graph\":[{\"@type\":\"WebPage\",\"@id\":\"https:\/\/masterchem.ee\/fi\/tooted-ja-teenused\/1-propanoli\/\",\"url\":\"https:\/\/masterchem.ee\/fi\/tooted-ja-teenused\/1-propanoli\/\",\"name\":\"1-propanoli (CAS 71-23-8) - Chemistry For Industry - Solvents &amp; Chemicals - Masterchem.ee\",\"isPartOf\":{\"@id\":\"https:\/\/masterchem.ee\/fi\/#website\"},\"primaryImageOfPage\":{\"@id\":\"https:\/\/masterchem.ee\/fi\/tooted-ja-teenused\/1-propanoli\/#primaryimage\"},\"image\":{\"@id\":\"https:\/\/masterchem.ee\/fi\/tooted-ja-teenused\/1-propanoli\/#primaryimage\"},\"thumbnailUrl\":\"https:\/\/masterchem.ee\/wp-content\/uploads\/2018\/02\/N-PROPYL-ALCOHOL-1000l-MasterChem.jpg\",\"datePublished\":\"2018-02-28T18:02:24+00:00\",\"dateModified\":\"2021-06-27T12:58:06+00:00\",\"description\":\"1-propanoli reagoi voimakkaiden hapettimien, kuten perkloraattien ja nitraattien, kanssa, jolloin voi aiheutua palo- ja r\u00e4j\u00e4hdysvaara. Aineen reagoidessa maa-alkalimetallien, voimakkaiden pelkistimien ja nitridien kanssa reaktion tuloksena voi muodostua syttyvi\u00e4 ja\/tai myrkyllisi\u00e4 kaasuja. CAS: 71-23-8\",\"breadcrumb\":{\"@id\":\"https:\/\/masterchem.ee\/fi\/tooted-ja-teenused\/1-propanoli\/#breadcrumb\"},\"inLanguage\":\"fi\",\"potentialAction\":[{\"@type\":\"ReadAction\",\"target\":[\"https:\/\/masterchem.ee\/fi\/tooted-ja-teenused\/1-propanoli\/\"]}]},{\"@type\":\"ImageObject\",\"inLanguage\":\"fi\",\"@id\":\"https:\/\/masterchem.ee\/fi\/tooted-ja-teenused\/1-propanoli\/#primaryimage\",\"url\":\"https:\/\/masterchem.ee\/wp-content\/uploads\/2018\/02\/N-PROPYL-ALCOHOL-1000l-MasterChem.jpg\",\"contentUrl\":\"https:\/\/masterchem.ee\/wp-content\/uploads\/2018\/02\/N-PROPYL-ALCOHOL-1000l-MasterChem.jpg\",\"width\":1000,\"height\":1000,\"caption\":\"1-propanoli 1000l MasterChem\"},{\"@type\":\"BreadcrumbList\",\"@id\":\"https:\/\/masterchem.ee\/fi\/tooted-ja-teenused\/1-propanoli\/#breadcrumb\",\"itemListElement\":[{\"@type\":\"ListItem\",\"position\":1,\"name\":\"Home\",\"item\":\"https:\/\/masterchem.ee\/fi\/\"},{\"@type\":\"ListItem\",\"position\":2,\"name\":\"Tooted ja teenused\",\"item\":\"https:\/\/masterchem.ee\/tooted-ja-teenused\/\"},{\"@type\":\"ListItem\",\"position\":3,\"name\":\"1-propanoli (CAS 71-23-8)\"}]},{\"@type\":\"WebSite\",\"@id\":\"https:\/\/masterchem.ee\/fi\/#website\",\"url\":\"https:\/\/masterchem.ee\/fi\/\",\"name\":\"Masterchem.ee\",\"description\":\"Chemistry For Industry - Solvents &amp; Chemicals\",\"publisher\":{\"@id\":\"https:\/\/masterchem.ee\/fi\/#organization\"},\"potentialAction\":[{\"@type\":\"SearchAction\",\"target\":{\"@type\":\"EntryPoint\",\"urlTemplate\":\"https:\/\/masterchem.ee\/fi\/?s={search_term_string}\"},\"query-input\":{\"@type\":\"PropertyValueSpecification\",\"valueRequired\":true,\"valueName\":\"search_term_string\"}}],\"inLanguage\":\"fi\"},{\"@type\":\"Organization\",\"@id\":\"https:\/\/masterchem.ee\/fi\/#organization\",\"name\":\"Masterchem\",\"url\":\"https:\/\/masterchem.ee\/fi\/\",\"logo\":{\"@type\":\"ImageObject\",\"inLanguage\":\"fi\",\"@id\":\"https:\/\/masterchem.ee\/fi\/#\/schema\/logo\/image\/\",\"url\":\"https:\/\/masterchem.ee\/wp-content\/uploads\/2018\/02\/master-chem_final-1.png\",\"contentUrl\":\"https:\/\/masterchem.ee\/wp-content\/uploads\/2018\/02\/master-chem_final-1.png\",\"width\":850,\"height\":356,\"caption\":\"Masterchem\"},\"image\":{\"@id\":\"https:\/\/masterchem.ee\/fi\/#\/schema\/logo\/image\/\"}}]}<\/script>\n<!-- \/ Yoast SEO plugin. -->","yoast_head_json":{"title":"1-propanoli (CAS 71-23-8) - Chemistry For Industry - Solvents &amp; Chemicals - Masterchem.ee","description":"1-propanoli reagoi voimakkaiden hapettimien, kuten perkloraattien ja nitraattien, kanssa, jolloin voi aiheutua palo- ja r\u00e4j\u00e4hdysvaara. Aineen reagoidessa maa-alkalimetallien, voimakkaiden pelkistimien ja nitridien kanssa reaktion tuloksena voi muodostua syttyvi\u00e4 ja\/tai myrkyllisi\u00e4 kaasuja. CAS: 71-23-8","robots":{"index":"index","follow":"follow","max-snippet":"max-snippet:-1","max-image-preview":"max-image-preview:large","max-video-preview":"max-video-preview:-1"},"canonical":"https:\/\/masterchem.ee\/fi\/tooted-ja-teenused\/1-propanoli\/","twitter_card":"summary_large_image","twitter_title":"1-propanoli (CAS 71-23-8) - Chemistry For Industry - Solvents &amp; Chemicals - Masterchem.ee","twitter_description":"1-propanoli reagoi voimakkaiden hapettimien, kuten perkloraattien ja nitraattien, kanssa, jolloin voi aiheutua palo- ja r\u00e4j\u00e4hdysvaara. Aineen reagoidessa maa-alkalimetallien, voimakkaiden pelkistimien ja nitridien kanssa reaktion tuloksena voi muodostua syttyvi\u00e4 ja\/tai myrkyllisi\u00e4 kaasuja. CAS: 71-23-8","twitter_image":"https:\/\/masterchem.ee\/wp-content\/uploads\/2018\/02\/N-PROPYL-ALCOHOL-1000l-MasterChem.jpg","schema":{"@context":"https:\/\/schema.org","@graph":[{"@type":"WebPage","@id":"https:\/\/masterchem.ee\/fi\/tooted-ja-teenused\/1-propanoli\/","url":"https:\/\/masterchem.ee\/fi\/tooted-ja-teenused\/1-propanoli\/","name":"1-propanoli (CAS 71-23-8) - Chemistry For Industry - Solvents &amp; Chemicals - Masterchem.ee","isPartOf":{"@id":"https:\/\/masterchem.ee\/fi\/#website"},"primaryImageOfPage":{"@id":"https:\/\/masterchem.ee\/fi\/tooted-ja-teenused\/1-propanoli\/#primaryimage"},"image":{"@id":"https:\/\/masterchem.ee\/fi\/tooted-ja-teenused\/1-propanoli\/#primaryimage"},"thumbnailUrl":"https:\/\/masterchem.ee\/wp-content\/uploads\/2018\/02\/N-PROPYL-ALCOHOL-1000l-MasterChem.jpg","datePublished":"2018-02-28T18:02:24+00:00","dateModified":"2021-06-27T12:58:06+00:00","description":"1-propanoli reagoi voimakkaiden hapettimien, kuten perkloraattien ja nitraattien, kanssa, jolloin voi aiheutua palo- ja r\u00e4j\u00e4hdysvaara. Aineen reagoidessa maa-alkalimetallien, voimakkaiden pelkistimien ja nitridien kanssa reaktion tuloksena voi muodostua syttyvi\u00e4 ja\/tai myrkyllisi\u00e4 kaasuja. CAS: 71-23-8","breadcrumb":{"@id":"https:\/\/masterchem.ee\/fi\/tooted-ja-teenused\/1-propanoli\/#breadcrumb"},"inLanguage":"fi","potentialAction":[{"@type":"ReadAction","target":["https:\/\/masterchem.ee\/fi\/tooted-ja-teenused\/1-propanoli\/"]}]},{"@type":"ImageObject","inLanguage":"fi","@id":"https:\/\/masterchem.ee\/fi\/tooted-ja-teenused\/1-propanoli\/#primaryimage","url":"https:\/\/masterchem.ee\/wp-content\/uploads\/2018\/02\/N-PROPYL-ALCOHOL-1000l-MasterChem.jpg","contentUrl":"https:\/\/masterchem.ee\/wp-content\/uploads\/2018\/02\/N-PROPYL-ALCOHOL-1000l-MasterChem.jpg","width":1000,"height":1000,"caption":"1-propanoli 1000l MasterChem"},{"@type":"BreadcrumbList","@id":"https:\/\/masterchem.ee\/fi\/tooted-ja-teenused\/1-propanoli\/#breadcrumb","itemListElement":[{"@type":"ListItem","position":1,"name":"Home","item":"https:\/\/masterchem.ee\/fi\/"},{"@type":"ListItem","position":2,"name":"Tooted ja teenused","item":"https:\/\/masterchem.ee\/tooted-ja-teenused\/"},{"@type":"ListItem","position":3,"name":"1-propanoli (CAS 71-23-8)"}]},{"@type":"WebSite","@id":"https:\/\/masterchem.ee\/fi\/#website","url":"https:\/\/masterchem.ee\/fi\/","name":"Masterchem.ee","description":"Chemistry For Industry - Solvents &amp; Chemicals","publisher":{"@id":"https:\/\/masterchem.ee\/fi\/#organization"},"potentialAction":[{"@type":"SearchAction","target":{"@type":"EntryPoint","urlTemplate":"https:\/\/masterchem.ee\/fi\/?s={search_term_string}"},"query-input":{"@type":"PropertyValueSpecification","valueRequired":true,"valueName":"search_term_string"}}],"inLanguage":"fi"},{"@type":"Organization","@id":"https:\/\/masterchem.ee\/fi\/#organization","name":"Masterchem","url":"https:\/\/masterchem.ee\/fi\/","logo":{"@type":"ImageObject","inLanguage":"fi","@id":"https:\/\/masterchem.ee\/fi\/#\/schema\/logo\/image\/","url":"https:\/\/masterchem.ee\/wp-content\/uploads\/2018\/02\/master-chem_final-1.png","contentUrl":"https:\/\/masterchem.ee\/wp-content\/uploads\/2018\/02\/master-chem_final-1.png","width":850,"height":356,"caption":"Masterchem"},"image":{"@id":"https:\/\/masterchem.ee\/fi\/#\/schema\/logo\/image\/"}}]}},"_links":{"self":[{"href":"https:\/\/masterchem.ee\/fi\/wp-json\/wp\/v2\/product\/822","targetHints":{"allow":["GET"]}}],"collection":[{"href":"https:\/\/masterchem.ee\/fi\/wp-json\/wp\/v2\/product"}],"about":[{"href":"https:\/\/masterchem.ee\/fi\/wp-json\/wp\/v2\/types\/product"}],"wp:featuredmedia":[{"embeddable":true,"href":"https:\/\/masterchem.ee\/fi\/wp-json\/wp\/v2\/media\/6967"}],"wp:attachment":[{"href":"https:\/\/masterchem.ee\/fi\/wp-json\/wp\/v2\/media?parent=822"}],"wp:term":[{"taxonomy":"product_brand","embeddable":true,"href":"https:\/\/masterchem.ee\/fi\/wp-json\/wp\/v2\/product_brand?post=822"},{"taxonomy":"product_cat","embeddable":true,"href":"https:\/\/masterchem.ee\/fi\/wp-json\/wp\/v2\/product_cat?post=822"},{"taxonomy":"product_tag","embeddable":true,"href":"https:\/\/masterchem.ee\/fi\/wp-json\/wp\/v2\/product_tag?post=822"}],"curies":[{"name":"wp","href":"https:\/\/api.w.org\/{rel}","templated":true}]}}