{"id":820,"date":"2018-02-28T18:00:14","date_gmt":"2018-02-28T18:00:14","guid":{"rendered":"https:\/\/masterchem.ee\/product\/etyleeniglykoli\/"},"modified":"2021-09-20T06:21:54","modified_gmt":"2021-09-20T06:21:54","slug":"etyleeniglykoli","status":"publish","type":"product","link":"https:\/\/masterchem.ee\/fi\/tooted-ja-teenused\/etyleeniglykoli\/","title":{"rendered":"Etyleeniglykoli (CAS 107-21-1)"},"content":{"rendered":"<p><strong>Soveltamisala<\/strong><br \/>\nEtyleeniglykolitiivistett\u00e4, jonka voit ostaa MasterChemilt\u00e4, k\u00e4ytet\u00e4\u00e4n jarrunesteen, pakkasnesteen ja autojen j\u00e4\u00e4tymisen komponenttina sek\u00e4 j\u00e4\u00e4hdytysnesteen\u00e4 l\u00e4mmitysj\u00e4rjestelmiss\u00e4 (l\u00e4hinn\u00e4 omakotitaloissa). Sit\u00e4 voidaan k\u00e4ytt\u00e4\u00e4 my\u00f6s:<br \/>\n\u2022 atk-prosessorien j\u00e4\u00e4hdytys;<br \/>\n\u2022 v\u00e4riaineiden liuottaminen;<br \/>\n\u2022 erilaisten aineiden hankkiminen kemianteollisuudessa liuottimena korkeissa l\u00e4mp\u00f6tiloissa;<br \/>\n\u2022 sellofaanin, polyuretaanien ja muiden polymeerien tuotanto;<br \/>\n\u2022 nitroglykolin saaminen;<br \/>\n\u2022 kondensaattoreiden tuotanto 1,4-dioksaanin tuottamiseksi;<br \/>\n\u2022 keng\u00e4nkiillon, lasinpuhdistusaineiden jne. Valmistus<br \/>\nVoit ostaa t\u00e4m\u00e4n tuotteen meilt\u00e4 ilman korroosionestoaineita tai v\u00e4riaineita.<\/p>\n<p><strong>Varotoimenpiteet<\/strong><br \/>\nV\u00e4kev\u00f6ity etyleeniglykoli on eritt\u00e4in myrkyllinen aine ja kuuluu kolmanteen vaaraluokkaan ihmiskehon altistumisasteen suhteen. Nieltyn\u00e4 se vahingoittaa keskushermostoa ja eritysj\u00e4rjestelm\u00e4\u00e4. Reagenssin kanssa ty\u00f6skennelt\u00e4ess\u00e4 tarvitaan erikoiskeng\u00e4t, vaatteet, muovilasit, hengityssuojain ja kumik\u00e4sineet.<\/p>\n<p><strong>Varastointi- ja kuljetusolosuhteet<\/strong><br \/>\nEtyleeniglykolitiiviste tulee varastoida suljetussa alkuper\u00e4ispakkauksessa kuivissa, l\u00e4mmitt\u00e4m\u00e4tt\u00f6miss\u00e4, ilmastoiduissa tiloissa. Viimeinen voimassaolop\u00e4iv\u00e4 &#8211; 60 kuukautta valmistusp\u00e4iv\u00e4st\u00e4. Materiaalia voidaan kuljettaa mink\u00e4 tahansa kuljetusv\u00e4lineen peitt\u00e4miss\u00e4 ajoneuvoissa t\u00e4m\u00e4ntyyppisten kuljetusten tavarakuljetuksia koskevien s\u00e4\u00e4nt\u00f6jen mukaisesti.<\/p>\n","protected":false},"excerpt":{"rendered":"<p>Etyleeniglykoli (1,2-dioksaani, glykoli, etaanidioli-1,2) on makeamainen, hajuton, v\u00e4rit\u00f6n, hygroskooppinen \u00f6ljyinen neste. Se saadaan kostuttamalla eteeni fosfori- tai rikkihappojen l\u00e4sn\u00e4 ollessa. Etyleeniglykoli sekoittuu hyvin veden ja alkoholin kanssa. Sill\u00e4 on korkeat kiehumispisteet ja matalat j\u00e4\u00e4tymisl\u00e4mp\u00f6tilat, mink\u00e4 vuoksi sit\u00e4 k\u00e4ytet\u00e4\u00e4n laajalti l\u00e4mm\u00f6nsiirt\u00e4j\u00e4n\u00e4 l\u00e4mmitys- ja j\u00e4\u00e4hdytysj\u00e4rjestelmiss\u00e4. Konsentraatin kiteytymisl\u00e4mp\u00f6tila on korkeampi kuin vesipitoisten glykoliliuosten, joten se on laimennettava tislatulla vedell\u00e4 ennen k\u00e4ytt\u00f6\u00e4.<\/p>\n<p>CAS: 107-21-1<\/p>\n<p><a target=\"_blank\" href=\"https:\/\/masterchem.ee\/wp-content\/uploads\/2018\/02\/Monoetuleenglukool-TDS-Masterchem.pdf\" class=\"pdf\" alt=\"Etyleeniglykoli tuotteen kuvaus (TDS)\" title=\"Etyleeniglykoli tuotteen kuvaus (TDS)\" rel=\"noopener\">Etyleeniglykoli tuotteen kuvaus (TDS)<\/a><\/p>\n<ul>\n<li><a href=\"\/fi\/tuote\/etyleeniglykoli-35-master-ews35\/\">Etyleeniglykoli 35%<\/a><\/li>\n<li><a href=\"\/fi\/tuote\/etyleeniglykoli-40-master-ews-40\/\">Etyleeniglykoli 40%<\/a><\/li>\n<li><a href=\"\/fi\/tuote\/pakkasneste-36-c-vihrea\/\">Etyleeniglykoli 50%<\/a><\/li>\n<li><b>Etyleeniglykoli 100%<\/b><\/li>\n<\/ul>\n","protected":false},"featured_media":6831,"template":"","meta":[],"product_brand":[],"product_cat":[180,109,115,302,294,117,323,114],"product_tag":[],"class_list":{"0":"post-820","1":"product","2":"type-product","3":"status-publish","4":"has-post-thumbnail","6":"product_cat-uncategorized-fi-2","7":"product_cat-anti-jaatymisnesteet","8":"product_cat-auton-ja-koneiden-kemikaalit","9":"product_cat-jaahdytysnesteet","10":"product_cat-kosmetiikkateollisuus","11":"product_cat-kotitalouskemikaalit","12":"product_cat-lannoitteet","13":"product_cat-rakennusteollisuus","14":"pif-has-gallery","16":"first","17":"instock","18":"taxable","19":"shipping-taxable","20":"purchasable","21":"product-type-variable","22":"has-default-attributes"},"yoast_head":"<!-- This site is optimized with the Yoast SEO plugin v26.2 - https:\/\/yoast.com\/wordpress\/plugins\/seo\/ -->\n<title>Etyleeniglykoli (CAS 107-21-1) - Chemistry For Industry - Solvents &amp; Chemicals - Masterchem.ee<\/title>\n<meta name=\"description\" content=\"Etyleeniglykoli (1,2-dioksaani, glykoli, etaanidioli-1,2) on makeamainen, hajuton, v\u00e4rit\u00f6n, hygroskooppinen \u00f6ljyinen neste. Se saadaan kostuttamalla eteeni fosfori- tai rikkihappojen l\u00e4sn\u00e4 ollessa. CAS: 107-21-1\" \/>\n<meta name=\"robots\" content=\"index, follow, max-snippet:-1, max-image-preview:large, max-video-preview:-1\" \/>\n<link rel=\"canonical\" href=\"https:\/\/masterchem.ee\/fi\/tooted-ja-teenused\/etyleeniglykoli\/\" \/>\n<meta name=\"twitter:card\" content=\"summary_large_image\" \/>\n<meta name=\"twitter:title\" content=\"Etyleeniglykoli (CAS 107-21-1) - Chemistry For Industry - Solvents &amp; Chemicals - Masterchem.ee\" \/>\n<meta name=\"twitter:description\" content=\"Etyleeniglykoli (1,2-dioksaani, glykoli, etaanidioli-1,2) on makeamainen, hajuton, v\u00e4rit\u00f6n, hygroskooppinen \u00f6ljyinen neste. Se saadaan kostuttamalla eteeni fosfori- tai rikkihappojen l\u00e4sn\u00e4 ollessa. CAS: 107-21-1\" \/>\n<meta name=\"twitter:image\" content=\"https:\/\/masterchem.ee\/wp-content\/uploads\/2018\/02\/MONOETHYLENE-GLYCOL-1000l-MasterChem.jpg\" \/>\n<meta name=\"twitter:label1\" content=\"Arvioitu lukuaika\" \/>\n\t<meta name=\"twitter:data1\" content=\"1 minuutti\" \/>\n<script type=\"application\/ld+json\" class=\"yoast-schema-graph\">{\"@context\":\"https:\/\/schema.org\",\"@graph\":[{\"@type\":\"WebPage\",\"@id\":\"https:\/\/masterchem.ee\/fi\/tooted-ja-teenused\/etyleeniglykoli\/\",\"url\":\"https:\/\/masterchem.ee\/fi\/tooted-ja-teenused\/etyleeniglykoli\/\",\"name\":\"Etyleeniglykoli (CAS 107-21-1) - Chemistry For Industry - Solvents &amp; Chemicals - Masterchem.ee\",\"isPartOf\":{\"@id\":\"https:\/\/masterchem.ee\/fi\/#website\"},\"primaryImageOfPage\":{\"@id\":\"https:\/\/masterchem.ee\/fi\/tooted-ja-teenused\/etyleeniglykoli\/#primaryimage\"},\"image\":{\"@id\":\"https:\/\/masterchem.ee\/fi\/tooted-ja-teenused\/etyleeniglykoli\/#primaryimage\"},\"thumbnailUrl\":\"https:\/\/masterchem.ee\/wp-content\/uploads\/2018\/02\/MONOETHYLENE-GLYCOL-1000l-MasterChem.jpg\",\"datePublished\":\"2018-02-28T18:00:14+00:00\",\"dateModified\":\"2021-09-20T06:21:54+00:00\",\"description\":\"Etyleeniglykoli (1,2-dioksaani, glykoli, etaanidioli-1,2) on makeamainen, hajuton, v\u00e4rit\u00f6n, hygroskooppinen \u00f6ljyinen neste. Se saadaan kostuttamalla eteeni fosfori- tai rikkihappojen l\u00e4sn\u00e4 ollessa. CAS: 107-21-1\",\"breadcrumb\":{\"@id\":\"https:\/\/masterchem.ee\/fi\/tooted-ja-teenused\/etyleeniglykoli\/#breadcrumb\"},\"inLanguage\":\"fi\",\"potentialAction\":[{\"@type\":\"ReadAction\",\"target\":[\"https:\/\/masterchem.ee\/fi\/tooted-ja-teenused\/etyleeniglykoli\/\"]}]},{\"@type\":\"ImageObject\",\"inLanguage\":\"fi\",\"@id\":\"https:\/\/masterchem.ee\/fi\/tooted-ja-teenused\/etyleeniglykoli\/#primaryimage\",\"url\":\"https:\/\/masterchem.ee\/wp-content\/uploads\/2018\/02\/MONOETHYLENE-GLYCOL-1000l-MasterChem.jpg\",\"contentUrl\":\"https:\/\/masterchem.ee\/wp-content\/uploads\/2018\/02\/MONOETHYLENE-GLYCOL-1000l-MasterChem.jpg\",\"width\":1000,\"height\":1000,\"caption\":\"Ethylene glycol 1000l MasterChem\"},{\"@type\":\"BreadcrumbList\",\"@id\":\"https:\/\/masterchem.ee\/fi\/tooted-ja-teenused\/etyleeniglykoli\/#breadcrumb\",\"itemListElement\":[{\"@type\":\"ListItem\",\"position\":1,\"name\":\"Home\",\"item\":\"https:\/\/masterchem.ee\/fi\/\"},{\"@type\":\"ListItem\",\"position\":2,\"name\":\"Tooted ja teenused\",\"item\":\"https:\/\/masterchem.ee\/tooted-ja-teenused\/\"},{\"@type\":\"ListItem\",\"position\":3,\"name\":\"Etyleeniglykoli (CAS 107-21-1)\"}]},{\"@type\":\"WebSite\",\"@id\":\"https:\/\/masterchem.ee\/fi\/#website\",\"url\":\"https:\/\/masterchem.ee\/fi\/\",\"name\":\"Masterchem.ee\",\"description\":\"Chemistry For Industry - Solvents &amp; Chemicals\",\"publisher\":{\"@id\":\"https:\/\/masterchem.ee\/fi\/#organization\"},\"potentialAction\":[{\"@type\":\"SearchAction\",\"target\":{\"@type\":\"EntryPoint\",\"urlTemplate\":\"https:\/\/masterchem.ee\/fi\/?s={search_term_string}\"},\"query-input\":{\"@type\":\"PropertyValueSpecification\",\"valueRequired\":true,\"valueName\":\"search_term_string\"}}],\"inLanguage\":\"fi\"},{\"@type\":\"Organization\",\"@id\":\"https:\/\/masterchem.ee\/fi\/#organization\",\"name\":\"Masterchem\",\"url\":\"https:\/\/masterchem.ee\/fi\/\",\"logo\":{\"@type\":\"ImageObject\",\"inLanguage\":\"fi\",\"@id\":\"https:\/\/masterchem.ee\/fi\/#\/schema\/logo\/image\/\",\"url\":\"https:\/\/masterchem.ee\/wp-content\/uploads\/2018\/02\/master-chem_final-1.png\",\"contentUrl\":\"https:\/\/masterchem.ee\/wp-content\/uploads\/2018\/02\/master-chem_final-1.png\",\"width\":850,\"height\":356,\"caption\":\"Masterchem\"},\"image\":{\"@id\":\"https:\/\/masterchem.ee\/fi\/#\/schema\/logo\/image\/\"}}]}<\/script>\n<!-- \/ Yoast SEO plugin. -->","yoast_head_json":{"title":"Etyleeniglykoli (CAS 107-21-1) - Chemistry For Industry - Solvents &amp; Chemicals - Masterchem.ee","description":"Etyleeniglykoli (1,2-dioksaani, glykoli, etaanidioli-1,2) on makeamainen, hajuton, v\u00e4rit\u00f6n, hygroskooppinen \u00f6ljyinen neste. Se saadaan kostuttamalla eteeni fosfori- tai rikkihappojen l\u00e4sn\u00e4 ollessa. CAS: 107-21-1","robots":{"index":"index","follow":"follow","max-snippet":"max-snippet:-1","max-image-preview":"max-image-preview:large","max-video-preview":"max-video-preview:-1"},"canonical":"https:\/\/masterchem.ee\/fi\/tooted-ja-teenused\/etyleeniglykoli\/","twitter_card":"summary_large_image","twitter_title":"Etyleeniglykoli (CAS 107-21-1) - Chemistry For Industry - Solvents &amp; Chemicals - Masterchem.ee","twitter_description":"Etyleeniglykoli (1,2-dioksaani, glykoli, etaanidioli-1,2) on makeamainen, hajuton, v\u00e4rit\u00f6n, hygroskooppinen \u00f6ljyinen neste. Se saadaan kostuttamalla eteeni fosfori- tai rikkihappojen l\u00e4sn\u00e4 ollessa. CAS: 107-21-1","twitter_image":"https:\/\/masterchem.ee\/wp-content\/uploads\/2018\/02\/MONOETHYLENE-GLYCOL-1000l-MasterChem.jpg","twitter_misc":{"Arvioitu lukuaika":"1 minuutti"},"schema":{"@context":"https:\/\/schema.org","@graph":[{"@type":"WebPage","@id":"https:\/\/masterchem.ee\/fi\/tooted-ja-teenused\/etyleeniglykoli\/","url":"https:\/\/masterchem.ee\/fi\/tooted-ja-teenused\/etyleeniglykoli\/","name":"Etyleeniglykoli (CAS 107-21-1) - Chemistry For Industry - Solvents &amp; Chemicals - Masterchem.ee","isPartOf":{"@id":"https:\/\/masterchem.ee\/fi\/#website"},"primaryImageOfPage":{"@id":"https:\/\/masterchem.ee\/fi\/tooted-ja-teenused\/etyleeniglykoli\/#primaryimage"},"image":{"@id":"https:\/\/masterchem.ee\/fi\/tooted-ja-teenused\/etyleeniglykoli\/#primaryimage"},"thumbnailUrl":"https:\/\/masterchem.ee\/wp-content\/uploads\/2018\/02\/MONOETHYLENE-GLYCOL-1000l-MasterChem.jpg","datePublished":"2018-02-28T18:00:14+00:00","dateModified":"2021-09-20T06:21:54+00:00","description":"Etyleeniglykoli (1,2-dioksaani, glykoli, etaanidioli-1,2) on makeamainen, hajuton, v\u00e4rit\u00f6n, hygroskooppinen \u00f6ljyinen neste. Se saadaan kostuttamalla eteeni fosfori- tai rikkihappojen l\u00e4sn\u00e4 ollessa. CAS: 107-21-1","breadcrumb":{"@id":"https:\/\/masterchem.ee\/fi\/tooted-ja-teenused\/etyleeniglykoli\/#breadcrumb"},"inLanguage":"fi","potentialAction":[{"@type":"ReadAction","target":["https:\/\/masterchem.ee\/fi\/tooted-ja-teenused\/etyleeniglykoli\/"]}]},{"@type":"ImageObject","inLanguage":"fi","@id":"https:\/\/masterchem.ee\/fi\/tooted-ja-teenused\/etyleeniglykoli\/#primaryimage","url":"https:\/\/masterchem.ee\/wp-content\/uploads\/2018\/02\/MONOETHYLENE-GLYCOL-1000l-MasterChem.jpg","contentUrl":"https:\/\/masterchem.ee\/wp-content\/uploads\/2018\/02\/MONOETHYLENE-GLYCOL-1000l-MasterChem.jpg","width":1000,"height":1000,"caption":"Ethylene glycol 1000l MasterChem"},{"@type":"BreadcrumbList","@id":"https:\/\/masterchem.ee\/fi\/tooted-ja-teenused\/etyleeniglykoli\/#breadcrumb","itemListElement":[{"@type":"ListItem","position":1,"name":"Home","item":"https:\/\/masterchem.ee\/fi\/"},{"@type":"ListItem","position":2,"name":"Tooted ja teenused","item":"https:\/\/masterchem.ee\/tooted-ja-teenused\/"},{"@type":"ListItem","position":3,"name":"Etyleeniglykoli (CAS 107-21-1)"}]},{"@type":"WebSite","@id":"https:\/\/masterchem.ee\/fi\/#website","url":"https:\/\/masterchem.ee\/fi\/","name":"Masterchem.ee","description":"Chemistry For Industry - Solvents &amp; Chemicals","publisher":{"@id":"https:\/\/masterchem.ee\/fi\/#organization"},"potentialAction":[{"@type":"SearchAction","target":{"@type":"EntryPoint","urlTemplate":"https:\/\/masterchem.ee\/fi\/?s={search_term_string}"},"query-input":{"@type":"PropertyValueSpecification","valueRequired":true,"valueName":"search_term_string"}}],"inLanguage":"fi"},{"@type":"Organization","@id":"https:\/\/masterchem.ee\/fi\/#organization","name":"Masterchem","url":"https:\/\/masterchem.ee\/fi\/","logo":{"@type":"ImageObject","inLanguage":"fi","@id":"https:\/\/masterchem.ee\/fi\/#\/schema\/logo\/image\/","url":"https:\/\/masterchem.ee\/wp-content\/uploads\/2018\/02\/master-chem_final-1.png","contentUrl":"https:\/\/masterchem.ee\/wp-content\/uploads\/2018\/02\/master-chem_final-1.png","width":850,"height":356,"caption":"Masterchem"},"image":{"@id":"https:\/\/masterchem.ee\/fi\/#\/schema\/logo\/image\/"}}]}},"_links":{"self":[{"href":"https:\/\/masterchem.ee\/fi\/wp-json\/wp\/v2\/product\/820","targetHints":{"allow":["GET"]}}],"collection":[{"href":"https:\/\/masterchem.ee\/fi\/wp-json\/wp\/v2\/product"}],"about":[{"href":"https:\/\/masterchem.ee\/fi\/wp-json\/wp\/v2\/types\/product"}],"wp:featuredmedia":[{"embeddable":true,"href":"https:\/\/masterchem.ee\/fi\/wp-json\/wp\/v2\/media\/6831"}],"wp:attachment":[{"href":"https:\/\/masterchem.ee\/fi\/wp-json\/wp\/v2\/media?parent=820"}],"wp:term":[{"taxonomy":"product_brand","embeddable":true,"href":"https:\/\/masterchem.ee\/fi\/wp-json\/wp\/v2\/product_brand?post=820"},{"taxonomy":"product_cat","embeddable":true,"href":"https:\/\/masterchem.ee\/fi\/wp-json\/wp\/v2\/product_cat?post=820"},{"taxonomy":"product_tag","embeddable":true,"href":"https:\/\/masterchem.ee\/fi\/wp-json\/wp\/v2\/product_tag?post=820"}],"curies":[{"name":"wp","href":"https:\/\/api.w.org\/{rel}","templated":true}]}}