{"id":816,"date":"2018-02-28T17:51:46","date_gmt":"2018-02-28T17:51:46","guid":{"rendered":"https:\/\/masterchem.ee\/product\/dikloorimetaani\/"},"modified":"2021-06-27T12:34:12","modified_gmt":"2021-06-27T12:34:12","slug":"metyleenikloridi","status":"publish","type":"product","link":"https:\/\/masterchem.ee\/fi\/tooted-ja-teenused\/metyleenikloridi\/","title":{"rendered":"Metyleenikloridi (CAS 75-09-2)"},"content":{"rendered":"<p><strong>K\u00e4ytt\u00f6 ja k\u00e4ytt\u00f6:<\/strong><br \/>\nReagenssi on paljon v\u00e4hemm\u00e4n myrkyllinen kuin muut orgaaniset liuottimet, on helppo poistaa, sill\u00e4 on alhaiset kustannukset, joten sit\u00e4 k\u00e4ytet\u00e4\u00e4n laajalti monilla teollisuudenaloilla, mukaan lukien elintarviketeollisuus ja l\u00e4\u00e4kkeet.<br \/>\n\u2022 Kemianteollisuudessa sit\u00e4 k\u00e4ytet\u00e4\u00e4n synteettisten polymeerien, esimerkiksi polyuretaanivaahtojen (vaahdotusaineiden), vaahtokumin, synteettisten kuitujen, tuotantoon; muodostaa muovista.<br \/>\n\u2022 Dikloorimetaanista johdettujen kemiallisten tuotteiden tuotantoon.<br \/>\n\u2022 teollisena liuottimena metallipintojen puhdistamiseen ja rasvanpoistoon; on osa aerosolimaaleja; akryylilasin ja erilaisten muovien, paitsi polyeteenin ja polypropeenin, liimaamiseen; liuotin rasvoille, hartsille, bitumille.<br \/>\n\u2022 Elintarviketeollisuudessa &#8211; liuotin uuttamiseen esimerkiksi kofeiinin saamiseksi kahvipavuista, humalasta.<br \/>\n\u2022 L\u00e4\u00e4kkeiss\u00e4 askorbiinihapon valmistamiseksi.<br \/>\n\u2022 Laboratoriok\u00e4yt\u00e4nn\u00f6ss\u00e4 veden laadun analysointiin bentseenin, ammoniakin, nitriittien ja nitraattien, kloorin, myrkyllisten metallien ja monien muiden haitallisten ep\u00e4puhtauksien esiintymisen varalta. Kromatografiassa.<br \/>\n\u2022 Osa joistakin kylm\u00e4aineista.<br \/>\n\u2022 Vanhojen lakkojen ja maalien poistamiseen kaikilta pinnoilta.<br \/>\n\u2022 Valokuvaus &#8211; valokuva- ja elokuvaelokuvien k\u00e4sittelyyn.<\/p>\n<p><strong>Fyysiset ominaisuudet<\/strong><br \/>\nMoolimassa &#8211; 84,9 g \/ mol,<br \/>\ntiheys &#8211; 1,326 g \/ cm3.<br \/>\nL\u00e4mp\u00f6ominaisuudet:<br \/>\nSulamispiste -96,7 \u00b0 C,<br \/>\nkiehumispiste 40 \u00b0 C,<br \/>\nleimahduspiste 14 \u00b0 C<br \/>\nKemiallinen kaava: CH2Cl2<\/p>\n","protected":false},"excerpt":{"rendered":"<p><strong>Muut nimet: metyleenikloridi, dikloorimetaani, metyleenikloridi<\/strong><br \/>\n<strong>Kuvaus:<\/strong><br \/>\nSuosittu teollinen liuotin on metaanista johdettu orgaaninen yhdiste. Liikkuva, l\u00e4pin\u00e4kyv\u00e4 neste, v\u00e4rit\u00f6n, haihtuva, jolle on ominaista ter\u00e4v\u00e4, makea eetterihaju. Hieman liukenee veteen. Se liukenee hyvin orgaanisiin liuottimiin. Liuenneen kuumaan veteen se hajoaa hajoamalla suolahapoksi ja formaldehydiksi. Alhainen myrkyllisyys muihin liuottimiin verrattuna. Reagoi kloorin kanssa kloroformin tuottamiseksi. Reagoi muiden halogeenien kanssa: jodi, bromi. Vuorovaikutuksessa alkoholin ja ammoniakin vesiliuosten kanssa. Ammoniakin vesiliuoksen kanssa tapahtuvan reaktion seurauksena saadaan muurahais- ja kloorivetyhappoja ja metyyliamiinia. Reagoi aromaattisten hiilivetyjen kuten bentseenin kanssa.<\/p>\n<p>CAS: 75-09-2<\/p>\n","protected":false},"featured_media":4678,"template":"","meta":[],"product_brand":[],"product_cat":[180,117,120,118,258,114,154,152],"product_tag":[],"class_list":{"0":"post-816","1":"product","2":"type-product","3":"status-publish","4":"has-post-thumbnail","6":"product_cat-uncategorized-fi-2","7":"product_cat-kotitalouskemikaalit","8":"product_cat-laaketeollisuus","9":"product_cat-metallikemikaalit","10":"product_cat-muovi-fi","11":"product_cat-rakennusteollisuus","12":"product_cat-tien-maalaus","13":"product_cat-tipografiset-kemikaalit","14":"pif-has-gallery","16":"first","17":"instock","18":"taxable","19":"shipping-taxable","20":"purchasable","21":"product-type-variable","22":"has-default-attributes"},"yoast_head":"<!-- This site is optimized with the Yoast SEO plugin v26.2 - https:\/\/yoast.com\/wordpress\/plugins\/seo\/ -->\n<title>Metyleenikloridi (CAS 75-09-2) - Chemistry For Industry - Solvents &amp; Chemicals - Masterchem.ee<\/title>\n<meta name=\"description\" content=\"Suosittu teollinen liuotin on metaanista johdettu orgaaninen yhdiste. Liikkuva, l\u00e4pin\u00e4kyv\u00e4 neste, v\u00e4rit\u00f6n, haihtuva, jolle on ominaista ter\u00e4v\u00e4, makea eetterihaju. Hieman liukenee veteen. Se liukenee hyvin orgaanisiin liuottimiin. Liuenneen kuumaan veteen se hajoaa hajoamalla suolahapoksi ja formaldehydiksi. CAS: 75-09-2\" \/>\n<meta name=\"robots\" content=\"index, follow, max-snippet:-1, max-image-preview:large, max-video-preview:-1\" \/>\n<link rel=\"canonical\" href=\"https:\/\/masterchem.ee\/fi\/tooted-ja-teenused\/metyleenikloridi\/\" \/>\n<meta name=\"twitter:card\" content=\"summary_large_image\" \/>\n<meta name=\"twitter:title\" content=\"Metyleenikloridi (CAS 75-09-2) - Chemistry For Industry - Solvents &amp; Chemicals - Masterchem.ee\" \/>\n<meta name=\"twitter:description\" content=\"Suosittu teollinen liuotin on metaanista johdettu orgaaninen yhdiste. Liikkuva, l\u00e4pin\u00e4kyv\u00e4 neste, v\u00e4rit\u00f6n, haihtuva, jolle on ominaista ter\u00e4v\u00e4, makea eetterihaju. Hieman liukenee veteen. Se liukenee hyvin orgaanisiin liuottimiin. Liuenneen kuumaan veteen se hajoaa hajoamalla suolahapoksi ja formaldehydiksi. CAS: 75-09-2\" \/>\n<meta name=\"twitter:image\" content=\"https:\/\/masterchem.ee\/wp-content\/uploads\/2018\/02\/Methylene_chloride_1000l_MaterChem-1.jpg\" \/>\n<meta name=\"twitter:label1\" content=\"Arvioitu lukuaika\" \/>\n\t<meta name=\"twitter:data1\" content=\"1 minuutti\" \/>\n<script type=\"application\/ld+json\" class=\"yoast-schema-graph\">{\"@context\":\"https:\/\/schema.org\",\"@graph\":[{\"@type\":\"WebPage\",\"@id\":\"https:\/\/masterchem.ee\/fi\/tooted-ja-teenused\/metyleenikloridi\/\",\"url\":\"https:\/\/masterchem.ee\/fi\/tooted-ja-teenused\/metyleenikloridi\/\",\"name\":\"Metyleenikloridi (CAS 75-09-2) - Chemistry For Industry - Solvents &amp; Chemicals - Masterchem.ee\",\"isPartOf\":{\"@id\":\"https:\/\/masterchem.ee\/fi\/#website\"},\"primaryImageOfPage\":{\"@id\":\"https:\/\/masterchem.ee\/fi\/tooted-ja-teenused\/metyleenikloridi\/#primaryimage\"},\"image\":{\"@id\":\"https:\/\/masterchem.ee\/fi\/tooted-ja-teenused\/metyleenikloridi\/#primaryimage\"},\"thumbnailUrl\":\"https:\/\/masterchem.ee\/wp-content\/uploads\/2018\/02\/Methylene_chloride_1000l_MaterChem-1.jpg\",\"datePublished\":\"2018-02-28T17:51:46+00:00\",\"dateModified\":\"2021-06-27T12:34:12+00:00\",\"description\":\"Suosittu teollinen liuotin on metaanista johdettu orgaaninen yhdiste. Liikkuva, l\u00e4pin\u00e4kyv\u00e4 neste, v\u00e4rit\u00f6n, haihtuva, jolle on ominaista ter\u00e4v\u00e4, makea eetterihaju. Hieman liukenee veteen. Se liukenee hyvin orgaanisiin liuottimiin. Liuenneen kuumaan veteen se hajoaa hajoamalla suolahapoksi ja formaldehydiksi. CAS: 75-09-2\",\"breadcrumb\":{\"@id\":\"https:\/\/masterchem.ee\/fi\/tooted-ja-teenused\/metyleenikloridi\/#breadcrumb\"},\"inLanguage\":\"fi\",\"potentialAction\":[{\"@type\":\"ReadAction\",\"target\":[\"https:\/\/masterchem.ee\/fi\/tooted-ja-teenused\/metyleenikloridi\/\"]}]},{\"@type\":\"ImageObject\",\"inLanguage\":\"fi\",\"@id\":\"https:\/\/masterchem.ee\/fi\/tooted-ja-teenused\/metyleenikloridi\/#primaryimage\",\"url\":\"https:\/\/masterchem.ee\/wp-content\/uploads\/2018\/02\/Methylene_chloride_1000l_MaterChem-1.jpg\",\"contentUrl\":\"https:\/\/masterchem.ee\/wp-content\/uploads\/2018\/02\/Methylene_chloride_1000l_MaterChem-1.jpg\",\"width\":1000,\"height\":1000,\"caption\":\"Metyleenikloridi 1000l MaterChem\"},{\"@type\":\"BreadcrumbList\",\"@id\":\"https:\/\/masterchem.ee\/fi\/tooted-ja-teenused\/metyleenikloridi\/#breadcrumb\",\"itemListElement\":[{\"@type\":\"ListItem\",\"position\":1,\"name\":\"Home\",\"item\":\"https:\/\/masterchem.ee\/fi\/\"},{\"@type\":\"ListItem\",\"position\":2,\"name\":\"Tooted ja teenused\",\"item\":\"https:\/\/masterchem.ee\/tooted-ja-teenused\/\"},{\"@type\":\"ListItem\",\"position\":3,\"name\":\"Metyleenikloridi (CAS 75-09-2)\"}]},{\"@type\":\"WebSite\",\"@id\":\"https:\/\/masterchem.ee\/fi\/#website\",\"url\":\"https:\/\/masterchem.ee\/fi\/\",\"name\":\"Masterchem.ee\",\"description\":\"Chemistry For Industry - Solvents &amp; Chemicals\",\"publisher\":{\"@id\":\"https:\/\/masterchem.ee\/fi\/#organization\"},\"potentialAction\":[{\"@type\":\"SearchAction\",\"target\":{\"@type\":\"EntryPoint\",\"urlTemplate\":\"https:\/\/masterchem.ee\/fi\/?s={search_term_string}\"},\"query-input\":{\"@type\":\"PropertyValueSpecification\",\"valueRequired\":true,\"valueName\":\"search_term_string\"}}],\"inLanguage\":\"fi\"},{\"@type\":\"Organization\",\"@id\":\"https:\/\/masterchem.ee\/fi\/#organization\",\"name\":\"Masterchem\",\"url\":\"https:\/\/masterchem.ee\/fi\/\",\"logo\":{\"@type\":\"ImageObject\",\"inLanguage\":\"fi\",\"@id\":\"https:\/\/masterchem.ee\/fi\/#\/schema\/logo\/image\/\",\"url\":\"https:\/\/masterchem.ee\/wp-content\/uploads\/2018\/02\/master-chem_final-1.png\",\"contentUrl\":\"https:\/\/masterchem.ee\/wp-content\/uploads\/2018\/02\/master-chem_final-1.png\",\"width\":850,\"height\":356,\"caption\":\"Masterchem\"},\"image\":{\"@id\":\"https:\/\/masterchem.ee\/fi\/#\/schema\/logo\/image\/\"}}]}<\/script>\n<!-- \/ Yoast SEO plugin. -->","yoast_head_json":{"title":"Metyleenikloridi (CAS 75-09-2) - Chemistry For Industry - Solvents &amp; Chemicals - Masterchem.ee","description":"Suosittu teollinen liuotin on metaanista johdettu orgaaninen yhdiste. Liikkuva, l\u00e4pin\u00e4kyv\u00e4 neste, v\u00e4rit\u00f6n, haihtuva, jolle on ominaista ter\u00e4v\u00e4, makea eetterihaju. Hieman liukenee veteen. Se liukenee hyvin orgaanisiin liuottimiin. Liuenneen kuumaan veteen se hajoaa hajoamalla suolahapoksi ja formaldehydiksi. CAS: 75-09-2","robots":{"index":"index","follow":"follow","max-snippet":"max-snippet:-1","max-image-preview":"max-image-preview:large","max-video-preview":"max-video-preview:-1"},"canonical":"https:\/\/masterchem.ee\/fi\/tooted-ja-teenused\/metyleenikloridi\/","twitter_card":"summary_large_image","twitter_title":"Metyleenikloridi (CAS 75-09-2) - Chemistry For Industry - Solvents &amp; Chemicals - Masterchem.ee","twitter_description":"Suosittu teollinen liuotin on metaanista johdettu orgaaninen yhdiste. Liikkuva, l\u00e4pin\u00e4kyv\u00e4 neste, v\u00e4rit\u00f6n, haihtuva, jolle on ominaista ter\u00e4v\u00e4, makea eetterihaju. Hieman liukenee veteen. Se liukenee hyvin orgaanisiin liuottimiin. Liuenneen kuumaan veteen se hajoaa hajoamalla suolahapoksi ja formaldehydiksi. CAS: 75-09-2","twitter_image":"https:\/\/masterchem.ee\/wp-content\/uploads\/2018\/02\/Methylene_chloride_1000l_MaterChem-1.jpg","twitter_misc":{"Arvioitu lukuaika":"1 minuutti"},"schema":{"@context":"https:\/\/schema.org","@graph":[{"@type":"WebPage","@id":"https:\/\/masterchem.ee\/fi\/tooted-ja-teenused\/metyleenikloridi\/","url":"https:\/\/masterchem.ee\/fi\/tooted-ja-teenused\/metyleenikloridi\/","name":"Metyleenikloridi (CAS 75-09-2) - Chemistry For Industry - Solvents &amp; Chemicals - Masterchem.ee","isPartOf":{"@id":"https:\/\/masterchem.ee\/fi\/#website"},"primaryImageOfPage":{"@id":"https:\/\/masterchem.ee\/fi\/tooted-ja-teenused\/metyleenikloridi\/#primaryimage"},"image":{"@id":"https:\/\/masterchem.ee\/fi\/tooted-ja-teenused\/metyleenikloridi\/#primaryimage"},"thumbnailUrl":"https:\/\/masterchem.ee\/wp-content\/uploads\/2018\/02\/Methylene_chloride_1000l_MaterChem-1.jpg","datePublished":"2018-02-28T17:51:46+00:00","dateModified":"2021-06-27T12:34:12+00:00","description":"Suosittu teollinen liuotin on metaanista johdettu orgaaninen yhdiste. Liikkuva, l\u00e4pin\u00e4kyv\u00e4 neste, v\u00e4rit\u00f6n, haihtuva, jolle on ominaista ter\u00e4v\u00e4, makea eetterihaju. Hieman liukenee veteen. Se liukenee hyvin orgaanisiin liuottimiin. Liuenneen kuumaan veteen se hajoaa hajoamalla suolahapoksi ja formaldehydiksi. CAS: 75-09-2","breadcrumb":{"@id":"https:\/\/masterchem.ee\/fi\/tooted-ja-teenused\/metyleenikloridi\/#breadcrumb"},"inLanguage":"fi","potentialAction":[{"@type":"ReadAction","target":["https:\/\/masterchem.ee\/fi\/tooted-ja-teenused\/metyleenikloridi\/"]}]},{"@type":"ImageObject","inLanguage":"fi","@id":"https:\/\/masterchem.ee\/fi\/tooted-ja-teenused\/metyleenikloridi\/#primaryimage","url":"https:\/\/masterchem.ee\/wp-content\/uploads\/2018\/02\/Methylene_chloride_1000l_MaterChem-1.jpg","contentUrl":"https:\/\/masterchem.ee\/wp-content\/uploads\/2018\/02\/Methylene_chloride_1000l_MaterChem-1.jpg","width":1000,"height":1000,"caption":"Metyleenikloridi 1000l MaterChem"},{"@type":"BreadcrumbList","@id":"https:\/\/masterchem.ee\/fi\/tooted-ja-teenused\/metyleenikloridi\/#breadcrumb","itemListElement":[{"@type":"ListItem","position":1,"name":"Home","item":"https:\/\/masterchem.ee\/fi\/"},{"@type":"ListItem","position":2,"name":"Tooted ja teenused","item":"https:\/\/masterchem.ee\/tooted-ja-teenused\/"},{"@type":"ListItem","position":3,"name":"Metyleenikloridi (CAS 75-09-2)"}]},{"@type":"WebSite","@id":"https:\/\/masterchem.ee\/fi\/#website","url":"https:\/\/masterchem.ee\/fi\/","name":"Masterchem.ee","description":"Chemistry For Industry - Solvents &amp; Chemicals","publisher":{"@id":"https:\/\/masterchem.ee\/fi\/#organization"},"potentialAction":[{"@type":"SearchAction","target":{"@type":"EntryPoint","urlTemplate":"https:\/\/masterchem.ee\/fi\/?s={search_term_string}"},"query-input":{"@type":"PropertyValueSpecification","valueRequired":true,"valueName":"search_term_string"}}],"inLanguage":"fi"},{"@type":"Organization","@id":"https:\/\/masterchem.ee\/fi\/#organization","name":"Masterchem","url":"https:\/\/masterchem.ee\/fi\/","logo":{"@type":"ImageObject","inLanguage":"fi","@id":"https:\/\/masterchem.ee\/fi\/#\/schema\/logo\/image\/","url":"https:\/\/masterchem.ee\/wp-content\/uploads\/2018\/02\/master-chem_final-1.png","contentUrl":"https:\/\/masterchem.ee\/wp-content\/uploads\/2018\/02\/master-chem_final-1.png","width":850,"height":356,"caption":"Masterchem"},"image":{"@id":"https:\/\/masterchem.ee\/fi\/#\/schema\/logo\/image\/"}}]}},"_links":{"self":[{"href":"https:\/\/masterchem.ee\/fi\/wp-json\/wp\/v2\/product\/816","targetHints":{"allow":["GET"]}}],"collection":[{"href":"https:\/\/masterchem.ee\/fi\/wp-json\/wp\/v2\/product"}],"about":[{"href":"https:\/\/masterchem.ee\/fi\/wp-json\/wp\/v2\/types\/product"}],"wp:featuredmedia":[{"embeddable":true,"href":"https:\/\/masterchem.ee\/fi\/wp-json\/wp\/v2\/media\/4678"}],"wp:attachment":[{"href":"https:\/\/masterchem.ee\/fi\/wp-json\/wp\/v2\/media?parent=816"}],"wp:term":[{"taxonomy":"product_brand","embeddable":true,"href":"https:\/\/masterchem.ee\/fi\/wp-json\/wp\/v2\/product_brand?post=816"},{"taxonomy":"product_cat","embeddable":true,"href":"https:\/\/masterchem.ee\/fi\/wp-json\/wp\/v2\/product_cat?post=816"},{"taxonomy":"product_tag","embeddable":true,"href":"https:\/\/masterchem.ee\/fi\/wp-json\/wp\/v2\/product_tag?post=816"}],"curies":[{"name":"wp","href":"https:\/\/api.w.org\/{rel}","templated":true}]}}