{"id":8151,"date":"2020-08-23T07:52:01","date_gmt":"2020-08-23T07:52:04","guid":{"rendered":"https:\/\/masterchem.ee\/?post_type=product&#038;p=8151"},"modified":"2021-05-25T20:38:45","modified_gmt":"2021-05-25T20:38:45","slug":"etoksipropanoli","status":"publish","type":"product","link":"https:\/\/masterchem.ee\/fi\/tooted-ja-teenused\/etoksipropanoli\/","title":{"rendered":"Etoksipropanoli (CAS 1569-02-4)"},"content":{"rendered":"<p>Etoksipropanoli (tunnetaan my\u00f6s nimell\u00e4 propeeniglykolieetteri; Arcosolv PE; etyyliproksitoli; ja propeeniglykolimonoetyylieetteri) on kirkas neste, jolla on ominainen eetterimainen haju. Sill\u00e4 on kaava C5H12O2 ja se sekoittuu veteen, se on hygroskooppinen ja tarjoaa my\u00f6s hyv\u00e4n vakavaraisuuden monille erilaisille aineille, mukaan lukien hartsit, musteet ja liimat.<\/p>\n","protected":false},"excerpt":{"rendered":"<p>Aineen nimi: 1-etoksi-2-propanoli<br \/>\nKauppanimi: Etoxy Propanol<br \/>\nEY-nro: 216-374-5<br \/>\nCAS-nro: 1569-02-4<br \/>\nHS-koodi: 29094980<br \/>\nKH-tuotekoodi: 100197<br \/>\nKaava: C5H12O2<br \/>\nSynonyymit: 1-etoksipropan-2-oli \/ 2-propanoli, 1-etoksi- \/ 2-propyleeniglykoli-1-etyylieetteri \/ alkoholit, n.o. \/ alfa-propyleeniglykoli-1-etyylieetteri \/ ARCOSOLV PE \/ EP \/ etoksipropanoli \/ glykolieetteri PE \/ napsoli PE 1 \/ PGEE \/ propasoliliuotin E \/ propyleeniglykolietyylieetteri \/ propyleeniglykolimonoetyylieetteri)<\/p>\n","protected":false},"featured_media":8195,"template":"","meta":[],"product_brand":[],"product_cat":[180,117,120,122],"product_tag":[],"class_list":{"0":"post-8151","1":"product","2":"type-product","3":"status-publish","4":"has-post-thumbnail","6":"product_cat-uncategorized-fi-2","7":"product_cat-kotitalouskemikaalit","8":"product_cat-laaketeollisuus","9":"product_cat-teollisuuskemikaalit","10":"pif-has-gallery","12":"first","13":"instock","14":"taxable","15":"shipping-taxable","16":"purchasable","17":"product-type-variable","18":"has-default-attributes"},"yoast_head":"<!-- This site is optimized with the Yoast SEO plugin v26.2 - https:\/\/yoast.com\/wordpress\/plugins\/seo\/ -->\n<title>Etoksipropanoli (CAS 1569-02-4) - Chemistry For Industry - Solvents &amp; Chemicals - Masterchem.ee<\/title>\n<meta name=\"description\" content=\"toksipropanoli (tunnetaan my\u00f6s nimell\u00e4 propeeniglykolieetteri; Arcosolv PE; etyyliproksitoli; ja propeeniglykolimonoetyylieetteri) on kirkas neste, jolla on ominainen eetterimainen haju. CAS: 1569-02-4\" \/>\n<meta name=\"robots\" content=\"index, follow, max-snippet:-1, max-image-preview:large, max-video-preview:-1\" \/>\n<link rel=\"canonical\" href=\"https:\/\/masterchem.ee\/fi\/tooted-ja-teenused\/etoksipropanoli\/\" \/>\n<meta name=\"twitter:card\" content=\"summary_large_image\" \/>\n<meta name=\"twitter:title\" content=\"Etoksipropanoli (CAS 1569-02-4) - Chemistry For Industry - Solvents &amp; Chemicals - Masterchem.ee\" \/>\n<meta name=\"twitter:description\" content=\"toksipropanoli (tunnetaan my\u00f6s nimell\u00e4 propeeniglykolieetteri; Arcosolv PE; etyyliproksitoli; ja propeeniglykolimonoetyylieetteri) on kirkas neste, jolla on ominainen eetterimainen haju. CAS: 1569-02-4\" \/>\n<meta name=\"twitter:image\" content=\"https:\/\/masterchem.ee\/wp-content\/uploads\/2020\/08\/ETOKSUPROPANOOL-1000l-MasterChem.jpg\" \/>\n<script type=\"application\/ld+json\" class=\"yoast-schema-graph\">{\"@context\":\"https:\/\/schema.org\",\"@graph\":[{\"@type\":\"WebPage\",\"@id\":\"https:\/\/masterchem.ee\/fi\/tooted-ja-teenused\/etoksipropanoli\/\",\"url\":\"https:\/\/masterchem.ee\/fi\/tooted-ja-teenused\/etoksipropanoli\/\",\"name\":\"Etoksipropanoli (CAS 1569-02-4) - Chemistry For Industry - Solvents &amp; Chemicals - Masterchem.ee\",\"isPartOf\":{\"@id\":\"https:\/\/masterchem.ee\/fi\/#website\"},\"primaryImageOfPage\":{\"@id\":\"https:\/\/masterchem.ee\/fi\/tooted-ja-teenused\/etoksipropanoli\/#primaryimage\"},\"image\":{\"@id\":\"https:\/\/masterchem.ee\/fi\/tooted-ja-teenused\/etoksipropanoli\/#primaryimage\"},\"thumbnailUrl\":\"https:\/\/masterchem.ee\/wp-content\/uploads\/2020\/08\/ETOKSUPROPANOOL-1000l-MasterChem.jpg\",\"datePublished\":\"2020-08-23T07:52:04+00:00\",\"dateModified\":\"2021-05-25T20:38:45+00:00\",\"description\":\"toksipropanoli (tunnetaan my\u00f6s nimell\u00e4 propeeniglykolieetteri; Arcosolv PE; etyyliproksitoli; ja propeeniglykolimonoetyylieetteri) on kirkas neste, jolla on ominainen eetterimainen haju. CAS: 1569-02-4\",\"breadcrumb\":{\"@id\":\"https:\/\/masterchem.ee\/fi\/tooted-ja-teenused\/etoksipropanoli\/#breadcrumb\"},\"inLanguage\":\"fi\",\"potentialAction\":[{\"@type\":\"ReadAction\",\"target\":[\"https:\/\/masterchem.ee\/fi\/tooted-ja-teenused\/etoksipropanoli\/\"]}]},{\"@type\":\"ImageObject\",\"inLanguage\":\"fi\",\"@id\":\"https:\/\/masterchem.ee\/fi\/tooted-ja-teenused\/etoksipropanoli\/#primaryimage\",\"url\":\"https:\/\/masterchem.ee\/wp-content\/uploads\/2020\/08\/ETOKSUPROPANOOL-1000l-MasterChem.jpg\",\"contentUrl\":\"https:\/\/masterchem.ee\/wp-content\/uploads\/2020\/08\/ETOKSUPROPANOOL-1000l-MasterChem.jpg\",\"width\":1000,\"height\":1000,\"caption\":\"Etoksipropanoli 1000l MasterChem\"},{\"@type\":\"BreadcrumbList\",\"@id\":\"https:\/\/masterchem.ee\/fi\/tooted-ja-teenused\/etoksipropanoli\/#breadcrumb\",\"itemListElement\":[{\"@type\":\"ListItem\",\"position\":1,\"name\":\"Home\",\"item\":\"https:\/\/masterchem.ee\/fi\/\"},{\"@type\":\"ListItem\",\"position\":2,\"name\":\"Tooted ja teenused\",\"item\":\"https:\/\/masterchem.ee\/tooted-ja-teenused\/\"},{\"@type\":\"ListItem\",\"position\":3,\"name\":\"Etoksipropanoli (CAS 1569-02-4)\"}]},{\"@type\":\"WebSite\",\"@id\":\"https:\/\/masterchem.ee\/fi\/#website\",\"url\":\"https:\/\/masterchem.ee\/fi\/\",\"name\":\"Masterchem.ee\",\"description\":\"Chemistry For Industry - Solvents &amp; Chemicals\",\"publisher\":{\"@id\":\"https:\/\/masterchem.ee\/fi\/#organization\"},\"potentialAction\":[{\"@type\":\"SearchAction\",\"target\":{\"@type\":\"EntryPoint\",\"urlTemplate\":\"https:\/\/masterchem.ee\/fi\/?s={search_term_string}\"},\"query-input\":{\"@type\":\"PropertyValueSpecification\",\"valueRequired\":true,\"valueName\":\"search_term_string\"}}],\"inLanguage\":\"fi\"},{\"@type\":\"Organization\",\"@id\":\"https:\/\/masterchem.ee\/fi\/#organization\",\"name\":\"Masterchem\",\"url\":\"https:\/\/masterchem.ee\/fi\/\",\"logo\":{\"@type\":\"ImageObject\",\"inLanguage\":\"fi\",\"@id\":\"https:\/\/masterchem.ee\/fi\/#\/schema\/logo\/image\/\",\"url\":\"https:\/\/masterchem.ee\/wp-content\/uploads\/2018\/02\/master-chem_final-1.png\",\"contentUrl\":\"https:\/\/masterchem.ee\/wp-content\/uploads\/2018\/02\/master-chem_final-1.png\",\"width\":850,\"height\":356,\"caption\":\"Masterchem\"},\"image\":{\"@id\":\"https:\/\/masterchem.ee\/fi\/#\/schema\/logo\/image\/\"}}]}<\/script>\n<!-- \/ Yoast SEO plugin. -->","yoast_head_json":{"title":"Etoksipropanoli (CAS 1569-02-4) - Chemistry For Industry - Solvents &amp; Chemicals - Masterchem.ee","description":"toksipropanoli (tunnetaan my\u00f6s nimell\u00e4 propeeniglykolieetteri; Arcosolv PE; etyyliproksitoli; ja propeeniglykolimonoetyylieetteri) on kirkas neste, jolla on ominainen eetterimainen haju. CAS: 1569-02-4","robots":{"index":"index","follow":"follow","max-snippet":"max-snippet:-1","max-image-preview":"max-image-preview:large","max-video-preview":"max-video-preview:-1"},"canonical":"https:\/\/masterchem.ee\/fi\/tooted-ja-teenused\/etoksipropanoli\/","twitter_card":"summary_large_image","twitter_title":"Etoksipropanoli (CAS 1569-02-4) - Chemistry For Industry - Solvents &amp; Chemicals - Masterchem.ee","twitter_description":"toksipropanoli (tunnetaan my\u00f6s nimell\u00e4 propeeniglykolieetteri; Arcosolv PE; etyyliproksitoli; ja propeeniglykolimonoetyylieetteri) on kirkas neste, jolla on ominainen eetterimainen haju. CAS: 1569-02-4","twitter_image":"https:\/\/masterchem.ee\/wp-content\/uploads\/2020\/08\/ETOKSUPROPANOOL-1000l-MasterChem.jpg","schema":{"@context":"https:\/\/schema.org","@graph":[{"@type":"WebPage","@id":"https:\/\/masterchem.ee\/fi\/tooted-ja-teenused\/etoksipropanoli\/","url":"https:\/\/masterchem.ee\/fi\/tooted-ja-teenused\/etoksipropanoli\/","name":"Etoksipropanoli (CAS 1569-02-4) - Chemistry For Industry - Solvents &amp; Chemicals - Masterchem.ee","isPartOf":{"@id":"https:\/\/masterchem.ee\/fi\/#website"},"primaryImageOfPage":{"@id":"https:\/\/masterchem.ee\/fi\/tooted-ja-teenused\/etoksipropanoli\/#primaryimage"},"image":{"@id":"https:\/\/masterchem.ee\/fi\/tooted-ja-teenused\/etoksipropanoli\/#primaryimage"},"thumbnailUrl":"https:\/\/masterchem.ee\/wp-content\/uploads\/2020\/08\/ETOKSUPROPANOOL-1000l-MasterChem.jpg","datePublished":"2020-08-23T07:52:04+00:00","dateModified":"2021-05-25T20:38:45+00:00","description":"toksipropanoli (tunnetaan my\u00f6s nimell\u00e4 propeeniglykolieetteri; Arcosolv PE; etyyliproksitoli; ja propeeniglykolimonoetyylieetteri) on kirkas neste, jolla on ominainen eetterimainen haju. CAS: 1569-02-4","breadcrumb":{"@id":"https:\/\/masterchem.ee\/fi\/tooted-ja-teenused\/etoksipropanoli\/#breadcrumb"},"inLanguage":"fi","potentialAction":[{"@type":"ReadAction","target":["https:\/\/masterchem.ee\/fi\/tooted-ja-teenused\/etoksipropanoli\/"]}]},{"@type":"ImageObject","inLanguage":"fi","@id":"https:\/\/masterchem.ee\/fi\/tooted-ja-teenused\/etoksipropanoli\/#primaryimage","url":"https:\/\/masterchem.ee\/wp-content\/uploads\/2020\/08\/ETOKSUPROPANOOL-1000l-MasterChem.jpg","contentUrl":"https:\/\/masterchem.ee\/wp-content\/uploads\/2020\/08\/ETOKSUPROPANOOL-1000l-MasterChem.jpg","width":1000,"height":1000,"caption":"Etoksipropanoli 1000l MasterChem"},{"@type":"BreadcrumbList","@id":"https:\/\/masterchem.ee\/fi\/tooted-ja-teenused\/etoksipropanoli\/#breadcrumb","itemListElement":[{"@type":"ListItem","position":1,"name":"Home","item":"https:\/\/masterchem.ee\/fi\/"},{"@type":"ListItem","position":2,"name":"Tooted ja teenused","item":"https:\/\/masterchem.ee\/tooted-ja-teenused\/"},{"@type":"ListItem","position":3,"name":"Etoksipropanoli (CAS 1569-02-4)"}]},{"@type":"WebSite","@id":"https:\/\/masterchem.ee\/fi\/#website","url":"https:\/\/masterchem.ee\/fi\/","name":"Masterchem.ee","description":"Chemistry For Industry - Solvents &amp; Chemicals","publisher":{"@id":"https:\/\/masterchem.ee\/fi\/#organization"},"potentialAction":[{"@type":"SearchAction","target":{"@type":"EntryPoint","urlTemplate":"https:\/\/masterchem.ee\/fi\/?s={search_term_string}"},"query-input":{"@type":"PropertyValueSpecification","valueRequired":true,"valueName":"search_term_string"}}],"inLanguage":"fi"},{"@type":"Organization","@id":"https:\/\/masterchem.ee\/fi\/#organization","name":"Masterchem","url":"https:\/\/masterchem.ee\/fi\/","logo":{"@type":"ImageObject","inLanguage":"fi","@id":"https:\/\/masterchem.ee\/fi\/#\/schema\/logo\/image\/","url":"https:\/\/masterchem.ee\/wp-content\/uploads\/2018\/02\/master-chem_final-1.png","contentUrl":"https:\/\/masterchem.ee\/wp-content\/uploads\/2018\/02\/master-chem_final-1.png","width":850,"height":356,"caption":"Masterchem"},"image":{"@id":"https:\/\/masterchem.ee\/fi\/#\/schema\/logo\/image\/"}}]}},"_links":{"self":[{"href":"https:\/\/masterchem.ee\/fi\/wp-json\/wp\/v2\/product\/8151","targetHints":{"allow":["GET"]}}],"collection":[{"href":"https:\/\/masterchem.ee\/fi\/wp-json\/wp\/v2\/product"}],"about":[{"href":"https:\/\/masterchem.ee\/fi\/wp-json\/wp\/v2\/types\/product"}],"wp:featuredmedia":[{"embeddable":true,"href":"https:\/\/masterchem.ee\/fi\/wp-json\/wp\/v2\/media\/8195"}],"wp:attachment":[{"href":"https:\/\/masterchem.ee\/fi\/wp-json\/wp\/v2\/media?parent=8151"}],"wp:term":[{"taxonomy":"product_brand","embeddable":true,"href":"https:\/\/masterchem.ee\/fi\/wp-json\/wp\/v2\/product_brand?post=8151"},{"taxonomy":"product_cat","embeddable":true,"href":"https:\/\/masterchem.ee\/fi\/wp-json\/wp\/v2\/product_cat?post=8151"},{"taxonomy":"product_tag","embeddable":true,"href":"https:\/\/masterchem.ee\/fi\/wp-json\/wp\/v2\/product_tag?post=8151"}],"curies":[{"name":"wp","href":"https:\/\/api.w.org\/{rel}","templated":true}]}}