{"id":814,"date":"2018-02-28T17:48:36","date_gmt":"2018-02-28T17:48:36","guid":{"rendered":"https:\/\/masterchem.ee\/product\/metyylietyyliketoni-2\/"},"modified":"2021-05-25T22:14:48","modified_gmt":"2021-05-25T22:14:48","slug":"metyyli-isobutyyliketoni","status":"publish","type":"product","link":"https:\/\/masterchem.ee\/fi\/tooted-ja-teenused\/metyyli-isobutyyliketoni\/","title":{"rendered":"Metyyli-isobutyyliketoni (CAS 108-10-1)"},"content":{"rendered":"<p style=\"text-align: justify;\">Metyyli-isobutyyliketonia valmistetaan usealla eri tavalla. Useimmissa niiss\u00e4 l\u00e4ht\u00f6aineena on\u00a0asetoni. Kolmivaiheisessa prosessissa asetoni muodostaa em\u00e4skatalysoidulla\u00a0aldoliadditiolla\u00a0diasetonialkoholia. Diasetonialkoholista\u00a0eliminoituuhapon vaikutuksesta vett\u00e4, jolloin muodostuu\u00a0mesityylioksidia. Mesityylioksidi voidaan pelkist\u00e4\u00e4 vedyll\u00e4 palladiumkatalyytin l\u00e4sn\u00e4 ollessa metyyli-isobutyyliketoniksi. Korkeammassa l\u00e4mp\u00f6tilassa ja\u00a0sinkkioksidi- tai kuparikatalyytin l\u00e4sn\u00e4 ollessa asetoni kondensoituu suoraan mesityylioksidiksi, joka voidaan pelkist\u00e4\u00e4 metyyli-isobutyyliketoniksi kuten edell\u00e4. Kolmas asetonia l\u00e4ht\u00f6aineenaan k\u00e4ytt\u00e4v\u00e4 prosessi on suora valmistus asetonista, mik\u00e4 on mahdollista palladium ja zirkoniumkatalyyttien avulla. Metyyli-isobutyyliketonia voidaan valmistaa my\u00f6s\u00a0isopropanolista.[1][2]<\/p>\n","protected":false},"excerpt":{"rendered":"<p style=\"text-align: justify;\"><b>Muut nimet: Metyyli-isobutyyliketoni, 4-metyyli-2-pentanoni <\/b><\/p>\n<p style=\"text-align: justify;\">Metyyli-isobutyyliketoni\u00a0on\u00a0<a title=\"Orgaaninen yhdiste\" href=\"https:\/\/fi.wikipedia.org\/wiki\/Orgaaninen_yhdiste\">orgaaninen yhdiste<\/a>\u00a0(<a class=\"mw-redirect\" title=\"Ketoni\" href=\"https:\/\/fi.wikipedia.org\/wiki\/Ketoni\">ketoni<\/a>), joka on huoneenl\u00e4mm\u00f6ss\u00e4 (20\u00a0\u00b0C)\u00a0<a title=\"Olomuoto\" href=\"https:\/\/fi.wikipedia.org\/wiki\/Olomuoto\">olomuodoltaan<\/a>\u00a0v\u00e4rit\u00f6nt\u00e4\u00a0<a title=\"Neste\" href=\"https:\/\/fi.wikipedia.org\/wiki\/Neste\">nestett\u00e4<\/a>, jolla on tunnusomainen haju. Sen\u00a0<a title=\"Kemiallinen kaava\" href=\"https:\/\/fi.wikipedia.org\/wiki\/Kemiallinen_kaava\">kemiallinen kaava<\/a>\u00a0on C<sub>6<\/sub>H<sub>12<\/sub>O ja\u00a0<a title=\"Rakennekaava\" href=\"https:\/\/fi.wikipedia.org\/wiki\/Rakennekaava\">rakennekaava<\/a>\u00a0on CH<sub>3<\/sub>COCH<sub>2<\/sub>CH(CH<sub>3<\/sub>)<sub>2<\/sub>. Metyyli-isobutyyliketonista k\u00e4ytet\u00e4\u00e4n my\u00f6s nimityksi\u00e4\u00a0<i>4-metyyli-2-pentanoni<\/i>,\u00a0<i>isopropyyliasetoni<\/i>\u00a0ja\u00a0<i>heksoni<\/i>.<\/p>\n<p style=\"text-align: left;\">Metyyli-isobutyyliketonin\u00a0<a title=\"Moolimassa\" href=\"https:\/\/fi.wikipedia.org\/wiki\/Moolimassa\">moolimassa<\/a>\u00a0on 100,2\u00a0g\/mol,\u00a0<a title=\"Sulamispiste\" href=\"https:\/\/fi.wikipedia.org\/wiki\/Sulamispiste\">sulamispiste<\/a>\u00a0\u221284,7\u00a0\u00b0C,\u00a0<a title=\"Kiehumispiste\" href=\"https:\/\/fi.wikipedia.org\/wiki\/Kiehumispiste\">kiehumispiste<\/a>\u00a0117\u2013118\u00a0\u00b0C,\u00a0<a title=\"Tiheys\" href=\"https:\/\/fi.wikipedia.org\/wiki\/Tiheys\">tiheys<\/a>0,8\u00a0g\/cm<sup>3<\/sup>, liukoisuus veteen 20\u00a0\u00b0C\u00a0<a title=\"L\u00e4mp\u00f6tila\" href=\"https:\/\/fi.wikipedia.org\/wiki\/L%C3%A4mp%C3%B6tila\">l\u00e4mp\u00f6tilassa<\/a>\u00a01,91\u00a0g\u00a0\/\u00a0100\u00a0ml,\u00a0<a title=\"Leimahduspiste\" href=\"https:\/\/fi.wikipedia.org\/wiki\/Leimahduspiste\">leimahduspiste<\/a>\u00a014\u00a0\u00b0C (c.c.),\u00a0<a title=\"Itsesyttymisl\u00e4mp\u00f6tila\" href=\"https:\/\/fi.wikipedia.org\/wiki\/Itsesyttymisl%C3%A4mp%C3%B6tila\">itsesyttymisl\u00e4mp\u00f6tila<\/a>460\u00a0\u00b0C ja\u00a0<a title=\"CAS-numero\" href=\"https:\/\/fi.wikipedia.org\/wiki\/CAS-numero\">CAS-numero<\/a>\u00a0108-10-1.<\/p>\n<p style=\"text-align: left;\">\n<p>CAS: 108-10-1<\/p>\n","protected":false},"featured_media":6794,"template":"","meta":[],"product_brand":[],"product_cat":[180,117,120,118,153,114,154,152],"product_tag":[],"class_list":{"0":"post-814","1":"product","2":"type-product","3":"status-publish","4":"has-post-thumbnail","6":"product_cat-uncategorized-fi-2","7":"product_cat-kotitalouskemikaalit","8":"product_cat-laaketeollisuus","9":"product_cat-metallikemikaalit","10":"product_cat-puunjalostuskemikaalit","11":"product_cat-rakennusteollisuus","12":"product_cat-tien-maalaus","13":"product_cat-tipografiset-kemikaalit","14":"pif-has-gallery","16":"first","17":"instock","18":"taxable","19":"shipping-taxable","20":"purchasable","21":"product-type-variable","22":"has-default-attributes"},"yoast_head":"<!-- This site is optimized with the Yoast SEO plugin v26.2 - https:\/\/yoast.com\/wordpress\/plugins\/seo\/ -->\n<title>Metyyli-isobutyyliketoni (CAS 108-10-1) - Chemistry For Industry - Solvents &amp; Chemicals - Masterchem.ee<\/title>\n<meta name=\"description\" content=\"Metyyli-isobutyyliketoni on orgaaninen yhdiste (ketoni), joka on huoneenl\u00e4mm\u00f6ss\u00e4 (20 \u00b0C) olomuodoltaan v\u00e4rit\u00f6nt\u00e4 nestett\u00e4, jolla on tunnusomainen haju. Sen kemiallinen kaava on C6H12O ja rakennekaava on CH3COCH2CH(CH3)2. Metyyli-isobutyyliketonista k\u00e4ytet\u00e4\u00e4n my\u00f6s nimityksi\u00e4 4-metyyli-2-pentanoni, isopropyyliasetoni ja heksoni. CAS: 108-10-1\" \/>\n<meta name=\"robots\" content=\"index, follow, max-snippet:-1, max-image-preview:large, max-video-preview:-1\" \/>\n<link rel=\"canonical\" href=\"https:\/\/masterchem.ee\/fi\/tooted-ja-teenused\/metyyli-isobutyyliketoni\/\" \/>\n<meta name=\"twitter:card\" content=\"summary_large_image\" \/>\n<meta name=\"twitter:title\" content=\"Metyyli-isobutyyliketoni (CAS 108-10-1) - Chemistry For Industry - Solvents &amp; Chemicals - Masterchem.ee\" \/>\n<meta name=\"twitter:description\" content=\"Metyyli-isobutyyliketoni on orgaaninen yhdiste (ketoni), joka on huoneenl\u00e4mm\u00f6ss\u00e4 (20 \u00b0C) olomuodoltaan v\u00e4rit\u00f6nt\u00e4 nestett\u00e4, jolla on tunnusomainen haju. Sen kemiallinen kaava on C6H12O ja rakennekaava on CH3COCH2CH(CH3)2. Metyyli-isobutyyliketonista k\u00e4ytet\u00e4\u00e4n my\u00f6s nimityksi\u00e4 4-metyyli-2-pentanoni, isopropyyliasetoni ja heksoni. CAS: 108-10-1\" \/>\n<meta name=\"twitter:image\" content=\"https:\/\/masterchem.ee\/wp-content\/uploads\/2018\/02\/METHYL-ISOBUTYL-KETONE-1000l-MasterChem.jpg\" \/>\n<script type=\"application\/ld+json\" class=\"yoast-schema-graph\">{\"@context\":\"https:\/\/schema.org\",\"@graph\":[{\"@type\":\"WebPage\",\"@id\":\"https:\/\/masterchem.ee\/fi\/tooted-ja-teenused\/metyyli-isobutyyliketoni\/\",\"url\":\"https:\/\/masterchem.ee\/fi\/tooted-ja-teenused\/metyyli-isobutyyliketoni\/\",\"name\":\"Metyyli-isobutyyliketoni (CAS 108-10-1) - Chemistry For Industry - Solvents &amp; Chemicals - Masterchem.ee\",\"isPartOf\":{\"@id\":\"https:\/\/masterchem.ee\/fi\/#website\"},\"primaryImageOfPage\":{\"@id\":\"https:\/\/masterchem.ee\/fi\/tooted-ja-teenused\/metyyli-isobutyyliketoni\/#primaryimage\"},\"image\":{\"@id\":\"https:\/\/masterchem.ee\/fi\/tooted-ja-teenused\/metyyli-isobutyyliketoni\/#primaryimage\"},\"thumbnailUrl\":\"https:\/\/masterchem.ee\/wp-content\/uploads\/2018\/02\/METHYL-ISOBUTYL-KETONE-1000l-MasterChem.jpg\",\"datePublished\":\"2018-02-28T17:48:36+00:00\",\"dateModified\":\"2021-05-25T22:14:48+00:00\",\"description\":\"Metyyli-isobutyyliketoni on orgaaninen yhdiste (ketoni), joka on huoneenl\u00e4mm\u00f6ss\u00e4 (20 \u00b0C) olomuodoltaan v\u00e4rit\u00f6nt\u00e4 nestett\u00e4, jolla on tunnusomainen haju. Sen kemiallinen kaava on C6H12O ja rakennekaava on CH3COCH2CH(CH3)2. Metyyli-isobutyyliketonista k\u00e4ytet\u00e4\u00e4n my\u00f6s nimityksi\u00e4 4-metyyli-2-pentanoni, isopropyyliasetoni ja heksoni. CAS: 108-10-1\",\"breadcrumb\":{\"@id\":\"https:\/\/masterchem.ee\/fi\/tooted-ja-teenused\/metyyli-isobutyyliketoni\/#breadcrumb\"},\"inLanguage\":\"fi\",\"potentialAction\":[{\"@type\":\"ReadAction\",\"target\":[\"https:\/\/masterchem.ee\/fi\/tooted-ja-teenused\/metyyli-isobutyyliketoni\/\"]}]},{\"@type\":\"ImageObject\",\"inLanguage\":\"fi\",\"@id\":\"https:\/\/masterchem.ee\/fi\/tooted-ja-teenused\/metyyli-isobutyyliketoni\/#primaryimage\",\"url\":\"https:\/\/masterchem.ee\/wp-content\/uploads\/2018\/02\/METHYL-ISOBUTYL-KETONE-1000l-MasterChem.jpg\",\"contentUrl\":\"https:\/\/masterchem.ee\/wp-content\/uploads\/2018\/02\/METHYL-ISOBUTYL-KETONE-1000l-MasterChem.jpg\",\"width\":1000,\"height\":1000,\"caption\":\"Metyyli-isobutyyliketoni 1000l MasterChem\"},{\"@type\":\"BreadcrumbList\",\"@id\":\"https:\/\/masterchem.ee\/fi\/tooted-ja-teenused\/metyyli-isobutyyliketoni\/#breadcrumb\",\"itemListElement\":[{\"@type\":\"ListItem\",\"position\":1,\"name\":\"Home\",\"item\":\"https:\/\/masterchem.ee\/fi\/\"},{\"@type\":\"ListItem\",\"position\":2,\"name\":\"Tooted ja teenused\",\"item\":\"https:\/\/masterchem.ee\/tooted-ja-teenused\/\"},{\"@type\":\"ListItem\",\"position\":3,\"name\":\"Metyyli-isobutyyliketoni (CAS 108-10-1)\"}]},{\"@type\":\"WebSite\",\"@id\":\"https:\/\/masterchem.ee\/fi\/#website\",\"url\":\"https:\/\/masterchem.ee\/fi\/\",\"name\":\"Masterchem.ee\",\"description\":\"Chemistry For Industry - Solvents &amp; Chemicals\",\"publisher\":{\"@id\":\"https:\/\/masterchem.ee\/fi\/#organization\"},\"potentialAction\":[{\"@type\":\"SearchAction\",\"target\":{\"@type\":\"EntryPoint\",\"urlTemplate\":\"https:\/\/masterchem.ee\/fi\/?s={search_term_string}\"},\"query-input\":{\"@type\":\"PropertyValueSpecification\",\"valueRequired\":true,\"valueName\":\"search_term_string\"}}],\"inLanguage\":\"fi\"},{\"@type\":\"Organization\",\"@id\":\"https:\/\/masterchem.ee\/fi\/#organization\",\"name\":\"Masterchem\",\"url\":\"https:\/\/masterchem.ee\/fi\/\",\"logo\":{\"@type\":\"ImageObject\",\"inLanguage\":\"fi\",\"@id\":\"https:\/\/masterchem.ee\/fi\/#\/schema\/logo\/image\/\",\"url\":\"https:\/\/masterchem.ee\/wp-content\/uploads\/2018\/02\/master-chem_final-1.png\",\"contentUrl\":\"https:\/\/masterchem.ee\/wp-content\/uploads\/2018\/02\/master-chem_final-1.png\",\"width\":850,\"height\":356,\"caption\":\"Masterchem\"},\"image\":{\"@id\":\"https:\/\/masterchem.ee\/fi\/#\/schema\/logo\/image\/\"}}]}<\/script>\n<!-- \/ Yoast SEO plugin. -->","yoast_head_json":{"title":"Metyyli-isobutyyliketoni (CAS 108-10-1) - Chemistry For Industry - Solvents &amp; Chemicals - Masterchem.ee","description":"Metyyli-isobutyyliketoni on orgaaninen yhdiste (ketoni), joka on huoneenl\u00e4mm\u00f6ss\u00e4 (20 \u00b0C) olomuodoltaan v\u00e4rit\u00f6nt\u00e4 nestett\u00e4, jolla on tunnusomainen haju. Sen kemiallinen kaava on C6H12O ja rakennekaava on CH3COCH2CH(CH3)2. Metyyli-isobutyyliketonista k\u00e4ytet\u00e4\u00e4n my\u00f6s nimityksi\u00e4 4-metyyli-2-pentanoni, isopropyyliasetoni ja heksoni. CAS: 108-10-1","robots":{"index":"index","follow":"follow","max-snippet":"max-snippet:-1","max-image-preview":"max-image-preview:large","max-video-preview":"max-video-preview:-1"},"canonical":"https:\/\/masterchem.ee\/fi\/tooted-ja-teenused\/metyyli-isobutyyliketoni\/","twitter_card":"summary_large_image","twitter_title":"Metyyli-isobutyyliketoni (CAS 108-10-1) - Chemistry For Industry - Solvents &amp; Chemicals - Masterchem.ee","twitter_description":"Metyyli-isobutyyliketoni on orgaaninen yhdiste (ketoni), joka on huoneenl\u00e4mm\u00f6ss\u00e4 (20 \u00b0C) olomuodoltaan v\u00e4rit\u00f6nt\u00e4 nestett\u00e4, jolla on tunnusomainen haju. Sen kemiallinen kaava on C6H12O ja rakennekaava on CH3COCH2CH(CH3)2. Metyyli-isobutyyliketonista k\u00e4ytet\u00e4\u00e4n my\u00f6s nimityksi\u00e4 4-metyyli-2-pentanoni, isopropyyliasetoni ja heksoni. CAS: 108-10-1","twitter_image":"https:\/\/masterchem.ee\/wp-content\/uploads\/2018\/02\/METHYL-ISOBUTYL-KETONE-1000l-MasterChem.jpg","schema":{"@context":"https:\/\/schema.org","@graph":[{"@type":"WebPage","@id":"https:\/\/masterchem.ee\/fi\/tooted-ja-teenused\/metyyli-isobutyyliketoni\/","url":"https:\/\/masterchem.ee\/fi\/tooted-ja-teenused\/metyyli-isobutyyliketoni\/","name":"Metyyli-isobutyyliketoni (CAS 108-10-1) - Chemistry For Industry - Solvents &amp; Chemicals - Masterchem.ee","isPartOf":{"@id":"https:\/\/masterchem.ee\/fi\/#website"},"primaryImageOfPage":{"@id":"https:\/\/masterchem.ee\/fi\/tooted-ja-teenused\/metyyli-isobutyyliketoni\/#primaryimage"},"image":{"@id":"https:\/\/masterchem.ee\/fi\/tooted-ja-teenused\/metyyli-isobutyyliketoni\/#primaryimage"},"thumbnailUrl":"https:\/\/masterchem.ee\/wp-content\/uploads\/2018\/02\/METHYL-ISOBUTYL-KETONE-1000l-MasterChem.jpg","datePublished":"2018-02-28T17:48:36+00:00","dateModified":"2021-05-25T22:14:48+00:00","description":"Metyyli-isobutyyliketoni on orgaaninen yhdiste (ketoni), joka on huoneenl\u00e4mm\u00f6ss\u00e4 (20 \u00b0C) olomuodoltaan v\u00e4rit\u00f6nt\u00e4 nestett\u00e4, jolla on tunnusomainen haju. Sen kemiallinen kaava on C6H12O ja rakennekaava on CH3COCH2CH(CH3)2. Metyyli-isobutyyliketonista k\u00e4ytet\u00e4\u00e4n my\u00f6s nimityksi\u00e4 4-metyyli-2-pentanoni, isopropyyliasetoni ja heksoni. CAS: 108-10-1","breadcrumb":{"@id":"https:\/\/masterchem.ee\/fi\/tooted-ja-teenused\/metyyli-isobutyyliketoni\/#breadcrumb"},"inLanguage":"fi","potentialAction":[{"@type":"ReadAction","target":["https:\/\/masterchem.ee\/fi\/tooted-ja-teenused\/metyyli-isobutyyliketoni\/"]}]},{"@type":"ImageObject","inLanguage":"fi","@id":"https:\/\/masterchem.ee\/fi\/tooted-ja-teenused\/metyyli-isobutyyliketoni\/#primaryimage","url":"https:\/\/masterchem.ee\/wp-content\/uploads\/2018\/02\/METHYL-ISOBUTYL-KETONE-1000l-MasterChem.jpg","contentUrl":"https:\/\/masterchem.ee\/wp-content\/uploads\/2018\/02\/METHYL-ISOBUTYL-KETONE-1000l-MasterChem.jpg","width":1000,"height":1000,"caption":"Metyyli-isobutyyliketoni 1000l MasterChem"},{"@type":"BreadcrumbList","@id":"https:\/\/masterchem.ee\/fi\/tooted-ja-teenused\/metyyli-isobutyyliketoni\/#breadcrumb","itemListElement":[{"@type":"ListItem","position":1,"name":"Home","item":"https:\/\/masterchem.ee\/fi\/"},{"@type":"ListItem","position":2,"name":"Tooted ja teenused","item":"https:\/\/masterchem.ee\/tooted-ja-teenused\/"},{"@type":"ListItem","position":3,"name":"Metyyli-isobutyyliketoni (CAS 108-10-1)"}]},{"@type":"WebSite","@id":"https:\/\/masterchem.ee\/fi\/#website","url":"https:\/\/masterchem.ee\/fi\/","name":"Masterchem.ee","description":"Chemistry For Industry - Solvents &amp; Chemicals","publisher":{"@id":"https:\/\/masterchem.ee\/fi\/#organization"},"potentialAction":[{"@type":"SearchAction","target":{"@type":"EntryPoint","urlTemplate":"https:\/\/masterchem.ee\/fi\/?s={search_term_string}"},"query-input":{"@type":"PropertyValueSpecification","valueRequired":true,"valueName":"search_term_string"}}],"inLanguage":"fi"},{"@type":"Organization","@id":"https:\/\/masterchem.ee\/fi\/#organization","name":"Masterchem","url":"https:\/\/masterchem.ee\/fi\/","logo":{"@type":"ImageObject","inLanguage":"fi","@id":"https:\/\/masterchem.ee\/fi\/#\/schema\/logo\/image\/","url":"https:\/\/masterchem.ee\/wp-content\/uploads\/2018\/02\/master-chem_final-1.png","contentUrl":"https:\/\/masterchem.ee\/wp-content\/uploads\/2018\/02\/master-chem_final-1.png","width":850,"height":356,"caption":"Masterchem"},"image":{"@id":"https:\/\/masterchem.ee\/fi\/#\/schema\/logo\/image\/"}}]}},"_links":{"self":[{"href":"https:\/\/masterchem.ee\/fi\/wp-json\/wp\/v2\/product\/814","targetHints":{"allow":["GET"]}}],"collection":[{"href":"https:\/\/masterchem.ee\/fi\/wp-json\/wp\/v2\/product"}],"about":[{"href":"https:\/\/masterchem.ee\/fi\/wp-json\/wp\/v2\/types\/product"}],"wp:featuredmedia":[{"embeddable":true,"href":"https:\/\/masterchem.ee\/fi\/wp-json\/wp\/v2\/media\/6794"}],"wp:attachment":[{"href":"https:\/\/masterchem.ee\/fi\/wp-json\/wp\/v2\/media?parent=814"}],"wp:term":[{"taxonomy":"product_brand","embeddable":true,"href":"https:\/\/masterchem.ee\/fi\/wp-json\/wp\/v2\/product_brand?post=814"},{"taxonomy":"product_cat","embeddable":true,"href":"https:\/\/masterchem.ee\/fi\/wp-json\/wp\/v2\/product_cat?post=814"},{"taxonomy":"product_tag","embeddable":true,"href":"https:\/\/masterchem.ee\/fi\/wp-json\/wp\/v2\/product_tag?post=814"}],"curies":[{"name":"wp","href":"https:\/\/api.w.org\/{rel}","templated":true}]}}