{"id":812,"date":"2018-02-28T17:37:55","date_gmt":"2018-02-28T17:37:55","guid":{"rendered":"https:\/\/masterchem.ee\/product\/metyylietyyliketoni\/"},"modified":"2021-06-27T10:33:57","modified_gmt":"2021-06-27T10:33:57","slug":"metyylietyyliketoni","status":"publish","type":"product","link":"https:\/\/masterchem.ee\/fi\/tooted-ja-teenused\/metyylietyyliketoni\/","title":{"rendered":"Metyylietyyliketoni MEK (CAS 78-93-3)"},"content":{"rendered":"<p>Metyylietyyliketonia k\u00e4ytet\u00e4\u00e4n yleisesti\u00a0<a title=\"Liuotin\" href=\"https:\/\/fi.wikipedia.org\/wiki\/Liuotin\">liuottimena<\/a>\u00a0lakoissa ja\u00a0<a title=\"Liima\" href=\"https:\/\/fi.wikipedia.org\/wiki\/Liima\">liimoissa<\/a>, kuten niin sanotuissa &#8221;lennokkiliimoissa&#8221;. Rakennusmateriaaleista ja kuluttajatuotteista voi vapautua metyylietyyliketonia ja sit\u00e4 on my\u00f6s tupakansavussa ja pienin\u00e4 m\u00e4\u00e4rin\u00e4 luonnollisena aineosana monissa ruoka-aineissa.<\/p>\n<p>Ainetta k\u00e4ytet\u00e4\u00e4n kaupallisesti myyt\u00e4v\u00e4n etanolin\u00a0<a title=\"Denaturointi\" href=\"https:\/\/fi.wikipedia.org\/wiki\/Denaturointi\">denaturointiin<\/a>.<sup id=\"cite_ref-1\" class=\"reference\"><a href=\"https:\/\/fi.wikipedia.org\/wiki\/Metyylietyyliketoni#cite_note-1\">[1]<\/a><\/sup>\u00a0Esimerkiksi\u00a0<a title=\"Lasol\" href=\"https:\/\/fi.wikipedia.org\/wiki\/Lasol\">Lasol<\/a>\u00a0sis\u00e4lt\u00e4\u00e4 metyylietyyliketonia 2%.<sup id=\"cite_ref-2\" class=\"reference\"><a href=\"https:\/\/fi.wikipedia.org\/wiki\/Metyylietyyliketoni#cite_note-2\">[2]<\/a><\/sup>Tislaamalla aineita on vaikea erottaa, koska metyylietyyliketonin kiehumisl\u00e4mp\u00f6tila 80 \u00b0C on vain vajaat kaksi astetta\u00a0<a title=\"Etanoli\" href=\"https:\/\/fi.wikipedia.org\/wiki\/Etanoli\">etanolin<\/a>\u00a0yl\u00e4puolella.<\/p>\n<p>&nbsp;<\/p>\n","protected":false},"excerpt":{"rendered":"<p><strong> Muut nimet:\u00a0Metyylietyyliketoni, 2-butanoni<\/strong><\/p>\n<p>Metyylietyyliketoni\u00a0on\u00a0orgaaninen yhdiste\u00a0(ketoni), joka on helposti syttyv\u00e4\u00e4, huoneenl\u00e4mm\u00f6ss\u00e4 (20\u00a0\u00b0C)\u00a0olomuodoltaanv\u00e4rit\u00f6nt\u00e4\u00a0nestett\u00e4, jolla on\u00a0asetonia\u00a0muistuttava haju. Sen\u00a0kemiallinen kaava\u00a0on C4H8O ja\u00a0rakennekaava\u00a0on CH3COCH2CH3. Metyylietyyliketonist\u00e4 k\u00e4ytet\u00e4\u00e4n my\u00f6s nimityksi\u00e4\u00a0MEK,\u00a0etyylimetyyliketoni,\u00a02-butanoni,\u00a0metyyliasetoni\u00a0ja\u00a0metyylipropanoni. Metyylietyyliketonin\u00a0moolimassa\u00a0on 72,1\u00a0g\/mol,\u00a0sulamispiste\u00a0\u221286\u00a0\u00b0C,\u00a0kiehumispiste\u00a080\u00a0\u00b0C, suhteellinen\u00a0tiheys\u00a00,8\u00a0g\/cm3(vesi\u00a0=\u00a01,0\u00a0g\/cm3), liukoisuus veteen 20\u00a0\u00b0C\u00a0l\u00e4mp\u00f6tilassa\u00a029\u00a0g\/100 ml,\u00a0hajukynnys\u00a02\u201383\u00a0ppm,\u00a0leimahduspiste\u00a0\u22129 \u00b0C (c.c.),\u00a0itsesyttymisl\u00e4mp\u00f6tila\u00a0505\u00a0\u00b0C ja\u00a0CAS-numero\u00a078-93-3.<\/p>\n<p><a target=\"_blank\" href=\"https:\/\/masterchem.ee\/wp-content\/uploads\/2018\/02\/MEK-TDS-Masterchem.pdf\" class=\"pdf\" alt=\"Metyylietyyliketoni  tuotteen kuvaus (TDS)\" title=\"Metyylietyyliketoni  tuotteen kuvaus (TDS)\" rel=\"noopener\">Metyylietyyliketoni tuotteen kuvaus (TDS)<\/a><\/p>\n","protected":false},"featured_media":6762,"template":"","meta":[],"product_brand":[],"product_cat":[180,294,117,120,118,153,114,154,152],"product_tag":[],"class_list":{"0":"post-812","1":"product","2":"type-product","3":"status-publish","4":"has-post-thumbnail","6":"product_cat-uncategorized-fi-2","7":"product_cat-kosmetiikkateollisuus","8":"product_cat-kotitalouskemikaalit","9":"product_cat-laaketeollisuus","10":"product_cat-metallikemikaalit","11":"product_cat-puunjalostuskemikaalit","12":"product_cat-rakennusteollisuus","13":"product_cat-tien-maalaus","14":"product_cat-tipografiset-kemikaalit","15":"pif-has-gallery","17":"first","18":"instock","19":"taxable","20":"shipping-taxable","21":"purchasable","22":"product-type-variable","23":"has-default-attributes"},"yoast_head":"<!-- This site is optimized with the Yoast SEO plugin v26.2 - https:\/\/yoast.com\/wordpress\/plugins\/seo\/ -->\n<title>Metyylietyyliketoni MEK (CAS 78-93-3) - Chemistry For Industry - Solvents &amp; Chemicals - Masterchem.ee<\/title>\n<meta name=\"description\" content=\"Metyylietyyliketoni on orgaaninen yhdiste (ketoni), joka on helposti syttyv\u00e4\u00e4, huoneenl\u00e4mm\u00f6ss\u00e4 (20 \u00b0C) olomuodoltaanv\u00e4rit\u00f6nt\u00e4 nestett\u00e4, jolla on asetonia muistuttava haju. Sen kemiallinen kaava on C4H8O ja rakennekaava on CH3COCH2CH3. Metyylietyyliketonist\u00e4 k\u00e4ytet\u00e4\u00e4n my\u00f6s nimityksi\u00e4 MEK, etyylimetyyliketoni, 2-butanoni, metyyliasetoni ja metyylipropanoni. CAS: 78-93-3\" \/>\n<meta name=\"robots\" content=\"index, follow, max-snippet:-1, max-image-preview:large, max-video-preview:-1\" \/>\n<link rel=\"canonical\" href=\"https:\/\/masterchem.ee\/fi\/tooted-ja-teenused\/metyylietyyliketoni\/\" \/>\n<meta name=\"twitter:card\" content=\"summary_large_image\" \/>\n<meta name=\"twitter:title\" content=\"Metyylietyyliketoni MEK (CAS 78-93-3) - Chemistry For Industry - Solvents &amp; Chemicals - Masterchem.ee\" \/>\n<meta name=\"twitter:description\" content=\"Metyylietyyliketoni on orgaaninen yhdiste (ketoni), joka on helposti syttyv\u00e4\u00e4, huoneenl\u00e4mm\u00f6ss\u00e4 (20 \u00b0C) olomuodoltaanv\u00e4rit\u00f6nt\u00e4 nestett\u00e4, jolla on asetonia muistuttava haju. Sen kemiallinen kaava on C4H8O ja rakennekaava on CH3COCH2CH3. Metyylietyyliketonist\u00e4 k\u00e4ytet\u00e4\u00e4n my\u00f6s nimityksi\u00e4 MEK, etyylimetyyliketoni, 2-butanoni, metyyliasetoni ja metyylipropanoni. CAS: 78-93-3\" \/>\n<meta name=\"twitter:image\" content=\"https:\/\/masterchem.ee\/wp-content\/uploads\/2018\/02\/METHYL-ETHYL-KETONE-1000l-MasterChem.jpg\" \/>\n<script type=\"application\/ld+json\" class=\"yoast-schema-graph\">{\"@context\":\"https:\/\/schema.org\",\"@graph\":[{\"@type\":\"WebPage\",\"@id\":\"https:\/\/masterchem.ee\/fi\/tooted-ja-teenused\/metyylietyyliketoni\/\",\"url\":\"https:\/\/masterchem.ee\/fi\/tooted-ja-teenused\/metyylietyyliketoni\/\",\"name\":\"Metyylietyyliketoni MEK (CAS 78-93-3) - Chemistry For Industry - Solvents &amp; Chemicals - Masterchem.ee\",\"isPartOf\":{\"@id\":\"https:\/\/masterchem.ee\/fi\/#website\"},\"primaryImageOfPage\":{\"@id\":\"https:\/\/masterchem.ee\/fi\/tooted-ja-teenused\/metyylietyyliketoni\/#primaryimage\"},\"image\":{\"@id\":\"https:\/\/masterchem.ee\/fi\/tooted-ja-teenused\/metyylietyyliketoni\/#primaryimage\"},\"thumbnailUrl\":\"https:\/\/masterchem.ee\/wp-content\/uploads\/2018\/02\/METHYL-ETHYL-KETONE-1000l-MasterChem.jpg\",\"datePublished\":\"2018-02-28T17:37:55+00:00\",\"dateModified\":\"2021-06-27T10:33:57+00:00\",\"description\":\"Metyylietyyliketoni on orgaaninen yhdiste (ketoni), joka on helposti syttyv\u00e4\u00e4, huoneenl\u00e4mm\u00f6ss\u00e4 (20 \u00b0C) olomuodoltaanv\u00e4rit\u00f6nt\u00e4 nestett\u00e4, jolla on asetonia muistuttava haju. Sen kemiallinen kaava on C4H8O ja rakennekaava on CH3COCH2CH3. Metyylietyyliketonist\u00e4 k\u00e4ytet\u00e4\u00e4n my\u00f6s nimityksi\u00e4 MEK, etyylimetyyliketoni, 2-butanoni, metyyliasetoni ja metyylipropanoni. CAS: 78-93-3\",\"breadcrumb\":{\"@id\":\"https:\/\/masterchem.ee\/fi\/tooted-ja-teenused\/metyylietyyliketoni\/#breadcrumb\"},\"inLanguage\":\"fi\",\"potentialAction\":[{\"@type\":\"ReadAction\",\"target\":[\"https:\/\/masterchem.ee\/fi\/tooted-ja-teenused\/metyylietyyliketoni\/\"]}]},{\"@type\":\"ImageObject\",\"inLanguage\":\"fi\",\"@id\":\"https:\/\/masterchem.ee\/fi\/tooted-ja-teenused\/metyylietyyliketoni\/#primaryimage\",\"url\":\"https:\/\/masterchem.ee\/wp-content\/uploads\/2018\/02\/METHYL-ETHYL-KETONE-1000l-MasterChem.jpg\",\"contentUrl\":\"https:\/\/masterchem.ee\/wp-content\/uploads\/2018\/02\/METHYL-ETHYL-KETONE-1000l-MasterChem.jpg\",\"width\":1000,\"height\":1000,\"caption\":\"Metyylietyyliketoni MEK 1000l MasterChem\"},{\"@type\":\"BreadcrumbList\",\"@id\":\"https:\/\/masterchem.ee\/fi\/tooted-ja-teenused\/metyylietyyliketoni\/#breadcrumb\",\"itemListElement\":[{\"@type\":\"ListItem\",\"position\":1,\"name\":\"Home\",\"item\":\"https:\/\/masterchem.ee\/fi\/\"},{\"@type\":\"ListItem\",\"position\":2,\"name\":\"Tooted ja teenused\",\"item\":\"https:\/\/masterchem.ee\/tooted-ja-teenused\/\"},{\"@type\":\"ListItem\",\"position\":3,\"name\":\"Metyylietyyliketoni MEK (CAS 78-93-3)\"}]},{\"@type\":\"WebSite\",\"@id\":\"https:\/\/masterchem.ee\/fi\/#website\",\"url\":\"https:\/\/masterchem.ee\/fi\/\",\"name\":\"Masterchem.ee\",\"description\":\"Chemistry For Industry - Solvents &amp; Chemicals\",\"publisher\":{\"@id\":\"https:\/\/masterchem.ee\/fi\/#organization\"},\"potentialAction\":[{\"@type\":\"SearchAction\",\"target\":{\"@type\":\"EntryPoint\",\"urlTemplate\":\"https:\/\/masterchem.ee\/fi\/?s={search_term_string}\"},\"query-input\":{\"@type\":\"PropertyValueSpecification\",\"valueRequired\":true,\"valueName\":\"search_term_string\"}}],\"inLanguage\":\"fi\"},{\"@type\":\"Organization\",\"@id\":\"https:\/\/masterchem.ee\/fi\/#organization\",\"name\":\"Masterchem\",\"url\":\"https:\/\/masterchem.ee\/fi\/\",\"logo\":{\"@type\":\"ImageObject\",\"inLanguage\":\"fi\",\"@id\":\"https:\/\/masterchem.ee\/fi\/#\/schema\/logo\/image\/\",\"url\":\"https:\/\/masterchem.ee\/wp-content\/uploads\/2018\/02\/master-chem_final-1.png\",\"contentUrl\":\"https:\/\/masterchem.ee\/wp-content\/uploads\/2018\/02\/master-chem_final-1.png\",\"width\":850,\"height\":356,\"caption\":\"Masterchem\"},\"image\":{\"@id\":\"https:\/\/masterchem.ee\/fi\/#\/schema\/logo\/image\/\"}}]}<\/script>\n<!-- \/ Yoast SEO plugin. -->","yoast_head_json":{"title":"Metyylietyyliketoni MEK (CAS 78-93-3) - Chemistry For Industry - Solvents &amp; Chemicals - Masterchem.ee","description":"Metyylietyyliketoni on orgaaninen yhdiste (ketoni), joka on helposti syttyv\u00e4\u00e4, huoneenl\u00e4mm\u00f6ss\u00e4 (20 \u00b0C) olomuodoltaanv\u00e4rit\u00f6nt\u00e4 nestett\u00e4, jolla on asetonia muistuttava haju. Sen kemiallinen kaava on C4H8O ja rakennekaava on CH3COCH2CH3. Metyylietyyliketonist\u00e4 k\u00e4ytet\u00e4\u00e4n my\u00f6s nimityksi\u00e4 MEK, etyylimetyyliketoni, 2-butanoni, metyyliasetoni ja metyylipropanoni. CAS: 78-93-3","robots":{"index":"index","follow":"follow","max-snippet":"max-snippet:-1","max-image-preview":"max-image-preview:large","max-video-preview":"max-video-preview:-1"},"canonical":"https:\/\/masterchem.ee\/fi\/tooted-ja-teenused\/metyylietyyliketoni\/","twitter_card":"summary_large_image","twitter_title":"Metyylietyyliketoni MEK (CAS 78-93-3) - Chemistry For Industry - Solvents &amp; Chemicals - Masterchem.ee","twitter_description":"Metyylietyyliketoni on orgaaninen yhdiste (ketoni), joka on helposti syttyv\u00e4\u00e4, huoneenl\u00e4mm\u00f6ss\u00e4 (20 \u00b0C) olomuodoltaanv\u00e4rit\u00f6nt\u00e4 nestett\u00e4, jolla on asetonia muistuttava haju. Sen kemiallinen kaava on C4H8O ja rakennekaava on CH3COCH2CH3. Metyylietyyliketonist\u00e4 k\u00e4ytet\u00e4\u00e4n my\u00f6s nimityksi\u00e4 MEK, etyylimetyyliketoni, 2-butanoni, metyyliasetoni ja metyylipropanoni. CAS: 78-93-3","twitter_image":"https:\/\/masterchem.ee\/wp-content\/uploads\/2018\/02\/METHYL-ETHYL-KETONE-1000l-MasterChem.jpg","schema":{"@context":"https:\/\/schema.org","@graph":[{"@type":"WebPage","@id":"https:\/\/masterchem.ee\/fi\/tooted-ja-teenused\/metyylietyyliketoni\/","url":"https:\/\/masterchem.ee\/fi\/tooted-ja-teenused\/metyylietyyliketoni\/","name":"Metyylietyyliketoni MEK (CAS 78-93-3) - Chemistry For Industry - Solvents &amp; Chemicals - Masterchem.ee","isPartOf":{"@id":"https:\/\/masterchem.ee\/fi\/#website"},"primaryImageOfPage":{"@id":"https:\/\/masterchem.ee\/fi\/tooted-ja-teenused\/metyylietyyliketoni\/#primaryimage"},"image":{"@id":"https:\/\/masterchem.ee\/fi\/tooted-ja-teenused\/metyylietyyliketoni\/#primaryimage"},"thumbnailUrl":"https:\/\/masterchem.ee\/wp-content\/uploads\/2018\/02\/METHYL-ETHYL-KETONE-1000l-MasterChem.jpg","datePublished":"2018-02-28T17:37:55+00:00","dateModified":"2021-06-27T10:33:57+00:00","description":"Metyylietyyliketoni on orgaaninen yhdiste (ketoni), joka on helposti syttyv\u00e4\u00e4, huoneenl\u00e4mm\u00f6ss\u00e4 (20 \u00b0C) olomuodoltaanv\u00e4rit\u00f6nt\u00e4 nestett\u00e4, jolla on asetonia muistuttava haju. Sen kemiallinen kaava on C4H8O ja rakennekaava on CH3COCH2CH3. Metyylietyyliketonist\u00e4 k\u00e4ytet\u00e4\u00e4n my\u00f6s nimityksi\u00e4 MEK, etyylimetyyliketoni, 2-butanoni, metyyliasetoni ja metyylipropanoni. CAS: 78-93-3","breadcrumb":{"@id":"https:\/\/masterchem.ee\/fi\/tooted-ja-teenused\/metyylietyyliketoni\/#breadcrumb"},"inLanguage":"fi","potentialAction":[{"@type":"ReadAction","target":["https:\/\/masterchem.ee\/fi\/tooted-ja-teenused\/metyylietyyliketoni\/"]}]},{"@type":"ImageObject","inLanguage":"fi","@id":"https:\/\/masterchem.ee\/fi\/tooted-ja-teenused\/metyylietyyliketoni\/#primaryimage","url":"https:\/\/masterchem.ee\/wp-content\/uploads\/2018\/02\/METHYL-ETHYL-KETONE-1000l-MasterChem.jpg","contentUrl":"https:\/\/masterchem.ee\/wp-content\/uploads\/2018\/02\/METHYL-ETHYL-KETONE-1000l-MasterChem.jpg","width":1000,"height":1000,"caption":"Metyylietyyliketoni MEK 1000l MasterChem"},{"@type":"BreadcrumbList","@id":"https:\/\/masterchem.ee\/fi\/tooted-ja-teenused\/metyylietyyliketoni\/#breadcrumb","itemListElement":[{"@type":"ListItem","position":1,"name":"Home","item":"https:\/\/masterchem.ee\/fi\/"},{"@type":"ListItem","position":2,"name":"Tooted ja teenused","item":"https:\/\/masterchem.ee\/tooted-ja-teenused\/"},{"@type":"ListItem","position":3,"name":"Metyylietyyliketoni MEK (CAS 78-93-3)"}]},{"@type":"WebSite","@id":"https:\/\/masterchem.ee\/fi\/#website","url":"https:\/\/masterchem.ee\/fi\/","name":"Masterchem.ee","description":"Chemistry For Industry - Solvents &amp; Chemicals","publisher":{"@id":"https:\/\/masterchem.ee\/fi\/#organization"},"potentialAction":[{"@type":"SearchAction","target":{"@type":"EntryPoint","urlTemplate":"https:\/\/masterchem.ee\/fi\/?s={search_term_string}"},"query-input":{"@type":"PropertyValueSpecification","valueRequired":true,"valueName":"search_term_string"}}],"inLanguage":"fi"},{"@type":"Organization","@id":"https:\/\/masterchem.ee\/fi\/#organization","name":"Masterchem","url":"https:\/\/masterchem.ee\/fi\/","logo":{"@type":"ImageObject","inLanguage":"fi","@id":"https:\/\/masterchem.ee\/fi\/#\/schema\/logo\/image\/","url":"https:\/\/masterchem.ee\/wp-content\/uploads\/2018\/02\/master-chem_final-1.png","contentUrl":"https:\/\/masterchem.ee\/wp-content\/uploads\/2018\/02\/master-chem_final-1.png","width":850,"height":356,"caption":"Masterchem"},"image":{"@id":"https:\/\/masterchem.ee\/fi\/#\/schema\/logo\/image\/"}}]}},"_links":{"self":[{"href":"https:\/\/masterchem.ee\/fi\/wp-json\/wp\/v2\/product\/812","targetHints":{"allow":["GET"]}}],"collection":[{"href":"https:\/\/masterchem.ee\/fi\/wp-json\/wp\/v2\/product"}],"about":[{"href":"https:\/\/masterchem.ee\/fi\/wp-json\/wp\/v2\/types\/product"}],"wp:featuredmedia":[{"embeddable":true,"href":"https:\/\/masterchem.ee\/fi\/wp-json\/wp\/v2\/media\/6762"}],"wp:attachment":[{"href":"https:\/\/masterchem.ee\/fi\/wp-json\/wp\/v2\/media?parent=812"}],"wp:term":[{"taxonomy":"product_brand","embeddable":true,"href":"https:\/\/masterchem.ee\/fi\/wp-json\/wp\/v2\/product_brand?post=812"},{"taxonomy":"product_cat","embeddable":true,"href":"https:\/\/masterchem.ee\/fi\/wp-json\/wp\/v2\/product_cat?post=812"},{"taxonomy":"product_tag","embeddable":true,"href":"https:\/\/masterchem.ee\/fi\/wp-json\/wp\/v2\/product_tag?post=812"}],"curies":[{"name":"wp","href":"https:\/\/api.w.org\/{rel}","templated":true}]}}