{"id":809,"date":"2018-02-28T17:36:03","date_gmt":"2018-02-28T17:36:03","guid":{"rendered":"https:\/\/masterchem.ee\/product\/metanoli\/"},"modified":"2021-06-16T17:09:25","modified_gmt":"2021-06-16T17:09:25","slug":"metanoli","status":"publish","type":"product","link":"https:\/\/masterchem.ee\/fi\/tooted-ja-teenused\/metanoli\/","title":{"rendered":"Metanoli (CAS 67-56-1)"},"content":{"rendered":"<p style=\"text-align: left;\">Metanolin valmistus on tunnettu kauan eik\u00e4 ensimm\u00e4isten valmistusmenetelmien alkuper\u00e4\u00e4 tarkkaan tiedet\u00e4. Metanolia voidaan valmistaa useilla eri menetelmill\u00e4 kuten\u00a0<a title=\"Maakaasu\" href=\"https:\/\/fi.wikipedia.org\/wiki\/Maakaasu\">maakaasusta<\/a>\u00a0syntetisoimalla, mutta helpointa on antaa vedyn reagoida\u00a0<a title=\"Hiilimonoksidi\" href=\"https:\/\/fi.wikipedia.org\/wiki\/Hiilimonoksidi\">hiilimonoksidin<\/a>\u00a0(h\u00e4k\u00e4) kanssa,\u00a0<a title=\"Vesikaasu\" href=\"https:\/\/fi.wikipedia.org\/wiki\/Vesikaasu\">vesikaasusta<\/a>\u00a0<a title=\"Hydraus\" href=\"https:\/\/fi.wikipedia.org\/wiki\/Hydraus\">hydraamalla<\/a>. Reaktio tapahtuu t\u00e4ll\u00f6in seuraavasti:<\/p>\n<dl>\n<dd>CO + 2 H<sub>2<\/sub>\u00a0\u2192 CH<sub>3<\/sub>OH.<\/dd>\n<\/dl>\n<p style=\"text-align: left;\"><sup id=\"cite_ref-PM_1-0\" class=\"reference\"><a href=\"https:\/\/fi.wikipedia.org\/wiki\/Metanoli#cite_note-PM-1\">[1]<\/a><\/sup>\u00a0Reaktiota voidaan kiihdytt\u00e4\u00e4\u00a0<a class=\"mw-redirect\" title=\"Katalyysi\" href=\"https:\/\/fi.wikipedia.org\/wiki\/Katalyysi\">katalyyteill\u00e4<\/a>, kuten\u00a0<a class=\"mw-disambig\" title=\"Kuparioksidi\" href=\"https:\/\/fi.wikipedia.org\/wiki\/Kuparioksidi\">kupari<\/a>-,\u00a0<a title=\"Sinkkioksidi\" href=\"https:\/\/fi.wikipedia.org\/wiki\/Sinkkioksidi\">sinkki<\/a>\u00a0tai\u00a0<a title=\"Kromi\" href=\"https:\/\/fi.wikipedia.org\/wiki\/Kromi\">kromioksideilla<\/a>.<sup id=\"cite_ref-PM_1-1\" class=\"reference\"><a href=\"https:\/\/fi.wikipedia.org\/wiki\/Metanoli#cite_note-PM-1\">[1]<\/a><\/sup>\u00a0My\u00f6s\u00a0<a title=\"Lyijy\" href=\"https:\/\/fi.wikipedia.org\/wiki\/Lyijy\">lyijyn<\/a>\u00a0ja\u00a0<a title=\"Tallium\" href=\"https:\/\/fi.wikipedia.org\/wiki\/Tallium\">talliumin<\/a>\u00a0k\u00e4yt\u00f6st\u00e4 katalyyttein\u00e4 on saatu rohkaisevia tuloksia.<sup id=\"cite_ref-tiede2014_2-0\" class=\"reference\"><a href=\"https:\/\/fi.wikipedia.org\/wiki\/Metanoli#cite_note-tiede2014-2\">[2]<\/a><\/sup>\u00a0My\u00f6s auringonvaloa voidaan k\u00e4ytt\u00e4\u00e4 tuotannossa tarvittavan vedyn valmistuksen energial\u00e4hteen\u00e4.<sup id=\"cite_ref-ikkala_3-0\" class=\"reference\"><a href=\"https:\/\/fi.wikipedia.org\/wiki\/Metanoli#cite_note-ikkala-3\">[3]<\/a><\/sup><sup id=\"cite_ref-jin_4-0\" class=\"reference\"><a href=\"https:\/\/fi.wikipedia.org\/wiki\/Metanoli#cite_note-jin-4\">[4]<\/a><\/sup>\u00a0Metanolin valmistus maakaasusta on edullista, sill\u00e4 kaasu on valmiiksi puhdasta ja muunnoksen hy\u00f6tysuhde on tyypillisesti korkea, noin 60\u201370\u00a0%, mutta yli 80\u00a0% hy\u00f6tysuhteeseenkin on p\u00e4\u00e4sty.<sup id=\"cite_ref-gastechnology_5-0\" class=\"reference\"><a href=\"https:\/\/fi.wikipedia.org\/wiki\/Metanoli#cite_note-gastechnology-5\">[5]<\/a><\/sup>\u00a0Jos huomioidaan valmistusprosessin hukkal\u00e4mm\u00f6n hy\u00f6dynt\u00e4minen s\u00e4hk\u00f6ntuotantoon, yli 90\u00a0% hy\u00f6tysuhteeseen voidaan p\u00e4\u00e4st\u00e4.<sup id=\"cite_ref-conversion_6-0\" class=\"reference\"><a href=\"https:\/\/fi.wikipedia.org\/wiki\/Metanoli#cite_note-conversion-6\">[6]<\/a><\/sup><\/p>\n<p style=\"text-align: left;\">Metanolia syntyy my\u00f6s\u00a0<a title=\"Puu\" href=\"https:\/\/fi.wikipedia.org\/wiki\/Puu\">puun<\/a>\u00a0<a title=\"Kuivatislaus\" href=\"https:\/\/fi.wikipedia.org\/wiki\/Kuivatislaus\">kuiva\u00adtislauksessa<\/a>, mink\u00e4 vuoksi siit\u00e4 k\u00e4ytet\u00e4\u00e4n my\u00f6s nimityst\u00e4\u00a0<i>puu\u00adsprii<\/i>.<sup id=\"cite_ref-Fokus_7-0\" class=\"reference\"><a href=\"https:\/\/fi.wikipedia.org\/wiki\/Metanoli#cite_note-Fokus-7\">[7]<\/a><\/sup>. Sen valmistus puusta tai muusta\u00a0<a title=\"Biomassa\" href=\"https:\/\/fi.wikipedia.org\/wiki\/Biomassa\">biomassasta<\/a>\u00a0onnistuukin vain hiukan huonommalla hy\u00f6tysuhteella kuin vedyst\u00e4 ja hiili\u00admonoksidista.<sup id=\"cite_ref-lampinen119_8-0\" class=\"reference\"><a href=\"https:\/\/fi.wikipedia.org\/wiki\/Metanoli#cite_note-lampinen119-8\">[8]<\/a><\/sup>T\u00e4ll\u00f6in muunnoksen hy\u00f6tysuhde j\u00e4\u00e4 noin 42\u201366\u00a0%:iin.<sup id=\"cite_ref-lampinen294_9-0\" class=\"reference\"><a href=\"https:\/\/fi.wikipedia.org\/wiki\/Metanoli#cite_note-lampinen294-9\">[9]<\/a><\/sup><sup id=\"cite_ref-methanolbiomass_10-0\" class=\"reference\"><a href=\"https:\/\/fi.wikipedia.org\/wiki\/Metanoli#cite_note-methanolbiomass-10\">[10]<\/a><\/sup><\/p>\n<p style=\"text-align: left;\"><a title=\"Ilmakeh\u00e4\" href=\"https:\/\/fi.wikipedia.org\/wiki\/Ilmakeh%C3%A4\">Ilmakeh\u00e4n<\/a>\u00a0<a class=\"new\" title=\"Hiilitasapaino (sivua ei ole)\" href=\"https:\/\/fi.wikipedia.org\/w\/index.php?title=Hiilitasapaino&amp;action=edit&amp;redlink=1\">hiilitasapaino<\/a>\u00a0ei h\u00e4iriinny, jos metanolin massatuotannossa tarvittavan hiilimonoksidin tuotantoon k\u00e4ytet\u00e4\u00e4n\u00a0<a class=\"mw-redirect\" title=\"Energiakasvit\" href=\"https:\/\/fi.wikipedia.org\/wiki\/Energiakasvit\">energiakasveja<\/a>\u00a0esimerkiksi puuhakkeen tai vaikkapa j\u00e4tepaperin muodossa. Vaikka niiden sijaan hiilimonoksidin tuottamiseen k\u00e4ytett\u00e4isiinkin\u00a0<a title=\"Kivihiili\" href=\"https:\/\/fi.wikipedia.org\/wiki\/Kivihiili\">kivihiilivaroja<\/a>\u00a0tai\u00a0<a title=\"\u00d6ljy\" href=\"https:\/\/fi.wikipedia.org\/wiki\/%C3%96ljy\">\u00f6ljy\u00e4<\/a>, olisi\u00a0<a title=\"Kasvihuonekaasu\" href=\"https:\/\/fi.wikipedia.org\/wiki\/Kasvihuonekaasu\">kasvihuonekaasup\u00e4\u00e4st\u00f6jen<\/a>\u00a0v\u00e4hennys dramaattinen verrattuna perinteisten fossiilisten polttoaineiden k\u00e4ytt\u00f6\u00f6n. Puusta valmistetun metanolin\u00a0<a title=\"EROEI\" href=\"https:\/\/fi.wikipedia.org\/wiki\/EROEI\">EROEI<\/a>\u00a0on noin 5,5.<\/p>\n<p><strong>Kuvaus:<\/strong><br \/>\nMetanoli on yksinkertaisin yksivetyinen alkoholi, v\u00e4rit\u00f6n myrkyllinen neste, ep\u00e4puhtaus. T\u00e4m\u00e4 on ensimm\u00e4inen, yksinkertaisin yksiarvoisten alkoholien homologisen sarjan edustaja. T\u00e4rkeimm\u00e4t kuluttajat ovat formaldehydin, hartsien ja muiden siihen perustuvien tuotteiden valmistajat. Metanolin t\u00e4rkeit\u00e4 ominaisuuksia ovat hyv\u00e4 vesiliukoisuus ja matala j\u00e4\u00e4tymispiste. Metanoli sekoittuu miss\u00e4 tahansa suhteessa veteen ja useimpiin orgaanisiin liuottimiin. Kuten etyylialkoholi, se on vahva liuotin.<\/p>\n<p><strong>K\u00e4ytt\u00f6 ja k\u00e4ytt\u00f6:<\/strong><br \/>\n\u2022 \u00f6ljynjalostusteollisuudessa metanolia k\u00e4ytet\u00e4\u00e4n liuottimena bensiinin puhdistamiseen merkaptaaneista sek\u00e4 tolueenin vapauttamiseksi;<br \/>\n\u2022 kaasuteollisuudessa &#8211; reagenssina taistelussa hydraattien muodostumista vastaan ja osittain reagenssina maakaasun kuivaamiseksi, kaasuputkissa muodostuvien hydraattien est\u00e4j\u00e4n\u00e4;<br \/>\n\u2022 korkean oktaaniluvun polttoaineen lis\u00e4aineena, joka lis\u00e4\u00e4 moottorin tehoa ja v\u00e4hent\u00e4\u00e4 samalla pakokaasujen m\u00e4\u00e4r\u00e4\u00e4 voimakkaasti;<br \/>\n\u2022 proteiinin (proteiini-vitamiinikonsentraatti) synteesiin;<br \/>\n\u2022 dimetyylitereftalaatin, torjunta-aineiden, kasvinsuojelukemikaalien tuotannossa, etikka- ja muurahaishappojen tuottamiseksi (viimeksi mainittua k\u00e4ytet\u00e4\u00e4n lateksin hyytymiseen, nahan parkitusaineena, elintarvikkeiden s\u00e4il\u00f6nt\u00e4aineena ja rehujen silitt\u00e4miseen).<br \/>\n\u2022 3\/4 tuotetusta metanolista kulutetaan kemianteollisuudessa formaliinin, urotropiinin, etikkahapon ja metylointituotteiden tuotantoon;<br \/>\n\u2022 petrokemian teollisuudessa t\u00e4rkeimm\u00e4t kuluttajat ovat isopreenin ja terti\u00e4\u00e4risen metyylibutyylieetterin tuotanto.<br \/>\n\u2022 T\u00e4rke\u00e4 metanolin kulutuksen alue on viime aikoina ollut biodieselpolttoaineiden tuotanto, joka saadaan rapester\u00f6im\u00e4ll\u00e4 rypsi\u00f6ljy CH3OH: lla.<\/p>\n<p><strong>Fyysiset ominaisuudet<\/strong><br \/>\nMuodostaa r\u00e4j\u00e4ht\u00e4vi\u00e4 seoksia ilman kanssa tilavuuspitoisuuksina 6,98 &#8211; 35,5% (leimahduspiste 8 \u00b0 C).<br \/>\nTiheys &#8211; 0,7918 g \/ cm3<br \/>\nSulamispiste -97,9 \u2070C<br \/>\nKiehumispiste +94,5 \u2070C<\/p>\n","protected":false},"excerpt":{"rendered":"<p style=\"text-align: left;\"><b>Muut nimet:\u00a0 Metanoli, metyylialkoholi<\/b><\/p>\n<p style=\"text-align: left;\">Metanoli\u00a0eli\u00a0metyylialkoholi\u00a0on myrkyllinen\u00a0<a title=\"Alkoholit\" href=\"https:\/\/fi.wikipedia.org\/wiki\/Alkoholit\">alkoholi<\/a>. Metanoli on\u00a0<a title=\"NTP\" href=\"https:\/\/fi.wikipedia.org\/wiki\/NTP\">normaaliolosuhteissa<\/a>\u00a0<a title=\"Olomuoto\" href=\"https:\/\/fi.wikipedia.org\/wiki\/Olomuoto\">olomuodoltaan<\/a>\u00a0v\u00e4rit\u00f6n\u00a0<a title=\"Neste\" href=\"https:\/\/fi.wikipedia.org\/wiki\/Neste\">neste<\/a>. Se palaa melkein v\u00e4ritt\u00f6m\u00e4ll\u00e4 liekill\u00e4 muodostaen\u00a0<a title=\"Hiilidioksidi\" href=\"https:\/\/fi.wikipedia.org\/wiki\/Hiilidioksidi\">hiilidioksidia<\/a>\u00a0ja\u00a0<a title=\"Vesi\" href=\"https:\/\/fi.wikipedia.org\/wiki\/Vesi\">vett\u00e4<\/a>:<\/p>\n<dl>\n<dd>2 CH<sub>3<\/sub>OH + 3 O<sub>2<\/sub>\u00a0\u2192 2 CO<sub>2<\/sub>\u00a0+ 4 H<sub>2<\/sub>O<\/dd>\n<\/dl>\n<p style=\"text-align: left;\">Metanoli on t\u00e4rke\u00e4 l\u00e4ht\u00f6aine kemianteollisuudessa. Lis\u00e4ksi sit\u00e4 k\u00e4ytet\u00e4\u00e4n muun muassa liuottimena, j\u00e4\u00e4tymisenestoaineena ja polttoaineena.<\/p>\n<p style=\"text-align: left;\">\n<p>CAS: 67-56-1<\/p>\n<p><a target=\"_blank\" href=\"https:\/\/masterchem.ee\/wp-content\/uploads\/2018\/02\/Methanol-TDS-Masterchem.pdf\" class=\"pdf\" alt=\"Metanoli tuotteen kuvaus (TDS)\" title=\"Metanoli tuotteen kuvaus (TDS)\" rel=\"noopener\">Metanoli tuotteen kuvaus (TDS)<\/a><\/p>\n","protected":false},"featured_media":6650,"template":"","meta":[],"product_brand":[],"product_cat":[180,109,115,294,120,118,258,153,114,154,152],"product_tag":[],"class_list":{"0":"post-809","1":"product","2":"type-product","3":"status-publish","4":"has-post-thumbnail","6":"product_cat-uncategorized-fi-2","7":"product_cat-anti-jaatymisnesteet","8":"product_cat-auton-ja-koneiden-kemikaalit","9":"product_cat-kosmetiikkateollisuus","10":"product_cat-laaketeollisuus","11":"product_cat-metallikemikaalit","12":"product_cat-muovi-fi","13":"product_cat-puunjalostuskemikaalit","14":"product_cat-rakennusteollisuus","15":"product_cat-tien-maalaus","16":"product_cat-tipografiset-kemikaalit","17":"pif-has-gallery","19":"first","20":"instock","21":"taxable","22":"shipping-taxable","23":"purchasable","24":"product-type-variable","25":"has-default-attributes"},"yoast_head":"<!-- This site is optimized with the Yoast SEO plugin v26.2 - https:\/\/yoast.com\/wordpress\/plugins\/seo\/ -->\n<title>Metanoli (CAS 67-56-1) - Chemistry For Industry - Solvents &amp; Chemicals - Masterchem.ee<\/title>\n<meta name=\"description\" content=\"Metanolin valmistus on tunnettu kauan eik\u00e4 ensimm\u00e4isten valmistusmenetelmien alkuper\u00e4\u00e4 tarkkaan tiedet\u00e4. Metanolia voidaan valmistaa useilla eri menetelmill\u00e4 kuten maakaasusta syntetisoimalla, mutta helpointa on antaa vedyn reagoida hiilimonoksidin (h\u00e4k\u00e4) kanssa, vesikaasusta hydraamalla. CAS: 67-56-1\" \/>\n<meta name=\"robots\" content=\"index, follow, max-snippet:-1, max-image-preview:large, max-video-preview:-1\" \/>\n<link rel=\"canonical\" href=\"https:\/\/masterchem.ee\/fi\/tooted-ja-teenused\/metanoli\/\" \/>\n<meta name=\"twitter:card\" content=\"summary_large_image\" \/>\n<meta name=\"twitter:title\" content=\"Metanoli (CAS 67-56-1) - Chemistry For Industry - Solvents &amp; Chemicals - Masterchem.ee\" \/>\n<meta name=\"twitter:description\" content=\"Metanolin valmistus on tunnettu kauan eik\u00e4 ensimm\u00e4isten valmistusmenetelmien alkuper\u00e4\u00e4 tarkkaan tiedet\u00e4. Metanolia voidaan valmistaa useilla eri menetelmill\u00e4 kuten maakaasusta syntetisoimalla, mutta helpointa on antaa vedyn reagoida hiilimonoksidin (h\u00e4k\u00e4) kanssa, vesikaasusta hydraamalla. CAS: 67-56-1\" \/>\n<meta name=\"twitter:image\" content=\"https:\/\/masterchem.ee\/wp-content\/uploads\/2018\/02\/METHYL-ALCOHOL-1000l-MasterChem.jpg\" \/>\n<meta name=\"twitter:label1\" content=\"Arvioitu lukuaika\" \/>\n\t<meta name=\"twitter:data1\" content=\"2 minuuttia\" \/>\n<script type=\"application\/ld+json\" class=\"yoast-schema-graph\">{\"@context\":\"https:\/\/schema.org\",\"@graph\":[{\"@type\":\"WebPage\",\"@id\":\"https:\/\/masterchem.ee\/fi\/tooted-ja-teenused\/metanoli\/\",\"url\":\"https:\/\/masterchem.ee\/fi\/tooted-ja-teenused\/metanoli\/\",\"name\":\"Metanoli (CAS 67-56-1) - Chemistry For Industry - Solvents &amp; Chemicals - Masterchem.ee\",\"isPartOf\":{\"@id\":\"https:\/\/masterchem.ee\/fi\/#website\"},\"primaryImageOfPage\":{\"@id\":\"https:\/\/masterchem.ee\/fi\/tooted-ja-teenused\/metanoli\/#primaryimage\"},\"image\":{\"@id\":\"https:\/\/masterchem.ee\/fi\/tooted-ja-teenused\/metanoli\/#primaryimage\"},\"thumbnailUrl\":\"https:\/\/masterchem.ee\/wp-content\/uploads\/2018\/02\/METHYL-ALCOHOL-1000l-MasterChem.jpg\",\"datePublished\":\"2018-02-28T17:36:03+00:00\",\"dateModified\":\"2021-06-16T17:09:25+00:00\",\"description\":\"Metanolin valmistus on tunnettu kauan eik\u00e4 ensimm\u00e4isten valmistusmenetelmien alkuper\u00e4\u00e4 tarkkaan tiedet\u00e4. Metanolia voidaan valmistaa useilla eri menetelmill\u00e4 kuten maakaasusta syntetisoimalla, mutta helpointa on antaa vedyn reagoida hiilimonoksidin (h\u00e4k\u00e4) kanssa, vesikaasusta hydraamalla. CAS: 67-56-1\",\"breadcrumb\":{\"@id\":\"https:\/\/masterchem.ee\/fi\/tooted-ja-teenused\/metanoli\/#breadcrumb\"},\"inLanguage\":\"fi\",\"potentialAction\":[{\"@type\":\"ReadAction\",\"target\":[\"https:\/\/masterchem.ee\/fi\/tooted-ja-teenused\/metanoli\/\"]}]},{\"@type\":\"ImageObject\",\"inLanguage\":\"fi\",\"@id\":\"https:\/\/masterchem.ee\/fi\/tooted-ja-teenused\/metanoli\/#primaryimage\",\"url\":\"https:\/\/masterchem.ee\/wp-content\/uploads\/2018\/02\/METHYL-ALCOHOL-1000l-MasterChem.jpg\",\"contentUrl\":\"https:\/\/masterchem.ee\/wp-content\/uploads\/2018\/02\/METHYL-ALCOHOL-1000l-MasterChem.jpg\",\"width\":1000,\"height\":1000,\"caption\":\"Metanoli 1000l MasterChem\"},{\"@type\":\"BreadcrumbList\",\"@id\":\"https:\/\/masterchem.ee\/fi\/tooted-ja-teenused\/metanoli\/#breadcrumb\",\"itemListElement\":[{\"@type\":\"ListItem\",\"position\":1,\"name\":\"Home\",\"item\":\"https:\/\/masterchem.ee\/fi\/\"},{\"@type\":\"ListItem\",\"position\":2,\"name\":\"Tooted ja teenused\",\"item\":\"https:\/\/masterchem.ee\/tooted-ja-teenused\/\"},{\"@type\":\"ListItem\",\"position\":3,\"name\":\"Metanoli (CAS 67-56-1)\"}]},{\"@type\":\"WebSite\",\"@id\":\"https:\/\/masterchem.ee\/fi\/#website\",\"url\":\"https:\/\/masterchem.ee\/fi\/\",\"name\":\"Masterchem.ee\",\"description\":\"Chemistry For Industry - Solvents &amp; Chemicals\",\"publisher\":{\"@id\":\"https:\/\/masterchem.ee\/fi\/#organization\"},\"potentialAction\":[{\"@type\":\"SearchAction\",\"target\":{\"@type\":\"EntryPoint\",\"urlTemplate\":\"https:\/\/masterchem.ee\/fi\/?s={search_term_string}\"},\"query-input\":{\"@type\":\"PropertyValueSpecification\",\"valueRequired\":true,\"valueName\":\"search_term_string\"}}],\"inLanguage\":\"fi\"},{\"@type\":\"Organization\",\"@id\":\"https:\/\/masterchem.ee\/fi\/#organization\",\"name\":\"Masterchem\",\"url\":\"https:\/\/masterchem.ee\/fi\/\",\"logo\":{\"@type\":\"ImageObject\",\"inLanguage\":\"fi\",\"@id\":\"https:\/\/masterchem.ee\/fi\/#\/schema\/logo\/image\/\",\"url\":\"https:\/\/masterchem.ee\/wp-content\/uploads\/2018\/02\/master-chem_final-1.png\",\"contentUrl\":\"https:\/\/masterchem.ee\/wp-content\/uploads\/2018\/02\/master-chem_final-1.png\",\"width\":850,\"height\":356,\"caption\":\"Masterchem\"},\"image\":{\"@id\":\"https:\/\/masterchem.ee\/fi\/#\/schema\/logo\/image\/\"}}]}<\/script>\n<!-- \/ Yoast SEO plugin. -->","yoast_head_json":{"title":"Metanoli (CAS 67-56-1) - Chemistry For Industry - Solvents &amp; Chemicals - Masterchem.ee","description":"Metanolin valmistus on tunnettu kauan eik\u00e4 ensimm\u00e4isten valmistusmenetelmien alkuper\u00e4\u00e4 tarkkaan tiedet\u00e4. Metanolia voidaan valmistaa useilla eri menetelmill\u00e4 kuten maakaasusta syntetisoimalla, mutta helpointa on antaa vedyn reagoida hiilimonoksidin (h\u00e4k\u00e4) kanssa, vesikaasusta hydraamalla. CAS: 67-56-1","robots":{"index":"index","follow":"follow","max-snippet":"max-snippet:-1","max-image-preview":"max-image-preview:large","max-video-preview":"max-video-preview:-1"},"canonical":"https:\/\/masterchem.ee\/fi\/tooted-ja-teenused\/metanoli\/","twitter_card":"summary_large_image","twitter_title":"Metanoli (CAS 67-56-1) - Chemistry For Industry - Solvents &amp; Chemicals - Masterchem.ee","twitter_description":"Metanolin valmistus on tunnettu kauan eik\u00e4 ensimm\u00e4isten valmistusmenetelmien alkuper\u00e4\u00e4 tarkkaan tiedet\u00e4. Metanolia voidaan valmistaa useilla eri menetelmill\u00e4 kuten maakaasusta syntetisoimalla, mutta helpointa on antaa vedyn reagoida hiilimonoksidin (h\u00e4k\u00e4) kanssa, vesikaasusta hydraamalla. CAS: 67-56-1","twitter_image":"https:\/\/masterchem.ee\/wp-content\/uploads\/2018\/02\/METHYL-ALCOHOL-1000l-MasterChem.jpg","twitter_misc":{"Arvioitu lukuaika":"2 minuuttia"},"schema":{"@context":"https:\/\/schema.org","@graph":[{"@type":"WebPage","@id":"https:\/\/masterchem.ee\/fi\/tooted-ja-teenused\/metanoli\/","url":"https:\/\/masterchem.ee\/fi\/tooted-ja-teenused\/metanoli\/","name":"Metanoli (CAS 67-56-1) - Chemistry For Industry - Solvents &amp; Chemicals - Masterchem.ee","isPartOf":{"@id":"https:\/\/masterchem.ee\/fi\/#website"},"primaryImageOfPage":{"@id":"https:\/\/masterchem.ee\/fi\/tooted-ja-teenused\/metanoli\/#primaryimage"},"image":{"@id":"https:\/\/masterchem.ee\/fi\/tooted-ja-teenused\/metanoli\/#primaryimage"},"thumbnailUrl":"https:\/\/masterchem.ee\/wp-content\/uploads\/2018\/02\/METHYL-ALCOHOL-1000l-MasterChem.jpg","datePublished":"2018-02-28T17:36:03+00:00","dateModified":"2021-06-16T17:09:25+00:00","description":"Metanolin valmistus on tunnettu kauan eik\u00e4 ensimm\u00e4isten valmistusmenetelmien alkuper\u00e4\u00e4 tarkkaan tiedet\u00e4. Metanolia voidaan valmistaa useilla eri menetelmill\u00e4 kuten maakaasusta syntetisoimalla, mutta helpointa on antaa vedyn reagoida hiilimonoksidin (h\u00e4k\u00e4) kanssa, vesikaasusta hydraamalla. CAS: 67-56-1","breadcrumb":{"@id":"https:\/\/masterchem.ee\/fi\/tooted-ja-teenused\/metanoli\/#breadcrumb"},"inLanguage":"fi","potentialAction":[{"@type":"ReadAction","target":["https:\/\/masterchem.ee\/fi\/tooted-ja-teenused\/metanoli\/"]}]},{"@type":"ImageObject","inLanguage":"fi","@id":"https:\/\/masterchem.ee\/fi\/tooted-ja-teenused\/metanoli\/#primaryimage","url":"https:\/\/masterchem.ee\/wp-content\/uploads\/2018\/02\/METHYL-ALCOHOL-1000l-MasterChem.jpg","contentUrl":"https:\/\/masterchem.ee\/wp-content\/uploads\/2018\/02\/METHYL-ALCOHOL-1000l-MasterChem.jpg","width":1000,"height":1000,"caption":"Metanoli 1000l MasterChem"},{"@type":"BreadcrumbList","@id":"https:\/\/masterchem.ee\/fi\/tooted-ja-teenused\/metanoli\/#breadcrumb","itemListElement":[{"@type":"ListItem","position":1,"name":"Home","item":"https:\/\/masterchem.ee\/fi\/"},{"@type":"ListItem","position":2,"name":"Tooted ja teenused","item":"https:\/\/masterchem.ee\/tooted-ja-teenused\/"},{"@type":"ListItem","position":3,"name":"Metanoli (CAS 67-56-1)"}]},{"@type":"WebSite","@id":"https:\/\/masterchem.ee\/fi\/#website","url":"https:\/\/masterchem.ee\/fi\/","name":"Masterchem.ee","description":"Chemistry For Industry - Solvents &amp; Chemicals","publisher":{"@id":"https:\/\/masterchem.ee\/fi\/#organization"},"potentialAction":[{"@type":"SearchAction","target":{"@type":"EntryPoint","urlTemplate":"https:\/\/masterchem.ee\/fi\/?s={search_term_string}"},"query-input":{"@type":"PropertyValueSpecification","valueRequired":true,"valueName":"search_term_string"}}],"inLanguage":"fi"},{"@type":"Organization","@id":"https:\/\/masterchem.ee\/fi\/#organization","name":"Masterchem","url":"https:\/\/masterchem.ee\/fi\/","logo":{"@type":"ImageObject","inLanguage":"fi","@id":"https:\/\/masterchem.ee\/fi\/#\/schema\/logo\/image\/","url":"https:\/\/masterchem.ee\/wp-content\/uploads\/2018\/02\/master-chem_final-1.png","contentUrl":"https:\/\/masterchem.ee\/wp-content\/uploads\/2018\/02\/master-chem_final-1.png","width":850,"height":356,"caption":"Masterchem"},"image":{"@id":"https:\/\/masterchem.ee\/fi\/#\/schema\/logo\/image\/"}}]}},"_links":{"self":[{"href":"https:\/\/masterchem.ee\/fi\/wp-json\/wp\/v2\/product\/809","targetHints":{"allow":["GET"]}}],"collection":[{"href":"https:\/\/masterchem.ee\/fi\/wp-json\/wp\/v2\/product"}],"about":[{"href":"https:\/\/masterchem.ee\/fi\/wp-json\/wp\/v2\/types\/product"}],"wp:featuredmedia":[{"embeddable":true,"href":"https:\/\/masterchem.ee\/fi\/wp-json\/wp\/v2\/media\/6650"}],"wp:attachment":[{"href":"https:\/\/masterchem.ee\/fi\/wp-json\/wp\/v2\/media?parent=809"}],"wp:term":[{"taxonomy":"product_brand","embeddable":true,"href":"https:\/\/masterchem.ee\/fi\/wp-json\/wp\/v2\/product_brand?post=809"},{"taxonomy":"product_cat","embeddable":true,"href":"https:\/\/masterchem.ee\/fi\/wp-json\/wp\/v2\/product_cat?post=809"},{"taxonomy":"product_tag","embeddable":true,"href":"https:\/\/masterchem.ee\/fi\/wp-json\/wp\/v2\/product_tag?post=809"}],"curies":[{"name":"wp","href":"https:\/\/api.w.org\/{rel}","templated":true}]}}