{"id":8059,"date":"2020-08-23T06:52:58","date_gmt":"2020-08-23T06:53:00","guid":{"rendered":"https:\/\/masterchem.ee\/?post_type=product&#038;p=8059"},"modified":"2021-06-27T07:11:53","modified_gmt":"2021-06-27T07:11:53","slug":"bentsyylialkoholi","status":"publish","type":"product","link":"https:\/\/masterchem.ee\/fi\/tooted-ja-teenused\/bentsyylialkoholi\/","title":{"rendered":"Bentsyylialkoholi (CAS 100-51-6)"},"content":{"rendered":"<p>Bentsyylialkoholi eli fenyylimetanoli on aromaattinen alkoholi, jota k\u00e4ytet\u00e4\u00e4n pieniss\u00e4 m\u00e4\u00e4rin hajuaineena deodoranteissa. Se on my\u00f6s t\u00e4rke\u00e4 liuotin esimerkiksi maalinpoistoaineissa. Kemiallisesti siin\u00e4 on bentseenirengas, johon on liittynyt metanolirunko.<\/p>\n<p>Aineen molekyylikoostumus on C7H7OH, rakennekaava C6H5CH2OH, CAS-numero 100-51-6 ja moolimassa 108,13 g\/mol. Huoneenl\u00e4mm\u00f6ss\u00e4 se on neste, jonka tiheys on 1 045 kg\/m3, sulamispiste \u201315 celsiusastetta, h\u00f6yrystymisl\u00e4mp\u00f6tila 205 \u00b0C, leimahduspiste 93 \u00b0C c.c. ja itsesyttymisl\u00e4mp\u00f6tila 436 \u00b0C. Bentsyylialkoholista k\u00e4ytet\u00e4\u00e4n my\u00f6s nimityksi\u00e4 bentseenimetanoli, fenyylikarbinoli, alfa-hydroksitolueeni, bentsoyylialkoholi ja fenyylimetanoli.<\/p>\n","protected":false},"excerpt":{"rendered":"<p>Bentsyylialkoholia voi valmistaa bentsyylikloridista (C7H7Cl) alkalimetallikarbonaattien avulla)[1] tai pelkist\u00e4m\u00e4ll\u00e4 bentsaldehydist\u00e4 (C6H5CHO). Yhdiste puhdistetaan tislaamalla. Se on huoneenl\u00e4mm\u00f6ss\u00e4 v\u00e4rit\u00f6n, hieman \u00f6ljym\u00e4inen neste, jossa on mieto, miellytt\u00e4v\u00e4 tuoksu. Se on kohtalaisen hyvin veteen liukeneva (4 g\/100 ml), samoin moniin orgaanisiin liuottimiin. Se hapettuu ilman vaikutuksesta hitaasti bentsaldehydiksi.<\/p>\n<p>Bentsyylialkoholia on yhten\u00e4 ainesosana muun muassa jasmiini- ja neilikka\u00f6ljyss\u00e4 sek\u00e4 perubalsamissa. Se on muun muassa ihoa \u00e4rsytt\u00e4v\u00e4 aine, mik\u00e4 on mainittava k\u00e4ytt\u00f6turvallisuustiedoissa.<\/p>\n<p>Bentsyylialkoholia k\u00e4ytet\u00e4\u00e4n teollisuudessa liuottimena ja hajusteissa k\u00e4ytett\u00e4vien estereiden valmistukseen. Bentsyylialkoholi on my\u00f6s hyv\u00e4ksytty EU:ssa elintarvikkeiden lis\u00e4aineeksi. Sen teht\u00e4v\u00e4 on toimia kantaja-aineena makeisissa, leivonnaisissa ja juomissa. Bentsyylialkoholin E-koodi on E 1519.<\/p>\n<p>Yhdistett\u00e4 esiintyy my\u00f6s kukkien tuoksuissa ja semiokemikaalina eli\u00f6iden viestinn\u00e4ss\u00e4.<\/p>\n<p>CAS: 100-51-6<\/p>\n","protected":false},"featured_media":8103,"template":"","meta":[],"product_brand":[],"product_cat":[180,117,120,122],"product_tag":[],"class_list":{"0":"post-8059","1":"product","2":"type-product","3":"status-publish","4":"has-post-thumbnail","6":"product_cat-uncategorized-fi-2","7":"product_cat-kotitalouskemikaalit","8":"product_cat-laaketeollisuus","9":"product_cat-teollisuuskemikaalit","10":"pif-has-gallery","12":"first","13":"instock","14":"taxable","15":"shipping-taxable","16":"purchasable","17":"product-type-variable","18":"has-default-attributes"},"yoast_head":"<!-- This site is optimized with the Yoast SEO plugin v26.2 - https:\/\/yoast.com\/wordpress\/plugins\/seo\/ -->\n<title>Bentsyylialkoholi (CAS 100-51-6) - Chemistry For Industry - Solvents &amp; Chemicals - Masterchem.ee<\/title>\n<meta name=\"description\" content=\"Bentsyylialkoholi eli fenyylimetanoli on aromaattinen alkoholi, jota k\u00e4ytet\u00e4\u00e4n pieniss\u00e4 m\u00e4\u00e4rin hajuaineena deodoranteissa. Se on my\u00f6s t\u00e4rke\u00e4 liuotin esimerkiksi maalinpoistoaineissa. Kemiallisesti siin\u00e4 on bentseenirengas, johon on liittynyt metanolirunko. CAS: 100-51-6\" \/>\n<meta name=\"robots\" content=\"index, follow, max-snippet:-1, max-image-preview:large, max-video-preview:-1\" \/>\n<link rel=\"canonical\" href=\"https:\/\/masterchem.ee\/fi\/tooted-ja-teenused\/bentsyylialkoholi\/\" \/>\n<meta name=\"twitter:card\" content=\"summary_large_image\" \/>\n<meta name=\"twitter:title\" content=\"Bentsyylialkoholi (CAS 100-51-6) - Chemistry For Industry - Solvents &amp; Chemicals - Masterchem.ee\" \/>\n<meta name=\"twitter:description\" content=\"Bentsyylialkoholi eli fenyylimetanoli on aromaattinen alkoholi, jota k\u00e4ytet\u00e4\u00e4n pieniss\u00e4 m\u00e4\u00e4rin hajuaineena deodoranteissa. Se on my\u00f6s t\u00e4rke\u00e4 liuotin esimerkiksi maalinpoistoaineissa. Kemiallisesti siin\u00e4 on bentseenirengas, johon on liittynyt metanolirunko. CAS: 100-51-6\" \/>\n<meta name=\"twitter:image\" content=\"https:\/\/masterchem.ee\/wp-content\/uploads\/2020\/08\/Bensuulalkohol-1000l-MasterChem.jpg\" \/>\n<script type=\"application\/ld+json\" class=\"yoast-schema-graph\">{\"@context\":\"https:\/\/schema.org\",\"@graph\":[{\"@type\":\"WebPage\",\"@id\":\"https:\/\/masterchem.ee\/fi\/tooted-ja-teenused\/bentsyylialkoholi\/\",\"url\":\"https:\/\/masterchem.ee\/fi\/tooted-ja-teenused\/bentsyylialkoholi\/\",\"name\":\"Bentsyylialkoholi (CAS 100-51-6) - Chemistry For Industry - Solvents &amp; Chemicals - Masterchem.ee\",\"isPartOf\":{\"@id\":\"https:\/\/masterchem.ee\/fi\/#website\"},\"primaryImageOfPage\":{\"@id\":\"https:\/\/masterchem.ee\/fi\/tooted-ja-teenused\/bentsyylialkoholi\/#primaryimage\"},\"image\":{\"@id\":\"https:\/\/masterchem.ee\/fi\/tooted-ja-teenused\/bentsyylialkoholi\/#primaryimage\"},\"thumbnailUrl\":\"https:\/\/masterchem.ee\/wp-content\/uploads\/2020\/08\/Bensuulalkohol-1000l-MasterChem.jpg\",\"datePublished\":\"2020-08-23T06:53:00+00:00\",\"dateModified\":\"2021-06-27T07:11:53+00:00\",\"description\":\"Bentsyylialkoholi eli fenyylimetanoli on aromaattinen alkoholi, jota k\u00e4ytet\u00e4\u00e4n pieniss\u00e4 m\u00e4\u00e4rin hajuaineena deodoranteissa. Se on my\u00f6s t\u00e4rke\u00e4 liuotin esimerkiksi maalinpoistoaineissa. Kemiallisesti siin\u00e4 on bentseenirengas, johon on liittynyt metanolirunko. CAS: 100-51-6\",\"breadcrumb\":{\"@id\":\"https:\/\/masterchem.ee\/fi\/tooted-ja-teenused\/bentsyylialkoholi\/#breadcrumb\"},\"inLanguage\":\"fi\",\"potentialAction\":[{\"@type\":\"ReadAction\",\"target\":[\"https:\/\/masterchem.ee\/fi\/tooted-ja-teenused\/bentsyylialkoholi\/\"]}]},{\"@type\":\"ImageObject\",\"inLanguage\":\"fi\",\"@id\":\"https:\/\/masterchem.ee\/fi\/tooted-ja-teenused\/bentsyylialkoholi\/#primaryimage\",\"url\":\"https:\/\/masterchem.ee\/wp-content\/uploads\/2020\/08\/Bensuulalkohol-1000l-MasterChem.jpg\",\"contentUrl\":\"https:\/\/masterchem.ee\/wp-content\/uploads\/2020\/08\/Bensuulalkohol-1000l-MasterChem.jpg\",\"width\":1000,\"height\":1000,\"caption\":\"Bentsyylialkoholi 1000l MasterChem\"},{\"@type\":\"BreadcrumbList\",\"@id\":\"https:\/\/masterchem.ee\/fi\/tooted-ja-teenused\/bentsyylialkoholi\/#breadcrumb\",\"itemListElement\":[{\"@type\":\"ListItem\",\"position\":1,\"name\":\"Home\",\"item\":\"https:\/\/masterchem.ee\/fi\/\"},{\"@type\":\"ListItem\",\"position\":2,\"name\":\"Tooted ja teenused\",\"item\":\"https:\/\/masterchem.ee\/tooted-ja-teenused\/\"},{\"@type\":\"ListItem\",\"position\":3,\"name\":\"Bentsyylialkoholi (CAS 100-51-6)\"}]},{\"@type\":\"WebSite\",\"@id\":\"https:\/\/masterchem.ee\/fi\/#website\",\"url\":\"https:\/\/masterchem.ee\/fi\/\",\"name\":\"Masterchem.ee\",\"description\":\"Chemistry For Industry - Solvents &amp; Chemicals\",\"publisher\":{\"@id\":\"https:\/\/masterchem.ee\/fi\/#organization\"},\"potentialAction\":[{\"@type\":\"SearchAction\",\"target\":{\"@type\":\"EntryPoint\",\"urlTemplate\":\"https:\/\/masterchem.ee\/fi\/?s={search_term_string}\"},\"query-input\":{\"@type\":\"PropertyValueSpecification\",\"valueRequired\":true,\"valueName\":\"search_term_string\"}}],\"inLanguage\":\"fi\"},{\"@type\":\"Organization\",\"@id\":\"https:\/\/masterchem.ee\/fi\/#organization\",\"name\":\"Masterchem\",\"url\":\"https:\/\/masterchem.ee\/fi\/\",\"logo\":{\"@type\":\"ImageObject\",\"inLanguage\":\"fi\",\"@id\":\"https:\/\/masterchem.ee\/fi\/#\/schema\/logo\/image\/\",\"url\":\"https:\/\/masterchem.ee\/wp-content\/uploads\/2018\/02\/master-chem_final-1.png\",\"contentUrl\":\"https:\/\/masterchem.ee\/wp-content\/uploads\/2018\/02\/master-chem_final-1.png\",\"width\":850,\"height\":356,\"caption\":\"Masterchem\"},\"image\":{\"@id\":\"https:\/\/masterchem.ee\/fi\/#\/schema\/logo\/image\/\"}}]}<\/script>\n<!-- \/ Yoast SEO plugin. -->","yoast_head_json":{"title":"Bentsyylialkoholi (CAS 100-51-6) - Chemistry For Industry - Solvents &amp; Chemicals - Masterchem.ee","description":"Bentsyylialkoholi eli fenyylimetanoli on aromaattinen alkoholi, jota k\u00e4ytet\u00e4\u00e4n pieniss\u00e4 m\u00e4\u00e4rin hajuaineena deodoranteissa. Se on my\u00f6s t\u00e4rke\u00e4 liuotin esimerkiksi maalinpoistoaineissa. Kemiallisesti siin\u00e4 on bentseenirengas, johon on liittynyt metanolirunko. CAS: 100-51-6","robots":{"index":"index","follow":"follow","max-snippet":"max-snippet:-1","max-image-preview":"max-image-preview:large","max-video-preview":"max-video-preview:-1"},"canonical":"https:\/\/masterchem.ee\/fi\/tooted-ja-teenused\/bentsyylialkoholi\/","twitter_card":"summary_large_image","twitter_title":"Bentsyylialkoholi (CAS 100-51-6) - Chemistry For Industry - Solvents &amp; Chemicals - Masterchem.ee","twitter_description":"Bentsyylialkoholi eli fenyylimetanoli on aromaattinen alkoholi, jota k\u00e4ytet\u00e4\u00e4n pieniss\u00e4 m\u00e4\u00e4rin hajuaineena deodoranteissa. Se on my\u00f6s t\u00e4rke\u00e4 liuotin esimerkiksi maalinpoistoaineissa. Kemiallisesti siin\u00e4 on bentseenirengas, johon on liittynyt metanolirunko. CAS: 100-51-6","twitter_image":"https:\/\/masterchem.ee\/wp-content\/uploads\/2020\/08\/Bensuulalkohol-1000l-MasterChem.jpg","schema":{"@context":"https:\/\/schema.org","@graph":[{"@type":"WebPage","@id":"https:\/\/masterchem.ee\/fi\/tooted-ja-teenused\/bentsyylialkoholi\/","url":"https:\/\/masterchem.ee\/fi\/tooted-ja-teenused\/bentsyylialkoholi\/","name":"Bentsyylialkoholi (CAS 100-51-6) - Chemistry For Industry - Solvents &amp; Chemicals - Masterchem.ee","isPartOf":{"@id":"https:\/\/masterchem.ee\/fi\/#website"},"primaryImageOfPage":{"@id":"https:\/\/masterchem.ee\/fi\/tooted-ja-teenused\/bentsyylialkoholi\/#primaryimage"},"image":{"@id":"https:\/\/masterchem.ee\/fi\/tooted-ja-teenused\/bentsyylialkoholi\/#primaryimage"},"thumbnailUrl":"https:\/\/masterchem.ee\/wp-content\/uploads\/2020\/08\/Bensuulalkohol-1000l-MasterChem.jpg","datePublished":"2020-08-23T06:53:00+00:00","dateModified":"2021-06-27T07:11:53+00:00","description":"Bentsyylialkoholi eli fenyylimetanoli on aromaattinen alkoholi, jota k\u00e4ytet\u00e4\u00e4n pieniss\u00e4 m\u00e4\u00e4rin hajuaineena deodoranteissa. Se on my\u00f6s t\u00e4rke\u00e4 liuotin esimerkiksi maalinpoistoaineissa. Kemiallisesti siin\u00e4 on bentseenirengas, johon on liittynyt metanolirunko. CAS: 100-51-6","breadcrumb":{"@id":"https:\/\/masterchem.ee\/fi\/tooted-ja-teenused\/bentsyylialkoholi\/#breadcrumb"},"inLanguage":"fi","potentialAction":[{"@type":"ReadAction","target":["https:\/\/masterchem.ee\/fi\/tooted-ja-teenused\/bentsyylialkoholi\/"]}]},{"@type":"ImageObject","inLanguage":"fi","@id":"https:\/\/masterchem.ee\/fi\/tooted-ja-teenused\/bentsyylialkoholi\/#primaryimage","url":"https:\/\/masterchem.ee\/wp-content\/uploads\/2020\/08\/Bensuulalkohol-1000l-MasterChem.jpg","contentUrl":"https:\/\/masterchem.ee\/wp-content\/uploads\/2020\/08\/Bensuulalkohol-1000l-MasterChem.jpg","width":1000,"height":1000,"caption":"Bentsyylialkoholi 1000l MasterChem"},{"@type":"BreadcrumbList","@id":"https:\/\/masterchem.ee\/fi\/tooted-ja-teenused\/bentsyylialkoholi\/#breadcrumb","itemListElement":[{"@type":"ListItem","position":1,"name":"Home","item":"https:\/\/masterchem.ee\/fi\/"},{"@type":"ListItem","position":2,"name":"Tooted ja teenused","item":"https:\/\/masterchem.ee\/tooted-ja-teenused\/"},{"@type":"ListItem","position":3,"name":"Bentsyylialkoholi (CAS 100-51-6)"}]},{"@type":"WebSite","@id":"https:\/\/masterchem.ee\/fi\/#website","url":"https:\/\/masterchem.ee\/fi\/","name":"Masterchem.ee","description":"Chemistry For Industry - Solvents &amp; Chemicals","publisher":{"@id":"https:\/\/masterchem.ee\/fi\/#organization"},"potentialAction":[{"@type":"SearchAction","target":{"@type":"EntryPoint","urlTemplate":"https:\/\/masterchem.ee\/fi\/?s={search_term_string}"},"query-input":{"@type":"PropertyValueSpecification","valueRequired":true,"valueName":"search_term_string"}}],"inLanguage":"fi"},{"@type":"Organization","@id":"https:\/\/masterchem.ee\/fi\/#organization","name":"Masterchem","url":"https:\/\/masterchem.ee\/fi\/","logo":{"@type":"ImageObject","inLanguage":"fi","@id":"https:\/\/masterchem.ee\/fi\/#\/schema\/logo\/image\/","url":"https:\/\/masterchem.ee\/wp-content\/uploads\/2018\/02\/master-chem_final-1.png","contentUrl":"https:\/\/masterchem.ee\/wp-content\/uploads\/2018\/02\/master-chem_final-1.png","width":850,"height":356,"caption":"Masterchem"},"image":{"@id":"https:\/\/masterchem.ee\/fi\/#\/schema\/logo\/image\/"}}]}},"_links":{"self":[{"href":"https:\/\/masterchem.ee\/fi\/wp-json\/wp\/v2\/product\/8059","targetHints":{"allow":["GET"]}}],"collection":[{"href":"https:\/\/masterchem.ee\/fi\/wp-json\/wp\/v2\/product"}],"about":[{"href":"https:\/\/masterchem.ee\/fi\/wp-json\/wp\/v2\/types\/product"}],"wp:featuredmedia":[{"embeddable":true,"href":"https:\/\/masterchem.ee\/fi\/wp-json\/wp\/v2\/media\/8103"}],"wp:attachment":[{"href":"https:\/\/masterchem.ee\/fi\/wp-json\/wp\/v2\/media?parent=8059"}],"wp:term":[{"taxonomy":"product_brand","embeddable":true,"href":"https:\/\/masterchem.ee\/fi\/wp-json\/wp\/v2\/product_brand?post=8059"},{"taxonomy":"product_cat","embeddable":true,"href":"https:\/\/masterchem.ee\/fi\/wp-json\/wp\/v2\/product_cat?post=8059"},{"taxonomy":"product_tag","embeddable":true,"href":"https:\/\/masterchem.ee\/fi\/wp-json\/wp\/v2\/product_tag?post=8059"}],"curies":[{"name":"wp","href":"https:\/\/api.w.org\/{rel}","templated":true}]}}