{"id":803,"date":"2018-02-28T17:33:08","date_gmt":"2018-02-28T17:33:08","guid":{"rendered":"https:\/\/masterchem.ee\/product\/2-propanoli\/"},"modified":"2021-06-27T08:37:44","modified_gmt":"2021-06-27T08:37:44","slug":"isopropyylialkoholi-cas-67-63-0","status":"publish","type":"product","link":"https:\/\/masterchem.ee\/fi\/tooted-ja-teenused\/isopropyylialkoholi-cas-67-63-0\/","title":{"rendered":"Isopropyylialkoholi (CAS 67-63-0)"},"content":{"rendered":"<p><a href=\"https:\/\/masterchem.ee\/wp-content\/uploads\/2018\/02\/Isopropanool_Ohutuskaart_IPA_MSDS_MasterChem_2020.pdf\" target=\"_blank\" rel=\"noopener noreferrer\">K\u00e4ytt\u00f6turvallisuustiedotteet (MSDS)<\/a><\/p>\n<p style=\"text-align: left;\">Suomessa isopropanolia k\u00e4ytet\u00e4\u00e4n\u00a0<a title=\"Liuotin\" href=\"https:\/\/fi.wikipedia.org\/wiki\/Liuotin\">liuottimena<\/a>\u00a0ja pesunesteen\u00e4 esimerkiksi maali-, painov\u00e4ri-, elintarvike- ja l\u00e4\u00e4keteollisuudessa. Isopropanolia k\u00e4ytet\u00e4\u00e4n my\u00f6s pesu- ja\u00a0<a class=\"mw-redirect\" title=\"Desinfektioaine\" href=\"https:\/\/fi.wikipedia.org\/wiki\/Desinfektioaine\">desinfektioaineissa<\/a>\u00a0sek\u00e4 j\u00e4\u00e4nestoaineissa. 2-propanolia on k\u00e4ytetty\u00a0<a title=\"Asetoni\" href=\"https:\/\/fi.wikipedia.org\/wiki\/Asetoni\">asetonin<\/a>\u00a0valmistukseen. Sit\u00e4 k\u00e4ytet\u00e4\u00e4n my\u00f6s kaupallisesti myyt\u00e4v\u00e4n\u00a0<a title=\"Etanoli\" href=\"https:\/\/fi.wikipedia.org\/wiki\/Etanoli\">etanolin<\/a>\u00a0<a title=\"Denaturointi\" href=\"https:\/\/fi.wikipedia.org\/wiki\/Denaturointi\">denaturoimiseen<\/a>.<sup id=\"cite_ref-1\" class=\"reference\"><a href=\"https:\/\/fi.wikipedia.org\/wiki\/2-propanoli#cite_note-1\">[1]<\/a><\/sup>\u00a0Se on erityisen suosittua puhdistusaineena\u00a0<a title=\"S\u00e4hk\u00f6laite\" href=\"https:\/\/fi.wikipedia.org\/wiki\/S%C3%A4hk%C3%B6laite\">s\u00e4hk\u00f6laitteiden<\/a>\u00a0huollossa, esimerkiksi\u00a0<a title=\"Tietokone\" href=\"https:\/\/fi.wikipedia.org\/wiki\/Tietokone\">tietokoneiden<\/a>\u00a0tapauksessa helposti likaantuvien piirilevykontaktien, magneettisten lukup\u00e4iden ja\u00a0<a title=\"Optinen asema\" href=\"https:\/\/fi.wikipedia.org\/wiki\/Optinen_asema\">optisten asemien<\/a>\u00a0<a title=\"Linssi (optiikka)\" href=\"https:\/\/fi.wikipedia.org\/wiki\/Linssi_(optiikka)\">linssien<\/a>\u00a0puhdistuksessa sek\u00e4 tarpeettoman\u00a0<a title=\"Piitahna\" href=\"https:\/\/fi.wikipedia.org\/wiki\/Piitahna\">piitahnan<\/a>\u00a0poistossa.<\/p>\n","protected":false},"excerpt":{"rendered":"<p style=\"text-align: left;\"><b>Muut nimet:\u00a02-propanoli, isopropanoli, isopropyylialkoholi<\/b><\/p>\n<p style=\"text-align: left;\">2-propanoli\u00a0eli\u00a0isopropanoli\u00a0tai<br \/>\nisopropyylialkoholi\u00a0(IPA) (my\u00f6s\u00a0propan-2-oli) kuuluu\u00a0<a title=\"Alkoholit\" href=\"https:\/\/fi.wikipedia.org\/wiki\/Alkoholit\">alkoholien<\/a>\u00a0aineryhm\u00e4\u00e4n. 2-propanolin\u00a0<a title=\"Rakennekaava\" href=\"https:\/\/fi.wikipedia.org\/wiki\/Rakennekaava\">rakennekaava<\/a>\u00a0voidaan esitt\u00e4\u00e4 muodossa CH<sub>3<\/sub>CHOHCH<sub>3<\/sub>.<\/p>\n<p style=\"text-align: left;\">2-propanoli on\u00a0<a title=\"NTP\" href=\"https:\/\/fi.wikipedia.org\/wiki\/NTP\">normaaliolosuhteissa<\/a><br \/>\nv\u00e4rit\u00f6n, helposti syttyv\u00e4, palava, kirkas\u00a0<a title=\"Neste\" href=\"https:\/\/fi.wikipedia.org\/wiki\/Neste\">neste<\/a>, jonka\u00a0<a title=\"Moolimassa\" href=\"https:\/\/fi.wikipedia.org\/wiki\/Moolimassa\">moolimassa<\/a>\u00a0on 60,1\u00a0g\/mol,\u00a0<a title=\"Kiehumispiste\" href=\"https:\/\/fi.wikipedia.org\/wiki\/Kiehumispiste\">kiehumispiste<\/a>\u00a083\u00a0\u00b0C,\u00a0<a title=\"Sulamispiste\" href=\"https:\/\/fi.wikipedia.org\/wiki\/Sulamispiste\">sulamispiste<\/a>\u00a0\u221290\u00a0\u00b0C,\u00a0<a title=\"Tiheys\" href=\"https:\/\/fi.wikipedia.org\/wiki\/Tiheys\">tiheys<\/a>\u00a00,79\u00a0g\/cm<sup>3<\/sup>\u00a0(vesi\u00a0=\u00a01,0\u00a0g\/cm<sup>3<\/sup>),\u00a0<a title=\"Leimahduspiste\" href=\"https:\/\/fi.wikipedia.org\/wiki\/Leimahduspiste\">leimahduspiste<\/a>\u00a011,7\u00a0\u00b0C,\u00a0<a title=\"Itsesyttymisl\u00e4mp\u00f6tila\" href=\"https:\/\/fi.wikipedia.org\/wiki\/Itsesyttymisl%C3%A4mp%C3%B6tila\">itsesyttymisl\u00e4mp\u00f6tila<\/a>\u00a0456\u00a0\u00b0C ja\u00a0<a title=\"CAS-numero\" href=\"https:\/\/fi.wikipedia.org\/wiki\/CAS-numero\">CAS-numero<\/a>\u00a067-63-0. Aineen h\u00f6yry on ilmaa raskaampaa.<\/p>\n<p style=\"text-align: left;\">Yhdistett\u00e4 esiintyy<br \/>\nkukkien\u00a0<a title=\"Tuoksu\" href=\"https:\/\/fi.wikipedia.org\/wiki\/Tuoksu\">tuoksuissa<\/a>\u00a0ja\u00a0<a title=\"Semiokemikaali\" href=\"https:\/\/fi.wikipedia.org\/wiki\/Semiokemikaali\">semiokemikaalina<\/a>\u00a0eli\u00f6iden viestinn\u00e4ss\u00e4.<\/p>\n<p style=\"text-align: left;\">2-propanoli on<br \/>\n<a title=\"Propanoli\" href=\"https:\/\/fi.wikipedia.org\/wiki\/Propanoli\">propanolin\u00a0<\/a>C<sub>3<\/sub>H<sub>7<\/sub>OH\u00a0<a title=\"Isomeria\" href=\"https:\/\/fi.wikipedia.org\/wiki\/Isomeria\">isomeerinen<\/a>\u00a0muoto<\/p>\n<p style=\"text-align: left;\">\n<p>CAS: 67-63-0<\/p>\n<p><a target=\"_blank\" href=\"https:\/\/masterchem.ee\/wp-content\/uploads\/2018\/02\/Isopropyl-Alcohol.pdf\" class=\"pdf\" alt=\"Tuotteen kuvaus (TDS)\" title=\"Tuotteen kuvaus (TDS)\" rel=\"noopener\">Tuotteen kuvaus (TDS)<\/a><\/p>\n","protected":false},"featured_media":4670,"template":"","meta":[],"product_brand":[],"product_cat":[180,109,115,294,117,120,118,258,153,114,152],"product_tag":[],"class_list":{"0":"post-803","1":"product","2":"type-product","3":"status-publish","4":"has-post-thumbnail","6":"product_cat-uncategorized-fi-2","7":"product_cat-anti-jaatymisnesteet","8":"product_cat-auton-ja-koneiden-kemikaalit","9":"product_cat-kosmetiikkateollisuus","10":"product_cat-kotitalouskemikaalit","11":"product_cat-laaketeollisuus","12":"product_cat-metallikemikaalit","13":"product_cat-muovi-fi","14":"product_cat-puunjalostuskemikaalit","15":"product_cat-rakennusteollisuus","16":"product_cat-tipografiset-kemikaalit","17":"pif-has-gallery","19":"first","20":"instock","21":"taxable","22":"shipping-taxable","23":"purchasable","24":"product-type-variable","25":"has-default-attributes"},"yoast_head":"<!-- This site is optimized with the Yoast SEO plugin v26.2 - https:\/\/yoast.com\/wordpress\/plugins\/seo\/ -->\n<title>Isopropyylialkoholi (CAS 67-63-0) - Chemistry For Industry - Solvents &amp; Chemicals - Masterchem.ee<\/title>\n<meta name=\"description\" content=\"Suomessa isopropanolia k\u00e4ytet\u00e4\u00e4n liuottimena ja pesunesteen\u00e4 esimerkiksi maali-, painov\u00e4ri-, elintarvike- ja l\u00e4\u00e4keteollisuudessa. Isopropanolia k\u00e4ytet\u00e4\u00e4n my\u00f6s pesu- ja desinfektioaineissa sek\u00e4 j\u00e4\u00e4nestoaineissa. 2-propanolia on k\u00e4ytetty asetonin valmistukseen. CAS: 67-63-0\" \/>\n<meta name=\"robots\" content=\"index, follow, max-snippet:-1, max-image-preview:large, max-video-preview:-1\" \/>\n<link rel=\"canonical\" href=\"https:\/\/masterchem.ee\/fi\/tooted-ja-teenused\/isopropyylialkoholi-cas-67-63-0\/\" \/>\n<meta name=\"twitter:card\" content=\"summary_large_image\" \/>\n<meta name=\"twitter:title\" content=\"Isopropyylialkoholi (CAS 67-63-0) - Chemistry For Industry - Solvents &amp; Chemicals - Masterchem.ee\" \/>\n<meta name=\"twitter:description\" content=\"Suomessa isopropanolia k\u00e4ytet\u00e4\u00e4n liuottimena ja pesunesteen\u00e4 esimerkiksi maali-, painov\u00e4ri-, elintarvike- ja l\u00e4\u00e4keteollisuudessa. Isopropanolia k\u00e4ytet\u00e4\u00e4n my\u00f6s pesu- ja desinfektioaineissa sek\u00e4 j\u00e4\u00e4nestoaineissa. 2-propanolia on k\u00e4ytetty asetonin valmistukseen. CAS: 67-63-0\" \/>\n<meta name=\"twitter:image\" content=\"https:\/\/masterchem.ee\/wp-content\/uploads\/2018\/02\/Isopropyl-Alcohol-1000l-MaterChem-1.jpg\" \/>\n<script type=\"application\/ld+json\" class=\"yoast-schema-graph\">{\"@context\":\"https:\/\/schema.org\",\"@graph\":[{\"@type\":\"WebPage\",\"@id\":\"https:\/\/masterchem.ee\/fi\/tooted-ja-teenused\/isopropyylialkoholi-cas-67-63-0\/\",\"url\":\"https:\/\/masterchem.ee\/fi\/tooted-ja-teenused\/isopropyylialkoholi-cas-67-63-0\/\",\"name\":\"Isopropyylialkoholi (CAS 67-63-0) - Chemistry For Industry - Solvents &amp; Chemicals - Masterchem.ee\",\"isPartOf\":{\"@id\":\"https:\/\/masterchem.ee\/fi\/#website\"},\"primaryImageOfPage\":{\"@id\":\"https:\/\/masterchem.ee\/fi\/tooted-ja-teenused\/isopropyylialkoholi-cas-67-63-0\/#primaryimage\"},\"image\":{\"@id\":\"https:\/\/masterchem.ee\/fi\/tooted-ja-teenused\/isopropyylialkoholi-cas-67-63-0\/#primaryimage\"},\"thumbnailUrl\":\"https:\/\/masterchem.ee\/wp-content\/uploads\/2018\/02\/Isopropyl-Alcohol-1000l-MaterChem-1.jpg\",\"datePublished\":\"2018-02-28T17:33:08+00:00\",\"dateModified\":\"2021-06-27T08:37:44+00:00\",\"description\":\"Suomessa isopropanolia k\u00e4ytet\u00e4\u00e4n liuottimena ja pesunesteen\u00e4 esimerkiksi maali-, painov\u00e4ri-, elintarvike- ja l\u00e4\u00e4keteollisuudessa. Isopropanolia k\u00e4ytet\u00e4\u00e4n my\u00f6s pesu- ja desinfektioaineissa sek\u00e4 j\u00e4\u00e4nestoaineissa. 2-propanolia on k\u00e4ytetty asetonin valmistukseen. CAS: 67-63-0\",\"breadcrumb\":{\"@id\":\"https:\/\/masterchem.ee\/fi\/tooted-ja-teenused\/isopropyylialkoholi-cas-67-63-0\/#breadcrumb\"},\"inLanguage\":\"fi\",\"potentialAction\":[{\"@type\":\"ReadAction\",\"target\":[\"https:\/\/masterchem.ee\/fi\/tooted-ja-teenused\/isopropyylialkoholi-cas-67-63-0\/\"]}]},{\"@type\":\"ImageObject\",\"inLanguage\":\"fi\",\"@id\":\"https:\/\/masterchem.ee\/fi\/tooted-ja-teenused\/isopropyylialkoholi-cas-67-63-0\/#primaryimage\",\"url\":\"https:\/\/masterchem.ee\/wp-content\/uploads\/2018\/02\/Isopropyl-Alcohol-1000l-MaterChem-1.jpg\",\"contentUrl\":\"https:\/\/masterchem.ee\/wp-content\/uploads\/2018\/02\/Isopropyl-Alcohol-1000l-MaterChem-1.jpg\",\"width\":1000,\"height\":1000,\"caption\":\"Isopropyl Alcohol 1000l MaterChem\"},{\"@type\":\"BreadcrumbList\",\"@id\":\"https:\/\/masterchem.ee\/fi\/tooted-ja-teenused\/isopropyylialkoholi-cas-67-63-0\/#breadcrumb\",\"itemListElement\":[{\"@type\":\"ListItem\",\"position\":1,\"name\":\"Home\",\"item\":\"https:\/\/masterchem.ee\/fi\/\"},{\"@type\":\"ListItem\",\"position\":2,\"name\":\"Tooted ja teenused\",\"item\":\"https:\/\/masterchem.ee\/tooted-ja-teenused\/\"},{\"@type\":\"ListItem\",\"position\":3,\"name\":\"Isopropyylialkoholi (CAS 67-63-0)\"}]},{\"@type\":\"WebSite\",\"@id\":\"https:\/\/masterchem.ee\/fi\/#website\",\"url\":\"https:\/\/masterchem.ee\/fi\/\",\"name\":\"Masterchem.ee\",\"description\":\"Chemistry For Industry - Solvents &amp; Chemicals\",\"publisher\":{\"@id\":\"https:\/\/masterchem.ee\/fi\/#organization\"},\"potentialAction\":[{\"@type\":\"SearchAction\",\"target\":{\"@type\":\"EntryPoint\",\"urlTemplate\":\"https:\/\/masterchem.ee\/fi\/?s={search_term_string}\"},\"query-input\":{\"@type\":\"PropertyValueSpecification\",\"valueRequired\":true,\"valueName\":\"search_term_string\"}}],\"inLanguage\":\"fi\"},{\"@type\":\"Organization\",\"@id\":\"https:\/\/masterchem.ee\/fi\/#organization\",\"name\":\"Masterchem\",\"url\":\"https:\/\/masterchem.ee\/fi\/\",\"logo\":{\"@type\":\"ImageObject\",\"inLanguage\":\"fi\",\"@id\":\"https:\/\/masterchem.ee\/fi\/#\/schema\/logo\/image\/\",\"url\":\"https:\/\/masterchem.ee\/wp-content\/uploads\/2018\/02\/master-chem_final-1.png\",\"contentUrl\":\"https:\/\/masterchem.ee\/wp-content\/uploads\/2018\/02\/master-chem_final-1.png\",\"width\":850,\"height\":356,\"caption\":\"Masterchem\"},\"image\":{\"@id\":\"https:\/\/masterchem.ee\/fi\/#\/schema\/logo\/image\/\"}}]}<\/script>\n<!-- \/ Yoast SEO plugin. -->","yoast_head_json":{"title":"Isopropyylialkoholi (CAS 67-63-0) - Chemistry For Industry - Solvents &amp; Chemicals - Masterchem.ee","description":"Suomessa isopropanolia k\u00e4ytet\u00e4\u00e4n liuottimena ja pesunesteen\u00e4 esimerkiksi maali-, painov\u00e4ri-, elintarvike- ja l\u00e4\u00e4keteollisuudessa. Isopropanolia k\u00e4ytet\u00e4\u00e4n my\u00f6s pesu- ja desinfektioaineissa sek\u00e4 j\u00e4\u00e4nestoaineissa. 2-propanolia on k\u00e4ytetty asetonin valmistukseen. CAS: 67-63-0","robots":{"index":"index","follow":"follow","max-snippet":"max-snippet:-1","max-image-preview":"max-image-preview:large","max-video-preview":"max-video-preview:-1"},"canonical":"https:\/\/masterchem.ee\/fi\/tooted-ja-teenused\/isopropyylialkoholi-cas-67-63-0\/","twitter_card":"summary_large_image","twitter_title":"Isopropyylialkoholi (CAS 67-63-0) - Chemistry For Industry - Solvents &amp; Chemicals - Masterchem.ee","twitter_description":"Suomessa isopropanolia k\u00e4ytet\u00e4\u00e4n liuottimena ja pesunesteen\u00e4 esimerkiksi maali-, painov\u00e4ri-, elintarvike- ja l\u00e4\u00e4keteollisuudessa. Isopropanolia k\u00e4ytet\u00e4\u00e4n my\u00f6s pesu- ja desinfektioaineissa sek\u00e4 j\u00e4\u00e4nestoaineissa. 2-propanolia on k\u00e4ytetty asetonin valmistukseen. CAS: 67-63-0","twitter_image":"https:\/\/masterchem.ee\/wp-content\/uploads\/2018\/02\/Isopropyl-Alcohol-1000l-MaterChem-1.jpg","schema":{"@context":"https:\/\/schema.org","@graph":[{"@type":"WebPage","@id":"https:\/\/masterchem.ee\/fi\/tooted-ja-teenused\/isopropyylialkoholi-cas-67-63-0\/","url":"https:\/\/masterchem.ee\/fi\/tooted-ja-teenused\/isopropyylialkoholi-cas-67-63-0\/","name":"Isopropyylialkoholi (CAS 67-63-0) - Chemistry For Industry - Solvents &amp; Chemicals - Masterchem.ee","isPartOf":{"@id":"https:\/\/masterchem.ee\/fi\/#website"},"primaryImageOfPage":{"@id":"https:\/\/masterchem.ee\/fi\/tooted-ja-teenused\/isopropyylialkoholi-cas-67-63-0\/#primaryimage"},"image":{"@id":"https:\/\/masterchem.ee\/fi\/tooted-ja-teenused\/isopropyylialkoholi-cas-67-63-0\/#primaryimage"},"thumbnailUrl":"https:\/\/masterchem.ee\/wp-content\/uploads\/2018\/02\/Isopropyl-Alcohol-1000l-MaterChem-1.jpg","datePublished":"2018-02-28T17:33:08+00:00","dateModified":"2021-06-27T08:37:44+00:00","description":"Suomessa isopropanolia k\u00e4ytet\u00e4\u00e4n liuottimena ja pesunesteen\u00e4 esimerkiksi maali-, painov\u00e4ri-, elintarvike- ja l\u00e4\u00e4keteollisuudessa. Isopropanolia k\u00e4ytet\u00e4\u00e4n my\u00f6s pesu- ja desinfektioaineissa sek\u00e4 j\u00e4\u00e4nestoaineissa. 2-propanolia on k\u00e4ytetty asetonin valmistukseen. CAS: 67-63-0","breadcrumb":{"@id":"https:\/\/masterchem.ee\/fi\/tooted-ja-teenused\/isopropyylialkoholi-cas-67-63-0\/#breadcrumb"},"inLanguage":"fi","potentialAction":[{"@type":"ReadAction","target":["https:\/\/masterchem.ee\/fi\/tooted-ja-teenused\/isopropyylialkoholi-cas-67-63-0\/"]}]},{"@type":"ImageObject","inLanguage":"fi","@id":"https:\/\/masterchem.ee\/fi\/tooted-ja-teenused\/isopropyylialkoholi-cas-67-63-0\/#primaryimage","url":"https:\/\/masterchem.ee\/wp-content\/uploads\/2018\/02\/Isopropyl-Alcohol-1000l-MaterChem-1.jpg","contentUrl":"https:\/\/masterchem.ee\/wp-content\/uploads\/2018\/02\/Isopropyl-Alcohol-1000l-MaterChem-1.jpg","width":1000,"height":1000,"caption":"Isopropyl Alcohol 1000l MaterChem"},{"@type":"BreadcrumbList","@id":"https:\/\/masterchem.ee\/fi\/tooted-ja-teenused\/isopropyylialkoholi-cas-67-63-0\/#breadcrumb","itemListElement":[{"@type":"ListItem","position":1,"name":"Home","item":"https:\/\/masterchem.ee\/fi\/"},{"@type":"ListItem","position":2,"name":"Tooted ja teenused","item":"https:\/\/masterchem.ee\/tooted-ja-teenused\/"},{"@type":"ListItem","position":3,"name":"Isopropyylialkoholi (CAS 67-63-0)"}]},{"@type":"WebSite","@id":"https:\/\/masterchem.ee\/fi\/#website","url":"https:\/\/masterchem.ee\/fi\/","name":"Masterchem.ee","description":"Chemistry For Industry - Solvents &amp; Chemicals","publisher":{"@id":"https:\/\/masterchem.ee\/fi\/#organization"},"potentialAction":[{"@type":"SearchAction","target":{"@type":"EntryPoint","urlTemplate":"https:\/\/masterchem.ee\/fi\/?s={search_term_string}"},"query-input":{"@type":"PropertyValueSpecification","valueRequired":true,"valueName":"search_term_string"}}],"inLanguage":"fi"},{"@type":"Organization","@id":"https:\/\/masterchem.ee\/fi\/#organization","name":"Masterchem","url":"https:\/\/masterchem.ee\/fi\/","logo":{"@type":"ImageObject","inLanguage":"fi","@id":"https:\/\/masterchem.ee\/fi\/#\/schema\/logo\/image\/","url":"https:\/\/masterchem.ee\/wp-content\/uploads\/2018\/02\/master-chem_final-1.png","contentUrl":"https:\/\/masterchem.ee\/wp-content\/uploads\/2018\/02\/master-chem_final-1.png","width":850,"height":356,"caption":"Masterchem"},"image":{"@id":"https:\/\/masterchem.ee\/fi\/#\/schema\/logo\/image\/"}}]}},"_links":{"self":[{"href":"https:\/\/masterchem.ee\/fi\/wp-json\/wp\/v2\/product\/803","targetHints":{"allow":["GET"]}}],"collection":[{"href":"https:\/\/masterchem.ee\/fi\/wp-json\/wp\/v2\/product"}],"about":[{"href":"https:\/\/masterchem.ee\/fi\/wp-json\/wp\/v2\/types\/product"}],"wp:featuredmedia":[{"embeddable":true,"href":"https:\/\/masterchem.ee\/fi\/wp-json\/wp\/v2\/media\/4670"}],"wp:attachment":[{"href":"https:\/\/masterchem.ee\/fi\/wp-json\/wp\/v2\/media?parent=803"}],"wp:term":[{"taxonomy":"product_brand","embeddable":true,"href":"https:\/\/masterchem.ee\/fi\/wp-json\/wp\/v2\/product_brand?post=803"},{"taxonomy":"product_cat","embeddable":true,"href":"https:\/\/masterchem.ee\/fi\/wp-json\/wp\/v2\/product_cat?post=803"},{"taxonomy":"product_tag","embeddable":true,"href":"https:\/\/masterchem.ee\/fi\/wp-json\/wp\/v2\/product_tag?post=803"}],"curies":[{"name":"wp","href":"https:\/\/api.w.org\/{rel}","templated":true}]}}