{"id":8022,"date":"2020-08-20T13:56:18","date_gmt":"2020-08-20T13:56:18","guid":{"rendered":"https:\/\/masterchem.ee\/?post_type=product&#038;p=8022"},"modified":"2020-08-20T14:05:43","modified_gmt":"2020-08-20T14:05:43","slug":"rummupumpun-siirto-kasikayttoisesti-teraksesta-valmistetulle-dieseloljyliuottimelle","status":"publish","type":"product","link":"https:\/\/masterchem.ee\/fi\/tooted-ja-teenused\/rummupumpun-siirto-kasikayttoisesti-teraksesta-valmistetulle-dieseloljyliuottimelle\/","title":{"rendered":"Rummupumpun siirto k\u00e4sik\u00e4ytt\u00f6isesti ter\u00e4ksest\u00e4 valmistetulle diesel\u00f6ljyliuottimelle"},"content":{"rendered":"<p>20L \/ min Vipu Toiminta Tynnyrumpupumppu Diesel\u00f6ljynsiirto K\u00e4sik\u00e4ytt\u00f6iset imurity\u00f6kalut<br \/>\nKuvaus:<\/p>\n<p>T\u00e4m\u00e4 viputyyppinen tynnyripumppu on \u00e4lyk\u00e4s ty\u00f6kalu, jolla annostellaan vaihde\u00f6ljy\u00e4, diesel\u00f6ljy\u00e4 ja muita sy\u00f6vytt\u00e4vi\u00e4 nesteit\u00e4 tynnyrist\u00e4 nopeasti ja helposti. Itse s\u00e4\u00e4dett\u00e4v\u00e4ll\u00e4 imuputkella se on k\u00e4tev\u00e4 joustavaan annosteluun, ja voit k\u00e4ytt\u00e4\u00e4 irrotettavaa suutinta letkujen asentamiseen yksinkertaisesti. Lis\u00e4ksi pehmustettu kahva on liukastumattoman pumppauksen humanisoitu muotoilu. T\u00e4llainen k\u00e4yt\u00e4nn\u00f6llinen ja k\u00e4tev\u00e4 pumppu, \u00e4l\u00e4 missaa sit\u00e4!<\/p>\n<p>Ominaisuudet:<br \/>\n1. T\u00e4m\u00e4 pumppu on suunniteltu nesteiden annosteluun ja siirtoon, ja se auttaa sinua pumppaamaan \u00f6ljyj\u00e4, dieselej\u00e4 nopeasti ja helposti.<br \/>\n2. Korkealaatuinen pumppu tarjoaa erinomaisen nesteyhteensopivuuden, ja se on ihanteellinen dieselin, petrolin, moottori\u00f6ljyn, hydrauli\u00f6ljyn ja muiden sy\u00f6vytt\u00e4vien nesteiden pumppaamiseen.<br \/>\n3. Itses\u00e4\u00e4tyv\u00e4 teleskooppinen imuputki joustavaa annostelua ja k\u00e4ytt\u00f6\u00e4 varten.<br \/>\n4. Voit pit\u00e4\u00e4 pehmustetun kahvan helposti, liukumattomana pumppaamiseksi, se on todella humanisoitu muotoilu.<br \/>\n5. Irrotettava suutin sopii letkuun helposti ja on taipuinen k\u00e4yt\u00f6n helpottamiseksi.<\/p>\n<p>Tekniset tiedot:<br \/>\nMateriaali: Valurauta<br \/>\nP\u00e4\u00e4v\u00e4rit: Hopea<br \/>\nVirtaus: 20L \/ min<br \/>\nSis\u00e4\u00e4ntulon halkaisija: 3,4cm \/ 1,34 &#8221;<br \/>\nUlosl\u00e4pimitta: 2cm \/ 0,79 &#8221;<br \/>\nPumpun korkeus: 78cm \/ 30,7 &#8221;<br \/>\nTeleskooppinen imuputki: 460-915mm s\u00e4\u00e4dett\u00e4viss\u00e4<br \/>\nPintak\u00e4sittely: kromattu<br \/>\nPakkauksen paino: 2400 g<\/p>\n<p>Levit\u00e4: Soveltuu pumppaamaan diesel\u00f6ljy\u00e4, petrolia, vaihteisto\u00f6ljy\u00e4, moottori\u00f6ljyhydrauli\u00f6ljy\u00e4 ja monia muita sy\u00f6vytt\u00e4vi\u00e4 nesteit\u00e4.<\/p>\n","protected":false},"excerpt":{"rendered":"<p>20L \/ min Vipu Toiminta Tynnyrumpupumppu Diesel\u00f6ljynsiirto K\u00e4sik\u00e4ytt\u00f6iset imurity\u00f6kalut Kuvaus: T\u00e4m\u00e4 viputyyppinen tynnyripumppu on \u00e4lyk\u00e4s ty\u00f6kalu, jolla annostellaan vaihde\u00f6ljy\u00e4, diesel\u00f6ljy\u00e4 ja muita sy\u00f6vytt\u00e4vi\u00e4 nesteit\u00e4 tynnyrist\u00e4 nopeasti ja helposti. Itse s\u00e4\u00e4dett\u00e4v\u00e4ll\u00e4 imuputkella se on k\u00e4tev\u00e4 joustavaan annosteluun, ja voit k\u00e4ytt\u00e4\u00e4 irrotettavaa suutinta letkujen asentamiseen yksinkertaisesti. Lis\u00e4ksi pehmustettu kahva on liukastumattoman pumppauksen humanisoitu muotoilu. T\u00e4llainen k\u00e4yt\u00e4nn\u00f6llinen ja [&hellip;]<\/p>\n","protected":false},"featured_media":8026,"template":"","meta":[],"product_brand":[],"product_cat":[180,119],"product_tag":[],"class_list":{"0":"post-8022","1":"product","2":"type-product","3":"status-publish","4":"has-post-thumbnail","6":"product_cat-uncategorized-fi-2","7":"product_cat-pakkaus","8":"pif-has-gallery","10":"first","11":"instock","12":"taxable","13":"shipping-taxable","14":"purchasable","15":"product-type-simple"},"yoast_head":"<!-- This site is optimized with the Yoast SEO plugin v26.2 - https:\/\/yoast.com\/wordpress\/plugins\/seo\/ -->\n<title>Rummupumpun siirto k\u00e4sik\u00e4ytt\u00f6isesti ter\u00e4ksest\u00e4 valmistetulle diesel\u00f6ljyliuottimelle - Chemistry For Industry - Solvents &amp; Chemicals - Masterchem.ee<\/title>\n<meta name=\"description\" content=\"T\u00e4m\u00e4 viputyyppinen tynnyripumppu on \u00e4lyk\u00e4s ty\u00f6kalu, jolla annostellaan vaihde\u00f6ljy\u00e4, diesel\u00f6ljy\u00e4 ja muita sy\u00f6vytt\u00e4vi\u00e4 nesteit\u00e4 tynnyrist\u00e4 nopeasti ja helposti. Itse s\u00e4\u00e4dett\u00e4v\u00e4ll\u00e4 imuputkella se on k\u00e4tev\u00e4 joustavaan annosteluun, ja voit k\u00e4ytt\u00e4\u00e4 irrotettavaa suutinta letkujen asentamiseen yksinkertaisesti.\" \/>\n<meta name=\"robots\" content=\"index, follow, max-snippet:-1, max-image-preview:large, max-video-preview:-1\" \/>\n<link rel=\"canonical\" href=\"https:\/\/masterchem.ee\/fi\/tooted-ja-teenused\/rummupumpun-siirto-kasikayttoisesti-teraksesta-valmistetulle-dieseloljyliuottimelle\/\" \/>\n<meta name=\"twitter:card\" content=\"summary_large_image\" \/>\n<meta name=\"twitter:title\" content=\"Rummupumpun siirto k\u00e4sik\u00e4ytt\u00f6isesti ter\u00e4ksest\u00e4 valmistetulle diesel\u00f6ljyliuottimelle - Chemistry For Industry - Solvents &amp; Chemicals - Masterchem.ee\" \/>\n<meta name=\"twitter:description\" content=\"T\u00e4m\u00e4 viputyyppinen tynnyripumppu on \u00e4lyk\u00e4s ty\u00f6kalu, jolla annostellaan vaihde\u00f6ljy\u00e4, diesel\u00f6ljy\u00e4 ja muita sy\u00f6vytt\u00e4vi\u00e4 nesteit\u00e4 tynnyrist\u00e4 nopeasti ja helposti. Itse s\u00e4\u00e4dett\u00e4v\u00e4ll\u00e4 imuputkella se on k\u00e4tev\u00e4 joustavaan annosteluun, ja voit k\u00e4ytt\u00e4\u00e4 irrotettavaa suutinta letkujen asentamiseen yksinkertaisesti.\" \/>\n<meta name=\"twitter:image\" content=\"https:\/\/masterchem.ee\/wp-content\/uploads\/2020\/08\/Terasest_diiseloli_lahustiga_juhitav_trummelpumba_ulekandemehhanism.jpg\" \/>\n<meta name=\"twitter:label1\" content=\"Arvioitu lukuaika\" \/>\n\t<meta name=\"twitter:data1\" content=\"1 minuutti\" \/>\n<script type=\"application\/ld+json\" class=\"yoast-schema-graph\">{\"@context\":\"https:\/\/schema.org\",\"@graph\":[{\"@type\":\"WebPage\",\"@id\":\"https:\/\/masterchem.ee\/fi\/tooted-ja-teenused\/rummupumpun-siirto-kasikayttoisesti-teraksesta-valmistetulle-dieseloljyliuottimelle\/\",\"url\":\"https:\/\/masterchem.ee\/fi\/tooted-ja-teenused\/rummupumpun-siirto-kasikayttoisesti-teraksesta-valmistetulle-dieseloljyliuottimelle\/\",\"name\":\"Rummupumpun siirto k\u00e4sik\u00e4ytt\u00f6isesti ter\u00e4ksest\u00e4 valmistetulle diesel\u00f6ljyliuottimelle - Chemistry For Industry - Solvents &amp; Chemicals - Masterchem.ee\",\"isPartOf\":{\"@id\":\"https:\/\/masterchem.ee\/fi\/#website\"},\"primaryImageOfPage\":{\"@id\":\"https:\/\/masterchem.ee\/fi\/tooted-ja-teenused\/rummupumpun-siirto-kasikayttoisesti-teraksesta-valmistetulle-dieseloljyliuottimelle\/#primaryimage\"},\"image\":{\"@id\":\"https:\/\/masterchem.ee\/fi\/tooted-ja-teenused\/rummupumpun-siirto-kasikayttoisesti-teraksesta-valmistetulle-dieseloljyliuottimelle\/#primaryimage\"},\"thumbnailUrl\":\"https:\/\/masterchem.ee\/wp-content\/uploads\/2020\/08\/Terasest_diiseloli_lahustiga_juhitav_trummelpumba_ulekandemehhanism.jpg\",\"datePublished\":\"2020-08-20T13:56:18+00:00\",\"dateModified\":\"2020-08-20T14:05:43+00:00\",\"description\":\"T\u00e4m\u00e4 viputyyppinen tynnyripumppu on \u00e4lyk\u00e4s ty\u00f6kalu, jolla annostellaan vaihde\u00f6ljy\u00e4, diesel\u00f6ljy\u00e4 ja muita sy\u00f6vytt\u00e4vi\u00e4 nesteit\u00e4 tynnyrist\u00e4 nopeasti ja helposti. Itse s\u00e4\u00e4dett\u00e4v\u00e4ll\u00e4 imuputkella se on k\u00e4tev\u00e4 joustavaan annosteluun, ja voit k\u00e4ytt\u00e4\u00e4 irrotettavaa suutinta letkujen asentamiseen yksinkertaisesti.\",\"breadcrumb\":{\"@id\":\"https:\/\/masterchem.ee\/fi\/tooted-ja-teenused\/rummupumpun-siirto-kasikayttoisesti-teraksesta-valmistetulle-dieseloljyliuottimelle\/#breadcrumb\"},\"inLanguage\":\"fi\",\"potentialAction\":[{\"@type\":\"ReadAction\",\"target\":[\"https:\/\/masterchem.ee\/fi\/tooted-ja-teenused\/rummupumpun-siirto-kasikayttoisesti-teraksesta-valmistetulle-dieseloljyliuottimelle\/\"]}]},{\"@type\":\"ImageObject\",\"inLanguage\":\"fi\",\"@id\":\"https:\/\/masterchem.ee\/fi\/tooted-ja-teenused\/rummupumpun-siirto-kasikayttoisesti-teraksesta-valmistetulle-dieseloljyliuottimelle\/#primaryimage\",\"url\":\"https:\/\/masterchem.ee\/wp-content\/uploads\/2020\/08\/Terasest_diiseloli_lahustiga_juhitav_trummelpumba_ulekandemehhanism.jpg\",\"contentUrl\":\"https:\/\/masterchem.ee\/wp-content\/uploads\/2020\/08\/Terasest_diiseloli_lahustiga_juhitav_trummelpumba_ulekandemehhanism.jpg\",\"width\":1000,\"height\":1000,\"caption\":\"Rummupumpun siirto k\u00e4sik\u00e4ytt\u00f6isesti ter\u00e4ksest\u00e4 valmistetulle diesel\u00f6ljyliuottimelle\"},{\"@type\":\"BreadcrumbList\",\"@id\":\"https:\/\/masterchem.ee\/fi\/tooted-ja-teenused\/rummupumpun-siirto-kasikayttoisesti-teraksesta-valmistetulle-dieseloljyliuottimelle\/#breadcrumb\",\"itemListElement\":[{\"@type\":\"ListItem\",\"position\":1,\"name\":\"Home\",\"item\":\"https:\/\/masterchem.ee\/fi\/\"},{\"@type\":\"ListItem\",\"position\":2,\"name\":\"Tooted ja teenused\",\"item\":\"https:\/\/masterchem.ee\/tooted-ja-teenused\/\"},{\"@type\":\"ListItem\",\"position\":3,\"name\":\"Rummupumpun siirto k\u00e4sik\u00e4ytt\u00f6isesti ter\u00e4ksest\u00e4 valmistetulle diesel\u00f6ljyliuottimelle\"}]},{\"@type\":\"WebSite\",\"@id\":\"https:\/\/masterchem.ee\/fi\/#website\",\"url\":\"https:\/\/masterchem.ee\/fi\/\",\"name\":\"Masterchem.ee\",\"description\":\"Chemistry For Industry - Solvents &amp; Chemicals\",\"publisher\":{\"@id\":\"https:\/\/masterchem.ee\/fi\/#organization\"},\"potentialAction\":[{\"@type\":\"SearchAction\",\"target\":{\"@type\":\"EntryPoint\",\"urlTemplate\":\"https:\/\/masterchem.ee\/fi\/?s={search_term_string}\"},\"query-input\":{\"@type\":\"PropertyValueSpecification\",\"valueRequired\":true,\"valueName\":\"search_term_string\"}}],\"inLanguage\":\"fi\"},{\"@type\":\"Organization\",\"@id\":\"https:\/\/masterchem.ee\/fi\/#organization\",\"name\":\"Masterchem\",\"url\":\"https:\/\/masterchem.ee\/fi\/\",\"logo\":{\"@type\":\"ImageObject\",\"inLanguage\":\"fi\",\"@id\":\"https:\/\/masterchem.ee\/fi\/#\/schema\/logo\/image\/\",\"url\":\"https:\/\/masterchem.ee\/wp-content\/uploads\/2018\/02\/master-chem_final-1.png\",\"contentUrl\":\"https:\/\/masterchem.ee\/wp-content\/uploads\/2018\/02\/master-chem_final-1.png\",\"width\":850,\"height\":356,\"caption\":\"Masterchem\"},\"image\":{\"@id\":\"https:\/\/masterchem.ee\/fi\/#\/schema\/logo\/image\/\"}}]}<\/script>\n<!-- \/ Yoast SEO plugin. -->","yoast_head_json":{"title":"Rummupumpun siirto k\u00e4sik\u00e4ytt\u00f6isesti ter\u00e4ksest\u00e4 valmistetulle diesel\u00f6ljyliuottimelle - Chemistry For Industry - Solvents &amp; Chemicals - Masterchem.ee","description":"T\u00e4m\u00e4 viputyyppinen tynnyripumppu on \u00e4lyk\u00e4s ty\u00f6kalu, jolla annostellaan vaihde\u00f6ljy\u00e4, diesel\u00f6ljy\u00e4 ja muita sy\u00f6vytt\u00e4vi\u00e4 nesteit\u00e4 tynnyrist\u00e4 nopeasti ja helposti. Itse s\u00e4\u00e4dett\u00e4v\u00e4ll\u00e4 imuputkella se on k\u00e4tev\u00e4 joustavaan annosteluun, ja voit k\u00e4ytt\u00e4\u00e4 irrotettavaa suutinta letkujen asentamiseen yksinkertaisesti.","robots":{"index":"index","follow":"follow","max-snippet":"max-snippet:-1","max-image-preview":"max-image-preview:large","max-video-preview":"max-video-preview:-1"},"canonical":"https:\/\/masterchem.ee\/fi\/tooted-ja-teenused\/rummupumpun-siirto-kasikayttoisesti-teraksesta-valmistetulle-dieseloljyliuottimelle\/","twitter_card":"summary_large_image","twitter_title":"Rummupumpun siirto k\u00e4sik\u00e4ytt\u00f6isesti ter\u00e4ksest\u00e4 valmistetulle diesel\u00f6ljyliuottimelle - Chemistry For Industry - Solvents &amp; Chemicals - Masterchem.ee","twitter_description":"T\u00e4m\u00e4 viputyyppinen tynnyripumppu on \u00e4lyk\u00e4s ty\u00f6kalu, jolla annostellaan vaihde\u00f6ljy\u00e4, diesel\u00f6ljy\u00e4 ja muita sy\u00f6vytt\u00e4vi\u00e4 nesteit\u00e4 tynnyrist\u00e4 nopeasti ja helposti. Itse s\u00e4\u00e4dett\u00e4v\u00e4ll\u00e4 imuputkella se on k\u00e4tev\u00e4 joustavaan annosteluun, ja voit k\u00e4ytt\u00e4\u00e4 irrotettavaa suutinta letkujen asentamiseen yksinkertaisesti.","twitter_image":"https:\/\/masterchem.ee\/wp-content\/uploads\/2020\/08\/Terasest_diiseloli_lahustiga_juhitav_trummelpumba_ulekandemehhanism.jpg","twitter_misc":{"Arvioitu lukuaika":"1 minuutti"},"schema":{"@context":"https:\/\/schema.org","@graph":[{"@type":"WebPage","@id":"https:\/\/masterchem.ee\/fi\/tooted-ja-teenused\/rummupumpun-siirto-kasikayttoisesti-teraksesta-valmistetulle-dieseloljyliuottimelle\/","url":"https:\/\/masterchem.ee\/fi\/tooted-ja-teenused\/rummupumpun-siirto-kasikayttoisesti-teraksesta-valmistetulle-dieseloljyliuottimelle\/","name":"Rummupumpun siirto k\u00e4sik\u00e4ytt\u00f6isesti ter\u00e4ksest\u00e4 valmistetulle diesel\u00f6ljyliuottimelle - Chemistry For Industry - Solvents &amp; Chemicals - Masterchem.ee","isPartOf":{"@id":"https:\/\/masterchem.ee\/fi\/#website"},"primaryImageOfPage":{"@id":"https:\/\/masterchem.ee\/fi\/tooted-ja-teenused\/rummupumpun-siirto-kasikayttoisesti-teraksesta-valmistetulle-dieseloljyliuottimelle\/#primaryimage"},"image":{"@id":"https:\/\/masterchem.ee\/fi\/tooted-ja-teenused\/rummupumpun-siirto-kasikayttoisesti-teraksesta-valmistetulle-dieseloljyliuottimelle\/#primaryimage"},"thumbnailUrl":"https:\/\/masterchem.ee\/wp-content\/uploads\/2020\/08\/Terasest_diiseloli_lahustiga_juhitav_trummelpumba_ulekandemehhanism.jpg","datePublished":"2020-08-20T13:56:18+00:00","dateModified":"2020-08-20T14:05:43+00:00","description":"T\u00e4m\u00e4 viputyyppinen tynnyripumppu on \u00e4lyk\u00e4s ty\u00f6kalu, jolla annostellaan vaihde\u00f6ljy\u00e4, diesel\u00f6ljy\u00e4 ja muita sy\u00f6vytt\u00e4vi\u00e4 nesteit\u00e4 tynnyrist\u00e4 nopeasti ja helposti. Itse s\u00e4\u00e4dett\u00e4v\u00e4ll\u00e4 imuputkella se on k\u00e4tev\u00e4 joustavaan annosteluun, ja voit k\u00e4ytt\u00e4\u00e4 irrotettavaa suutinta letkujen asentamiseen yksinkertaisesti.","breadcrumb":{"@id":"https:\/\/masterchem.ee\/fi\/tooted-ja-teenused\/rummupumpun-siirto-kasikayttoisesti-teraksesta-valmistetulle-dieseloljyliuottimelle\/#breadcrumb"},"inLanguage":"fi","potentialAction":[{"@type":"ReadAction","target":["https:\/\/masterchem.ee\/fi\/tooted-ja-teenused\/rummupumpun-siirto-kasikayttoisesti-teraksesta-valmistetulle-dieseloljyliuottimelle\/"]}]},{"@type":"ImageObject","inLanguage":"fi","@id":"https:\/\/masterchem.ee\/fi\/tooted-ja-teenused\/rummupumpun-siirto-kasikayttoisesti-teraksesta-valmistetulle-dieseloljyliuottimelle\/#primaryimage","url":"https:\/\/masterchem.ee\/wp-content\/uploads\/2020\/08\/Terasest_diiseloli_lahustiga_juhitav_trummelpumba_ulekandemehhanism.jpg","contentUrl":"https:\/\/masterchem.ee\/wp-content\/uploads\/2020\/08\/Terasest_diiseloli_lahustiga_juhitav_trummelpumba_ulekandemehhanism.jpg","width":1000,"height":1000,"caption":"Rummupumpun siirto k\u00e4sik\u00e4ytt\u00f6isesti ter\u00e4ksest\u00e4 valmistetulle diesel\u00f6ljyliuottimelle"},{"@type":"BreadcrumbList","@id":"https:\/\/masterchem.ee\/fi\/tooted-ja-teenused\/rummupumpun-siirto-kasikayttoisesti-teraksesta-valmistetulle-dieseloljyliuottimelle\/#breadcrumb","itemListElement":[{"@type":"ListItem","position":1,"name":"Home","item":"https:\/\/masterchem.ee\/fi\/"},{"@type":"ListItem","position":2,"name":"Tooted ja teenused","item":"https:\/\/masterchem.ee\/tooted-ja-teenused\/"},{"@type":"ListItem","position":3,"name":"Rummupumpun siirto k\u00e4sik\u00e4ytt\u00f6isesti ter\u00e4ksest\u00e4 valmistetulle diesel\u00f6ljyliuottimelle"}]},{"@type":"WebSite","@id":"https:\/\/masterchem.ee\/fi\/#website","url":"https:\/\/masterchem.ee\/fi\/","name":"Masterchem.ee","description":"Chemistry For Industry - Solvents &amp; Chemicals","publisher":{"@id":"https:\/\/masterchem.ee\/fi\/#organization"},"potentialAction":[{"@type":"SearchAction","target":{"@type":"EntryPoint","urlTemplate":"https:\/\/masterchem.ee\/fi\/?s={search_term_string}"},"query-input":{"@type":"PropertyValueSpecification","valueRequired":true,"valueName":"search_term_string"}}],"inLanguage":"fi"},{"@type":"Organization","@id":"https:\/\/masterchem.ee\/fi\/#organization","name":"Masterchem","url":"https:\/\/masterchem.ee\/fi\/","logo":{"@type":"ImageObject","inLanguage":"fi","@id":"https:\/\/masterchem.ee\/fi\/#\/schema\/logo\/image\/","url":"https:\/\/masterchem.ee\/wp-content\/uploads\/2018\/02\/master-chem_final-1.png","contentUrl":"https:\/\/masterchem.ee\/wp-content\/uploads\/2018\/02\/master-chem_final-1.png","width":850,"height":356,"caption":"Masterchem"},"image":{"@id":"https:\/\/masterchem.ee\/fi\/#\/schema\/logo\/image\/"}}]}},"_links":{"self":[{"href":"https:\/\/masterchem.ee\/fi\/wp-json\/wp\/v2\/product\/8022","targetHints":{"allow":["GET"]}}],"collection":[{"href":"https:\/\/masterchem.ee\/fi\/wp-json\/wp\/v2\/product"}],"about":[{"href":"https:\/\/masterchem.ee\/fi\/wp-json\/wp\/v2\/types\/product"}],"wp:featuredmedia":[{"embeddable":true,"href":"https:\/\/masterchem.ee\/fi\/wp-json\/wp\/v2\/media\/8026"}],"wp:attachment":[{"href":"https:\/\/masterchem.ee\/fi\/wp-json\/wp\/v2\/media?parent=8022"}],"wp:term":[{"taxonomy":"product_brand","embeddable":true,"href":"https:\/\/masterchem.ee\/fi\/wp-json\/wp\/v2\/product_brand?post=8022"},{"taxonomy":"product_cat","embeddable":true,"href":"https:\/\/masterchem.ee\/fi\/wp-json\/wp\/v2\/product_cat?post=8022"},{"taxonomy":"product_tag","embeddable":true,"href":"https:\/\/masterchem.ee\/fi\/wp-json\/wp\/v2\/product_tag?post=8022"}],"curies":[{"name":"wp","href":"https:\/\/api.w.org\/{rel}","templated":true}]}}