{"id":8010,"date":"2020-08-20T13:21:58","date_gmt":"2020-08-20T13:21:59","guid":{"rendered":"https:\/\/masterchem.ee\/?post_type=product&#038;p=8010"},"modified":"2020-08-20T13:32:46","modified_gmt":"2020-08-20T13:32:46","slug":"kertakayttoinen-teraksinen-jakoavain-rumpuihin-muovinen-avain","status":"publish","type":"product","link":"https:\/\/masterchem.ee\/fi\/tooted-ja-teenused\/kertakayttoinen-teraksinen-jakoavain-rumpuihin-muovinen-avain\/","title":{"rendered":"Kertak\u00e4ytt\u00f6inen ter\u00e4ksinen jakoavain rumpuihin muovinen avain"},"content":{"rendered":"<p>Kertak\u00e4ytt\u00f6inen ter\u00e4ksinen jakoavain rumpuihin muovinen avain<\/p>\n","protected":false},"excerpt":{"rendered":"<p>Kertak\u00e4ytt\u00f6inen ter\u00e4ksinen jakoavain rumpuihin muovinen avain<\/p>\n","protected":false},"featured_media":8014,"template":"","meta":[],"product_brand":[],"product_cat":[180,119],"product_tag":[],"class_list":{"0":"post-8010","1":"product","2":"type-product","3":"status-publish","4":"has-post-thumbnail","6":"product_cat-uncategorized-fi-2","7":"product_cat-pakkaus","8":"product_shipping_class-tavallinen","9":"pif-has-gallery","11":"first","12":"instock","13":"taxable","14":"shipping-taxable","15":"purchasable","16":"product-type-simple"},"yoast_head":"<!-- This site is optimized with the Yoast SEO plugin v26.2 - https:\/\/yoast.com\/wordpress\/plugins\/seo\/ -->\n<title>Kertak\u00e4ytt\u00f6inen ter\u00e4ksinen jakoavain rumpuihin muovinen avain - Chemistry For Industry - Solvents &amp; Chemicals - Masterchem.ee<\/title>\n<meta name=\"description\" content=\"Kertak\u00e4ytt\u00f6inen ter\u00e4ksinen jakoavain rumpuihin muovinen avain\" \/>\n<meta name=\"robots\" content=\"index, follow, max-snippet:-1, max-image-preview:large, max-video-preview:-1\" \/>\n<link rel=\"canonical\" href=\"https:\/\/masterchem.ee\/fi\/tooted-ja-teenused\/kertakayttoinen-teraksinen-jakoavain-rumpuihin-muovinen-avain\/\" \/>\n<meta name=\"twitter:card\" content=\"summary_large_image\" \/>\n<meta name=\"twitter:title\" content=\"Kertak\u00e4ytt\u00f6inen ter\u00e4ksinen jakoavain rumpuihin muovinen avain - Chemistry For Industry - Solvents &amp; Chemicals - Masterchem.ee\" \/>\n<meta name=\"twitter:description\" content=\"Kertak\u00e4ytt\u00f6inen ter\u00e4ksinen jakoavain rumpuihin muovinen avain\" \/>\n<meta name=\"twitter:image\" content=\"https:\/\/masterchem.ee\/wp-content\/uploads\/2020\/08\/Terasest_mutrivoti_trumlitele_metallist_plastist_votme_jaoks.jpg\" \/>\n<script type=\"application\/ld+json\" class=\"yoast-schema-graph\">{\"@context\":\"https:\/\/schema.org\",\"@graph\":[{\"@type\":\"WebPage\",\"@id\":\"https:\/\/masterchem.ee\/fi\/tooted-ja-teenused\/kertakayttoinen-teraksinen-jakoavain-rumpuihin-muovinen-avain\/\",\"url\":\"https:\/\/masterchem.ee\/fi\/tooted-ja-teenused\/kertakayttoinen-teraksinen-jakoavain-rumpuihin-muovinen-avain\/\",\"name\":\"Kertak\u00e4ytt\u00f6inen ter\u00e4ksinen jakoavain rumpuihin muovinen avain - Chemistry For Industry - Solvents &amp; Chemicals - Masterchem.ee\",\"isPartOf\":{\"@id\":\"https:\/\/masterchem.ee\/fi\/#website\"},\"primaryImageOfPage\":{\"@id\":\"https:\/\/masterchem.ee\/fi\/tooted-ja-teenused\/kertakayttoinen-teraksinen-jakoavain-rumpuihin-muovinen-avain\/#primaryimage\"},\"image\":{\"@id\":\"https:\/\/masterchem.ee\/fi\/tooted-ja-teenused\/kertakayttoinen-teraksinen-jakoavain-rumpuihin-muovinen-avain\/#primaryimage\"},\"thumbnailUrl\":\"https:\/\/masterchem.ee\/wp-content\/uploads\/2020\/08\/Terasest_mutrivoti_trumlitele_metallist_plastist_votme_jaoks.jpg\",\"datePublished\":\"2020-08-20T13:21:59+00:00\",\"dateModified\":\"2020-08-20T13:32:46+00:00\",\"description\":\"Kertak\u00e4ytt\u00f6inen ter\u00e4ksinen jakoavain rumpuihin muovinen avain\",\"breadcrumb\":{\"@id\":\"https:\/\/masterchem.ee\/fi\/tooted-ja-teenused\/kertakayttoinen-teraksinen-jakoavain-rumpuihin-muovinen-avain\/#breadcrumb\"},\"inLanguage\":\"fi\",\"potentialAction\":[{\"@type\":\"ReadAction\",\"target\":[\"https:\/\/masterchem.ee\/fi\/tooted-ja-teenused\/kertakayttoinen-teraksinen-jakoavain-rumpuihin-muovinen-avain\/\"]}]},{\"@type\":\"ImageObject\",\"inLanguage\":\"fi\",\"@id\":\"https:\/\/masterchem.ee\/fi\/tooted-ja-teenused\/kertakayttoinen-teraksinen-jakoavain-rumpuihin-muovinen-avain\/#primaryimage\",\"url\":\"https:\/\/masterchem.ee\/wp-content\/uploads\/2020\/08\/Terasest_mutrivoti_trumlitele_metallist_plastist_votme_jaoks.jpg\",\"contentUrl\":\"https:\/\/masterchem.ee\/wp-content\/uploads\/2020\/08\/Terasest_mutrivoti_trumlitele_metallist_plastist_votme_jaoks.jpg\",\"width\":866,\"height\":866,\"caption\":\"Kertak\u00e4ytt\u00f6inen ter\u00e4ksinen jakoavain rumpuihin muovinen avain\"},{\"@type\":\"BreadcrumbList\",\"@id\":\"https:\/\/masterchem.ee\/fi\/tooted-ja-teenused\/kertakayttoinen-teraksinen-jakoavain-rumpuihin-muovinen-avain\/#breadcrumb\",\"itemListElement\":[{\"@type\":\"ListItem\",\"position\":1,\"name\":\"Home\",\"item\":\"https:\/\/masterchem.ee\/fi\/\"},{\"@type\":\"ListItem\",\"position\":2,\"name\":\"Tooted ja teenused\",\"item\":\"https:\/\/masterchem.ee\/tooted-ja-teenused\/\"},{\"@type\":\"ListItem\",\"position\":3,\"name\":\"Kertak\u00e4ytt\u00f6inen ter\u00e4ksinen jakoavain rumpuihin muovinen avain\"}]},{\"@type\":\"WebSite\",\"@id\":\"https:\/\/masterchem.ee\/fi\/#website\",\"url\":\"https:\/\/masterchem.ee\/fi\/\",\"name\":\"Masterchem.ee\",\"description\":\"Chemistry For Industry - Solvents &amp; Chemicals\",\"publisher\":{\"@id\":\"https:\/\/masterchem.ee\/fi\/#organization\"},\"potentialAction\":[{\"@type\":\"SearchAction\",\"target\":{\"@type\":\"EntryPoint\",\"urlTemplate\":\"https:\/\/masterchem.ee\/fi\/?s={search_term_string}\"},\"query-input\":{\"@type\":\"PropertyValueSpecification\",\"valueRequired\":true,\"valueName\":\"search_term_string\"}}],\"inLanguage\":\"fi\"},{\"@type\":\"Organization\",\"@id\":\"https:\/\/masterchem.ee\/fi\/#organization\",\"name\":\"Masterchem\",\"url\":\"https:\/\/masterchem.ee\/fi\/\",\"logo\":{\"@type\":\"ImageObject\",\"inLanguage\":\"fi\",\"@id\":\"https:\/\/masterchem.ee\/fi\/#\/schema\/logo\/image\/\",\"url\":\"https:\/\/masterchem.ee\/wp-content\/uploads\/2018\/02\/master-chem_final-1.png\",\"contentUrl\":\"https:\/\/masterchem.ee\/wp-content\/uploads\/2018\/02\/master-chem_final-1.png\",\"width\":850,\"height\":356,\"caption\":\"Masterchem\"},\"image\":{\"@id\":\"https:\/\/masterchem.ee\/fi\/#\/schema\/logo\/image\/\"}}]}<\/script>\n<!-- \/ Yoast SEO plugin. -->","yoast_head_json":{"title":"Kertak\u00e4ytt\u00f6inen ter\u00e4ksinen jakoavain rumpuihin muovinen avain - Chemistry For Industry - Solvents &amp; Chemicals - Masterchem.ee","description":"Kertak\u00e4ytt\u00f6inen ter\u00e4ksinen jakoavain rumpuihin muovinen avain","robots":{"index":"index","follow":"follow","max-snippet":"max-snippet:-1","max-image-preview":"max-image-preview:large","max-video-preview":"max-video-preview:-1"},"canonical":"https:\/\/masterchem.ee\/fi\/tooted-ja-teenused\/kertakayttoinen-teraksinen-jakoavain-rumpuihin-muovinen-avain\/","twitter_card":"summary_large_image","twitter_title":"Kertak\u00e4ytt\u00f6inen ter\u00e4ksinen jakoavain rumpuihin muovinen avain - Chemistry For Industry - Solvents &amp; Chemicals - Masterchem.ee","twitter_description":"Kertak\u00e4ytt\u00f6inen ter\u00e4ksinen jakoavain rumpuihin muovinen avain","twitter_image":"https:\/\/masterchem.ee\/wp-content\/uploads\/2020\/08\/Terasest_mutrivoti_trumlitele_metallist_plastist_votme_jaoks.jpg","schema":{"@context":"https:\/\/schema.org","@graph":[{"@type":"WebPage","@id":"https:\/\/masterchem.ee\/fi\/tooted-ja-teenused\/kertakayttoinen-teraksinen-jakoavain-rumpuihin-muovinen-avain\/","url":"https:\/\/masterchem.ee\/fi\/tooted-ja-teenused\/kertakayttoinen-teraksinen-jakoavain-rumpuihin-muovinen-avain\/","name":"Kertak\u00e4ytt\u00f6inen ter\u00e4ksinen jakoavain rumpuihin muovinen avain - Chemistry For Industry - Solvents &amp; Chemicals - Masterchem.ee","isPartOf":{"@id":"https:\/\/masterchem.ee\/fi\/#website"},"primaryImageOfPage":{"@id":"https:\/\/masterchem.ee\/fi\/tooted-ja-teenused\/kertakayttoinen-teraksinen-jakoavain-rumpuihin-muovinen-avain\/#primaryimage"},"image":{"@id":"https:\/\/masterchem.ee\/fi\/tooted-ja-teenused\/kertakayttoinen-teraksinen-jakoavain-rumpuihin-muovinen-avain\/#primaryimage"},"thumbnailUrl":"https:\/\/masterchem.ee\/wp-content\/uploads\/2020\/08\/Terasest_mutrivoti_trumlitele_metallist_plastist_votme_jaoks.jpg","datePublished":"2020-08-20T13:21:59+00:00","dateModified":"2020-08-20T13:32:46+00:00","description":"Kertak\u00e4ytt\u00f6inen ter\u00e4ksinen jakoavain rumpuihin muovinen avain","breadcrumb":{"@id":"https:\/\/masterchem.ee\/fi\/tooted-ja-teenused\/kertakayttoinen-teraksinen-jakoavain-rumpuihin-muovinen-avain\/#breadcrumb"},"inLanguage":"fi","potentialAction":[{"@type":"ReadAction","target":["https:\/\/masterchem.ee\/fi\/tooted-ja-teenused\/kertakayttoinen-teraksinen-jakoavain-rumpuihin-muovinen-avain\/"]}]},{"@type":"ImageObject","inLanguage":"fi","@id":"https:\/\/masterchem.ee\/fi\/tooted-ja-teenused\/kertakayttoinen-teraksinen-jakoavain-rumpuihin-muovinen-avain\/#primaryimage","url":"https:\/\/masterchem.ee\/wp-content\/uploads\/2020\/08\/Terasest_mutrivoti_trumlitele_metallist_plastist_votme_jaoks.jpg","contentUrl":"https:\/\/masterchem.ee\/wp-content\/uploads\/2020\/08\/Terasest_mutrivoti_trumlitele_metallist_plastist_votme_jaoks.jpg","width":866,"height":866,"caption":"Kertak\u00e4ytt\u00f6inen ter\u00e4ksinen jakoavain rumpuihin muovinen avain"},{"@type":"BreadcrumbList","@id":"https:\/\/masterchem.ee\/fi\/tooted-ja-teenused\/kertakayttoinen-teraksinen-jakoavain-rumpuihin-muovinen-avain\/#breadcrumb","itemListElement":[{"@type":"ListItem","position":1,"name":"Home","item":"https:\/\/masterchem.ee\/fi\/"},{"@type":"ListItem","position":2,"name":"Tooted ja teenused","item":"https:\/\/masterchem.ee\/tooted-ja-teenused\/"},{"@type":"ListItem","position":3,"name":"Kertak\u00e4ytt\u00f6inen ter\u00e4ksinen jakoavain rumpuihin muovinen avain"}]},{"@type":"WebSite","@id":"https:\/\/masterchem.ee\/fi\/#website","url":"https:\/\/masterchem.ee\/fi\/","name":"Masterchem.ee","description":"Chemistry For Industry - Solvents &amp; Chemicals","publisher":{"@id":"https:\/\/masterchem.ee\/fi\/#organization"},"potentialAction":[{"@type":"SearchAction","target":{"@type":"EntryPoint","urlTemplate":"https:\/\/masterchem.ee\/fi\/?s={search_term_string}"},"query-input":{"@type":"PropertyValueSpecification","valueRequired":true,"valueName":"search_term_string"}}],"inLanguage":"fi"},{"@type":"Organization","@id":"https:\/\/masterchem.ee\/fi\/#organization","name":"Masterchem","url":"https:\/\/masterchem.ee\/fi\/","logo":{"@type":"ImageObject","inLanguage":"fi","@id":"https:\/\/masterchem.ee\/fi\/#\/schema\/logo\/image\/","url":"https:\/\/masterchem.ee\/wp-content\/uploads\/2018\/02\/master-chem_final-1.png","contentUrl":"https:\/\/masterchem.ee\/wp-content\/uploads\/2018\/02\/master-chem_final-1.png","width":850,"height":356,"caption":"Masterchem"},"image":{"@id":"https:\/\/masterchem.ee\/fi\/#\/schema\/logo\/image\/"}}]}},"_links":{"self":[{"href":"https:\/\/masterchem.ee\/fi\/wp-json\/wp\/v2\/product\/8010","targetHints":{"allow":["GET"]}}],"collection":[{"href":"https:\/\/masterchem.ee\/fi\/wp-json\/wp\/v2\/product"}],"about":[{"href":"https:\/\/masterchem.ee\/fi\/wp-json\/wp\/v2\/types\/product"}],"wp:featuredmedia":[{"embeddable":true,"href":"https:\/\/masterchem.ee\/fi\/wp-json\/wp\/v2\/media\/8014"}],"wp:attachment":[{"href":"https:\/\/masterchem.ee\/fi\/wp-json\/wp\/v2\/media?parent=8010"}],"wp:term":[{"taxonomy":"product_brand","embeddable":true,"href":"https:\/\/masterchem.ee\/fi\/wp-json\/wp\/v2\/product_brand?post=8010"},{"taxonomy":"product_cat","embeddable":true,"href":"https:\/\/masterchem.ee\/fi\/wp-json\/wp\/v2\/product_cat?post=8010"},{"taxonomy":"product_tag","embeddable":true,"href":"https:\/\/masterchem.ee\/fi\/wp-json\/wp\/v2\/product_tag?post=8010"}],"curies":[{"name":"wp","href":"https:\/\/api.w.org\/{rel}","templated":true}]}}