{"id":801,"date":"2018-02-28T17:30:01","date_gmt":"2018-02-28T17:30:01","guid":{"rendered":"https:\/\/masterchem.ee\/product\/glyseroli\/"},"modified":"2021-06-16T19:50:16","modified_gmt":"2021-06-16T19:50:16","slug":"glyseroli","status":"publish","type":"product","link":"https:\/\/masterchem.ee\/fi\/tooted-ja-teenused\/glyseroli\/","title":{"rendered":"Glyseroli (CAS 56-81-5)"},"content":{"rendered":"<p style=\"text-align: justify;\">Glyseroli on myrkyt\u00f6n, \u00f6ljym\u00e4inen, ilmasta kosteutta itseens\u00e4 sitova (<a title=\"Hygroskooppisuus\" href=\"https:\/\/fi.wikipedia.org\/wiki\/Hygroskooppisuus\">hygroskooppinen<\/a>) ja makean makuinen\u00a0<a title=\"Neste\" href=\"https:\/\/fi.wikipedia.org\/wiki\/Neste\">neste<\/a>. Sen\u00a0<a title=\"Rakennekaava\" href=\"https:\/\/fi.wikipedia.org\/wiki\/Rakennekaava\">rakennekaava<\/a>\u00a0on CH<sub>2<\/sub>OH-CHOH-CH<sub>2<\/sub>OH. Glyserolin\u00a0<a title=\"Leimahduspiste\" href=\"https:\/\/fi.wikipedia.org\/wiki\/Leimahduspiste\">leimahduspiste<\/a>\u00a0on 177 \u00b0C (o.c.) ja\u00a0<a title=\"Itsesyttymisl\u00e4mp\u00f6tila\" href=\"https:\/\/fi.wikipedia.org\/wiki\/Itsesyttymisl%C3%A4mp%C3%B6tila\">itsesyttymisl\u00e4mp\u00f6tila<\/a>\u00a0370 \u00b0C. Glyseroli liukenee muiden pienimassaisten alkoholien tapaan kaikissa suhteissa\u00a0<a title=\"Vesi\" href=\"https:\/\/fi.wikipedia.org\/wiki\/Vesi\">veteen<\/a>. Aine hajoaa kuumentuessaan, jolloin muodostuu sy\u00f6vytt\u00e4vi\u00e4 h\u00f6yryj\u00e4 sis\u00e4lt\u00e4en\u00a0<a title=\"Akroleiini\" href=\"https:\/\/fi.wikipedia.org\/wiki\/Akroleiini\">akroleiinia<\/a>\u00a0(CH<sub>2<\/sub>=CHCHO).<\/p>\n","protected":false},"excerpt":{"rendered":"<p style=\"text-align: left;\"><b>Glyseroli<\/b>\u00a0on j\u00e4ykk\u00e4juoksuista v\u00e4rit\u00f6nt\u00e4 nestett\u00e4 ja se kuuluu kolmearvoisiin\u00a0<a title=\"Alkoholit\" href=\"https:\/\/fi.wikipedia.org\/wiki\/Alkoholit\">alkoholeihin<\/a>\u00a0eli\u00a0<a class=\"new\" title=\"Triolit (sivua ei ole)\" href=\"https:\/\/fi.wikipedia.org\/w\/index.php?title=Triolit&amp;action=edit&amp;redlink=1\">trioleihin<\/a>, jotka sis\u00e4lt\u00e4v\u00e4t kolme alkoholi- eli\u00a0<a title=\"Hydroksyyli\" href=\"https:\/\/fi.wikipedia.org\/wiki\/Hydroksyyli\">hydroksyyliryhm\u00e4\u00e4<\/a>\u00a0(-OH). Siit\u00e4 k\u00e4ytet\u00e4\u00e4n my\u00f6s nimi\u00e4\u00a0<i>glyseriini<\/i>,\u00a0<i>1,2,3-propaanitrioli<\/i>\u00a0ja\u00a0<i>1,2,3-trihydroksipropaani<\/i>. Glyseroli on\u00a0<a title=\"Rasva\" href=\"https:\/\/fi.wikipedia.org\/wiki\/Rasva\">rasvojen<\/a>, erityisesti\u00a0<a title=\"Triglyseridi\" href=\"https:\/\/fi.wikipedia.org\/wiki\/Triglyseridi\">triglyseridien<\/a>\u00a0rakenneosa<i>.<\/i><\/p>\n<p style=\"text-align: left;\">\n<p>CAS: 56-81-5<\/p>\n<p><a target=\"_blank\" href=\"https:\/\/masterchem.ee\/wp-content\/uploads\/2018\/02\/Glycerol-TDS-MasterChem.pdf\" class=\"pdf\" alt=\"Tuotteen kuvaus (TDS)\" title=\"Tuotteen kuvaus (TDS)\" rel=\"noopener\">Tuotteen kuvaus (TDS)<\/a><\/p>\n","protected":false},"featured_media":6547,"template":"","meta":[],"product_brand":[],"product_cat":[180,109,115,294,117,120,323,258,351,290,307],"product_tag":[],"class_list":{"0":"post-801","1":"product","2":"type-product","3":"status-publish","4":"has-post-thumbnail","6":"product_cat-uncategorized-fi-2","7":"product_cat-anti-jaatymisnesteet","8":"product_cat-auton-ja-koneiden-kemikaalit","9":"product_cat-kosmetiikkateollisuus","10":"product_cat-kotitalouskemikaalit","11":"product_cat-laaketeollisuus","12":"product_cat-lannoitteet","13":"product_cat-muovi-fi","14":"product_cat-puutarhanhoito","15":"product_cat-rehuteollisuus","16":"product_cat-ruokateollisuus","17":"pif-has-gallery","19":"first","20":"instock","21":"taxable","22":"shipping-taxable","23":"purchasable","24":"product-type-variable","25":"has-default-attributes"},"yoast_head":"<!-- This site is optimized with the Yoast SEO plugin v26.2 - https:\/\/yoast.com\/wordpress\/plugins\/seo\/ -->\n<title>Glyseroli (CAS 56-81-5) - Chemistry For Industry - Solvents &amp; Chemicals - Masterchem.ee<\/title>\n<meta name=\"description\" content=\"Glyseroli on j\u00e4ykk\u00e4juoksuista v\u00e4rit\u00f6nt\u00e4 nestett\u00e4 ja se kuuluu kolmearvoisiin alkoholeihin eli trioleihin, jotka sis\u00e4lt\u00e4v\u00e4t kolme alkoholi- eli hydroksyyliryhm\u00e4\u00e4 (-OH). Siit\u00e4 k\u00e4ytet\u00e4\u00e4n my\u00f6s nimi\u00e4 glyseriini, 1,2,3-propaanitrioli ja 1,2,3-trihydroksipropaani. Glyseroli on rasvojen, erityisesti triglyseridien rakenneosa. CAS: 56-81-5\" \/>\n<meta name=\"robots\" content=\"index, follow, max-snippet:-1, max-image-preview:large, max-video-preview:-1\" \/>\n<link rel=\"canonical\" href=\"https:\/\/masterchem.ee\/fi\/tooted-ja-teenused\/glyseroli\/\" \/>\n<meta name=\"twitter:card\" content=\"summary_large_image\" \/>\n<meta name=\"twitter:title\" content=\"Glyseroli (CAS 56-81-5) - Chemistry For Industry - Solvents &amp; Chemicals - Masterchem.ee\" \/>\n<meta name=\"twitter:description\" content=\"Glyseroli on j\u00e4ykk\u00e4juoksuista v\u00e4rit\u00f6nt\u00e4 nestett\u00e4 ja se kuuluu kolmearvoisiin alkoholeihin eli trioleihin, jotka sis\u00e4lt\u00e4v\u00e4t kolme alkoholi- eli hydroksyyliryhm\u00e4\u00e4 (-OH). Siit\u00e4 k\u00e4ytet\u00e4\u00e4n my\u00f6s nimi\u00e4 glyseriini, 1,2,3-propaanitrioli ja 1,2,3-trihydroksipropaani. Glyseroli on rasvojen, erityisesti triglyseridien rakenneosa. CAS: 56-81-5\" \/>\n<meta name=\"twitter:image\" content=\"https:\/\/masterchem.ee\/wp-content\/uploads\/2018\/02\/GLYCEROL-1000l-MasterChem.jpg\" \/>\n<script type=\"application\/ld+json\" class=\"yoast-schema-graph\">{\"@context\":\"https:\/\/schema.org\",\"@graph\":[{\"@type\":\"WebPage\",\"@id\":\"https:\/\/masterchem.ee\/fi\/tooted-ja-teenused\/glyseroli\/\",\"url\":\"https:\/\/masterchem.ee\/fi\/tooted-ja-teenused\/glyseroli\/\",\"name\":\"Glyseroli (CAS 56-81-5) - Chemistry For Industry - Solvents &amp; Chemicals - Masterchem.ee\",\"isPartOf\":{\"@id\":\"https:\/\/masterchem.ee\/fi\/#website\"},\"primaryImageOfPage\":{\"@id\":\"https:\/\/masterchem.ee\/fi\/tooted-ja-teenused\/glyseroli\/#primaryimage\"},\"image\":{\"@id\":\"https:\/\/masterchem.ee\/fi\/tooted-ja-teenused\/glyseroli\/#primaryimage\"},\"thumbnailUrl\":\"https:\/\/masterchem.ee\/wp-content\/uploads\/2018\/02\/GLYCEROL-1000l-MasterChem.jpg\",\"datePublished\":\"2018-02-28T17:30:01+00:00\",\"dateModified\":\"2021-06-16T19:50:16+00:00\",\"description\":\"Glyseroli on j\u00e4ykk\u00e4juoksuista v\u00e4rit\u00f6nt\u00e4 nestett\u00e4 ja se kuuluu kolmearvoisiin alkoholeihin eli trioleihin, jotka sis\u00e4lt\u00e4v\u00e4t kolme alkoholi- eli hydroksyyliryhm\u00e4\u00e4 (-OH). Siit\u00e4 k\u00e4ytet\u00e4\u00e4n my\u00f6s nimi\u00e4 glyseriini, 1,2,3-propaanitrioli ja 1,2,3-trihydroksipropaani. Glyseroli on rasvojen, erityisesti triglyseridien rakenneosa. CAS: 56-81-5\",\"breadcrumb\":{\"@id\":\"https:\/\/masterchem.ee\/fi\/tooted-ja-teenused\/glyseroli\/#breadcrumb\"},\"inLanguage\":\"fi\",\"potentialAction\":[{\"@type\":\"ReadAction\",\"target\":[\"https:\/\/masterchem.ee\/fi\/tooted-ja-teenused\/glyseroli\/\"]}]},{\"@type\":\"ImageObject\",\"inLanguage\":\"fi\",\"@id\":\"https:\/\/masterchem.ee\/fi\/tooted-ja-teenused\/glyseroli\/#primaryimage\",\"url\":\"https:\/\/masterchem.ee\/wp-content\/uploads\/2018\/02\/GLYCEROL-1000l-MasterChem.jpg\",\"contentUrl\":\"https:\/\/masterchem.ee\/wp-content\/uploads\/2018\/02\/GLYCEROL-1000l-MasterChem.jpg\",\"width\":1000,\"height\":1000,\"caption\":\"Glyseriini (CAS 56-81-5) 1000l MasterChem\"},{\"@type\":\"BreadcrumbList\",\"@id\":\"https:\/\/masterchem.ee\/fi\/tooted-ja-teenused\/glyseroli\/#breadcrumb\",\"itemListElement\":[{\"@type\":\"ListItem\",\"position\":1,\"name\":\"Home\",\"item\":\"https:\/\/masterchem.ee\/fi\/\"},{\"@type\":\"ListItem\",\"position\":2,\"name\":\"Tooted ja teenused\",\"item\":\"https:\/\/masterchem.ee\/tooted-ja-teenused\/\"},{\"@type\":\"ListItem\",\"position\":3,\"name\":\"Glyseroli (CAS 56-81-5)\"}]},{\"@type\":\"WebSite\",\"@id\":\"https:\/\/masterchem.ee\/fi\/#website\",\"url\":\"https:\/\/masterchem.ee\/fi\/\",\"name\":\"Masterchem.ee\",\"description\":\"Chemistry For Industry - Solvents &amp; Chemicals\",\"publisher\":{\"@id\":\"https:\/\/masterchem.ee\/fi\/#organization\"},\"potentialAction\":[{\"@type\":\"SearchAction\",\"target\":{\"@type\":\"EntryPoint\",\"urlTemplate\":\"https:\/\/masterchem.ee\/fi\/?s={search_term_string}\"},\"query-input\":{\"@type\":\"PropertyValueSpecification\",\"valueRequired\":true,\"valueName\":\"search_term_string\"}}],\"inLanguage\":\"fi\"},{\"@type\":\"Organization\",\"@id\":\"https:\/\/masterchem.ee\/fi\/#organization\",\"name\":\"Masterchem\",\"url\":\"https:\/\/masterchem.ee\/fi\/\",\"logo\":{\"@type\":\"ImageObject\",\"inLanguage\":\"fi\",\"@id\":\"https:\/\/masterchem.ee\/fi\/#\/schema\/logo\/image\/\",\"url\":\"https:\/\/masterchem.ee\/wp-content\/uploads\/2018\/02\/master-chem_final-1.png\",\"contentUrl\":\"https:\/\/masterchem.ee\/wp-content\/uploads\/2018\/02\/master-chem_final-1.png\",\"width\":850,\"height\":356,\"caption\":\"Masterchem\"},\"image\":{\"@id\":\"https:\/\/masterchem.ee\/fi\/#\/schema\/logo\/image\/\"}}]}<\/script>\n<!-- \/ Yoast SEO plugin. -->","yoast_head_json":{"title":"Glyseroli (CAS 56-81-5) - Chemistry For Industry - Solvents &amp; Chemicals - Masterchem.ee","description":"Glyseroli on j\u00e4ykk\u00e4juoksuista v\u00e4rit\u00f6nt\u00e4 nestett\u00e4 ja se kuuluu kolmearvoisiin alkoholeihin eli trioleihin, jotka sis\u00e4lt\u00e4v\u00e4t kolme alkoholi- eli hydroksyyliryhm\u00e4\u00e4 (-OH). Siit\u00e4 k\u00e4ytet\u00e4\u00e4n my\u00f6s nimi\u00e4 glyseriini, 1,2,3-propaanitrioli ja 1,2,3-trihydroksipropaani. Glyseroli on rasvojen, erityisesti triglyseridien rakenneosa. CAS: 56-81-5","robots":{"index":"index","follow":"follow","max-snippet":"max-snippet:-1","max-image-preview":"max-image-preview:large","max-video-preview":"max-video-preview:-1"},"canonical":"https:\/\/masterchem.ee\/fi\/tooted-ja-teenused\/glyseroli\/","twitter_card":"summary_large_image","twitter_title":"Glyseroli (CAS 56-81-5) - Chemistry For Industry - Solvents &amp; Chemicals - Masterchem.ee","twitter_description":"Glyseroli on j\u00e4ykk\u00e4juoksuista v\u00e4rit\u00f6nt\u00e4 nestett\u00e4 ja se kuuluu kolmearvoisiin alkoholeihin eli trioleihin, jotka sis\u00e4lt\u00e4v\u00e4t kolme alkoholi- eli hydroksyyliryhm\u00e4\u00e4 (-OH). Siit\u00e4 k\u00e4ytet\u00e4\u00e4n my\u00f6s nimi\u00e4 glyseriini, 1,2,3-propaanitrioli ja 1,2,3-trihydroksipropaani. Glyseroli on rasvojen, erityisesti triglyseridien rakenneosa. CAS: 56-81-5","twitter_image":"https:\/\/masterchem.ee\/wp-content\/uploads\/2018\/02\/GLYCEROL-1000l-MasterChem.jpg","schema":{"@context":"https:\/\/schema.org","@graph":[{"@type":"WebPage","@id":"https:\/\/masterchem.ee\/fi\/tooted-ja-teenused\/glyseroli\/","url":"https:\/\/masterchem.ee\/fi\/tooted-ja-teenused\/glyseroli\/","name":"Glyseroli (CAS 56-81-5) - Chemistry For Industry - Solvents &amp; Chemicals - Masterchem.ee","isPartOf":{"@id":"https:\/\/masterchem.ee\/fi\/#website"},"primaryImageOfPage":{"@id":"https:\/\/masterchem.ee\/fi\/tooted-ja-teenused\/glyseroli\/#primaryimage"},"image":{"@id":"https:\/\/masterchem.ee\/fi\/tooted-ja-teenused\/glyseroli\/#primaryimage"},"thumbnailUrl":"https:\/\/masterchem.ee\/wp-content\/uploads\/2018\/02\/GLYCEROL-1000l-MasterChem.jpg","datePublished":"2018-02-28T17:30:01+00:00","dateModified":"2021-06-16T19:50:16+00:00","description":"Glyseroli on j\u00e4ykk\u00e4juoksuista v\u00e4rit\u00f6nt\u00e4 nestett\u00e4 ja se kuuluu kolmearvoisiin alkoholeihin eli trioleihin, jotka sis\u00e4lt\u00e4v\u00e4t kolme alkoholi- eli hydroksyyliryhm\u00e4\u00e4 (-OH). Siit\u00e4 k\u00e4ytet\u00e4\u00e4n my\u00f6s nimi\u00e4 glyseriini, 1,2,3-propaanitrioli ja 1,2,3-trihydroksipropaani. Glyseroli on rasvojen, erityisesti triglyseridien rakenneosa. CAS: 56-81-5","breadcrumb":{"@id":"https:\/\/masterchem.ee\/fi\/tooted-ja-teenused\/glyseroli\/#breadcrumb"},"inLanguage":"fi","potentialAction":[{"@type":"ReadAction","target":["https:\/\/masterchem.ee\/fi\/tooted-ja-teenused\/glyseroli\/"]}]},{"@type":"ImageObject","inLanguage":"fi","@id":"https:\/\/masterchem.ee\/fi\/tooted-ja-teenused\/glyseroli\/#primaryimage","url":"https:\/\/masterchem.ee\/wp-content\/uploads\/2018\/02\/GLYCEROL-1000l-MasterChem.jpg","contentUrl":"https:\/\/masterchem.ee\/wp-content\/uploads\/2018\/02\/GLYCEROL-1000l-MasterChem.jpg","width":1000,"height":1000,"caption":"Glyseriini (CAS 56-81-5) 1000l MasterChem"},{"@type":"BreadcrumbList","@id":"https:\/\/masterchem.ee\/fi\/tooted-ja-teenused\/glyseroli\/#breadcrumb","itemListElement":[{"@type":"ListItem","position":1,"name":"Home","item":"https:\/\/masterchem.ee\/fi\/"},{"@type":"ListItem","position":2,"name":"Tooted ja teenused","item":"https:\/\/masterchem.ee\/tooted-ja-teenused\/"},{"@type":"ListItem","position":3,"name":"Glyseroli (CAS 56-81-5)"}]},{"@type":"WebSite","@id":"https:\/\/masterchem.ee\/fi\/#website","url":"https:\/\/masterchem.ee\/fi\/","name":"Masterchem.ee","description":"Chemistry For Industry - Solvents &amp; Chemicals","publisher":{"@id":"https:\/\/masterchem.ee\/fi\/#organization"},"potentialAction":[{"@type":"SearchAction","target":{"@type":"EntryPoint","urlTemplate":"https:\/\/masterchem.ee\/fi\/?s={search_term_string}"},"query-input":{"@type":"PropertyValueSpecification","valueRequired":true,"valueName":"search_term_string"}}],"inLanguage":"fi"},{"@type":"Organization","@id":"https:\/\/masterchem.ee\/fi\/#organization","name":"Masterchem","url":"https:\/\/masterchem.ee\/fi\/","logo":{"@type":"ImageObject","inLanguage":"fi","@id":"https:\/\/masterchem.ee\/fi\/#\/schema\/logo\/image\/","url":"https:\/\/masterchem.ee\/wp-content\/uploads\/2018\/02\/master-chem_final-1.png","contentUrl":"https:\/\/masterchem.ee\/wp-content\/uploads\/2018\/02\/master-chem_final-1.png","width":850,"height":356,"caption":"Masterchem"},"image":{"@id":"https:\/\/masterchem.ee\/fi\/#\/schema\/logo\/image\/"}}]}},"_links":{"self":[{"href":"https:\/\/masterchem.ee\/fi\/wp-json\/wp\/v2\/product\/801","targetHints":{"allow":["GET"]}}],"collection":[{"href":"https:\/\/masterchem.ee\/fi\/wp-json\/wp\/v2\/product"}],"about":[{"href":"https:\/\/masterchem.ee\/fi\/wp-json\/wp\/v2\/types\/product"}],"wp:featuredmedia":[{"embeddable":true,"href":"https:\/\/masterchem.ee\/fi\/wp-json\/wp\/v2\/media\/6547"}],"wp:attachment":[{"href":"https:\/\/masterchem.ee\/fi\/wp-json\/wp\/v2\/media?parent=801"}],"wp:term":[{"taxonomy":"product_brand","embeddable":true,"href":"https:\/\/masterchem.ee\/fi\/wp-json\/wp\/v2\/product_brand?post=801"},{"taxonomy":"product_cat","embeddable":true,"href":"https:\/\/masterchem.ee\/fi\/wp-json\/wp\/v2\/product_cat?post=801"},{"taxonomy":"product_tag","embeddable":true,"href":"https:\/\/masterchem.ee\/fi\/wp-json\/wp\/v2\/product_tag?post=801"}],"curies":[{"name":"wp","href":"https:\/\/api.w.org\/{rel}","templated":true}]}}