{"id":797,"date":"2018-02-28T17:26:55","date_gmt":"2018-02-28T17:26:55","guid":{"rendered":"https:\/\/masterchem.ee\/product\/formaliini\/"},"modified":"2021-05-25T22:33:51","modified_gmt":"2021-05-25T22:33:51","slug":"formaliini","status":"publish","type":"product","link":"https:\/\/masterchem.ee\/fi\/tooted-ja-teenused\/formaliini\/","title":{"rendered":"Formaliini (CAS 50-00-0)"},"content":{"rendered":"<p style=\"text-align: justify;\">Formaliinia on k\u00e4ytetty kotitaloudessa\u00a0<a title=\"Tartuntatauti\" href=\"https:\/\/fi.wikipedia.org\/wiki\/Tartuntatauti\">tartuntatautien<\/a>\u00a0j\u00e4lkeisess\u00e4 desinfioinnissa ja\u00a0<a title=\"Tuhoel\u00e4in\" href=\"https:\/\/fi.wikipedia.org\/wiki\/Tuhoel%C3%A4in\">tuhoel\u00e4inten<\/a>\u00a0torjunnassa joko haihduttamalla sit\u00e4 kuumennuksen avulla tai ruiskuttamalla hyvin l\u00e4mmitetyn asunnon sis\u00e4pintoihin 2-prosenttisena liuoksena ja pit\u00e4m\u00e4ll\u00e4 tilat sitten suljettuina vuorokauden ajan. Puutarhanhoidossa formaliinilla on torjuttu kasvitauteja kylv\u00f6siemenist\u00e4 ja puutarhakasveista. Formaliinia sis\u00e4lt\u00e4v\u00e4\u00e4 lysoformia on k\u00e4ytetty haavanhoidossa ja\u00a0<a title=\"Hiki\" href=\"https:\/\/fi.wikipedia.org\/wiki\/Hiki\">hikoilua<\/a>\u00a0vastaan. Formaliinilla on ollut t\u00e4rke\u00e4 sija my\u00f6s\u00a0<a title=\"Filmi\" href=\"https:\/\/fi.wikipedia.org\/wiki\/Filmi\">filmiin<\/a>\u00a0perustuvassa\u00a0<a title=\"Valokuvaus\" href=\"https:\/\/fi.wikipedia.org\/wiki\/Valokuvaus\">valokuvauksessa<\/a>, muiden kuin elintarvikkeiden s\u00e4il\u00f6nt\u00e4aineena sek\u00e4 v\u00e4ri- ja\u00a0<a title=\"Kehruu\" href=\"https:\/\/fi.wikipedia.org\/wiki\/Kehruu\">kehruuteollisuudessa<\/a>.<\/p>\n","protected":false},"excerpt":{"rendered":"<p style=\"text-align: left;\"><b>Formaliiniksi<\/b>\u00a0(<a title=\"Englannin kieli\" href=\"https:\/\/fi.wikipedia.org\/wiki\/Englannin_kieli\">engl.<\/a>\u00a0<span lang=\"en\"><i>formalin<\/i><\/span>\u00a0tai\u00a0<i>formol<\/i>) kutsutaan\u00a0<a title=\"Formaldehydi\" href=\"https:\/\/fi.wikipedia.org\/wiki\/Formaldehydi\">formaldehydin<\/a>\u00a0vesiliuosta, jossa formaldehydi\u00e4 on 37\u201355\u00a0%. Vedess\u00e4 formaldehydi esiintyy formaldehydihydraattina H<sub>2<\/sub>C(OH)<sub>2<\/sub>. Liuokseen on usein lis\u00e4tty\u00a0<a title=\"Metanoli\" href=\"https:\/\/fi.wikipedia.org\/wiki\/Metanoli\">metanolia<\/a>\u00a0<a title=\"Polymeeri\" href=\"https:\/\/fi.wikipedia.org\/wiki\/Polymeeri\">polymeraatioinhibiittoriksi<\/a>5\u201315\u00a0%. Formaliinia k\u00e4ytet\u00e4\u00e4n yleisesti desinfiointiin sen\u00a0<a class=\"mw-redirect\" title=\"Bakteeri\" href=\"https:\/\/fi.wikipedia.org\/wiki\/Bakteeri\">bakteereja<\/a>\u00a0tappavan vaikutuksen vuoksi.<\/p>\n<p style=\"text-align: left;\">\n<p>CAS: 50-00-0<\/p>\n","protected":false},"featured_media":6512,"template":"","meta":[],"product_brand":[],"product_cat":[180,117,120,323,351,290],"product_tag":[],"class_list":{"0":"post-797","1":"product","2":"type-product","3":"status-publish","4":"has-post-thumbnail","6":"product_cat-uncategorized-fi-2","7":"product_cat-kotitalouskemikaalit","8":"product_cat-laaketeollisuus","9":"product_cat-lannoitteet","10":"product_cat-puutarhanhoito","11":"product_cat-rehuteollisuus","12":"pif-has-gallery","14":"first","15":"instock","16":"taxable","17":"shipping-taxable","18":"purchasable","19":"product-type-variable","20":"has-default-attributes"},"yoast_head":"<!-- This site is optimized with the Yoast SEO plugin v26.2 - https:\/\/yoast.com\/wordpress\/plugins\/seo\/ -->\n<title>Formaliini (CAS 50-00-0) - Chemistry For Industry - Solvents &amp; Chemicals - Masterchem.ee<\/title>\n<meta name=\"description\" content=\"Formaliiniksi (engl. formalin tai formol) kutsutaan formaldehydin vesiliuosta, jossa formaldehydi\u00e4 on 37\u201355 %. CAS: 50-00-0\" \/>\n<meta name=\"robots\" content=\"index, follow, max-snippet:-1, max-image-preview:large, max-video-preview:-1\" \/>\n<link rel=\"canonical\" href=\"https:\/\/masterchem.ee\/fi\/tooted-ja-teenused\/formaliini\/\" \/>\n<meta name=\"twitter:card\" content=\"summary_large_image\" \/>\n<meta name=\"twitter:title\" content=\"Formaliini (CAS 50-00-0) - Chemistry For Industry - Solvents &amp; Chemicals - Masterchem.ee\" \/>\n<meta name=\"twitter:description\" content=\"Formaliiniksi (engl. formalin tai formol) kutsutaan formaldehydin vesiliuosta, jossa formaldehydi\u00e4 on 37\u201355 %. CAS: 50-00-0\" \/>\n<meta name=\"twitter:image\" content=\"https:\/\/masterchem.ee\/wp-content\/uploads\/2018\/02\/FORMALIN-1000l-MasterChem.jpg\" \/>\n<script type=\"application\/ld+json\" class=\"yoast-schema-graph\">{\"@context\":\"https:\/\/schema.org\",\"@graph\":[{\"@type\":\"WebPage\",\"@id\":\"https:\/\/masterchem.ee\/fi\/tooted-ja-teenused\/formaliini\/\",\"url\":\"https:\/\/masterchem.ee\/fi\/tooted-ja-teenused\/formaliini\/\",\"name\":\"Formaliini (CAS 50-00-0) - Chemistry For Industry - Solvents &amp; Chemicals - Masterchem.ee\",\"isPartOf\":{\"@id\":\"https:\/\/masterchem.ee\/fi\/#website\"},\"primaryImageOfPage\":{\"@id\":\"https:\/\/masterchem.ee\/fi\/tooted-ja-teenused\/formaliini\/#primaryimage\"},\"image\":{\"@id\":\"https:\/\/masterchem.ee\/fi\/tooted-ja-teenused\/formaliini\/#primaryimage\"},\"thumbnailUrl\":\"https:\/\/masterchem.ee\/wp-content\/uploads\/2018\/02\/FORMALIN-1000l-MasterChem.jpg\",\"datePublished\":\"2018-02-28T17:26:55+00:00\",\"dateModified\":\"2021-05-25T22:33:51+00:00\",\"description\":\"Formaliiniksi (engl. formalin tai formol) kutsutaan formaldehydin vesiliuosta, jossa formaldehydi\u00e4 on 37\u201355 %. CAS: 50-00-0\",\"breadcrumb\":{\"@id\":\"https:\/\/masterchem.ee\/fi\/tooted-ja-teenused\/formaliini\/#breadcrumb\"},\"inLanguage\":\"fi\",\"potentialAction\":[{\"@type\":\"ReadAction\",\"target\":[\"https:\/\/masterchem.ee\/fi\/tooted-ja-teenused\/formaliini\/\"]}]},{\"@type\":\"ImageObject\",\"inLanguage\":\"fi\",\"@id\":\"https:\/\/masterchem.ee\/fi\/tooted-ja-teenused\/formaliini\/#primaryimage\",\"url\":\"https:\/\/masterchem.ee\/wp-content\/uploads\/2018\/02\/FORMALIN-1000l-MasterChem.jpg\",\"contentUrl\":\"https:\/\/masterchem.ee\/wp-content\/uploads\/2018\/02\/FORMALIN-1000l-MasterChem.jpg\",\"width\":1000,\"height\":1000,\"caption\":\"FORMALIN 1000l MasterChem\"},{\"@type\":\"BreadcrumbList\",\"@id\":\"https:\/\/masterchem.ee\/fi\/tooted-ja-teenused\/formaliini\/#breadcrumb\",\"itemListElement\":[{\"@type\":\"ListItem\",\"position\":1,\"name\":\"Home\",\"item\":\"https:\/\/masterchem.ee\/fi\/\"},{\"@type\":\"ListItem\",\"position\":2,\"name\":\"Tooted ja teenused\",\"item\":\"https:\/\/masterchem.ee\/tooted-ja-teenused\/\"},{\"@type\":\"ListItem\",\"position\":3,\"name\":\"Formaliini (CAS 50-00-0)\"}]},{\"@type\":\"WebSite\",\"@id\":\"https:\/\/masterchem.ee\/fi\/#website\",\"url\":\"https:\/\/masterchem.ee\/fi\/\",\"name\":\"Masterchem.ee\",\"description\":\"Chemistry For Industry - Solvents &amp; Chemicals\",\"publisher\":{\"@id\":\"https:\/\/masterchem.ee\/fi\/#organization\"},\"potentialAction\":[{\"@type\":\"SearchAction\",\"target\":{\"@type\":\"EntryPoint\",\"urlTemplate\":\"https:\/\/masterchem.ee\/fi\/?s={search_term_string}\"},\"query-input\":{\"@type\":\"PropertyValueSpecification\",\"valueRequired\":true,\"valueName\":\"search_term_string\"}}],\"inLanguage\":\"fi\"},{\"@type\":\"Organization\",\"@id\":\"https:\/\/masterchem.ee\/fi\/#organization\",\"name\":\"Masterchem\",\"url\":\"https:\/\/masterchem.ee\/fi\/\",\"logo\":{\"@type\":\"ImageObject\",\"inLanguage\":\"fi\",\"@id\":\"https:\/\/masterchem.ee\/fi\/#\/schema\/logo\/image\/\",\"url\":\"https:\/\/masterchem.ee\/wp-content\/uploads\/2018\/02\/master-chem_final-1.png\",\"contentUrl\":\"https:\/\/masterchem.ee\/wp-content\/uploads\/2018\/02\/master-chem_final-1.png\",\"width\":850,\"height\":356,\"caption\":\"Masterchem\"},\"image\":{\"@id\":\"https:\/\/masterchem.ee\/fi\/#\/schema\/logo\/image\/\"}}]}<\/script>\n<!-- \/ Yoast SEO plugin. -->","yoast_head_json":{"title":"Formaliini (CAS 50-00-0) - Chemistry For Industry - Solvents &amp; Chemicals - Masterchem.ee","description":"Formaliiniksi (engl. formalin tai formol) kutsutaan formaldehydin vesiliuosta, jossa formaldehydi\u00e4 on 37\u201355 %. CAS: 50-00-0","robots":{"index":"index","follow":"follow","max-snippet":"max-snippet:-1","max-image-preview":"max-image-preview:large","max-video-preview":"max-video-preview:-1"},"canonical":"https:\/\/masterchem.ee\/fi\/tooted-ja-teenused\/formaliini\/","twitter_card":"summary_large_image","twitter_title":"Formaliini (CAS 50-00-0) - Chemistry For Industry - Solvents &amp; Chemicals - Masterchem.ee","twitter_description":"Formaliiniksi (engl. formalin tai formol) kutsutaan formaldehydin vesiliuosta, jossa formaldehydi\u00e4 on 37\u201355 %. CAS: 50-00-0","twitter_image":"https:\/\/masterchem.ee\/wp-content\/uploads\/2018\/02\/FORMALIN-1000l-MasterChem.jpg","schema":{"@context":"https:\/\/schema.org","@graph":[{"@type":"WebPage","@id":"https:\/\/masterchem.ee\/fi\/tooted-ja-teenused\/formaliini\/","url":"https:\/\/masterchem.ee\/fi\/tooted-ja-teenused\/formaliini\/","name":"Formaliini (CAS 50-00-0) - Chemistry For Industry - Solvents &amp; Chemicals - Masterchem.ee","isPartOf":{"@id":"https:\/\/masterchem.ee\/fi\/#website"},"primaryImageOfPage":{"@id":"https:\/\/masterchem.ee\/fi\/tooted-ja-teenused\/formaliini\/#primaryimage"},"image":{"@id":"https:\/\/masterchem.ee\/fi\/tooted-ja-teenused\/formaliini\/#primaryimage"},"thumbnailUrl":"https:\/\/masterchem.ee\/wp-content\/uploads\/2018\/02\/FORMALIN-1000l-MasterChem.jpg","datePublished":"2018-02-28T17:26:55+00:00","dateModified":"2021-05-25T22:33:51+00:00","description":"Formaliiniksi (engl. formalin tai formol) kutsutaan formaldehydin vesiliuosta, jossa formaldehydi\u00e4 on 37\u201355 %. CAS: 50-00-0","breadcrumb":{"@id":"https:\/\/masterchem.ee\/fi\/tooted-ja-teenused\/formaliini\/#breadcrumb"},"inLanguage":"fi","potentialAction":[{"@type":"ReadAction","target":["https:\/\/masterchem.ee\/fi\/tooted-ja-teenused\/formaliini\/"]}]},{"@type":"ImageObject","inLanguage":"fi","@id":"https:\/\/masterchem.ee\/fi\/tooted-ja-teenused\/formaliini\/#primaryimage","url":"https:\/\/masterchem.ee\/wp-content\/uploads\/2018\/02\/FORMALIN-1000l-MasterChem.jpg","contentUrl":"https:\/\/masterchem.ee\/wp-content\/uploads\/2018\/02\/FORMALIN-1000l-MasterChem.jpg","width":1000,"height":1000,"caption":"FORMALIN 1000l MasterChem"},{"@type":"BreadcrumbList","@id":"https:\/\/masterchem.ee\/fi\/tooted-ja-teenused\/formaliini\/#breadcrumb","itemListElement":[{"@type":"ListItem","position":1,"name":"Home","item":"https:\/\/masterchem.ee\/fi\/"},{"@type":"ListItem","position":2,"name":"Tooted ja teenused","item":"https:\/\/masterchem.ee\/tooted-ja-teenused\/"},{"@type":"ListItem","position":3,"name":"Formaliini (CAS 50-00-0)"}]},{"@type":"WebSite","@id":"https:\/\/masterchem.ee\/fi\/#website","url":"https:\/\/masterchem.ee\/fi\/","name":"Masterchem.ee","description":"Chemistry For Industry - Solvents &amp; Chemicals","publisher":{"@id":"https:\/\/masterchem.ee\/fi\/#organization"},"potentialAction":[{"@type":"SearchAction","target":{"@type":"EntryPoint","urlTemplate":"https:\/\/masterchem.ee\/fi\/?s={search_term_string}"},"query-input":{"@type":"PropertyValueSpecification","valueRequired":true,"valueName":"search_term_string"}}],"inLanguage":"fi"},{"@type":"Organization","@id":"https:\/\/masterchem.ee\/fi\/#organization","name":"Masterchem","url":"https:\/\/masterchem.ee\/fi\/","logo":{"@type":"ImageObject","inLanguage":"fi","@id":"https:\/\/masterchem.ee\/fi\/#\/schema\/logo\/image\/","url":"https:\/\/masterchem.ee\/wp-content\/uploads\/2018\/02\/master-chem_final-1.png","contentUrl":"https:\/\/masterchem.ee\/wp-content\/uploads\/2018\/02\/master-chem_final-1.png","width":850,"height":356,"caption":"Masterchem"},"image":{"@id":"https:\/\/masterchem.ee\/fi\/#\/schema\/logo\/image\/"}}]}},"_links":{"self":[{"href":"https:\/\/masterchem.ee\/fi\/wp-json\/wp\/v2\/product\/797","targetHints":{"allow":["GET"]}}],"collection":[{"href":"https:\/\/masterchem.ee\/fi\/wp-json\/wp\/v2\/product"}],"about":[{"href":"https:\/\/masterchem.ee\/fi\/wp-json\/wp\/v2\/types\/product"}],"wp:featuredmedia":[{"embeddable":true,"href":"https:\/\/masterchem.ee\/fi\/wp-json\/wp\/v2\/media\/6512"}],"wp:attachment":[{"href":"https:\/\/masterchem.ee\/fi\/wp-json\/wp\/v2\/media?parent=797"}],"wp:term":[{"taxonomy":"product_brand","embeddable":true,"href":"https:\/\/masterchem.ee\/fi\/wp-json\/wp\/v2\/product_brand?post=797"},{"taxonomy":"product_cat","embeddable":true,"href":"https:\/\/masterchem.ee\/fi\/wp-json\/wp\/v2\/product_cat?post=797"},{"taxonomy":"product_tag","embeddable":true,"href":"https:\/\/masterchem.ee\/fi\/wp-json\/wp\/v2\/product_tag?post=797"}],"curies":[{"name":"wp","href":"https:\/\/api.w.org\/{rel}","templated":true}]}}