{"id":794,"date":"2018-02-28T17:25:31","date_gmt":"2018-02-28T17:25:31","guid":{"rendered":"https:\/\/masterchem.ee\/product\/etyyliasetaatti\/"},"modified":"2021-06-27T08:32:35","modified_gmt":"2021-06-27T08:32:35","slug":"etyyliasetaatti","status":"publish","type":"product","link":"https:\/\/masterchem.ee\/fi\/tooted-ja-teenused\/etyyliasetaatti\/","title":{"rendered":"Etyyliasetaatti (CAS 141-78-6)"},"content":{"rendered":"<p><strong>K\u00e4ytt\u00f6 ja k\u00e4ytt\u00f6:<\/strong><br \/>\nT\u00e4m\u00e4n aineen p\u00e4\u00e4rooli on liukeneminen (t\u00e4m\u00e4 vie kolmasosan kaikesta tuotetusta etaanihapon etyyliesterist\u00e4). H\u00e4n on edullinen muihin liuottimiin verrattuna sen alhaisen hinnan, alhaisen myrkyllisyyden ja melko siedett\u00e4v\u00e4n hajun vuoksi. Se liuottaa nitro- ja selluloosa-asetaattia, vahoja ja rasvoja, nitroglyftaali-, perkloorivinyyli-, epoksi-, polyesteri-, pii-orgaaniset lakat, maalit, emalit ja puhdistaa my\u00f6s piirilevyt. Sit\u00e4 k\u00e4ytet\u00e4\u00e4n maalien ja lakkojen, liimojen ja painov\u00e4lineiden musteiden valmistuksessa. Yhdess\u00e4 alkoholin kanssa etyyliasetaattia k\u00e4ytet\u00e4\u00e4n liuottimena muun muassa keinonahan valmistuksessa.<br \/>\nEtyyliasetaatti on suosituin myrkyllinen kemikaali. Se on osa entomologisia tahroja (teht\u00e4v\u00e4n\u00e4 on tappaa hy\u00f6nteisi\u00e4). Verrattuna samaan kloroformiin, jota k\u00e4ytet\u00e4\u00e4n samaan tarkoitukseen, etyyliasetaatti pehment\u00e4\u00e4 kohdetta enemm\u00e4n ja tekee siit\u00e4 joustavamman valmistuksessa.<br \/>\nSe on kuuluisa ravintolis\u00e4 E1504.<br \/>\nEtyyliasetaatti osallistuu asetoetikkahappoetyyliesterin synteesiin.<br \/>\nEtyyliasetaatti teollisuudessa<br \/>\nEtyyliasetaattia tai etaanihappoesteri\u00e4 k\u00e4ytet\u00e4\u00e4n laajalti useilla teollisuuden aloilla, ja se suorittaa suuren luettelon teht\u00e4vist\u00e4:<br \/>\n&#8211; Kirjoituskoneen muste toimii liuottimena maalin ja lakan, liiman, selluloosan tuotannossa ja keinotekoisen nahan valmistuksessa. Liuotin toimii my\u00f6s levitt\u00e4ess\u00e4\u00e4n mustepiirroksia ja merkint\u00f6j\u00e4 pakkausmateriaaleihin;<br \/>\n&#8211; l\u00e4\u00e4keteollisuudessa se toimii reagenssina ja reaktiov\u00e4liaineena l\u00e4\u00e4kkeiden valmistuksessa;<br \/>\n&#8211; alumiinifolion ja ohuiden alumiinilevyjen luomisessa &#8211; rasvanpoistoaine;<br \/>\n&#8211; elektroniikkateollisuudessa sit\u00e4 k\u00e4ytet\u00e4\u00e4n my\u00f6s rasvanpoistoon ja puhdistukseen;<br \/>\n&#8211; Elintarviketeollisuudessa se on suosittu uuttoaine (se auttaa esimerkiksi uuttamaan kofeiinia kahvista). Lis\u00e4ksi sit\u00e4 k\u00e4ytet\u00e4\u00e4n kylmien juomien, lik\u00f6\u00f6rien, makeisten ja hedelm\u00e4esanssien luomiseen;<br \/>\n&#8211; kosmetiikkateollisuudessa se tuodaan manikyyrituotteiden koostumukseen erityisesti lakan poistamiseksi kynsist\u00e4.<br \/>\nT\u00e4m\u00e4 sovelluksen leveys johtuu suhteellisen alhaisista kustannuksista, alhaisesta toksisuudesta ja tehokkuudesta kussakin yll\u00e4 mainituista prosesseista.<br \/>\nKorkean hy\u00f6tysuhteen ja funktionaalisuuden vuoksi etyyliasetaatti on saanut niin laajaa k\u00e4ytt\u00f6\u00e4, kun otetaan huomioon sen v\u00e4h\u00e4inen myrkyllisyys.<\/p>\n<p><strong>Fyysiset ominaisuudet<\/strong><br \/>\nV\u00e4rit\u00f6n liikkuva neste, jolla on pist\u00e4v\u00e4 eetterihaju.<br \/>\nMoolimassa 88,11 g \/ mol,<br \/>\nsulamispiste -83,6 \u00b0 C,<br \/>\nkiehumispiste 77,1 \u00b0 C,<br \/>\ntiheys 0,9001 g \/ cm3.<br \/>\nLiukenee veteen 12% (painosta) etanoliin, dietyylieetteriin, bentseeniin, kloroformiin; muodostaa kaksinkertaisen atseotrooppisen seoksen veden kanssa (kiehumispiste 70,4 \u00b0 C, vesipitoisuus 8,2 painoprosenttia)<br \/>\nKaava: C4H8O2<\/p>\n","protected":false},"excerpt":{"rendered":"<p><strong>Muut nimet: etyyliasetaatin, etyylietanaatin<\/strong><br \/>\n<strong>Kuvaus:<\/strong><br \/>\nEtyyliasetaatti on etaanihapon etyyliesteri syttyv\u00e4n, v\u00e4ritt\u00f6m\u00e4n, haihtuvan nestem\u00e4isen aineen muodossa, jolla on pist\u00e4v\u00e4 hedelm\u00e4haju. Mekaanisia ep\u00e4puhtauksia ei ole. Se on kohtalaisen polaarinen liuotintuote, jolla on esteriominaisuuksia. Se voidaan liuottaa metyylikarbinoliin, etyylieetteriin, bentseeniin, metyylitrikloridiin, metyylibentseeniin ja joihinkin muihin orgaanisiin liuottimiin. Liukeneminen on heikompaa vedess\u00e4. Etyyliasetaatti liuottaa selluloosaeetterit, \u00f6ljypohjaiset hartsilakat, rasvat ja vahat.<br \/>\nSaanto teollisessa mittakaavassa tapahtuu etanolin ja etikkahapon reaktion aikana. On my\u00f6s mahdollista k\u00e4sitell\u00e4 etanolia karbometyleenill\u00e4 tai synteesi\u00e4 asetaldehydist\u00e4 alumiinialkoksidikatalyytin l\u00e4sn\u00e4 ollessa.<\/p>\n<p>CAS 141-78-6<\/p>\n<p><a target=\"_blank\" href=\"https:\/\/masterchem.ee\/wp-content\/uploads\/2018\/02\/Etuulatsetaat-MasterChem-TDS.pdf\" class=\"pdf\" alt=\"Tuotteen kuvaus TDS\" title=\"Tuotteen kuvaus TDS\" rel=\"noopener\">Tuotteen kuvaus (TDS)<\/a><\/p>\n","protected":false},"featured_media":4955,"template":"","meta":[],"product_brand":[],"product_cat":[180,294,117,120,286,118,258,153,114,154,152],"product_tag":[],"class_list":{"0":"post-794","1":"product","2":"type-product","3":"status-publish","4":"has-post-thumbnail","6":"product_cat-uncategorized-fi-2","7":"product_cat-kosmetiikkateollisuus","8":"product_cat-kotitalouskemikaalit","9":"product_cat-laaketeollisuus","10":"product_cat-maalit-ja-lakat","11":"product_cat-metallikemikaalit","12":"product_cat-muovi-fi","13":"product_cat-puunjalostuskemikaalit","14":"product_cat-rakennusteollisuus","15":"product_cat-tien-maalaus","16":"product_cat-tipografiset-kemikaalit","17":"pif-has-gallery","19":"first","20":"instock","21":"taxable","22":"shipping-taxable","23":"purchasable","24":"product-type-variable","25":"has-default-attributes"},"yoast_head":"<!-- This site is optimized with the Yoast SEO plugin v26.2 - https:\/\/yoast.com\/wordpress\/plugins\/seo\/ -->\n<title>Etyyliasetaatti (CAS 141-78-6) - Chemistry For Industry - Solvents &amp; Chemicals - Masterchem.ee<\/title>\n<meta name=\"description\" content=\"T\u00e4m\u00e4n aineen p\u00e4\u00e4rooli on liukeneminen (t\u00e4m\u00e4 vie kolmasosan kaikesta tuotetusta etaanihapon etyyliesterist\u00e4). H\u00e4n on edullinen muihin liuottimiin verrattuna sen alhaisen hinnan, alhaisen myrkyllisyyden ja melko siedett\u00e4v\u00e4n hajun vuoksi. CAS 141-78-6\" \/>\n<meta name=\"robots\" content=\"index, follow, max-snippet:-1, max-image-preview:large, max-video-preview:-1\" \/>\n<link rel=\"canonical\" href=\"https:\/\/masterchem.ee\/fi\/tooted-ja-teenused\/etyyliasetaatti\/\" \/>\n<meta name=\"twitter:card\" content=\"summary_large_image\" \/>\n<meta name=\"twitter:title\" content=\"Etyyliasetaatti (CAS 141-78-6) - Chemistry For Industry - Solvents &amp; Chemicals - Masterchem.ee\" \/>\n<meta name=\"twitter:description\" content=\"T\u00e4m\u00e4n aineen p\u00e4\u00e4rooli on liukeneminen (t\u00e4m\u00e4 vie kolmasosan kaikesta tuotetusta etaanihapon etyyliesterist\u00e4). H\u00e4n on edullinen muihin liuottimiin verrattuna sen alhaisen hinnan, alhaisen myrkyllisyyden ja melko siedett\u00e4v\u00e4n hajun vuoksi. CAS 141-78-6\" \/>\n<meta name=\"twitter:image\" content=\"https:\/\/masterchem.ee\/wp-content\/uploads\/2018\/09\/Butuulatsetaat_880kg_MaterChem.jpg\" \/>\n<meta name=\"twitter:label1\" content=\"Arvioitu lukuaika\" \/>\n\t<meta name=\"twitter:data1\" content=\"2 minuuttia\" \/>\n<script type=\"application\/ld+json\" class=\"yoast-schema-graph\">{\"@context\":\"https:\/\/schema.org\",\"@graph\":[{\"@type\":\"WebPage\",\"@id\":\"https:\/\/masterchem.ee\/fi\/tooted-ja-teenused\/etyyliasetaatti\/\",\"url\":\"https:\/\/masterchem.ee\/fi\/tooted-ja-teenused\/etyyliasetaatti\/\",\"name\":\"Etyyliasetaatti (CAS 141-78-6) - Chemistry For Industry - Solvents &amp; Chemicals - Masterchem.ee\",\"isPartOf\":{\"@id\":\"https:\/\/masterchem.ee\/fi\/#website\"},\"primaryImageOfPage\":{\"@id\":\"https:\/\/masterchem.ee\/fi\/tooted-ja-teenused\/etyyliasetaatti\/#primaryimage\"},\"image\":{\"@id\":\"https:\/\/masterchem.ee\/fi\/tooted-ja-teenused\/etyyliasetaatti\/#primaryimage\"},\"thumbnailUrl\":\"https:\/\/masterchem.ee\/wp-content\/uploads\/2018\/09\/Butuulatsetaat_880kg_MaterChem.jpg\",\"datePublished\":\"2018-02-28T17:25:31+00:00\",\"dateModified\":\"2021-06-27T08:32:35+00:00\",\"description\":\"T\u00e4m\u00e4n aineen p\u00e4\u00e4rooli on liukeneminen (t\u00e4m\u00e4 vie kolmasosan kaikesta tuotetusta etaanihapon etyyliesterist\u00e4). H\u00e4n on edullinen muihin liuottimiin verrattuna sen alhaisen hinnan, alhaisen myrkyllisyyden ja melko siedett\u00e4v\u00e4n hajun vuoksi. CAS 141-78-6\",\"breadcrumb\":{\"@id\":\"https:\/\/masterchem.ee\/fi\/tooted-ja-teenused\/etyyliasetaatti\/#breadcrumb\"},\"inLanguage\":\"fi\",\"potentialAction\":[{\"@type\":\"ReadAction\",\"target\":[\"https:\/\/masterchem.ee\/fi\/tooted-ja-teenused\/etyyliasetaatti\/\"]}]},{\"@type\":\"ImageObject\",\"inLanguage\":\"fi\",\"@id\":\"https:\/\/masterchem.ee\/fi\/tooted-ja-teenused\/etyyliasetaatti\/#primaryimage\",\"url\":\"https:\/\/masterchem.ee\/wp-content\/uploads\/2018\/09\/Butuulatsetaat_880kg_MaterChem.jpg\",\"contentUrl\":\"https:\/\/masterchem.ee\/wp-content\/uploads\/2018\/09\/Butuulatsetaat_880kg_MaterChem.jpg\",\"width\":1000,\"height\":1000,\"caption\":\"Etyyliasetaatti (CAS 141-78-6)\"},{\"@type\":\"BreadcrumbList\",\"@id\":\"https:\/\/masterchem.ee\/fi\/tooted-ja-teenused\/etyyliasetaatti\/#breadcrumb\",\"itemListElement\":[{\"@type\":\"ListItem\",\"position\":1,\"name\":\"Home\",\"item\":\"https:\/\/masterchem.ee\/fi\/\"},{\"@type\":\"ListItem\",\"position\":2,\"name\":\"Tooted ja teenused\",\"item\":\"https:\/\/masterchem.ee\/tooted-ja-teenused\/\"},{\"@type\":\"ListItem\",\"position\":3,\"name\":\"Etyyliasetaatti (CAS 141-78-6)\"}]},{\"@type\":\"WebSite\",\"@id\":\"https:\/\/masterchem.ee\/fi\/#website\",\"url\":\"https:\/\/masterchem.ee\/fi\/\",\"name\":\"Masterchem.ee\",\"description\":\"Chemistry For Industry - Solvents &amp; Chemicals\",\"publisher\":{\"@id\":\"https:\/\/masterchem.ee\/fi\/#organization\"},\"potentialAction\":[{\"@type\":\"SearchAction\",\"target\":{\"@type\":\"EntryPoint\",\"urlTemplate\":\"https:\/\/masterchem.ee\/fi\/?s={search_term_string}\"},\"query-input\":{\"@type\":\"PropertyValueSpecification\",\"valueRequired\":true,\"valueName\":\"search_term_string\"}}],\"inLanguage\":\"fi\"},{\"@type\":\"Organization\",\"@id\":\"https:\/\/masterchem.ee\/fi\/#organization\",\"name\":\"Masterchem\",\"url\":\"https:\/\/masterchem.ee\/fi\/\",\"logo\":{\"@type\":\"ImageObject\",\"inLanguage\":\"fi\",\"@id\":\"https:\/\/masterchem.ee\/fi\/#\/schema\/logo\/image\/\",\"url\":\"https:\/\/masterchem.ee\/wp-content\/uploads\/2018\/02\/master-chem_final-1.png\",\"contentUrl\":\"https:\/\/masterchem.ee\/wp-content\/uploads\/2018\/02\/master-chem_final-1.png\",\"width\":850,\"height\":356,\"caption\":\"Masterchem\"},\"image\":{\"@id\":\"https:\/\/masterchem.ee\/fi\/#\/schema\/logo\/image\/\"}}]}<\/script>\n<!-- \/ Yoast SEO plugin. -->","yoast_head_json":{"title":"Etyyliasetaatti (CAS 141-78-6) - Chemistry For Industry - Solvents &amp; Chemicals - Masterchem.ee","description":"T\u00e4m\u00e4n aineen p\u00e4\u00e4rooli on liukeneminen (t\u00e4m\u00e4 vie kolmasosan kaikesta tuotetusta etaanihapon etyyliesterist\u00e4). H\u00e4n on edullinen muihin liuottimiin verrattuna sen alhaisen hinnan, alhaisen myrkyllisyyden ja melko siedett\u00e4v\u00e4n hajun vuoksi. CAS 141-78-6","robots":{"index":"index","follow":"follow","max-snippet":"max-snippet:-1","max-image-preview":"max-image-preview:large","max-video-preview":"max-video-preview:-1"},"canonical":"https:\/\/masterchem.ee\/fi\/tooted-ja-teenused\/etyyliasetaatti\/","twitter_card":"summary_large_image","twitter_title":"Etyyliasetaatti (CAS 141-78-6) - Chemistry For Industry - Solvents &amp; Chemicals - Masterchem.ee","twitter_description":"T\u00e4m\u00e4n aineen p\u00e4\u00e4rooli on liukeneminen (t\u00e4m\u00e4 vie kolmasosan kaikesta tuotetusta etaanihapon etyyliesterist\u00e4). H\u00e4n on edullinen muihin liuottimiin verrattuna sen alhaisen hinnan, alhaisen myrkyllisyyden ja melko siedett\u00e4v\u00e4n hajun vuoksi. CAS 141-78-6","twitter_image":"https:\/\/masterchem.ee\/wp-content\/uploads\/2018\/09\/Butuulatsetaat_880kg_MaterChem.jpg","twitter_misc":{"Arvioitu lukuaika":"2 minuuttia"},"schema":{"@context":"https:\/\/schema.org","@graph":[{"@type":"WebPage","@id":"https:\/\/masterchem.ee\/fi\/tooted-ja-teenused\/etyyliasetaatti\/","url":"https:\/\/masterchem.ee\/fi\/tooted-ja-teenused\/etyyliasetaatti\/","name":"Etyyliasetaatti (CAS 141-78-6) - Chemistry For Industry - Solvents &amp; Chemicals - Masterchem.ee","isPartOf":{"@id":"https:\/\/masterchem.ee\/fi\/#website"},"primaryImageOfPage":{"@id":"https:\/\/masterchem.ee\/fi\/tooted-ja-teenused\/etyyliasetaatti\/#primaryimage"},"image":{"@id":"https:\/\/masterchem.ee\/fi\/tooted-ja-teenused\/etyyliasetaatti\/#primaryimage"},"thumbnailUrl":"https:\/\/masterchem.ee\/wp-content\/uploads\/2018\/09\/Butuulatsetaat_880kg_MaterChem.jpg","datePublished":"2018-02-28T17:25:31+00:00","dateModified":"2021-06-27T08:32:35+00:00","description":"T\u00e4m\u00e4n aineen p\u00e4\u00e4rooli on liukeneminen (t\u00e4m\u00e4 vie kolmasosan kaikesta tuotetusta etaanihapon etyyliesterist\u00e4). H\u00e4n on edullinen muihin liuottimiin verrattuna sen alhaisen hinnan, alhaisen myrkyllisyyden ja melko siedett\u00e4v\u00e4n hajun vuoksi. CAS 141-78-6","breadcrumb":{"@id":"https:\/\/masterchem.ee\/fi\/tooted-ja-teenused\/etyyliasetaatti\/#breadcrumb"},"inLanguage":"fi","potentialAction":[{"@type":"ReadAction","target":["https:\/\/masterchem.ee\/fi\/tooted-ja-teenused\/etyyliasetaatti\/"]}]},{"@type":"ImageObject","inLanguage":"fi","@id":"https:\/\/masterchem.ee\/fi\/tooted-ja-teenused\/etyyliasetaatti\/#primaryimage","url":"https:\/\/masterchem.ee\/wp-content\/uploads\/2018\/09\/Butuulatsetaat_880kg_MaterChem.jpg","contentUrl":"https:\/\/masterchem.ee\/wp-content\/uploads\/2018\/09\/Butuulatsetaat_880kg_MaterChem.jpg","width":1000,"height":1000,"caption":"Etyyliasetaatti (CAS 141-78-6)"},{"@type":"BreadcrumbList","@id":"https:\/\/masterchem.ee\/fi\/tooted-ja-teenused\/etyyliasetaatti\/#breadcrumb","itemListElement":[{"@type":"ListItem","position":1,"name":"Home","item":"https:\/\/masterchem.ee\/fi\/"},{"@type":"ListItem","position":2,"name":"Tooted ja teenused","item":"https:\/\/masterchem.ee\/tooted-ja-teenused\/"},{"@type":"ListItem","position":3,"name":"Etyyliasetaatti (CAS 141-78-6)"}]},{"@type":"WebSite","@id":"https:\/\/masterchem.ee\/fi\/#website","url":"https:\/\/masterchem.ee\/fi\/","name":"Masterchem.ee","description":"Chemistry For Industry - Solvents &amp; Chemicals","publisher":{"@id":"https:\/\/masterchem.ee\/fi\/#organization"},"potentialAction":[{"@type":"SearchAction","target":{"@type":"EntryPoint","urlTemplate":"https:\/\/masterchem.ee\/fi\/?s={search_term_string}"},"query-input":{"@type":"PropertyValueSpecification","valueRequired":true,"valueName":"search_term_string"}}],"inLanguage":"fi"},{"@type":"Organization","@id":"https:\/\/masterchem.ee\/fi\/#organization","name":"Masterchem","url":"https:\/\/masterchem.ee\/fi\/","logo":{"@type":"ImageObject","inLanguage":"fi","@id":"https:\/\/masterchem.ee\/fi\/#\/schema\/logo\/image\/","url":"https:\/\/masterchem.ee\/wp-content\/uploads\/2018\/02\/master-chem_final-1.png","contentUrl":"https:\/\/masterchem.ee\/wp-content\/uploads\/2018\/02\/master-chem_final-1.png","width":850,"height":356,"caption":"Masterchem"},"image":{"@id":"https:\/\/masterchem.ee\/fi\/#\/schema\/logo\/image\/"}}]}},"_links":{"self":[{"href":"https:\/\/masterchem.ee\/fi\/wp-json\/wp\/v2\/product\/794","targetHints":{"allow":["GET"]}}],"collection":[{"href":"https:\/\/masterchem.ee\/fi\/wp-json\/wp\/v2\/product"}],"about":[{"href":"https:\/\/masterchem.ee\/fi\/wp-json\/wp\/v2\/types\/product"}],"wp:featuredmedia":[{"embeddable":true,"href":"https:\/\/masterchem.ee\/fi\/wp-json\/wp\/v2\/media\/4955"}],"wp:attachment":[{"href":"https:\/\/masterchem.ee\/fi\/wp-json\/wp\/v2\/media?parent=794"}],"wp:term":[{"taxonomy":"product_brand","embeddable":true,"href":"https:\/\/masterchem.ee\/fi\/wp-json\/wp\/v2\/product_brand?post=794"},{"taxonomy":"product_cat","embeddable":true,"href":"https:\/\/masterchem.ee\/fi\/wp-json\/wp\/v2\/product_cat?post=794"},{"taxonomy":"product_tag","embeddable":true,"href":"https:\/\/masterchem.ee\/fi\/wp-json\/wp\/v2\/product_tag?post=794"}],"curies":[{"name":"wp","href":"https:\/\/api.w.org\/{rel}","templated":true}]}}