{"id":791,"date":"2018-02-28T17:21:39","date_gmt":"2018-02-28T17:21:39","guid":{"rendered":"https:\/\/masterchem.ee\/product\/dietyleeniglykoli\/"},"modified":"2021-06-27T08:23:25","modified_gmt":"2021-06-27T08:23:25","slug":"dietyleeniglykoli","status":"publish","type":"product","link":"https:\/\/masterchem.ee\/fi\/tooted-ja-teenused\/dietyleeniglykoli\/","title":{"rendered":"Dietyleeniglykoli (CAS 111-46-6)"},"content":{"rendered":"<p style=\"text-align: justify;\">Kuten\u00a0<a title=\"Etyleeniglykoli\" href=\"https:\/\/fi.wikipedia.org\/wiki\/Etyleeniglykoli\">etyleeniglykolia<\/a>\u00a0my\u00f6s dietyleeniglykolia k\u00e4ytet\u00e4\u00e4n\u00a0<a class=\"new\" title=\"J\u00e4\u00e4nestoaine (sivua ei ole)\" href=\"https:\/\/fi.wikipedia.org\/w\/index.php?title=J%C3%A4%C3%A4nestoaine&amp;action=edit&amp;redlink=1\">j\u00e4\u00e4nestoaineena<\/a>. Dietyleeniglykolia k\u00e4ytet\u00e4\u00e4n my\u00f6s liuottimena, er\u00e4iden orgaanisten yhdisteiden l\u00e4ht\u00f6aineena ja kosmetiikkatuotteissa.<\/p>\n<p style=\"text-align: justify;\">Dietyleeniglykolia on my\u00f6s k\u00e4ytetty\u00a0<a title=\"Glyseroli\" href=\"https:\/\/fi.wikipedia.org\/wiki\/Glyseroli\">glyserolin<\/a>\u00a0ja\u00a0<a title=\"Propyleeniglykoli\" href=\"https:\/\/fi.wikipedia.org\/wiki\/Propyleeniglykoli\">propyleeniglykolin<\/a>\u00a0korvikeena tai sen v\u00e4\u00e4renn\u00f6ksen\u00e4 muun muassa hammastahnoissa.<\/p>\n","protected":false},"excerpt":{"rendered":"<p><b>Muut nimet: Dietyleeniglykoli, (2-hydroksietoksi)etan-2-oli <\/b><\/p>\n<p>Dietyleeniglykoli\u00a0(DEG) on\u00a0<a title=\"Orgaaninen yhdiste\" href=\"https:\/\/fi.wikipedia.org\/wiki\/Orgaaninen_yhdiste\">orgaaninen yhdiste<\/a>, jonka\u00a0<a title=\"Rakennekaava\" href=\"https:\/\/fi.wikipedia.org\/wiki\/Rakennekaava\">rakennekaava<\/a>\u00a0on HO-CH<sub>2<\/sub>-CH<sub>2<\/sub>-O-CH<sub>2<\/sub>-CH<sub>2<\/sub>-OH. Dietyleeniglykoli on kirkas\u00a0<a title=\"Hygroskooppisuus\" href=\"https:\/\/fi.wikipedia.org\/wiki\/Hygroskooppisuus\">hygroskooppinen<\/a>\u00a0hajuton neste, joka liukenee veteen ja polaarisiin orgaanisiin liuottimiin, kuten\u00a0<a title=\"Alkoholit\" href=\"https:\/\/fi.wikipedia.org\/wiki\/Alkoholit\">alkoholeihin<\/a>\u00a0ja\u00a0<a title=\"Eetterit\" href=\"https:\/\/fi.wikipedia.org\/wiki\/Eetterit\">eettereihin<\/a>.<\/p>\n<p>Dietyleeniglykoli kuuluu\u00a0<a title=\"Diolit\" href=\"https:\/\/fi.wikipedia.org\/wiki\/Diolit\">dioleihin<\/a>\u00a0(<a title=\"Hiilivedyt\" href=\"https:\/\/fi.wikipedia.org\/wiki\/Hiilivedyt\">hiilivetyihin<\/a>, jotka sis\u00e4lt\u00e4v\u00e4t kaksi\u00a0<a title=\"Alkoholijuoma\" href=\"https:\/\/fi.wikipedia.org\/wiki\/Alkoholijuoma\">alkoholiryhm\u00e4\u00e4<\/a>)<\/p>\n<p>CAS 111-46-6<\/p>\n","protected":false},"featured_media":6421,"template":"","meta":[],"product_brand":[],"product_cat":[180,109,115,117,258,114],"product_tag":[],"class_list":{"0":"post-791","1":"product","2":"type-product","3":"status-publish","4":"has-post-thumbnail","6":"product_cat-uncategorized-fi-2","7":"product_cat-anti-jaatymisnesteet","8":"product_cat-auton-ja-koneiden-kemikaalit","9":"product_cat-kotitalouskemikaalit","10":"product_cat-muovi-fi","11":"product_cat-rakennusteollisuus","12":"pif-has-gallery","14":"first","15":"instock","16":"taxable","17":"shipping-taxable","18":"purchasable","19":"product-type-variable","20":"has-default-attributes"},"yoast_head":"<!-- This site is optimized with the Yoast SEO plugin v26.2 - https:\/\/yoast.com\/wordpress\/plugins\/seo\/ -->\n<title>Dietyleeniglykoli (CAS 111-46-6) - Chemistry For Industry - Solvents &amp; Chemicals - Masterchem.ee<\/title>\n<meta name=\"description\" content=\"Dietyleeniglykoli (DEG) on orgaaninen yhdiste, jonka rakennekaava on HO-CH2-CH2-O-CH2-CH2-OH. Dietyleeniglykoli on kirkas hygroskooppinen hajuton neste, joka liukenee veteen ja polaarisiin orgaanisiin liuottimiin, kuten alkoholeihin ja eettereihin. CAS 111-46-6\" \/>\n<meta name=\"robots\" content=\"index, follow, max-snippet:-1, max-image-preview:large, max-video-preview:-1\" \/>\n<link rel=\"canonical\" href=\"https:\/\/masterchem.ee\/fi\/tooted-ja-teenused\/dietyleeniglykoli\/\" \/>\n<meta name=\"twitter:card\" content=\"summary_large_image\" \/>\n<meta name=\"twitter:title\" content=\"Dietyleeniglykoli (CAS 111-46-6) - Chemistry For Industry - Solvents &amp; Chemicals - Masterchem.ee\" \/>\n<meta name=\"twitter:description\" content=\"Dietyleeniglykoli (DEG) on orgaaninen yhdiste, jonka rakennekaava on HO-CH2-CH2-O-CH2-CH2-OH. Dietyleeniglykoli on kirkas hygroskooppinen hajuton neste, joka liukenee veteen ja polaarisiin orgaanisiin liuottimiin, kuten alkoholeihin ja eettereihin. CAS 111-46-6\" \/>\n<meta name=\"twitter:image\" content=\"https:\/\/masterchem.ee\/wp-content\/uploads\/2018\/02\/DIETHYLENE-GLYCOL-1000l-MasterChem.jpg\" \/>\n<script type=\"application\/ld+json\" class=\"yoast-schema-graph\">{\"@context\":\"https:\/\/schema.org\",\"@graph\":[{\"@type\":\"WebPage\",\"@id\":\"https:\/\/masterchem.ee\/fi\/tooted-ja-teenused\/dietyleeniglykoli\/\",\"url\":\"https:\/\/masterchem.ee\/fi\/tooted-ja-teenused\/dietyleeniglykoli\/\",\"name\":\"Dietyleeniglykoli (CAS 111-46-6) - Chemistry For Industry - Solvents &amp; Chemicals - Masterchem.ee\",\"isPartOf\":{\"@id\":\"https:\/\/masterchem.ee\/fi\/#website\"},\"primaryImageOfPage\":{\"@id\":\"https:\/\/masterchem.ee\/fi\/tooted-ja-teenused\/dietyleeniglykoli\/#primaryimage\"},\"image\":{\"@id\":\"https:\/\/masterchem.ee\/fi\/tooted-ja-teenused\/dietyleeniglykoli\/#primaryimage\"},\"thumbnailUrl\":\"https:\/\/masterchem.ee\/wp-content\/uploads\/2018\/02\/DIETHYLENE-GLYCOL-1000l-MasterChem.jpg\",\"datePublished\":\"2018-02-28T17:21:39+00:00\",\"dateModified\":\"2021-06-27T08:23:25+00:00\",\"description\":\"Dietyleeniglykoli (DEG) on orgaaninen yhdiste, jonka rakennekaava on HO-CH2-CH2-O-CH2-CH2-OH. Dietyleeniglykoli on kirkas hygroskooppinen hajuton neste, joka liukenee veteen ja polaarisiin orgaanisiin liuottimiin, kuten alkoholeihin ja eettereihin. CAS 111-46-6\",\"breadcrumb\":{\"@id\":\"https:\/\/masterchem.ee\/fi\/tooted-ja-teenused\/dietyleeniglykoli\/#breadcrumb\"},\"inLanguage\":\"fi\",\"potentialAction\":[{\"@type\":\"ReadAction\",\"target\":[\"https:\/\/masterchem.ee\/fi\/tooted-ja-teenused\/dietyleeniglykoli\/\"]}]},{\"@type\":\"ImageObject\",\"inLanguage\":\"fi\",\"@id\":\"https:\/\/masterchem.ee\/fi\/tooted-ja-teenused\/dietyleeniglykoli\/#primaryimage\",\"url\":\"https:\/\/masterchem.ee\/wp-content\/uploads\/2018\/02\/DIETHYLENE-GLYCOL-1000l-MasterChem.jpg\",\"contentUrl\":\"https:\/\/masterchem.ee\/wp-content\/uploads\/2018\/02\/DIETHYLENE-GLYCOL-1000l-MasterChem.jpg\",\"width\":1000,\"height\":1000,\"caption\":\"Dietyleeniglykoli 1000l MasterChem\"},{\"@type\":\"BreadcrumbList\",\"@id\":\"https:\/\/masterchem.ee\/fi\/tooted-ja-teenused\/dietyleeniglykoli\/#breadcrumb\",\"itemListElement\":[{\"@type\":\"ListItem\",\"position\":1,\"name\":\"Home\",\"item\":\"https:\/\/masterchem.ee\/fi\/\"},{\"@type\":\"ListItem\",\"position\":2,\"name\":\"Tooted ja teenused\",\"item\":\"https:\/\/masterchem.ee\/tooted-ja-teenused\/\"},{\"@type\":\"ListItem\",\"position\":3,\"name\":\"Dietyleeniglykoli (CAS 111-46-6)\"}]},{\"@type\":\"WebSite\",\"@id\":\"https:\/\/masterchem.ee\/fi\/#website\",\"url\":\"https:\/\/masterchem.ee\/fi\/\",\"name\":\"Masterchem.ee\",\"description\":\"Chemistry For Industry - Solvents &amp; Chemicals\",\"publisher\":{\"@id\":\"https:\/\/masterchem.ee\/fi\/#organization\"},\"potentialAction\":[{\"@type\":\"SearchAction\",\"target\":{\"@type\":\"EntryPoint\",\"urlTemplate\":\"https:\/\/masterchem.ee\/fi\/?s={search_term_string}\"},\"query-input\":{\"@type\":\"PropertyValueSpecification\",\"valueRequired\":true,\"valueName\":\"search_term_string\"}}],\"inLanguage\":\"fi\"},{\"@type\":\"Organization\",\"@id\":\"https:\/\/masterchem.ee\/fi\/#organization\",\"name\":\"Masterchem\",\"url\":\"https:\/\/masterchem.ee\/fi\/\",\"logo\":{\"@type\":\"ImageObject\",\"inLanguage\":\"fi\",\"@id\":\"https:\/\/masterchem.ee\/fi\/#\/schema\/logo\/image\/\",\"url\":\"https:\/\/masterchem.ee\/wp-content\/uploads\/2018\/02\/master-chem_final-1.png\",\"contentUrl\":\"https:\/\/masterchem.ee\/wp-content\/uploads\/2018\/02\/master-chem_final-1.png\",\"width\":850,\"height\":356,\"caption\":\"Masterchem\"},\"image\":{\"@id\":\"https:\/\/masterchem.ee\/fi\/#\/schema\/logo\/image\/\"}}]}<\/script>\n<!-- \/ Yoast SEO plugin. -->","yoast_head_json":{"title":"Dietyleeniglykoli (CAS 111-46-6) - Chemistry For Industry - Solvents &amp; Chemicals - Masterchem.ee","description":"Dietyleeniglykoli (DEG) on orgaaninen yhdiste, jonka rakennekaava on HO-CH2-CH2-O-CH2-CH2-OH. Dietyleeniglykoli on kirkas hygroskooppinen hajuton neste, joka liukenee veteen ja polaarisiin orgaanisiin liuottimiin, kuten alkoholeihin ja eettereihin. CAS 111-46-6","robots":{"index":"index","follow":"follow","max-snippet":"max-snippet:-1","max-image-preview":"max-image-preview:large","max-video-preview":"max-video-preview:-1"},"canonical":"https:\/\/masterchem.ee\/fi\/tooted-ja-teenused\/dietyleeniglykoli\/","twitter_card":"summary_large_image","twitter_title":"Dietyleeniglykoli (CAS 111-46-6) - Chemistry For Industry - Solvents &amp; Chemicals - Masterchem.ee","twitter_description":"Dietyleeniglykoli (DEG) on orgaaninen yhdiste, jonka rakennekaava on HO-CH2-CH2-O-CH2-CH2-OH. Dietyleeniglykoli on kirkas hygroskooppinen hajuton neste, joka liukenee veteen ja polaarisiin orgaanisiin liuottimiin, kuten alkoholeihin ja eettereihin. CAS 111-46-6","twitter_image":"https:\/\/masterchem.ee\/wp-content\/uploads\/2018\/02\/DIETHYLENE-GLYCOL-1000l-MasterChem.jpg","schema":{"@context":"https:\/\/schema.org","@graph":[{"@type":"WebPage","@id":"https:\/\/masterchem.ee\/fi\/tooted-ja-teenused\/dietyleeniglykoli\/","url":"https:\/\/masterchem.ee\/fi\/tooted-ja-teenused\/dietyleeniglykoli\/","name":"Dietyleeniglykoli (CAS 111-46-6) - Chemistry For Industry - Solvents &amp; Chemicals - Masterchem.ee","isPartOf":{"@id":"https:\/\/masterchem.ee\/fi\/#website"},"primaryImageOfPage":{"@id":"https:\/\/masterchem.ee\/fi\/tooted-ja-teenused\/dietyleeniglykoli\/#primaryimage"},"image":{"@id":"https:\/\/masterchem.ee\/fi\/tooted-ja-teenused\/dietyleeniglykoli\/#primaryimage"},"thumbnailUrl":"https:\/\/masterchem.ee\/wp-content\/uploads\/2018\/02\/DIETHYLENE-GLYCOL-1000l-MasterChem.jpg","datePublished":"2018-02-28T17:21:39+00:00","dateModified":"2021-06-27T08:23:25+00:00","description":"Dietyleeniglykoli (DEG) on orgaaninen yhdiste, jonka rakennekaava on HO-CH2-CH2-O-CH2-CH2-OH. Dietyleeniglykoli on kirkas hygroskooppinen hajuton neste, joka liukenee veteen ja polaarisiin orgaanisiin liuottimiin, kuten alkoholeihin ja eettereihin. CAS 111-46-6","breadcrumb":{"@id":"https:\/\/masterchem.ee\/fi\/tooted-ja-teenused\/dietyleeniglykoli\/#breadcrumb"},"inLanguage":"fi","potentialAction":[{"@type":"ReadAction","target":["https:\/\/masterchem.ee\/fi\/tooted-ja-teenused\/dietyleeniglykoli\/"]}]},{"@type":"ImageObject","inLanguage":"fi","@id":"https:\/\/masterchem.ee\/fi\/tooted-ja-teenused\/dietyleeniglykoli\/#primaryimage","url":"https:\/\/masterchem.ee\/wp-content\/uploads\/2018\/02\/DIETHYLENE-GLYCOL-1000l-MasterChem.jpg","contentUrl":"https:\/\/masterchem.ee\/wp-content\/uploads\/2018\/02\/DIETHYLENE-GLYCOL-1000l-MasterChem.jpg","width":1000,"height":1000,"caption":"Dietyleeniglykoli 1000l MasterChem"},{"@type":"BreadcrumbList","@id":"https:\/\/masterchem.ee\/fi\/tooted-ja-teenused\/dietyleeniglykoli\/#breadcrumb","itemListElement":[{"@type":"ListItem","position":1,"name":"Home","item":"https:\/\/masterchem.ee\/fi\/"},{"@type":"ListItem","position":2,"name":"Tooted ja teenused","item":"https:\/\/masterchem.ee\/tooted-ja-teenused\/"},{"@type":"ListItem","position":3,"name":"Dietyleeniglykoli (CAS 111-46-6)"}]},{"@type":"WebSite","@id":"https:\/\/masterchem.ee\/fi\/#website","url":"https:\/\/masterchem.ee\/fi\/","name":"Masterchem.ee","description":"Chemistry For Industry - Solvents &amp; Chemicals","publisher":{"@id":"https:\/\/masterchem.ee\/fi\/#organization"},"potentialAction":[{"@type":"SearchAction","target":{"@type":"EntryPoint","urlTemplate":"https:\/\/masterchem.ee\/fi\/?s={search_term_string}"},"query-input":{"@type":"PropertyValueSpecification","valueRequired":true,"valueName":"search_term_string"}}],"inLanguage":"fi"},{"@type":"Organization","@id":"https:\/\/masterchem.ee\/fi\/#organization","name":"Masterchem","url":"https:\/\/masterchem.ee\/fi\/","logo":{"@type":"ImageObject","inLanguage":"fi","@id":"https:\/\/masterchem.ee\/fi\/#\/schema\/logo\/image\/","url":"https:\/\/masterchem.ee\/wp-content\/uploads\/2018\/02\/master-chem_final-1.png","contentUrl":"https:\/\/masterchem.ee\/wp-content\/uploads\/2018\/02\/master-chem_final-1.png","width":850,"height":356,"caption":"Masterchem"},"image":{"@id":"https:\/\/masterchem.ee\/fi\/#\/schema\/logo\/image\/"}}]}},"_links":{"self":[{"href":"https:\/\/masterchem.ee\/fi\/wp-json\/wp\/v2\/product\/791","targetHints":{"allow":["GET"]}}],"collection":[{"href":"https:\/\/masterchem.ee\/fi\/wp-json\/wp\/v2\/product"}],"about":[{"href":"https:\/\/masterchem.ee\/fi\/wp-json\/wp\/v2\/types\/product"}],"wp:featuredmedia":[{"embeddable":true,"href":"https:\/\/masterchem.ee\/fi\/wp-json\/wp\/v2\/media\/6421"}],"wp:attachment":[{"href":"https:\/\/masterchem.ee\/fi\/wp-json\/wp\/v2\/media?parent=791"}],"wp:term":[{"taxonomy":"product_brand","embeddable":true,"href":"https:\/\/masterchem.ee\/fi\/wp-json\/wp\/v2\/product_brand?post=791"},{"taxonomy":"product_cat","embeddable":true,"href":"https:\/\/masterchem.ee\/fi\/wp-json\/wp\/v2\/product_cat?post=791"},{"taxonomy":"product_tag","embeddable":true,"href":"https:\/\/masterchem.ee\/fi\/wp-json\/wp\/v2\/product_tag?post=791"}],"curies":[{"name":"wp","href":"https:\/\/api.w.org\/{rel}","templated":true}]}}