{"id":7892,"date":"2020-08-18T05:18:58","date_gmt":"2020-08-18T05:18:58","guid":{"rendered":"https:\/\/masterchem.ee\/?post_type=product&#038;p=7892"},"modified":"2020-08-18T05:23:54","modified_gmt":"2020-08-18T05:23:54","slug":"th-muovi-voi-220l-200-lit","status":"publish","type":"product","link":"https:\/\/masterchem.ee\/fi\/tooted-ja-teenused\/th-muovi-voi-220l-200-lit\/","title":{"rendered":"TH-muovi voi 220L 200 lit"},"content":{"rendered":"<p>TH-muovipurkki 220L \/ 200 on valmistettu teollisuuslujuudesta suurimolekyylipainoisesta polyeteenimuovista (HMWPE), samanlainen kuin HDPE, mutta kest\u00e4v\u00e4mpi, etenkin paksuilla sein\u00e4mill\u00e4, jotka tarjoavat erinomaisen suorituskyvyn ja pitk\u00e4aikaisen kest\u00e4vyyden. T\u00e4m\u00e4n suljetun rummun sile\u00e4 muotoilu sopii ulkok\u00e4ytt\u00f6\u00f6n. Voidaan k\u00e4ytt\u00e4\u00e4 sateena, kelluvana tai poijuna, samoin kuin kemikaaleina, \u00f6ljyin\u00e4 ja muina varastos\u00e4ili\u00f6in\u00e4.<\/p>\n","protected":false},"excerpt":{"rendered":"<p>TH-muovipurkki 220L \/ 200 on valmistettu teollisuuslujuudesta suurimolekyylipainoisesta polyeteenimuovista (HMWPE), samanlainen kuin HDPE, mutta kest\u00e4v\u00e4mpi, etenkin paksuilla sein\u00e4mill\u00e4, jotka tarjoavat erinomaisen suorituskyvyn ja pitk\u00e4aikaisen kest\u00e4vyyden. T\u00e4m\u00e4n suljetun rummun sile\u00e4 muotoilu sopii ulkok\u00e4ytt\u00f6\u00f6n. Voidaan k\u00e4ytt\u00e4\u00e4 sateena, kelluvana tai poijuna, samoin kuin kemikaaleina, \u00f6ljyin\u00e4 ja muina varastos\u00e4ili\u00f6in\u00e4.<\/p>\n","protected":false},"featured_media":7896,"template":"","meta":[],"product_brand":[],"product_cat":[180,119],"product_tag":[],"class_list":{"0":"post-7892","1":"product","2":"type-product","3":"status-publish","4":"has-post-thumbnail","6":"product_cat-uncategorized-fi-2","7":"product_cat-pakkaus","8":"product_shipping_class-spesiaali","9":"pif-has-gallery","11":"first","12":"instock","13":"taxable","14":"shipping-taxable","15":"purchasable","16":"product-type-simple"},"yoast_head":"<!-- This site is optimized with the Yoast SEO plugin v26.2 - https:\/\/yoast.com\/wordpress\/plugins\/seo\/ -->\n<title>TH-muovi voi 220L 200 lit - Chemistry For Industry - Solvents &amp; Chemicals - Masterchem.ee<\/title>\n<meta name=\"description\" content=\"TH-MUOVI VOI 220L 200 LIT\" \/>\n<meta name=\"robots\" content=\"index, follow, max-snippet:-1, max-image-preview:large, max-video-preview:-1\" \/>\n<link rel=\"canonical\" href=\"https:\/\/masterchem.ee\/fi\/tooted-ja-teenused\/th-muovi-voi-220l-200-lit\/\" \/>\n<meta name=\"twitter:card\" content=\"summary_large_image\" \/>\n<meta name=\"twitter:title\" content=\"TH-muovi voi 220L 200 lit - Chemistry For Industry - Solvents &amp; Chemicals - Masterchem.ee\" \/>\n<meta name=\"twitter:description\" content=\"TH-MUOVI VOI 220L 200 LIT\" \/>\n<meta name=\"twitter:image\" content=\"https:\/\/masterchem.ee\/wp-content\/uploads\/2020\/08\/TH-plastic-can-220L-200-lit.jpg\" \/>\n<script type=\"application\/ld+json\" class=\"yoast-schema-graph\">{\"@context\":\"https:\/\/schema.org\",\"@graph\":[{\"@type\":\"WebPage\",\"@id\":\"https:\/\/masterchem.ee\/fi\/tooted-ja-teenused\/th-muovi-voi-220l-200-lit\/\",\"url\":\"https:\/\/masterchem.ee\/fi\/tooted-ja-teenused\/th-muovi-voi-220l-200-lit\/\",\"name\":\"TH-muovi voi 220L 200 lit - Chemistry For Industry - Solvents &amp; Chemicals - Masterchem.ee\",\"isPartOf\":{\"@id\":\"https:\/\/masterchem.ee\/fi\/#website\"},\"primaryImageOfPage\":{\"@id\":\"https:\/\/masterchem.ee\/fi\/tooted-ja-teenused\/th-muovi-voi-220l-200-lit\/#primaryimage\"},\"image\":{\"@id\":\"https:\/\/masterchem.ee\/fi\/tooted-ja-teenused\/th-muovi-voi-220l-200-lit\/#primaryimage\"},\"thumbnailUrl\":\"https:\/\/masterchem.ee\/wp-content\/uploads\/2020\/08\/TH-plastic-can-220L-200-lit.jpg\",\"datePublished\":\"2020-08-18T05:18:58+00:00\",\"dateModified\":\"2020-08-18T05:23:54+00:00\",\"description\":\"TH-MUOVI VOI 220L 200 LIT\",\"breadcrumb\":{\"@id\":\"https:\/\/masterchem.ee\/fi\/tooted-ja-teenused\/th-muovi-voi-220l-200-lit\/#breadcrumb\"},\"inLanguage\":\"fi\",\"potentialAction\":[{\"@type\":\"ReadAction\",\"target\":[\"https:\/\/masterchem.ee\/fi\/tooted-ja-teenused\/th-muovi-voi-220l-200-lit\/\"]}]},{\"@type\":\"ImageObject\",\"inLanguage\":\"fi\",\"@id\":\"https:\/\/masterchem.ee\/fi\/tooted-ja-teenused\/th-muovi-voi-220l-200-lit\/#primaryimage\",\"url\":\"https:\/\/masterchem.ee\/wp-content\/uploads\/2020\/08\/TH-plastic-can-220L-200-lit.jpg\",\"contentUrl\":\"https:\/\/masterchem.ee\/wp-content\/uploads\/2020\/08\/TH-plastic-can-220L-200-lit.jpg\",\"width\":1000,\"height\":1000,\"caption\":\"TH-muovi voi 220L 200 lit\"},{\"@type\":\"BreadcrumbList\",\"@id\":\"https:\/\/masterchem.ee\/fi\/tooted-ja-teenused\/th-muovi-voi-220l-200-lit\/#breadcrumb\",\"itemListElement\":[{\"@type\":\"ListItem\",\"position\":1,\"name\":\"Home\",\"item\":\"https:\/\/masterchem.ee\/fi\/\"},{\"@type\":\"ListItem\",\"position\":2,\"name\":\"Tooted ja teenused\",\"item\":\"https:\/\/masterchem.ee\/tooted-ja-teenused\/\"},{\"@type\":\"ListItem\",\"position\":3,\"name\":\"TH-muovi voi 220L 200 lit\"}]},{\"@type\":\"WebSite\",\"@id\":\"https:\/\/masterchem.ee\/fi\/#website\",\"url\":\"https:\/\/masterchem.ee\/fi\/\",\"name\":\"Masterchem.ee\",\"description\":\"Chemistry For Industry - Solvents &amp; Chemicals\",\"publisher\":{\"@id\":\"https:\/\/masterchem.ee\/fi\/#organization\"},\"potentialAction\":[{\"@type\":\"SearchAction\",\"target\":{\"@type\":\"EntryPoint\",\"urlTemplate\":\"https:\/\/masterchem.ee\/fi\/?s={search_term_string}\"},\"query-input\":{\"@type\":\"PropertyValueSpecification\",\"valueRequired\":true,\"valueName\":\"search_term_string\"}}],\"inLanguage\":\"fi\"},{\"@type\":\"Organization\",\"@id\":\"https:\/\/masterchem.ee\/fi\/#organization\",\"name\":\"Masterchem\",\"url\":\"https:\/\/masterchem.ee\/fi\/\",\"logo\":{\"@type\":\"ImageObject\",\"inLanguage\":\"fi\",\"@id\":\"https:\/\/masterchem.ee\/fi\/#\/schema\/logo\/image\/\",\"url\":\"https:\/\/masterchem.ee\/wp-content\/uploads\/2018\/02\/master-chem_final-1.png\",\"contentUrl\":\"https:\/\/masterchem.ee\/wp-content\/uploads\/2018\/02\/master-chem_final-1.png\",\"width\":850,\"height\":356,\"caption\":\"Masterchem\"},\"image\":{\"@id\":\"https:\/\/masterchem.ee\/fi\/#\/schema\/logo\/image\/\"}}]}<\/script>\n<!-- \/ Yoast SEO plugin. -->","yoast_head_json":{"title":"TH-muovi voi 220L 200 lit - Chemistry For Industry - Solvents &amp; Chemicals - Masterchem.ee","description":"TH-MUOVI VOI 220L 200 LIT","robots":{"index":"index","follow":"follow","max-snippet":"max-snippet:-1","max-image-preview":"max-image-preview:large","max-video-preview":"max-video-preview:-1"},"canonical":"https:\/\/masterchem.ee\/fi\/tooted-ja-teenused\/th-muovi-voi-220l-200-lit\/","twitter_card":"summary_large_image","twitter_title":"TH-muovi voi 220L 200 lit - Chemistry For Industry - Solvents &amp; Chemicals - Masterchem.ee","twitter_description":"TH-MUOVI VOI 220L 200 LIT","twitter_image":"https:\/\/masterchem.ee\/wp-content\/uploads\/2020\/08\/TH-plastic-can-220L-200-lit.jpg","schema":{"@context":"https:\/\/schema.org","@graph":[{"@type":"WebPage","@id":"https:\/\/masterchem.ee\/fi\/tooted-ja-teenused\/th-muovi-voi-220l-200-lit\/","url":"https:\/\/masterchem.ee\/fi\/tooted-ja-teenused\/th-muovi-voi-220l-200-lit\/","name":"TH-muovi voi 220L 200 lit - Chemistry For Industry - Solvents &amp; Chemicals - Masterchem.ee","isPartOf":{"@id":"https:\/\/masterchem.ee\/fi\/#website"},"primaryImageOfPage":{"@id":"https:\/\/masterchem.ee\/fi\/tooted-ja-teenused\/th-muovi-voi-220l-200-lit\/#primaryimage"},"image":{"@id":"https:\/\/masterchem.ee\/fi\/tooted-ja-teenused\/th-muovi-voi-220l-200-lit\/#primaryimage"},"thumbnailUrl":"https:\/\/masterchem.ee\/wp-content\/uploads\/2020\/08\/TH-plastic-can-220L-200-lit.jpg","datePublished":"2020-08-18T05:18:58+00:00","dateModified":"2020-08-18T05:23:54+00:00","description":"TH-MUOVI VOI 220L 200 LIT","breadcrumb":{"@id":"https:\/\/masterchem.ee\/fi\/tooted-ja-teenused\/th-muovi-voi-220l-200-lit\/#breadcrumb"},"inLanguage":"fi","potentialAction":[{"@type":"ReadAction","target":["https:\/\/masterchem.ee\/fi\/tooted-ja-teenused\/th-muovi-voi-220l-200-lit\/"]}]},{"@type":"ImageObject","inLanguage":"fi","@id":"https:\/\/masterchem.ee\/fi\/tooted-ja-teenused\/th-muovi-voi-220l-200-lit\/#primaryimage","url":"https:\/\/masterchem.ee\/wp-content\/uploads\/2020\/08\/TH-plastic-can-220L-200-lit.jpg","contentUrl":"https:\/\/masterchem.ee\/wp-content\/uploads\/2020\/08\/TH-plastic-can-220L-200-lit.jpg","width":1000,"height":1000,"caption":"TH-muovi voi 220L 200 lit"},{"@type":"BreadcrumbList","@id":"https:\/\/masterchem.ee\/fi\/tooted-ja-teenused\/th-muovi-voi-220l-200-lit\/#breadcrumb","itemListElement":[{"@type":"ListItem","position":1,"name":"Home","item":"https:\/\/masterchem.ee\/fi\/"},{"@type":"ListItem","position":2,"name":"Tooted ja teenused","item":"https:\/\/masterchem.ee\/tooted-ja-teenused\/"},{"@type":"ListItem","position":3,"name":"TH-muovi voi 220L 200 lit"}]},{"@type":"WebSite","@id":"https:\/\/masterchem.ee\/fi\/#website","url":"https:\/\/masterchem.ee\/fi\/","name":"Masterchem.ee","description":"Chemistry For Industry - Solvents &amp; Chemicals","publisher":{"@id":"https:\/\/masterchem.ee\/fi\/#organization"},"potentialAction":[{"@type":"SearchAction","target":{"@type":"EntryPoint","urlTemplate":"https:\/\/masterchem.ee\/fi\/?s={search_term_string}"},"query-input":{"@type":"PropertyValueSpecification","valueRequired":true,"valueName":"search_term_string"}}],"inLanguage":"fi"},{"@type":"Organization","@id":"https:\/\/masterchem.ee\/fi\/#organization","name":"Masterchem","url":"https:\/\/masterchem.ee\/fi\/","logo":{"@type":"ImageObject","inLanguage":"fi","@id":"https:\/\/masterchem.ee\/fi\/#\/schema\/logo\/image\/","url":"https:\/\/masterchem.ee\/wp-content\/uploads\/2018\/02\/master-chem_final-1.png","contentUrl":"https:\/\/masterchem.ee\/wp-content\/uploads\/2018\/02\/master-chem_final-1.png","width":850,"height":356,"caption":"Masterchem"},"image":{"@id":"https:\/\/masterchem.ee\/fi\/#\/schema\/logo\/image\/"}}]}},"_links":{"self":[{"href":"https:\/\/masterchem.ee\/fi\/wp-json\/wp\/v2\/product\/7892","targetHints":{"allow":["GET"]}}],"collection":[{"href":"https:\/\/masterchem.ee\/fi\/wp-json\/wp\/v2\/product"}],"about":[{"href":"https:\/\/masterchem.ee\/fi\/wp-json\/wp\/v2\/types\/product"}],"wp:featuredmedia":[{"embeddable":true,"href":"https:\/\/masterchem.ee\/fi\/wp-json\/wp\/v2\/media\/7896"}],"wp:attachment":[{"href":"https:\/\/masterchem.ee\/fi\/wp-json\/wp\/v2\/media?parent=7892"}],"wp:term":[{"taxonomy":"product_brand","embeddable":true,"href":"https:\/\/masterchem.ee\/fi\/wp-json\/wp\/v2\/product_brand?post=7892"},{"taxonomy":"product_cat","embeddable":true,"href":"https:\/\/masterchem.ee\/fi\/wp-json\/wp\/v2\/product_cat?post=7892"},{"taxonomy":"product_tag","embeddable":true,"href":"https:\/\/masterchem.ee\/fi\/wp-json\/wp\/v2\/product_tag?post=7892"}],"curies":[{"name":"wp","href":"https:\/\/api.w.org\/{rel}","templated":true}]}}