{"id":789,"date":"2018-02-28T17:20:29","date_gmt":"2018-02-28T17:20:29","guid":{"rendered":"https:\/\/masterchem.ee\/product\/dietanoliamiini\/"},"modified":"2021-05-25T22:44:46","modified_gmt":"2021-05-25T22:44:46","slug":"dietanoliamiini","status":"publish","type":"product","link":"https:\/\/masterchem.ee\/fi\/tooted-ja-teenused\/dietanoliamiini\/","title":{"rendered":"Dietanoliamiini (CAS 111-42-2)"},"content":{"rendered":"<p>Dietanoliamiinia valmistetaan\u00a0<a title=\"Etyleenioksidi\" href=\"https:\/\/fi.wikipedia.org\/wiki\/Etyleenioksidi\">etyleenioksidin<\/a>\u00a0ja\u00a0<a title=\"Ammoniakki\" href=\"https:\/\/fi.wikipedia.org\/wiki\/Ammoniakki\">ammoniakin<\/a>\u00a0v\u00e4lisell\u00e4 reaktiolla. T\u00e4ss\u00e4 reaktiossa muodostuu dietanoliamiinin lis\u00e4ksi my\u00f6s\u00a0<a class=\"mw-redirect\" title=\"Etanoliamiini\" href=\"https:\/\/fi.wikipedia.org\/wiki\/Etanoliamiini\">etanoliamiinia<\/a>\u00a0ja\u00a0<a title=\"Trietanoliamiini\" href=\"https:\/\/fi.wikipedia.org\/wiki\/Trietanoliamiini\">trietanoliamiinia<\/a>. N\u00e4m\u00e4 voidaan erottaa toisistaan fraktioivalla\u00a0<a title=\"Tislaus\" href=\"https:\/\/fi.wikipedia.org\/wiki\/Tislaus\">tislauksella<\/a>. Muodostuvien etanoliamiinijohdannaisten suhteeseen voidaan vaikuttaa etyleenioksidin ja ammoniakin m\u00e4\u00e4rien suhteella ja kierr\u00e4tt\u00e4m\u00e4ll\u00e4 muodostunutta monoetanoliamiinia takaisin\u00a0<a title=\"Kemiallinen reaktori\" href=\"https:\/\/fi.wikipedia.org\/wiki\/Kemiallinen_reaktori\">reaktoriin<\/a>.<sup id=\"cite_ref-alen_2-4\" class=\"reference\"><a href=\"https:\/\/fi.wikipedia.org\/wiki\/Dietanoliamiini#cite_note-alen-2\">[2]<\/a><\/sup><sup id=\"cite_ref-kirk-othmer_3-1\" class=\"reference\"><a href=\"https:\/\/fi.wikipedia.org\/wiki\/Dietanoliamiini#cite_note-kirk-othmer-3\">[3]<\/a><\/sup><sup id=\"cite_ref-ullmann_4-1\" class=\"reference\"><a href=\"https:\/\/fi.wikipedia.org\/wiki\/Dietanoliamiini#cite_note-ullmann-4\">[4]<\/a><\/sup><\/p>\n<p>Dietanoliamiinia k\u00e4ytet\u00e4\u00e4n teollisuussovellutuksissa korroosionestoaineena. Sit\u00e4 k\u00e4ytet\u00e4\u00e4n my\u00f6s poistamaan hiilidioksidia ja\u00a0<a title=\"Rikkivety\" href=\"https:\/\/fi.wikipedia.org\/wiki\/Rikkivety\">rikkivety\u00e4<\/a>\u00a0<a title=\"Maakaasu\" href=\"https:\/\/fi.wikipedia.org\/wiki\/Maakaasu\">maakaasun<\/a>\u00a0joukosta. Dietanoliamiini on useiden muiden kemikaalien tuotannon l\u00e4ht\u00f6aine. Siit\u00e4 valmistetaan muun muassa\u00a0<a title=\"Morfoliini\" href=\"https:\/\/fi.wikipedia.org\/wiki\/Morfoliini\">morfoliinia<\/a>\u00a0kuumentamalla v\u00e4kev\u00e4n\u00a0<a title=\"Rikkihappo\" href=\"https:\/\/fi.wikipedia.org\/wiki\/Rikkihappo\">rikkihapon<\/a>\u00a0kanssa,\u00a0<a title=\"Glyfosaatti\" href=\"https:\/\/fi.wikipedia.org\/wiki\/Glyfosaatti\">glyfosaattia<\/a>,\u00a0<a class=\"mw-redirect\" title=\"Atsiridiini\" href=\"https:\/\/fi.wikipedia.org\/wiki\/Atsiridiini\">atsiridiinia<\/a>, pesuaineita, pinta-aktiivisia aineita ja l\u00e4\u00e4keaineita<\/p>\n","protected":false},"excerpt":{"rendered":"<p><b>Muut nimet:\u00a0Dietanoliamiini, 2,2&#8242;-iminodietanoli.<\/b><\/p>\n<p>Dietanoliamiini\u00a0eli\u00a02,2&#8242;-iminodietanoli\u00a0(C<sub>4<\/sub>H<sub>11<\/sub>NO<sub>2<\/sub>) on\u00a0<a title=\"Alkoholit\" href=\"https:\/\/fi.wikipedia.org\/wiki\/Alkoholit\">alkoholin<\/a>\u00a0ja\u00a0<a title=\"Amiinit\" href=\"https:\/\/fi.wikipedia.org\/wiki\/Amiinit\">amiinin<\/a>\u00a0<a title=\"Funktionaalinen ryhm\u00e4\" href=\"https:\/\/fi.wikipedia.org\/wiki\/Funktionaalinen_ryhm%C3%A4\">funktionaaliset ryhm\u00e4t<\/a>\u00a0sis\u00e4lt\u00e4v\u00e4\u00a0<a title=\"Orgaaninen yhdiste\" href=\"https:\/\/fi.wikipedia.org\/wiki\/Orgaaninen_yhdiste\">orgaaninen yhdiste<\/a>. Yhdistett\u00e4 k\u00e4ytet\u00e4\u00e4n muun muassa\u00a0<a title=\"Korroosio\" href=\"https:\/\/fi.wikipedia.org\/wiki\/Korroosio\">korroosionestoaineena<\/a>\u00a0ja syntetisoitaessa muita kemikaaleja.<\/p>\n<p>CAS 111-42-2<\/p>\n","protected":false},"featured_media":7194,"template":"","meta":[],"product_brand":[],"product_cat":[180,294,120,323,258,153],"product_tag":[],"class_list":{"0":"post-789","1":"product","2":"type-product","3":"status-publish","4":"has-post-thumbnail","6":"product_cat-uncategorized-fi-2","7":"product_cat-kosmetiikkateollisuus","8":"product_cat-laaketeollisuus","9":"product_cat-lannoitteet","10":"product_cat-muovi-fi","11":"product_cat-puunjalostuskemikaalit","12":"pif-has-gallery","14":"first","15":"instock","16":"taxable","17":"shipping-taxable","18":"purchasable","19":"product-type-variable","20":"has-default-attributes"},"yoast_head":"<!-- This site is optimized with the Yoast SEO plugin v26.2 - https:\/\/yoast.com\/wordpress\/plugins\/seo\/ -->\n<title>Dietanoliamiini (CAS 111-42-2) - Chemistry For Industry - Solvents &amp; Chemicals - Masterchem.ee<\/title>\n<meta name=\"description\" content=\"Dietanoliamiinia valmistetaan etyleenioksidin ja ammoniakin v\u00e4lisell\u00e4 reaktiolla. T\u00e4ss\u00e4 reaktiossa muodostuu dietanoliamiinin lis\u00e4ksi my\u00f6s etanoliamiinia ja trietanoliamiinia. N\u00e4m\u00e4 voidaan erottaa toisistaan fraktioivalla tislauksella. Muodostuvien etanoliamiinijohdannaisten suhteeseen voidaan vaikuttaa etyleenioksidin ja ammoniakin m\u00e4\u00e4rien suhteella ja kierr\u00e4tt\u00e4m\u00e4ll\u00e4 muodostunutta monoetanoliamiinia takaisin reaktoriin. CAS 111-42-2\" \/>\n<meta name=\"robots\" content=\"index, follow, max-snippet:-1, max-image-preview:large, max-video-preview:-1\" \/>\n<link rel=\"canonical\" href=\"https:\/\/masterchem.ee\/fi\/tooted-ja-teenused\/dietanoliamiini\/\" \/>\n<meta name=\"twitter:card\" content=\"summary_large_image\" \/>\n<meta name=\"twitter:title\" content=\"Dietanoliamiini (CAS 111-42-2) - Chemistry For Industry - Solvents &amp; Chemicals - Masterchem.ee\" \/>\n<meta name=\"twitter:description\" content=\"Dietanoliamiinia valmistetaan etyleenioksidin ja ammoniakin v\u00e4lisell\u00e4 reaktiolla. T\u00e4ss\u00e4 reaktiossa muodostuu dietanoliamiinin lis\u00e4ksi my\u00f6s etanoliamiinia ja trietanoliamiinia. N\u00e4m\u00e4 voidaan erottaa toisistaan fraktioivalla tislauksella. Muodostuvien etanoliamiinijohdannaisten suhteeseen voidaan vaikuttaa etyleenioksidin ja ammoniakin m\u00e4\u00e4rien suhteella ja kierr\u00e4tt\u00e4m\u00e4ll\u00e4 muodostunutta monoetanoliamiinia takaisin reaktoriin. CAS 111-42-2\" \/>\n<meta name=\"twitter:image\" content=\"https:\/\/masterchem.ee\/wp-content\/uploads\/2018\/02\/DIETHANOLAMINE-1000l-MasterChem.jpg\" \/>\n<script type=\"application\/ld+json\" class=\"yoast-schema-graph\">{\"@context\":\"https:\/\/schema.org\",\"@graph\":[{\"@type\":\"WebPage\",\"@id\":\"https:\/\/masterchem.ee\/fi\/tooted-ja-teenused\/dietanoliamiini\/\",\"url\":\"https:\/\/masterchem.ee\/fi\/tooted-ja-teenused\/dietanoliamiini\/\",\"name\":\"Dietanoliamiini (CAS 111-42-2) - Chemistry For Industry - Solvents &amp; Chemicals - Masterchem.ee\",\"isPartOf\":{\"@id\":\"https:\/\/masterchem.ee\/fi\/#website\"},\"primaryImageOfPage\":{\"@id\":\"https:\/\/masterchem.ee\/fi\/tooted-ja-teenused\/dietanoliamiini\/#primaryimage\"},\"image\":{\"@id\":\"https:\/\/masterchem.ee\/fi\/tooted-ja-teenused\/dietanoliamiini\/#primaryimage\"},\"thumbnailUrl\":\"https:\/\/masterchem.ee\/wp-content\/uploads\/2018\/02\/DIETHANOLAMINE-1000l-MasterChem.jpg\",\"datePublished\":\"2018-02-28T17:20:29+00:00\",\"dateModified\":\"2021-05-25T22:44:46+00:00\",\"description\":\"Dietanoliamiinia valmistetaan etyleenioksidin ja ammoniakin v\u00e4lisell\u00e4 reaktiolla. T\u00e4ss\u00e4 reaktiossa muodostuu dietanoliamiinin lis\u00e4ksi my\u00f6s etanoliamiinia ja trietanoliamiinia. N\u00e4m\u00e4 voidaan erottaa toisistaan fraktioivalla tislauksella. Muodostuvien etanoliamiinijohdannaisten suhteeseen voidaan vaikuttaa etyleenioksidin ja ammoniakin m\u00e4\u00e4rien suhteella ja kierr\u00e4tt\u00e4m\u00e4ll\u00e4 muodostunutta monoetanoliamiinia takaisin reaktoriin. CAS 111-42-2\",\"breadcrumb\":{\"@id\":\"https:\/\/masterchem.ee\/fi\/tooted-ja-teenused\/dietanoliamiini\/#breadcrumb\"},\"inLanguage\":\"fi\",\"potentialAction\":[{\"@type\":\"ReadAction\",\"target\":[\"https:\/\/masterchem.ee\/fi\/tooted-ja-teenused\/dietanoliamiini\/\"]}]},{\"@type\":\"ImageObject\",\"inLanguage\":\"fi\",\"@id\":\"https:\/\/masterchem.ee\/fi\/tooted-ja-teenused\/dietanoliamiini\/#primaryimage\",\"url\":\"https:\/\/masterchem.ee\/wp-content\/uploads\/2018\/02\/DIETHANOLAMINE-1000l-MasterChem.jpg\",\"contentUrl\":\"https:\/\/masterchem.ee\/wp-content\/uploads\/2018\/02\/DIETHANOLAMINE-1000l-MasterChem.jpg\",\"width\":1000,\"height\":1000,\"caption\":\"DIETHANOLAMINE 1000l MasterChem\"},{\"@type\":\"BreadcrumbList\",\"@id\":\"https:\/\/masterchem.ee\/fi\/tooted-ja-teenused\/dietanoliamiini\/#breadcrumb\",\"itemListElement\":[{\"@type\":\"ListItem\",\"position\":1,\"name\":\"Home\",\"item\":\"https:\/\/masterchem.ee\/fi\/\"},{\"@type\":\"ListItem\",\"position\":2,\"name\":\"Tooted ja teenused\",\"item\":\"https:\/\/masterchem.ee\/tooted-ja-teenused\/\"},{\"@type\":\"ListItem\",\"position\":3,\"name\":\"Dietanoliamiini (CAS 111-42-2)\"}]},{\"@type\":\"WebSite\",\"@id\":\"https:\/\/masterchem.ee\/fi\/#website\",\"url\":\"https:\/\/masterchem.ee\/fi\/\",\"name\":\"Masterchem.ee\",\"description\":\"Chemistry For Industry - Solvents &amp; Chemicals\",\"publisher\":{\"@id\":\"https:\/\/masterchem.ee\/fi\/#organization\"},\"potentialAction\":[{\"@type\":\"SearchAction\",\"target\":{\"@type\":\"EntryPoint\",\"urlTemplate\":\"https:\/\/masterchem.ee\/fi\/?s={search_term_string}\"},\"query-input\":{\"@type\":\"PropertyValueSpecification\",\"valueRequired\":true,\"valueName\":\"search_term_string\"}}],\"inLanguage\":\"fi\"},{\"@type\":\"Organization\",\"@id\":\"https:\/\/masterchem.ee\/fi\/#organization\",\"name\":\"Masterchem\",\"url\":\"https:\/\/masterchem.ee\/fi\/\",\"logo\":{\"@type\":\"ImageObject\",\"inLanguage\":\"fi\",\"@id\":\"https:\/\/masterchem.ee\/fi\/#\/schema\/logo\/image\/\",\"url\":\"https:\/\/masterchem.ee\/wp-content\/uploads\/2018\/02\/master-chem_final-1.png\",\"contentUrl\":\"https:\/\/masterchem.ee\/wp-content\/uploads\/2018\/02\/master-chem_final-1.png\",\"width\":850,\"height\":356,\"caption\":\"Masterchem\"},\"image\":{\"@id\":\"https:\/\/masterchem.ee\/fi\/#\/schema\/logo\/image\/\"}}]}<\/script>\n<!-- \/ Yoast SEO plugin. -->","yoast_head_json":{"title":"Dietanoliamiini (CAS 111-42-2) - Chemistry For Industry - Solvents &amp; Chemicals - Masterchem.ee","description":"Dietanoliamiinia valmistetaan etyleenioksidin ja ammoniakin v\u00e4lisell\u00e4 reaktiolla. T\u00e4ss\u00e4 reaktiossa muodostuu dietanoliamiinin lis\u00e4ksi my\u00f6s etanoliamiinia ja trietanoliamiinia. N\u00e4m\u00e4 voidaan erottaa toisistaan fraktioivalla tislauksella. Muodostuvien etanoliamiinijohdannaisten suhteeseen voidaan vaikuttaa etyleenioksidin ja ammoniakin m\u00e4\u00e4rien suhteella ja kierr\u00e4tt\u00e4m\u00e4ll\u00e4 muodostunutta monoetanoliamiinia takaisin reaktoriin. CAS 111-42-2","robots":{"index":"index","follow":"follow","max-snippet":"max-snippet:-1","max-image-preview":"max-image-preview:large","max-video-preview":"max-video-preview:-1"},"canonical":"https:\/\/masterchem.ee\/fi\/tooted-ja-teenused\/dietanoliamiini\/","twitter_card":"summary_large_image","twitter_title":"Dietanoliamiini (CAS 111-42-2) - Chemistry For Industry - Solvents &amp; Chemicals - Masterchem.ee","twitter_description":"Dietanoliamiinia valmistetaan etyleenioksidin ja ammoniakin v\u00e4lisell\u00e4 reaktiolla. T\u00e4ss\u00e4 reaktiossa muodostuu dietanoliamiinin lis\u00e4ksi my\u00f6s etanoliamiinia ja trietanoliamiinia. N\u00e4m\u00e4 voidaan erottaa toisistaan fraktioivalla tislauksella. Muodostuvien etanoliamiinijohdannaisten suhteeseen voidaan vaikuttaa etyleenioksidin ja ammoniakin m\u00e4\u00e4rien suhteella ja kierr\u00e4tt\u00e4m\u00e4ll\u00e4 muodostunutta monoetanoliamiinia takaisin reaktoriin. CAS 111-42-2","twitter_image":"https:\/\/masterchem.ee\/wp-content\/uploads\/2018\/02\/DIETHANOLAMINE-1000l-MasterChem.jpg","schema":{"@context":"https:\/\/schema.org","@graph":[{"@type":"WebPage","@id":"https:\/\/masterchem.ee\/fi\/tooted-ja-teenused\/dietanoliamiini\/","url":"https:\/\/masterchem.ee\/fi\/tooted-ja-teenused\/dietanoliamiini\/","name":"Dietanoliamiini (CAS 111-42-2) - Chemistry For Industry - Solvents &amp; Chemicals - Masterchem.ee","isPartOf":{"@id":"https:\/\/masterchem.ee\/fi\/#website"},"primaryImageOfPage":{"@id":"https:\/\/masterchem.ee\/fi\/tooted-ja-teenused\/dietanoliamiini\/#primaryimage"},"image":{"@id":"https:\/\/masterchem.ee\/fi\/tooted-ja-teenused\/dietanoliamiini\/#primaryimage"},"thumbnailUrl":"https:\/\/masterchem.ee\/wp-content\/uploads\/2018\/02\/DIETHANOLAMINE-1000l-MasterChem.jpg","datePublished":"2018-02-28T17:20:29+00:00","dateModified":"2021-05-25T22:44:46+00:00","description":"Dietanoliamiinia valmistetaan etyleenioksidin ja ammoniakin v\u00e4lisell\u00e4 reaktiolla. T\u00e4ss\u00e4 reaktiossa muodostuu dietanoliamiinin lis\u00e4ksi my\u00f6s etanoliamiinia ja trietanoliamiinia. N\u00e4m\u00e4 voidaan erottaa toisistaan fraktioivalla tislauksella. Muodostuvien etanoliamiinijohdannaisten suhteeseen voidaan vaikuttaa etyleenioksidin ja ammoniakin m\u00e4\u00e4rien suhteella ja kierr\u00e4tt\u00e4m\u00e4ll\u00e4 muodostunutta monoetanoliamiinia takaisin reaktoriin. CAS 111-42-2","breadcrumb":{"@id":"https:\/\/masterchem.ee\/fi\/tooted-ja-teenused\/dietanoliamiini\/#breadcrumb"},"inLanguage":"fi","potentialAction":[{"@type":"ReadAction","target":["https:\/\/masterchem.ee\/fi\/tooted-ja-teenused\/dietanoliamiini\/"]}]},{"@type":"ImageObject","inLanguage":"fi","@id":"https:\/\/masterchem.ee\/fi\/tooted-ja-teenused\/dietanoliamiini\/#primaryimage","url":"https:\/\/masterchem.ee\/wp-content\/uploads\/2018\/02\/DIETHANOLAMINE-1000l-MasterChem.jpg","contentUrl":"https:\/\/masterchem.ee\/wp-content\/uploads\/2018\/02\/DIETHANOLAMINE-1000l-MasterChem.jpg","width":1000,"height":1000,"caption":"DIETHANOLAMINE 1000l MasterChem"},{"@type":"BreadcrumbList","@id":"https:\/\/masterchem.ee\/fi\/tooted-ja-teenused\/dietanoliamiini\/#breadcrumb","itemListElement":[{"@type":"ListItem","position":1,"name":"Home","item":"https:\/\/masterchem.ee\/fi\/"},{"@type":"ListItem","position":2,"name":"Tooted ja teenused","item":"https:\/\/masterchem.ee\/tooted-ja-teenused\/"},{"@type":"ListItem","position":3,"name":"Dietanoliamiini (CAS 111-42-2)"}]},{"@type":"WebSite","@id":"https:\/\/masterchem.ee\/fi\/#website","url":"https:\/\/masterchem.ee\/fi\/","name":"Masterchem.ee","description":"Chemistry For Industry - Solvents &amp; Chemicals","publisher":{"@id":"https:\/\/masterchem.ee\/fi\/#organization"},"potentialAction":[{"@type":"SearchAction","target":{"@type":"EntryPoint","urlTemplate":"https:\/\/masterchem.ee\/fi\/?s={search_term_string}"},"query-input":{"@type":"PropertyValueSpecification","valueRequired":true,"valueName":"search_term_string"}}],"inLanguage":"fi"},{"@type":"Organization","@id":"https:\/\/masterchem.ee\/fi\/#organization","name":"Masterchem","url":"https:\/\/masterchem.ee\/fi\/","logo":{"@type":"ImageObject","inLanguage":"fi","@id":"https:\/\/masterchem.ee\/fi\/#\/schema\/logo\/image\/","url":"https:\/\/masterchem.ee\/wp-content\/uploads\/2018\/02\/master-chem_final-1.png","contentUrl":"https:\/\/masterchem.ee\/wp-content\/uploads\/2018\/02\/master-chem_final-1.png","width":850,"height":356,"caption":"Masterchem"},"image":{"@id":"https:\/\/masterchem.ee\/fi\/#\/schema\/logo\/image\/"}}]}},"_links":{"self":[{"href":"https:\/\/masterchem.ee\/fi\/wp-json\/wp\/v2\/product\/789","targetHints":{"allow":["GET"]}}],"collection":[{"href":"https:\/\/masterchem.ee\/fi\/wp-json\/wp\/v2\/product"}],"about":[{"href":"https:\/\/masterchem.ee\/fi\/wp-json\/wp\/v2\/types\/product"}],"wp:featuredmedia":[{"embeddable":true,"href":"https:\/\/masterchem.ee\/fi\/wp-json\/wp\/v2\/media\/7194"}],"wp:attachment":[{"href":"https:\/\/masterchem.ee\/fi\/wp-json\/wp\/v2\/media?parent=789"}],"wp:term":[{"taxonomy":"product_brand","embeddable":true,"href":"https:\/\/masterchem.ee\/fi\/wp-json\/wp\/v2\/product_brand?post=789"},{"taxonomy":"product_cat","embeddable":true,"href":"https:\/\/masterchem.ee\/fi\/wp-json\/wp\/v2\/product_cat?post=789"},{"taxonomy":"product_tag","embeddable":true,"href":"https:\/\/masterchem.ee\/fi\/wp-json\/wp\/v2\/product_tag?post=789"}],"curies":[{"name":"wp","href":"https:\/\/api.w.org\/{rel}","templated":true}]}}