{"id":7884,"date":"2020-08-18T05:05:35","date_gmt":"2020-08-18T05:05:35","guid":{"rendered":"https:\/\/masterchem.ee\/?post_type=product&#038;p=7884"},"modified":"2020-08-18T05:09:44","modified_gmt":"2020-08-18T05:09:44","slug":"oh-o-top-muovi-voi-220l-200-lit","status":"publish","type":"product","link":"https:\/\/masterchem.ee\/fi\/tooted-ja-teenused\/oh-o-top-muovi-voi-220l-200-lit\/","title":{"rendered":"OH O Top muovi voi 220L 200 lit"},"content":{"rendered":"<p>OH O Ylempi muovikannu 220L 200 litraa. Se on valettu yhdell\u00e4 operaatiolla suurimolekyylipainoisesta tihe\u00e4st\u00e4 polyeteenist\u00e4. Jopa \u00e4\u00e4rimm\u00e4isiss\u00e4 s\u00e4\u00e4olosuhteissa ei ole vaaraa tuotteiden saastumiselle.<\/p>\n","protected":false},"excerpt":{"rendered":"<p>OH O Ylempi muovikannu 220L 200 litraa. Se on valettu yhdell\u00e4 operaatiolla suurimolekyylipainoisesta tihe\u00e4st\u00e4 polyeteenist\u00e4. Jopa \u00e4\u00e4rimm\u00e4isiss\u00e4 s\u00e4\u00e4olosuhteissa ei ole vaaraa tuotteiden saastumiselle.<\/p>\n","protected":false},"featured_media":7888,"template":"","meta":[],"product_brand":[],"product_cat":[180,119],"product_tag":[],"class_list":{"0":"post-7884","1":"product","2":"type-product","3":"status-publish","4":"has-post-thumbnail","6":"product_cat-uncategorized-fi-2","7":"product_cat-pakkaus","8":"product_shipping_class-spesiaali","10":"first","11":"instock","12":"taxable","13":"shipping-taxable","14":"purchasable","15":"product-type-simple"},"yoast_head":"<!-- This site is optimized with the Yoast SEO plugin v26.2 - https:\/\/yoast.com\/wordpress\/plugins\/seo\/ -->\n<title>OH O Top muovi voi 220L 200 lit - Chemistry For Industry - Solvents &amp; Chemicals - Masterchem.ee<\/title>\n<meta name=\"description\" content=\"OH O Top muovi voi 220L 200 lit\" \/>\n<meta name=\"robots\" content=\"index, follow, max-snippet:-1, max-image-preview:large, max-video-preview:-1\" \/>\n<link rel=\"canonical\" href=\"https:\/\/masterchem.ee\/fi\/tooted-ja-teenused\/oh-o-top-muovi-voi-220l-200-lit\/\" \/>\n<meta name=\"twitter:card\" content=\"summary_large_image\" \/>\n<meta name=\"twitter:title\" content=\"OH O Top muovi voi 220L 200 lit - Chemistry For Industry - Solvents &amp; Chemicals - Masterchem.ee\" \/>\n<meta name=\"twitter:description\" content=\"OH O Top muovi voi 220L 200 lit\" \/>\n<meta name=\"twitter:image\" content=\"https:\/\/masterchem.ee\/wp-content\/uploads\/2020\/08\/OH-O-Top-plastic-can-220L-200-lit.jpg\" \/>\n<script type=\"application\/ld+json\" class=\"yoast-schema-graph\">{\"@context\":\"https:\/\/schema.org\",\"@graph\":[{\"@type\":\"WebPage\",\"@id\":\"https:\/\/masterchem.ee\/fi\/tooted-ja-teenused\/oh-o-top-muovi-voi-220l-200-lit\/\",\"url\":\"https:\/\/masterchem.ee\/fi\/tooted-ja-teenused\/oh-o-top-muovi-voi-220l-200-lit\/\",\"name\":\"OH O Top muovi voi 220L 200 lit - Chemistry For Industry - Solvents &amp; Chemicals - Masterchem.ee\",\"isPartOf\":{\"@id\":\"https:\/\/masterchem.ee\/fi\/#website\"},\"primaryImageOfPage\":{\"@id\":\"https:\/\/masterchem.ee\/fi\/tooted-ja-teenused\/oh-o-top-muovi-voi-220l-200-lit\/#primaryimage\"},\"image\":{\"@id\":\"https:\/\/masterchem.ee\/fi\/tooted-ja-teenused\/oh-o-top-muovi-voi-220l-200-lit\/#primaryimage\"},\"thumbnailUrl\":\"https:\/\/masterchem.ee\/wp-content\/uploads\/2020\/08\/OH-O-Top-plastic-can-220L-200-lit.jpg\",\"datePublished\":\"2020-08-18T05:05:35+00:00\",\"dateModified\":\"2020-08-18T05:09:44+00:00\",\"description\":\"OH O Top muovi voi 220L 200 lit\",\"breadcrumb\":{\"@id\":\"https:\/\/masterchem.ee\/fi\/tooted-ja-teenused\/oh-o-top-muovi-voi-220l-200-lit\/#breadcrumb\"},\"inLanguage\":\"fi\",\"potentialAction\":[{\"@type\":\"ReadAction\",\"target\":[\"https:\/\/masterchem.ee\/fi\/tooted-ja-teenused\/oh-o-top-muovi-voi-220l-200-lit\/\"]}]},{\"@type\":\"ImageObject\",\"inLanguage\":\"fi\",\"@id\":\"https:\/\/masterchem.ee\/fi\/tooted-ja-teenused\/oh-o-top-muovi-voi-220l-200-lit\/#primaryimage\",\"url\":\"https:\/\/masterchem.ee\/wp-content\/uploads\/2020\/08\/OH-O-Top-plastic-can-220L-200-lit.jpg\",\"contentUrl\":\"https:\/\/masterchem.ee\/wp-content\/uploads\/2020\/08\/OH-O-Top-plastic-can-220L-200-lit.jpg\",\"width\":1000,\"height\":1000,\"caption\":\"OH O Top muovi voi 220L 200 lit\"},{\"@type\":\"BreadcrumbList\",\"@id\":\"https:\/\/masterchem.ee\/fi\/tooted-ja-teenused\/oh-o-top-muovi-voi-220l-200-lit\/#breadcrumb\",\"itemListElement\":[{\"@type\":\"ListItem\",\"position\":1,\"name\":\"Home\",\"item\":\"https:\/\/masterchem.ee\/fi\/\"},{\"@type\":\"ListItem\",\"position\":2,\"name\":\"Tooted ja teenused\",\"item\":\"https:\/\/masterchem.ee\/tooted-ja-teenused\/\"},{\"@type\":\"ListItem\",\"position\":3,\"name\":\"OH O Top muovi voi 220L 200 lit\"}]},{\"@type\":\"WebSite\",\"@id\":\"https:\/\/masterchem.ee\/fi\/#website\",\"url\":\"https:\/\/masterchem.ee\/fi\/\",\"name\":\"Masterchem.ee\",\"description\":\"Chemistry For Industry - Solvents &amp; Chemicals\",\"publisher\":{\"@id\":\"https:\/\/masterchem.ee\/fi\/#organization\"},\"potentialAction\":[{\"@type\":\"SearchAction\",\"target\":{\"@type\":\"EntryPoint\",\"urlTemplate\":\"https:\/\/masterchem.ee\/fi\/?s={search_term_string}\"},\"query-input\":{\"@type\":\"PropertyValueSpecification\",\"valueRequired\":true,\"valueName\":\"search_term_string\"}}],\"inLanguage\":\"fi\"},{\"@type\":\"Organization\",\"@id\":\"https:\/\/masterchem.ee\/fi\/#organization\",\"name\":\"Masterchem\",\"url\":\"https:\/\/masterchem.ee\/fi\/\",\"logo\":{\"@type\":\"ImageObject\",\"inLanguage\":\"fi\",\"@id\":\"https:\/\/masterchem.ee\/fi\/#\/schema\/logo\/image\/\",\"url\":\"https:\/\/masterchem.ee\/wp-content\/uploads\/2018\/02\/master-chem_final-1.png\",\"contentUrl\":\"https:\/\/masterchem.ee\/wp-content\/uploads\/2018\/02\/master-chem_final-1.png\",\"width\":850,\"height\":356,\"caption\":\"Masterchem\"},\"image\":{\"@id\":\"https:\/\/masterchem.ee\/fi\/#\/schema\/logo\/image\/\"}}]}<\/script>\n<!-- \/ Yoast SEO plugin. -->","yoast_head_json":{"title":"OH O Top muovi voi 220L 200 lit - Chemistry For Industry - Solvents &amp; Chemicals - Masterchem.ee","description":"OH O Top muovi voi 220L 200 lit","robots":{"index":"index","follow":"follow","max-snippet":"max-snippet:-1","max-image-preview":"max-image-preview:large","max-video-preview":"max-video-preview:-1"},"canonical":"https:\/\/masterchem.ee\/fi\/tooted-ja-teenused\/oh-o-top-muovi-voi-220l-200-lit\/","twitter_card":"summary_large_image","twitter_title":"OH O Top muovi voi 220L 200 lit - Chemistry For Industry - Solvents &amp; Chemicals - Masterchem.ee","twitter_description":"OH O Top muovi voi 220L 200 lit","twitter_image":"https:\/\/masterchem.ee\/wp-content\/uploads\/2020\/08\/OH-O-Top-plastic-can-220L-200-lit.jpg","schema":{"@context":"https:\/\/schema.org","@graph":[{"@type":"WebPage","@id":"https:\/\/masterchem.ee\/fi\/tooted-ja-teenused\/oh-o-top-muovi-voi-220l-200-lit\/","url":"https:\/\/masterchem.ee\/fi\/tooted-ja-teenused\/oh-o-top-muovi-voi-220l-200-lit\/","name":"OH O Top muovi voi 220L 200 lit - Chemistry For Industry - Solvents &amp; Chemicals - Masterchem.ee","isPartOf":{"@id":"https:\/\/masterchem.ee\/fi\/#website"},"primaryImageOfPage":{"@id":"https:\/\/masterchem.ee\/fi\/tooted-ja-teenused\/oh-o-top-muovi-voi-220l-200-lit\/#primaryimage"},"image":{"@id":"https:\/\/masterchem.ee\/fi\/tooted-ja-teenused\/oh-o-top-muovi-voi-220l-200-lit\/#primaryimage"},"thumbnailUrl":"https:\/\/masterchem.ee\/wp-content\/uploads\/2020\/08\/OH-O-Top-plastic-can-220L-200-lit.jpg","datePublished":"2020-08-18T05:05:35+00:00","dateModified":"2020-08-18T05:09:44+00:00","description":"OH O Top muovi voi 220L 200 lit","breadcrumb":{"@id":"https:\/\/masterchem.ee\/fi\/tooted-ja-teenused\/oh-o-top-muovi-voi-220l-200-lit\/#breadcrumb"},"inLanguage":"fi","potentialAction":[{"@type":"ReadAction","target":["https:\/\/masterchem.ee\/fi\/tooted-ja-teenused\/oh-o-top-muovi-voi-220l-200-lit\/"]}]},{"@type":"ImageObject","inLanguage":"fi","@id":"https:\/\/masterchem.ee\/fi\/tooted-ja-teenused\/oh-o-top-muovi-voi-220l-200-lit\/#primaryimage","url":"https:\/\/masterchem.ee\/wp-content\/uploads\/2020\/08\/OH-O-Top-plastic-can-220L-200-lit.jpg","contentUrl":"https:\/\/masterchem.ee\/wp-content\/uploads\/2020\/08\/OH-O-Top-plastic-can-220L-200-lit.jpg","width":1000,"height":1000,"caption":"OH O Top muovi voi 220L 200 lit"},{"@type":"BreadcrumbList","@id":"https:\/\/masterchem.ee\/fi\/tooted-ja-teenused\/oh-o-top-muovi-voi-220l-200-lit\/#breadcrumb","itemListElement":[{"@type":"ListItem","position":1,"name":"Home","item":"https:\/\/masterchem.ee\/fi\/"},{"@type":"ListItem","position":2,"name":"Tooted ja teenused","item":"https:\/\/masterchem.ee\/tooted-ja-teenused\/"},{"@type":"ListItem","position":3,"name":"OH O Top muovi voi 220L 200 lit"}]},{"@type":"WebSite","@id":"https:\/\/masterchem.ee\/fi\/#website","url":"https:\/\/masterchem.ee\/fi\/","name":"Masterchem.ee","description":"Chemistry For Industry - Solvents &amp; Chemicals","publisher":{"@id":"https:\/\/masterchem.ee\/fi\/#organization"},"potentialAction":[{"@type":"SearchAction","target":{"@type":"EntryPoint","urlTemplate":"https:\/\/masterchem.ee\/fi\/?s={search_term_string}"},"query-input":{"@type":"PropertyValueSpecification","valueRequired":true,"valueName":"search_term_string"}}],"inLanguage":"fi"},{"@type":"Organization","@id":"https:\/\/masterchem.ee\/fi\/#organization","name":"Masterchem","url":"https:\/\/masterchem.ee\/fi\/","logo":{"@type":"ImageObject","inLanguage":"fi","@id":"https:\/\/masterchem.ee\/fi\/#\/schema\/logo\/image\/","url":"https:\/\/masterchem.ee\/wp-content\/uploads\/2018\/02\/master-chem_final-1.png","contentUrl":"https:\/\/masterchem.ee\/wp-content\/uploads\/2018\/02\/master-chem_final-1.png","width":850,"height":356,"caption":"Masterchem"},"image":{"@id":"https:\/\/masterchem.ee\/fi\/#\/schema\/logo\/image\/"}}]}},"_links":{"self":[{"href":"https:\/\/masterchem.ee\/fi\/wp-json\/wp\/v2\/product\/7884","targetHints":{"allow":["GET"]}}],"collection":[{"href":"https:\/\/masterchem.ee\/fi\/wp-json\/wp\/v2\/product"}],"about":[{"href":"https:\/\/masterchem.ee\/fi\/wp-json\/wp\/v2\/types\/product"}],"wp:featuredmedia":[{"embeddable":true,"href":"https:\/\/masterchem.ee\/fi\/wp-json\/wp\/v2\/media\/7888"}],"wp:attachment":[{"href":"https:\/\/masterchem.ee\/fi\/wp-json\/wp\/v2\/media?parent=7884"}],"wp:term":[{"taxonomy":"product_brand","embeddable":true,"href":"https:\/\/masterchem.ee\/fi\/wp-json\/wp\/v2\/product_brand?post=7884"},{"taxonomy":"product_cat","embeddable":true,"href":"https:\/\/masterchem.ee\/fi\/wp-json\/wp\/v2\/product_cat?post=7884"},{"taxonomy":"product_tag","embeddable":true,"href":"https:\/\/masterchem.ee\/fi\/wp-json\/wp\/v2\/product_tag?post=7884"}],"curies":[{"name":"wp","href":"https:\/\/api.w.org\/{rel}","templated":true}]}}