{"id":786,"date":"2018-02-28T17:17:49","date_gmt":"2018-02-28T17:17:49","guid":{"rendered":"https:\/\/masterchem.ee\/product\/denatonium\/"},"modified":"2021-06-27T07:42:27","modified_gmt":"2021-06-27T07:42:27","slug":"denatonium","status":"publish","type":"product","link":"https:\/\/masterchem.ee\/fi\/tooted-ja-teenused\/denatonium\/","title":{"rendered":"Denatonium (CAS 3734-33-6)"},"content":{"rendered":"","protected":false},"excerpt":{"rendered":"<p style=\"text-align: left;\"><b>Muut nimet:\u00a0Denatonium,\u00a0denatoniumbentsoaatti.<\/b><\/p>\n<p style=\"text-align: left;\">Denatonium, tavallisimmin\u00a0denatoniumbentsoaatti\u00a0on\u00a0<a class=\"mw-redirect\" title=\"Karvas\" href=\"https:\/\/fi.wikipedia.org\/wiki\/Karvas\">kitkerin<\/a>\u00a0tunnetuista kemiallisista yhdisteist\u00e4. Aistimisen raja on 0,05\u00a0<a title=\"Ppm\" href=\"https:\/\/fi.wikipedia.org\/wiki\/Ppm\">ppm<\/a>\u00a0bentsoaattina.<sup id=\"cite_ref-FOIA_1-0\" class=\"reference\"><a href=\"https:\/\/fi.wikipedia.org\/wiki\/Denatonium#cite_note-FOIA-1\">[1]<\/a><\/sup>\u00a0Aine l\u00f6ydettiin vuonna 1958 ja se rekister\u00f6itiin tavaramerkkin\u00e4\u00a0<i>Bitrex<\/i>.<sup id=\"cite_ref-2\" class=\"reference\"><a href=\"https:\/\/fi.wikipedia.org\/wiki\/Denatonium#cite_note-2\">[2]<\/a><\/sup>Laimennettuna m\u00e4\u00e4r\u00e4\u00e4n 10 ppm se on useimmille ihmisille liian kitker\u00e4\u00e4 nautittavaksi. Denatoniumsuoloja k\u00e4ytet\u00e4\u00e4n tekem\u00e4\u00e4n vaarallinen, mutta hyv\u00e4lt\u00e4 maistuva tuote liian kitker\u00e4ksi nautittavaksi. Denatoniumia k\u00e4ytet\u00e4\u00e4n\u00a0<a title=\"Denaturointi\" href=\"https:\/\/fi.wikipedia.org\/wiki\/Denaturointi\">alkoholin denaturoinnissa<\/a>\u00a0<sup id=\"cite_ref-3\" class=\"reference\"><a href=\"https:\/\/fi.wikipedia.org\/wiki\/Denatonium#cite_note-3\">[3]<\/a><\/sup>(sit\u00e4 k\u00e4ytet\u00e4\u00e4n 2 grammaa \/ 100 litraa\u00a0<a title=\"Etanoli\" href=\"https:\/\/fi.wikipedia.org\/wiki\/Etanoli\">etanolia<\/a>)<sup id=\"cite_ref-4\" class=\"reference\"><a href=\"https:\/\/fi.wikipedia.org\/wiki\/Denatonium#cite_note-4\">[4]<\/a><\/sup><sup id=\"cite_ref-5\" class=\"reference\"><a href=\"https:\/\/fi.wikipedia.org\/wiki\/Denatonium#cite_note-5\">[5]<\/a><\/sup>,\u00a0<a title=\"Pakkasneste\" href=\"https:\/\/fi.wikipedia.org\/wiki\/Pakkasneste\">pakkasnesteiss\u00e4<\/a>,\u00a0<a title=\"Kynsien pureskelu\" href=\"https:\/\/fi.wikipedia.org\/wiki\/Kynsien_pureskelu\">kynsien pureskelun<\/a>\u00a0estoaineissa, el\u00e4inten karkoteaineena, neste<a title=\"Saippua\" href=\"https:\/\/fi.wikipedia.org\/wiki\/Saippua\">saippuassa<\/a>\u00a0ja\u00a0<a class=\"mw-redirect\" title=\"Shampoo\" href=\"https:\/\/fi.wikipedia.org\/wiki\/Shampoo\">shampoossa<\/a>\u00a0sek\u00e4\u00a0<a title=\"Muovailuvaha\" href=\"https:\/\/fi.wikipedia.org\/wiki\/Muovailuvaha\">muovailuvahassa<\/a>\u00a0ja\u00a0<a title=\"Rotanmyrkky\" href=\"https:\/\/fi.wikipedia.org\/wiki\/Rotanmyrkky\">rotanmyrkyss\u00e4<\/a><sup id=\"cite_ref-6\" class=\"reference\"><a href=\"https:\/\/fi.wikipedia.org\/wiki\/Denatonium#cite_note-6\">[6]<\/a><\/sup><sup id=\"cite_ref-7\" class=\"reference\"><a href=\"https:\/\/fi.wikipedia.org\/wiki\/Denatonium#cite_note-7\">[7]<\/a><\/sup>. Sen ei tiedet\u00e4 aiheuttavan mit\u00e4\u00e4n pitk\u00e4aikaisia terveysvaikutuksia.<sup id=\"cite_ref-FOIA_1-1\" class=\"reference\"><a href=\"https:\/\/fi.wikipedia.org\/wiki\/Denatonium#cite_note-FOIA-1\">[1]<\/a><\/sup><\/p>\n<p style=\"text-align: left;\">\n<p>CAS 3734-33-6<\/p>\n","protected":false},"featured_media":6358,"template":"","meta":[],"product_brand":[],"product_cat":[180,118,154,152],"product_tag":[],"class_list":{"0":"post-786","1":"product","2":"type-product","3":"status-publish","4":"has-post-thumbnail","6":"product_cat-uncategorized-fi-2","7":"product_cat-metallikemikaalit","8":"product_cat-tien-maalaus","9":"product_cat-tipografiset-kemikaalit","10":"pif-has-gallery","12":"first","13":"instock","14":"taxable","15":"shipping-taxable","16":"purchasable","17":"product-type-variable","18":"has-default-attributes"},"yoast_head":"<!-- This site is optimized with the Yoast SEO plugin v26.2 - https:\/\/yoast.com\/wordpress\/plugins\/seo\/ -->\n<title>Denatonium (CAS 3734-33-6) - Chemistry For Industry - Solvents &amp; Chemicals - Masterchem.ee<\/title>\n<meta name=\"description\" content=\"Denatonium, tavallisimmin denatoniumbentsoaatti on kitkerin tunnetuista kemiallisista yhdisteist\u00e4. Aistimisen raja on 0,05 ppm bentsoaattina.[1] Aine l\u00f6ydettiin vuonna 1958 ja se rekister\u00f6itiin tavaramerkkin\u00e4 Bitrex.[2]Laimennettuna m\u00e4\u00e4r\u00e4\u00e4n 10 ppm se on useimmille ihmisille liian kitker\u00e4\u00e4 nautittavaksi. CAS 3734-33-6\" \/>\n<meta name=\"robots\" content=\"index, follow, max-snippet:-1, max-image-preview:large, max-video-preview:-1\" \/>\n<link rel=\"canonical\" href=\"https:\/\/masterchem.ee\/fi\/tooted-ja-teenused\/denatonium\/\" \/>\n<meta name=\"twitter:card\" content=\"summary_large_image\" \/>\n<meta name=\"twitter:title\" content=\"Denatonium (CAS 3734-33-6) - Chemistry For Industry - Solvents &amp; Chemicals - Masterchem.ee\" \/>\n<meta name=\"twitter:description\" content=\"Denatonium, tavallisimmin denatoniumbentsoaatti on kitkerin tunnetuista kemiallisista yhdisteist\u00e4. Aistimisen raja on 0,05 ppm bentsoaattina.[1] Aine l\u00f6ydettiin vuonna 1958 ja se rekister\u00f6itiin tavaramerkkin\u00e4 Bitrex.[2]Laimennettuna m\u00e4\u00e4r\u00e4\u00e4n 10 ppm se on useimmille ihmisille liian kitker\u00e4\u00e4 nautittavaksi. CAS 3734-33-6\" \/>\n<meta name=\"twitter:image\" content=\"https:\/\/masterchem.ee\/wp-content\/uploads\/2018\/02\/DENATONIUM-BENZOATE-1000l-MasterChem.jpg\" \/>\n<script type=\"application\/ld+json\" class=\"yoast-schema-graph\">{\"@context\":\"https:\/\/schema.org\",\"@graph\":[{\"@type\":\"WebPage\",\"@id\":\"https:\/\/masterchem.ee\/fi\/tooted-ja-teenused\/denatonium\/\",\"url\":\"https:\/\/masterchem.ee\/fi\/tooted-ja-teenused\/denatonium\/\",\"name\":\"Denatonium (CAS 3734-33-6) - Chemistry For Industry - Solvents &amp; Chemicals - Masterchem.ee\",\"isPartOf\":{\"@id\":\"https:\/\/masterchem.ee\/fi\/#website\"},\"primaryImageOfPage\":{\"@id\":\"https:\/\/masterchem.ee\/fi\/tooted-ja-teenused\/denatonium\/#primaryimage\"},\"image\":{\"@id\":\"https:\/\/masterchem.ee\/fi\/tooted-ja-teenused\/denatonium\/#primaryimage\"},\"thumbnailUrl\":\"https:\/\/masterchem.ee\/wp-content\/uploads\/2018\/02\/DENATONIUM-BENZOATE-1000l-MasterChem.jpg\",\"datePublished\":\"2018-02-28T17:17:49+00:00\",\"dateModified\":\"2021-06-27T07:42:27+00:00\",\"description\":\"Denatonium, tavallisimmin denatoniumbentsoaatti on kitkerin tunnetuista kemiallisista yhdisteist\u00e4. Aistimisen raja on 0,05 ppm bentsoaattina.[1] Aine l\u00f6ydettiin vuonna 1958 ja se rekister\u00f6itiin tavaramerkkin\u00e4 Bitrex.[2]Laimennettuna m\u00e4\u00e4r\u00e4\u00e4n 10 ppm se on useimmille ihmisille liian kitker\u00e4\u00e4 nautittavaksi. CAS 3734-33-6\",\"breadcrumb\":{\"@id\":\"https:\/\/masterchem.ee\/fi\/tooted-ja-teenused\/denatonium\/#breadcrumb\"},\"inLanguage\":\"fi\",\"potentialAction\":[{\"@type\":\"ReadAction\",\"target\":[\"https:\/\/masterchem.ee\/fi\/tooted-ja-teenused\/denatonium\/\"]}]},{\"@type\":\"ImageObject\",\"inLanguage\":\"fi\",\"@id\":\"https:\/\/masterchem.ee\/fi\/tooted-ja-teenused\/denatonium\/#primaryimage\",\"url\":\"https:\/\/masterchem.ee\/wp-content\/uploads\/2018\/02\/DENATONIUM-BENZOATE-1000l-MasterChem.jpg\",\"contentUrl\":\"https:\/\/masterchem.ee\/wp-content\/uploads\/2018\/02\/DENATONIUM-BENZOATE-1000l-MasterChem.jpg\",\"width\":1000,\"height\":1000,\"caption\":\"Denatonium 1000l MasterChem\"},{\"@type\":\"BreadcrumbList\",\"@id\":\"https:\/\/masterchem.ee\/fi\/tooted-ja-teenused\/denatonium\/#breadcrumb\",\"itemListElement\":[{\"@type\":\"ListItem\",\"position\":1,\"name\":\"Home\",\"item\":\"https:\/\/masterchem.ee\/fi\/\"},{\"@type\":\"ListItem\",\"position\":2,\"name\":\"Tooted ja teenused\",\"item\":\"https:\/\/masterchem.ee\/tooted-ja-teenused\/\"},{\"@type\":\"ListItem\",\"position\":3,\"name\":\"Denatonium (CAS 3734-33-6)\"}]},{\"@type\":\"WebSite\",\"@id\":\"https:\/\/masterchem.ee\/fi\/#website\",\"url\":\"https:\/\/masterchem.ee\/fi\/\",\"name\":\"Masterchem.ee\",\"description\":\"Chemistry For Industry - Solvents &amp; Chemicals\",\"publisher\":{\"@id\":\"https:\/\/masterchem.ee\/fi\/#organization\"},\"potentialAction\":[{\"@type\":\"SearchAction\",\"target\":{\"@type\":\"EntryPoint\",\"urlTemplate\":\"https:\/\/masterchem.ee\/fi\/?s={search_term_string}\"},\"query-input\":{\"@type\":\"PropertyValueSpecification\",\"valueRequired\":true,\"valueName\":\"search_term_string\"}}],\"inLanguage\":\"fi\"},{\"@type\":\"Organization\",\"@id\":\"https:\/\/masterchem.ee\/fi\/#organization\",\"name\":\"Masterchem\",\"url\":\"https:\/\/masterchem.ee\/fi\/\",\"logo\":{\"@type\":\"ImageObject\",\"inLanguage\":\"fi\",\"@id\":\"https:\/\/masterchem.ee\/fi\/#\/schema\/logo\/image\/\",\"url\":\"https:\/\/masterchem.ee\/wp-content\/uploads\/2018\/02\/master-chem_final-1.png\",\"contentUrl\":\"https:\/\/masterchem.ee\/wp-content\/uploads\/2018\/02\/master-chem_final-1.png\",\"width\":850,\"height\":356,\"caption\":\"Masterchem\"},\"image\":{\"@id\":\"https:\/\/masterchem.ee\/fi\/#\/schema\/logo\/image\/\"}}]}<\/script>\n<!-- \/ Yoast SEO plugin. -->","yoast_head_json":{"title":"Denatonium (CAS 3734-33-6) - Chemistry For Industry - Solvents &amp; Chemicals - Masterchem.ee","description":"Denatonium, tavallisimmin denatoniumbentsoaatti on kitkerin tunnetuista kemiallisista yhdisteist\u00e4. Aistimisen raja on 0,05 ppm bentsoaattina.[1] Aine l\u00f6ydettiin vuonna 1958 ja se rekister\u00f6itiin tavaramerkkin\u00e4 Bitrex.[2]Laimennettuna m\u00e4\u00e4r\u00e4\u00e4n 10 ppm se on useimmille ihmisille liian kitker\u00e4\u00e4 nautittavaksi. CAS 3734-33-6","robots":{"index":"index","follow":"follow","max-snippet":"max-snippet:-1","max-image-preview":"max-image-preview:large","max-video-preview":"max-video-preview:-1"},"canonical":"https:\/\/masterchem.ee\/fi\/tooted-ja-teenused\/denatonium\/","twitter_card":"summary_large_image","twitter_title":"Denatonium (CAS 3734-33-6) - Chemistry For Industry - Solvents &amp; Chemicals - Masterchem.ee","twitter_description":"Denatonium, tavallisimmin denatoniumbentsoaatti on kitkerin tunnetuista kemiallisista yhdisteist\u00e4. Aistimisen raja on 0,05 ppm bentsoaattina.[1] Aine l\u00f6ydettiin vuonna 1958 ja se rekister\u00f6itiin tavaramerkkin\u00e4 Bitrex.[2]Laimennettuna m\u00e4\u00e4r\u00e4\u00e4n 10 ppm se on useimmille ihmisille liian kitker\u00e4\u00e4 nautittavaksi. CAS 3734-33-6","twitter_image":"https:\/\/masterchem.ee\/wp-content\/uploads\/2018\/02\/DENATONIUM-BENZOATE-1000l-MasterChem.jpg","schema":{"@context":"https:\/\/schema.org","@graph":[{"@type":"WebPage","@id":"https:\/\/masterchem.ee\/fi\/tooted-ja-teenused\/denatonium\/","url":"https:\/\/masterchem.ee\/fi\/tooted-ja-teenused\/denatonium\/","name":"Denatonium (CAS 3734-33-6) - Chemistry For Industry - Solvents &amp; Chemicals - Masterchem.ee","isPartOf":{"@id":"https:\/\/masterchem.ee\/fi\/#website"},"primaryImageOfPage":{"@id":"https:\/\/masterchem.ee\/fi\/tooted-ja-teenused\/denatonium\/#primaryimage"},"image":{"@id":"https:\/\/masterchem.ee\/fi\/tooted-ja-teenused\/denatonium\/#primaryimage"},"thumbnailUrl":"https:\/\/masterchem.ee\/wp-content\/uploads\/2018\/02\/DENATONIUM-BENZOATE-1000l-MasterChem.jpg","datePublished":"2018-02-28T17:17:49+00:00","dateModified":"2021-06-27T07:42:27+00:00","description":"Denatonium, tavallisimmin denatoniumbentsoaatti on kitkerin tunnetuista kemiallisista yhdisteist\u00e4. Aistimisen raja on 0,05 ppm bentsoaattina.[1] Aine l\u00f6ydettiin vuonna 1958 ja se rekister\u00f6itiin tavaramerkkin\u00e4 Bitrex.[2]Laimennettuna m\u00e4\u00e4r\u00e4\u00e4n 10 ppm se on useimmille ihmisille liian kitker\u00e4\u00e4 nautittavaksi. CAS 3734-33-6","breadcrumb":{"@id":"https:\/\/masterchem.ee\/fi\/tooted-ja-teenused\/denatonium\/#breadcrumb"},"inLanguage":"fi","potentialAction":[{"@type":"ReadAction","target":["https:\/\/masterchem.ee\/fi\/tooted-ja-teenused\/denatonium\/"]}]},{"@type":"ImageObject","inLanguage":"fi","@id":"https:\/\/masterchem.ee\/fi\/tooted-ja-teenused\/denatonium\/#primaryimage","url":"https:\/\/masterchem.ee\/wp-content\/uploads\/2018\/02\/DENATONIUM-BENZOATE-1000l-MasterChem.jpg","contentUrl":"https:\/\/masterchem.ee\/wp-content\/uploads\/2018\/02\/DENATONIUM-BENZOATE-1000l-MasterChem.jpg","width":1000,"height":1000,"caption":"Denatonium 1000l MasterChem"},{"@type":"BreadcrumbList","@id":"https:\/\/masterchem.ee\/fi\/tooted-ja-teenused\/denatonium\/#breadcrumb","itemListElement":[{"@type":"ListItem","position":1,"name":"Home","item":"https:\/\/masterchem.ee\/fi\/"},{"@type":"ListItem","position":2,"name":"Tooted ja teenused","item":"https:\/\/masterchem.ee\/tooted-ja-teenused\/"},{"@type":"ListItem","position":3,"name":"Denatonium (CAS 3734-33-6)"}]},{"@type":"WebSite","@id":"https:\/\/masterchem.ee\/fi\/#website","url":"https:\/\/masterchem.ee\/fi\/","name":"Masterchem.ee","description":"Chemistry For Industry - Solvents &amp; Chemicals","publisher":{"@id":"https:\/\/masterchem.ee\/fi\/#organization"},"potentialAction":[{"@type":"SearchAction","target":{"@type":"EntryPoint","urlTemplate":"https:\/\/masterchem.ee\/fi\/?s={search_term_string}"},"query-input":{"@type":"PropertyValueSpecification","valueRequired":true,"valueName":"search_term_string"}}],"inLanguage":"fi"},{"@type":"Organization","@id":"https:\/\/masterchem.ee\/fi\/#organization","name":"Masterchem","url":"https:\/\/masterchem.ee\/fi\/","logo":{"@type":"ImageObject","inLanguage":"fi","@id":"https:\/\/masterchem.ee\/fi\/#\/schema\/logo\/image\/","url":"https:\/\/masterchem.ee\/wp-content\/uploads\/2018\/02\/master-chem_final-1.png","contentUrl":"https:\/\/masterchem.ee\/wp-content\/uploads\/2018\/02\/master-chem_final-1.png","width":850,"height":356,"caption":"Masterchem"},"image":{"@id":"https:\/\/masterchem.ee\/fi\/#\/schema\/logo\/image\/"}}]}},"_links":{"self":[{"href":"https:\/\/masterchem.ee\/fi\/wp-json\/wp\/v2\/product\/786","targetHints":{"allow":["GET"]}}],"collection":[{"href":"https:\/\/masterchem.ee\/fi\/wp-json\/wp\/v2\/product"}],"about":[{"href":"https:\/\/masterchem.ee\/fi\/wp-json\/wp\/v2\/types\/product"}],"wp:featuredmedia":[{"embeddable":true,"href":"https:\/\/masterchem.ee\/fi\/wp-json\/wp\/v2\/media\/6358"}],"wp:attachment":[{"href":"https:\/\/masterchem.ee\/fi\/wp-json\/wp\/v2\/media?parent=786"}],"wp:term":[{"taxonomy":"product_brand","embeddable":true,"href":"https:\/\/masterchem.ee\/fi\/wp-json\/wp\/v2\/product_brand?post=786"},{"taxonomy":"product_cat","embeddable":true,"href":"https:\/\/masterchem.ee\/fi\/wp-json\/wp\/v2\/product_cat?post=786"},{"taxonomy":"product_tag","embeddable":true,"href":"https:\/\/masterchem.ee\/fi\/wp-json\/wp\/v2\/product_tag?post=786"}],"curies":[{"name":"wp","href":"https:\/\/api.w.org\/{rel}","templated":true}]}}