{"id":784,"date":"2018-02-28T17:16:02","date_gmt":"2018-02-28T17:16:02","guid":{"rendered":"https:\/\/masterchem.ee\/product\/risiinioljy-2\/"},"modified":"2021-05-25T22:52:38","modified_gmt":"2021-05-25T22:52:38","slug":"risiinioljy-2","status":"publish","type":"product","link":"https:\/\/masterchem.ee\/fi\/tooted-ja-teenused\/risiinioljy-2\/","title":{"rendered":"Risiini\u00f6ljy (CAS 8001-79-4)"},"content":{"rendered":"","protected":false},"excerpt":{"rendered":"<p style=\"text-align: justify;\"><b>Muut nimet:\u00a0Risiini\u00f6ljy, kasvi\u00f6ljy.<\/b><\/p>\n<p style=\"text-align: justify;\">Risiini\u00f6ljy\u00a0on kasvi\u00f6ljy, jota saadaan puristamalla\u00a0<a title=\"Risiini (kasvi)\" href=\"https:\/\/fi.wikipedia.org\/wiki\/Risiini_(kasvi)\">risiinikasvin<\/a>\u00a0papumaisista siemenist\u00e4. Risiini\u00f6ljy\u00e4 k\u00e4ytet\u00e4\u00e4n voiteluaineena korkeaviritteisiss\u00e4 moottoreissa ja\u00a0<a class=\"mw-redirect\" title=\"Laksatiivi\" href=\"https:\/\/fi.wikipedia.org\/wiki\/Laksatiivi\">laksatiivina<\/a>.<\/p>\n<p style=\"text-align: justify;\">Risiini\u00f6ljyn valmistuksessa kasvin siemenet kuoritaan, murskataan ja kylm\u00e4puristetaan. My\u00f6s kuumapuristettua \u00f6ljy\u00e4 tehd\u00e4\u00e4n. Risiinikasvin siemeniss\u00e4 on\u00a0<a title=\"Risiini (myrkky)\" href=\"https:\/\/fi.wikipedia.org\/wiki\/Risiini_(myrkky)\">risiini<\/a>-nimist\u00e4 myrkky\u00e4, josta enin osa poistetaan \u00f6ljyst\u00e4 kuumentamalla. Puristej\u00e4\u00e4m\u00e4 sis\u00e4lt\u00e4\u00e4 noin 5\u00a0% myrkky\u00e4<\/p>\n<p style=\"text-align: justify;\">\n<p>CAS 8001-79-4<\/p>\n","protected":false},"featured_media":6286,"template":"","meta":[],"product_brand":[],"product_cat":[180,294,120,258],"product_tag":[],"class_list":{"0":"post-784","1":"product","2":"type-product","3":"status-publish","4":"has-post-thumbnail","6":"product_cat-uncategorized-fi-2","7":"product_cat-kosmetiikkateollisuus","8":"product_cat-laaketeollisuus","9":"product_cat-muovi-fi","10":"pif-has-gallery","12":"first","13":"instock","14":"taxable","15":"shipping-taxable","16":"purchasable","17":"product-type-variable","18":"has-default-attributes"},"yoast_head":"<!-- This site is optimized with the Yoast SEO plugin v26.2 - https:\/\/yoast.com\/wordpress\/plugins\/seo\/ -->\n<title>Risiini\u00f6ljy (CAS 8001-79-4) - Chemistry For Industry - Solvents &amp; Chemicals - Masterchem.ee<\/title>\n<meta name=\"description\" content=\"Risiini\u00f6ljy on kasvi\u00f6ljy, jota saadaan puristamalla risiinikasvin papumaisista siemenist\u00e4. Risiini\u00f6ljy\u00e4 k\u00e4ytet\u00e4\u00e4n voiteluaineena korkeaviritteisiss\u00e4 moottoreissa ja laksatiivina. CAS 8001-79-4\" \/>\n<meta name=\"robots\" content=\"index, follow, max-snippet:-1, max-image-preview:large, max-video-preview:-1\" \/>\n<link rel=\"canonical\" href=\"https:\/\/masterchem.ee\/fi\/tooted-ja-teenused\/risiinioljy-2\/\" \/>\n<meta name=\"twitter:card\" content=\"summary_large_image\" \/>\n<meta name=\"twitter:title\" content=\"Risiini\u00f6ljy (CAS 8001-79-4) - Chemistry For Industry - Solvents &amp; Chemicals - Masterchem.ee\" \/>\n<meta name=\"twitter:description\" content=\"Risiini\u00f6ljy on kasvi\u00f6ljy, jota saadaan puristamalla risiinikasvin papumaisista siemenist\u00e4. Risiini\u00f6ljy\u00e4 k\u00e4ytet\u00e4\u00e4n voiteluaineena korkeaviritteisiss\u00e4 moottoreissa ja laksatiivina. CAS 8001-79-4\" \/>\n<meta name=\"twitter:image\" content=\"https:\/\/masterchem.ee\/wp-content\/uploads\/2018\/02\/CASTOR-OIL-1000l-MasterChem.jpg\" \/>\n<script type=\"application\/ld+json\" class=\"yoast-schema-graph\">{\"@context\":\"https:\/\/schema.org\",\"@graph\":[{\"@type\":\"WebPage\",\"@id\":\"https:\/\/masterchem.ee\/fi\/tooted-ja-teenused\/risiinioljy-2\/\",\"url\":\"https:\/\/masterchem.ee\/fi\/tooted-ja-teenused\/risiinioljy-2\/\",\"name\":\"Risiini\u00f6ljy (CAS 8001-79-4) - Chemistry For Industry - Solvents &amp; Chemicals - Masterchem.ee\",\"isPartOf\":{\"@id\":\"https:\/\/masterchem.ee\/fi\/#website\"},\"primaryImageOfPage\":{\"@id\":\"https:\/\/masterchem.ee\/fi\/tooted-ja-teenused\/risiinioljy-2\/#primaryimage\"},\"image\":{\"@id\":\"https:\/\/masterchem.ee\/fi\/tooted-ja-teenused\/risiinioljy-2\/#primaryimage\"},\"thumbnailUrl\":\"https:\/\/masterchem.ee\/wp-content\/uploads\/2018\/02\/CASTOR-OIL-1000l-MasterChem.jpg\",\"datePublished\":\"2018-02-28T17:16:02+00:00\",\"dateModified\":\"2021-05-25T22:52:38+00:00\",\"description\":\"Risiini\u00f6ljy on kasvi\u00f6ljy, jota saadaan puristamalla risiinikasvin papumaisista siemenist\u00e4. Risiini\u00f6ljy\u00e4 k\u00e4ytet\u00e4\u00e4n voiteluaineena korkeaviritteisiss\u00e4 moottoreissa ja laksatiivina. CAS 8001-79-4\",\"breadcrumb\":{\"@id\":\"https:\/\/masterchem.ee\/fi\/tooted-ja-teenused\/risiinioljy-2\/#breadcrumb\"},\"inLanguage\":\"fi\",\"potentialAction\":[{\"@type\":\"ReadAction\",\"target\":[\"https:\/\/masterchem.ee\/fi\/tooted-ja-teenused\/risiinioljy-2\/\"]}]},{\"@type\":\"ImageObject\",\"inLanguage\":\"fi\",\"@id\":\"https:\/\/masterchem.ee\/fi\/tooted-ja-teenused\/risiinioljy-2\/#primaryimage\",\"url\":\"https:\/\/masterchem.ee\/wp-content\/uploads\/2018\/02\/CASTOR-OIL-1000l-MasterChem.jpg\",\"contentUrl\":\"https:\/\/masterchem.ee\/wp-content\/uploads\/2018\/02\/CASTOR-OIL-1000l-MasterChem.jpg\",\"width\":1000,\"height\":1000,\"caption\":\"Risiini\u00f6ljy 1000l MasterChem\"},{\"@type\":\"BreadcrumbList\",\"@id\":\"https:\/\/masterchem.ee\/fi\/tooted-ja-teenused\/risiinioljy-2\/#breadcrumb\",\"itemListElement\":[{\"@type\":\"ListItem\",\"position\":1,\"name\":\"Home\",\"item\":\"https:\/\/masterchem.ee\/fi\/\"},{\"@type\":\"ListItem\",\"position\":2,\"name\":\"Tooted ja teenused\",\"item\":\"https:\/\/masterchem.ee\/tooted-ja-teenused\/\"},{\"@type\":\"ListItem\",\"position\":3,\"name\":\"Risiini\u00f6ljy (CAS 8001-79-4)\"}]},{\"@type\":\"WebSite\",\"@id\":\"https:\/\/masterchem.ee\/fi\/#website\",\"url\":\"https:\/\/masterchem.ee\/fi\/\",\"name\":\"Masterchem.ee\",\"description\":\"Chemistry For Industry - Solvents &amp; Chemicals\",\"publisher\":{\"@id\":\"https:\/\/masterchem.ee\/fi\/#organization\"},\"potentialAction\":[{\"@type\":\"SearchAction\",\"target\":{\"@type\":\"EntryPoint\",\"urlTemplate\":\"https:\/\/masterchem.ee\/fi\/?s={search_term_string}\"},\"query-input\":{\"@type\":\"PropertyValueSpecification\",\"valueRequired\":true,\"valueName\":\"search_term_string\"}}],\"inLanguage\":\"fi\"},{\"@type\":\"Organization\",\"@id\":\"https:\/\/masterchem.ee\/fi\/#organization\",\"name\":\"Masterchem\",\"url\":\"https:\/\/masterchem.ee\/fi\/\",\"logo\":{\"@type\":\"ImageObject\",\"inLanguage\":\"fi\",\"@id\":\"https:\/\/masterchem.ee\/fi\/#\/schema\/logo\/image\/\",\"url\":\"https:\/\/masterchem.ee\/wp-content\/uploads\/2018\/02\/master-chem_final-1.png\",\"contentUrl\":\"https:\/\/masterchem.ee\/wp-content\/uploads\/2018\/02\/master-chem_final-1.png\",\"width\":850,\"height\":356,\"caption\":\"Masterchem\"},\"image\":{\"@id\":\"https:\/\/masterchem.ee\/fi\/#\/schema\/logo\/image\/\"}}]}<\/script>\n<!-- \/ Yoast SEO plugin. -->","yoast_head_json":{"title":"Risiini\u00f6ljy (CAS 8001-79-4) - Chemistry For Industry - Solvents &amp; Chemicals - Masterchem.ee","description":"Risiini\u00f6ljy on kasvi\u00f6ljy, jota saadaan puristamalla risiinikasvin papumaisista siemenist\u00e4. Risiini\u00f6ljy\u00e4 k\u00e4ytet\u00e4\u00e4n voiteluaineena korkeaviritteisiss\u00e4 moottoreissa ja laksatiivina. CAS 8001-79-4","robots":{"index":"index","follow":"follow","max-snippet":"max-snippet:-1","max-image-preview":"max-image-preview:large","max-video-preview":"max-video-preview:-1"},"canonical":"https:\/\/masterchem.ee\/fi\/tooted-ja-teenused\/risiinioljy-2\/","twitter_card":"summary_large_image","twitter_title":"Risiini\u00f6ljy (CAS 8001-79-4) - Chemistry For Industry - Solvents &amp; Chemicals - Masterchem.ee","twitter_description":"Risiini\u00f6ljy on kasvi\u00f6ljy, jota saadaan puristamalla risiinikasvin papumaisista siemenist\u00e4. Risiini\u00f6ljy\u00e4 k\u00e4ytet\u00e4\u00e4n voiteluaineena korkeaviritteisiss\u00e4 moottoreissa ja laksatiivina. CAS 8001-79-4","twitter_image":"https:\/\/masterchem.ee\/wp-content\/uploads\/2018\/02\/CASTOR-OIL-1000l-MasterChem.jpg","schema":{"@context":"https:\/\/schema.org","@graph":[{"@type":"WebPage","@id":"https:\/\/masterchem.ee\/fi\/tooted-ja-teenused\/risiinioljy-2\/","url":"https:\/\/masterchem.ee\/fi\/tooted-ja-teenused\/risiinioljy-2\/","name":"Risiini\u00f6ljy (CAS 8001-79-4) - Chemistry For Industry - Solvents &amp; Chemicals - Masterchem.ee","isPartOf":{"@id":"https:\/\/masterchem.ee\/fi\/#website"},"primaryImageOfPage":{"@id":"https:\/\/masterchem.ee\/fi\/tooted-ja-teenused\/risiinioljy-2\/#primaryimage"},"image":{"@id":"https:\/\/masterchem.ee\/fi\/tooted-ja-teenused\/risiinioljy-2\/#primaryimage"},"thumbnailUrl":"https:\/\/masterchem.ee\/wp-content\/uploads\/2018\/02\/CASTOR-OIL-1000l-MasterChem.jpg","datePublished":"2018-02-28T17:16:02+00:00","dateModified":"2021-05-25T22:52:38+00:00","description":"Risiini\u00f6ljy on kasvi\u00f6ljy, jota saadaan puristamalla risiinikasvin papumaisista siemenist\u00e4. Risiini\u00f6ljy\u00e4 k\u00e4ytet\u00e4\u00e4n voiteluaineena korkeaviritteisiss\u00e4 moottoreissa ja laksatiivina. CAS 8001-79-4","breadcrumb":{"@id":"https:\/\/masterchem.ee\/fi\/tooted-ja-teenused\/risiinioljy-2\/#breadcrumb"},"inLanguage":"fi","potentialAction":[{"@type":"ReadAction","target":["https:\/\/masterchem.ee\/fi\/tooted-ja-teenused\/risiinioljy-2\/"]}]},{"@type":"ImageObject","inLanguage":"fi","@id":"https:\/\/masterchem.ee\/fi\/tooted-ja-teenused\/risiinioljy-2\/#primaryimage","url":"https:\/\/masterchem.ee\/wp-content\/uploads\/2018\/02\/CASTOR-OIL-1000l-MasterChem.jpg","contentUrl":"https:\/\/masterchem.ee\/wp-content\/uploads\/2018\/02\/CASTOR-OIL-1000l-MasterChem.jpg","width":1000,"height":1000,"caption":"Risiini\u00f6ljy 1000l MasterChem"},{"@type":"BreadcrumbList","@id":"https:\/\/masterchem.ee\/fi\/tooted-ja-teenused\/risiinioljy-2\/#breadcrumb","itemListElement":[{"@type":"ListItem","position":1,"name":"Home","item":"https:\/\/masterchem.ee\/fi\/"},{"@type":"ListItem","position":2,"name":"Tooted ja teenused","item":"https:\/\/masterchem.ee\/tooted-ja-teenused\/"},{"@type":"ListItem","position":3,"name":"Risiini\u00f6ljy (CAS 8001-79-4)"}]},{"@type":"WebSite","@id":"https:\/\/masterchem.ee\/fi\/#website","url":"https:\/\/masterchem.ee\/fi\/","name":"Masterchem.ee","description":"Chemistry For Industry - Solvents &amp; Chemicals","publisher":{"@id":"https:\/\/masterchem.ee\/fi\/#organization"},"potentialAction":[{"@type":"SearchAction","target":{"@type":"EntryPoint","urlTemplate":"https:\/\/masterchem.ee\/fi\/?s={search_term_string}"},"query-input":{"@type":"PropertyValueSpecification","valueRequired":true,"valueName":"search_term_string"}}],"inLanguage":"fi"},{"@type":"Organization","@id":"https:\/\/masterchem.ee\/fi\/#organization","name":"Masterchem","url":"https:\/\/masterchem.ee\/fi\/","logo":{"@type":"ImageObject","inLanguage":"fi","@id":"https:\/\/masterchem.ee\/fi\/#\/schema\/logo\/image\/","url":"https:\/\/masterchem.ee\/wp-content\/uploads\/2018\/02\/master-chem_final-1.png","contentUrl":"https:\/\/masterchem.ee\/wp-content\/uploads\/2018\/02\/master-chem_final-1.png","width":850,"height":356,"caption":"Masterchem"},"image":{"@id":"https:\/\/masterchem.ee\/fi\/#\/schema\/logo\/image\/"}}]}},"_links":{"self":[{"href":"https:\/\/masterchem.ee\/fi\/wp-json\/wp\/v2\/product\/784","targetHints":{"allow":["GET"]}}],"collection":[{"href":"https:\/\/masterchem.ee\/fi\/wp-json\/wp\/v2\/product"}],"about":[{"href":"https:\/\/masterchem.ee\/fi\/wp-json\/wp\/v2\/types\/product"}],"wp:featuredmedia":[{"embeddable":true,"href":"https:\/\/masterchem.ee\/fi\/wp-json\/wp\/v2\/media\/6286"}],"wp:attachment":[{"href":"https:\/\/masterchem.ee\/fi\/wp-json\/wp\/v2\/media?parent=784"}],"wp:term":[{"taxonomy":"product_brand","embeddable":true,"href":"https:\/\/masterchem.ee\/fi\/wp-json\/wp\/v2\/product_brand?post=784"},{"taxonomy":"product_cat","embeddable":true,"href":"https:\/\/masterchem.ee\/fi\/wp-json\/wp\/v2\/product_cat?post=784"},{"taxonomy":"product_tag","embeddable":true,"href":"https:\/\/masterchem.ee\/fi\/wp-json\/wp\/v2\/product_tag?post=784"}],"curies":[{"name":"wp","href":"https:\/\/api.w.org\/{rel}","templated":true}]}}