{"id":781,"date":"2018-02-28T17:14:13","date_gmt":"2018-02-28T17:14:13","guid":{"rendered":"https:\/\/masterchem.ee\/product\/risiinioljy\/"},"modified":"2021-05-25T22:54:32","modified_gmt":"2021-05-25T22:54:32","slug":"butyylidi-glykoli","status":"publish","type":"product","link":"https:\/\/masterchem.ee\/fi\/tooted-ja-teenused\/butyylidi-glykoli\/","title":{"rendered":"Butyylidiglykoli (CAS 112-34-5)"},"content":{"rendered":"<p style=\"text-align: justify;\">Dietyleeniglykolimonobutyylieetteri\u00e4 (DEGBE) tuotetaan etyleenioksidin ja n-butanolin reaktiolla alkaalisen katalyytin kanssa.<\/p>\n<p style=\"text-align: justify;\">Torjunta-aineiden tuotteissa DEGBE toimii inertin\u00e4 ainesosana formuloinnin deaktivoijana ennen kuin sato nousee maaper\u00e4st\u00e4 ja stabilisaattorina. DEGBE on my\u00f6s kemiallinen v\u00e4lituote dietyleeniglykoli-monobutyylieetteriasetaatin, dietyleeniglykolidibutyylieetterin ja piperonyyliasetaatin synteesiss\u00e4 ja liuottimena korkeassa paistetussa emalossa. Muut DEGBE: n sovellukset ovat dispergointiaine vinyylikloridihartseille organosoleissa, hydraulisten jarrunesteiden laimennusaine ja molemminpuolinen liuotin saippuaa, \u00f6ljy\u00e4 ja vett\u00e4 kotitalouspuhdistusaineisiin. Tekstiiliteollisuus k\u00e4ytt\u00e4\u00e4 DEGBE: t\u00e4 kostutusratkaisuina. DEGBE on my\u00f6s liuos nitroselluloosalle, \u00f6ljyille, v\u00e4riaineille, kumille, saippuille ja polymeereille. DEGBE: t\u00e4 k\u00e4ytet\u00e4\u00e4n my\u00f6s kytkent\u00e4liuottimena nestem\u00e4isiss\u00e4 puhdistusaineissa, leikkausnesteiss\u00e4 ja tekstiilialan apulaitteissa. Painoteollisuudessa DEGBE-sovelluksiin kuuluvat: liuottimet lakkateissa, maaleissa ja painov\u00e4reiss\u00e4; korkea kiehuva liuotin parantaa kiilto- ja virtausominaisuuksia; ja k\u00e4ytet\u00e4\u00e4n liuottimena mineraali\u00f6ljytuotteissa.<\/p>\n<p>Butyylidiglykoli on l\u00e4pin\u00e4kyv\u00e4, v\u00e4h\u00e4n haihtuva, korkealla kiehuva neste. Butyylidiglykoli tai liuotinbensiini, saatu jalostamalla \u00f6ljytuotteet vetyk\u00e4sittelyll\u00e4. Dietyleeniglykolimonobutyylieetteri l\u00f6ytyy polttoaineesta tai vaihtoehdosta petrolille uunien l\u00e4mmitykseen. Se on synteettisten ja luonnonhartsien, \u00f6ljyjen, rasvojen liuotin. Sit\u00e4 k\u00e4ytet\u00e4\u00e4n orgaanisen synteesin raaka-aineena.<br \/>\n<strong>K\u00e4ytt\u00f6 ja k\u00e4ytt\u00f6:<\/strong><br \/>\n\u25cf\tErinomainen tuote osien ja varusteiden puhdistamiseen kotona ja ty\u00f6ss\u00e4. Glykolia k\u00e4ytet\u00e4\u00e4n metallipintojen puhdistamiseen ruosteen, suolojen ja kuonien muodostumisesta. K\u00e4ytet\u00e4\u00e4n desinfiointiaineena.<br \/>\n\u25cf\tBiohajoava maalinohennin, joka tuottaa kalvomaisen p\u00e4\u00e4llysteen. Sit\u00e4 k\u00e4ytet\u00e4\u00e4n laajalti lateksiliimojen valmistuksessa.<br \/>\n\u25cf\tIhanteellinen ratkaisu l\u00e4mp\u00f6tilan alentamiseen kalvon muodostumisen aikana vesipohjaisissa kumipinnoitteissa.<br \/>\n\u25cf\tVaikuttaa synteettisten hartsien ja v\u00e4riaineiden sideaineena painov\u00e4reiss\u00e4.<br \/>\n\u25cf\tKosmetologian ja henkil\u00f6kohtaisten hygieniatuotteiden alalla;<br \/>\n\u25cf\tKehitett\u00e4ess\u00e4 uusia kaavoja hajusteiden luomiseen.Valokuvaus &#8211; kiihdytt\u00e4j\u00e4n\u00e4 valokuvamateriaalien nopean k\u00e4sittelyn kehitt\u00e4jiss\u00e4<br \/>\n\u25cf\tKasvi\u00f6ljyist\u00e4 per\u00e4isin olevan biodieselin valmistamiseen, jota k\u00e4ytet\u00e4\u00e4n korvaamaan tavanomainen diesel<br \/>\n<strong>Pakkaus:<\/strong><br \/>\n0,5L metallipullo<br \/>\n5L muovikanisteri<br \/>\n10L muovis\u00e4ili\u00f6<br \/>\n20L metallikauha un<br \/>\n25L muovis\u00e4ili\u00f6<br \/>\n25 kg pussi (pellettej\u00e4)<br \/>\n200L tynnyri<br \/>\n640L IBC-s\u00e4ili\u00f6<br \/>\n1000L IBC-s\u00e4ili\u00f6<\/p>\n<p><strong>Varastointi:<\/strong><\/p>\n<p>Fyysiset ominaisuudet:<br \/>\nL\u00e4mp\u00f6ominaisuudet<br \/>\nL\u00e4mp\u00f6tila<br \/>\nSulamispiste: -68 \u00b0 C<br \/>\nKiehumispiste: 230 \u00b0 C<br \/>\nSalama: 78\u00b0 C<br \/>\nINDEX: 603-096-00-8<br \/>\nCAS: 112-34-5<br \/>\nEY: 203-961-6<\/p>\n","protected":false},"excerpt":{"rendered":"<p style=\"text-align: justify;\">Dietyleeniglykolibutyylieetteri (2- (2-butoksietoksi) etanoli), glykolieetteriliuotin, on kirkas neste, jolla on eritt\u00e4in v\u00e4h\u00e4inen haju ja korkea kiehumispiste. Se toimii maalien ja lakkojen liuotinaineena kemianteollisuudessa, kotitalouksien pesuaineissa, keittovalmisteissa ja tekstiilien k\u00e4sittelyss\u00e4. My\u00f6s ainetta k\u00e4ytet\u00e4\u00e4n raaka-aineena kemiallisessa synteesiss\u00e4.<\/p>\n","protected":false},"featured_media":6323,"template":"","meta":[],"product_brand":[],"product_cat":[180,120,118,258,153,154,152],"product_tag":[],"class_list":{"0":"post-781","1":"product","2":"type-product","3":"status-publish","4":"has-post-thumbnail","6":"product_cat-uncategorized-fi-2","7":"product_cat-laaketeollisuus","8":"product_cat-metallikemikaalit","9":"product_cat-muovi-fi","10":"product_cat-puunjalostuskemikaalit","11":"product_cat-tien-maalaus","12":"product_cat-tipografiset-kemikaalit","13":"pif-has-gallery","15":"first","16":"instock","17":"taxable","18":"shipping-taxable","19":"purchasable","20":"product-type-variable","21":"has-default-attributes"},"yoast_head":"<!-- This site is optimized with the Yoast SEO plugin v26.2 - https:\/\/yoast.com\/wordpress\/plugins\/seo\/ -->\n<title>Butyylidiglykoli (CAS 112-34-5) - Chemistry For Industry - Solvents &amp; Chemicals - Masterchem.ee<\/title>\n<meta name=\"description\" content=\"Dietyleeniglykolibutyylieetteri (2- (2-butoksietoksi) etanoli), glykolieetteriliuotin, on kirkas neste, jolla on eritt\u00e4in v\u00e4h\u00e4inen haju ja korkea kiehumispiste. Se toimii maalien ja lakkojen liuotinaineena kemianteollisuudessa, kotitalouksien pesuaineissa, keittovalmisteissa ja tekstiilien k\u00e4sittelyss\u00e4. My\u00f6s ainetta k\u00e4ytet\u00e4\u00e4n raaka-aineena kemiallisessa synteesiss\u00e4. CAS 112-34-5\" \/>\n<meta name=\"robots\" content=\"index, follow, max-snippet:-1, max-image-preview:large, max-video-preview:-1\" \/>\n<link rel=\"canonical\" href=\"https:\/\/masterchem.ee\/fi\/tooted-ja-teenused\/butyylidi-glykoli\/\" \/>\n<meta name=\"twitter:card\" content=\"summary_large_image\" \/>\n<meta name=\"twitter:title\" content=\"Butyylidiglykoli (CAS 112-34-5) - Chemistry For Industry - Solvents &amp; Chemicals - Masterchem.ee\" \/>\n<meta name=\"twitter:description\" content=\"Dietyleeniglykolibutyylieetteri (2- (2-butoksietoksi) etanoli), glykolieetteriliuotin, on kirkas neste, jolla on eritt\u00e4in v\u00e4h\u00e4inen haju ja korkea kiehumispiste. Se toimii maalien ja lakkojen liuotinaineena kemianteollisuudessa, kotitalouksien pesuaineissa, keittovalmisteissa ja tekstiilien k\u00e4sittelyss\u00e4. My\u00f6s ainetta k\u00e4ytet\u00e4\u00e4n raaka-aineena kemiallisessa synteesiss\u00e4. CAS 112-34-5\" \/>\n<meta name=\"twitter:image\" content=\"https:\/\/masterchem.ee\/wp-content\/uploads\/2018\/02\/BUTYLDIGLYCOL-1000l-MasterChem.jpg\" \/>\n<meta name=\"twitter:label1\" content=\"Arvioitu lukuaika\" \/>\n\t<meta name=\"twitter:data1\" content=\"2 minuuttia\" \/>\n<script type=\"application\/ld+json\" class=\"yoast-schema-graph\">{\"@context\":\"https:\/\/schema.org\",\"@graph\":[{\"@type\":\"WebPage\",\"@id\":\"https:\/\/masterchem.ee\/fi\/tooted-ja-teenused\/butyylidi-glykoli\/\",\"url\":\"https:\/\/masterchem.ee\/fi\/tooted-ja-teenused\/butyylidi-glykoli\/\",\"name\":\"Butyylidiglykoli (CAS 112-34-5) - Chemistry For Industry - Solvents &amp; Chemicals - Masterchem.ee\",\"isPartOf\":{\"@id\":\"https:\/\/masterchem.ee\/fi\/#website\"},\"primaryImageOfPage\":{\"@id\":\"https:\/\/masterchem.ee\/fi\/tooted-ja-teenused\/butyylidi-glykoli\/#primaryimage\"},\"image\":{\"@id\":\"https:\/\/masterchem.ee\/fi\/tooted-ja-teenused\/butyylidi-glykoli\/#primaryimage\"},\"thumbnailUrl\":\"https:\/\/masterchem.ee\/wp-content\/uploads\/2018\/02\/BUTYLDIGLYCOL-1000l-MasterChem.jpg\",\"datePublished\":\"2018-02-28T17:14:13+00:00\",\"dateModified\":\"2021-05-25T22:54:32+00:00\",\"description\":\"Dietyleeniglykolibutyylieetteri (2- (2-butoksietoksi) etanoli), glykolieetteriliuotin, on kirkas neste, jolla on eritt\u00e4in v\u00e4h\u00e4inen haju ja korkea kiehumispiste. Se toimii maalien ja lakkojen liuotinaineena kemianteollisuudessa, kotitalouksien pesuaineissa, keittovalmisteissa ja tekstiilien k\u00e4sittelyss\u00e4. My\u00f6s ainetta k\u00e4ytet\u00e4\u00e4n raaka-aineena kemiallisessa synteesiss\u00e4. CAS 112-34-5\",\"breadcrumb\":{\"@id\":\"https:\/\/masterchem.ee\/fi\/tooted-ja-teenused\/butyylidi-glykoli\/#breadcrumb\"},\"inLanguage\":\"fi\",\"potentialAction\":[{\"@type\":\"ReadAction\",\"target\":[\"https:\/\/masterchem.ee\/fi\/tooted-ja-teenused\/butyylidi-glykoli\/\"]}]},{\"@type\":\"ImageObject\",\"inLanguage\":\"fi\",\"@id\":\"https:\/\/masterchem.ee\/fi\/tooted-ja-teenused\/butyylidi-glykoli\/#primaryimage\",\"url\":\"https:\/\/masterchem.ee\/wp-content\/uploads\/2018\/02\/BUTYLDIGLYCOL-1000l-MasterChem.jpg\",\"contentUrl\":\"https:\/\/masterchem.ee\/wp-content\/uploads\/2018\/02\/BUTYLDIGLYCOL-1000l-MasterChem.jpg\",\"width\":1000,\"height\":1000,\"caption\":\"Butyylidi glykoli 1000l MasterChem\"},{\"@type\":\"BreadcrumbList\",\"@id\":\"https:\/\/masterchem.ee\/fi\/tooted-ja-teenused\/butyylidi-glykoli\/#breadcrumb\",\"itemListElement\":[{\"@type\":\"ListItem\",\"position\":1,\"name\":\"Home\",\"item\":\"https:\/\/masterchem.ee\/fi\/\"},{\"@type\":\"ListItem\",\"position\":2,\"name\":\"Tooted ja teenused\",\"item\":\"https:\/\/masterchem.ee\/tooted-ja-teenused\/\"},{\"@type\":\"ListItem\",\"position\":3,\"name\":\"Butyylidiglykoli (CAS 112-34-5)\"}]},{\"@type\":\"WebSite\",\"@id\":\"https:\/\/masterchem.ee\/fi\/#website\",\"url\":\"https:\/\/masterchem.ee\/fi\/\",\"name\":\"Masterchem.ee\",\"description\":\"Chemistry For Industry - Solvents &amp; Chemicals\",\"publisher\":{\"@id\":\"https:\/\/masterchem.ee\/fi\/#organization\"},\"potentialAction\":[{\"@type\":\"SearchAction\",\"target\":{\"@type\":\"EntryPoint\",\"urlTemplate\":\"https:\/\/masterchem.ee\/fi\/?s={search_term_string}\"},\"query-input\":{\"@type\":\"PropertyValueSpecification\",\"valueRequired\":true,\"valueName\":\"search_term_string\"}}],\"inLanguage\":\"fi\"},{\"@type\":\"Organization\",\"@id\":\"https:\/\/masterchem.ee\/fi\/#organization\",\"name\":\"Masterchem\",\"url\":\"https:\/\/masterchem.ee\/fi\/\",\"logo\":{\"@type\":\"ImageObject\",\"inLanguage\":\"fi\",\"@id\":\"https:\/\/masterchem.ee\/fi\/#\/schema\/logo\/image\/\",\"url\":\"https:\/\/masterchem.ee\/wp-content\/uploads\/2018\/02\/master-chem_final-1.png\",\"contentUrl\":\"https:\/\/masterchem.ee\/wp-content\/uploads\/2018\/02\/master-chem_final-1.png\",\"width\":850,\"height\":356,\"caption\":\"Masterchem\"},\"image\":{\"@id\":\"https:\/\/masterchem.ee\/fi\/#\/schema\/logo\/image\/\"}}]}<\/script>\n<!-- \/ Yoast SEO plugin. -->","yoast_head_json":{"title":"Butyylidiglykoli (CAS 112-34-5) - Chemistry For Industry - Solvents &amp; Chemicals - Masterchem.ee","description":"Dietyleeniglykolibutyylieetteri (2- (2-butoksietoksi) etanoli), glykolieetteriliuotin, on kirkas neste, jolla on eritt\u00e4in v\u00e4h\u00e4inen haju ja korkea kiehumispiste. Se toimii maalien ja lakkojen liuotinaineena kemianteollisuudessa, kotitalouksien pesuaineissa, keittovalmisteissa ja tekstiilien k\u00e4sittelyss\u00e4. My\u00f6s ainetta k\u00e4ytet\u00e4\u00e4n raaka-aineena kemiallisessa synteesiss\u00e4. CAS 112-34-5","robots":{"index":"index","follow":"follow","max-snippet":"max-snippet:-1","max-image-preview":"max-image-preview:large","max-video-preview":"max-video-preview:-1"},"canonical":"https:\/\/masterchem.ee\/fi\/tooted-ja-teenused\/butyylidi-glykoli\/","twitter_card":"summary_large_image","twitter_title":"Butyylidiglykoli (CAS 112-34-5) - Chemistry For Industry - Solvents &amp; Chemicals - Masterchem.ee","twitter_description":"Dietyleeniglykolibutyylieetteri (2- (2-butoksietoksi) etanoli), glykolieetteriliuotin, on kirkas neste, jolla on eritt\u00e4in v\u00e4h\u00e4inen haju ja korkea kiehumispiste. Se toimii maalien ja lakkojen liuotinaineena kemianteollisuudessa, kotitalouksien pesuaineissa, keittovalmisteissa ja tekstiilien k\u00e4sittelyss\u00e4. My\u00f6s ainetta k\u00e4ytet\u00e4\u00e4n raaka-aineena kemiallisessa synteesiss\u00e4. CAS 112-34-5","twitter_image":"https:\/\/masterchem.ee\/wp-content\/uploads\/2018\/02\/BUTYLDIGLYCOL-1000l-MasterChem.jpg","twitter_misc":{"Arvioitu lukuaika":"2 minuuttia"},"schema":{"@context":"https:\/\/schema.org","@graph":[{"@type":"WebPage","@id":"https:\/\/masterchem.ee\/fi\/tooted-ja-teenused\/butyylidi-glykoli\/","url":"https:\/\/masterchem.ee\/fi\/tooted-ja-teenused\/butyylidi-glykoli\/","name":"Butyylidiglykoli (CAS 112-34-5) - Chemistry For Industry - Solvents &amp; Chemicals - Masterchem.ee","isPartOf":{"@id":"https:\/\/masterchem.ee\/fi\/#website"},"primaryImageOfPage":{"@id":"https:\/\/masterchem.ee\/fi\/tooted-ja-teenused\/butyylidi-glykoli\/#primaryimage"},"image":{"@id":"https:\/\/masterchem.ee\/fi\/tooted-ja-teenused\/butyylidi-glykoli\/#primaryimage"},"thumbnailUrl":"https:\/\/masterchem.ee\/wp-content\/uploads\/2018\/02\/BUTYLDIGLYCOL-1000l-MasterChem.jpg","datePublished":"2018-02-28T17:14:13+00:00","dateModified":"2021-05-25T22:54:32+00:00","description":"Dietyleeniglykolibutyylieetteri (2- (2-butoksietoksi) etanoli), glykolieetteriliuotin, on kirkas neste, jolla on eritt\u00e4in v\u00e4h\u00e4inen haju ja korkea kiehumispiste. Se toimii maalien ja lakkojen liuotinaineena kemianteollisuudessa, kotitalouksien pesuaineissa, keittovalmisteissa ja tekstiilien k\u00e4sittelyss\u00e4. My\u00f6s ainetta k\u00e4ytet\u00e4\u00e4n raaka-aineena kemiallisessa synteesiss\u00e4. CAS 112-34-5","breadcrumb":{"@id":"https:\/\/masterchem.ee\/fi\/tooted-ja-teenused\/butyylidi-glykoli\/#breadcrumb"},"inLanguage":"fi","potentialAction":[{"@type":"ReadAction","target":["https:\/\/masterchem.ee\/fi\/tooted-ja-teenused\/butyylidi-glykoli\/"]}]},{"@type":"ImageObject","inLanguage":"fi","@id":"https:\/\/masterchem.ee\/fi\/tooted-ja-teenused\/butyylidi-glykoli\/#primaryimage","url":"https:\/\/masterchem.ee\/wp-content\/uploads\/2018\/02\/BUTYLDIGLYCOL-1000l-MasterChem.jpg","contentUrl":"https:\/\/masterchem.ee\/wp-content\/uploads\/2018\/02\/BUTYLDIGLYCOL-1000l-MasterChem.jpg","width":1000,"height":1000,"caption":"Butyylidi glykoli 1000l MasterChem"},{"@type":"BreadcrumbList","@id":"https:\/\/masterchem.ee\/fi\/tooted-ja-teenused\/butyylidi-glykoli\/#breadcrumb","itemListElement":[{"@type":"ListItem","position":1,"name":"Home","item":"https:\/\/masterchem.ee\/fi\/"},{"@type":"ListItem","position":2,"name":"Tooted ja teenused","item":"https:\/\/masterchem.ee\/tooted-ja-teenused\/"},{"@type":"ListItem","position":3,"name":"Butyylidiglykoli (CAS 112-34-5)"}]},{"@type":"WebSite","@id":"https:\/\/masterchem.ee\/fi\/#website","url":"https:\/\/masterchem.ee\/fi\/","name":"Masterchem.ee","description":"Chemistry For Industry - Solvents &amp; Chemicals","publisher":{"@id":"https:\/\/masterchem.ee\/fi\/#organization"},"potentialAction":[{"@type":"SearchAction","target":{"@type":"EntryPoint","urlTemplate":"https:\/\/masterchem.ee\/fi\/?s={search_term_string}"},"query-input":{"@type":"PropertyValueSpecification","valueRequired":true,"valueName":"search_term_string"}}],"inLanguage":"fi"},{"@type":"Organization","@id":"https:\/\/masterchem.ee\/fi\/#organization","name":"Masterchem","url":"https:\/\/masterchem.ee\/fi\/","logo":{"@type":"ImageObject","inLanguage":"fi","@id":"https:\/\/masterchem.ee\/fi\/#\/schema\/logo\/image\/","url":"https:\/\/masterchem.ee\/wp-content\/uploads\/2018\/02\/master-chem_final-1.png","contentUrl":"https:\/\/masterchem.ee\/wp-content\/uploads\/2018\/02\/master-chem_final-1.png","width":850,"height":356,"caption":"Masterchem"},"image":{"@id":"https:\/\/masterchem.ee\/fi\/#\/schema\/logo\/image\/"}}]}},"_links":{"self":[{"href":"https:\/\/masterchem.ee\/fi\/wp-json\/wp\/v2\/product\/781","targetHints":{"allow":["GET"]}}],"collection":[{"href":"https:\/\/masterchem.ee\/fi\/wp-json\/wp\/v2\/product"}],"about":[{"href":"https:\/\/masterchem.ee\/fi\/wp-json\/wp\/v2\/types\/product"}],"wp:featuredmedia":[{"embeddable":true,"href":"https:\/\/masterchem.ee\/fi\/wp-json\/wp\/v2\/media\/6323"}],"wp:attachment":[{"href":"https:\/\/masterchem.ee\/fi\/wp-json\/wp\/v2\/media?parent=781"}],"wp:term":[{"taxonomy":"product_brand","embeddable":true,"href":"https:\/\/masterchem.ee\/fi\/wp-json\/wp\/v2\/product_brand?post=781"},{"taxonomy":"product_cat","embeddable":true,"href":"https:\/\/masterchem.ee\/fi\/wp-json\/wp\/v2\/product_cat?post=781"},{"taxonomy":"product_tag","embeddable":true,"href":"https:\/\/masterchem.ee\/fi\/wp-json\/wp\/v2\/product_tag?post=781"}],"curies":[{"name":"wp","href":"https:\/\/api.w.org\/{rel}","templated":true}]}}