{"id":7806,"date":"2020-08-13T15:15:37","date_gmt":"2020-08-13T15:15:37","guid":{"rendered":"https:\/\/masterchem.ee\/?post_type=product&#038;p=7806"},"modified":"2021-05-25T20:48:05","modified_gmt":"2021-05-25T20:48:05","slug":"xylene","status":"publish","type":"product","link":"https:\/\/masterchem.ee\/fi\/tooted-ja-teenused\/xylene\/","title":{"rendered":"Xylene (CAS 1330-20-7)"},"content":{"rendered":"<p><strong>K\u00e4ytt\u00f6 ja k\u00e4ytt\u00f6:<\/strong><br \/>\n* K\u00e4ytet\u00e4\u00e4n ohentimena alkydi- ja epoksimaaleille, pohjamaaleille, lakoille, musteille, lakoille.<br \/>\n* Kumien, kumien, hartsien, lakkaus- ja maalipinnoitteiden liuotin<br \/>\n* Se sis\u00e4ltyy usein yleiskomponenttien tai tiettyjen liuottimien koostumukseen.<br \/>\n* Betoniakryylitiivisteess\u00e4 ksyleeni\u00e4 k\u00e4ytet\u00e4\u00e4n kantajaliuottimena.<br \/>\n* Tahrojen poistamiseen kuivatuista vesidispersiomaaleista ja liimoista eri pinnoilla, mukaan lukien laatat, laminaatit, muovit, PVC ja muut. pinnoille.<br \/>\n* Polymeeripakkausten valmistuksessa.<\/p>\n<p><strong>Pakkaus:<\/strong><\/p>\n<p>0,5L metallipullo<br \/>\n5L muovikanisteri<br \/>\n10L muovis\u00e4ili\u00f6<br \/>\n20L metallikauha un<br \/>\n25L muovis\u00e4ili\u00f6<br \/>\n200L tynnyri<br \/>\n640L IBC-s\u00e4ili\u00f6<br \/>\n1000L IBC-s\u00e4ili\u00f6<\/p>\n<p><strong>Fyysiset ominaisuudet:<\/strong><br \/>\nTiheys ja faasi: 0,864 g \/ ml, neste<br \/>\nL\u00e4mp\u00f6ominaisuudet<br \/>\nL\u00e4mp\u00f6tila<br \/>\nSulamispiste: -47,4 \u00b0 C<br \/>\nKiehumispiste: 138,5 \u00b0 C<br \/>\nLeimahduspiste: 30 \u00b0 C<\/p>\n<p>CAS-numero: 1330-20-7<br \/>\nEY \/ luettelonumero: 215-535-7<\/p>\n","protected":false},"excerpt":{"rendered":"<p>Ksyleeni on aromaattinen hiilivety, jota k\u00e4ytet\u00e4\u00e4n laajalti teollisuudessa ja l\u00e4\u00e4ketieteellisess\u00e4 tekniikassa liuottimena. Se on v\u00e4rit\u00f6nt\u00e4, makeahajuista nestett\u00e4 tai kaasua, jota esiintyy luonnostaan \u00f6ljyss\u00e4, kivihiiless\u00e4 ja puutervassa, ja se on nimetty siksi, koska sit\u00e4 esiintyy raakapuun v\u00e4kev\u00e4ss\u00e4 alkoholissa (kre. Xy`lon-puu). Sill\u00e4 on kemiallinen kaava C6H4 (CH3) 2 ja sit\u00e4 kutsutaan &#8221;dimetyylibentseeniksi&#8221;, koska se koostuu kuuden hiilen renkaasta, johon kaksi metyyliryhm\u00e4\u00e4 on sitoutunut. Se esiintyy kolmessa isomeerimuodossa: orto-, meta- ja para-ksyleeni.<br \/>\nKsyleeni\u00e4 k\u00e4ytet\u00e4\u00e4n liuottimena paino-, kumi-, maali- ja nahateollisuudessa. Sit\u00e4 l\u00f6ytyy pienin\u00e4 m\u00e4\u00e4rin\u00e4 lentokoneen polttoaineessa, bensiiniss\u00e4 ja tupakansavussa. Hammasl\u00e4\u00e4ketieteess\u00e4 ksyleeni\u00e4 k\u00e4ytet\u00e4\u00e4n histologisissa laboratorioissa kudosten prosessoinnissa, v\u00e4rj\u00e4yksess\u00e4 ja peitteen liukastumisessa sek\u00e4 endodontisessa uudelleenk\u00e4sittelyss\u00e4 guttapercha-liuottimena. Sen korkea vakavaraisuuskerroin sallii alkoholin maksimaalisen syrj\u00e4ytymisen ja tekee kudoksesta l\u00e4pin\u00e4kyv\u00e4n, mik\u00e4 parantaa parafiinin tunkeutumista. V\u00e4rj\u00e4ysprosesseissa sen erinomaiset vahanpoisto- ja puhdistusominaisuudet edist\u00e4v\u00e4t loistavasti v\u00e4rj\u00e4ttyj\u00e4 dioja.<\/p>\n<p>CAS: 1330-20-7<\/p>\n","protected":false},"featured_media":7840,"template":"","meta":[],"product_brand":[],"product_cat":[180,120],"product_tag":[],"class_list":{"0":"post-7806","1":"product","2":"type-product","3":"status-publish","4":"has-post-thumbnail","6":"product_cat-uncategorized-fi-2","7":"product_cat-laaketeollisuus","8":"pif-has-gallery","10":"first","11":"instock","12":"taxable","13":"shipping-taxable","14":"purchasable","15":"product-type-variable","16":"has-default-attributes"},"yoast_head":"<!-- This site is optimized with the Yoast SEO plugin v26.2 - https:\/\/yoast.com\/wordpress\/plugins\/seo\/ -->\n<title>Xylene (CAS 1330-20-7) - Chemistry For Industry - Solvents &amp; Chemicals - Masterchem.ee<\/title>\n<meta name=\"description\" content=\"Ksyleeni on aromaattinen hiilivety, jota k\u00e4ytet\u00e4\u00e4n laajalti teollisuudessa ja l\u00e4\u00e4ketieteellisess\u00e4 tekniikassa liuottimena. CAS: 1330-20-7\" \/>\n<meta name=\"robots\" content=\"index, follow, max-snippet:-1, max-image-preview:large, max-video-preview:-1\" \/>\n<link rel=\"canonical\" href=\"https:\/\/masterchem.ee\/fi\/tooted-ja-teenused\/xylene\/\" \/>\n<meta name=\"twitter:card\" content=\"summary_large_image\" \/>\n<meta name=\"twitter:title\" content=\"Xylene (CAS 1330-20-7) - Chemistry For Industry - Solvents &amp; Chemicals - Masterchem.ee\" \/>\n<meta name=\"twitter:description\" content=\"Ksyleeni on aromaattinen hiilivety, jota k\u00e4ytet\u00e4\u00e4n laajalti teollisuudessa ja l\u00e4\u00e4ketieteellisess\u00e4 tekniikassa liuottimena. CAS: 1330-20-7\" \/>\n<meta name=\"twitter:image\" content=\"https:\/\/masterchem.ee\/wp-content\/uploads\/2020\/08\/Ksuleen-1000l-MasterChem.jpg\" \/>\n<meta name=\"twitter:label1\" content=\"Arvioitu lukuaika\" \/>\n\t<meta name=\"twitter:data1\" content=\"1 minuutti\" \/>\n<script type=\"application\/ld+json\" class=\"yoast-schema-graph\">{\"@context\":\"https:\/\/schema.org\",\"@graph\":[{\"@type\":\"WebPage\",\"@id\":\"https:\/\/masterchem.ee\/fi\/tooted-ja-teenused\/xylene\/\",\"url\":\"https:\/\/masterchem.ee\/fi\/tooted-ja-teenused\/xylene\/\",\"name\":\"Xylene (CAS 1330-20-7) - Chemistry For Industry - Solvents &amp; Chemicals - Masterchem.ee\",\"isPartOf\":{\"@id\":\"https:\/\/masterchem.ee\/fi\/#website\"},\"primaryImageOfPage\":{\"@id\":\"https:\/\/masterchem.ee\/fi\/tooted-ja-teenused\/xylene\/#primaryimage\"},\"image\":{\"@id\":\"https:\/\/masterchem.ee\/fi\/tooted-ja-teenused\/xylene\/#primaryimage\"},\"thumbnailUrl\":\"https:\/\/masterchem.ee\/wp-content\/uploads\/2020\/08\/Ksuleen-1000l-MasterChem.jpg\",\"datePublished\":\"2020-08-13T15:15:37+00:00\",\"dateModified\":\"2021-05-25T20:48:05+00:00\",\"description\":\"Ksyleeni on aromaattinen hiilivety, jota k\u00e4ytet\u00e4\u00e4n laajalti teollisuudessa ja l\u00e4\u00e4ketieteellisess\u00e4 tekniikassa liuottimena. CAS: 1330-20-7\",\"breadcrumb\":{\"@id\":\"https:\/\/masterchem.ee\/fi\/tooted-ja-teenused\/xylene\/#breadcrumb\"},\"inLanguage\":\"fi\",\"potentialAction\":[{\"@type\":\"ReadAction\",\"target\":[\"https:\/\/masterchem.ee\/fi\/tooted-ja-teenused\/xylene\/\"]}]},{\"@type\":\"ImageObject\",\"inLanguage\":\"fi\",\"@id\":\"https:\/\/masterchem.ee\/fi\/tooted-ja-teenused\/xylene\/#primaryimage\",\"url\":\"https:\/\/masterchem.ee\/wp-content\/uploads\/2020\/08\/Ksuleen-1000l-MasterChem.jpg\",\"contentUrl\":\"https:\/\/masterchem.ee\/wp-content\/uploads\/2020\/08\/Ksuleen-1000l-MasterChem.jpg\",\"width\":1000,\"height\":1000,\"caption\":\"Ks\u00fcleen 1000l MaterChem\"},{\"@type\":\"BreadcrumbList\",\"@id\":\"https:\/\/masterchem.ee\/fi\/tooted-ja-teenused\/xylene\/#breadcrumb\",\"itemListElement\":[{\"@type\":\"ListItem\",\"position\":1,\"name\":\"Home\",\"item\":\"https:\/\/masterchem.ee\/fi\/\"},{\"@type\":\"ListItem\",\"position\":2,\"name\":\"Tooted ja teenused\",\"item\":\"https:\/\/masterchem.ee\/tooted-ja-teenused\/\"},{\"@type\":\"ListItem\",\"position\":3,\"name\":\"Xylene (CAS 1330-20-7)\"}]},{\"@type\":\"WebSite\",\"@id\":\"https:\/\/masterchem.ee\/fi\/#website\",\"url\":\"https:\/\/masterchem.ee\/fi\/\",\"name\":\"Masterchem.ee\",\"description\":\"Chemistry For Industry - Solvents &amp; Chemicals\",\"publisher\":{\"@id\":\"https:\/\/masterchem.ee\/fi\/#organization\"},\"potentialAction\":[{\"@type\":\"SearchAction\",\"target\":{\"@type\":\"EntryPoint\",\"urlTemplate\":\"https:\/\/masterchem.ee\/fi\/?s={search_term_string}\"},\"query-input\":{\"@type\":\"PropertyValueSpecification\",\"valueRequired\":true,\"valueName\":\"search_term_string\"}}],\"inLanguage\":\"fi\"},{\"@type\":\"Organization\",\"@id\":\"https:\/\/masterchem.ee\/fi\/#organization\",\"name\":\"Masterchem\",\"url\":\"https:\/\/masterchem.ee\/fi\/\",\"logo\":{\"@type\":\"ImageObject\",\"inLanguage\":\"fi\",\"@id\":\"https:\/\/masterchem.ee\/fi\/#\/schema\/logo\/image\/\",\"url\":\"https:\/\/masterchem.ee\/wp-content\/uploads\/2018\/02\/master-chem_final-1.png\",\"contentUrl\":\"https:\/\/masterchem.ee\/wp-content\/uploads\/2018\/02\/master-chem_final-1.png\",\"width\":850,\"height\":356,\"caption\":\"Masterchem\"},\"image\":{\"@id\":\"https:\/\/masterchem.ee\/fi\/#\/schema\/logo\/image\/\"}}]}<\/script>\n<!-- \/ Yoast SEO plugin. -->","yoast_head_json":{"title":"Xylene (CAS 1330-20-7) - Chemistry For Industry - Solvents &amp; Chemicals - Masterchem.ee","description":"Ksyleeni on aromaattinen hiilivety, jota k\u00e4ytet\u00e4\u00e4n laajalti teollisuudessa ja l\u00e4\u00e4ketieteellisess\u00e4 tekniikassa liuottimena. CAS: 1330-20-7","robots":{"index":"index","follow":"follow","max-snippet":"max-snippet:-1","max-image-preview":"max-image-preview:large","max-video-preview":"max-video-preview:-1"},"canonical":"https:\/\/masterchem.ee\/fi\/tooted-ja-teenused\/xylene\/","twitter_card":"summary_large_image","twitter_title":"Xylene (CAS 1330-20-7) - Chemistry For Industry - Solvents &amp; Chemicals - Masterchem.ee","twitter_description":"Ksyleeni on aromaattinen hiilivety, jota k\u00e4ytet\u00e4\u00e4n laajalti teollisuudessa ja l\u00e4\u00e4ketieteellisess\u00e4 tekniikassa liuottimena. CAS: 1330-20-7","twitter_image":"https:\/\/masterchem.ee\/wp-content\/uploads\/2020\/08\/Ksuleen-1000l-MasterChem.jpg","twitter_misc":{"Arvioitu lukuaika":"1 minuutti"},"schema":{"@context":"https:\/\/schema.org","@graph":[{"@type":"WebPage","@id":"https:\/\/masterchem.ee\/fi\/tooted-ja-teenused\/xylene\/","url":"https:\/\/masterchem.ee\/fi\/tooted-ja-teenused\/xylene\/","name":"Xylene (CAS 1330-20-7) - Chemistry For Industry - Solvents &amp; Chemicals - Masterchem.ee","isPartOf":{"@id":"https:\/\/masterchem.ee\/fi\/#website"},"primaryImageOfPage":{"@id":"https:\/\/masterchem.ee\/fi\/tooted-ja-teenused\/xylene\/#primaryimage"},"image":{"@id":"https:\/\/masterchem.ee\/fi\/tooted-ja-teenused\/xylene\/#primaryimage"},"thumbnailUrl":"https:\/\/masterchem.ee\/wp-content\/uploads\/2020\/08\/Ksuleen-1000l-MasterChem.jpg","datePublished":"2020-08-13T15:15:37+00:00","dateModified":"2021-05-25T20:48:05+00:00","description":"Ksyleeni on aromaattinen hiilivety, jota k\u00e4ytet\u00e4\u00e4n laajalti teollisuudessa ja l\u00e4\u00e4ketieteellisess\u00e4 tekniikassa liuottimena. CAS: 1330-20-7","breadcrumb":{"@id":"https:\/\/masterchem.ee\/fi\/tooted-ja-teenused\/xylene\/#breadcrumb"},"inLanguage":"fi","potentialAction":[{"@type":"ReadAction","target":["https:\/\/masterchem.ee\/fi\/tooted-ja-teenused\/xylene\/"]}]},{"@type":"ImageObject","inLanguage":"fi","@id":"https:\/\/masterchem.ee\/fi\/tooted-ja-teenused\/xylene\/#primaryimage","url":"https:\/\/masterchem.ee\/wp-content\/uploads\/2020\/08\/Ksuleen-1000l-MasterChem.jpg","contentUrl":"https:\/\/masterchem.ee\/wp-content\/uploads\/2020\/08\/Ksuleen-1000l-MasterChem.jpg","width":1000,"height":1000,"caption":"Ks\u00fcleen 1000l MaterChem"},{"@type":"BreadcrumbList","@id":"https:\/\/masterchem.ee\/fi\/tooted-ja-teenused\/xylene\/#breadcrumb","itemListElement":[{"@type":"ListItem","position":1,"name":"Home","item":"https:\/\/masterchem.ee\/fi\/"},{"@type":"ListItem","position":2,"name":"Tooted ja teenused","item":"https:\/\/masterchem.ee\/tooted-ja-teenused\/"},{"@type":"ListItem","position":3,"name":"Xylene (CAS 1330-20-7)"}]},{"@type":"WebSite","@id":"https:\/\/masterchem.ee\/fi\/#website","url":"https:\/\/masterchem.ee\/fi\/","name":"Masterchem.ee","description":"Chemistry For Industry - Solvents &amp; Chemicals","publisher":{"@id":"https:\/\/masterchem.ee\/fi\/#organization"},"potentialAction":[{"@type":"SearchAction","target":{"@type":"EntryPoint","urlTemplate":"https:\/\/masterchem.ee\/fi\/?s={search_term_string}"},"query-input":{"@type":"PropertyValueSpecification","valueRequired":true,"valueName":"search_term_string"}}],"inLanguage":"fi"},{"@type":"Organization","@id":"https:\/\/masterchem.ee\/fi\/#organization","name":"Masterchem","url":"https:\/\/masterchem.ee\/fi\/","logo":{"@type":"ImageObject","inLanguage":"fi","@id":"https:\/\/masterchem.ee\/fi\/#\/schema\/logo\/image\/","url":"https:\/\/masterchem.ee\/wp-content\/uploads\/2018\/02\/master-chem_final-1.png","contentUrl":"https:\/\/masterchem.ee\/wp-content\/uploads\/2018\/02\/master-chem_final-1.png","width":850,"height":356,"caption":"Masterchem"},"image":{"@id":"https:\/\/masterchem.ee\/fi\/#\/schema\/logo\/image\/"}}]}},"_links":{"self":[{"href":"https:\/\/masterchem.ee\/fi\/wp-json\/wp\/v2\/product\/7806","targetHints":{"allow":["GET"]}}],"collection":[{"href":"https:\/\/masterchem.ee\/fi\/wp-json\/wp\/v2\/product"}],"about":[{"href":"https:\/\/masterchem.ee\/fi\/wp-json\/wp\/v2\/types\/product"}],"wp:featuredmedia":[{"embeddable":true,"href":"https:\/\/masterchem.ee\/fi\/wp-json\/wp\/v2\/media\/7840"}],"wp:attachment":[{"href":"https:\/\/masterchem.ee\/fi\/wp-json\/wp\/v2\/media?parent=7806"}],"wp:term":[{"taxonomy":"product_brand","embeddable":true,"href":"https:\/\/masterchem.ee\/fi\/wp-json\/wp\/v2\/product_brand?post=7806"},{"taxonomy":"product_cat","embeddable":true,"href":"https:\/\/masterchem.ee\/fi\/wp-json\/wp\/v2\/product_cat?post=7806"},{"taxonomy":"product_tag","embeddable":true,"href":"https:\/\/masterchem.ee\/fi\/wp-json\/wp\/v2\/product_tag?post=7806"}],"curies":[{"name":"wp","href":"https:\/\/api.w.org\/{rel}","templated":true}]}}