{"id":779,"date":"2018-02-28T17:12:02","date_gmt":"2018-02-28T17:12:02","guid":{"rendered":"https:\/\/masterchem.ee\/product\/n-butyyliasetaatti\/"},"modified":"2021-06-27T07:37:17","modified_gmt":"2021-06-27T07:37:17","slug":"butyyliasetaatti","status":"publish","type":"product","link":"https:\/\/masterchem.ee\/fi\/tooted-ja-teenused\/butyyliasetaatti\/","title":{"rendered":"Butyyliasetaatti (CAS 123-86-4)"},"content":{"rendered":"<p><strong>K\u00e4ytt\u00f6 ja k\u00e4ytt\u00f6:<\/strong><\/p>\n<p>\u2022 Maalien ja lakkojen muodostavien materiaalien saamiseksi lakat ja maalit laimennetaan ennen k\u00e4ytt\u00f6\u00e4 lakan lis\u00e4aineena lakkojen ominaisuuksien parantamiseksi.<\/p>\n<p>\u2022 Liuotin \u00f6ljyihin, rasvoihin, synteettisiin ja luonnonhartseihin, selluloosaeettereihin, klooripohjaisiin kumeihin, vinyylipolymeereihin, liimoihin. Sit\u00e4 esiintyy usein universaaleissa monikomponenttisissa liuottimissa.<\/p>\n<p>\u2022 Elektroniikkatehtaiden pienten osien rasvanpoistoon.<\/p>\n<p>\u2022 parkituslaitoksissa parkitusaineena ja liuottimena luonnon- ja tekonahan k\u00e4sittelyyn.<\/p>\n<p>\u2022 Kosmetologiassa ja elintarviketeollisuudessa &#8211; on osa monia hajusteiden koostumuksia ja hedelmi\u00e4, my\u00f6s ruokaa. Sit\u00e4 k\u00e4ytet\u00e4\u00e4n aromaattisten aineiden ja er\u00e4iden muiden aineiden, kuten kofeiinin, uuttamiseen kahvipavuista.<\/p>\n<p>\u2022 Sit\u00e4 k\u00e4ytet\u00e4\u00e4n l\u00e4\u00e4kkeiss\u00e4 antibioottien ja muiden l\u00e4\u00e4kkeiden saamiseksi.<\/p>\n<p>\u2022 Mukana kynsilakanpoistoaineet.<\/p>\n<p>\u2022 Pakkauksissa, folion valmistuksessa.<\/p>\n<p><strong>Pakkaus:<\/strong><\/p>\n<p>0,5L metallipullo<br \/>\n5L muovikanisteri<br \/>\n10L muovis\u00e4ili\u00f6<br \/>\n20L metallikauha un<br \/>\n25L muovis\u00e4ili\u00f6<br \/>\n200L tynnyri<br \/>\n640L IBC-s\u00e4ili\u00f6<br \/>\n1000L IBC-s\u00e4ili\u00f6<\/p>\n<p><strong>Fyysiset ominaisuudet:<\/strong><\/p>\n<p>L\u00e4mp\u00f6ominaisuudet<br \/>\nL\u00e4mp\u00f6tila<br \/>\nSulamispiste: -76 \u00b0 C<br \/>\nKiehumispiste: 124-128 \u00b0 C<br \/>\nSalama: 25-29 \u00b0 C<br \/>\nHAKEMISTO: 607-025-00-1<br \/>\nCAS: 123-86-4<br \/>\nEY: 204-658-1<\/p>\n","protected":false},"excerpt":{"rendered":"<p>Butyyliasetaatti on virtaava ja haihtuva kirkas neste, v\u00e4rit\u00f6n tai hieman kellert\u00e4v\u00e4, jolla on erityinen hedelm\u00e4inen haju. Esterilaatuinen orgaaninen aine, orgaaninen liuotin. Butyyliasetaatti liukenee heikosti veteen; sekoittuu orgaanisten liuottimien ja kasvi\u00f6ljyjen kanssa. Liukenee hyvin hartsi ja rasvan. Butyyliasetaatti on hyv\u00e4 liuotin nitroselluloosa-, kumi-, glyfalaattihartseille ja muille maali- ja lakateollisuudessa k\u00e4ytett\u00e4ville kalvon muodostaville aineille. Sit\u00e4 on l\u00e4sn\u00e4 monissa monikomponenttisissa liuottimissa, kuten liuottimissa 646 ja 648.<br \/>\nKemiallisesti &#8211; tyypillinen estereiden edustaja. Reagoi happojen, em\u00e4sten, vetyjen, alkoholien, hydroksyyliamiinin, hydratsiinin, metalliorgaanisten yhdisteiden kanssa. Muodostaa amideja ammoniakin kanssa. Kuumennettaessa hajoaa kaasumaisten ja palavien hiilivetyjen &#8211; buteenien &#8211; kehittyess\u00e4. K\u00e4yt\u00e4nn\u00f6ss\u00e4 ei reagoi hapettimien kanssa.<\/p>\n<p><a target=\"_blank\" href=\"https:\/\/masterchem.ee\/wp-content\/uploads\/2018\/02\/Butuulatsetaat-MasterChem-TDS.pdf\" class=\"pdf\" alt=\"Butyyliasetaatti tuotteen kuvaus (TDS)\" title=\"Butyyliasetaatti tuotteen kuvaus (TDS)\" rel=\"noopener\">Butyyliasetaatti tuotteen kuvaus (TDS)<\/a><\/p>\n","protected":false},"featured_media":4646,"template":"","meta":[],"product_brand":[],"product_cat":[180,294,286,118,258,153,114,154,152],"product_tag":[],"class_list":{"0":"post-779","1":"product","2":"type-product","3":"status-publish","4":"has-post-thumbnail","6":"product_cat-uncategorized-fi-2","7":"product_cat-kosmetiikkateollisuus","8":"product_cat-maalit-ja-lakat","9":"product_cat-metallikemikaalit","10":"product_cat-muovi-fi","11":"product_cat-puunjalostuskemikaalit","12":"product_cat-rakennusteollisuus","13":"product_cat-tien-maalaus","14":"product_cat-tipografiset-kemikaalit","15":"pif-has-gallery","17":"first","18":"instock","19":"featured","20":"taxable","21":"shipping-taxable","22":"purchasable","23":"product-type-variable","24":"has-default-attributes"},"yoast_head":"<!-- This site is optimized with the Yoast SEO plugin v26.2 - https:\/\/yoast.com\/wordpress\/plugins\/seo\/ -->\n<title>Butyyliasetaatti (CAS 123-86-4) - Chemistry For Industry - Solvents &amp; Chemicals - Masterchem.ee<\/title>\n<meta name=\"description\" content=\"Butyyliasetaatti on virtaava ja haihtuva kirkas neste, v\u00e4rit\u00f6n tai hieman kellert\u00e4v\u00e4, jolla on erityinen hedelm\u00e4inen haju. Esterilaatuinen orgaaninen aine, orgaaninen liuotin. Butyyliasetaatti liukenee heikosti veteen; sekoittuu orgaanisten liuottimien ja kasvi\u00f6ljyjen kanssa.\" \/>\n<meta name=\"robots\" content=\"index, follow, max-snippet:-1, max-image-preview:large, max-video-preview:-1\" \/>\n<link rel=\"canonical\" href=\"https:\/\/masterchem.ee\/fi\/tooted-ja-teenused\/butyyliasetaatti\/\" \/>\n<meta name=\"twitter:card\" content=\"summary_large_image\" \/>\n<meta name=\"twitter:title\" content=\"Butyyliasetaatti (CAS 123-86-4) - Chemistry For Industry - Solvents &amp; Chemicals - Masterchem.ee\" \/>\n<meta name=\"twitter:description\" content=\"Butyyliasetaatti on virtaava ja haihtuva kirkas neste, v\u00e4rit\u00f6n tai hieman kellert\u00e4v\u00e4, jolla on erityinen hedelm\u00e4inen haju. Esterilaatuinen orgaaninen aine, orgaaninen liuotin. Butyyliasetaatti liukenee heikosti veteen; sekoittuu orgaanisten liuottimien ja kasvi\u00f6ljyjen kanssa.\" \/>\n<meta name=\"twitter:image\" content=\"https:\/\/masterchem.ee\/wp-content\/uploads\/2018\/02\/Butuulatsetaat_880kg_MaterChem-1.jpg\" \/>\n<meta name=\"twitter:label1\" content=\"Arvioitu lukuaika\" \/>\n\t<meta name=\"twitter:data1\" content=\"1 minuutti\" \/>\n<script type=\"application\/ld+json\" class=\"yoast-schema-graph\">{\"@context\":\"https:\/\/schema.org\",\"@graph\":[{\"@type\":\"WebPage\",\"@id\":\"https:\/\/masterchem.ee\/fi\/tooted-ja-teenused\/butyyliasetaatti\/\",\"url\":\"https:\/\/masterchem.ee\/fi\/tooted-ja-teenused\/butyyliasetaatti\/\",\"name\":\"Butyyliasetaatti (CAS 123-86-4) - Chemistry For Industry - Solvents &amp; Chemicals - Masterchem.ee\",\"isPartOf\":{\"@id\":\"https:\/\/masterchem.ee\/fi\/#website\"},\"primaryImageOfPage\":{\"@id\":\"https:\/\/masterchem.ee\/fi\/tooted-ja-teenused\/butyyliasetaatti\/#primaryimage\"},\"image\":{\"@id\":\"https:\/\/masterchem.ee\/fi\/tooted-ja-teenused\/butyyliasetaatti\/#primaryimage\"},\"thumbnailUrl\":\"https:\/\/masterchem.ee\/wp-content\/uploads\/2018\/02\/Butuulatsetaat_880kg_MaterChem-1.jpg\",\"datePublished\":\"2018-02-28T17:12:02+00:00\",\"dateModified\":\"2021-06-27T07:37:17+00:00\",\"description\":\"Butyyliasetaatti on virtaava ja haihtuva kirkas neste, v\u00e4rit\u00f6n tai hieman kellert\u00e4v\u00e4, jolla on erityinen hedelm\u00e4inen haju. Esterilaatuinen orgaaninen aine, orgaaninen liuotin. Butyyliasetaatti liukenee heikosti veteen; sekoittuu orgaanisten liuottimien ja kasvi\u00f6ljyjen kanssa.\",\"breadcrumb\":{\"@id\":\"https:\/\/masterchem.ee\/fi\/tooted-ja-teenused\/butyyliasetaatti\/#breadcrumb\"},\"inLanguage\":\"fi\",\"potentialAction\":[{\"@type\":\"ReadAction\",\"target\":[\"https:\/\/masterchem.ee\/fi\/tooted-ja-teenused\/butyyliasetaatti\/\"]}]},{\"@type\":\"ImageObject\",\"inLanguage\":\"fi\",\"@id\":\"https:\/\/masterchem.ee\/fi\/tooted-ja-teenused\/butyyliasetaatti\/#primaryimage\",\"url\":\"https:\/\/masterchem.ee\/wp-content\/uploads\/2018\/02\/Butuulatsetaat_880kg_MaterChem-1.jpg\",\"contentUrl\":\"https:\/\/masterchem.ee\/wp-content\/uploads\/2018\/02\/Butuulatsetaat_880kg_MaterChem-1.jpg\",\"width\":1000,\"height\":1000,\"caption\":\"Butyyliasetaatti 880kg MaterChem\"},{\"@type\":\"BreadcrumbList\",\"@id\":\"https:\/\/masterchem.ee\/fi\/tooted-ja-teenused\/butyyliasetaatti\/#breadcrumb\",\"itemListElement\":[{\"@type\":\"ListItem\",\"position\":1,\"name\":\"Home\",\"item\":\"https:\/\/masterchem.ee\/fi\/\"},{\"@type\":\"ListItem\",\"position\":2,\"name\":\"Tooted ja teenused\",\"item\":\"https:\/\/masterchem.ee\/tooted-ja-teenused\/\"},{\"@type\":\"ListItem\",\"position\":3,\"name\":\"Butyyliasetaatti (CAS 123-86-4)\"}]},{\"@type\":\"WebSite\",\"@id\":\"https:\/\/masterchem.ee\/fi\/#website\",\"url\":\"https:\/\/masterchem.ee\/fi\/\",\"name\":\"Masterchem.ee\",\"description\":\"Chemistry For Industry - Solvents &amp; Chemicals\",\"publisher\":{\"@id\":\"https:\/\/masterchem.ee\/fi\/#organization\"},\"potentialAction\":[{\"@type\":\"SearchAction\",\"target\":{\"@type\":\"EntryPoint\",\"urlTemplate\":\"https:\/\/masterchem.ee\/fi\/?s={search_term_string}\"},\"query-input\":{\"@type\":\"PropertyValueSpecification\",\"valueRequired\":true,\"valueName\":\"search_term_string\"}}],\"inLanguage\":\"fi\"},{\"@type\":\"Organization\",\"@id\":\"https:\/\/masterchem.ee\/fi\/#organization\",\"name\":\"Masterchem\",\"url\":\"https:\/\/masterchem.ee\/fi\/\",\"logo\":{\"@type\":\"ImageObject\",\"inLanguage\":\"fi\",\"@id\":\"https:\/\/masterchem.ee\/fi\/#\/schema\/logo\/image\/\",\"url\":\"https:\/\/masterchem.ee\/wp-content\/uploads\/2018\/02\/master-chem_final-1.png\",\"contentUrl\":\"https:\/\/masterchem.ee\/wp-content\/uploads\/2018\/02\/master-chem_final-1.png\",\"width\":850,\"height\":356,\"caption\":\"Masterchem\"},\"image\":{\"@id\":\"https:\/\/masterchem.ee\/fi\/#\/schema\/logo\/image\/\"}}]}<\/script>\n<!-- \/ Yoast SEO plugin. -->","yoast_head_json":{"title":"Butyyliasetaatti (CAS 123-86-4) - Chemistry For Industry - Solvents &amp; Chemicals - Masterchem.ee","description":"Butyyliasetaatti on virtaava ja haihtuva kirkas neste, v\u00e4rit\u00f6n tai hieman kellert\u00e4v\u00e4, jolla on erityinen hedelm\u00e4inen haju. Esterilaatuinen orgaaninen aine, orgaaninen liuotin. Butyyliasetaatti liukenee heikosti veteen; sekoittuu orgaanisten liuottimien ja kasvi\u00f6ljyjen kanssa.","robots":{"index":"index","follow":"follow","max-snippet":"max-snippet:-1","max-image-preview":"max-image-preview:large","max-video-preview":"max-video-preview:-1"},"canonical":"https:\/\/masterchem.ee\/fi\/tooted-ja-teenused\/butyyliasetaatti\/","twitter_card":"summary_large_image","twitter_title":"Butyyliasetaatti (CAS 123-86-4) - Chemistry For Industry - Solvents &amp; Chemicals - Masterchem.ee","twitter_description":"Butyyliasetaatti on virtaava ja haihtuva kirkas neste, v\u00e4rit\u00f6n tai hieman kellert\u00e4v\u00e4, jolla on erityinen hedelm\u00e4inen haju. Esterilaatuinen orgaaninen aine, orgaaninen liuotin. Butyyliasetaatti liukenee heikosti veteen; sekoittuu orgaanisten liuottimien ja kasvi\u00f6ljyjen kanssa.","twitter_image":"https:\/\/masterchem.ee\/wp-content\/uploads\/2018\/02\/Butuulatsetaat_880kg_MaterChem-1.jpg","twitter_misc":{"Arvioitu lukuaika":"1 minuutti"},"schema":{"@context":"https:\/\/schema.org","@graph":[{"@type":"WebPage","@id":"https:\/\/masterchem.ee\/fi\/tooted-ja-teenused\/butyyliasetaatti\/","url":"https:\/\/masterchem.ee\/fi\/tooted-ja-teenused\/butyyliasetaatti\/","name":"Butyyliasetaatti (CAS 123-86-4) - Chemistry For Industry - Solvents &amp; Chemicals - Masterchem.ee","isPartOf":{"@id":"https:\/\/masterchem.ee\/fi\/#website"},"primaryImageOfPage":{"@id":"https:\/\/masterchem.ee\/fi\/tooted-ja-teenused\/butyyliasetaatti\/#primaryimage"},"image":{"@id":"https:\/\/masterchem.ee\/fi\/tooted-ja-teenused\/butyyliasetaatti\/#primaryimage"},"thumbnailUrl":"https:\/\/masterchem.ee\/wp-content\/uploads\/2018\/02\/Butuulatsetaat_880kg_MaterChem-1.jpg","datePublished":"2018-02-28T17:12:02+00:00","dateModified":"2021-06-27T07:37:17+00:00","description":"Butyyliasetaatti on virtaava ja haihtuva kirkas neste, v\u00e4rit\u00f6n tai hieman kellert\u00e4v\u00e4, jolla on erityinen hedelm\u00e4inen haju. Esterilaatuinen orgaaninen aine, orgaaninen liuotin. Butyyliasetaatti liukenee heikosti veteen; sekoittuu orgaanisten liuottimien ja kasvi\u00f6ljyjen kanssa.","breadcrumb":{"@id":"https:\/\/masterchem.ee\/fi\/tooted-ja-teenused\/butyyliasetaatti\/#breadcrumb"},"inLanguage":"fi","potentialAction":[{"@type":"ReadAction","target":["https:\/\/masterchem.ee\/fi\/tooted-ja-teenused\/butyyliasetaatti\/"]}]},{"@type":"ImageObject","inLanguage":"fi","@id":"https:\/\/masterchem.ee\/fi\/tooted-ja-teenused\/butyyliasetaatti\/#primaryimage","url":"https:\/\/masterchem.ee\/wp-content\/uploads\/2018\/02\/Butuulatsetaat_880kg_MaterChem-1.jpg","contentUrl":"https:\/\/masterchem.ee\/wp-content\/uploads\/2018\/02\/Butuulatsetaat_880kg_MaterChem-1.jpg","width":1000,"height":1000,"caption":"Butyyliasetaatti 880kg MaterChem"},{"@type":"BreadcrumbList","@id":"https:\/\/masterchem.ee\/fi\/tooted-ja-teenused\/butyyliasetaatti\/#breadcrumb","itemListElement":[{"@type":"ListItem","position":1,"name":"Home","item":"https:\/\/masterchem.ee\/fi\/"},{"@type":"ListItem","position":2,"name":"Tooted ja teenused","item":"https:\/\/masterchem.ee\/tooted-ja-teenused\/"},{"@type":"ListItem","position":3,"name":"Butyyliasetaatti (CAS 123-86-4)"}]},{"@type":"WebSite","@id":"https:\/\/masterchem.ee\/fi\/#website","url":"https:\/\/masterchem.ee\/fi\/","name":"Masterchem.ee","description":"Chemistry For Industry - Solvents &amp; Chemicals","publisher":{"@id":"https:\/\/masterchem.ee\/fi\/#organization"},"potentialAction":[{"@type":"SearchAction","target":{"@type":"EntryPoint","urlTemplate":"https:\/\/masterchem.ee\/fi\/?s={search_term_string}"},"query-input":{"@type":"PropertyValueSpecification","valueRequired":true,"valueName":"search_term_string"}}],"inLanguage":"fi"},{"@type":"Organization","@id":"https:\/\/masterchem.ee\/fi\/#organization","name":"Masterchem","url":"https:\/\/masterchem.ee\/fi\/","logo":{"@type":"ImageObject","inLanguage":"fi","@id":"https:\/\/masterchem.ee\/fi\/#\/schema\/logo\/image\/","url":"https:\/\/masterchem.ee\/wp-content\/uploads\/2018\/02\/master-chem_final-1.png","contentUrl":"https:\/\/masterchem.ee\/wp-content\/uploads\/2018\/02\/master-chem_final-1.png","width":850,"height":356,"caption":"Masterchem"},"image":{"@id":"https:\/\/masterchem.ee\/fi\/#\/schema\/logo\/image\/"}}]}},"_links":{"self":[{"href":"https:\/\/masterchem.ee\/fi\/wp-json\/wp\/v2\/product\/779","targetHints":{"allow":["GET"]}}],"collection":[{"href":"https:\/\/masterchem.ee\/fi\/wp-json\/wp\/v2\/product"}],"about":[{"href":"https:\/\/masterchem.ee\/fi\/wp-json\/wp\/v2\/types\/product"}],"wp:featuredmedia":[{"embeddable":true,"href":"https:\/\/masterchem.ee\/fi\/wp-json\/wp\/v2\/media\/4646"}],"wp:attachment":[{"href":"https:\/\/masterchem.ee\/fi\/wp-json\/wp\/v2\/media?parent=779"}],"wp:term":[{"taxonomy":"product_brand","embeddable":true,"href":"https:\/\/masterchem.ee\/fi\/wp-json\/wp\/v2\/product_brand?post=779"},{"taxonomy":"product_cat","embeddable":true,"href":"https:\/\/masterchem.ee\/fi\/wp-json\/wp\/v2\/product_cat?post=779"},{"taxonomy":"product_tag","embeddable":true,"href":"https:\/\/masterchem.ee\/fi\/wp-json\/wp\/v2\/product_tag?post=779"}],"curies":[{"name":"wp","href":"https:\/\/api.w.org\/{rel}","templated":true}]}}