{"id":7782,"date":"2020-08-07T04:49:54","date_gmt":"2020-08-07T04:49:54","guid":{"rendered":"https:\/\/masterchem.ee\/?post_type=product&#038;p=7782"},"modified":"2022-12-06T07:11:42","modified_gmt":"2022-12-06T07:11:42","slug":"sitruunahappo","status":"publish","type":"product","link":"https:\/\/masterchem.ee\/fi\/tooted-ja-teenused\/sitruunahappo\/","title":{"rendered":"Sitruunahappo (CAS 77-92-9)"},"content":{"rendered":"<p><strong>Info<\/strong><br \/>\nToimialat: kotitalouskemikaalit, kosmetiikkateollisuus, liimat, \u00f6ljyt, rasvat, puutarhanhoito, l\u00e4\u00e4keteollisuus, elintarviketeollisuus<br \/>\nCAS-numero: 77-92-9<br \/>\nWE-numero: 201-069-1<br \/>\nKemiallinen kaava: C6H8O7<br \/>\nMolekyylimassa: 192,12 g\/mol<br \/>\nTullitariffikoodi: 29181400<\/p>\n<p><strong>Muut fyysiset ominaisuudet<\/strong><br \/>\npH: 1,7 (100 g\/l)<br \/>\nSulamis-\/j\u00e4\u00e4tymispiste: 153\u00b0C (1013 hPa)<br \/>\nSuhteellinen tiheys: 1 665 g\/cm3 (20 \u00b0C)<br \/>\nLiukoisuus veteen: 590 g\/l (20\u00b0C)<\/p>\n<p>Sitruunahappo (E330) on kemiallisesti liukeneva, v\u00e4rit\u00f6n, kiteinen, ymp\u00e4rist\u00f6yst\u00e4v\u00e4llinen aine, joka liukenee kemiallisesti veteen. Veteen liuotettuna sitruunahappo luo kohtalaisen happaman ymp\u00e4rist\u00f6n, joka est\u00e4\u00e4 monien mikrobien kehittymist\u00e4 ja jolla on puhdistava ja kalkinpoistovaikutus.<\/p>\n<p>Sovellukset: Kotitaloudessa sitruunahappo on tehokas kalkinpoistoaine, sit\u00e4 k\u00e4ytet\u00e4\u00e4n l\u00e4\u00e4ketieteess\u00e4 sek\u00e4 ymp\u00e4rist\u00f6yst\u00e4v\u00e4llisiss\u00e4 pesuaineissa, lis\u00e4\u00e4 pesuaktiivisuutta ja hajoaa. Vedenpehmennyksen\u00e4 k\u00e4ytett\u00e4v\u00e4 6-prosenttinen liuos poistaa tehokkaasti saippuaa ja kalkin vaahtoa kylpyhuoneesta, huuhtelemalla pinnat my\u00f6hemmin. Ei sovellu happoherkille pinnoille. Sitruunahappo on tunnettu ravintolis\u00e4 ja s\u00e4il\u00f6nt\u00e4aine.<\/p>\n","protected":false},"excerpt":{"rendered":"<p>Sitruunahappo (IUPAC-nimi 2-hydroksipropaani-1,2,3-trikarboksyylihappo) eristettiin sitruunasta. Se on osa sitruunahapposykli\u00e4 (sitraattisykli) ihmiskehon keskeisess\u00e4 aineenvaihdunnassa (sykli alkaa sitruunahapon muodostumisesta).<\/p>\n<p>Sitruunahappoa l\u00f6ytyy my\u00f6s ihmiskehosta.<\/p>\n<p>Sitruunahappo on karboksyylihappo.<br \/>\nK\u00e4ytet\u00e4\u00e4n antikoagulanttina. Euroopan unionissa k\u00e4ytetyn E-numeron (ravintolis\u00e4merkin) mukaan sitruunahapolle annetaan tunnus E330.<\/p>\n<p>CAS: 77-92-9<\/p>\n","protected":false},"featured_media":7788,"template":"","meta":[],"product_brand":[],"product_cat":[180,294,117,120,351,290,307,122],"product_tag":[],"class_list":{"0":"post-7782","1":"product","2":"type-product","3":"status-publish","4":"has-post-thumbnail","6":"product_cat-uncategorized-fi-2","7":"product_cat-kosmetiikkateollisuus","8":"product_cat-kotitalouskemikaalit","9":"product_cat-laaketeollisuus","10":"product_cat-puutarhanhoito","11":"product_cat-rehuteollisuus","12":"product_cat-ruokateollisuus","13":"product_cat-teollisuuskemikaalit","15":"first","16":"instock","17":"taxable","18":"shipping-taxable","19":"purchasable","20":"product-type-variable","21":"has-default-attributes"},"yoast_head":"<!-- This site is optimized with the Yoast SEO plugin v26.2 - https:\/\/yoast.com\/wordpress\/plugins\/seo\/ -->\n<title>Sitruunahappo (CAS 77-92-9) - Chemistry For Industry - Solvents &amp; Chemicals - Masterchem.ee<\/title>\n<meta name=\"description\" content=\"Sitruunahappo (E330) on kemiallisesti liukeneva, v\u00e4rit\u00f6n, kiteinen, ymp\u00e4rist\u00f6yst\u00e4v\u00e4llinen aine, joka liukenee kemiallisesti veteen. CAS: 77-92-9\" \/>\n<meta name=\"robots\" content=\"index, follow, max-snippet:-1, max-image-preview:large, max-video-preview:-1\" \/>\n<link rel=\"canonical\" href=\"https:\/\/masterchem.ee\/fi\/tooted-ja-teenused\/sitruunahappo\/\" \/>\n<meta name=\"twitter:card\" content=\"summary_large_image\" \/>\n<meta name=\"twitter:title\" content=\"Sitruunahappo (CAS 77-92-9) - Chemistry For Industry - Solvents &amp; Chemicals - Masterchem.ee\" \/>\n<meta name=\"twitter:description\" content=\"Sitruunahappo (E330) on kemiallisesti liukeneva, v\u00e4rit\u00f6n, kiteinen, ymp\u00e4rist\u00f6yst\u00e4v\u00e4llinen aine, joka liukenee kemiallisesti veteen. CAS: 77-92-9\" \/>\n<meta name=\"twitter:image\" content=\"https:\/\/masterchem.ee\/wp-content\/uploads\/2020\/08\/Sidrunhape-MasterChem-20kg.png\" \/>\n<meta name=\"twitter:label1\" content=\"Arvioitu lukuaika\" \/>\n\t<meta name=\"twitter:data1\" content=\"1 minuutti\" \/>\n<script type=\"application\/ld+json\" class=\"yoast-schema-graph\">{\"@context\":\"https:\/\/schema.org\",\"@graph\":[{\"@type\":\"WebPage\",\"@id\":\"https:\/\/masterchem.ee\/fi\/tooted-ja-teenused\/sitruunahappo\/\",\"url\":\"https:\/\/masterchem.ee\/fi\/tooted-ja-teenused\/sitruunahappo\/\",\"name\":\"Sitruunahappo (CAS 77-92-9) - Chemistry For Industry - Solvents &amp; Chemicals - Masterchem.ee\",\"isPartOf\":{\"@id\":\"https:\/\/masterchem.ee\/fi\/#website\"},\"primaryImageOfPage\":{\"@id\":\"https:\/\/masterchem.ee\/fi\/tooted-ja-teenused\/sitruunahappo\/#primaryimage\"},\"image\":{\"@id\":\"https:\/\/masterchem.ee\/fi\/tooted-ja-teenused\/sitruunahappo\/#primaryimage\"},\"thumbnailUrl\":\"https:\/\/masterchem.ee\/wp-content\/uploads\/2020\/08\/Sidrunhape-MasterChem-20kg.png\",\"datePublished\":\"2020-08-07T04:49:54+00:00\",\"dateModified\":\"2022-12-06T07:11:42+00:00\",\"description\":\"Sitruunahappo (E330) on kemiallisesti liukeneva, v\u00e4rit\u00f6n, kiteinen, ymp\u00e4rist\u00f6yst\u00e4v\u00e4llinen aine, joka liukenee kemiallisesti veteen. CAS: 77-92-9\",\"breadcrumb\":{\"@id\":\"https:\/\/masterchem.ee\/fi\/tooted-ja-teenused\/sitruunahappo\/#breadcrumb\"},\"inLanguage\":\"fi\",\"potentialAction\":[{\"@type\":\"ReadAction\",\"target\":[\"https:\/\/masterchem.ee\/fi\/tooted-ja-teenused\/sitruunahappo\/\"]}]},{\"@type\":\"ImageObject\",\"inLanguage\":\"fi\",\"@id\":\"https:\/\/masterchem.ee\/fi\/tooted-ja-teenused\/sitruunahappo\/#primaryimage\",\"url\":\"https:\/\/masterchem.ee\/wp-content\/uploads\/2020\/08\/Sidrunhape-MasterChem-20kg.png\",\"contentUrl\":\"https:\/\/masterchem.ee\/wp-content\/uploads\/2020\/08\/Sidrunhape-MasterChem-20kg.png\",\"width\":500,\"height\":330,\"caption\":\"Sitruunahappo MasterChem 20kg\"},{\"@type\":\"BreadcrumbList\",\"@id\":\"https:\/\/masterchem.ee\/fi\/tooted-ja-teenused\/sitruunahappo\/#breadcrumb\",\"itemListElement\":[{\"@type\":\"ListItem\",\"position\":1,\"name\":\"Home\",\"item\":\"https:\/\/masterchem.ee\/fi\/\"},{\"@type\":\"ListItem\",\"position\":2,\"name\":\"Tooted ja teenused\",\"item\":\"https:\/\/masterchem.ee\/tooted-ja-teenused\/\"},{\"@type\":\"ListItem\",\"position\":3,\"name\":\"Sitruunahappo (CAS 77-92-9)\"}]},{\"@type\":\"WebSite\",\"@id\":\"https:\/\/masterchem.ee\/fi\/#website\",\"url\":\"https:\/\/masterchem.ee\/fi\/\",\"name\":\"Masterchem.ee\",\"description\":\"Chemistry For Industry - Solvents &amp; Chemicals\",\"publisher\":{\"@id\":\"https:\/\/masterchem.ee\/fi\/#organization\"},\"potentialAction\":[{\"@type\":\"SearchAction\",\"target\":{\"@type\":\"EntryPoint\",\"urlTemplate\":\"https:\/\/masterchem.ee\/fi\/?s={search_term_string}\"},\"query-input\":{\"@type\":\"PropertyValueSpecification\",\"valueRequired\":true,\"valueName\":\"search_term_string\"}}],\"inLanguage\":\"fi\"},{\"@type\":\"Organization\",\"@id\":\"https:\/\/masterchem.ee\/fi\/#organization\",\"name\":\"Masterchem\",\"url\":\"https:\/\/masterchem.ee\/fi\/\",\"logo\":{\"@type\":\"ImageObject\",\"inLanguage\":\"fi\",\"@id\":\"https:\/\/masterchem.ee\/fi\/#\/schema\/logo\/image\/\",\"url\":\"https:\/\/masterchem.ee\/wp-content\/uploads\/2018\/02\/master-chem_final-1.png\",\"contentUrl\":\"https:\/\/masterchem.ee\/wp-content\/uploads\/2018\/02\/master-chem_final-1.png\",\"width\":850,\"height\":356,\"caption\":\"Masterchem\"},\"image\":{\"@id\":\"https:\/\/masterchem.ee\/fi\/#\/schema\/logo\/image\/\"}}]}<\/script>\n<!-- \/ Yoast SEO plugin. -->","yoast_head_json":{"title":"Sitruunahappo (CAS 77-92-9) - Chemistry For Industry - Solvents &amp; Chemicals - Masterchem.ee","description":"Sitruunahappo (E330) on kemiallisesti liukeneva, v\u00e4rit\u00f6n, kiteinen, ymp\u00e4rist\u00f6yst\u00e4v\u00e4llinen aine, joka liukenee kemiallisesti veteen. CAS: 77-92-9","robots":{"index":"index","follow":"follow","max-snippet":"max-snippet:-1","max-image-preview":"max-image-preview:large","max-video-preview":"max-video-preview:-1"},"canonical":"https:\/\/masterchem.ee\/fi\/tooted-ja-teenused\/sitruunahappo\/","twitter_card":"summary_large_image","twitter_title":"Sitruunahappo (CAS 77-92-9) - Chemistry For Industry - Solvents &amp; Chemicals - Masterchem.ee","twitter_description":"Sitruunahappo (E330) on kemiallisesti liukeneva, v\u00e4rit\u00f6n, kiteinen, ymp\u00e4rist\u00f6yst\u00e4v\u00e4llinen aine, joka liukenee kemiallisesti veteen. CAS: 77-92-9","twitter_image":"https:\/\/masterchem.ee\/wp-content\/uploads\/2020\/08\/Sidrunhape-MasterChem-20kg.png","twitter_misc":{"Arvioitu lukuaika":"1 minuutti"},"schema":{"@context":"https:\/\/schema.org","@graph":[{"@type":"WebPage","@id":"https:\/\/masterchem.ee\/fi\/tooted-ja-teenused\/sitruunahappo\/","url":"https:\/\/masterchem.ee\/fi\/tooted-ja-teenused\/sitruunahappo\/","name":"Sitruunahappo (CAS 77-92-9) - Chemistry For Industry - Solvents &amp; Chemicals - Masterchem.ee","isPartOf":{"@id":"https:\/\/masterchem.ee\/fi\/#website"},"primaryImageOfPage":{"@id":"https:\/\/masterchem.ee\/fi\/tooted-ja-teenused\/sitruunahappo\/#primaryimage"},"image":{"@id":"https:\/\/masterchem.ee\/fi\/tooted-ja-teenused\/sitruunahappo\/#primaryimage"},"thumbnailUrl":"https:\/\/masterchem.ee\/wp-content\/uploads\/2020\/08\/Sidrunhape-MasterChem-20kg.png","datePublished":"2020-08-07T04:49:54+00:00","dateModified":"2022-12-06T07:11:42+00:00","description":"Sitruunahappo (E330) on kemiallisesti liukeneva, v\u00e4rit\u00f6n, kiteinen, ymp\u00e4rist\u00f6yst\u00e4v\u00e4llinen aine, joka liukenee kemiallisesti veteen. CAS: 77-92-9","breadcrumb":{"@id":"https:\/\/masterchem.ee\/fi\/tooted-ja-teenused\/sitruunahappo\/#breadcrumb"},"inLanguage":"fi","potentialAction":[{"@type":"ReadAction","target":["https:\/\/masterchem.ee\/fi\/tooted-ja-teenused\/sitruunahappo\/"]}]},{"@type":"ImageObject","inLanguage":"fi","@id":"https:\/\/masterchem.ee\/fi\/tooted-ja-teenused\/sitruunahappo\/#primaryimage","url":"https:\/\/masterchem.ee\/wp-content\/uploads\/2020\/08\/Sidrunhape-MasterChem-20kg.png","contentUrl":"https:\/\/masterchem.ee\/wp-content\/uploads\/2020\/08\/Sidrunhape-MasterChem-20kg.png","width":500,"height":330,"caption":"Sitruunahappo MasterChem 20kg"},{"@type":"BreadcrumbList","@id":"https:\/\/masterchem.ee\/fi\/tooted-ja-teenused\/sitruunahappo\/#breadcrumb","itemListElement":[{"@type":"ListItem","position":1,"name":"Home","item":"https:\/\/masterchem.ee\/fi\/"},{"@type":"ListItem","position":2,"name":"Tooted ja teenused","item":"https:\/\/masterchem.ee\/tooted-ja-teenused\/"},{"@type":"ListItem","position":3,"name":"Sitruunahappo (CAS 77-92-9)"}]},{"@type":"WebSite","@id":"https:\/\/masterchem.ee\/fi\/#website","url":"https:\/\/masterchem.ee\/fi\/","name":"Masterchem.ee","description":"Chemistry For Industry - Solvents &amp; Chemicals","publisher":{"@id":"https:\/\/masterchem.ee\/fi\/#organization"},"potentialAction":[{"@type":"SearchAction","target":{"@type":"EntryPoint","urlTemplate":"https:\/\/masterchem.ee\/fi\/?s={search_term_string}"},"query-input":{"@type":"PropertyValueSpecification","valueRequired":true,"valueName":"search_term_string"}}],"inLanguage":"fi"},{"@type":"Organization","@id":"https:\/\/masterchem.ee\/fi\/#organization","name":"Masterchem","url":"https:\/\/masterchem.ee\/fi\/","logo":{"@type":"ImageObject","inLanguage":"fi","@id":"https:\/\/masterchem.ee\/fi\/#\/schema\/logo\/image\/","url":"https:\/\/masterchem.ee\/wp-content\/uploads\/2018\/02\/master-chem_final-1.png","contentUrl":"https:\/\/masterchem.ee\/wp-content\/uploads\/2018\/02\/master-chem_final-1.png","width":850,"height":356,"caption":"Masterchem"},"image":{"@id":"https:\/\/masterchem.ee\/fi\/#\/schema\/logo\/image\/"}}]}},"_links":{"self":[{"href":"https:\/\/masterchem.ee\/fi\/wp-json\/wp\/v2\/product\/7782","targetHints":{"allow":["GET"]}}],"collection":[{"href":"https:\/\/masterchem.ee\/fi\/wp-json\/wp\/v2\/product"}],"about":[{"href":"https:\/\/masterchem.ee\/fi\/wp-json\/wp\/v2\/types\/product"}],"wp:featuredmedia":[{"embeddable":true,"href":"https:\/\/masterchem.ee\/fi\/wp-json\/wp\/v2\/media\/7788"}],"wp:attachment":[{"href":"https:\/\/masterchem.ee\/fi\/wp-json\/wp\/v2\/media?parent=7782"}],"wp:term":[{"taxonomy":"product_brand","embeddable":true,"href":"https:\/\/masterchem.ee\/fi\/wp-json\/wp\/v2\/product_brand?post=7782"},{"taxonomy":"product_cat","embeddable":true,"href":"https:\/\/masterchem.ee\/fi\/wp-json\/wp\/v2\/product_cat?post=7782"},{"taxonomy":"product_tag","embeddable":true,"href":"https:\/\/masterchem.ee\/fi\/wp-json\/wp\/v2\/product_tag?post=7782"}],"curies":[{"name":"wp","href":"https:\/\/api.w.org\/{rel}","templated":true}]}}