{"id":7603,"date":"2020-07-22T20:20:04","date_gmt":"2020-07-22T20:20:06","guid":{"rendered":"https:\/\/masterchem.ee\/?post_type=product&#038;p=7603"},"modified":"2021-05-25T20:55:18","modified_gmt":"2021-05-25T20:55:18","slug":"natriumhydroksidia","status":"publish","type":"product","link":"https:\/\/masterchem.ee\/fi\/tooted-ja-teenused\/natriumhydroksidia\/","title":{"rendered":"Natriumhydroksidia (CAS 1310-73-2)"},"content":{"rendered":"<p><strong> Natriumhydroksidin kuvaus: <\/strong><br \/>\nRakeet \/ liuos 50%<br \/>\nTila: valkoiset hiutaleet tai rakeet<br \/>\npH vahvasti em\u00e4ksinen<br \/>\nj\u00e4\u00e4tymispiste: 318 \u00b0 C \/ 15 \u00b0 C<br \/>\nkiehumispiste: 1390 \u00b0 C \/ &#8211;<br \/>\nSuhteellinen tiheys (20 \u00b0 C): &#8211; \/ 1,52 \u00f7 1,55 g \/ cm3<br \/>\nLiukoisuus veteen (20 \u00b0 C): Liukenee veteen kaikissa suhteissa, eksoterminen<\/p>\n<p><strong> Natriumhydroksidin k\u00e4sittely: <\/strong><br \/>\nK\u00e4sittele ilmastoidussa tilassa k\u00e4ytt\u00e4m\u00e4ll\u00e4 sopivia suojavarusteita. V\u00e4lt\u00e4 kosketusta aineen kanssa, h\u00f6yryjen \/ p\u00f6lyjen hengitt\u00e4mist\u00e4. Pese huolellisesti k\u00e4sittelyn j\u00e4lkeen, poista saastuneet vaatteet, pese ennen uudelleenk\u00e4ytt\u00f6\u00e4. Kaada aine laimennettaessa veteen, ei p\u00e4invastoin. Natriumhydroksidi vapauttaa voimakasta l\u00e4mp\u00f6\u00e4 sekoitettuna veteen. Aine on hygroskooppinen.<br \/>\nK\u00e4sittele hyv\u00e4n ty\u00f6hygienian ja turvallisuusk\u00e4yt\u00e4nn\u00f6n mukaisesti. \u00c4l\u00e4 sy\u00f6, juo tai tupakoi ty\u00f6n aikana. K\u00e4yt\u00e4 suojavoidetta. Pese k\u00e4det ennen sy\u00f6mist\u00e4. Pese saastuneet vaatteet ennen uudelleenk\u00e4ytt\u00f6\u00e4.<\/p>\n<p><strong> Tuotteen kuvaus: <\/strong><br \/>\nLiuos \/ rakeet 50%<br \/>\nTila: valkoiset hiutaleet tai rakeet<br \/>\npH vahvasti em\u00e4ksinen<br \/>\nj\u00e4\u00e4tymispiste: 318 \u00b0 C \/ 15 \u00b0 C<br \/>\nkiehumispiste: 1390 \u00b0 C \/ &#8211;<br \/>\nSuhteellinen tiheys (20 \u00b0 C): &#8211; \/ 1,52 \u00f7 1,55 g \/ cm3<br \/>\nLiukoisuus veteen (20 \u00b0 C): Liukenee veteen kaikissa suhteissa, eksoterminen<\/p>\n<p><strong> Natriumhydroksidin k\u00e4sittelyohjeet <\/strong><\/p>\n<p>\u00c4l\u00e4 tupakoi, juo tai sy\u00f6 k\u00e4sittelyn aikana. V\u00e4lt\u00e4 kosketusta aineen kanssa. \u00c4l\u00e4 my\u00f6sk\u00e4\u00e4n hengit\u00e4 h\u00f6yry\u00e4 tai p\u00f6ly\u00e4. On suositeltavaa k\u00e4ytt\u00e4\u00e4 suojavoidetta paljaalle iholle. Pese k\u00e4det huolellisesti ennen sy\u00f6mist\u00e4. Pese huolellisesti k\u00e4sittelyn j\u00e4lkeen, muista pest\u00e4 saastuneet vaatteet ennen uudelleenk\u00e4ytt\u00f6\u00e4.<br \/>\nNatriumhydroksidia laimennettaessa aine on kaadettava veteen &#8211; miss\u00e4\u00e4n tapauksessa p\u00e4invastoin ei ole hygroskooppista. Veteen sekoitettuna aine vapautuu voimakkaassa kuumuudessa.<br \/>\nK\u00e4yt\u00e4 hyv\u00e4n ty\u00f6hygienian ja turvallisuusk\u00e4yt\u00e4nn\u00f6n mukaisesti.<\/p>\n","protected":false},"excerpt":{"rendered":"<p>Molecular formula of sodium hydroxide: NaOH<br \/>\nINDEX: 011-002-00-6<br \/>\nCAS: 1310-73-2<br \/>\nEC: 215-185-5<\/p>\n","protected":false},"featured_media":7625,"template":"","meta":[],"product_brand":[],"product_cat":[180,294,323,258,122,227],"product_tag":[],"class_list":{"0":"post-7603","1":"product","2":"type-product","3":"status-publish","4":"has-post-thumbnail","6":"product_cat-uncategorized-fi-2","7":"product_cat-kosmetiikkateollisuus","8":"product_cat-lannoitteet","9":"product_cat-muovi-fi","10":"product_cat-teollisuuskemikaalit","11":"product_cat-uncategorised-fi","13":"first","14":"instock","15":"taxable","16":"shipping-taxable","17":"purchasable","18":"product-type-variable","19":"has-default-attributes"},"yoast_head":"<!-- This site is optimized with the Yoast SEO plugin v26.2 - https:\/\/yoast.com\/wordpress\/plugins\/seo\/ -->\n<title>Natriumhydroksidia (CAS 1310-73-2) - Chemistry For Industry - Solvents &amp; Chemicals - Masterchem.ee<\/title>\n<meta name=\"description\" content=\"atriumhydroksidi, joka tunnetaan my\u00f6s nimell\u00e4 suolaliuos ja kaustinen sooda, on ep\u00e4orgaaninen yhdiste, jolla on kaava NaOH. CAS: 1310-73-2\" \/>\n<meta name=\"robots\" content=\"index, follow, max-snippet:-1, max-image-preview:large, max-video-preview:-1\" \/>\n<link rel=\"canonical\" href=\"https:\/\/masterchem.ee\/fi\/tooted-ja-teenused\/natriumhydroksidia\/\" \/>\n<meta name=\"twitter:card\" content=\"summary_large_image\" \/>\n<meta name=\"twitter:title\" content=\"Natriumhydroksidia (CAS 1310-73-2) - Chemistry For Industry - Solvents &amp; Chemicals - Masterchem.ee\" \/>\n<meta name=\"twitter:description\" content=\"atriumhydroksidi, joka tunnetaan my\u00f6s nimell\u00e4 suolaliuos ja kaustinen sooda, on ep\u00e4orgaaninen yhdiste, jolla on kaava NaOH. CAS: 1310-73-2\" \/>\n<meta name=\"twitter:image\" content=\"https:\/\/masterchem.ee\/wp-content\/uploads\/2020\/07\/755px-SodiumHydroxide.jpg\" \/>\n<meta name=\"twitter:label1\" content=\"Arvioitu lukuaika\" \/>\n\t<meta name=\"twitter:data1\" content=\"1 minuutti\" \/>\n<script type=\"application\/ld+json\" class=\"yoast-schema-graph\">{\"@context\":\"https:\/\/schema.org\",\"@graph\":[{\"@type\":\"WebPage\",\"@id\":\"https:\/\/masterchem.ee\/fi\/tooted-ja-teenused\/natriumhydroksidia\/\",\"url\":\"https:\/\/masterchem.ee\/fi\/tooted-ja-teenused\/natriumhydroksidia\/\",\"name\":\"Natriumhydroksidia (CAS 1310-73-2) - Chemistry For Industry - Solvents &amp; Chemicals - Masterchem.ee\",\"isPartOf\":{\"@id\":\"https:\/\/masterchem.ee\/fi\/#website\"},\"primaryImageOfPage\":{\"@id\":\"https:\/\/masterchem.ee\/fi\/tooted-ja-teenused\/natriumhydroksidia\/#primaryimage\"},\"image\":{\"@id\":\"https:\/\/masterchem.ee\/fi\/tooted-ja-teenused\/natriumhydroksidia\/#primaryimage\"},\"thumbnailUrl\":\"https:\/\/masterchem.ee\/wp-content\/uploads\/2020\/07\/755px-SodiumHydroxide.jpg\",\"datePublished\":\"2020-07-22T20:20:06+00:00\",\"dateModified\":\"2021-05-25T20:55:18+00:00\",\"description\":\"atriumhydroksidi, joka tunnetaan my\u00f6s nimell\u00e4 suolaliuos ja kaustinen sooda, on ep\u00e4orgaaninen yhdiste, jolla on kaava NaOH. CAS: 1310-73-2\",\"breadcrumb\":{\"@id\":\"https:\/\/masterchem.ee\/fi\/tooted-ja-teenused\/natriumhydroksidia\/#breadcrumb\"},\"inLanguage\":\"fi\",\"potentialAction\":[{\"@type\":\"ReadAction\",\"target\":[\"https:\/\/masterchem.ee\/fi\/tooted-ja-teenused\/natriumhydroksidia\/\"]}]},{\"@type\":\"ImageObject\",\"inLanguage\":\"fi\",\"@id\":\"https:\/\/masterchem.ee\/fi\/tooted-ja-teenused\/natriumhydroksidia\/#primaryimage\",\"url\":\"https:\/\/masterchem.ee\/wp-content\/uploads\/2020\/07\/755px-SodiumHydroxide.jpg\",\"contentUrl\":\"https:\/\/masterchem.ee\/wp-content\/uploads\/2020\/07\/755px-SodiumHydroxide.jpg\",\"width\":755,\"height\":600,\"caption\":\"Natriumhydroksidia MasterChem\"},{\"@type\":\"BreadcrumbList\",\"@id\":\"https:\/\/masterchem.ee\/fi\/tooted-ja-teenused\/natriumhydroksidia\/#breadcrumb\",\"itemListElement\":[{\"@type\":\"ListItem\",\"position\":1,\"name\":\"Home\",\"item\":\"https:\/\/masterchem.ee\/fi\/\"},{\"@type\":\"ListItem\",\"position\":2,\"name\":\"Tooted ja teenused\",\"item\":\"https:\/\/masterchem.ee\/tooted-ja-teenused\/\"},{\"@type\":\"ListItem\",\"position\":3,\"name\":\"Natriumhydroksidia (CAS 1310-73-2)\"}]},{\"@type\":\"WebSite\",\"@id\":\"https:\/\/masterchem.ee\/fi\/#website\",\"url\":\"https:\/\/masterchem.ee\/fi\/\",\"name\":\"Masterchem.ee\",\"description\":\"Chemistry For Industry - Solvents &amp; Chemicals\",\"publisher\":{\"@id\":\"https:\/\/masterchem.ee\/fi\/#organization\"},\"potentialAction\":[{\"@type\":\"SearchAction\",\"target\":{\"@type\":\"EntryPoint\",\"urlTemplate\":\"https:\/\/masterchem.ee\/fi\/?s={search_term_string}\"},\"query-input\":{\"@type\":\"PropertyValueSpecification\",\"valueRequired\":true,\"valueName\":\"search_term_string\"}}],\"inLanguage\":\"fi\"},{\"@type\":\"Organization\",\"@id\":\"https:\/\/masterchem.ee\/fi\/#organization\",\"name\":\"Masterchem\",\"url\":\"https:\/\/masterchem.ee\/fi\/\",\"logo\":{\"@type\":\"ImageObject\",\"inLanguage\":\"fi\",\"@id\":\"https:\/\/masterchem.ee\/fi\/#\/schema\/logo\/image\/\",\"url\":\"https:\/\/masterchem.ee\/wp-content\/uploads\/2018\/02\/master-chem_final-1.png\",\"contentUrl\":\"https:\/\/masterchem.ee\/wp-content\/uploads\/2018\/02\/master-chem_final-1.png\",\"width\":850,\"height\":356,\"caption\":\"Masterchem\"},\"image\":{\"@id\":\"https:\/\/masterchem.ee\/fi\/#\/schema\/logo\/image\/\"}}]}<\/script>\n<!-- \/ Yoast SEO plugin. -->","yoast_head_json":{"title":"Natriumhydroksidia (CAS 1310-73-2) - Chemistry For Industry - Solvents &amp; Chemicals - Masterchem.ee","description":"atriumhydroksidi, joka tunnetaan my\u00f6s nimell\u00e4 suolaliuos ja kaustinen sooda, on ep\u00e4orgaaninen yhdiste, jolla on kaava NaOH. CAS: 1310-73-2","robots":{"index":"index","follow":"follow","max-snippet":"max-snippet:-1","max-image-preview":"max-image-preview:large","max-video-preview":"max-video-preview:-1"},"canonical":"https:\/\/masterchem.ee\/fi\/tooted-ja-teenused\/natriumhydroksidia\/","twitter_card":"summary_large_image","twitter_title":"Natriumhydroksidia (CAS 1310-73-2) - Chemistry For Industry - Solvents &amp; Chemicals - Masterchem.ee","twitter_description":"atriumhydroksidi, joka tunnetaan my\u00f6s nimell\u00e4 suolaliuos ja kaustinen sooda, on ep\u00e4orgaaninen yhdiste, jolla on kaava NaOH. CAS: 1310-73-2","twitter_image":"https:\/\/masterchem.ee\/wp-content\/uploads\/2020\/07\/755px-SodiumHydroxide.jpg","twitter_misc":{"Arvioitu lukuaika":"1 minuutti"},"schema":{"@context":"https:\/\/schema.org","@graph":[{"@type":"WebPage","@id":"https:\/\/masterchem.ee\/fi\/tooted-ja-teenused\/natriumhydroksidia\/","url":"https:\/\/masterchem.ee\/fi\/tooted-ja-teenused\/natriumhydroksidia\/","name":"Natriumhydroksidia (CAS 1310-73-2) - Chemistry For Industry - Solvents &amp; Chemicals - Masterchem.ee","isPartOf":{"@id":"https:\/\/masterchem.ee\/fi\/#website"},"primaryImageOfPage":{"@id":"https:\/\/masterchem.ee\/fi\/tooted-ja-teenused\/natriumhydroksidia\/#primaryimage"},"image":{"@id":"https:\/\/masterchem.ee\/fi\/tooted-ja-teenused\/natriumhydroksidia\/#primaryimage"},"thumbnailUrl":"https:\/\/masterchem.ee\/wp-content\/uploads\/2020\/07\/755px-SodiumHydroxide.jpg","datePublished":"2020-07-22T20:20:06+00:00","dateModified":"2021-05-25T20:55:18+00:00","description":"atriumhydroksidi, joka tunnetaan my\u00f6s nimell\u00e4 suolaliuos ja kaustinen sooda, on ep\u00e4orgaaninen yhdiste, jolla on kaava NaOH. CAS: 1310-73-2","breadcrumb":{"@id":"https:\/\/masterchem.ee\/fi\/tooted-ja-teenused\/natriumhydroksidia\/#breadcrumb"},"inLanguage":"fi","potentialAction":[{"@type":"ReadAction","target":["https:\/\/masterchem.ee\/fi\/tooted-ja-teenused\/natriumhydroksidia\/"]}]},{"@type":"ImageObject","inLanguage":"fi","@id":"https:\/\/masterchem.ee\/fi\/tooted-ja-teenused\/natriumhydroksidia\/#primaryimage","url":"https:\/\/masterchem.ee\/wp-content\/uploads\/2020\/07\/755px-SodiumHydroxide.jpg","contentUrl":"https:\/\/masterchem.ee\/wp-content\/uploads\/2020\/07\/755px-SodiumHydroxide.jpg","width":755,"height":600,"caption":"Natriumhydroksidia MasterChem"},{"@type":"BreadcrumbList","@id":"https:\/\/masterchem.ee\/fi\/tooted-ja-teenused\/natriumhydroksidia\/#breadcrumb","itemListElement":[{"@type":"ListItem","position":1,"name":"Home","item":"https:\/\/masterchem.ee\/fi\/"},{"@type":"ListItem","position":2,"name":"Tooted ja teenused","item":"https:\/\/masterchem.ee\/tooted-ja-teenused\/"},{"@type":"ListItem","position":3,"name":"Natriumhydroksidia (CAS 1310-73-2)"}]},{"@type":"WebSite","@id":"https:\/\/masterchem.ee\/fi\/#website","url":"https:\/\/masterchem.ee\/fi\/","name":"Masterchem.ee","description":"Chemistry For Industry - Solvents &amp; Chemicals","publisher":{"@id":"https:\/\/masterchem.ee\/fi\/#organization"},"potentialAction":[{"@type":"SearchAction","target":{"@type":"EntryPoint","urlTemplate":"https:\/\/masterchem.ee\/fi\/?s={search_term_string}"},"query-input":{"@type":"PropertyValueSpecification","valueRequired":true,"valueName":"search_term_string"}}],"inLanguage":"fi"},{"@type":"Organization","@id":"https:\/\/masterchem.ee\/fi\/#organization","name":"Masterchem","url":"https:\/\/masterchem.ee\/fi\/","logo":{"@type":"ImageObject","inLanguage":"fi","@id":"https:\/\/masterchem.ee\/fi\/#\/schema\/logo\/image\/","url":"https:\/\/masterchem.ee\/wp-content\/uploads\/2018\/02\/master-chem_final-1.png","contentUrl":"https:\/\/masterchem.ee\/wp-content\/uploads\/2018\/02\/master-chem_final-1.png","width":850,"height":356,"caption":"Masterchem"},"image":{"@id":"https:\/\/masterchem.ee\/fi\/#\/schema\/logo\/image\/"}}]}},"_links":{"self":[{"href":"https:\/\/masterchem.ee\/fi\/wp-json\/wp\/v2\/product\/7603","targetHints":{"allow":["GET"]}}],"collection":[{"href":"https:\/\/masterchem.ee\/fi\/wp-json\/wp\/v2\/product"}],"about":[{"href":"https:\/\/masterchem.ee\/fi\/wp-json\/wp\/v2\/types\/product"}],"wp:featuredmedia":[{"embeddable":true,"href":"https:\/\/masterchem.ee\/fi\/wp-json\/wp\/v2\/media\/7625"}],"wp:attachment":[{"href":"https:\/\/masterchem.ee\/fi\/wp-json\/wp\/v2\/media?parent=7603"}],"wp:term":[{"taxonomy":"product_brand","embeddable":true,"href":"https:\/\/masterchem.ee\/fi\/wp-json\/wp\/v2\/product_brand?post=7603"},{"taxonomy":"product_cat","embeddable":true,"href":"https:\/\/masterchem.ee\/fi\/wp-json\/wp\/v2\/product_cat?post=7603"},{"taxonomy":"product_tag","embeddable":true,"href":"https:\/\/masterchem.ee\/fi\/wp-json\/wp\/v2\/product_tag?post=7603"}],"curies":[{"name":"wp","href":"https:\/\/api.w.org\/{rel}","templated":true}]}}