{"id":6876,"date":"2020-05-03T07:58:29","date_gmt":"2020-05-03T07:58:32","guid":{"rendered":"https:\/\/masterchem.ee\/?post_type=product&#038;p=6876"},"modified":"2021-06-27T10:29:34","modified_gmt":"2021-06-27T10:29:34","slug":"masterchlor-5000","status":"publish","type":"product","link":"https:\/\/masterchem.ee\/fi\/tooted-ja-teenused\/masterchlor-5000\/","title":{"rendered":"MasterChlor 5000"},"content":{"rendered":"<p><a href=\"https:\/\/masterchem.ee\/wp-content\/uploads\/2020\/05\/MasterChlor-5000_1.jpg\"><img loading=\"lazy\" decoding=\"async\" class=\"size-medium wp-image-6906 alignleft\" src=\"https:\/\/masterchem.ee\/wp-content\/uploads\/2020\/05\/MasterChlor-5000_1-300x206.jpg\" alt=\"\" width=\"300\" height=\"206\" srcset=\"https:\/\/masterchem.ee\/wp-content\/uploads\/2020\/05\/MasterChlor-5000_1-300x206.jpg 300w, https:\/\/masterchem.ee\/wp-content\/uploads\/2020\/05\/MasterChlor-5000_1.jpg 378w\" sizes=\"auto, (max-width: 300px) 100vw, 300px\" \/><\/a><\/p>\n<p>Desinfiointi COVID-19: st\u00e4 tulisi tehd\u00e4 0,1-prosenttisella natriumhypokloridiliuoksella (WHO: n ja terveysosaston suositus)<\/p>\n<p><strong>Kuvaus:<\/strong><\/p>\n<p>Natriumhypokloriitilla liuoksessa (MasterChlor 5000) on laaja antimikrobinen vaikutus, ja sit\u00e4 k\u00e4ytet\u00e4\u00e4n laajasti l\u00e4\u00e4ketieteellisiss\u00e4 laitoksissa erilaisissa olosuhteissa. Se laimennetaan yleens\u00e4 veteen sen k\u00e4ytt\u00f6tarkoituksesta riippuen.<\/p>\n<p>\u201dVahva klooriliuos\u201d on 0,5-prosenttinen hypokloriittiliuos (joka sis\u00e4lt\u00e4\u00e4 noin 5000 ppm vapaata klooria) huoneiden desinfioimiseksi.<\/p>\n<p>T\u00e4m\u00e4 ratkaisu on valmis k\u00e4ytett\u00e4v\u00e4ksi lattioiden ja seinien desinfiointiin julkisissa tiloissa.<\/p>\n<p><a href=\"https:\/\/www.terviseamet.ee\/sites\/default\/files\/Nakkushaigused\/Soovitused\/COVID-19\/02.03.2020_terviseameti_soovitused_puhastamiseks_ja_desinfitseerimiseks_covid-19_rus.pdf\"><strong>T\u00e4t\u00e4 tuotetta suosittelee terveysministeri\u00f6.<\/strong><\/a><\/p>\n<p>ja kuka<\/p>\n<p><a href=\"https:\/\/www.who.int\/publications-detail\/water-sanitation-hygiene-and-waste-management-for-covid-19\"><strong>Water, sanitation, hygiene and waste management for COVID-19<\/strong><\/a><\/p>\n<p><a href=\"https:\/\/masterchem.ee\/wp-content\/uploads\/2020\/05\/MasterChlor-5000_2.jpg\"><img loading=\"lazy\" decoding=\"async\" class=\"size-full wp-image-6910 alignleft\" src=\"https:\/\/masterchem.ee\/wp-content\/uploads\/2020\/05\/MasterChlor-5000_2.jpg\" alt=\"MasterChlor-5000\" width=\"246\" height=\"271\" \/><\/a><\/p>\n<p>\u201dHeikko klooriliuos\u201d on 0,05-prosenttinen hypokloriittiliuos, jota k\u00e4ytet\u00e4\u00e4n k\u00e4sien pesuun.<\/p>\n<p>Saadaksesi 0,05% liuos, sinun on laimennettava t\u00e4m\u00e4 tuote suhteessa 1:10.<\/p>\n<p>&nbsp;<\/p>\n<p><strong>sovellus:<\/strong><\/p>\n<p><strong>Natriumhypokloriittiliuosten k\u00e4ytt\u00f6:<\/strong><\/p>\n<p>Valkaisuaineen sijasta k\u00e4ytet\u00e4\u00e4n MasterChlor 5000 -liuosta. Sit\u00e4 k\u00e4ytet\u00e4\u00e4n nykyisess\u00e4, lopullisessa ja ennaltaehk\u00e4isev\u00e4ss\u00e4 desinfioinnissa infektiosairauksien kohteiden erilaisten esineiden ja eritteiden desinfiointiin sek\u00e4 erityisten esineiden desinfiointiin. Desinfiointi suoritetaan kastelulla, hankaamalla, pesem\u00e4ll\u00e4 ja liottamalla esineit\u00e4, jotka eiv\u00e4t huononnu t\u00e4ll\u00e4 k\u00e4sittelymenetelm\u00e4ll\u00e4.<\/p>\n<ul>\n<li>Huoneiden (lattiat, sein\u00e4t), yksinkertaisten puukalusteiden ja ulkoasennusten desinfiointi tehd\u00e4\u00e4n kastelemalla liuoksilla, joiden pitoisuus on 0,5% aktiivista klooria, nopeudella 300\u2013500 ml \/ m2, tunnin altistusaikana. Desinfioinnin lopussa tilat on tuuletettava.<\/li>\n<li>Astiat desinfioidaan, kun ne upotetaan kokonaan 0,25\u20130,5% aktiiviseen klooriliuokseen, riippuen ruokaj\u00e4tteist\u00e4, 1 tunniksi nopeudella 1,5 litraa liuosta 1 sarjaa kohti. Desinfioinnin lopussa astiat pest\u00e4\u00e4n huolellisesti vedell\u00e4.<\/li>\n<li>Kylpyammeet, wc: t, pesualtaat ja muut hygieniav\u00e4lineet kastetaan kahdesti runsaasti 0,5%: n konsentraatioliuoksilla.<\/li>\n<li>Jos haluat desinfioida y\u00f6ruokia desinfioidun sis\u00e4ll\u00f6n poistamisen j\u00e4lkeen, k\u00e4yt\u00e4 0,25% aktiivista kloorihypokloriittiliuosta, mink\u00e4 j\u00e4lkeen astiat pest\u00e4\u00e4n vedell\u00e4.<\/li>\n<li>Maaper\u00e4n, asfaltin ja muiden esineiden ylimm\u00e4t kerrokset desinfioidaan hypokloriitiliuoksilla, joiden pitoisuus on 0,5% aktiivista klooria, nopeudella 1,5 ml \/ m2.<\/li>\n<\/ul>\n<p><strong>Pakkaus:<\/strong><\/p>\n<p>5 lit. muovis\u00e4ili\u00f6<\/p>\n<p>25 valaistua muovis\u00e4ili\u00f6t\u00e4<\/p>\n<p>200 valaistu muovinen tynnyri UN<\/p>\n<p>500 lit. YK-kontti<\/p>\n<p>1000 lit. YK-kontti<\/p>\n<p><strong>varastointi:<\/strong><\/p>\n<p>Varastoi tuotetta l\u00e4mp\u00f6tilassa 0 \u00b0 C &#8211; +15 \u00b0 C ja \u00e4l\u00e4 altista sit\u00e4 suoralle auringonvalolle.<\/p>\n<p><strong>Fysikaaliset ominaisuudet:<\/strong><\/p>\n<p>Se liukenee veteen.<\/p>\n<p>Tiheys: 1,01 g \/ cm3 + -0,02 l\u00e4mp\u00f6tilassa 20 astetta<\/p>\n<p>V\u00e4ri: kirkas neste<\/p>\n<p>Haju: kloorin haju<\/p>\n","protected":false},"excerpt":{"rendered":"<p>Natriumhypokloriitilla liuoksessa (MasterChlor 5000) on laaja antimikrobinen vaikutus, ja sit\u00e4 k\u00e4ytet\u00e4\u00e4n laajasti l\u00e4\u00e4ketieteellisiss\u00e4 laitoksissa erilaisissa olosuhteissa. Se laimennetaan yleens\u00e4 veteen sen k\u00e4ytt\u00f6tarkoituksesta riippuen.<\/p>\n","protected":false},"featured_media":6914,"template":"","meta":[],"product_brand":[],"product_cat":[180,109,115,266,117,120,118,119,153,114,122,154,152,227],"product_tag":[],"class_list":{"0":"post-6876","1":"product","2":"type-product","3":"status-publish","4":"has-post-thumbnail","6":"product_cat-uncategorized-fi-2","7":"product_cat-anti-jaatymisnesteet","8":"product_cat-auton-ja-koneiden-kemikaalit","9":"product_cat-desinfiointiaineet","10":"product_cat-kotitalouskemikaalit","11":"product_cat-laaketeollisuus","12":"product_cat-metallikemikaalit","13":"product_cat-pakkaus","14":"product_cat-puunjalostuskemikaalit","15":"product_cat-rakennusteollisuus","16":"product_cat-teollisuuskemikaalit","17":"product_cat-tien-maalaus","18":"product_cat-tipografiset-kemikaalit","19":"product_cat-uncategorised-fi","20":"pif-has-gallery","22":"first","23":"instock","24":"taxable","25":"shipping-taxable","26":"purchasable","27":"product-type-variable","28":"has-default-attributes"},"yoast_head":"<!-- This site is optimized with the Yoast SEO plugin v26.2 - https:\/\/yoast.com\/wordpress\/plugins\/seo\/ -->\n<title>MasterChlor 5000 - Chemistry For Industry - Solvents &amp; Chemicals - Masterchem.ee<\/title>\n<meta name=\"description\" content=\"Natriumhypokloriitilla liuoksessa (MasterChlor 5000) on laaja antimikrobinen vaikutus, ja sit\u00e4 k\u00e4ytet\u00e4\u00e4n laajasti l\u00e4\u00e4ketieteellisiss\u00e4 laitoksissa erilaisissa olosuhteissa.\" \/>\n<meta name=\"robots\" content=\"index, follow, max-snippet:-1, max-image-preview:large, max-video-preview:-1\" \/>\n<link rel=\"canonical\" href=\"https:\/\/masterchem.ee\/fi\/tooted-ja-teenused\/masterchlor-5000\/\" \/>\n<meta name=\"twitter:card\" content=\"summary_large_image\" \/>\n<meta name=\"twitter:title\" content=\"MasterChlor 5000 - Chemistry For Industry - Solvents &amp; Chemicals - Masterchem.ee\" \/>\n<meta name=\"twitter:description\" content=\"Natriumhypokloriitilla liuoksessa (MasterChlor 5000) on laaja antimikrobinen vaikutus, ja sit\u00e4 k\u00e4ytet\u00e4\u00e4n laajasti l\u00e4\u00e4ketieteellisiss\u00e4 laitoksissa erilaisissa olosuhteissa.\" \/>\n<meta name=\"twitter:image\" content=\"https:\/\/masterchem.ee\/wp-content\/uploads\/2020\/05\/MasterChlor-5000-1000l-MaterChem.jpg\" \/>\n<meta name=\"twitter:label1\" content=\"Arvioitu lukuaika\" \/>\n\t<meta name=\"twitter:data1\" content=\"2 minuuttia\" \/>\n<script type=\"application\/ld+json\" class=\"yoast-schema-graph\">{\"@context\":\"https:\/\/schema.org\",\"@graph\":[{\"@type\":\"WebPage\",\"@id\":\"https:\/\/masterchem.ee\/fi\/tooted-ja-teenused\/masterchlor-5000\/\",\"url\":\"https:\/\/masterchem.ee\/fi\/tooted-ja-teenused\/masterchlor-5000\/\",\"name\":\"MasterChlor 5000 - Chemistry For Industry - Solvents &amp; Chemicals - Masterchem.ee\",\"isPartOf\":{\"@id\":\"https:\/\/masterchem.ee\/fi\/#website\"},\"primaryImageOfPage\":{\"@id\":\"https:\/\/masterchem.ee\/fi\/tooted-ja-teenused\/masterchlor-5000\/#primaryimage\"},\"image\":{\"@id\":\"https:\/\/masterchem.ee\/fi\/tooted-ja-teenused\/masterchlor-5000\/#primaryimage\"},\"thumbnailUrl\":\"https:\/\/masterchem.ee\/wp-content\/uploads\/2020\/05\/MasterChlor-5000-1000l-MaterChem.jpg\",\"datePublished\":\"2020-05-03T07:58:32+00:00\",\"dateModified\":\"2021-06-27T10:29:34+00:00\",\"description\":\"Natriumhypokloriitilla liuoksessa (MasterChlor 5000) on laaja antimikrobinen vaikutus, ja sit\u00e4 k\u00e4ytet\u00e4\u00e4n laajasti l\u00e4\u00e4ketieteellisiss\u00e4 laitoksissa erilaisissa olosuhteissa.\",\"breadcrumb\":{\"@id\":\"https:\/\/masterchem.ee\/fi\/tooted-ja-teenused\/masterchlor-5000\/#breadcrumb\"},\"inLanguage\":\"fi\",\"potentialAction\":[{\"@type\":\"ReadAction\",\"target\":[\"https:\/\/masterchem.ee\/fi\/tooted-ja-teenused\/masterchlor-5000\/\"]}]},{\"@type\":\"ImageObject\",\"inLanguage\":\"fi\",\"@id\":\"https:\/\/masterchem.ee\/fi\/tooted-ja-teenused\/masterchlor-5000\/#primaryimage\",\"url\":\"https:\/\/masterchem.ee\/wp-content\/uploads\/2020\/05\/MasterChlor-5000-1000l-MaterChem.jpg\",\"contentUrl\":\"https:\/\/masterchem.ee\/wp-content\/uploads\/2020\/05\/MasterChlor-5000-1000l-MaterChem.jpg\",\"width\":1000,\"height\":1000,\"caption\":\"MasterChlor 5000 1000l MaterChem\"},{\"@type\":\"BreadcrumbList\",\"@id\":\"https:\/\/masterchem.ee\/fi\/tooted-ja-teenused\/masterchlor-5000\/#breadcrumb\",\"itemListElement\":[{\"@type\":\"ListItem\",\"position\":1,\"name\":\"Home\",\"item\":\"https:\/\/masterchem.ee\/fi\/\"},{\"@type\":\"ListItem\",\"position\":2,\"name\":\"Tooted ja teenused\",\"item\":\"https:\/\/masterchem.ee\/tooted-ja-teenused\/\"},{\"@type\":\"ListItem\",\"position\":3,\"name\":\"MasterChlor 5000\"}]},{\"@type\":\"WebSite\",\"@id\":\"https:\/\/masterchem.ee\/fi\/#website\",\"url\":\"https:\/\/masterchem.ee\/fi\/\",\"name\":\"Masterchem.ee\",\"description\":\"Chemistry For Industry - Solvents &amp; Chemicals\",\"publisher\":{\"@id\":\"https:\/\/masterchem.ee\/fi\/#organization\"},\"potentialAction\":[{\"@type\":\"SearchAction\",\"target\":{\"@type\":\"EntryPoint\",\"urlTemplate\":\"https:\/\/masterchem.ee\/fi\/?s={search_term_string}\"},\"query-input\":{\"@type\":\"PropertyValueSpecification\",\"valueRequired\":true,\"valueName\":\"search_term_string\"}}],\"inLanguage\":\"fi\"},{\"@type\":\"Organization\",\"@id\":\"https:\/\/masterchem.ee\/fi\/#organization\",\"name\":\"Masterchem\",\"url\":\"https:\/\/masterchem.ee\/fi\/\",\"logo\":{\"@type\":\"ImageObject\",\"inLanguage\":\"fi\",\"@id\":\"https:\/\/masterchem.ee\/fi\/#\/schema\/logo\/image\/\",\"url\":\"https:\/\/masterchem.ee\/wp-content\/uploads\/2018\/02\/master-chem_final-1.png\",\"contentUrl\":\"https:\/\/masterchem.ee\/wp-content\/uploads\/2018\/02\/master-chem_final-1.png\",\"width\":850,\"height\":356,\"caption\":\"Masterchem\"},\"image\":{\"@id\":\"https:\/\/masterchem.ee\/fi\/#\/schema\/logo\/image\/\"}}]}<\/script>\n<!-- \/ Yoast SEO plugin. -->","yoast_head_json":{"title":"MasterChlor 5000 - Chemistry For Industry - Solvents &amp; Chemicals - Masterchem.ee","description":"Natriumhypokloriitilla liuoksessa (MasterChlor 5000) on laaja antimikrobinen vaikutus, ja sit\u00e4 k\u00e4ytet\u00e4\u00e4n laajasti l\u00e4\u00e4ketieteellisiss\u00e4 laitoksissa erilaisissa olosuhteissa.","robots":{"index":"index","follow":"follow","max-snippet":"max-snippet:-1","max-image-preview":"max-image-preview:large","max-video-preview":"max-video-preview:-1"},"canonical":"https:\/\/masterchem.ee\/fi\/tooted-ja-teenused\/masterchlor-5000\/","twitter_card":"summary_large_image","twitter_title":"MasterChlor 5000 - Chemistry For Industry - Solvents &amp; Chemicals - Masterchem.ee","twitter_description":"Natriumhypokloriitilla liuoksessa (MasterChlor 5000) on laaja antimikrobinen vaikutus, ja sit\u00e4 k\u00e4ytet\u00e4\u00e4n laajasti l\u00e4\u00e4ketieteellisiss\u00e4 laitoksissa erilaisissa olosuhteissa.","twitter_image":"https:\/\/masterchem.ee\/wp-content\/uploads\/2020\/05\/MasterChlor-5000-1000l-MaterChem.jpg","twitter_misc":{"Arvioitu lukuaika":"2 minuuttia"},"schema":{"@context":"https:\/\/schema.org","@graph":[{"@type":"WebPage","@id":"https:\/\/masterchem.ee\/fi\/tooted-ja-teenused\/masterchlor-5000\/","url":"https:\/\/masterchem.ee\/fi\/tooted-ja-teenused\/masterchlor-5000\/","name":"MasterChlor 5000 - Chemistry For Industry - Solvents &amp; Chemicals - Masterchem.ee","isPartOf":{"@id":"https:\/\/masterchem.ee\/fi\/#website"},"primaryImageOfPage":{"@id":"https:\/\/masterchem.ee\/fi\/tooted-ja-teenused\/masterchlor-5000\/#primaryimage"},"image":{"@id":"https:\/\/masterchem.ee\/fi\/tooted-ja-teenused\/masterchlor-5000\/#primaryimage"},"thumbnailUrl":"https:\/\/masterchem.ee\/wp-content\/uploads\/2020\/05\/MasterChlor-5000-1000l-MaterChem.jpg","datePublished":"2020-05-03T07:58:32+00:00","dateModified":"2021-06-27T10:29:34+00:00","description":"Natriumhypokloriitilla liuoksessa (MasterChlor 5000) on laaja antimikrobinen vaikutus, ja sit\u00e4 k\u00e4ytet\u00e4\u00e4n laajasti l\u00e4\u00e4ketieteellisiss\u00e4 laitoksissa erilaisissa olosuhteissa.","breadcrumb":{"@id":"https:\/\/masterchem.ee\/fi\/tooted-ja-teenused\/masterchlor-5000\/#breadcrumb"},"inLanguage":"fi","potentialAction":[{"@type":"ReadAction","target":["https:\/\/masterchem.ee\/fi\/tooted-ja-teenused\/masterchlor-5000\/"]}]},{"@type":"ImageObject","inLanguage":"fi","@id":"https:\/\/masterchem.ee\/fi\/tooted-ja-teenused\/masterchlor-5000\/#primaryimage","url":"https:\/\/masterchem.ee\/wp-content\/uploads\/2020\/05\/MasterChlor-5000-1000l-MaterChem.jpg","contentUrl":"https:\/\/masterchem.ee\/wp-content\/uploads\/2020\/05\/MasterChlor-5000-1000l-MaterChem.jpg","width":1000,"height":1000,"caption":"MasterChlor 5000 1000l MaterChem"},{"@type":"BreadcrumbList","@id":"https:\/\/masterchem.ee\/fi\/tooted-ja-teenused\/masterchlor-5000\/#breadcrumb","itemListElement":[{"@type":"ListItem","position":1,"name":"Home","item":"https:\/\/masterchem.ee\/fi\/"},{"@type":"ListItem","position":2,"name":"Tooted ja teenused","item":"https:\/\/masterchem.ee\/tooted-ja-teenused\/"},{"@type":"ListItem","position":3,"name":"MasterChlor 5000"}]},{"@type":"WebSite","@id":"https:\/\/masterchem.ee\/fi\/#website","url":"https:\/\/masterchem.ee\/fi\/","name":"Masterchem.ee","description":"Chemistry For Industry - Solvents &amp; Chemicals","publisher":{"@id":"https:\/\/masterchem.ee\/fi\/#organization"},"potentialAction":[{"@type":"SearchAction","target":{"@type":"EntryPoint","urlTemplate":"https:\/\/masterchem.ee\/fi\/?s={search_term_string}"},"query-input":{"@type":"PropertyValueSpecification","valueRequired":true,"valueName":"search_term_string"}}],"inLanguage":"fi"},{"@type":"Organization","@id":"https:\/\/masterchem.ee\/fi\/#organization","name":"Masterchem","url":"https:\/\/masterchem.ee\/fi\/","logo":{"@type":"ImageObject","inLanguage":"fi","@id":"https:\/\/masterchem.ee\/fi\/#\/schema\/logo\/image\/","url":"https:\/\/masterchem.ee\/wp-content\/uploads\/2018\/02\/master-chem_final-1.png","contentUrl":"https:\/\/masterchem.ee\/wp-content\/uploads\/2018\/02\/master-chem_final-1.png","width":850,"height":356,"caption":"Masterchem"},"image":{"@id":"https:\/\/masterchem.ee\/fi\/#\/schema\/logo\/image\/"}}]}},"_links":{"self":[{"href":"https:\/\/masterchem.ee\/fi\/wp-json\/wp\/v2\/product\/6876","targetHints":{"allow":["GET"]}}],"collection":[{"href":"https:\/\/masterchem.ee\/fi\/wp-json\/wp\/v2\/product"}],"about":[{"href":"https:\/\/masterchem.ee\/fi\/wp-json\/wp\/v2\/types\/product"}],"wp:featuredmedia":[{"embeddable":true,"href":"https:\/\/masterchem.ee\/fi\/wp-json\/wp\/v2\/media\/6914"}],"wp:attachment":[{"href":"https:\/\/masterchem.ee\/fi\/wp-json\/wp\/v2\/media?parent=6876"}],"wp:term":[{"taxonomy":"product_brand","embeddable":true,"href":"https:\/\/masterchem.ee\/fi\/wp-json\/wp\/v2\/product_brand?post=6876"},{"taxonomy":"product_cat","embeddable":true,"href":"https:\/\/masterchem.ee\/fi\/wp-json\/wp\/v2\/product_cat?post=6876"},{"taxonomy":"product_tag","embeddable":true,"href":"https:\/\/masterchem.ee\/fi\/wp-json\/wp\/v2\/product_tag?post=6876"}],"curies":[{"name":"wp","href":"https:\/\/api.w.org\/{rel}","templated":true}]}}