{"id":6696,"date":"2020-04-27T20:33:53","date_gmt":"2020-04-27T20:33:55","guid":{"rendered":"https:\/\/masterchem.ee\/?post_type=product&#038;p=6696"},"modified":"2021-06-27T12:50:43","modified_gmt":"2021-06-27T12:50:43","slug":"natriumhypokloriitti-12-15-cas-7681-52-9","status":"publish","type":"product","link":"https:\/\/masterchem.ee\/fi\/tooted-ja-teenused\/natriumhypokloriitti-12-15-cas-7681-52-9\/","title":{"rendered":"Natriumhypokloriitti 12-15% (CAS 7681-52-9)"},"content":{"rendered":"<p><strong>EINECS 231-668-3<\/strong><\/p>\n<p>Desinfiointi COVID-19: st\u00e4 tulisi tehd\u00e4 0,1-0,5-prosenttisella natriumhypokloridiliuoksella (WHO: n ja terveysosaston suositus)<\/p>\n<p><strong>Kuvaus:<\/strong><\/p>\n<p>Natriumhypokloriitti (natriumhypokloorinen) on ep\u00e4orgaaninen yhdiste, hypokloorihapon natriumsuola. Suolan vesiliuoksen triviaali (historiallinen) nimi on \u201dlabarraca vesi\u201d tai \u201djavelic vesi\u201d.<\/p>\n<p>Yhdiste vapaassa tilassa on eritt\u00e4in ep\u00e4stabiili, sit\u00e4 k\u00e4ytet\u00e4\u00e4n yleens\u00e4 suhteellisen stabiilin NaOCl \u00b7 5H20-pentahydraatin tai vesiliuoksen muodossa, jolla on luonteenomainen pist\u00e4v\u00e4 kloorihaju ja jolla on korkeat sy\u00f6vytt\u00e4v\u00e4t ominaisuudet.<\/p>\n<p>Sill\u00e4 on antiseptisi\u00e4 ja desinfioivia vaikutuksia. Sit\u00e4 k\u00e4ytet\u00e4\u00e4n kotitalous- ja teollisuusvalkaisijana ja desinfiointiaineena, veden puhdistus- ja desinfiointiaineena, hapettimena joihinkin teollisen kemian tuotannon prosesseihin. Bakterisidina ja steriloivana aineena sit\u00e4 k\u00e4ytet\u00e4\u00e4n l\u00e4\u00e4ketieteess\u00e4, elintarviketeollisuudessa ja maataloudessa.<\/p>\n<p><strong>Soveltaminen l\u00e4\u00e4ketieteess\u00e4.<\/strong><\/p>\n<p>Nykyaikaisessa l\u00e4\u00e4ketieteellisess\u00e4 k\u00e4yt\u00e4nn\u00f6ss\u00e4 natriumhypokloriitin antiseptisi\u00e4 liuoksia k\u00e4ytet\u00e4\u00e4n p\u00e4\u00e4asiassa ulkoiseen ja paikalliseen k\u00e4ytt\u00f6\u00f6n virusl\u00e4\u00e4kkeeksi, sienenvastaiseksi ja bakterisidiseksi aineeksi ihon, limakalvojen ja haavojen hoidossa. Hypokloriitti on aktiivinen monia gram-positiivisia ja gram-negatiivisia bakteereja, patogeenisimpi\u00e4 sieni\u00e4, viruksia ja alkuel\u00e4imi\u00e4 vastaan, vaikka sen teho v\u00e4henee veren tai sen komponenttien l\u00e4sn\u00e4ollessa.<\/p>\n<p>Hammashoidossa natriumhypokloriittia k\u00e4ytet\u00e4\u00e4n laajimmin antiseptisen\u00e4 kasteluliuosena (0,5\u20135,25% NaOCl-pitoisuus) endodontiassa. NaOCl: n suosion m\u00e4\u00e4r\u00e4\u00e4 liuoksen yleinen saatavuus ja alhaiset kustannukset, samoin kuin bakteereja tappava ja virusvastainen vaikutus sellaisia \u200b\u200bvaarallisia viruksia kuten HIV, rotavirus, herpesvirus, hepatiitti A ja B vastaan. On todisteita natriumhypokloriitin k\u00e4yt\u00f6st\u00e4 virushepatiitin hoidossa: sill\u00e4 on laaja valikoima virusl\u00e4\u00e4kkeit\u00e4, vieroitus- ja antioksidanttivaikutukset. NaOCl-ratkaisuja voidaan steriloida tiettyjen l\u00e4\u00e4kinn\u00e4llisten laitteiden, potilaiden hoitov\u00e4lineiden, astioiden, liinavaatteiden, lelujen, huoneiden, kovien huonekalujen ja LVI-laitteiden sterilointiin. Korkean sy\u00f6vytt\u00e4vyyden vuoksi hypokloriittia ei k\u00e4ytet\u00e4 metallilaitteissa ja ty\u00f6kaluissa. Huomioimme my\u00f6s natriumhypokloriittiliuosten k\u00e4yt\u00f6n el\u00e4inl\u00e4\u00e4ketieteess\u00e4: niit\u00e4 k\u00e4ytet\u00e4\u00e4n el\u00e4inten rakennusten desinfiointiin.<\/p>\n<p><strong>Teollinen k\u00e4ytt\u00f6.<\/strong><\/p>\n<p><strong>K\u00e4yt\u00e4 teollisuusvalkaisijana.<\/strong><\/p>\n<p>Natriumhypokloriitin k\u00e4ytt\u00f6 valkaisuaineena on yksi teollisuuden k\u00e4yt\u00f6n ensisijaisista alueista, kuten juomaveden desinfiointi ja puhdistaminen.<\/p>\n<p>Tyypillisesti teolliseen k\u00e4ytt\u00f6\u00f6n valkaisuaineena k\u00e4ytet\u00e4\u00e4n vesipitoisia NaOCl-liuoksia, jotka sis\u00e4lt\u00e4v\u00e4t 10 &#8211; 12% aktiivista ainetta.<\/p>\n<p>Natriumhypokloriittia k\u00e4ytet\u00e4\u00e4n laajalti valkaisuaineena ja tahranpoistoaineena tekstiiliteollisuudessa sek\u00e4 teollisissa pesuloissa ja kuivapesureissa. Sit\u00e4 voidaan k\u00e4ytt\u00e4\u00e4 turvallisesti monentyyppisiss\u00e4 kankaista, mukaan lukien puuvilla, polyesteri, nylon, asetaatti, pellava, viskoosi ja muut. Se poistaa eritt\u00e4in tehokkaasti maaper\u00e4n j\u00e4ljet \u200b\u200bja monenlaiset tahrat, mukaan lukien veri, kahvi, yrtit, sinappi, punaviini jne.<\/p>\n<p>Natriumhypokloriittia k\u00e4ytet\u00e4\u00e4n my\u00f6s massa- ja paperiteollisuudessa puumassan valkaisuun. NaOCl-valkaisu seuraa yleens\u00e4 kloorausvaihetta ja on yksi puun kemiallisen k\u00e4sittelyn vaiheista, joita k\u00e4ytet\u00e4\u00e4n massan korkean vaaleuden saavuttamiseksi. Kuitumaiset puolivalmistuotteet prosessoidaan erityisiss\u00e4 hypokloriittivalkaisutornissa alkalisessa ymp\u00e4rist\u00f6ss\u00e4 (pH 8\u20139), l\u00e4mp\u00f6tilassa 35\u201340 \u00b0 C, 2-3 tunnin ajan. T\u00e4m\u00e4n prosessin aikana ligniini hapetetaan ja klooidaan, samoin kuin orgaanisten molekyylien kromoforiryhmien tuhoaminen.<\/p>\n<p><strong>K\u00e4yt\u00e4 teollisena desinfiointiaineena.<\/strong><\/p>\n<p><strong><em>Voidaan k\u00e4ytt\u00e4\u00e4 teurastamoissa, lihakaupoissa, kalatalousalalla, siipikarjateollisuudessa, valmisruokateollisuudessa, meijereiss\u00e4, panimoissa, juomateollisuudessa ja vihannesteollisuudessa. Kanan, sian, naudanlihan, kalan ja vihannesten lian poistamiseen. Ty\u00f6pintoihin, lattioihin, seiniin, koneisiin ja kuljettimiin.<\/em><\/strong><\/p>\n<p><strong><em>pH 14<\/em><\/strong><\/p>\n<p>Natriumhypokloriitin laaja k\u00e4ytt\u00f6 teollisena desinfiointiaineena liittyy ensisijaisesti seuraaviin alueisiin:<\/p>\n<p>juomaveden desinfiointi ennen palvelemista yhdyskuntavesien jakeluj\u00e4rjestelm\u00e4ss\u00e4;<\/p>\n<p>veden desinfiointi ja algicidik\u00e4sittely uima-altaissa ja lampissa;<\/p>\n<p>kotitalous- ja teollisuusj\u00e4tevesien k\u00e4sittely, puhdistaminen orgaanisista ja ep\u00e4orgaanisista ep\u00e4puhtauksista;<\/p>\n<p>panimossa, viininvalmistuksessa ja meijeriteollisuudessa &#8211; j\u00e4rjestelmien, putkistojen, s\u00e4ili\u00f6iden desinfiointi;<\/p>\n<p>viljan fungisidinen ja bakterisidinen k\u00e4sittely;<\/p>\n<p>kalastuslammikkojen veden desinfiointi;<\/p>\n<p>teknisten tilojen desinfiointi.<\/p>\n<p>Hypokloriitti desinfiointiaineena on osa joihinkin automaattisissa astianpesuv\u00e4lineiss\u00e4 ja muissa nestem\u00e4isiss\u00e4 synteettisiss\u00e4 pesuaineissa.<\/p>\n<p><strong>Pakkaus:<\/strong><\/p>\n<p>5 lit. muovis\u00e4ili\u00f6<\/p>\n<p>25 valaistua muovis\u00e4ili\u00f6t\u00e4<\/p>\n<p>200 valaistu muovinen tynnyri UN<\/p>\n<p>500 lit. YK-kontti<\/p>\n<p>1000 lit. YK-kontti<\/p>\n<p><strong>varastointi:<\/strong><\/p>\n<p>Varastoi tuotetta l\u00e4mp\u00f6tilassa 0 \u00b0 C &#8211; +15 \u00b0 C ja \u00e4l\u00e4 altista sit\u00e4 suoralle auringonvalolle.<\/p>\n<p><strong>Fysikaaliset ominaisuudet:<\/strong><\/p>\n<p>Se liukenee veteen.<\/p>\n<p>Tiheys: 1,20 g \/ cm3 + -0,05 l\u00e4mp\u00f6tilassa 20 astetta<\/p>\n<p>V\u00e4ri: kirkas vaalean vihert\u00e4v\u00e4nkeltainen neste<\/p>\n<p>Haju: voimakas kloorin tuoksu<\/p>\n","protected":false},"excerpt":{"rendered":"<p>Desinfiointi COVID-19: st\u00e4 tulisi tehd\u00e4 0,1-0,5-prosenttisella natriumhypokloridiliuoksella (WHO: n ja terveysosaston suositus)<\/p>\n","protected":false},"featured_media":6735,"template":"","meta":[],"product_brand":[],"product_cat":[180,109,115,266,117,120,323,118,119,153,351,114,290,122,154,152,227],"product_tag":[],"class_list":{"0":"post-6696","1":"product","2":"type-product","3":"status-publish","4":"has-post-thumbnail","6":"product_cat-uncategorized-fi-2","7":"product_cat-anti-jaatymisnesteet","8":"product_cat-auton-ja-koneiden-kemikaalit","9":"product_cat-desinfiointiaineet","10":"product_cat-kotitalouskemikaalit","11":"product_cat-laaketeollisuus","12":"product_cat-lannoitteet","13":"product_cat-metallikemikaalit","14":"product_cat-pakkaus","15":"product_cat-puunjalostuskemikaalit","16":"product_cat-puutarhanhoito","17":"product_cat-rakennusteollisuus","18":"product_cat-rehuteollisuus","19":"product_cat-teollisuuskemikaalit","20":"product_cat-tien-maalaus","21":"product_cat-tipografiset-kemikaalit","22":"product_cat-uncategorised-fi","23":"pif-has-gallery","25":"first","26":"instock","27":"taxable","28":"shipping-taxable","29":"purchasable","30":"product-type-variable","31":"has-default-attributes"},"yoast_head":"<!-- This site is optimized with the Yoast SEO plugin v26.2 - https:\/\/yoast.com\/wordpress\/plugins\/seo\/ -->\n<title>Natriumhypokloriitti 12-15% (CAS 7681-52-9) - Chemistry For Industry - Solvents &amp; Chemicals - Masterchem.ee<\/title>\n<meta name=\"description\" content=\"Desinfiointi COVID-19: st\u00e4 tulisi tehd\u00e4 0,1-prosenttisella natriumhypokloridiliuoksella (WHO: n ja terveysosaston suositus)\" \/>\n<meta name=\"robots\" content=\"index, follow, max-snippet:-1, max-image-preview:large, max-video-preview:-1\" \/>\n<link rel=\"canonical\" href=\"https:\/\/masterchem.ee\/fi\/tooted-ja-teenused\/natriumhypokloriitti-12-15-cas-7681-52-9\/\" \/>\n<meta name=\"twitter:card\" content=\"summary_large_image\" \/>\n<meta name=\"twitter:title\" content=\"Natriumhypokloriitti 12-15% (CAS 7681-52-9) - Chemistry For Industry - Solvents &amp; Chemicals - Masterchem.ee\" \/>\n<meta name=\"twitter:description\" content=\"Desinfiointi COVID-19: st\u00e4 tulisi tehd\u00e4 0,1-prosenttisella natriumhypokloridiliuoksella (WHO: n ja terveysosaston suositus)\" \/>\n<meta name=\"twitter:image\" content=\"https:\/\/masterchem.ee\/wp-content\/uploads\/2020\/04\/Sodium-hypochlorite-1000l-MasterChem.jpg\" \/>\n<meta name=\"twitter:label1\" content=\"Arvioitu lukuaika\" \/>\n\t<meta name=\"twitter:data1\" content=\"3 minuuttia\" \/>\n<script type=\"application\/ld+json\" class=\"yoast-schema-graph\">{\"@context\":\"https:\/\/schema.org\",\"@graph\":[{\"@type\":\"WebPage\",\"@id\":\"https:\/\/masterchem.ee\/fi\/tooted-ja-teenused\/natriumhypokloriitti-12-15-cas-7681-52-9\/\",\"url\":\"https:\/\/masterchem.ee\/fi\/tooted-ja-teenused\/natriumhypokloriitti-12-15-cas-7681-52-9\/\",\"name\":\"Natriumhypokloriitti 12-15% (CAS 7681-52-9) - Chemistry For Industry - Solvents &amp; Chemicals - Masterchem.ee\",\"isPartOf\":{\"@id\":\"https:\/\/masterchem.ee\/fi\/#website\"},\"primaryImageOfPage\":{\"@id\":\"https:\/\/masterchem.ee\/fi\/tooted-ja-teenused\/natriumhypokloriitti-12-15-cas-7681-52-9\/#primaryimage\"},\"image\":{\"@id\":\"https:\/\/masterchem.ee\/fi\/tooted-ja-teenused\/natriumhypokloriitti-12-15-cas-7681-52-9\/#primaryimage\"},\"thumbnailUrl\":\"https:\/\/masterchem.ee\/wp-content\/uploads\/2020\/04\/Sodium-hypochlorite-1000l-MasterChem.jpg\",\"datePublished\":\"2020-04-27T20:33:55+00:00\",\"dateModified\":\"2021-06-27T12:50:43+00:00\",\"description\":\"Desinfiointi COVID-19: st\u00e4 tulisi tehd\u00e4 0,1-prosenttisella natriumhypokloridiliuoksella (WHO: n ja terveysosaston suositus)\",\"breadcrumb\":{\"@id\":\"https:\/\/masterchem.ee\/fi\/tooted-ja-teenused\/natriumhypokloriitti-12-15-cas-7681-52-9\/#breadcrumb\"},\"inLanguage\":\"fi\",\"potentialAction\":[{\"@type\":\"ReadAction\",\"target\":[\"https:\/\/masterchem.ee\/fi\/tooted-ja-teenused\/natriumhypokloriitti-12-15-cas-7681-52-9\/\"]}]},{\"@type\":\"ImageObject\",\"inLanguage\":\"fi\",\"@id\":\"https:\/\/masterchem.ee\/fi\/tooted-ja-teenused\/natriumhypokloriitti-12-15-cas-7681-52-9\/#primaryimage\",\"url\":\"https:\/\/masterchem.ee\/wp-content\/uploads\/2020\/04\/Sodium-hypochlorite-1000l-MasterChem.jpg\",\"contentUrl\":\"https:\/\/masterchem.ee\/wp-content\/uploads\/2020\/04\/Sodium-hypochlorite-1000l-MasterChem.jpg\",\"width\":1000,\"height\":1000,\"caption\":\"Natriumhypokloriitti 12-15% CAS 7681-52-9 1000l MasterChem\"},{\"@type\":\"BreadcrumbList\",\"@id\":\"https:\/\/masterchem.ee\/fi\/tooted-ja-teenused\/natriumhypokloriitti-12-15-cas-7681-52-9\/#breadcrumb\",\"itemListElement\":[{\"@type\":\"ListItem\",\"position\":1,\"name\":\"Home\",\"item\":\"https:\/\/masterchem.ee\/fi\/\"},{\"@type\":\"ListItem\",\"position\":2,\"name\":\"Tooted ja teenused\",\"item\":\"https:\/\/masterchem.ee\/tooted-ja-teenused\/\"},{\"@type\":\"ListItem\",\"position\":3,\"name\":\"Natriumhypokloriitti 12-15% (CAS 7681-52-9)\"}]},{\"@type\":\"WebSite\",\"@id\":\"https:\/\/masterchem.ee\/fi\/#website\",\"url\":\"https:\/\/masterchem.ee\/fi\/\",\"name\":\"Masterchem.ee\",\"description\":\"Chemistry For Industry - Solvents &amp; Chemicals\",\"publisher\":{\"@id\":\"https:\/\/masterchem.ee\/fi\/#organization\"},\"potentialAction\":[{\"@type\":\"SearchAction\",\"target\":{\"@type\":\"EntryPoint\",\"urlTemplate\":\"https:\/\/masterchem.ee\/fi\/?s={search_term_string}\"},\"query-input\":{\"@type\":\"PropertyValueSpecification\",\"valueRequired\":true,\"valueName\":\"search_term_string\"}}],\"inLanguage\":\"fi\"},{\"@type\":\"Organization\",\"@id\":\"https:\/\/masterchem.ee\/fi\/#organization\",\"name\":\"Masterchem\",\"url\":\"https:\/\/masterchem.ee\/fi\/\",\"logo\":{\"@type\":\"ImageObject\",\"inLanguage\":\"fi\",\"@id\":\"https:\/\/masterchem.ee\/fi\/#\/schema\/logo\/image\/\",\"url\":\"https:\/\/masterchem.ee\/wp-content\/uploads\/2018\/02\/master-chem_final-1.png\",\"contentUrl\":\"https:\/\/masterchem.ee\/wp-content\/uploads\/2018\/02\/master-chem_final-1.png\",\"width\":850,\"height\":356,\"caption\":\"Masterchem\"},\"image\":{\"@id\":\"https:\/\/masterchem.ee\/fi\/#\/schema\/logo\/image\/\"}}]}<\/script>\n<!-- \/ Yoast SEO plugin. -->","yoast_head_json":{"title":"Natriumhypokloriitti 12-15% (CAS 7681-52-9) - Chemistry For Industry - Solvents &amp; Chemicals - Masterchem.ee","description":"Desinfiointi COVID-19: st\u00e4 tulisi tehd\u00e4 0,1-prosenttisella natriumhypokloridiliuoksella (WHO: n ja terveysosaston suositus)","robots":{"index":"index","follow":"follow","max-snippet":"max-snippet:-1","max-image-preview":"max-image-preview:large","max-video-preview":"max-video-preview:-1"},"canonical":"https:\/\/masterchem.ee\/fi\/tooted-ja-teenused\/natriumhypokloriitti-12-15-cas-7681-52-9\/","twitter_card":"summary_large_image","twitter_title":"Natriumhypokloriitti 12-15% (CAS 7681-52-9) - Chemistry For Industry - Solvents &amp; Chemicals - Masterchem.ee","twitter_description":"Desinfiointi COVID-19: st\u00e4 tulisi tehd\u00e4 0,1-prosenttisella natriumhypokloridiliuoksella (WHO: n ja terveysosaston suositus)","twitter_image":"https:\/\/masterchem.ee\/wp-content\/uploads\/2020\/04\/Sodium-hypochlorite-1000l-MasterChem.jpg","twitter_misc":{"Arvioitu lukuaika":"3 minuuttia"},"schema":{"@context":"https:\/\/schema.org","@graph":[{"@type":"WebPage","@id":"https:\/\/masterchem.ee\/fi\/tooted-ja-teenused\/natriumhypokloriitti-12-15-cas-7681-52-9\/","url":"https:\/\/masterchem.ee\/fi\/tooted-ja-teenused\/natriumhypokloriitti-12-15-cas-7681-52-9\/","name":"Natriumhypokloriitti 12-15% (CAS 7681-52-9) - Chemistry For Industry - Solvents &amp; Chemicals - Masterchem.ee","isPartOf":{"@id":"https:\/\/masterchem.ee\/fi\/#website"},"primaryImageOfPage":{"@id":"https:\/\/masterchem.ee\/fi\/tooted-ja-teenused\/natriumhypokloriitti-12-15-cas-7681-52-9\/#primaryimage"},"image":{"@id":"https:\/\/masterchem.ee\/fi\/tooted-ja-teenused\/natriumhypokloriitti-12-15-cas-7681-52-9\/#primaryimage"},"thumbnailUrl":"https:\/\/masterchem.ee\/wp-content\/uploads\/2020\/04\/Sodium-hypochlorite-1000l-MasterChem.jpg","datePublished":"2020-04-27T20:33:55+00:00","dateModified":"2021-06-27T12:50:43+00:00","description":"Desinfiointi COVID-19: st\u00e4 tulisi tehd\u00e4 0,1-prosenttisella natriumhypokloridiliuoksella (WHO: n ja terveysosaston suositus)","breadcrumb":{"@id":"https:\/\/masterchem.ee\/fi\/tooted-ja-teenused\/natriumhypokloriitti-12-15-cas-7681-52-9\/#breadcrumb"},"inLanguage":"fi","potentialAction":[{"@type":"ReadAction","target":["https:\/\/masterchem.ee\/fi\/tooted-ja-teenused\/natriumhypokloriitti-12-15-cas-7681-52-9\/"]}]},{"@type":"ImageObject","inLanguage":"fi","@id":"https:\/\/masterchem.ee\/fi\/tooted-ja-teenused\/natriumhypokloriitti-12-15-cas-7681-52-9\/#primaryimage","url":"https:\/\/masterchem.ee\/wp-content\/uploads\/2020\/04\/Sodium-hypochlorite-1000l-MasterChem.jpg","contentUrl":"https:\/\/masterchem.ee\/wp-content\/uploads\/2020\/04\/Sodium-hypochlorite-1000l-MasterChem.jpg","width":1000,"height":1000,"caption":"Natriumhypokloriitti 12-15% CAS 7681-52-9 1000l MasterChem"},{"@type":"BreadcrumbList","@id":"https:\/\/masterchem.ee\/fi\/tooted-ja-teenused\/natriumhypokloriitti-12-15-cas-7681-52-9\/#breadcrumb","itemListElement":[{"@type":"ListItem","position":1,"name":"Home","item":"https:\/\/masterchem.ee\/fi\/"},{"@type":"ListItem","position":2,"name":"Tooted ja teenused","item":"https:\/\/masterchem.ee\/tooted-ja-teenused\/"},{"@type":"ListItem","position":3,"name":"Natriumhypokloriitti 12-15% (CAS 7681-52-9)"}]},{"@type":"WebSite","@id":"https:\/\/masterchem.ee\/fi\/#website","url":"https:\/\/masterchem.ee\/fi\/","name":"Masterchem.ee","description":"Chemistry For Industry - Solvents &amp; Chemicals","publisher":{"@id":"https:\/\/masterchem.ee\/fi\/#organization"},"potentialAction":[{"@type":"SearchAction","target":{"@type":"EntryPoint","urlTemplate":"https:\/\/masterchem.ee\/fi\/?s={search_term_string}"},"query-input":{"@type":"PropertyValueSpecification","valueRequired":true,"valueName":"search_term_string"}}],"inLanguage":"fi"},{"@type":"Organization","@id":"https:\/\/masterchem.ee\/fi\/#organization","name":"Masterchem","url":"https:\/\/masterchem.ee\/fi\/","logo":{"@type":"ImageObject","inLanguage":"fi","@id":"https:\/\/masterchem.ee\/fi\/#\/schema\/logo\/image\/","url":"https:\/\/masterchem.ee\/wp-content\/uploads\/2018\/02\/master-chem_final-1.png","contentUrl":"https:\/\/masterchem.ee\/wp-content\/uploads\/2018\/02\/master-chem_final-1.png","width":850,"height":356,"caption":"Masterchem"},"image":{"@id":"https:\/\/masterchem.ee\/fi\/#\/schema\/logo\/image\/"}}]}},"_links":{"self":[{"href":"https:\/\/masterchem.ee\/fi\/wp-json\/wp\/v2\/product\/6696","targetHints":{"allow":["GET"]}}],"collection":[{"href":"https:\/\/masterchem.ee\/fi\/wp-json\/wp\/v2\/product"}],"about":[{"href":"https:\/\/masterchem.ee\/fi\/wp-json\/wp\/v2\/types\/product"}],"wp:featuredmedia":[{"embeddable":true,"href":"https:\/\/masterchem.ee\/fi\/wp-json\/wp\/v2\/media\/6735"}],"wp:attachment":[{"href":"https:\/\/masterchem.ee\/fi\/wp-json\/wp\/v2\/media?parent=6696"}],"wp:term":[{"taxonomy":"product_brand","embeddable":true,"href":"https:\/\/masterchem.ee\/fi\/wp-json\/wp\/v2\/product_brand?post=6696"},{"taxonomy":"product_cat","embeddable":true,"href":"https:\/\/masterchem.ee\/fi\/wp-json\/wp\/v2\/product_cat?post=6696"},{"taxonomy":"product_tag","embeddable":true,"href":"https:\/\/masterchem.ee\/fi\/wp-json\/wp\/v2\/product_tag?post=6696"}],"curies":[{"name":"wp","href":"https:\/\/api.w.org\/{rel}","templated":true}]}}