{"id":5151,"date":"2020-02-29T14:49:22","date_gmt":"2020-02-29T14:49:24","guid":{"rendered":"https:\/\/masterchem.ee\/?post_type=product&#038;p=5151"},"modified":"2020-02-29T15:24:01","modified_gmt":"2020-02-29T15:24:01","slug":"sytytysneste-masterchem","status":"publish","type":"product","link":"https:\/\/masterchem.ee\/fi\/tooted-ja-teenused\/sytytysneste-masterchem\/","title":{"rendered":"Sytytysneste MasterChem"},"content":{"rendered":"<p><a href=\"https:\/\/masterchem.ee\/wp-content\/uploads\/2020\/02\/Suutevedelik_TDS_EST_2018.ppt\" target=\"_blank\" rel=\"noopener noreferrer\"><strong>Tuote-eritelm\u00e4 (TDS)<\/strong><\/a><\/p>\n<p>BBQ-sytytysneste sopii grillihiilien, nuotion sek\u00e4 . Pakkauskoko 1 litra.<br \/>\nK\u00e4ytt\u00f6ohje:<br \/>\nRuiskuta tasaisesti ennen sytytt\u00e4mist\u00e4 grillihiilille tai polttopuille. Anna nesteen imeyty\u00e4 hetki ennen sytytt\u00e4mist\u00e4.<br \/>\nVaroitus!<br \/>\nKuumaan grilliin tai hehkuville hiilille kaadettu neste saattaa sytty\u00e4 hulmahduksenomaisesti. Pienikin m\u00e4\u00e4r\u00e4 sytytysnestett\u00e4 nieltyn\u00e4 saattaa aiheuttaa hengenvaarallisen keuhkovaurion.<\/p>\n","protected":false},"excerpt":{"rendered":"<p>BBQ-sytytysneste sopii grillihiilien, nuotion sek\u00e4 . Pakkauskoko 1 litra.<\/p>\n","protected":false},"featured_media":5169,"template":"","meta":[],"product_brand":[],"product_cat":[180,115,117],"product_tag":[],"class_list":{"0":"post-5151","1":"product","2":"type-product","3":"status-publish","4":"has-post-thumbnail","6":"product_cat-uncategorized-fi-2","7":"product_cat-auton-ja-koneiden-kemikaalit","8":"product_cat-kotitalouskemikaalit","9":"pif-has-gallery","11":"first","12":"instock","13":"taxable","14":"shipping-taxable","15":"purchasable","16":"product-type-variable","17":"has-default-attributes"},"yoast_head":"<!-- This site is optimized with the Yoast SEO plugin v26.2 - https:\/\/yoast.com\/wordpress\/plugins\/seo\/ -->\n<title>Sytytysneste MasterChem - Chemistry For Industry - Solvents &amp; Chemicals - Masterchem.ee<\/title>\n<meta name=\"description\" content=\"BBQ-sytytysneste sopii grillihiilien, nuotion sek\u00e4 . Pakkauskoko 1 litra.\" \/>\n<meta name=\"robots\" content=\"index, follow, max-snippet:-1, max-image-preview:large, max-video-preview:-1\" \/>\n<link rel=\"canonical\" href=\"https:\/\/masterchem.ee\/fi\/tooted-ja-teenused\/sytytysneste-masterchem\/\" \/>\n<meta name=\"twitter:card\" content=\"summary_large_image\" \/>\n<meta name=\"twitter:title\" content=\"Sytytysneste MasterChem - Chemistry For Industry - Solvents &amp; Chemicals - Masterchem.ee\" \/>\n<meta name=\"twitter:description\" content=\"BBQ-sytytysneste sopii grillihiilien, nuotion sek\u00e4 . Pakkauskoko 1 litra.\" \/>\n<meta name=\"twitter:image\" content=\"https:\/\/masterchem.ee\/wp-content\/uploads\/2020\/02\/S-tevedelik-1L-MasterChem.jpg\" \/>\n<script type=\"application\/ld+json\" class=\"yoast-schema-graph\">{\"@context\":\"https:\/\/schema.org\",\"@graph\":[{\"@type\":\"WebPage\",\"@id\":\"https:\/\/masterchem.ee\/fi\/tooted-ja-teenused\/sytytysneste-masterchem\/\",\"url\":\"https:\/\/masterchem.ee\/fi\/tooted-ja-teenused\/sytytysneste-masterchem\/\",\"name\":\"Sytytysneste MasterChem - Chemistry For Industry - Solvents &amp; Chemicals - Masterchem.ee\",\"isPartOf\":{\"@id\":\"https:\/\/masterchem.ee\/fi\/#website\"},\"primaryImageOfPage\":{\"@id\":\"https:\/\/masterchem.ee\/fi\/tooted-ja-teenused\/sytytysneste-masterchem\/#primaryimage\"},\"image\":{\"@id\":\"https:\/\/masterchem.ee\/fi\/tooted-ja-teenused\/sytytysneste-masterchem\/#primaryimage\"},\"thumbnailUrl\":\"https:\/\/masterchem.ee\/wp-content\/uploads\/2020\/02\/S-tevedelik-1L-MasterChem.jpg\",\"datePublished\":\"2020-02-29T14:49:24+00:00\",\"dateModified\":\"2020-02-29T15:24:01+00:00\",\"description\":\"BBQ-sytytysneste sopii grillihiilien, nuotion sek\u00e4 . Pakkauskoko 1 litra.\",\"breadcrumb\":{\"@id\":\"https:\/\/masterchem.ee\/fi\/tooted-ja-teenused\/sytytysneste-masterchem\/#breadcrumb\"},\"inLanguage\":\"fi\",\"potentialAction\":[{\"@type\":\"ReadAction\",\"target\":[\"https:\/\/masterchem.ee\/fi\/tooted-ja-teenused\/sytytysneste-masterchem\/\"]}]},{\"@type\":\"ImageObject\",\"inLanguage\":\"fi\",\"@id\":\"https:\/\/masterchem.ee\/fi\/tooted-ja-teenused\/sytytysneste-masterchem\/#primaryimage\",\"url\":\"https:\/\/masterchem.ee\/wp-content\/uploads\/2020\/02\/S-tevedelik-1L-MasterChem.jpg\",\"contentUrl\":\"https:\/\/masterchem.ee\/wp-content\/uploads\/2020\/02\/S-tevedelik-1L-MasterChem.jpg\",\"width\":1000,\"height\":1000,\"caption\":\"S\u00fc\u00fctevedelik 1L MasterChem\"},{\"@type\":\"BreadcrumbList\",\"@id\":\"https:\/\/masterchem.ee\/fi\/tooted-ja-teenused\/sytytysneste-masterchem\/#breadcrumb\",\"itemListElement\":[{\"@type\":\"ListItem\",\"position\":1,\"name\":\"Home\",\"item\":\"https:\/\/masterchem.ee\/fi\/\"},{\"@type\":\"ListItem\",\"position\":2,\"name\":\"Tooted ja teenused\",\"item\":\"https:\/\/masterchem.ee\/tooted-ja-teenused\/\"},{\"@type\":\"ListItem\",\"position\":3,\"name\":\"Sytytysneste MasterChem\"}]},{\"@type\":\"WebSite\",\"@id\":\"https:\/\/masterchem.ee\/fi\/#website\",\"url\":\"https:\/\/masterchem.ee\/fi\/\",\"name\":\"Masterchem.ee\",\"description\":\"Chemistry For Industry - Solvents &amp; Chemicals\",\"publisher\":{\"@id\":\"https:\/\/masterchem.ee\/fi\/#organization\"},\"potentialAction\":[{\"@type\":\"SearchAction\",\"target\":{\"@type\":\"EntryPoint\",\"urlTemplate\":\"https:\/\/masterchem.ee\/fi\/?s={search_term_string}\"},\"query-input\":{\"@type\":\"PropertyValueSpecification\",\"valueRequired\":true,\"valueName\":\"search_term_string\"}}],\"inLanguage\":\"fi\"},{\"@type\":\"Organization\",\"@id\":\"https:\/\/masterchem.ee\/fi\/#organization\",\"name\":\"Masterchem\",\"url\":\"https:\/\/masterchem.ee\/fi\/\",\"logo\":{\"@type\":\"ImageObject\",\"inLanguage\":\"fi\",\"@id\":\"https:\/\/masterchem.ee\/fi\/#\/schema\/logo\/image\/\",\"url\":\"https:\/\/masterchem.ee\/wp-content\/uploads\/2018\/02\/master-chem_final-1.png\",\"contentUrl\":\"https:\/\/masterchem.ee\/wp-content\/uploads\/2018\/02\/master-chem_final-1.png\",\"width\":850,\"height\":356,\"caption\":\"Masterchem\"},\"image\":{\"@id\":\"https:\/\/masterchem.ee\/fi\/#\/schema\/logo\/image\/\"}}]}<\/script>\n<!-- \/ Yoast SEO plugin. -->","yoast_head_json":{"title":"Sytytysneste MasterChem - Chemistry For Industry - Solvents &amp; Chemicals - Masterchem.ee","description":"BBQ-sytytysneste sopii grillihiilien, nuotion sek\u00e4 . Pakkauskoko 1 litra.","robots":{"index":"index","follow":"follow","max-snippet":"max-snippet:-1","max-image-preview":"max-image-preview:large","max-video-preview":"max-video-preview:-1"},"canonical":"https:\/\/masterchem.ee\/fi\/tooted-ja-teenused\/sytytysneste-masterchem\/","twitter_card":"summary_large_image","twitter_title":"Sytytysneste MasterChem - Chemistry For Industry - Solvents &amp; Chemicals - Masterchem.ee","twitter_description":"BBQ-sytytysneste sopii grillihiilien, nuotion sek\u00e4 . Pakkauskoko 1 litra.","twitter_image":"https:\/\/masterchem.ee\/wp-content\/uploads\/2020\/02\/S-tevedelik-1L-MasterChem.jpg","schema":{"@context":"https:\/\/schema.org","@graph":[{"@type":"WebPage","@id":"https:\/\/masterchem.ee\/fi\/tooted-ja-teenused\/sytytysneste-masterchem\/","url":"https:\/\/masterchem.ee\/fi\/tooted-ja-teenused\/sytytysneste-masterchem\/","name":"Sytytysneste MasterChem - Chemistry For Industry - Solvents &amp; Chemicals - Masterchem.ee","isPartOf":{"@id":"https:\/\/masterchem.ee\/fi\/#website"},"primaryImageOfPage":{"@id":"https:\/\/masterchem.ee\/fi\/tooted-ja-teenused\/sytytysneste-masterchem\/#primaryimage"},"image":{"@id":"https:\/\/masterchem.ee\/fi\/tooted-ja-teenused\/sytytysneste-masterchem\/#primaryimage"},"thumbnailUrl":"https:\/\/masterchem.ee\/wp-content\/uploads\/2020\/02\/S-tevedelik-1L-MasterChem.jpg","datePublished":"2020-02-29T14:49:24+00:00","dateModified":"2020-02-29T15:24:01+00:00","description":"BBQ-sytytysneste sopii grillihiilien, nuotion sek\u00e4 . Pakkauskoko 1 litra.","breadcrumb":{"@id":"https:\/\/masterchem.ee\/fi\/tooted-ja-teenused\/sytytysneste-masterchem\/#breadcrumb"},"inLanguage":"fi","potentialAction":[{"@type":"ReadAction","target":["https:\/\/masterchem.ee\/fi\/tooted-ja-teenused\/sytytysneste-masterchem\/"]}]},{"@type":"ImageObject","inLanguage":"fi","@id":"https:\/\/masterchem.ee\/fi\/tooted-ja-teenused\/sytytysneste-masterchem\/#primaryimage","url":"https:\/\/masterchem.ee\/wp-content\/uploads\/2020\/02\/S-tevedelik-1L-MasterChem.jpg","contentUrl":"https:\/\/masterchem.ee\/wp-content\/uploads\/2020\/02\/S-tevedelik-1L-MasterChem.jpg","width":1000,"height":1000,"caption":"S\u00fc\u00fctevedelik 1L MasterChem"},{"@type":"BreadcrumbList","@id":"https:\/\/masterchem.ee\/fi\/tooted-ja-teenused\/sytytysneste-masterchem\/#breadcrumb","itemListElement":[{"@type":"ListItem","position":1,"name":"Home","item":"https:\/\/masterchem.ee\/fi\/"},{"@type":"ListItem","position":2,"name":"Tooted ja teenused","item":"https:\/\/masterchem.ee\/tooted-ja-teenused\/"},{"@type":"ListItem","position":3,"name":"Sytytysneste MasterChem"}]},{"@type":"WebSite","@id":"https:\/\/masterchem.ee\/fi\/#website","url":"https:\/\/masterchem.ee\/fi\/","name":"Masterchem.ee","description":"Chemistry For Industry - Solvents &amp; Chemicals","publisher":{"@id":"https:\/\/masterchem.ee\/fi\/#organization"},"potentialAction":[{"@type":"SearchAction","target":{"@type":"EntryPoint","urlTemplate":"https:\/\/masterchem.ee\/fi\/?s={search_term_string}"},"query-input":{"@type":"PropertyValueSpecification","valueRequired":true,"valueName":"search_term_string"}}],"inLanguage":"fi"},{"@type":"Organization","@id":"https:\/\/masterchem.ee\/fi\/#organization","name":"Masterchem","url":"https:\/\/masterchem.ee\/fi\/","logo":{"@type":"ImageObject","inLanguage":"fi","@id":"https:\/\/masterchem.ee\/fi\/#\/schema\/logo\/image\/","url":"https:\/\/masterchem.ee\/wp-content\/uploads\/2018\/02\/master-chem_final-1.png","contentUrl":"https:\/\/masterchem.ee\/wp-content\/uploads\/2018\/02\/master-chem_final-1.png","width":850,"height":356,"caption":"Masterchem"},"image":{"@id":"https:\/\/masterchem.ee\/fi\/#\/schema\/logo\/image\/"}}]}},"_links":{"self":[{"href":"https:\/\/masterchem.ee\/fi\/wp-json\/wp\/v2\/product\/5151","targetHints":{"allow":["GET"]}}],"collection":[{"href":"https:\/\/masterchem.ee\/fi\/wp-json\/wp\/v2\/product"}],"about":[{"href":"https:\/\/masterchem.ee\/fi\/wp-json\/wp\/v2\/types\/product"}],"wp:featuredmedia":[{"embeddable":true,"href":"https:\/\/masterchem.ee\/fi\/wp-json\/wp\/v2\/media\/5169"}],"wp:attachment":[{"href":"https:\/\/masterchem.ee\/fi\/wp-json\/wp\/v2\/media?parent=5151"}],"wp:term":[{"taxonomy":"product_brand","embeddable":true,"href":"https:\/\/masterchem.ee\/fi\/wp-json\/wp\/v2\/product_brand?post=5151"},{"taxonomy":"product_cat","embeddable":true,"href":"https:\/\/masterchem.ee\/fi\/wp-json\/wp\/v2\/product_cat?post=5151"},{"taxonomy":"product_tag","embeddable":true,"href":"https:\/\/masterchem.ee\/fi\/wp-json\/wp\/v2\/product_tag?post=5151"}],"curies":[{"name":"wp","href":"https:\/\/api.w.org\/{rel}","templated":true}]}}