{"id":5073,"date":"2020-02-29T09:36:39","date_gmt":"2020-02-29T09:36:40","guid":{"rendered":"https:\/\/masterchem.ee\/?post_type=product&#038;p=5073"},"modified":"2021-06-27T08:03:54","modified_gmt":"2021-06-27T08:03:54","slug":"masterchem-ie80-desinfiointiaine","status":"publish","type":"product","link":"https:\/\/masterchem.ee\/fi\/tooted-ja-teenused\/masterchem-ie80-desinfiointiaine\/","title":{"rendered":"MasterChem IE80 desinfiointiaine"},"content":{"rendered":"<p><strong>k\u00e4ytt\u00e4en:<\/strong><br \/>\nMasterChem IE80 on k\u00e4ytt\u00f6valmis tuote. Levit\u00e4 pinta kostealla liinalla tai suihkeella.<br \/>\nPintojen desinfiointi pyyhkim\u00e4ll\u00e4: kostuta kangas MasterChem IE80: lla ja pyyhi pinta sill\u00e4. Pintojen desinfiointi suihkuttamalla: suihkuta MasterChem IE80 pinnalle enint\u00e4\u00e4n 30 cm et\u00e4isyydelt\u00e4. Jos pinnoitteen alkoholinkest\u00e4vyytt\u00e4 ei tunneta, se voidaan tarkistaa pinnan huomaamatta kohdalta. Tuote soveltuu seuraavien p\u00e4\u00e4llystysmateriaalien pinnoittamiseen: metallit &#8211; ruostumaton ter\u00e4s, alumiini, kupari ja messinki; lattianp\u00e4\u00e4llysteet &#8211; PVC-, linoleumi- ja keraamiset laatat ja muovi-, lasipinnat. Tarvittaessa pitoajan j\u00e4lkeen pinnat voidaan pyyhki\u00e4 kuivalla liinalla. K\u00e4yt\u00e4 biosidia turvallisesti! Muista lukea liitteen\u00e4 olevat tiedot ennen k\u00e4ytt\u00f6\u00e4!<br \/>\nKest\u00e4\u00e4 30 sekuntia.<\/p>\n<p><strong>Biosidituotteen rekister\u00f6intitodistus nro 2040\/20<\/strong><br \/>\nH225 &#8211; Helposti syttyv\u00e4 neste ja h\u00f6yry<br \/>\nH319 &#8211; \u00c4rsytt\u00e4\u00e4 voimakkaasti silmi\u00e4. P102 Ei lasten ulottuville.<br \/>\nP210 Suojaa l\u00e4mm\u00f6lt\u00e4, kuumilta pinnoilta, kipin\u00f6ilt\u00e4, avotulelta ja muilta sytytysl\u00e4hteilt\u00e4. \u00c4l\u00e4 tupakoi.<br \/>\nP233 Pid\u00e4 s\u00e4ili\u00f6 tiiviisti suljettuna.<br \/>\nP403 + P235 Varastoi hyvin ilmastoidussa paikassa. Pysy\u00e4 rauhallisena.<br \/>\nP305 + P351 + P338 JOS KEMIKAALIA JOUTUU SILMIIN: Huuhtele varovasti vedell\u00e4 useita minuutteja. Poista piilolinssit, jos niit\u00e4 on ja helppo tehd\u00e4. Huuhtele uudelleen.<br \/>\nP501 H\u00e4vit\u00e4 sis\u00e4lt\u00f6 \/ pakkaus vaarallisten j\u00e4tteiden tai erityiseen ker\u00e4yspisteeseen.<\/p>\n<p><strong>Pakkaus:<\/strong><br \/>\n500 ml muovisumutetta<br \/>\n1000 ml muovipullo<br \/>\n5000 ml muovis\u00e4ili\u00f6<br \/>\n25 lit. muovis\u00e4ili\u00f6<br \/>\n200 lit. metalli tynnyri YK<br \/>\n500 lit. YK-kontti<br \/>\n1000 lit. YK-kontti<br \/>\nIrtotavarana<\/p>\n<p><strong>varastointi:<\/strong><br \/>\nVarastoi tuotetta l\u00e4mp\u00f6tilassa +5 \u00b0 C &#8211; 35 \u00b0 C ja \u00e4l\u00e4 altista sit\u00e4 suoralle auringonvalolle.<\/p>\n<p>Koostumus: 100 g tuotetta sis\u00e4lt\u00e4\u00e4: Etanolia 66,5 g (vaikuttava aine), Isopropanolia 7 g (vaikuttava aine)<\/p>\n<p>Fysikaaliset ominaisuudet:<br \/>\nTiheys: 0,85 g \/ cm3 + -0,01 l\u00e4mp\u00f6tilassa 20\u00b0 C<br \/>\nV\u00e4ri: kirkas, v\u00e4rit\u00f6n neste<\/p>\n","protected":false},"excerpt":{"rendered":"<p>MasterChem IE80 on universaali desinfiointiaine pinnoille ja tiloille. Se on uusi tuote, joka on kehitetty erityisell\u00e4 kaavalla torjumaan pintaviruksia ja bakteereja.<br \/>\nMasterChem tarjoaa yleisi\u00e4 desinfiointiaineita esineille ja pinnoille. Desinfioi, hajua, puhdistaa ja poistaa aktiivisesti rasvaa, ei vaahtoa, ei tarvitse huuhtelua.<br \/>\nMasterChem IE80 tarjoaa kattavan suojan t\u00e4rkeimpi\u00e4 sieni\u00e4, homeita ja infektioita aiheuttavia bakteereja vastaan.<br \/>\nOminaisuuksiensa vuoksi MasterChem IE80 soveltuu erityisen hyvin sairaaloihin, julkisiin tiloihin, kuntosaleihin ja sosiaalisiin kokoontumisiin. Yleiseen ja ammattik\u00e4ytt\u00f6\u00f6n.<\/p>\n<p><img loading=\"lazy\" decoding=\"async\" class=\"size-full wp-image-7977 alignleft\" src=\"https:\/\/masterchem.ee\/wp-content\/uploads\/2020\/03\/attention.jpg\" alt=\"\" width=\"106\" height=\"106\" srcset=\"https:\/\/masterchem.ee\/wp-content\/uploads\/2020\/03\/attention.jpg 106w, https:\/\/masterchem.ee\/wp-content\/uploads\/2020\/03\/attention-100x100.jpg 100w\" sizes=\"auto, (max-width: 106px) 100vw, 106px\" \/><img loading=\"lazy\" decoding=\"async\" class=\"size-full wp-image-7989 alignleft\" src=\"https:\/\/masterchem.ee\/wp-content\/uploads\/2020\/03\/flamable.jpg\" alt=\"\" width=\"106\" height=\"106\" srcset=\"https:\/\/masterchem.ee\/wp-content\/uploads\/2020\/03\/flamable.jpg 106w, https:\/\/masterchem.ee\/wp-content\/uploads\/2020\/03\/flamable-100x100.jpg 100w\" sizes=\"auto, (max-width: 106px) 100vw, 106px\" \/><\/p>\n","protected":false},"featured_media":7942,"template":"","meta":[],"product_brand":[],"product_cat":[180,109,115,266,117,120,118,119,153,114,122,154,152,227],"product_tag":[],"class_list":{"0":"post-5073","1":"product","2":"type-product","3":"status-publish","4":"has-post-thumbnail","6":"product_cat-uncategorized-fi-2","7":"product_cat-anti-jaatymisnesteet","8":"product_cat-auton-ja-koneiden-kemikaalit","9":"product_cat-desinfiointiaineet","10":"product_cat-kotitalouskemikaalit","11":"product_cat-laaketeollisuus","12":"product_cat-metallikemikaalit","13":"product_cat-pakkaus","14":"product_cat-puunjalostuskemikaalit","15":"product_cat-rakennusteollisuus","16":"product_cat-teollisuuskemikaalit","17":"product_cat-tien-maalaus","18":"product_cat-tipografiset-kemikaalit","19":"product_cat-uncategorised-fi","20":"pif-has-gallery","22":"first","23":"instock","24":"taxable","25":"shipping-taxable","26":"purchasable","27":"product-type-variable","28":"has-default-attributes"},"yoast_head":"<!-- This site is optimized with the Yoast SEO plugin v26.2 - https:\/\/yoast.com\/wordpress\/plugins\/seo\/ -->\n<title>MasterChem IE80 desinfiointiaine - Chemistry For Industry - Solvents &amp; Chemicals - Masterchem.ee<\/title>\n<meta name=\"description\" content=\"MasterChem tarjoaa monipuolisia desinfiointiaineita esineille ja pinnoille: Desinfioi, desodoroi, puhdistaa ja poistaa aktiivisesti rasvat aktiivisesti vaahdottamatta. Erityinen kaava, eritt\u00e4in keskittynyt Tarjoaa kattavan suojan t\u00e4rkeimpi\u00e4 sieni\u00e4, homeita ja bakteereja vastaan, jotka aiheuttavat infektioita.\" \/>\n<meta name=\"robots\" content=\"index, follow, max-snippet:-1, max-image-preview:large, max-video-preview:-1\" \/>\n<link rel=\"canonical\" href=\"https:\/\/masterchem.ee\/fi\/tooted-ja-teenused\/masterchem-ie80-desinfiointiaine\/\" \/>\n<meta name=\"twitter:card\" content=\"summary_large_image\" \/>\n<meta name=\"twitter:title\" content=\"MasterChem IE80 desinfiointiaine - Chemistry For Industry - Solvents &amp; Chemicals - Masterchem.ee\" \/>\n<meta name=\"twitter:description\" content=\"MasterChem tarjoaa monipuolisia desinfiointiaineita esineille ja pinnoille: Desinfioi, desodoroi, puhdistaa ja poistaa aktiivisesti rasvat aktiivisesti vaahdottamatta. Erityinen kaava, eritt\u00e4in keskittynyt Tarjoaa kattavan suojan t\u00e4rkeimpi\u00e4 sieni\u00e4, homeita ja bakteereja vastaan, jotka aiheuttavat infektioita.\" \/>\n<meta name=\"twitter:image\" content=\"https:\/\/masterchem.ee\/wp-content\/uploads\/2020\/02\/MasterChem-IE80-disinfectant-5l-MaterChem-1.jpg\" \/>\n<meta name=\"twitter:label1\" content=\"Arvioitu lukuaika\" \/>\n\t<meta name=\"twitter:data1\" content=\"1 minuutti\" \/>\n<script type=\"application\/ld+json\" class=\"yoast-schema-graph\">{\"@context\":\"https:\/\/schema.org\",\"@graph\":[{\"@type\":\"WebPage\",\"@id\":\"https:\/\/masterchem.ee\/fi\/tooted-ja-teenused\/masterchem-ie80-desinfiointiaine\/\",\"url\":\"https:\/\/masterchem.ee\/fi\/tooted-ja-teenused\/masterchem-ie80-desinfiointiaine\/\",\"name\":\"MasterChem IE80 desinfiointiaine - Chemistry For Industry - Solvents &amp; Chemicals - Masterchem.ee\",\"isPartOf\":{\"@id\":\"https:\/\/masterchem.ee\/fi\/#website\"},\"primaryImageOfPage\":{\"@id\":\"https:\/\/masterchem.ee\/fi\/tooted-ja-teenused\/masterchem-ie80-desinfiointiaine\/#primaryimage\"},\"image\":{\"@id\":\"https:\/\/masterchem.ee\/fi\/tooted-ja-teenused\/masterchem-ie80-desinfiointiaine\/#primaryimage\"},\"thumbnailUrl\":\"https:\/\/masterchem.ee\/wp-content\/uploads\/2020\/02\/MasterChem-IE80-disinfectant-5l-MaterChem-1.jpg\",\"datePublished\":\"2020-02-29T09:36:40+00:00\",\"dateModified\":\"2021-06-27T08:03:54+00:00\",\"description\":\"MasterChem tarjoaa monipuolisia desinfiointiaineita esineille ja pinnoille: Desinfioi, desodoroi, puhdistaa ja poistaa aktiivisesti rasvat aktiivisesti vaahdottamatta. Erityinen kaava, eritt\u00e4in keskittynyt Tarjoaa kattavan suojan t\u00e4rkeimpi\u00e4 sieni\u00e4, homeita ja bakteereja vastaan, jotka aiheuttavat infektioita.\",\"breadcrumb\":{\"@id\":\"https:\/\/masterchem.ee\/fi\/tooted-ja-teenused\/masterchem-ie80-desinfiointiaine\/#breadcrumb\"},\"inLanguage\":\"fi\",\"potentialAction\":[{\"@type\":\"ReadAction\",\"target\":[\"https:\/\/masterchem.ee\/fi\/tooted-ja-teenused\/masterchem-ie80-desinfiointiaine\/\"]}]},{\"@type\":\"ImageObject\",\"inLanguage\":\"fi\",\"@id\":\"https:\/\/masterchem.ee\/fi\/tooted-ja-teenused\/masterchem-ie80-desinfiointiaine\/#primaryimage\",\"url\":\"https:\/\/masterchem.ee\/wp-content\/uploads\/2020\/02\/MasterChem-IE80-disinfectant-5l-MaterChem-1.jpg\",\"contentUrl\":\"https:\/\/masterchem.ee\/wp-content\/uploads\/2020\/02\/MasterChem-IE80-disinfectant-5l-MaterChem-1.jpg\",\"width\":700,\"height\":700,\"caption\":\"MasterChem IE80 desinfiointiaine 5L\"},{\"@type\":\"BreadcrumbList\",\"@id\":\"https:\/\/masterchem.ee\/fi\/tooted-ja-teenused\/masterchem-ie80-desinfiointiaine\/#breadcrumb\",\"itemListElement\":[{\"@type\":\"ListItem\",\"position\":1,\"name\":\"Home\",\"item\":\"https:\/\/masterchem.ee\/fi\/\"},{\"@type\":\"ListItem\",\"position\":2,\"name\":\"Tooted ja teenused\",\"item\":\"https:\/\/masterchem.ee\/tooted-ja-teenused\/\"},{\"@type\":\"ListItem\",\"position\":3,\"name\":\"MasterChem IE80 desinfiointiaine\"}]},{\"@type\":\"WebSite\",\"@id\":\"https:\/\/masterchem.ee\/fi\/#website\",\"url\":\"https:\/\/masterchem.ee\/fi\/\",\"name\":\"Masterchem.ee\",\"description\":\"Chemistry For Industry - Solvents &amp; Chemicals\",\"publisher\":{\"@id\":\"https:\/\/masterchem.ee\/fi\/#organization\"},\"potentialAction\":[{\"@type\":\"SearchAction\",\"target\":{\"@type\":\"EntryPoint\",\"urlTemplate\":\"https:\/\/masterchem.ee\/fi\/?s={search_term_string}\"},\"query-input\":{\"@type\":\"PropertyValueSpecification\",\"valueRequired\":true,\"valueName\":\"search_term_string\"}}],\"inLanguage\":\"fi\"},{\"@type\":\"Organization\",\"@id\":\"https:\/\/masterchem.ee\/fi\/#organization\",\"name\":\"Masterchem\",\"url\":\"https:\/\/masterchem.ee\/fi\/\",\"logo\":{\"@type\":\"ImageObject\",\"inLanguage\":\"fi\",\"@id\":\"https:\/\/masterchem.ee\/fi\/#\/schema\/logo\/image\/\",\"url\":\"https:\/\/masterchem.ee\/wp-content\/uploads\/2018\/02\/master-chem_final-1.png\",\"contentUrl\":\"https:\/\/masterchem.ee\/wp-content\/uploads\/2018\/02\/master-chem_final-1.png\",\"width\":850,\"height\":356,\"caption\":\"Masterchem\"},\"image\":{\"@id\":\"https:\/\/masterchem.ee\/fi\/#\/schema\/logo\/image\/\"}}]}<\/script>\n<!-- \/ Yoast SEO plugin. -->","yoast_head_json":{"title":"MasterChem IE80 desinfiointiaine - Chemistry For Industry - Solvents &amp; Chemicals - Masterchem.ee","description":"MasterChem tarjoaa monipuolisia desinfiointiaineita esineille ja pinnoille: Desinfioi, desodoroi, puhdistaa ja poistaa aktiivisesti rasvat aktiivisesti vaahdottamatta. Erityinen kaava, eritt\u00e4in keskittynyt Tarjoaa kattavan suojan t\u00e4rkeimpi\u00e4 sieni\u00e4, homeita ja bakteereja vastaan, jotka aiheuttavat infektioita.","robots":{"index":"index","follow":"follow","max-snippet":"max-snippet:-1","max-image-preview":"max-image-preview:large","max-video-preview":"max-video-preview:-1"},"canonical":"https:\/\/masterchem.ee\/fi\/tooted-ja-teenused\/masterchem-ie80-desinfiointiaine\/","twitter_card":"summary_large_image","twitter_title":"MasterChem IE80 desinfiointiaine - Chemistry For Industry - Solvents &amp; Chemicals - Masterchem.ee","twitter_description":"MasterChem tarjoaa monipuolisia desinfiointiaineita esineille ja pinnoille: Desinfioi, desodoroi, puhdistaa ja poistaa aktiivisesti rasvat aktiivisesti vaahdottamatta. Erityinen kaava, eritt\u00e4in keskittynyt Tarjoaa kattavan suojan t\u00e4rkeimpi\u00e4 sieni\u00e4, homeita ja bakteereja vastaan, jotka aiheuttavat infektioita.","twitter_image":"https:\/\/masterchem.ee\/wp-content\/uploads\/2020\/02\/MasterChem-IE80-disinfectant-5l-MaterChem-1.jpg","twitter_misc":{"Arvioitu lukuaika":"1 minuutti"},"schema":{"@context":"https:\/\/schema.org","@graph":[{"@type":"WebPage","@id":"https:\/\/masterchem.ee\/fi\/tooted-ja-teenused\/masterchem-ie80-desinfiointiaine\/","url":"https:\/\/masterchem.ee\/fi\/tooted-ja-teenused\/masterchem-ie80-desinfiointiaine\/","name":"MasterChem IE80 desinfiointiaine - Chemistry For Industry - Solvents &amp; Chemicals - Masterchem.ee","isPartOf":{"@id":"https:\/\/masterchem.ee\/fi\/#website"},"primaryImageOfPage":{"@id":"https:\/\/masterchem.ee\/fi\/tooted-ja-teenused\/masterchem-ie80-desinfiointiaine\/#primaryimage"},"image":{"@id":"https:\/\/masterchem.ee\/fi\/tooted-ja-teenused\/masterchem-ie80-desinfiointiaine\/#primaryimage"},"thumbnailUrl":"https:\/\/masterchem.ee\/wp-content\/uploads\/2020\/02\/MasterChem-IE80-disinfectant-5l-MaterChem-1.jpg","datePublished":"2020-02-29T09:36:40+00:00","dateModified":"2021-06-27T08:03:54+00:00","description":"MasterChem tarjoaa monipuolisia desinfiointiaineita esineille ja pinnoille: Desinfioi, desodoroi, puhdistaa ja poistaa aktiivisesti rasvat aktiivisesti vaahdottamatta. Erityinen kaava, eritt\u00e4in keskittynyt Tarjoaa kattavan suojan t\u00e4rkeimpi\u00e4 sieni\u00e4, homeita ja bakteereja vastaan, jotka aiheuttavat infektioita.","breadcrumb":{"@id":"https:\/\/masterchem.ee\/fi\/tooted-ja-teenused\/masterchem-ie80-desinfiointiaine\/#breadcrumb"},"inLanguage":"fi","potentialAction":[{"@type":"ReadAction","target":["https:\/\/masterchem.ee\/fi\/tooted-ja-teenused\/masterchem-ie80-desinfiointiaine\/"]}]},{"@type":"ImageObject","inLanguage":"fi","@id":"https:\/\/masterchem.ee\/fi\/tooted-ja-teenused\/masterchem-ie80-desinfiointiaine\/#primaryimage","url":"https:\/\/masterchem.ee\/wp-content\/uploads\/2020\/02\/MasterChem-IE80-disinfectant-5l-MaterChem-1.jpg","contentUrl":"https:\/\/masterchem.ee\/wp-content\/uploads\/2020\/02\/MasterChem-IE80-disinfectant-5l-MaterChem-1.jpg","width":700,"height":700,"caption":"MasterChem IE80 desinfiointiaine 5L"},{"@type":"BreadcrumbList","@id":"https:\/\/masterchem.ee\/fi\/tooted-ja-teenused\/masterchem-ie80-desinfiointiaine\/#breadcrumb","itemListElement":[{"@type":"ListItem","position":1,"name":"Home","item":"https:\/\/masterchem.ee\/fi\/"},{"@type":"ListItem","position":2,"name":"Tooted ja teenused","item":"https:\/\/masterchem.ee\/tooted-ja-teenused\/"},{"@type":"ListItem","position":3,"name":"MasterChem IE80 desinfiointiaine"}]},{"@type":"WebSite","@id":"https:\/\/masterchem.ee\/fi\/#website","url":"https:\/\/masterchem.ee\/fi\/","name":"Masterchem.ee","description":"Chemistry For Industry - Solvents &amp; Chemicals","publisher":{"@id":"https:\/\/masterchem.ee\/fi\/#organization"},"potentialAction":[{"@type":"SearchAction","target":{"@type":"EntryPoint","urlTemplate":"https:\/\/masterchem.ee\/fi\/?s={search_term_string}"},"query-input":{"@type":"PropertyValueSpecification","valueRequired":true,"valueName":"search_term_string"}}],"inLanguage":"fi"},{"@type":"Organization","@id":"https:\/\/masterchem.ee\/fi\/#organization","name":"Masterchem","url":"https:\/\/masterchem.ee\/fi\/","logo":{"@type":"ImageObject","inLanguage":"fi","@id":"https:\/\/masterchem.ee\/fi\/#\/schema\/logo\/image\/","url":"https:\/\/masterchem.ee\/wp-content\/uploads\/2018\/02\/master-chem_final-1.png","contentUrl":"https:\/\/masterchem.ee\/wp-content\/uploads\/2018\/02\/master-chem_final-1.png","width":850,"height":356,"caption":"Masterchem"},"image":{"@id":"https:\/\/masterchem.ee\/fi\/#\/schema\/logo\/image\/"}}]}},"_links":{"self":[{"href":"https:\/\/masterchem.ee\/fi\/wp-json\/wp\/v2\/product\/5073","targetHints":{"allow":["GET"]}}],"collection":[{"href":"https:\/\/masterchem.ee\/fi\/wp-json\/wp\/v2\/product"}],"about":[{"href":"https:\/\/masterchem.ee\/fi\/wp-json\/wp\/v2\/types\/product"}],"wp:featuredmedia":[{"embeddable":true,"href":"https:\/\/masterchem.ee\/fi\/wp-json\/wp\/v2\/media\/7942"}],"wp:attachment":[{"href":"https:\/\/masterchem.ee\/fi\/wp-json\/wp\/v2\/media?parent=5073"}],"wp:term":[{"taxonomy":"product_brand","embeddable":true,"href":"https:\/\/masterchem.ee\/fi\/wp-json\/wp\/v2\/product_brand?post=5073"},{"taxonomy":"product_cat","embeddable":true,"href":"https:\/\/masterchem.ee\/fi\/wp-json\/wp\/v2\/product_cat?post=5073"},{"taxonomy":"product_tag","embeddable":true,"href":"https:\/\/masterchem.ee\/fi\/wp-json\/wp\/v2\/product_tag?post=5073"}],"curies":[{"name":"wp","href":"https:\/\/api.w.org\/{rel}","templated":true}]}}